{"id":80879,"date":"2026-01-27T08:35:58","date_gmt":"2026-01-27T14:35:58","guid":{"rendered":"https:\/\/www.oceaneering.com\/?page_id=80879"},"modified":"2026-04-24T02:45:41","modified_gmt":"2026-04-24T07:45:41","slug":"momentum-electric-rov","status":"publish","type":"page","link":"https:\/\/www.oceaneering.com\/pt\/rov-services\/rov-systems\/momentum-electric-rov\/","title":{"rendered":"ROV el\u00e9trico Momentum"},"content":{"rendered":"<a href=\"https:\/\/www.oceaneering.com\/pt\/rov-services\/#contact\" target=\"_self\">\n\t\t\t\t\t\t\tDiscutir um projeto\n\t\t\t\t\t<\/a>\n\t\tSISTEMAS DE ROV\n<h1>\n\t\tROV el\u00e9trico Momentum\n\t<\/h1>\n\t<p>Permita opera\u00e7\u00f5es submarinas cont\u00ednuas com um ROV de classe de trabalho com propuls\u00e3o el\u00e9trica de \u00faltima gera\u00e7\u00e3o, projetado para confiabilidade de longo prazo.<\/p>\n\t\t\t<a href=\"https:\/\/oceaneering.canto.com\/direct\/video\/utvmas1i9h1uh9kb9v8e0eko74\/cCkQqrLU-pZ8buI8tpjGSyquyEY\/original?content-type=video%2Fmp4\" target=\"_self\">\n\t\t\t\t\t\t\tAssista ao v\u00eddeo\n\t\t\t<\/a>\n\t<meta itemprop=\"name\" content=\"Explore the Momentum\u2122 Electric ROV in Action\" \/><meta itemprop=\"description\" content=\"Take a 360\u2011degree look at the Momentum\u2122 Electric ROV, highlighting its advanced camera and sensor suite, plug\u2011and\u2011play architecture, and resident\u2011ready design enabling up to 30 days of maintenance\u2011free subsea operations.\" \/><meta itemprop=\"uploadDate\" content=\"2026-03-04\" \/><meta itemprop=\"thumbnailUrl\" content=\"https:\/\/www.oceaneering.com\/wp-content\/uploads\/2026\/03\/Momentum_ROV_Thumbnail_Sans-text-copy.webp\" \/><meta itemprop=\"contentUrl\" content=\"https:\/\/oceaneering.canto.com\/direct\/video\/utvmas1i9h1uh9kb9v8e0eko74\/cCkQqrLU-pZ8buI8tpjGSyquyEY\/original?content-type=video%2Fmp4\" \/><meta itemprop=\"embedUrl\" content=\"https:\/\/oceaneering.canto.com\/direct\/video\/utvmas1i9h1uh9kb9v8e0eko74\/cCkQqrLU-pZ8buI8tpjGSyquyEY\/original?content-type=video%2Fmp4\" \/>\t\n<h2>\n\t\tO futuro se move eletricamente \n\t<\/h2>\n\t<p>The next-generation work class Momentum\u2122 Electric ROV is a major leap forward in underwater performance and the future of ROV technology. Developed using insights drawn from millions of operational hours across our global ROV fleet, the system delivers the power, control, and flexibility required to operate in the world&#8217;s most demanding subsea environments.<\/p>\n<h2>\n\t\tDesempenho criado para opera\u00e7\u00f5es submarinas cont\u00ednuas\n\t<\/h2>\n<h3>\n\t\tResid\u00eancia submarina de 30 dias sem manuten\u00e7\u00e3o\n\t<\/h3>\n\t<p>Opere submarinamente por at\u00e9 30 dias sem manuten\u00e7\u00e3o ou recupera\u00e7\u00e3o.<\/p>\n<h3>\n\t\t45% Menor consumo de energia\n\t<\/h3>\n\t<p>Reduzir a demanda geral de energia em at\u00e9 45% por meio de propuls\u00e3o el\u00e9trica.<\/p>\n<h3>\n\t\tSubstitui\u00e7\u00e3o de iPEM Plug-and-Play em 1 hora\n\t<\/h3>\n\t<p>Permitir a troca r\u00e1pida de sensores, ferramentas e subsistemas plug-and-play em uma hora.<\/p>\n<h3>\n\t\t100% Capacidade de classe de trabalho \n\t<\/h3>\n\t<p>Fornecer desempenho total de empuxo, eleva\u00e7\u00e3o e carga \u00fatil de classe de trabalho.<\/p>\n<h2>\n\t\tA energia inteligente impulsiona a efici\u00eancia operacional\n\t<\/h2>\n\t<p>Projetado para o futuro das opera\u00e7\u00f5es submarinas, o Momentum\u2122 Electric ROV integra um sistema de energia inteligente constru\u00eddo em uma arquitetura de propuls\u00e3o el\u00e9trica simplificada, eliminando o sistema hidr\u00e1ulico no n\u00edvel do ve\u00edculo para aumentar o tempo de atividade e permitir a implanta\u00e7\u00e3o submarina de longo prazo.<\/p>\n<h3>\n\t\tFa\u00e7a o download do folheto\n\t<\/h3>\n\t\t\t<a href=\"https:\/\/oceaneering.canto.com\/download\/document\/vmls7l76317m7cf6i678ri7j03\/original.pdf\" target=\"_blank\" rel=\"noopener\">\n\t\t\t\t\t\t\tROV el\u00e9trico Momentum\n\t\t\t\t\t<\/a>\n<h2>\n\t\tPrincipais recursos  \n\t<\/h2>\n\t<p>O ROV el\u00e9trico Momentum\u2122 combina resid\u00eancia submarina estendida, desempenho de classe de trabalho el\u00e9trico e uma arquitetura simplificada para dar suporte a campanhas offshore mais longas e previs\u00edveis.<\/p>\n\t\t\t<h3>Compatibilidade com vers\u00f5es anteriores<\/h3>\n\t\t\t<ul><li>Mant\u00e9m a compatibilidade com os sistemas Millennium\u00ae Plus ROV<\/li><li>Aproveita as amarras existentes, os sistemas de gerenciamento de amarras, os umbilicais e os sistemas de lan\u00e7amento e recupera\u00e7\u00e3o (LARS)<\/li><li>Permite uma r\u00e1pida transi\u00e7\u00e3o para a capacidade el\u00e9trica com o m\u00ednimo de tempo de inatividade<\/li><\/ul>\n\t\t\t<h3>Desempenho da classe de trabalho <\/h3>\n\t\t\t<ul><li>Realiza IMR, pesquisa, constru\u00e7\u00e3o e suporte de perfura\u00e7\u00e3o<\/li><li>Oferece impulso, eleva\u00e7\u00e3o e capacidade de carga \u00fatil superiores<\/li><li>Fornece pot\u00eancia e controle para opera\u00e7\u00f5es offshore exigentes<\/li><\/ul>\n\t\t\t<h3>Benef\u00edcios ambientais <\/h3>\n\t\t\t<ul><li>Redu\u00e7\u00e3o da exposi\u00e7\u00e3o associada a vazamentos de componentes hidr\u00e1ulicos<\/li><li>Supports environmental\u00a0and Petroleum Operations Notice 1 (PON1) requirements<\/li><\/ul>\n\t\t\t<h3>Arquitetura modular  <\/h3>\n\t\t\t<ul><li>Integra\u00e7\u00e3o de sensores e ferramentas plug-and-play<\/li><li>Projetado para opera\u00e7\u00f5es remotas 24 horas por dia, 7 dias por semana e implementa\u00e7\u00e3o escalon\u00e1vel<\/li><\/ul>\n\t<h2>\n\t\tSistemas visuais e de controle prontos para automa\u00e7\u00e3o\n\t<\/h2>\n\t<p>Aprimore a consci\u00eancia situacional e a automa\u00e7\u00e3o por meio de sistemas integrados de c\u00e2mera HD, navega\u00e7\u00e3o e tecnologias de pilotagem para controle submarino preciso e pilotagem avan\u00e7ada de ROVs.<\/p>\n<ul>\n<li>Vis\u00e3o avan\u00e7ada de 360 graus<\/li>\n<li>Posicionamento din\u00e2mico submarino agn\u00f3stico de sensor<\/li>\n<li>C\u00e2meras HD est\u00e9reo voltadas para a frente que permitem visualiza\u00e7\u00e3o e automa\u00e7\u00e3o avan\u00e7adas<\/li>\n<li>Pilotagem automatizada com controle estabilizado de rumo, profundidade, inclina\u00e7\u00e3o e tr\u00e2nsito<\/li>\n<\/ul>\n\t\t\t\t<img loading=\"lazy\" decoding=\"async\" src=\"https:\/\/www.oceaneering.com\/wp-content\/uploads\/2026\/02\/Momemtum_artwork-copy2.webp\" alt=\"Oceaneering Momentum Electric ROV with four callouts and zoomed images displaying its camera and sensor systems\" itemprop=\"image\" height=\"1062\" width=\"1806\" title=\"Momemtum_artwork copy2\" onerror=\"this.style.display='none'\"  \/>\n<h2>\n\t\tExplore o ROV el\u00e9trico Momentum\u2122 em a\u00e7\u00e3o\n\t<\/h2>\n\t<p>D\u00ea uma olhada em 360 graus no ROV el\u00e9trico Momentum\u2122, destacando seu conjunto avan\u00e7ado de c\u00e2meras e sensores, arquitetura plug-and-play e design pronto para resid\u00eancia, permitindo at\u00e9 30 dias de opera\u00e7\u00f5es submarinas sem manuten\u00e7\u00e3o.<\/p>\n\t<meta itemprop=\"name\" content=\"Explore the Momentum\u2122 Electric ROV in Action\" \/><meta itemprop=\"description\" content=\"  Take a 360\u2011degree look at the Momentum\u2122 Electric ROV, highlighting its advanced camera and sensor suite, plug\u2011and\u2011play architecture, and resident\u2011ready design enabling up to 30 days of maintenance\u2011free subsea operations.\" \/><meta itemprop=\"uploadDate\" content=\"2026-03-04\" \/><meta itemprop=\"thumbnailUrl\" content=\"https:\/\/www.oceaneering.com\/wp-content\/uploads\/2026\/03\/Momentum-Rov-Thumbnail-1-v2.jpg\" \/><meta itemprop=\"contentUrl\" content=\"https:\/\/oceaneering.canto.com\/direct\/video\/utvmas1i9h1uh9kb9v8e0eko74\/cCkQqrLU-pZ8buI8tpjGSyquyEY\/original?content-type=video%2Fmp4\" \/><meta itemprop=\"embedUrl\" content=\"https:\/\/oceaneering.canto.com\/direct\/video\/utvmas1i9h1uh9kb9v8e0eko74\/cCkQqrLU-pZ8buI8tpjGSyquyEY\/original?content-type=video%2Fmp4\" \/>\t\n\t\t\t<img decoding=\"async\" src=\"https:\/\/www.oceaneering.com\/wp-content\/uploads\/2026\/03\/Momentum_ROV_Thumbnail_Sans-text-copy.webp\" title=\"Momentum_ROV_Thumbnail_Sans text copy\" alt=\"Momentum\u2122 Electric Work Class ROV video poster.\" \/>\t\t\t\t\t\t\t\n\t\t\t\t\tReproduzir v\u00eddeo\n<h2>\n\t\tPerguntas frequentes\n\t<\/h2>\n\t<p>Explore as perguntas frequentes sobre o Momentum\u2122 Electric ROV, um ROV el\u00e9trico de classe de trabalho grande, projetado para opera\u00e7\u00f5es submarinas de alto empuxo, integra\u00e7\u00e3o plug-and-play, risco ambiental reduzido e uso cont\u00ednuo com a infraestrutura existente do Millennium\u00ae Plus ROV.<\/p>\n\t\t\t\t\t\t<h5>Como o Momentum\u2122 ROV \u00e9 diferente dos ROVs tradicionais?<\/h5>\n\t\t\t<p>The\u202fMomentum\u2122 Electric ROV is a work class ROV (WROV) that\u202fuses electric propulsion and plug-and-play architecture to deliver high thrust, long dive times, and fewer failure points than\u202fwith traditional hydraulic components.\u202f<\/p>\n\t\t\t\t\t\t<h5>Preciso investir em um novo topside e em um sistema de lan\u00e7amento e recupera\u00e7\u00e3o? <\/h5>\n\t\t\t<p>N\u00e3o. O Momentum\u2122 Electric ROV foi projetado para ser compat\u00edvel com as instala\u00e7\u00f5es existentes do Millennium\u00ae ROV, exigindo apenas uma retermina\u00e7\u00e3o do cabo do ROV para alternar entre os dois <a href=\"https:\/\/www.oceaneering.com\/pt\/rov-services\/rov-systems\/\">Sistemas de ROV<\/a>.<\/p>\n\t\t\t\t\t\t<h5>Ele pode funcionar com nossos sistemas topside existentes?<\/h5>\n\t\t\t<p>Sim. O ROV el\u00e9trico Momentum\u2122 foi projetado para uma atualiza\u00e7\u00e3o r\u00e1pida dos ROVs existentes. <a href=\"https:\/\/www.oceaneering.com\/pt\/products\/millennium-plus-rov\/\">Sistemas Millennium\u00ae ROV<\/a> usando o cabo, a gaiola, o umbilical e o sistema de lan\u00e7amento e recupera\u00e7\u00e3o (LARS) existentes. As salas de controle tamb\u00e9m ser\u00e3o atualizadas para proporcionar uma melhor experi\u00eancia ao piloto.<\/p>\n\t\t\t\t\t\t<h5>O que \u00e9 integra\u00e7\u00e3o plug-and-play?<\/h5>\n\t\t\t<p>Nossos iPEMs permitem a substitui\u00e7\u00e3o de componentes em uma hora e a instala\u00e7\u00e3o de novos sensores e ferramentas sem a necessidade de fia\u00e7\u00e3o ou reconfigura\u00e7\u00e3o demoradas.<\/p>\n\t\t\t\t\t\t<h5>Para quais miss\u00f5es ele \u00e9 mais adequado?<\/h5>\n\t\t\t<p>The vehicle&#8217;s greater thrust, stability, and situational awareness support operations in challenging conditions such as high current, low visibility, and congested subsea environments. Plug-and-play electrical interfaces and rapid skid exchange increase availability and efficiency for multi-task campaigns. Designed for customers accustomed to Millennium\u00ae ROV power, it is well suited for extended-duration dives, environmentally regulated regions, and demanding intervention and IMR work requiring stable station-keeping and precise control for valve operations, hot-stab work, torque tooling, and close-proximity interaction.<\/p>\n\t\t\t\t\t\t<h5>Quando ele estar\u00e1 dispon\u00edvel comercialmente?<\/h5>\n\t\t\t<p>O Momentum\u2122 Electric ROV est\u00e1 passando por testes cont\u00ednuos de resist\u00eancia em um tanque de testes e em testes offshore de 2024 a 2026. O ROV estar\u00e1 dispon\u00edvel comercialmente em um navio OII no GOM em 2026.<\/p>\n\t\t\t\t\t\t<h5>Como o ROV el\u00e9trico Momentum\u2122 reduz o risco ambiental?<\/h5>\n\t\t\t<p>By minimizing hydraulic components, using electric propulsion, and drawing 45% less power than traditional systems, the\u202fMomentum\u2122 Electric ROV\u202freduces vessel emissions, lowers the risk of fluid leaks, and supports compliance with offshore environmental regulations.\u202f<\/p>\n\t\t\t\t\t\t<h5>O ROV el\u00e9trico Momentum\u2122 pode atender \u00e0 conformidade com a API 53 para o fechamento do Blowout Preventer (BOP)?<\/h5>\n\t\t\t<p>Sim. Um skid de bombeamento de BOP dedicado estar\u00e1 dispon\u00edvel, projetado especificamente para fechar os cilindros de BOP em total conformidade com os requisitos da API 53 (American Petroleum Institute Standard 53).<\/p>\n\t\t\t\t\t\t<h5>O Momentum\u2122 Electric ROV usa uma gaiola el\u00e9trica?<\/h5>\n\t\t\t<p>O ROV Momentum\u2122 Electric \u00e9 totalmente compat\u00edvel com a gaiola hidr\u00e1ulica existente e com os sistemas de gerenciamento de cabos (TMSs) estilo tophat. No entanto, os clientes que buscam uma solu\u00e7\u00e3o totalmente el\u00e9trica podem solicitar a integra\u00e7\u00e3o com uma gaiola totalmente el\u00e9trica para se alinhar a requisitos operacionais ou ambientais espec\u00edficos.<\/p>\n\t\t\t\t\t\t<h5>O trocador de ferramentas do sistema Omnio\u2122 est\u00e1 inclu\u00eddo no ROV el\u00e9trico Momentum\u2122?<\/h5>\n\t\t\t<p>O Momentum\u2122 Electric ROV foi projetado para se integrar ao Omnio\u2122 System Tool Changer. No entanto, esse trocador de ferramentas tamb\u00e9m \u00e9 compat\u00edvel com os ROVs hidr\u00e1ulicos existentes para uma maior flexibilidade operacional.<\/p>\n\t\t\t\t\t\t<h5>H\u00e1 algum componente hidr\u00e1ulico no ROV el\u00e9trico Momentum\u2122?<\/h5>\n\t\t\t<p>Sim. Uma unidade de pot\u00eancia hidr\u00e1ulica (HPU) est\u00e1 inclu\u00edda para operar os manipuladores e dar suporte ao ferramental hidr\u00e1ulico fornecido pelo cliente. Em configura\u00e7\u00f5es futuras,<a href=\"https:\/\/www.oceaneering.com\/pt\/omnio-system\/\">Ferramental Omnio\u2122<\/a> e manipuladores el\u00e9tricos eliminar\u00e3o totalmente a necessidade de sistemas hidr\u00e1ulicos.<\/p>\n\t\t\t\t\t\t<h5>O ROV el\u00e9trico Momentum\u2122 pode ser implantado a partir de um sistema de gerenciamento de cabo (TMS) do tipo tophat?<\/h5>\n\t\t\t<p>Sim. O ve\u00edculo \u00e9 configur\u00e1vel para uso com um TMS do tipo tophat, permitindo flexibilidade na implanta\u00e7\u00e3o com base na infraestrutura e nos requisitos operacionais do cliente.<\/p>\n\t\t\t<a href=\"#contact\" target=\"_self\">\n\t\t\t\t\t\t\tTem mais perguntas? Entre em contato conosco.\n\t\t\t<\/a>\n<h2>\n\t\tEntre em contato conosco\n\t<\/h2>\n<h3>\n\t\tNossa equipe de especialistas est\u00e1 pronta para ajud\u00e1-lo a come\u00e7ar.\n\t<\/h3>\n\t<p>A Oceaneering oferece os melhores produtos e solu\u00e7\u00f5es da categoria, respaldados por qualidade, confiabilidade e suporte global inigual\u00e1veis. Preencha o formul\u00e1rio de consulta para iniciar uma conversa hoje mesmo.<\/p>","protected":false},"excerpt":{"rendered":"<p>Discuss a Project ROV SYSTEMS Momentum\u2122 Electric ROV Enable continuous subsea operations with a next-generation electric propulsion work class ROV engineered for long-term reliability. Watch Video The Future Moves Electric The next-generation work class Momentum\u2122 Electric ROV is a major leap forward in underwater performance and the future of ROV technology. Developed using insights drawn &#8230; <a title=\"ROV el\u00e9trico Momentum\" class=\"read-more\" href=\"https:\/\/www.oceaneering.com\/pt\/rov-services\/rov-systems\/momentum-electric-rov\/\" aria-label=\"Read more about Momentum\u2122 Electric ROV\">Leia mais<\/a><\/p>","protected":false},"author":25,"featured_media":0,"parent":61151,"menu_order":0,"comment_status":"closed","ping_status":"closed","template":"","meta":{"_acf_changed":false,"footnotes":"","_links_to":"","_links_to_target":""},"product_category":[1181],"search_tags":[1363],"class_list":["post-80879","page","type-page","status-publish","product_category-remotely-operated-vehicles-rovs","search_tags-rov"],"acf":[],"aioseo_notices":[],"_links":{"self":[{"href":"https:\/\/www.oceaneering.com\/pt\/wp-json\/wp\/v2\/pages\/80879","targetHints":{"allow":["GET"]}}],"collection":[{"href":"https:\/\/www.oceaneering.com\/pt\/wp-json\/wp\/v2\/pages"}],"about":[{"href":"https:\/\/www.oceaneering.com\/pt\/wp-json\/wp\/v2\/types\/page"}],"author":[{"embeddable":true,"href":"https:\/\/www.oceaneering.com\/pt\/wp-json\/wp\/v2\/users\/25"}],"replies":[{"embeddable":true,"href":"https:\/\/www.oceaneering.com\/pt\/wp-json\/wp\/v2\/comments?post=80879"}],"version-history":[{"count":86,"href":"https:\/\/www.oceaneering.com\/pt\/wp-json\/wp\/v2\/pages\/80879\/revisions"}],"predecessor-version":[{"id":82708,"href":"https:\/\/www.oceaneering.com\/pt\/wp-json\/wp\/v2\/pages\/80879\/revisions\/82708"}],"up":[{"embeddable":true,"href":"https:\/\/www.oceaneering.com\/pt\/wp-json\/wp\/v2\/pages\/61151"}],"wp:attachment":[{"href":"https:\/\/www.oceaneering.com\/pt\/wp-json\/wp\/v2\/media?parent=80879"}],"wp:term":[{"taxonomy":"product_category","embeddable":true,"href":"https:\/\/www.oceaneering.com\/pt\/wp-json\/wp\/v2\/product_category?post=80879"},{"taxonomy":"search_tags","embeddable":true,"href":"https:\/\/www.oceaneering.com\/pt\/wp-json\/wp\/v2\/search_tags?post=80879"}],"curies":[{"name":"wp","href":"https:\/\/api.w.org\/{rel}","templated":true}]}}