{"id":80322,"date":"2025-12-16T02:10:27","date_gmt":"2025-12-16T08:10:27","guid":{"rendered":"https:\/\/www.oceaneering.com\/?page_id=80322"},"modified":"2025-12-17T07:28:41","modified_gmt":"2025-12-17T13:28:41","slug":"subsea-xmas-tree-repair-in-situ","status":"publish","type":"page","link":"https:\/\/www.oceaneering.com\/pt\/subsea-xmas-tree-repair-in-situ\/","title":{"rendered":"Reparo da \u00e1rvore de Natal submarina in situ. N\u00e3o \u00e9 necess\u00e1rio retirar a \u00e1rvore."},"content":{"rendered":"Solu\u00e7\u00f5es de engenharia submarina\n<h1>\n\t\tReparo da \u00e1rvore de Natal submarina in situ. N\u00e3o \u00e9 necess\u00e1rio retirar a \u00e1rvore. \n\t<\/h1>\n\t<p>Quando uma \u00e1rvore de Natal submarina precisa de reparos, pux\u00e1-la para a costa n\u00e3o \u00e9 sua \u00fanica op\u00e7\u00e3o. Nossos especialistas oferecem solu\u00e7\u00f5es de engenharia personalizadas, reparando ou contornando problemas exatamente onde eles ocorrem, eliminando a necessidade de recuperar o equipamento.<\/p>\n\t\t\t<a href=\"#contact\" target=\"_self\">\n\t\t\t\t\t\t\tEntre em contato conosco\n\t\t\t\t\t<\/a>\n<h2>\n\t\tFazemos com que seus ativos voltem a produzir. Rapidamente.\n\t<\/h2>\n\t<p>Our teams deliver proven engineered solutions wherever you operate. Unparalleled expertise enables us to solve your most complex subsea repair challenges, from subsea trees and manifolds to control lines and distribution systems. We get you back online faster and safely, helping you avoid costly downtime. With a proven global track record, we&#8217;ve tackled more than 800 subsea repair scopes.<\/p>\n<h3>\n\t\tReduzir o tempo de restaura\u00e7\u00e3o\n\t<\/h3>\n\t<p>Evite a perda de produ\u00e7\u00e3o associada \u00e0 recupera\u00e7\u00e3o total da \u00e1rvore e ao trabalho de reparo da \u00e1rvore de Natal em terra.<\/p>\n<h3>\n\t\tSolu\u00e7\u00f5es submarinas completas e prontas para uso \n\t<\/h3>\n\t<p>Suporte completo ao ciclo de vida do projeto, desde o diagn\u00f3stico e a engenharia at\u00e9 a fabrica\u00e7\u00e3o, os testes e a execu\u00e7\u00e3o offshore.<\/p>\n<h3>\n\t\tPegada global com presen\u00e7a local \n\t<\/h3>\n\t<p>Nossas equipes est\u00e3o prontas para responder com suporte l\u00edder do setor, onde quer que suas \u00e1rvores de Natal sejam instaladas.<\/p>\n<h3>\n\t\tAbordagem de seguran\u00e7a em primeiro lugar \n\t<\/h3>\n\t<p>A interven\u00e7\u00e3o operada por ROV reduz o risco operacional e elimina a necessidade de mergulhadores.<\/p>\n<h2>\n\t\tPronto para manter sua \u00e1rvore de Natal longe da praia?\n\t<\/h2>\n\n\t\tConecte-se com a nossa equipe de Solu\u00e7\u00f5es de Engenharia para definir o escopo do seu reparo ou bypass e colocar um plano em a\u00e7\u00e3o. \n\t\n\t\t\t<a href=\"#contact\" target=\"_self\">\n\t\t\t\t\t\t\tAssine hoje\n\t\t\t<\/a>\n<h2>\n\t\tPerguntas frequentes\n\t<\/h2>\n\t<p>Problemas com sua \u00e1rvore submarina? Respondemos \u00e0s perguntas frequentes abaixo para fornecer respostas claras e pr\u00e1ticas sobre os desafios que enfrentamos, como os corrigimos e os padr\u00f5es que orientam nosso trabalho.<\/p>\n\t\t\t\t\t\t<h5>Que tipos de problemas de \u00e1rvore de Natal submarina voc\u00ea resolve? Que componentes podem ser reparados ou substitu\u00eddos?<\/h5>\n\t\t\t<p>Resolvemos uma ampla gama de problemas, incluindo vazamentos na linha de controle, atuadores com falhas, v\u00e1lvulas danificadas, problemas de conectores e remo\u00e7\u00e3o ou substitui\u00e7\u00e3o da tampa da \u00e1rvore. Nossa equipe tamb\u00e9m oferece solu\u00e7\u00f5es de bypass projetadas para falhas complexas, garantindo que seus ativos submarinos continuem produtivos.<\/p>\n\t\t\t\t\t\t<h5>Como voc\u00ea garante que a solu\u00e7\u00e3o projetada funcionar\u00e1 no exterior?<\/h5>\n\t\t\t<p>We focus on minimizing risk through onshore proving. Ninety percent of the work happens before going offshore-diagnosis, engineering, simulation, and testing ensure smooth, issue-free offshore execution.<\/p>\n\t\t\t\t\t\t<h5>Como o seu processo de reparo de \u00e1rvores submarinas minimiza o tempo de inatividade e os custos?<\/h5>\n\t\t\t<p>Our in-situ, diverless approach means repairs are performed offshore using ROV-compatible tooling-no need to retrieve equipment to shore. This reduces schedule risk, vessel days, and overall costs, getting your production back online faster.<\/p>\n\t\t\t\t\t\t<h5>\u00c9 poss\u00edvel restaurar todas as fun\u00e7\u00f5es hidr\u00e1ulicas e de controle da minha \u00e1rvore submarina?<\/h5>\n\t\t\t<p>Sim. Nossas solu\u00e7\u00f5es s\u00e3o projetadas para restabelecer todas as fun\u00e7\u00f5es hidr\u00e1ulicas e de controle necess\u00e1rias, seja por meio de reparo direto, substitui\u00e7\u00e3o de componentes ou bypass projetado. Trabalhamos com voc\u00ea para priorizar as fun\u00e7\u00f5es que mais importam para suas opera\u00e7\u00f5es.<\/p>\n\t\t\t\t\t\t<h5>Voc\u00ea pode adaptar suas ferramentas para diferentes tamanhos e configura\u00e7\u00f5es de \u00e1rvores?<\/h5>\n\t\t\t<p>Sim. Nosso conjunto abrangente de ferramentas de reparo submarino pode ser rapidamente modificado para se adequar a v\u00e1rios tamanhos de \u00e1rvores e tipos de atuadores, garantindo um retorno r\u00e1pido e tempo m\u00ednimo de inatividade para a sua opera\u00e7\u00e3o.<\/p>\n\t\t\t\t\t\t<h5>Voc\u00eas oferecem servi\u00e7os de reparo de \u00e1rvores submarinas prontos para uso?<\/h5>\n\t\t\t<p>Absolutely. We manage every step-from diagnosis and engineering to fabrication, testing, and offshore installation. Our global fleet and local teams ensure rapid mobilization and seamless project delivery.<\/p>\n\t\t\t<a href=\"#contact\" target=\"_self\">\n\t\t\t\t\t\t\tTem mais perguntas? Entre em contato conosco.\n\t\t\t<\/a>\n\t\t\t\t\t\t\t\t\t<h3>Hist\u00f3rias reais de sucesso no reparo de \u00e1rvores submarinas<\/h3>\n\t\t\t\t\t\t\t\t\t<p>Explore how we have successfully solved our customers&#8217; most challenging subsea tree issues.   <\/p>\n\t\t\t\t\t\t<a href=\"https:\/\/www.oceaneering.com\/pt\/resources\/?_content_types=case-study\" target=\"_self\">\n\t\t\t\t\t\t\t\tVer todos os estudos de caso\t\t\t\t\t\t\t\n\t\t\t\t\t\t\t\t\t\t\t\t\t<\/a>\n\t\t\t\t\t\t<button>\n\t\t\t\t\t\t\tAnterior\n\t\t\t\t\t\t<\/button>\n\t\t\t\t\t\t<button>\n\t\t\t\t\t\t\tPr\u00f3ximo\n\t\t\t\t\t\t<\/button>\n\t\t\t\t\t\t\t<a href=\"https:\/\/www.oceaneering.com\/pt\/case-studies\/delivering-intervention-solutions-for-water-injection-trees-offshore-west-africa\/\">\n\t\t\t\t\t\t\t\t\t\t<img decoding=\"async\" src=\"https:\/\/www.oceaneering.com\/wp-content\/uploads\/2024\/12\/Oceaneering-equipment-being-deployed.png\" alt=\"\"\/>\n\t\t\t\t\t\t\t\t\t\t<h3>Fornecimento de solu\u00e7\u00f5es de interven\u00e7\u00e3o para \u00e1rvores de inje\u00e7\u00e3o de \u00e1gua na costa oeste da \u00c1frica<\/h3>\n\t\t\t\t\t\t\t\t\t\t<h3>Fornecimento de solu\u00e7\u00f5es de interven\u00e7\u00e3o para \u00e1rvores de inje\u00e7\u00e3o de \u00e1gua na costa oeste da \u00c1frica<\/h3>\n\t\t\t\t\t\t\t\t\t\t\t\t\t\t\t\t\t\t\t\t\t<p>In late 2021, a major operator identified a failure of the diverter block blind flange on two&#8230;<\/p>\n\t\t\t\t\t\t\t\t\t\t\tSaiba mais\n\t\t\t\t\t\t\t<\/a>\n\t\t\t\t\t\t\t<a href=\"https:\/\/www.oceaneering.com\/pt\/case-studies\/bespoke-plem-repair-tooling-suite-enables-intervention-to-restore-production\/\">\n\t\t\t\t\t\t\t\t\t\t<img decoding=\"async\" src=\"https:\/\/www.oceaneering.com\/wp-content\/uploads\/2024\/02\/Cutting-Guide-on-PLEM.png\" alt=\"Cutting Guide on PLEM\"\/>\n\t\t\t\t\t\t\t\t\t\t<h3>Conjunto de ferramentas de reparo de PLEM sob medida permite a interven\u00e7\u00e3o para restaurar a produ\u00e7\u00e3o<\/h3>\n\t\t\t\t\t\t\t\t\t\t<h3>Conjunto de ferramentas de reparo de PLEM sob medida permite a interven\u00e7\u00e3o para restaurar a produ\u00e7\u00e3o<\/h3>\n\t\t\t\t\t\t\t\t\t\t\t\t\t\t\t\t\t\t\t\t\t<p>In early 2023, Oceaneering was contracted by a major Gulf of Mexico operator to provide a fast-track&#8230;<\/p>\n\t\t\t\t\t\t\t\t\t\t\tSaiba mais\n\t\t\t\t\t\t\t<\/a>\n\t\t\t\t\t\t\t<a href=\"https:\/\/www.oceaneering.com\/pt\/case-studies\/oceaneering-addresses-stuck-valves-and-restores-production-for-okea\/\">\n\t\t\t\t\t\t\t\t\t\t<img decoding=\"async\" src=\"https:\/\/www.oceaneering.com\/wp-content\/uploads\/2023\/11\/OKEA-featured-1.jpeg\" alt=\"\"\/>\n\t\t\t\t\t\t\t\t\t\t<h3>A Oceaneering resolve o problema das v\u00e1lvulas emperradas e restaura a produ\u00e7\u00e3o da OKEA<\/h3>\n\t\t\t\t\t\t\t\t\t\t<h3>A Oceaneering resolve o problema das v\u00e1lvulas emperradas e restaura a produ\u00e7\u00e3o da OKEA<\/h3>\n\t\t\t\t\t\t\t\t\t\t\t\t\t\t\t\t\t\t\t\t\t<p>In October 2020, Norwegian operator OKEA approached Oceaneering seeking a solution to address four stuck actuators located&#8230;<\/p>\n\t\t\t\t\t\t\t\t\t\t\tSaiba mais\n\t\t\t\t\t\t\t<\/a>\n\n\t\tEntre em contato conosco\n\t\n<h2>\n\t\tNossa equipe de especialistas est\u00e1 pronta para ajud\u00e1-lo a come\u00e7ar.\n\t<\/h2>\n\t<p>A Oceaneering oferece os melhores produtos e solu\u00e7\u00f5es da categoria, respaldados por qualidade, confiabilidade e suporte global inigual\u00e1veis. Preencha o formul\u00e1rio de consulta para iniciar uma conversa hoje mesmo.<\/p>","protected":false},"excerpt":{"rendered":"<p>Subsea Engineered Solutions Subsea Xmas Tree Repair In-Situ. No Retrieval Required. When a subsea Xmas tree needs repair, pulling it to shore is not your only option. Our experts deliver tailored engineered solutions, repairing or bypassing issues right where they happen, eliminating the need to recover equipment. Contact us We Get Your Assets Producing Again. &#8230; <a title=\"Reparo da \u00e1rvore de Natal submarina in situ. N\u00e3o \u00e9 necess\u00e1rio retirar a \u00e1rvore.\" class=\"read-more\" href=\"https:\/\/www.oceaneering.com\/pt\/subsea-xmas-tree-repair-in-situ\/\" aria-label=\"Read more about Subsea Xmas Tree Repair In-Situ. No Retrieval Required.\">Leia mais<\/a><\/p>","protected":false},"author":25,"featured_media":0,"parent":0,"menu_order":0,"comment_status":"closed","ping_status":"closed","template":"","meta":{"_acf_changed":false,"footnotes":"","_links_to":"","_links_to_target":""},"product_category":[],"search_tags":[],"class_list":["post-80322","page","type-page","status-publish"],"acf":[],"aioseo_notices":[],"_links":{"self":[{"href":"https:\/\/www.oceaneering.com\/pt\/wp-json\/wp\/v2\/pages\/80322","targetHints":{"allow":["GET"]}}],"collection":[{"href":"https:\/\/www.oceaneering.com\/pt\/wp-json\/wp\/v2\/pages"}],"about":[{"href":"https:\/\/www.oceaneering.com\/pt\/wp-json\/wp\/v2\/types\/page"}],"author":[{"embeddable":true,"href":"https:\/\/www.oceaneering.com\/pt\/wp-json\/wp\/v2\/users\/25"}],"replies":[{"embeddable":true,"href":"https:\/\/www.oceaneering.com\/pt\/wp-json\/wp\/v2\/comments?post=80322"}],"version-history":[{"count":30,"href":"https:\/\/www.oceaneering.com\/pt\/wp-json\/wp\/v2\/pages\/80322\/revisions"}],"predecessor-version":[{"id":80442,"href":"https:\/\/www.oceaneering.com\/pt\/wp-json\/wp\/v2\/pages\/80322\/revisions\/80442"}],"wp:attachment":[{"href":"https:\/\/www.oceaneering.com\/pt\/wp-json\/wp\/v2\/media?parent=80322"}],"wp:term":[{"taxonomy":"product_category","embeddable":true,"href":"https:\/\/www.oceaneering.com\/pt\/wp-json\/wp\/v2\/product_category?post=80322"},{"taxonomy":"search_tags","embeddable":true,"href":"https:\/\/www.oceaneering.com\/pt\/wp-json\/wp\/v2\/search_tags?post=80322"}],"curies":[{"name":"wp","href":"https:\/\/api.w.org\/{rel}","templated":true}]}}