{"id":79504,"date":"2025-10-30T07:20:37","date_gmt":"2025-10-30T12:20:37","guid":{"rendered":"https:\/\/www.oceaneering.com\/?page_id=79504"},"modified":"2025-11-03T04:00:03","modified_gmt":"2025-11-03T10:00:03","slug":"centralizing-your-integrity-workflow","status":"publish","type":"page","link":"https:\/\/www.oceaneering.com\/pt\/asset-integrity-management\/combining-engineering-data-and-visualization\/centralizing-your-integrity-workflow\/","title":{"rendered":"Centralizando seu fluxo de trabalho de integridade"},"content":{"rendered":"<p><a href=\"\/pt\/asset-integrity\/#contact\" target=\"_self\"> Discutir um projeto <\/a> INFORM\u2122 Asset Integrity Management Software<\/p>\r\n<h1>Centralizando seu fluxo de trabalho de integridade<\/h1>\r\n<p>Simplifique o gerenciamento da integridade dos ativos com um sistema unificado criado para rastreabilidade e controle.<\/p>\r\n<h2>A base para decis\u00f5es mais inteligentes<\/h2>\r\n<p>A integridade n\u00e3o \u00e9 opcional. Ela \u00e9 essencial. Dados dispersos e sistemas desconectados continuam a retardar as decis\u00f5es cr\u00edticas. \u00c9 por isso que as organiza\u00e7\u00f5es confiam no Inform\u2122, um conjunto de software de integridade modular configur\u00e1vel que centraliza os fluxos de trabalho de inspe\u00e7\u00e3o digital, o rastreamento de anomalias e o planejamento baseado em riscos em uma fonte governada da verdade.<\/p>\r\n<p>Como parte de nossa plataforma de Gerenciamento de Ativos Digitais, o Inform\u2122 fortalece seus programas de gerenciamento de integridade.<\/p>\r\n<p><img loading=\"lazy\" decoding=\"async\" title=\"INFORM-RBI-Software_1st-pg copy\" src=\"https:\/\/www.oceaneering.com\/wp-content\/uploads\/2025\/10\/INFORM-RBI-Software_1st-pg-copy.webp\" alt=\"INFORM-RBI-Software_1st-pg copy\" width=\"1920\" height=\"1080\" \/><\/p>\r\n<h3>Melhorar a efici\u00eancia e a supervis\u00e3o<\/h3>\r\n<p>Elimine os silos, acelere os processos de tomada de decis\u00e3o e digitalize a coleta de dados e os relat\u00f3rios.<\/p>\r\n<!-- CTA -->\r\n<h3>Obtenha prontid\u00e3o para auditoria e rastreabilidade total<\/h3>\r\n<p>Assegure-se de que todas as inspe\u00e7\u00f5es e decis\u00f5es sejam documentadas para uma completa defesa de auditoria.<\/p>\r\n<!-- CTA -->\r\n<h3>Resolver a escassez de m\u00e3o de obra e os atrasos na manuten\u00e7\u00e3o<\/h3>\r\n<p>Usar a automa\u00e7\u00e3o para melhor empregar a equipe dispon\u00edvel e eliminar os atrasos na manuten\u00e7\u00e3o.<\/p>\r\n<!-- CTA -->\r\n<h3>Aumente o tempo de atividade e a produtividade<\/h3>\r\n<p>Melhore a utiliza\u00e7\u00e3o e a disponibilidade dos ativos, reduza o tempo de inatividade e diminua as despesas relacionadas \u00e0 inspe\u00e7\u00e3o.<\/p>\r\n<!-- CTA -->\r\n<h2>Criado para a precis\u00e3o. Projetado para o desempenho.<\/h2>\r\n<p>O Inform\u2122 oferece controle que voc\u00ea pode medir e responsabilidade em que voc\u00ea pode confiar. Os dados permanecem preservados e as decis\u00f5es permanecem rastre\u00e1veis. Com a confian\u00e7a dos setores de energia offshore, GNL, refino, petroqu\u00edmica, midstream, servi\u00e7os p\u00fablicos e ind\u00fastria pesada, o Inform\u2122 \u00e9 a sua base para integridade, conformidade e excel\u00eancia operacional.<\/p>\r\n<p>Configure e dimensione com prop\u00f3sito<\/p>\r\n<h2>Inform\u2122 Asset Integrity Management Software<\/h2>\r\n<p>A integridade dos ativos evolui. Sua tecnologia deve evoluir com ela. O Inform\u2122 lhe d\u00e1 a flexibilidade de come\u00e7ar com os recursos de integridade de que voc\u00ea precisa hoje e expandir quando estiver pronto. Escale m\u00f3dulo por m\u00f3dulo ou desbloqueie todo o poder de uma solu\u00e7\u00e3o combinada.<\/p>\r\n<h5>Sistema de Inspe\u00e7\u00e3o Digital Inform\u2122<\/h5>\r\n<p>Transforme a captura e o gerenciamento de dados de inspe\u00e7\u00e3o usando uma plataforma segura e baseada em dispositivos m\u00f3veis.<\/p>\r\n<h5>Software Inform\u2122 de Inspe\u00e7\u00e3o Baseada em Risco (RBI)<\/h5>\r\n<p>Priorize com base na probabilidade e nas consequ\u00eancias, e n\u00e3o na rotina, usando uma l\u00f3gica configur\u00e1vel.<\/p>\r\n<h5>Inform\u2122 Anomaly Management Software<\/h5>\r\n<p>Aproveite a visualiza\u00e7\u00e3o em 3D para capturar e rastrear anomalias por meio do fluxo de trabalho projetado.<\/p>\r\n<h5>Software Inform\u2122 Predictive Analytics<\/h5>\r\n<p>Avalie e preveja antecipadamente as tend\u00eancias de degrada\u00e7\u00e3o para evitar paradas e, ao mesmo tempo, vincule-se ao Asset Data Register para obter visibilidade total da hierarquia.<\/p>\r\n<p><img decoding=\"async\" src=\"https:\/\/www.oceaneering.com\/wp-content\/plugins\/bb-ultimate-addon\/modules\/uabb-devices\/includes\/svg\/desktop.svg\" alt=\"uabb-device-desktop\" \/> <img decoding=\"async\" src=\"https:\/\/www.oceaneering.com\/wp-content\/plugins\/bb-ultimate-addon\/modules\/uabb-devices\/includes\/svg\/window.svg\" alt=\"uabb-device-window\" \/> Software de visualiza\u00e7\u00e3o de dados 3D Vision\u2122<\/p>\r\n<h2>Expanda sua vis\u00e3o<\/h2>\r\n<p>Comece com o Inform\u2122 como seu n\u00facleo e aprimore-o com o Vision\u2122 para visualiza\u00e7\u00e3o de dados em 3D de seu ativo. O Vision\u2122 e o InformTM integram-se perfeitamente para fortalecer suas opera\u00e7\u00f5es com contexto visual, proporcionando clareza mensur\u00e1vel que melhora o planejamento e transforma a tomada de decis\u00f5es.<\/p>\r\n<h5>Vision\u2122 Topside<\/h5>\r\n<p>Aplique a digitaliza\u00e7\u00e3o baseada em laser para obter clareza 3D mensur\u00e1vel acima da superf\u00edcie, melhorando o planejamento da inspe\u00e7\u00e3o.<\/p>\r\n<h5>Vision\u2122 Subsea<\/h5>\r\n<p>Capture a infraestrutura subaqu\u00e1tica com ROV e varreduras de fotogrametria para uma visualiza\u00e7\u00e3o precisa da integridade.<\/p>\r\n<p><a href=\"https:\/\/www.oceaneering.com\/pt\/visualizing-3d-data-for-asset-integrity\/\" target=\"_self\"> Saiba mais <\/a><\/p>\r\n<h2>Perguntas frequentes<\/h2>\r\n<p>Whether you&#8217;re starting to digitize asset integrity or upgrading from a different solution, we&#8217;re here to support you. Explore frequently asked questions about the Inform\u2122 AIM Software.<\/p>\r\n<h5>O que \u00e9 o Inform\u2122?<\/h5>\r\n<p>O Inform\u2122 \u00e9 uma plataforma de software de gerenciamento de integridade de ativos governados que re\u00fane tudo em um sistema controlado de registro. Seus m\u00f3dulos centralizam a hierarquia de ativos, a avalia\u00e7\u00e3o baseada em riscos, o gerenciamento de anomalias e a an\u00e1lise preditiva. Ele padroniza a execu\u00e7\u00e3o da integridade, rastreia as evid\u00eancias e imp\u00f5e a responsabilidade para que cada a\u00e7\u00e3o seja verificada e cada decis\u00e3o seja defens\u00e1vel.<\/p>\r\n<h5>O Inform\u2122 \u00e9 um substituto para planilhas e relat\u00f3rios manuais?<\/h5>\r\n<p>Sim. O Inform\u2122 elimina planilhas descontroladas e relat\u00f3rios isolados ao padronizar a inspe\u00e7\u00e3o digital e criar um registro controlado da atividade de integridade.<\/p>\r\n<h5>O Inform\u2122 suporta a inspe\u00e7\u00e3o baseada em riscos?<\/h5>\r\n<p>Sim. O Inform\u2122 inclui um mecanismo de inspe\u00e7\u00e3o modular baseado em riscos que calcula a probabilidade, a consequ\u00eancia e os resultados dos riscos para dar suporte a um planejamento de inspe\u00e7\u00e3o mais inteligente.<\/p>\r\n<h5>O Inform\u2122 inclui an\u00e1lise preditiva?<\/h5>\r\n<p>Sim. O Inform\u2122 fornece an\u00e1lise preditiva por meio de um m\u00f3dulo dedicado. O m\u00f3dulo identifica tend\u00eancias de degrada\u00e7\u00e3o antecipadamente para evitar paradas e se conecta ao Asset Data Register para obter visibilidade total da hierarquia. Ele tamb\u00e9m aplica modelos de aprendizado de m\u00e1quina a dados hist\u00f3ricos para otimizar os intervalos de inspe\u00e7\u00e3o e reduzir os custos.<\/p>\r\n<h5>O Inform\u2122 pode ser integrado ao Vision\u2122?<\/h5>\r\n<p>Sim. O Vision\u2122 pode ser integrado ao Inform\u2122 para fornecer visualiza\u00e7\u00e3o 3D e contexto de integridade mensur\u00e1vel para inspe\u00e7\u00f5es e anomalias em ativos, acima e abaixo da linha d'\u00e1gua e em terra.<\/p>\r\n<h5>O Vision\u2122 pode ser usado sem o Inform\u2122?<\/h5>\r\n<p>Sim. Ambos s\u00e3o aut\u00f4nomos. O Vision\u2122 pode ser implantado como uma solu\u00e7\u00e3o de visualiza\u00e7\u00e3o aut\u00f4noma e, posteriormente, integrado ao Inform\u2122 quando a governan\u00e7a de integridade for necess\u00e1ria.<\/p>\r\n<h5>Posso usar os m\u00f3dulos do Inform\u2122 separadamente?<\/h5>\r\n<p>Sim. O Inform\u2122 \u00e9 modular, portanto, voc\u00ea pode usar apenas os m\u00f3dulos necess\u00e1rios e adicionar outros posteriormente. Voc\u00ea pode come\u00e7ar com a inspe\u00e7\u00e3o digital, o gerenciamento de anomalias, a inspe\u00e7\u00e3o baseada em riscos ou a an\u00e1lise preditiva e expandi-los a qualquer momento.<\/p>\r\n<h5>O Inform\u2122 est\u00e1 dispon\u00edvel na nuvem?<\/h5>\r\n<p>Sim. O Inform\u2122 est\u00e1 dispon\u00edvel como uma implanta\u00e7\u00e3o segura na nuvem para atender aos seus requisitos de seguran\u00e7a e acesso \u00e0s informa\u00e7\u00f5es.<\/p>\r\n<h5>Quais setores usam o Inform\u2122?<\/h5>\r\n<p>O Inform\u2122 \u00e9 usado nos setores de energia offshore, GNL, refino, petroqu\u00edmica, midstream, servi\u00e7os p\u00fablicos, manufatura e outros setores com uso intensivo de ativos.<\/p>\r\n<h5>Como o Inform\u2122 melhora a prontid\u00e3o da auditoria?<\/h5>\r\n<p>O Inform\u2122 mant\u00e9m a rastreabilidade total de cada registro, incluindo o status de propriedade, as decis\u00f5es com registro de data e hora e fornece evid\u00eancias de apoio para uma defesa completa da auditoria.<\/p>\r\n<p><a href=\"#contact\" target=\"_self\"> Tem mais perguntas? Entre em contato conosco. <\/a> Entre em contato conosco<\/p>\r\n<h2>Nossa equipe de especialistas est\u00e1 pronta para ajud\u00e1-lo a come\u00e7ar.<\/h2>\r\n<p>A Oceaneering oferece os melhores produtos e solu\u00e7\u00f5es da categoria, respaldados por qualidade, confiabilidade e suporte global inigual\u00e1veis. Preencha o formul\u00e1rio de consulta para iniciar uma conversa hoje mesmo.<\/p>","protected":false},"excerpt":{"rendered":"<p>Discuss a Project INFORM\u2122 Asset Integrity Management Software Centralizing Your Integrity Workflow Simplify asset integrity management with a unified system built for traceability and control. The Foundation For Smarter Decisions Integrity is not optional. It is essential. Scattered data and disconnected systems continue to slow critical decisions. That is why organizations rely on Inform\u2122, a &#8230; <a title=\"Centralizando seu fluxo de trabalho de integridade\" class=\"read-more\" href=\"https:\/\/www.oceaneering.com\/pt\/asset-integrity-management\/combining-engineering-data-and-visualization\/centralizing-your-integrity-workflow\/\" aria-label=\"Read more about Centralizing Your Integrity Workflow\">Leia mais<\/a><\/p>","protected":false},"author":25,"featured_media":0,"parent":79333,"menu_order":0,"comment_status":"closed","ping_status":"closed","template":"","meta":{"_acf_changed":false,"footnotes":"","_links_to":"","_links_to_target":""},"product_category":[1205],"search_tags":[],"class_list":["post-79504","page","type-page","status-publish","product_category-asset-integrity-management"],"acf":[],"aioseo_notices":[],"_links":{"self":[{"href":"https:\/\/www.oceaneering.com\/pt\/wp-json\/wp\/v2\/pages\/79504","targetHints":{"allow":["GET"]}}],"collection":[{"href":"https:\/\/www.oceaneering.com\/pt\/wp-json\/wp\/v2\/pages"}],"about":[{"href":"https:\/\/www.oceaneering.com\/pt\/wp-json\/wp\/v2\/types\/page"}],"author":[{"embeddable":true,"href":"https:\/\/www.oceaneering.com\/pt\/wp-json\/wp\/v2\/users\/25"}],"replies":[{"embeddable":true,"href":"https:\/\/www.oceaneering.com\/pt\/wp-json\/wp\/v2\/comments?post=79504"}],"version-history":[{"count":55,"href":"https:\/\/www.oceaneering.com\/pt\/wp-json\/wp\/v2\/pages\/79504\/revisions"}],"predecessor-version":[{"id":81529,"href":"https:\/\/www.oceaneering.com\/pt\/wp-json\/wp\/v2\/pages\/79504\/revisions\/81529"}],"up":[{"embeddable":true,"href":"https:\/\/www.oceaneering.com\/pt\/wp-json\/wp\/v2\/pages\/79333"}],"wp:attachment":[{"href":"https:\/\/www.oceaneering.com\/pt\/wp-json\/wp\/v2\/media?parent=79504"}],"wp:term":[{"taxonomy":"product_category","embeddable":true,"href":"https:\/\/www.oceaneering.com\/pt\/wp-json\/wp\/v2\/product_category?post=79504"},{"taxonomy":"search_tags","embeddable":true,"href":"https:\/\/www.oceaneering.com\/pt\/wp-json\/wp\/v2\/search_tags?post=79504"}],"curies":[{"name":"wp","href":"https:\/\/api.w.org\/{rel}","templated":true}]}}