{"id":79372,"date":"2025-10-28T07:35:09","date_gmt":"2025-10-28T12:35:09","guid":{"rendered":"https:\/\/www.oceaneering.com\/?page_id=79372"},"modified":"2026-02-18T09:22:41","modified_gmt":"2026-02-18T15:22:41","slug":"visualizing-3d-data-for-asset-integrity","status":"publish","type":"page","link":"https:\/\/www.oceaneering.com\/pt\/asset-integrity-management\/combining-engineering-data-and-visualization\/visualizing-3d-data-for-asset-integrity\/","title":{"rendered":"Visualiza\u00e7\u00e3o de dados 3D para integridade de ativos"},"content":{"rendered":"<a href=\"\/pt\/asset-integrity\/#contact\" target=\"_self\">\n\t\t\t\t\t\t\tDiscutir um projeto\n\t\t\t\t\t<\/a>\n\t\tSoftware de visualiza\u00e7\u00e3o de dados 3D Vision\u2122\n<h1>\n\t\tVisualiza\u00e7\u00e3o de dados 3D para integridade de ativos\n\t<\/h1>\n\t<p>Transforme dados em decis\u00f5es com solu\u00e7\u00f5es de visualiza\u00e7\u00e3o 3D que combinam suas opera\u00e7\u00f5es topside e submarinas em um g\u00eameo digital conectado.<\/p>\n<h2>\n\t\tTrazer clareza \u00e0 complexidade\n\t<\/h2>\n\t<p>O Vision\u2122 conecta dados de topside e submarinos em uma vis\u00e3o hol\u00edstica e clara do ativo, ajudando as equipes a ver os problemas mais cedo e a agir mais rapidamente. Como parte de nossa plataforma Asset Integrity Management, o Vision\u2122 oferece visibilidade que economiza tempo, reduz custos e aumenta a confian\u00e7a em seu programa de integridade.<\/p>\n<h3>\n\t\tIntegridade medida \n\t<\/h3>\n\t<p>Precis\u00e3o de n\u00edvel de engenharia que d\u00e1 suporte \u00e0 tomada de decis\u00f5es.<\/p>\n<h3>\n\t\tInsight verificado \n\t<\/h3>\n\t<p>Dados que atendem \u00e0 conformidade reconhecida do setor.<\/p>\n<h3>\n\t\tGarantia certificada \n\t<\/h3>\n\t<p>Credenciamento em que voc\u00ea pode confiar para inspe\u00e7\u00f5es digitais.<\/p>\n<h2>\n\t\tProporcione confian\u00e7a em cada decis\u00e3o \n\t<\/h2>\n\t<p>Tome decis\u00f5es com confian\u00e7a, com o respaldo do l\u00edder do setor <a href=\"https:\/\/www.ukas.com\/resources\/resources\/soas-17020\/\" target=\"_blank\" rel=\"noopener\">UKAS ISO 17020<\/a> credenciamento para inspe\u00e7\u00e3o de topside. O software Vision\u2122 d\u00e1 suporte \u00e0 sua iniciativa de liquidar o atraso na inspe\u00e7\u00e3o com uma solu\u00e7\u00e3o em que voc\u00ea e o setor podem confiar.<\/p>\n\t\t\t\t<img loading=\"lazy\" decoding=\"async\" src=\"https:\/\/www.oceaneering.com\/wp-content\/uploads\/2025\/10\/Vision-on-desktop.webp\" alt=\"Vision interface showing pint cloud view of an asset.\" itemprop=\"image\" height=\"1535\" width=\"1920\" title=\"Vis\u00e3o na \u00e1rea de trabalho\" onerror=\"this.style.display='none'\"  \/>\n\t\t\t\t\t\t<h3>Cobertura total de ativos <\/h3>\n\t\t\t\t\t\t<p>Do conv\u00e9s da plataforma \u00e0 infraestrutura submarina.<\/p>\n\t\t\t\t\t\t<!-- CTA -->\n\t\t\t\t\t\t<h3>Implementa\u00e7\u00e3o baseada na nuvem<\/h3>\n\t\t\t\t\t\t<p>Seguro e dimension\u00e1vel para colabora\u00e7\u00e3o global.<\/p>\n\t\t\t\t\t\t<!-- CTA -->\n\t\t\t\t\t\t<h3>Pronto para auditoria<\/h3>\n\t\t\t\t\t\t<p>Demonstrar conformidade com decis\u00f5es rastre\u00e1veis.<\/p>\n\t\t\t\t\t\t<!-- CTA -->\n\t\t\t\t\t\t<h3>Perfis de risco<\/h3>\n\t\t\t\t\t\t<p>Converte dados de inspe\u00e7\u00e3o em insights 3D acion\u00e1veis.<\/p>\n\t\t\t\t\t\t<!-- CTA -->\n\t\t\t\t\t\t<h3>Refer\u00eancias geoespaciais<\/h3>\n\t\t\t\t\t\t<p>Dados posicionais precisos para cada ativo e localiza\u00e7\u00e3o de anomalia.<\/p>\n\t\t\t\t\t\t<!-- CTA -->\n<h2>\n\t\tCriado especificamente para o gerenciamento da integridade dos ativos\n\t<\/h2>\n\t<p>Projetado para garantir a integridade completa dos ativos, o Vision\u2122 conecta seus dados, em terra, no mar e submarinos. Ele permite inspe\u00e7\u00f5es passivas durante opera\u00e7\u00f5es simult\u00e2neas (SIMOPS), permitindo que a integridade seja avaliada sem interromper as campanhas em andamento.<\/p>\n<h2>\n\t\tDa vis\u00e3o \u00e0 verifica\u00e7\u00e3o\n\t<\/h2>\n\t<p>Veja seu ativo. Conhe\u00e7a seu risco. Seja dono de cada decis\u00e3o.<\/p>\n<h3>\n\t\tConstruindo com precis\u00e3o \n\t<\/h3>\n\t<p>Laser scan data &#8211; the foundation for every reliable digital asset.<\/p>\n<h3>\n\t\tIntelig\u00eancia de dados de integridade \n\t<\/h3>\n\t<p>Proporcionando clareza ao colocar em foco cada camada de integridade.<\/p>\n\t\t<img decoding=\"async\" src=\"https:\/\/www.oceaneering.com\/wp-content\/uploads\/2025\/10\/Lazer-scan-data.webp\" alt=\"Vision interface showing scan station view.\"\/>\n\t\t<img decoding=\"async\" src=\"https:\/\/www.oceaneering.com\/wp-content\/uploads\/2025\/10\/image-3-copy.webp\" alt=\"Vision interface showing 3D view with anomaly, equipment and test points tags displayed.\"\/>\n<h2>\n\t\tExplore Vision\u2122 para Topside e Subsea\n\t<\/h2>\n\t<p>Obtenha total visibilidade e confian\u00e7a em seus ativos.<\/p>\n\t\t\t\t\t<img decoding=\"async\" src=\"https:\/\/www.oceaneering.com\/wp-content\/plugins\/bb-ultimate-addon\/modules\/uabb-devices\/includes\/svg\/desktop.svg\" alt=\"uabb-device-desktop\" \/>\n<h3>\n\t\tVision\u2122 Topside\n\t<\/h3>\n\t<p>O Vision\u2122 Topside lhe d\u00e1 o poder de ver seu ativo com detalhes mensur\u00e1veis em 3D usando a digitaliza\u00e7\u00e3o a laser avan\u00e7ada. Os tomadores de decis\u00e3o que usam o Vision\u2122 Topside obt\u00eam uma vis\u00e3o mais profunda, recursos de planejamento mais fortes e melhorias mensur\u00e1veis de efici\u00eancia em campanhas de inspe\u00e7\u00e3o e atualiza\u00e7\u00e3o.<\/p>\n\t\t\t\t\t\t<h5>O que voc\u00ea pode fazer com o Vision\u2122 Topside?<\/h5>\n\t\t\t<ul>\n<li>Me\u00e7a com confian\u00e7a e capture a geometria perdida pelas inspe\u00e7\u00f5es visuais.<\/li>\n<li>Realizar inspe\u00e7\u00f5es visuais remotas e avalia\u00e7\u00f5es de condi\u00e7\u00f5es externas.<\/li>\n<li>Registre equipamentos e acesse dados de engenharia instantaneamente.<\/li>\n<li>Planeje com precis\u00e3o as atualiza\u00e7\u00f5es, auditorias e retrofits de brownfields.<\/li>\n<li>Apoiar desenvolvimentos tanto em \u00e1reas industriais abandonadas quanto em \u00e1reas verdes.<\/li>\n<li>Colabore remotamente e compartilhe modelos entre as equipes.<\/li>\n<li>Reduzir o retrabalho e o tempo de inatividade, validando os projetos antes da execu\u00e7\u00e3o.<\/li>\n<li>Crie um registro digital verific\u00e1vel que resista \u00e0 auditoria.<\/li>\n<\/ul>\n\t\t\t\t\t<img decoding=\"async\" src=\"https:\/\/www.oceaneering.com\/wp-content\/plugins\/bb-ultimate-addon\/modules\/uabb-devices\/includes\/svg\/desktop.svg\" alt=\"uabb-device-desktop\" \/>\n<h3>\n\t\tVision\u2122 Subsea\n\t<\/h3>\n\t<p>O Vision\u2122 Subsea transforma dados de nuvem de pontos coletados por ROVs de n\u00edvel de engenharia em uma vis\u00e3o mensur\u00e1vel e contextual da integridade de ativos submarinos. Reduza a exposi\u00e7\u00e3o, encurte as inspe\u00e7\u00f5es e economize custos por meio de um planejamento de campanha mais inteligente.<\/p>\n<p>Veja nossa <a href=\"https:\/\/www.oceaneering.com\/pt\/oceaneering-expands-vision-platform-with-subsea-module-for-engineering%e2%80%91grade-integrity-visualization\/\" target=\"_blank\" rel=\"noopener\">\u00daltimas not\u00edcias<\/a>.<\/p>\n\t\t\t\t\t\t<h5>O que voc\u00ea pode fazer com o Vision\u2122 Subsea?<\/h5>\n\t\t\t<ul>\n<li>Reduza as mobiliza\u00e7\u00f5es offshore monitorando e acompanhando remotamente a corros\u00e3o, as anomalias e os reparos.<\/li>\n<li>Realizar inspe\u00e7\u00e3o passiva durante opera\u00e7\u00f5es ao vivo.<\/li>\n<li>Verifique a mudan\u00e7a ao longo do tempo comparando os dados entre as campanhas para detectar os primeiros sinais de degrada\u00e7\u00e3o.<\/li>\n<li>Manter a conformidade e a confian\u00e7a.<\/li>\n<li>Capture dados de ativos para apoiar a tomada de decis\u00f5es robustas e reduzir a interven\u00e7\u00e3o.<\/li>\n<\/ul>\n<h2>\n\t\tPerguntas frequentes\n\t<\/h2>\n\t<p>Whether you&#8217;re starting to digitize asset integrity or upgrading from a different solution, we&#8217;re here to support you. Explore frequently asked questions about Vision\u2122.<\/p>\n\t\t\t\t\t\t<h5>Qual \u00e9 a diferen\u00e7a entre o Vision\u2122 e um g\u00eameo digital tradicional? <\/h5>\n\t\t\t<p>Os g\u00eameos digitais tradicionais replicam ativos em formato est\u00e1tico. O Vision\u2122 vai al\u00e9m, combinando automa\u00e7\u00e3o e visualiza\u00e7\u00e3o 3D para capturar dados de n\u00edvel de engenharia de suas opera\u00e7\u00f5es. Ele cria um registro visual contextualizado que revela mudan\u00e7as, fortalece os programas de integridade e oferece suporte a uma tomada de decis\u00e3o mais r\u00e1pida e confiante.<\/p>\n\t\t\t\t\t\t<h5>Quais s\u00e3o os tipos de dados de inspe\u00e7\u00e3o suportados pelo Vision\u2122?<\/h5>\n\t\t\t<p>O Vision\u2122 \u00e9 compat\u00edvel com uma ampla variedade de dados de inspe\u00e7\u00e3o, incluindo imagens capturadas por ROVs, v\u00eddeo estereosc\u00f3pico e nuvens de pontos baseadas em fotogrametria, al\u00e9m de modelos de engenharia 3D. Ao integrar todos esses dados, o Vision\u2122 oferece uma vis\u00e3o g\u00eamea digital completa dos ativos topside e submarinos para uma tomada de decis\u00e3o mais r\u00e1pida e orientada por dados.<\/p>\n\t\t\t\t\t\t<h5>Como o Vision\u2122 garante a conformidade e a prontid\u00e3o para auditoria?<\/h5>\n\t\t\t<p>O Vision\u2122 registra automaticamente cada altera\u00e7\u00e3o de registro, criando uma trilha de auditoria transparente e rastre\u00e1vel. Essa documenta\u00e7\u00e3o incorporada simplifica os relat\u00f3rios regulat\u00f3rios, fortalece a garantia de qualidade e assegura a conformidade total com os padr\u00f5es de integridade offshore.<\/p>\n\t\t\t\t\t\t<h5>O Vision\u2122 est\u00e1 dispon\u00edvel na nuvem?<\/h5>\n\t\t\t<p>Sim. O Vision\u2122 pode ser implantado com seguran\u00e7a na nuvem. A implanta\u00e7\u00e3o na nuvem permite acesso global, colabora\u00e7\u00e3o em tempo real e controles de seguran\u00e7a baseados em fun\u00e7\u00f5es para equipes que gerenciam ativos offshore e submarinos.<\/p>\n\t\t\t\t\t\t<h5>Quem se beneficia mais com o Vision\u2122?<\/h5>\n\t\t\t<p>Vision\u2122 is designed for energy operators, integrity engineers, inspection coordinators, and digital transformation leaders managing topside and subsea assets. It supports projects from brownfield upgrades to greenfield developments, helping reduce exposure, improve safety, and simplify asset integrity management.<\/p>\n\t\t\t\t\t\t<h5>Como o Vision\u2122 difere dos relat\u00f3rios de inspe\u00e7\u00e3o tradicionais?<\/h5>\n\t\t\t<p>Diferentemente dos relat\u00f3rios de inspe\u00e7\u00e3o est\u00e1ticos, o Vision\u2122 oferece um espa\u00e7o de trabalho interativo em 2D e 3D onde os usu\u00e1rios podem colaborar em tempo real, marcar anomalias e rastrear a condi\u00e7\u00e3o do ativo durante todo o ciclo de vida. Essa abordagem de g\u00eameos digitais transforma os dados de inspe\u00e7\u00e3o em insights acion\u00e1veis para o gerenciamento da integridade offshore.<\/p>\n\t\t\t\t\t\t<h5>O Vision\u2122 pode ser dimensionado em v\u00e1rios ativos offshore?<\/h5>\n\t\t\t<p>Sim. O Vision\u2122 \u00e9 dimensionado de uma \u00fanica plataforma para um portf\u00f3lio global, garantindo consist\u00eancia, visibilidade e refer\u00eancia geoespacial em todas as opera\u00e7\u00f5es. O Vision\u2122 pode ser usado at\u00e9 mesmo para melhorar o gerenciamento da integridade de ativos em terra.<\/p>\n\t\t\t\t\t\t<h5>Como o Vision\u2122 se integra ao Inform\u2122?<\/h5>\n\t\t\t<p>O Vision\u2122 conecta dados de inspe\u00e7\u00e3o espacial com nosso software de gerenciamento de integridade de ativos Inform\u2122. Juntos, eles combinam plataformas de visualiza\u00e7\u00e3o e an\u00e1lise para oferecer visibilidade completa, insights acion\u00e1veis e planejamento de manuten\u00e7\u00e3o baseado em risco em todos os ativos.<\/p>\n\t\t\t\t\t\t<h5>Quais setores usam o Vision?<\/h5>\n\t\t\t<p>O Vision\u2122 \u00e9 usado principalmente nos setores de energia offshore, petr\u00f3leo e g\u00e1s e renov\u00e1veis. No entanto, seus recursos de g\u00eameos digitais unificados podem beneficiar qualquer setor que gerencie infraestruturas complexas que exijam um gerenciamento de integridade seguro e eficiente.<\/p>\n\t\t\t<a href=\"#contact\" target=\"_self\">\n\t\t\t\t\t\t\tTem mais perguntas? Entre em contato conosco.\n\t\t\t<\/a>\n\n\t\tEntre em contato conosco\n\t\n<h2>\n\t\tNossa equipe de especialistas est\u00e1 pronta para ajud\u00e1-lo a come\u00e7ar.\n\t<\/h2>\n\t<p>A Oceaneering oferece os melhores produtos e solu\u00e7\u00f5es da categoria, respaldados por qualidade, confiabilidade e suporte global inigual\u00e1veis. Preencha o formul\u00e1rio de consulta para iniciar uma conversa hoje mesmo.<\/p>","protected":false},"excerpt":{"rendered":"<p>Discuss a Project Vision\u2122 3D Data Visualization Software Visualizing 3D Data for Asset Integrity Turn data into decisions with 3D visualization solutions that combine your topside and subsea operations into one connected digital twin. Bring Clarity to Complexity Vision\u2122 connects topside and subsea data into one clear holistic asset view, helping teams see issues sooner &#8230; <a title=\"Visualiza\u00e7\u00e3o de dados 3D para integridade de ativos\" class=\"read-more\" href=\"https:\/\/www.oceaneering.com\/pt\/asset-integrity-management\/combining-engineering-data-and-visualization\/visualizing-3d-data-for-asset-integrity\/\" aria-label=\"Read more about Visualizing 3D Data for Asset Integrity\">Leia mais<\/a><\/p>","protected":false},"author":25,"featured_media":0,"parent":79333,"menu_order":0,"comment_status":"closed","ping_status":"closed","template":"","meta":{"_acf_changed":false,"footnotes":"","_links_to":"","_links_to_target":""},"product_category":[1205],"search_tags":[],"class_list":["post-79372","page","type-page","status-publish","product_category-asset-integrity-management"],"acf":[],"aioseo_notices":[],"_links":{"self":[{"href":"https:\/\/www.oceaneering.com\/pt\/wp-json\/wp\/v2\/pages\/79372","targetHints":{"allow":["GET"]}}],"collection":[{"href":"https:\/\/www.oceaneering.com\/pt\/wp-json\/wp\/v2\/pages"}],"about":[{"href":"https:\/\/www.oceaneering.com\/pt\/wp-json\/wp\/v2\/types\/page"}],"author":[{"embeddable":true,"href":"https:\/\/www.oceaneering.com\/pt\/wp-json\/wp\/v2\/users\/25"}],"replies":[{"embeddable":true,"href":"https:\/\/www.oceaneering.com\/pt\/wp-json\/wp\/v2\/comments?post=79372"}],"version-history":[{"count":117,"href":"https:\/\/www.oceaneering.com\/pt\/wp-json\/wp\/v2\/pages\/79372\/revisions"}],"predecessor-version":[{"id":81089,"href":"https:\/\/www.oceaneering.com\/pt\/wp-json\/wp\/v2\/pages\/79372\/revisions\/81089"}],"up":[{"embeddable":true,"href":"https:\/\/www.oceaneering.com\/pt\/wp-json\/wp\/v2\/pages\/79333"}],"wp:attachment":[{"href":"https:\/\/www.oceaneering.com\/pt\/wp-json\/wp\/v2\/media?parent=79372"}],"wp:term":[{"taxonomy":"product_category","embeddable":true,"href":"https:\/\/www.oceaneering.com\/pt\/wp-json\/wp\/v2\/product_category?post=79372"},{"taxonomy":"search_tags","embeddable":true,"href":"https:\/\/www.oceaneering.com\/pt\/wp-json\/wp\/v2\/search_tags?post=79372"}],"curies":[{"name":"wp","href":"https:\/\/api.w.org\/{rel}","templated":true}]}}