{"id":79333,"date":"2025-10-27T06:12:06","date_gmt":"2025-10-27T11:12:06","guid":{"rendered":"https:\/\/www.oceaneering.com\/?page_id=79333"},"modified":"2026-02-26T06:09:58","modified_gmt":"2026-02-26T12:09:58","slug":"combining-engineering-data-and-visualization","status":"publish","type":"page","link":"https:\/\/www.oceaneering.com\/pt\/asset-integrity-management\/combining-engineering-data-and-visualization\/","title":{"rendered":"Combina\u00e7\u00e3o de dados de engenharia e visualiza\u00e7\u00e3o"},"content":{"rendered":"<a href=\"\/pt\/asset-integrity\/#contact\" target=\"_self\">\n\t\t\t\t\t\t\tDiscutir um projeto\n\t\t\t\t\t<\/a>\n<h1>\n\t\tGerenciamento da integridade de ativos digitais\n\t<\/h1>\n<h2>\n\t\tCombina\u00e7\u00e3o de dados de engenharia e visualiza\u00e7\u00e3o\n\t<\/h2>\n\t<p>Bring\u00a0integrity to life in one connected view of your assets, from topside to subsea.<\/p>\n<h2>\n\t\tUm mundo. Duas vis\u00f5es. Integridade total.\n\t<\/h2>\n\t<p>Nossa plataforma Asset Integrity Management re\u00fane o Inform\u2122 e o Vision\u2122 para transformar a complexidade em clareza. Combine sua intelig\u00eancia de engenharia com a visualiza\u00e7\u00e3o de dados 3D para criar um g\u00eameo digital que o ajude a tomar decis\u00f5es mais r\u00e1pidas, seguras e inteligentes, do topside ao submarino.<\/p>\n<h2>\n\t\tFlex\u00edvel por design. Poderosos juntos.\n\t<\/h2>\n\t<p>Comece de onde voc\u00ea est\u00e1. Desbloqueie a plataforma completa para um g\u00eameo digital contextual que oferece aos tomadores de decis\u00e3o uma vis\u00e3o precisa da condi\u00e7\u00e3o dos ativos, a previs\u00e3o para agir e o poder de dar vida \u00e0 integridade. Use os m\u00f3dulos Inform\u2122 individualmente ou em conjunto para atender \u00e0s suas necessidades de integridade. Adicione o Vision\u2122 para obter uma visualiza\u00e7\u00e3o imersiva dos ativos topside ou submarinos.<\/p>\n\t\t\t\t\t Inform\u2122 <ul role=\"list\"><li role=\"listitem\">Inform\u2122, um Sistema de Gerenciamento de Dados de Integridade (IDMS) modular que centraliza os dados de inspe\u00e7\u00e3o, o rastreamento de anomalias e a modelagem de riscos em uma \u00fanica fonte de verdade audit\u00e1vel. Ele simplifica os fluxos de trabalho e oferece \u00e0s organiza\u00e7\u00f5es o insight para agir mais rapidamente com dados que geram confian\u00e7a.<\/li><\/ul>\n\t\t\t<a href=\"https:\/\/www.oceaneering.com\/pt\/asset-integrity-management\/combining-engineering-data-and-visualization\/centralizing-your-integrity-workflow\/\" target=\"_self\">\n\t\t\t\t\t\t\tDescubra o Inform\u2122\n\t\t\t\t\t<\/a>\n\t\t\t\t\t Vision\u2122 <ul role=\"list\"><li role=\"listitem\">Vision\u2122, um aplicativo de software de visualiza\u00e7\u00e3o de dados em 3D que transforma os dados em modelos imersivos e de n\u00edvel de engenharia da infraestrutura de topside e submarina. Fornecido com seguran\u00e7a por meio da nuvem, o Vision\u2122 permite a colabora\u00e7\u00e3o global e a consci\u00eancia situacional completa.<\/li><\/ul>\n\t\t\t<a href=\"https:\/\/www.oceaneering.com\/pt\/asset-integrity-management\/combining-engineering-data-and-visualization\/visualizing-3d-data-for-asset-integrity\/\" target=\"_self\">\n\t\t\t\t\t\t\tExperi\u00eancia Vision\u2122\n\t\t\t\t\t<\/a>\n\t\t\t\t\t Inform\u2122 + Vision\u2122 <ul role=\"list\"><li role=\"listitem\">Combine o Inform\u2122 e o Vision\u2122 para obter uma solu\u00e7\u00e3o conectada de Gerenciamento de Integridade de Ativos (AIM) que vincula registros de inspe\u00e7\u00e3o, anomalias e modelos 3D \u00e0 realidade operacional, permitindo ciclos mais r\u00e1pidos de descoberta para corre\u00e7\u00e3o e decis\u00f5es baseadas em evid\u00eancias.<\/li><\/ul>\n\t\t\t<a href=\"#contact\" target=\"_self\">\n\t\t\t\t\t\t\tConecte-se com um especialista\n\t\t\t\t\t<\/a>\n<h2>\n\t\tDos dados \u00e0s decis\u00f5es \n\t<\/h2>\n\t<p>Combine a intelig\u00eancia de dados profundos com uma vis\u00e3o 3D imersiva para entender melhor a condi\u00e7\u00e3o dos ativos, tomar decis\u00f5es mais r\u00e1pidas e melhorar a rastreabilidade.<\/p>\n\t\t\t\t<table>\n\t\t\t\t\t<thead>\n\t\t\t\t\t\t\t\t\t\t\t\t\t\t<tr>\n\t\t\t\t\t\t\t\t\t\t\t\t\t\t\t<th rowspan=\"\" colspan=\"\">\n\t\t\t\t\t\t\t\t\t\t\t\t\t\t\t\t\t<label>\n\t\t\t\t\t\t\t\t\t\t<\/label><label> Benef\u00edcio\/resultado <\/label>\n\t\t\t\t\t\t\t\t\t\n\t\t\t\t\t\t\t\t\t\t\t\t\t\t\t\t\t<\/th>\n\t\t\t\t\t\t\t\t\t\t\t\t\t\t<th rowspan=\"\" colspan=\"\">\n\t\t\t\t\t\t\t\t\t\t\t\t\t\t\t\t\t<label>\n\t\t\t\t\t\t\t\t\t\t<\/label><label> Inform\u2122 <\/label>\n\t\t\t\t\t\t\t\t\t\n\t\t\t\t\t\t\t\t\t\t\t\t\t\t\t\t\t<\/th>\n\t\t\t\t\t\t\t\t\t\t\t\t\t\t<th rowspan=\"\" colspan=\"\">\n\t\t\t\t\t\t\t\t\t\t\t\t\t\t\t\t\t<label>\n\t\t\t\t\t\t\t\t\t\t<\/label><label> Vision\u2122 <\/label>\n\t\t\t\t\t\t\t\t\t\n\t\t\t\t\t\t\t\t\t\t\t\t\t\t\t\t\t<\/th>\n\t\t\t\t\t\t\t\t\t\t\t\t\t\t<th rowspan=\"\" colspan=\"\">\n\t\t\t\t\t\t\t\t\t\t\t\t\t\t\t\t\t<label>\n\t\t\t\t\t\t\t\t\t\t<\/label><label> Inform\u2122 + Vision\u2122 <\/label>\n\t\t\t\t\t\t\t\t\t\n\t\t\t\t\t\t\t\t\t\t\t\t\t\t\t\t\t<\/th>\n\t\t\t\t\t\t\t\t\t\t\t<\/tr><\/thead>\n\t\t\t\t\t<tbody>\n\t\t\t\t\t\t\t\t\t\t\t\t\t\t\t<tr>\n\t\t\t\t\t\t\t\t\t\t\t\t\t\t\t\t\t\t\t\t<td colspan=\"\" rowspan=\"\">\n\t\t\t\t\t\t\t\t\t\t\t\t\t\t\t\t\t\t\t\t\t\t\t Dados de integridade centralizados (inspe\u00e7\u00f5es e anomalias) \n\t\t\t\t\t\t\t\t\t\t\t\t\t\t\t\t\t\t\t\t\t\t\t<\/td>\n\t\t\t\t\t\t\t\t\t\t\t\t\t\t\t\t<td colspan=\"\" rowspan=\"\">\n\t\t\t\t\t\t\t\t\t\t\t\t\t\t\t\t\t\t\t\t\t\t\t\t<\/td>\n\t\t\t\t\t\t\t\t\t\t\t\t\t\t\t\t<td colspan=\"\" rowspan=\"\">\n\t\t\t\t\t\t\t\t\t\t\t\t\t\t\t\t\t\t\t\t\t\t\t<\/td>\n\t\t\t\t\t\t\t\t\t\t\t\t\t\t\t\t<td colspan=\"\" rowspan=\"\">\n\t\t\t\t\t\t\t\t\t\t\t\t\t\t\t\t\t\t\t\t\t\t\t\t<\/td>\n\t\t\t\t\t\t\t\t\t\t\t\t\t\t\t<\/tr><tr>\n\t\t\t\t\t\t\t\t\t\t\t\t\t\t\t\t\t\t\t\t<td colspan=\"\" rowspan=\"\">\n\t\t\t\t\t\t\t\t\t\t\t\t\t\t\t\t\t\t\t\t\t\t\t Menor custo total de integridade  \n\t\t\t\t\t\t\t\t\t\t\t\t\t\t\t\t\t\t\t\t\t\t\t<\/td>\n\t\t\t\t\t\t\t\t\t\t\t\t\t\t\t\t<td colspan=\"\" rowspan=\"\">\n\t\t\t\t\t\t\t\t\t\t\t\t\t\t\t\t\t\t\t\t\t\t\t\t<\/td>\n\t\t\t\t\t\t\t\t\t\t\t\t\t\t\t\t<td colspan=\"\" rowspan=\"\">\n\t\t\t\t\t\t\t\t\t\t\t\t\t\t\t\t\t\t\t\t\t\t\t\t<\/td>\n\t\t\t\t\t\t\t\t\t\t\t\t\t\t\t\t<td colspan=\"\" rowspan=\"\">\n\t\t\t\t\t\t\t\t\t\t\t\t\t\t\t\t\t\t\t\t\t\t\t\t<\/td>\n\t\t\t\t\t\t\t\t\t\t\t\t\t\t\t<\/tr><tr>\n\t\t\t\t\t\t\t\t\t\t\t\t\t\t\t\t\t\t\t\t<td colspan=\"\" rowspan=\"\">\n\t\t\t\t\t\t\t\t\t\t\t\t\t\t\t\t\t\t\t\t\t\t\t Fluxos de trabalho configur\u00e1veis para o ciclo de vida completo da integridade dos ativos \n\t\t\t\t\t\t\t\t\t\t\t\t\t\t\t\t\t\t\t\t\t\t\t<\/td>\n\t\t\t\t\t\t\t\t\t\t\t\t\t\t\t\t<td colspan=\"\" rowspan=\"\">\n\t\t\t\t\t\t\t\t\t\t\t\t\t\t\t\t\t\t\t\t\t\t\t\t<\/td>\n\t\t\t\t\t\t\t\t\t\t\t\t\t\t\t\t<td colspan=\"\" rowspan=\"\">\n\t\t\t\t\t\t\t\t\t\t\t\t\t\t\t\t\t\t\t\t\t\t\t<\/td>\n\t\t\t\t\t\t\t\t\t\t\t\t\t\t\t\t<td colspan=\"\" rowspan=\"\">\n\t\t\t\t\t\t\t\t\t\t\t\t\t\t\t\t\t\t\t\t\t\t\t\t<\/td>\n\t\t\t\t\t\t\t\t\t\t\t\t\t\t\t<\/tr><tr>\n\t\t\t\t\t\t\t\t\t\t\t\t\t\t\t\t\t\t\t\t<td colspan=\"\" rowspan=\"\">\n\t\t\t\t\t\t\t\t\t\t\t\t\t\t\t\t\t\t\t\t\t\t\t Modelos de risco e suporte a decis\u00f5es \n\t\t\t\t\t\t\t\t\t\t\t\t\t\t\t\t\t\t\t\t\t\t\t<\/td>\n\t\t\t\t\t\t\t\t\t\t\t\t\t\t\t\t<td colspan=\"\" rowspan=\"\">\n\t\t\t\t\t\t\t\t\t\t\t\t\t\t\t\t\t\t\t\t\t\t\t\t<\/td>\n\t\t\t\t\t\t\t\t\t\t\t\t\t\t\t\t<td colspan=\"\" rowspan=\"\">\n\t\t\t\t\t\t\t\t\t\t\t\t\t\t\t\t\t\t\t\t\t\t\t<\/td>\n\t\t\t\t\t\t\t\t\t\t\t\t\t\t\t\t<td colspan=\"\" rowspan=\"\">\n\t\t\t\t\t\t\t\t\t\t\t\t\t\t\t\t\t\t\t\t\t\t\t\t<\/td>\n\t\t\t\t\t\t\t\t\t\t\t\t\t\t\t<\/tr><tr>\n\t\t\t\t\t\t\t\t\t\t\t\t\t\t\t\t\t\t\t\t<td colspan=\"\" rowspan=\"\">\n\t\t\t\t\t\t\t\t\t\t\t\t\t\t\t\t\t\t\t\t\t\t\t Contexto 3D imersivo no topside e no submarino \n\t\t\t\t\t\t\t\t\t\t\t\t\t\t\t\t\t\t\t\t\t\t\t<\/td>\n\t\t\t\t\t\t\t\t\t\t\t\t\t\t\t\t<td colspan=\"\" rowspan=\"\">\n\t\t\t\t\t\t\t\t\t\t\t\t\t\t\t\t\t\t\t\t\t\t\t<\/td>\n\t\t\t\t\t\t\t\t\t\t\t\t\t\t\t\t<td colspan=\"\" rowspan=\"\">\n\t\t\t\t\t\t\t\t\t\t\t\t\t\t\t\t\t\t\t\t\t\t\t\t<\/td>\n\t\t\t\t\t\t\t\t\t\t\t\t\t\t\t\t<td colspan=\"\" rowspan=\"\">\n\t\t\t\t\t\t\t\t\t\t\t\t\t\t\t\t\t\t\t\t\t\t\t\t<\/td>\n\t\t\t\t\t\t\t\t\t\t\t\t\t\t\t<\/tr><tr>\n\t\t\t\t\t\t\t\t\t\t\t\t\t\t\t\t\t\t\t\t<td colspan=\"\" rowspan=\"\">\n\t\t\t\t\t\t\t\t\t\t\t\t\t\t\t\t\t\t\t\t\t\t\t Planejamento mais r\u00e1pido e menos visitas ao local \n\t\t\t\t\t\t\t\t\t\t\t\t\t\t\t\t\t\t\t\t\t\t\t<\/td>\n\t\t\t\t\t\t\t\t\t\t\t\t\t\t\t\t<td colspan=\"\" rowspan=\"\">\n\t\t\t\t\t\t\t\t\t\t\t\t\t\t\t\t\t\t\t\t\t\t\t\t<\/td>\n\t\t\t\t\t\t\t\t\t\t\t\t\t\t\t\t<td colspan=\"\" rowspan=\"\">\n\t\t\t\t\t\t\t\t\t\t\t\t\t\t\t\t\t\t\t\t\t\t\t\t<\/td>\n\t\t\t\t\t\t\t\t\t\t\t\t\t\t\t\t<td colspan=\"\" rowspan=\"\">\n\t\t\t\t\t\t\t\t\t\t\t\t\t\t\t\t\t\t\t\t\t\t\t\t<\/td>\n\t\t\t\t\t\t\t\t\t\t\t\t\t\t\t<\/tr><tr>\n\t\t\t\t\t\t\t\t\t\t\t\t\t\t\t\t\t\t\t\t<td colspan=\"\" rowspan=\"\">\n\t\t\t\t\t\t\t\t\t\t\t\t\t\t\t\t\t\t\t\t\t\t\t Registros prontos para auditoria e rastreabilidade \n\t\t\t\t\t\t\t\t\t\t\t\t\t\t\t\t\t\t\t\t\t\t\t<\/td>\n\t\t\t\t\t\t\t\t\t\t\t\t\t\t\t\t<td colspan=\"\" rowspan=\"\">\n\t\t\t\t\t\t\t\t\t\t\t\t\t\t\t\t\t\t\t\t\t\t\t\t<\/td>\n\t\t\t\t\t\t\t\t\t\t\t\t\t\t\t\t<td colspan=\"\" rowspan=\"\">\n\t\t\t\t\t\t\t\t\t\t\t\t\t\t\t\t\t\t\t\t\t\t\t<\/td>\n\t\t\t\t\t\t\t\t\t\t\t\t\t\t\t\t<td colspan=\"\" rowspan=\"\">\n\t\t\t\t\t\t\t\t\t\t\t\t\t\t\t\t\t\t\t\t\t\t\t\t<\/td>\n\t\t\t\t\t\t\t\t\t\t\t\t\t\t\t<\/tr><tr>\n\t\t\t\t\t\t\t\t\t\t\t\t\t\t\t\t\t\t\t\t<td colspan=\"\" rowspan=\"\">\n\t\t\t\t\t\t\t\t\t\t\t\t\t\t\t\t\t\t\t\t\t\t\t Redu\u00e7\u00e3o do tempo de inatividade por meio de insight proativo \n\t\t\t\t\t\t\t\t\t\t\t\t\t\t\t\t\t\t\t\t\t\t\t<\/td>\n\t\t\t\t\t\t\t\t\t\t\t\t\t\t\t\t<td colspan=\"\" rowspan=\"\">\n\t\t\t\t\t\t\t\t\t\t\t\t\t\t\t\t\t\t\t\t\t\t\t\t<\/td>\n\t\t\t\t\t\t\t\t\t\t\t\t\t\t\t\t<td colspan=\"\" rowspan=\"\">\n\t\t\t\t\t\t\t\t\t\t\t\t\t\t\t\t\t\t\t\t\t\t\t\t<\/td>\n\t\t\t\t\t\t\t\t\t\t\t\t\t\t\t\t<td colspan=\"\" rowspan=\"\">\n\t\t\t\t\t\t\t\t\t\t\t\t\t\t\t\t\t\t\t\t\t\t\t\t<\/td>\n\t\t\t\t\t\t\t\t\t\t\t\t\t\t\t<\/tr><tr>\n\t\t\t\t\t\t\t\t\t\t\t\t\t\t\t\t\t\t\t\t<td colspan=\"\" rowspan=\"\">\n\t\t\t\t\t\t\t\t\t\t\t\t\t\t\t\t\t\t\t\t\t\t\t Colabora\u00e7\u00e3o e alinhamento entre equipes \n\t\t\t\t\t\t\t\t\t\t\t\t\t\t\t\t\t\t\t\t\t\t\t<\/td>\n\t\t\t\t\t\t\t\t\t\t\t\t\t\t\t\t<td colspan=\"\" rowspan=\"\">\n\t\t\t\t\t\t\t\t\t\t\t\t\t\t\t\t\t\t\t\t\t\t\t\t<\/td>\n\t\t\t\t\t\t\t\t\t\t\t\t\t\t\t\t<td colspan=\"\" rowspan=\"\">\n\t\t\t\t\t\t\t\t\t\t\t\t\t\t\t\t\t\t\t\t\t\t\t\t<\/td>\n\t\t\t\t\t\t\t\t\t\t\t\t\t\t\t\t<td colspan=\"\" rowspan=\"\">\n\t\t\t\t\t\t\t\t\t\t\t\t\t\t\t\t\t\t\t\t\t\t\t\t<\/td>\n\t\t\t\t\t\t\t\t\t\t\t<\/tr><\/tbody>\n\t\t\t\t<\/table>\n\t\t\t\t<img loading=\"lazy\" decoding=\"async\" src=\"https:\/\/www.oceaneering.com\/wp-content\/uploads\/2025\/02\/Pipeline-graphic.jpg\" alt=\"Wireframe computer cad design of pipelines for an industrial power plant.\" itemprop=\"image\" height=\"1616\" width=\"2873\" title=\"Gr\u00e1fico de tubula\u00e7\u00e3o\" onerror=\"this.style.display='none'\"  \/>\n<h2>\n\t\tEfici\u00eancia, percep\u00e7\u00e3o e controle de custos \n\t<\/h2>\n\t<p>Passe da rea\u00e7\u00e3o \u00e0 preven\u00e7\u00e3o e, ao mesmo tempo, melhore a efici\u00eancia, o insight e o controle. Os tomadores de decis\u00e3o escolhem a nossa plataforma de gerenciamento de ativos digitais porque ela substitui as suposi\u00e7\u00f5es por evid\u00eancias e oferece resultados mensur\u00e1veis.<\/p>\n\t\t\t\t\t\t<h5>Ganhos de efici\u00eancia <\/h5>\n\t\t\t<ul>\n<li>Otimizar as despesas com programa\u00e7\u00e3o e aloca\u00e7\u00e3o de recursos aprimoradas<\/li>\n<li>Simplifique os fluxos de trabalho de relat\u00f3rios e inspe\u00e7\u00e3o<\/li>\n<li>Acelerar os ciclos de descoberta para corre\u00e7\u00e3o<\/li>\n<\/ul>\n<p>\u00a0<\/p>\n\t\t\t\t\t\t<h5>Integridade Confian\u00e7a <\/h5>\n\t\t\t<ul>\n<li>Obter visibilidade clara das condi\u00e7\u00f5es dos ativos<\/li>\n<li>Fortalecer a governan\u00e7a e alinhar as decis\u00f5es<\/li>\n<li>Aumente o tempo de atividade por meio da manuten\u00e7\u00e3o proativa<\/li>\n<\/ul>\n<h2>\n\t\tNossos pilares de confian\u00e7a \n\t<\/h2>\n<h3>\n\t\tConhecimento do dom\u00ednio\n\t<\/h3>\n\t<p>Criado por engenheiros para engenheiros.<\/p>\n<h3>\n\t\tAbordagem comprovada\n\t<\/h3>\n\t<p>Fluxos de trabalho e modelos padronizados que s\u00e3o dimensionados em v\u00e1rios ambientes.<\/p>\n<h3>\n\t\tTranspar\u00eancia e rastreabilidade \n\t<\/h3>\n\t<p>As decis\u00f5es s\u00e3o respaldadas por linhagem de dados, contexto de modelo e prova visual.<\/p>\n<h3>\n\t\tSeguran\u00e7a e governan\u00e7a \n\t<\/h3>\n\t<p>Acesso baseado em fun\u00e7\u00e3o e auditabilidade para TI empresarial.<\/p>\n<h3>\n\t\tPlataforma configur\u00e1vel\n\t<\/h3>\n\t<p>N\u00f3s o encontramos onde voc\u00ea est\u00e1, com ado\u00e7\u00e3o modular ou plataforma completa.<\/p>\n<h2>\n\t\tPerguntas frequentes\n\t<\/h2>\n\t<p>Whether you&#8217;re starting to digitize asset integrity or upgrading from a different solution, we&#8217;re here to support you. Explore frequently asked questions about how we can support your Digital Asset Management programs.<\/p>\n\t\t\t\t\t\t<h5>O que \u00e9 gerenciamento de ativos digitais?<\/h5>\n\t\t\t<p>O Digital Asset Management combina intelig\u00eancia de engenharia e visualiza\u00e7\u00e3o em 3D para manter a integridade dos ativos, reduzir riscos e melhorar a tomada de decis\u00f5es.<\/p>\n\t\t\t\t\t\t<h5>O que \u00e9 o Inform\u2122?<\/h5>\n\t\t\t<p>O Inform\u2122 \u00e9 uma plataforma modular do Sistema de Gerenciamento de Dados de Integridade (IDMS) que digitaliza os fluxos de trabalho de inspe\u00e7\u00e3o, centraliza os dados de anomalias e riscos e os transforma em percep\u00e7\u00f5es acion\u00e1veis.<\/p>\n\t\t\t\t\t\t<h5>O que \u00e9 o Vision\u2122?<\/h5>\n\t\t\t<p>O Vision\u2122 \u00e9 uma plataforma de visualiza\u00e7\u00e3o 3D que cria modelos de n\u00edvel de engenharia de ativos topside e submarinos para compara\u00e7\u00e3o confi\u00e1vel, rastreamento de anomalias e avalia\u00e7\u00e3o de condi\u00e7\u00f5es ao longo do tempo. O Vision\u2122 \u00e9 fornecido como um aplicativo somente na nuvem.<\/p>\n\t\t\t\t\t\t<h5>Qual \u00e9 a diferen\u00e7a entre o Vision\u2122 Subsea e o Vision\u2122 Topside? <\/h5>\n\t\t\t<p>O Vision\u2122 Subsea usa o escaneamento subaqu\u00e1tico para ativos submarinos, enquanto o Vision\u2122 Topside aplica o escaneamento a laser para instala\u00e7\u00f5es de superf\u00edcie. Ambos criam modelos de n\u00edvel de engenharia para uma tomada de decis\u00e3o segura.<\/p>\n\t\t\t\t\t\t<h5>Como o Inform\u2122 e o Vision\u2122 trabalham juntos?<\/h5>\n\t\t\t<p>O Inform\u2122 oferece intelig\u00eancia de engenharia e gerenciamento de fluxo de trabalho\/ciclo de vida; o Vision\u2122 acrescenta um contexto visual 3D imersivo. Juntos, eles criam um g\u00eameo digital vivo, uma plataforma conectada que unifica todos os registros e modelos para o gerenciamento da integridade.<\/p>\n\t\t\t\t\t\t<h5>Como o Digital Asset Management reduz o tempo de inatividade?<\/h5>\n\t\t\t<p>Ao centralizar os dados de inspe\u00e7\u00e3o e adicionar visualiza\u00e7\u00e3o em 3D, os operadores podem identificar anomalias mais cedo, planejar a manuten\u00e7\u00e3o de forma proativa e reduzir o tempo de inatividade n\u00e3o planejado com melhor programa\u00e7\u00e3o e uso de recursos.<\/p>\n\t\t\t\t\t\t<h5>O Inform\u2122 pode se integrar aos sistemas de inspe\u00e7\u00e3o existentes?<\/h5>\n\t\t\t<p>Sim. O Inform\u2122 se conecta com os fluxos de trabalho de inspe\u00e7\u00e3o e fontes de dados atuais, garantindo uma transi\u00e7\u00e3o suave sem interromper as opera\u00e7\u00f5es.<\/p>\n\t\t\t\t\t\t<h5>Que ROI as operadoras podem esperar do uso conjunto do Inform\u2122 e do Vision\u2122?<\/h5>\n\t\t\t<p>A maioria das operadoras relata ciclos mais r\u00e1pidos de descoberta para corre\u00e7\u00e3o, redu\u00e7\u00e3o de visitas ao local e redu\u00e7\u00f5es significativas no tempo de relat\u00f3rio e no esfor\u00e7o de inspe\u00e7\u00e3o. Os resultados variam de acordo com a combina\u00e7\u00e3o de ativos e a maturidade do programa.<\/p>\n\t\t\t<a href=\"#contact\" target=\"_self\">\n\t\t\t\t\t\t\tTem mais perguntas? Entre em contato conosco.\n\t\t\t<\/a>\n\t\t\t\t\t\t\t\t\t<h3>Comprovado em campo. L\u00edder do setor.<\/h3>\n\t\t\t\t\t\t\t\t\t<p>Leia nossos estudos de caso sobre o Digital Asset Management.<\/p>\n\t\t\t\t\t\t<a href=\"https:\/\/www.oceaneering.com\/pt\/resources\/?_content_types=case-study\" target=\"_self\">\n\t\t\t\t\t\t\t\tVer todos os estudos de caso\t\t\t\t\t\t\t\n\t\t\t\t\t\t\t\t\t\t\t\t\t<\/a>\n\t\t\t\t\t\t<button>\n\t\t\t\t\t\t\tAnterior\n\t\t\t\t\t\t<\/button>\n\t\t\t\t\t\t<button>\n\t\t\t\t\t\t\tPr\u00f3ximo\n\t\t\t\t\t\t<\/button>\n\t\t\t\t\t\t\t<a href=\"https:\/\/www.oceaneering.com\/pt\/case-studies\/oceaneering-energy-intelligence-uses-inform-predict-to-safely-reduce-inspection-scope-by-more-than-50-percent\/\">\n\t\t\t\t\t\t\t\t\t\t<img decoding=\"async\" src=\"https:\/\/www.oceaneering.com\/wp-content\/uploads\/2023\/11\/shutterstock_164419370-1.jpg\" alt=\"Offshore oil and gas platform.\"\/>\n\t\t\t\t\t\t\t\t\t\t<h3>O Inform Predict\u2122 reduz com seguran\u00e7a o escopo de inspe\u00e7\u00e3o do cliente em mais de 50%.<\/h3>\n\t\t\t\t\t\t\t\t\t\t<h3>O Inform Predict\u2122 reduz com seguran\u00e7a o escopo de inspe\u00e7\u00e3o do cliente em mais de 50%.<\/h3>\n\t\t\t\t\t\t\t\t\t\t\t\t\t\t\t\t\t\t\t\t\t<p>In March 2023, a major operator contracted Oceaneering to use our Inform Predict Analytics Software to improve&#8230;<\/p>\n\t\t\t\t\t\t\t\t\t\t\tSaiba mais\n\t\t\t\t\t\t\t<\/a>\n\t\t\t\t\t\t\t<a href=\"https:\/\/www.oceaneering.com\/pt\/case-studies\/oceaneering-uses-inform-predict-to-improve-inspection-programs-for-north-sea-assets\/\">\n\t\t\t\t\t\t\t\t\t\t<img decoding=\"async\" src=\"https:\/\/www.oceaneering.com\/wp-content\/uploads\/2023\/10\/shutterstock_1056389054-1.jpg\" alt=\"\"\/>\n\t\t\t\t\t\t\t\t\t\t<h3>O Inform Predict\u2122 melhora os programas de inspe\u00e7\u00e3o dos ativos do Mar do Norte<\/h3>\n\t\t\t\t\t\t\t\t\t\t<h3>O Inform Predict\u2122 melhora os programas de inspe\u00e7\u00e3o dos ativos do Mar do Norte<\/h3>\n\t\t\t\t\t\t\t\t\t\t\t\t\t\t\t\t\t\t\t\t\t<p>In Q2 2023, a major operator contracted Oceaneering&#8217;s Energy Intelligence group to use our Inform Predict Analytics&#8230;<\/p>\n\t\t\t\t\t\t\t\t\t\t\tSaiba mais\n\t\t\t\t\t\t\t<\/a>\n\t\t\t\t\t\t\t<a href=\"https:\/\/www.oceaneering.com\/pt\/case-studies\/inform-predict-software-optimizes-nocs-inspection-intervals\/\">\n\t\t\t\t\t\t\t\t\t\t<img decoding=\"async\" src=\"https:\/\/www.oceaneering.com\/wp-content\/uploads\/2022\/01\/global-monitoring-asset-integrity.jpeg\" alt=\"\"\/>\n\t\t\t\t\t\t\t\t\t\t<h3>O software Inform Predict\u2122 com tecnologia de IA otimiza os intervalos de inspe\u00e7\u00e3o para NOC<\/h3>\n\t\t\t\t\t\t\t\t\t\t<h3>O software Inform Predict\u2122 com tecnologia de IA otimiza os intervalos de inspe\u00e7\u00e3o para NOC<\/h3>\n\t\t\t\t\t\t\t\t\t\t\t\t\t\t\t\t\t\t\t\t\t<p>In this pre-pilot project, Oceaneering employed Inform Predict\u2122 digital predictive analytics software to determine the appropriate inspection&#8230;<\/p>\n\t\t\t\t\t\t\t\t\t\t\tSaiba mais\n\t\t\t\t\t\t\t<\/a>\n\n\t\tEntre em contato conosco\n\t\n<h2>\n\t\tNossa equipe de especialistas est\u00e1 pronta para ajud\u00e1-lo a come\u00e7ar.\n\t<\/h2>\n\t<p>A Oceaneering oferece os melhores produtos e solu\u00e7\u00f5es da categoria, respaldados por qualidade, confiabilidade e suporte global inigual\u00e1veis. Preencha o formul\u00e1rio de consulta para iniciar uma conversa hoje mesmo.<\/p>","protected":false},"excerpt":{"rendered":"<p>D\u00ea vida \u00e0 integridade em uma vis\u00e3o conectada de seus ativos, do topside ao submarino.<\/p>","protected":false},"author":25,"featured_media":79426,"parent":59710,"menu_order":0,"comment_status":"closed","ping_status":"closed","template":"","meta":{"_acf_changed":false,"footnotes":"","_links_to":"","_links_to_target":""},"product_category":[1205],"search_tags":[],"class_list":["post-79333","page","type-page","status-publish","has-post-thumbnail","product_category-asset-integrity-management"],"acf":[],"aioseo_notices":[],"_links":{"self":[{"href":"https:\/\/www.oceaneering.com\/pt\/wp-json\/wp\/v2\/pages\/79333","targetHints":{"allow":["GET"]}}],"collection":[{"href":"https:\/\/www.oceaneering.com\/pt\/wp-json\/wp\/v2\/pages"}],"about":[{"href":"https:\/\/www.oceaneering.com\/pt\/wp-json\/wp\/v2\/types\/page"}],"author":[{"embeddable":true,"href":"https:\/\/www.oceaneering.com\/pt\/wp-json\/wp\/v2\/users\/25"}],"replies":[{"embeddable":true,"href":"https:\/\/www.oceaneering.com\/pt\/wp-json\/wp\/v2\/comments?post=79333"}],"version-history":[{"count":72,"href":"https:\/\/www.oceaneering.com\/pt\/wp-json\/wp\/v2\/pages\/79333\/revisions"}],"predecessor-version":[{"id":81164,"href":"https:\/\/www.oceaneering.com\/pt\/wp-json\/wp\/v2\/pages\/79333\/revisions\/81164"}],"up":[{"embeddable":true,"href":"https:\/\/www.oceaneering.com\/pt\/wp-json\/wp\/v2\/pages\/59710"}],"wp:featuredmedia":[{"embeddable":true,"href":"https:\/\/www.oceaneering.com\/pt\/wp-json\/wp\/v2\/media\/79426"}],"wp:attachment":[{"href":"https:\/\/www.oceaneering.com\/pt\/wp-json\/wp\/v2\/media?parent=79333"}],"wp:term":[{"taxonomy":"product_category","embeddable":true,"href":"https:\/\/www.oceaneering.com\/pt\/wp-json\/wp\/v2\/product_category?post=79333"},{"taxonomy":"search_tags","embeddable":true,"href":"https:\/\/www.oceaneering.com\/pt\/wp-json\/wp\/v2\/search_tags?post=79333"}],"curies":[{"name":"wp","href":"https:\/\/api.w.org\/{rel}","templated":true}]}}