{"id":77884,"date":"2025-08-11T07:09:40","date_gmt":"2025-08-11T12:09:40","guid":{"rendered":"https:\/\/www.oceaneering.com\/?page_id=77884"},"modified":"2025-11-12T09:48:59","modified_gmt":"2025-11-12T15:48:59","slug":"spaceflight-solutions","status":"publish","type":"page","link":"https:\/\/www.oceaneering.com\/pt\/spaceflight-solutions\/","title":{"rendered":"Solu\u00e7\u00f5es para voos espaciais, do lan\u00e7amento \u00e0 reentrada"},"content":{"rendered":"<a href=\"https:\/\/www.oceaneering.com\/pt\/space-systems\/#contact\" target=\"_self\">\n\t\t\t\t\t\t\tDiscutir um projeto\n\t\t\t\t\t<\/a>\n\t\tSISTEMAS ESPACIAIS\n<h1>\n\t\tSolu\u00e7\u00f5es para voos espaciais, do lan\u00e7amento \u00e0 reentrada\n\t<\/h1>\n\t<p>Atendendo \u00e0 comunidade espacial com solu\u00e7\u00f5es para voos espaciais h\u00e1 mais de quatro d\u00e9cadas, desde o lan\u00e7amento, em \u00f3rbita at\u00e9 a reentrada.<\/p>\n\t\t\t<a href=\"https:\/\/oceaneering.canto.com\/download\/video\/dvasivjqa55nd3ic1uq1gids1a\/original\" target=\"_self\">\n\t\t\t\t\t\t\tAssista ao v\u00eddeo\n\t\t\t<\/a>\n\t<meta itemprop=\"name\" content=\"Oceaneering Space Systems\" \/><meta itemprop=\"description\" content=\"An overview of how Oceaneering Space Systems has served the space community for over four decades with spaceflight solutions from launch, on-orbit to reentry. We've partnered with NASA, the U.S. Department of War, and leading commercial launch providers to advance space exploration. Our legacy includes iconic missions from the Space Shuttle and International Space Station to the Space Launch System, and the Orion program Artemis I mission.\" \/><meta itemprop=\"uploadDate\" content=\"2025-10-31\" \/><meta itemprop=\"thumbnailUrl\" content=\"https:\/\/www.oceaneering.com\/wp-content\/uploads\/2025\/08\/30508253d92443809a3446459e9fcdd5800.jpg\" \/><meta itemprop=\"contentUrl\" content=\"https:\/\/oceaneering.canto.com\/direct\/video\/61884kup4h1o16hk8p2pt7ud6l\/5Xqti870OMg00hW-Z9kFxCS5bTc\/original?content-type=video%2Fmp4&#038;name=OSS_2025_Long_Version_V2.mp4\" \/><meta itemprop=\"embedUrl\" content=\"https:\/\/oceaneering.canto.com\/direct\/video\/61884kup4h1o16hk8p2pt7ud6l\/5Xqti870OMg00hW-Z9kFxCS5bTc\/original?content-type=video%2Fmp4&#038;name=OSS_2025_Long_Version_V2.mp4\" \/>\t\n<h2>\n\t\tEngenharia de sistemas de voo espacial de ponta a ponta, do conceito \u00e0 \u00f3rbita\n\t<\/h2>\n\t<p>Rooted in a legacy of space systems engineering excellence, we deliver comprehensive spaceflight solutions that span the full lifecycle-from initial concept development through flight certification, manufacturing, testing, and sustaining engineering. Our expertise includes <a href=\"https:\/\/www.oceaneering.com\/pt\/thermal-protection-systems\/\">solu\u00e7\u00f5es de prote\u00e7\u00e3o t\u00e9rmica<\/a>, <a href=\"https:\/\/www.oceaneering.com\/pt\/flight-certified-hardware-and-softgoods\/\">hardware e softgoods com certifica\u00e7\u00e3o de voo<\/a>, <a href=\"https:\/\/www.oceaneering.com\/pt\/space-mission-design-and-astronaut-training\/\">projeto de miss\u00e3o espacial<\/a>,\u00a0<a href=\"https:\/\/www.oceaneering.com\/pt\/life-support-and-eva-systems\/\">sistemas de suporte \u00e0 vida e tecnologias de EVA <\/a>designed for the rigors of human spaceflight and robotic missions. Whether you&#8217;re advancing launch vehicles, supporting ISS operations, or developing reentry systems, our integrated approach ensures mission success at every stage.<\/p>\n\t\t\t<a href='https:\/\/www.oceaneering.com\/pt\/spaceflight-solutions\/thermal-protection-systems\/' title='Sistemas de prote\u00e7\u00e3o t\u00e9rmica (TPS)'><img width=\"1024\" height=\"576\" src=\"https:\/\/www.oceaneering.com\/wp-content\/uploads\/2025\/08\/Fallback-image-1024x576.jpg\" alt=\"Close up shot of rocket engine Space Exploration Launch\" itemprop=\"image\" decoding=\"async\" loading=\"lazy\" srcset=\"https:\/\/www.oceaneering.com\/wp-content\/uploads\/2025\/08\/Fallback-image-1024x576.jpg 1024w, https:\/\/www.oceaneering.com\/wp-content\/uploads\/2025\/08\/Fallback-image-300x169.jpg 300w, https:\/\/www.oceaneering.com\/wp-content\/uploads\/2025\/08\/Fallback-image-768x432.jpg 768w, https:\/\/www.oceaneering.com\/wp-content\/uploads\/2025\/08\/Fallback-image-1536x864.jpg 1536w, https:\/\/www.oceaneering.com\/wp-content\/uploads\/2025\/08\/Fallback-image-2048x1152.jpg 2048w, https:\/\/www.oceaneering.com\/wp-content\/uploads\/2025\/08\/Fallback-image-18x10.jpg 18w, https:\/\/www.oceaneering.com\/wp-content\/uploads\/2025\/08\/Fallback-image-1280x720.jpg 1280w, https:\/\/www.oceaneering.com\/wp-content\/uploads\/2025\/08\/Fallback-image-960x540.jpg 960w, https:\/\/www.oceaneering.com\/wp-content\/uploads\/2025\/08\/Fallback-image-640x360.jpg 640w, https:\/\/www.oceaneering.com\/wp-content\/uploads\/2025\/08\/Fallback-image-320x180.jpg 320w\" sizes=\"auto, (max-width: 1024px) 100vw, 1024px\" title=\"Imagem de fallback dos sistemas de prote\u00e7\u00e3o t\u00e9rmica | Oceaneering\" \/><\/a>\n\t<h3><a href='https:\/\/www.oceaneering.com\/pt\/spaceflight-solutions\/thermal-protection-systems\/' title='Sistemas de prote\u00e7\u00e3o t\u00e9rmica (TPS)'>Sistemas de prote\u00e7\u00e3o t\u00e9rmica (TPS)<\/a><\/h3>\n    \t<p>Proteja suas espa\u00e7onaves e ve\u00edculos de lan\u00e7amento contra calor e press\u00e3o extremos com solu\u00e7\u00f5es comprovadas de TPS. Com a confian\u00e7a dos programas da NASA e do DoW, nossos sistemas de prote\u00e7\u00e3o t\u00e9rmica s\u00e3o projetados para atender a perfis de miss\u00e3o exigentes, desde o projeto inicial at\u00e9 a certifica\u00e7\u00e3o e a produ\u00e7\u00e3o, garantindo um desempenho confi\u00e1vel quando mais importa. <\/p>\n\t\t<a href=\"https:\/\/www.oceaneering.com\/pt\/spaceflight-solutions\/thermal-protection-systems\/\">Leia mais<\/a>\n\t\t\t<a href='https:\/\/www.oceaneering.com\/pt\/spaceflight-solutions\/flight-certified-hardware-and-softgoods\/' title='Hardware e Softgoods com certifica\u00e7\u00e3o de voo'><img width=\"1024\" height=\"576\" src=\"https:\/\/www.oceaneering.com\/wp-content\/uploads\/2025\/09\/shutterstock_2198932591-1024x576.jpg\" alt=\"Satellite flying by Planet Earth as seen from space\" itemprop=\"image\" decoding=\"async\" loading=\"lazy\" srcset=\"https:\/\/www.oceaneering.com\/wp-content\/uploads\/2025\/09\/shutterstock_2198932591-1024x576.jpg 1024w, https:\/\/www.oceaneering.com\/wp-content\/uploads\/2025\/09\/shutterstock_2198932591-300x169.jpg 300w, https:\/\/www.oceaneering.com\/wp-content\/uploads\/2025\/09\/shutterstock_2198932591-768x432.jpg 768w, https:\/\/www.oceaneering.com\/wp-content\/uploads\/2025\/09\/shutterstock_2198932591-1536x864.jpg 1536w, https:\/\/www.oceaneering.com\/wp-content\/uploads\/2025\/09\/shutterstock_2198932591-2048x1152.jpg 2048w, https:\/\/www.oceaneering.com\/wp-content\/uploads\/2025\/09\/shutterstock_2198932591-18x10.jpg 18w, https:\/\/www.oceaneering.com\/wp-content\/uploads\/2025\/09\/shutterstock_2198932591-1280x720.jpg 1280w, https:\/\/www.oceaneering.com\/wp-content\/uploads\/2025\/09\/shutterstock_2198932591-960x540.jpg 960w, https:\/\/www.oceaneering.com\/wp-content\/uploads\/2025\/09\/shutterstock_2198932591-640x360.jpg 640w, https:\/\/www.oceaneering.com\/wp-content\/uploads\/2025\/09\/shutterstock_2198932591-320x180.jpg 320w\" sizes=\"auto, (max-width: 1024px) 100vw, 1024px\" title=\"Vis\u00e3o de tirar o f\u00f4lego do sat\u00e9lite que voa pelo planeta Terra | Oceaneering\" \/><\/a>\n\t<h3><a href='https:\/\/www.oceaneering.com\/pt\/spaceflight-solutions\/flight-certified-hardware-and-softgoods\/' title='Hardware e Softgoods com certifica\u00e7\u00e3o de voo'>Hardware e Softgoods com certifica\u00e7\u00e3o de voo<\/a><\/h3>\n    \t<p>N\u00f3s o ajudamos a operar com maior precis\u00e3o e efici\u00eancia no espa\u00e7o. Nossos hardwares e softgoods com certifica\u00e7\u00e3o de voo ampliam seus recursos, desde manipuladores e conectores de carga \u00fatil externa at\u00e9 arquiteturas de controle, dando suporte ao sucesso da miss\u00e3o em opera\u00e7\u00f5es tripuladas, n\u00e3o tripuladas e de manuten\u00e7\u00e3o e fabrica\u00e7\u00e3o no espa\u00e7o (ISAM). <\/p>\n\t\t<a href=\"https:\/\/www.oceaneering.com\/pt\/spaceflight-solutions\/flight-certified-hardware-and-softgoods\/\">Leia mais<\/a>\n\t\t\t<a href='https:\/\/www.oceaneering.com\/pt\/spaceflight-solutions\/space-mission-design-and-astronaut-training\/' title='Projeto de miss\u00e3o espacial e treinamento de astronautas'><img width=\"1024\" height=\"768\" src=\"https:\/\/www.oceaneering.com\/wp-content\/uploads\/2025\/10\/540830main_mod_nbl1_35-Copy-1-1024x768.jpg\" alt=\"\" itemprop=\"image\" decoding=\"async\" loading=\"lazy\" srcset=\"https:\/\/www.oceaneering.com\/wp-content\/uploads\/2025\/10\/540830main_mod_nbl1_35-Copy-1-1024x768.jpg 1024w, https:\/\/www.oceaneering.com\/wp-content\/uploads\/2025\/10\/540830main_mod_nbl1_35-Copy-1-300x225.jpg 300w, https:\/\/www.oceaneering.com\/wp-content\/uploads\/2025\/10\/540830main_mod_nbl1_35-Copy-1-768x576.jpg 768w, https:\/\/www.oceaneering.com\/wp-content\/uploads\/2025\/10\/540830main_mod_nbl1_35-Copy-1-1536x1152.jpg 1536w, https:\/\/www.oceaneering.com\/wp-content\/uploads\/2025\/10\/540830main_mod_nbl1_35-Copy-1-2048x1536.jpg 2048w, https:\/\/www.oceaneering.com\/wp-content\/uploads\/2025\/10\/540830main_mod_nbl1_35-Copy-1-16x12.jpg 16w\" sizes=\"auto, (max-width: 1024px) 100vw, 1024px\" title=\"540830mainmodnbl135 C\u00f3pia 1 | Oceaneering\" \/><\/a>\n\t<h3><a href='https:\/\/www.oceaneering.com\/pt\/spaceflight-solutions\/space-mission-design-and-astronaut-training\/' title='Projeto de miss\u00e3o espacial e treinamento de astronautas'>Projeto de miss\u00e3o espacial e treinamento de astronautas<\/a><\/h3>\n    \t<p>O sucesso de sua miss\u00e3o em ambientes terrestres, orbitais e planet\u00e1rios come\u00e7a com solu\u00e7\u00f5es adaptadas \u00e0s suas necessidades. Com experi\u00eancia em engenharia de sistemas, projeto e an\u00e1lise, fabrica\u00e7\u00e3o de precis\u00e3o e treinamento de astronautas, alinhamos todos os recursos para atender \u00e0s suas metas operacionais e t\u00e9cnicas espec\u00edficas. <\/p>\n\t\t<a href=\"https:\/\/www.oceaneering.com\/pt\/spaceflight-solutions\/space-mission-design-and-astronaut-training\/\">Leia mais<\/a>\n\t\t\t<a href='https:\/\/www.oceaneering.com\/pt\/spaceflight-solutions\/life-support-and-eva-systems\/' title='Sistemas de suporte \u00e0 vida e atividade extraveicular (EVA)'><img width=\"1024\" height=\"376\" src=\"https:\/\/www.oceaneering.com\/wp-content\/uploads\/2025\/08\/Oceaneering_EVA_Spacesuit_A5-1024x376.jpg\" alt=\"Astronaut extravehicular activity EVA spacesuit in space\" itemprop=\"image\" decoding=\"async\" loading=\"lazy\" srcset=\"https:\/\/www.oceaneering.com\/wp-content\/uploads\/2025\/08\/Oceaneering_EVA_Spacesuit_A5-1024x376.jpg 1024w, https:\/\/www.oceaneering.com\/wp-content\/uploads\/2025\/08\/Oceaneering_EVA_Spacesuit_A5-300x110.jpg 300w, https:\/\/www.oceaneering.com\/wp-content\/uploads\/2025\/08\/Oceaneering_EVA_Spacesuit_A5-768x282.jpg 768w, https:\/\/www.oceaneering.com\/wp-content\/uploads\/2025\/08\/Oceaneering_EVA_Spacesuit_A5-1536x564.jpg 1536w, https:\/\/www.oceaneering.com\/wp-content\/uploads\/2025\/08\/Oceaneering_EVA_Spacesuit_A5-18x7.jpg 18w, https:\/\/www.oceaneering.com\/wp-content\/uploads\/2025\/08\/Oceaneering_EVA_Spacesuit_A5.jpg 1920w\" sizes=\"auto, (max-width: 1024px) 100vw, 1024px\" title=\"OceaneeringEVASpacesuitA5 | Oceaneering\" \/><\/a>\n\t<h3><a href='https:\/\/www.oceaneering.com\/pt\/spaceflight-solutions\/life-support-and-eva-systems\/' title='Sistemas de suporte \u00e0 vida e atividade extraveicular (EVA)'>Sistemas de suporte \u00e0 vida e atividade extraveicular (EVA)<\/a><\/h3>\n    \t<p>Fornecemos tecnologias de suporte \u00e0 vida e EVA que priorizam a seguran\u00e7a do astronauta e o sucesso da miss\u00e3o. Desde o projeto e os testes at\u00e9 a certifica\u00e7\u00e3o e a manuten\u00e7\u00e3o, nossas solu\u00e7\u00f5es s\u00e3o desenvolvidas para funcionar nos ambientes espaciais mais adversos, ajudando-o a operar com confian\u00e7a em todas as fases do voo espacial humano. <\/p>\n\t\t<a href=\"https:\/\/www.oceaneering.com\/pt\/spaceflight-solutions\/life-support-and-eva-systems\/\">Leia mais<\/a>\n\t\t<!-- .pp-content-posts -->\n<h2>\n\t\t40+ Years of Proven Spaceflight Solutions for NASA &#038; DoW\n\t<\/h2>\n\t<p>For more than four decades, we&#8217;ve partnered with <a href=\"https:\/\/www.nasa.gov\/\" target=\"_blank\" rel=\"noopener\">NASA<\/a>, <a href=\"https:\/\/www.war.gov\/\" target=\"_blank\" rel=\"noopener\">o Departamento de Guerra dos EUA (DoW)<\/a>, and leading commercial launch providers to provide innovative spaceflight solutions and advance space exploration. Our legacy includes iconic missions &#8211; from <a href=\"https:\/\/www.nasa.gov\/space-shuttle\/\" target=\"_blank\" rel=\"noopener\">o \u00d4nibus Espacial<\/a> e <a href=\"https:\/\/www.nasa.gov\/international-space-station\/\" target=\"_blank\" rel=\"noopener\">ISS<\/a> para o <a href=\"https:\/\/www.nasa.gov\/humans-in-space\/space-launch-system\/\" target=\"_blank\" rel=\"noopener\">Sistema de lan\u00e7amento espacial (SLS)<\/a>e o <a href=\"https:\/\/www.nasa.gov\/humans-in-space\/orion-spacecraft\/\" target=\"_blank\" rel=\"noopener\">Programa Orion Miss\u00e3o Artemis I<\/a>.<\/p>\n\t\t\t\t\t\t\t\t\t<h3>Solu\u00e7\u00f5es reais e impactantes.<\/h3>\n\t\t\t\t\t\t\t\t\t<p>Explore como nossas inova\u00e7\u00f5es criativas transformam desafios em oportunidades, proporcionando resultados tang\u00edveis com os quais voc\u00ea pode contar.<\/p>\n\t\t\t\t\t\t<a href=\"https:\/\/www.oceaneering.com\/pt\/resources\/?_content_types=case-study\" target=\"_self\">\n\t\t\t\t\t\t\t\tVer todos os estudos de caso\t\t\t\t\t\t\t\n\t\t\t\t\t\t\t\t\t\t\t\t\t<\/a>\n\t\t\t\t\t\t<button>\n\t\t\t\t\t\t\tAnterior\n\t\t\t\t\t\t<\/button>\n\t\t\t\t\t\t<button>\n\t\t\t\t\t\t\tPr\u00f3ximo\n\t\t\t\t\t\t<\/button>\n\t\t\t\t\t\t\t<a href=\"https:\/\/www.oceaneering.com\/pt\/case-studies\/ensuring-the-safety-of-astronauts-with-the-crew-module-uprighting-system-cmus\/\">\n\t\t\t\t\t\t\t\t\t\t<img decoding=\"async\" src=\"https:\/\/www.oceaneering.com\/wp-content\/uploads\/2025\/08\/52557646109_f6b77b230a_5k-copy-scaled.webp\" alt=\"Oceaneering's Crew Module Uprighting System (CMUS) bags deployed on NASA's Orion spacecraft for the Artemis I mission kept the capsule upright and stable for splash-down recovery on December 11, 2022.\"\/>\n\t\t\t\t\t\t\t\t\t\t<h3>Garantindo a seguran\u00e7a dos astronautas com o sistema de eleva\u00e7\u00e3o do m\u00f3dulo da tripula\u00e7\u00e3o (CMUS)<\/h3>\n\t\t\t\t\t\t\t\t\t\t<h3>Garantindo a seguran\u00e7a dos astronautas com o sistema de eleva\u00e7\u00e3o do m\u00f3dulo da tripula\u00e7\u00e3o (CMUS)<\/h3>\n\t\t\t\t\t\t\t\t\t\t\t\t\t\t\t\t\t\t\t\t\t<p>Human spaceflight is inherently dangerous due to the high speeds and extreme environments during launch, orbit, flight,&#8230;<\/p>\n\t\t\t\t\t\t\t\t\t\t\tSaiba mais\n\t\t\t\t\t\t\t<\/a>\n\n\t\tEntre em contato conosco\n\t\n<h2>\n\t\tNossa equipe de especialistas est\u00e1 pronta para ajud\u00e1-lo a come\u00e7ar.\n\t<\/h2>\n\t<p>A Oceaneering oferece os melhores produtos e solu\u00e7\u00f5es da categoria, respaldados por qualidade, confiabilidade e suporte global inigual\u00e1veis. Preencha o formul\u00e1rio de consulta para iniciar uma conversa hoje mesmo.<\/p>","protected":false},"excerpt":{"rendered":"<p>Discuss a Project SPACE SYSTEMS Spaceflight Solutions from Launch to Reentry Serving the space community with spaceflight solutions for over four decades from launch, on-orbit to reentry. Watch Video End-to-End Spaceflight Systems Engineering from Concept to Orbit Rooted in a legacy of space systems engineering excellence, we deliver comprehensive spaceflight solutions that span the full &#8230; <a title=\"Solu\u00e7\u00f5es para voos espaciais, do lan\u00e7amento \u00e0 reentrada\" class=\"read-more\" href=\"https:\/\/www.oceaneering.com\/pt\/spaceflight-solutions\/\" aria-label=\"Read more about Spaceflight Solutions from Launch to Reentry\">Leia mais<\/a><\/p>","protected":false},"author":25,"featured_media":0,"parent":0,"menu_order":2,"comment_status":"closed","ping_status":"closed","template":"","meta":{"_acf_changed":false,"footnotes":"","_links_to":"","_links_to_target":""},"product_category":[],"search_tags":[1787],"class_list":["post-77884","page","type-page","status-publish","search_tags-space-systems"],"acf":[],"aioseo_notices":[],"_links":{"self":[{"href":"https:\/\/www.oceaneering.com\/pt\/wp-json\/wp\/v2\/pages\/77884","targetHints":{"allow":["GET"]}}],"collection":[{"href":"https:\/\/www.oceaneering.com\/pt\/wp-json\/wp\/v2\/pages"}],"about":[{"href":"https:\/\/www.oceaneering.com\/pt\/wp-json\/wp\/v2\/types\/page"}],"author":[{"embeddable":true,"href":"https:\/\/www.oceaneering.com\/pt\/wp-json\/wp\/v2\/users\/25"}],"replies":[{"embeddable":true,"href":"https:\/\/www.oceaneering.com\/pt\/wp-json\/wp\/v2\/comments?post=77884"}],"version-history":[{"count":62,"href":"https:\/\/www.oceaneering.com\/pt\/wp-json\/wp\/v2\/pages\/77884\/revisions"}],"predecessor-version":[{"id":79939,"href":"https:\/\/www.oceaneering.com\/pt\/wp-json\/wp\/v2\/pages\/77884\/revisions\/79939"}],"wp:attachment":[{"href":"https:\/\/www.oceaneering.com\/pt\/wp-json\/wp\/v2\/media?parent=77884"}],"wp:term":[{"taxonomy":"product_category","embeddable":true,"href":"https:\/\/www.oceaneering.com\/pt\/wp-json\/wp\/v2\/product_category?post=77884"},{"taxonomy":"search_tags","embeddable":true,"href":"https:\/\/www.oceaneering.com\/pt\/wp-json\/wp\/v2\/search_tags?post=77884"}],"curies":[{"name":"wp","href":"https:\/\/api.w.org\/{rel}","templated":true}]}}