{"id":77871,"date":"2025-10-06T04:09:50","date_gmt":"2025-10-06T09:09:50","guid":{"rendered":"https:\/\/www.oceaneering.com\/?page_id=77871"},"modified":"2025-11-04T00:28:12","modified_gmt":"2025-11-04T06:28:12","slug":"flight-certified-hardware-and-softgoods","status":"publish","type":"page","link":"https:\/\/www.oceaneering.com\/pt\/spaceflight-solutions\/flight-certified-hardware-and-softgoods\/","title":{"rendered":"Hardware e Softgoods com certifica\u00e7\u00e3o de voo"},"content":{"rendered":"<p><a href=\"https:\/\/www.oceaneering.com\/pt\/space-systems\/#contact\" target=\"_self\"> Discutir um projeto <\/a> Sistemas espaciais<\/p>\r\n<h1>Hardware e Softgoods com certifica\u00e7\u00e3o de voo<\/h1>\r\n<p>Hardware e softgoods fabricados com precis\u00e3o e com certifica\u00e7\u00e3o de voo para miss\u00f5es tripuladas e n\u00e3o tripuladas, cargas \u00fateis externas e manuten\u00e7\u00e3o, montagem e fabrica\u00e7\u00e3o no espa\u00e7o (ISAM).<\/p>\r\n<h2>Comprovado sob press\u00e3o, confi\u00e1vel no espa\u00e7o<\/h2>\r\n<p>When your mission demands precision in the harshest environments, whether deep underwater or in the vacuum of space, you need technology that will not\u00a0fail. Our space solutions are built on decades of subsea engineering expertise, adapted to meet the extreme challenges of space. You benefit from field-proven, modular systems designed for durability, adaptability, and mission readiness. Whether you&#8217;re operating below the surface or beyond Earth&#8217;s atmosphere, our robotic interface systems and end effectors help you achieve your goals with confidence.<\/p>\r\n<h2>Conectando cargas \u00fateis, ferramentas e possibilidades com hardware e software certificados para voo<\/h2>\r\n<p><img loading=\"lazy\" decoding=\"async\" title=\"52557646109_f6b77b230a_5k\" src=\"https:\/\/www.oceaneering.com\/wp-content\/uploads\/2025\/08\/52557646109_f6b77b230a_5k.jpg\" alt=\"Oceaneering's Crew Module Uprighting System (CMUS) bags deployed on NASA's Orion spacecraft for the Artemis I mission kept the capsule upright and stable for splash-down recovery on December 11, 2022.\" width=\"1920\" height=\"1280\" \/><\/p>\r\n<h3>Sistema de eleva\u00e7\u00e3o do m\u00f3dulo da tripula\u00e7\u00e3o (CMUS)<\/h3>\r\n<p>Desenvolvido para <a href=\"https:\/\/www.nasa.gov\/humans-in-space\/orion-spacecraft\/\" target=\"_blank\" rel=\"noopener\">NASA&#8217;s Orion program<\/a> e demonstrado com sucesso durante a miss\u00e3o Artemis I, o CMUS desempenha um papel fundamental na recupera\u00e7\u00e3o p\u00f3s-esmagamento. Ap\u00f3s o impacto com a \u00e1gua, cinco bolsas de flutua\u00e7\u00e3o que operam de forma independente s\u00e3o infladas usando h\u00e9lio pressurizado para direcionar rapidamente a c\u00e1psula da tripula\u00e7\u00e3o, garantindo que ela permane\u00e7a na posi\u00e7\u00e3o vertical e est\u00e1vel. Esse sistema \u00e9 essencial para permitir a sa\u00edda segura e eficiente do astronauta ap\u00f3s o pouso no oceano.<\/p>\r\n<p><img loading=\"lazy\" decoding=\"async\" title=\"iss062e113107\" src=\"https:\/\/www.oceaneering.com\/wp-content\/uploads\/2025\/08\/iss062e113107.jpg\" alt=\"The European Space Agency (ESA) Bartolomeo external commercial facility on the International Space Station (ISS) with Oceaneering GOLD-2 devices attached.\" width=\"1920\" height=\"1280\" \/><\/p>\r\n<h3>Dispositivo de travamento de uso geral da Oceaneering (GOLD-2)<\/h3>\r\n<p>Comprovado em voo e operando em <a href=\"https:\/\/www.nasa.gov\/directorates\/somd\/space-communications-navigation-program\/technology-readiness-levels\/\" target=\"_blank\" rel=\"noopener\">N\u00edvel de prontid\u00e3o tecnol\u00f3gica (TRL) 9<\/a>, GOLD-2 is the standard interface for external payloads on the <a href=\"https:\/\/www.nasa.gov\/international-space-station\/\" target=\"_blank\" rel=\"noopener\">Esta\u00e7\u00e3o Espacial Internacional (ISS)<\/a>, including NanoRacks Airlock Bartolomeo. With over 20 units in orbit, this scalable latching system delivers reliable mechanical, electrical, and data connectivity and is ready for deployment in Low Earth Orbit (LEO), Geostationary Earth Orbit (GEO), and Cislunar missions.<\/p>\r\n<p><a href=\"https:\/\/oceaneering.canto.com\/download\/document\/6actd5evqt6kpecianobbhkp2a\/original.pdf\" target=\"_blank\" rel=\"noopener\"> Folheto do conector GOLD-2 <\/a> <img loading=\"lazy\" decoding=\"async\" title=\"210223-N-UI176-1091-copy\" src=\"https:\/\/www.oceaneering.com\/wp-content\/uploads\/2025\/08\/210223-N-UI176-1091-copy.jpg\" alt=\"Close-up of the Tool Changer and Common Receptacle Subassembly developed by Oceaneering for DARPA's RSGS program.\" width=\"1920\" height=\"1277\" \/><\/p>\r\n<h3>Subconjunto do trocador de ferramentas e do recept\u00e1culo comum<\/h3>\r\n<p>Originalmente desenvolvido para o <a href=\"https:\/\/www.darpa.mil\/\" target=\"_blank\" rel=\"noopener\">Defense Advanced Research Projects Agency&#8217;s (DARPA)<\/a> <a href=\"https:\/\/etd.gsfc.nasa.gov\/our-work\/rsgs\/\" target=\"_blank\" rel=\"noopener\">Manuten\u00e7\u00e3o rob\u00f3tica de sat\u00e9lites geoss\u00edncronos (RSGS)<\/a> O programa Tool Changer and Common Receptacle Subassembly permite a fixa\u00e7\u00e3o confi\u00e1vel e repet\u00edvel de ferramentas e sensores em \u00f3rbita. Criado para sistemas rob\u00f3ticos, ele garante conex\u00f5es el\u00e9tricas e mec\u00e2nicas dur\u00e1veis e \u00e9 ideal para manuten\u00e7\u00e3o, montagem e inspe\u00e7\u00e3o em \u00f3rbita geoss\u00edncrona e al\u00e9m.<\/p>\r\n<p><img loading=\"lazy\" decoding=\"async\" title=\"Gold2_ISS_V2\" src=\"https:\/\/www.oceaneering.com\/wp-content\/uploads\/2025\/10\/Gold2_ISS_V2.png\" alt=\"GOLD-2 devices on the Bartolomeo on the International Space Station (ISS) with curvature of Earth in background.\" width=\"960\" height=\"640\" \/><\/p>\r\n<h2>Apoio \u00e0s opera\u00e7\u00f5es do ISAM<\/h2>\r\n<p>Nosso hardware com certifica\u00e7\u00e3o de voo apoia o futuro da manuten\u00e7\u00e3o, montagem e fabrica\u00e7\u00e3o no espa\u00e7o (ISAM), permitindo opera\u00e7\u00f5es precisas e repet\u00edveis em \u00f3rbita. Nossos sistemas comprovados em voo, incluindo trocadores de ferramentas, dispositivos de travamento e efetores finais modulares, s\u00e3o projetados para durabilidade e adaptabilidade em tarefas de manuten\u00e7\u00e3o, inspe\u00e7\u00e3o e montagem.<\/p>\r\n<h2>Fornecimento de conectividade mec\u00e2nica, el\u00e9trica e de dados<\/h2>\r\n<p>Seja apoiando a manuten\u00e7\u00e3o de sat\u00e9lites em \u00f3rbita geoss\u00edncrona ou permitindo a integra\u00e7\u00e3o aut\u00f4noma de cargas \u00fateis no espa\u00e7o cislunar, nossas tecnologias oferecem conectividade mec\u00e2nica, el\u00e9trica e de dados confi\u00e1vel. Com ra\u00edzes na rob\u00f3tica submarina e na heran\u00e7a dos voos espaciais, ajudamos a promover os recursos ISAM que prolongam a vida \u00fatil da miss\u00e3o, reduzem os riscos e abrem novas possibilidades para a infraestrutura orbital.<\/p>\r\n<p><img loading=\"lazy\" decoding=\"async\" title=\"shutterstock_2291065933 copy\" src=\"https:\/\/www.oceaneering.com\/wp-content\/uploads\/2025\/10\/shutterstock_2291065933-copy.png\" alt=\"A space satellite above the Earth's surface.\" width=\"960\" height=\"640\" \/><\/p>\r\n<h3>Solu\u00e7\u00f5es reais e impactantes.<\/h3>\r\n<p>Explore como nossas inova\u00e7\u00f5es criativas transformam desafios em oportunidades, proporcionando resultados tang\u00edveis com os quais voc\u00ea pode contar.<\/p>\r\n<p><a href=\"https:\/\/www.oceaneering.com\/pt\/resources\/?_content_types=case-study\" target=\"_self\"> Ver todos os estudos de caso <\/a> <button> Anterior <\/button> <button> Pr\u00f3ximo <\/button> <a href=\"https:\/\/www.oceaneering.com\/pt\/case-studies\/ensuring-the-safety-of-astronauts-with-the-crew-module-uprighting-system-cmus\/\"> <img decoding=\"async\" src=\"https:\/\/www.oceaneering.com\/wp-content\/uploads\/2025\/08\/52557646109_f6b77b230a_5k-copy-scaled.webp\" alt=\"Oceaneering's Crew Module Uprighting System (CMUS) bags deployed on NASA's Orion spacecraft for the Artemis I mission kept the capsule upright and stable for splash-down recovery on December 11, 2022.\" \/><\/a><\/p>\r\n<h3>Garantindo a seguran\u00e7a dos astronautas com o sistema de eleva\u00e7\u00e3o do m\u00f3dulo da tripula\u00e7\u00e3o (CMUS)<\/h3>\r\n<h3>Garantindo a seguran\u00e7a dos astronautas com o sistema de eleva\u00e7\u00e3o do m\u00f3dulo da tripula\u00e7\u00e3o (CMUS)<\/h3>\r\n<p>Human spaceflight is inherently dangerous due to the high speeds and extreme environments during launch, orbit, flight,&#8230;<\/p>\r\n<p><a href=\"https:\/\/www.oceaneering.com\/pt\/case-studies\/ensuring-the-safety-of-astronauts-with-the-crew-module-uprighting-system-cmus\/\">Saiba mais <\/a><\/p>\r\n<h1>Entre em contato conosco<\/h1>\r\n<h2>Nossa equipe de especialistas est\u00e1 pronta para ajud\u00e1-lo a come\u00e7ar.<\/h2>\r\n<p>A Oceaneering oferece os melhores produtos e solu\u00e7\u00f5es da categoria, respaldados por qualidade, confiabilidade e suporte global inigual\u00e1veis. Preencha o formul\u00e1rio de consulta para iniciar uma conversa hoje mesmo.<\/p>","protected":false},"excerpt":{"rendered":"<p>N\u00f3s o ajudamos a operar com maior precis\u00e3o e efici\u00eancia no espa\u00e7o. Nossos hardwares e softgoods com certifica\u00e7\u00e3o de voo ampliam seus recursos, desde manipuladores e conectores de carga \u00fatil externa at\u00e9 arquiteturas de controle, dando suporte ao sucesso da miss\u00e3o em opera\u00e7\u00f5es tripuladas, n\u00e3o tripuladas e de manuten\u00e7\u00e3o e fabrica\u00e7\u00e3o no espa\u00e7o (ISAM). <\/p>","protected":false},"author":25,"featured_media":78831,"parent":77884,"menu_order":0,"comment_status":"closed","ping_status":"closed","template":"","meta":{"_acf_changed":false,"footnotes":"","_links_to":"","_links_to_target":""},"product_category":[1475],"search_tags":[],"class_list":["post-77871","page","type-page","status-publish","has-post-thumbnail","product_category-space-systems"],"acf":[],"aioseo_notices":[],"_links":{"self":[{"href":"https:\/\/www.oceaneering.com\/pt\/wp-json\/wp\/v2\/pages\/77871","targetHints":{"allow":["GET"]}}],"collection":[{"href":"https:\/\/www.oceaneering.com\/pt\/wp-json\/wp\/v2\/pages"}],"about":[{"href":"https:\/\/www.oceaneering.com\/pt\/wp-json\/wp\/v2\/types\/page"}],"author":[{"embeddable":true,"href":"https:\/\/www.oceaneering.com\/pt\/wp-json\/wp\/v2\/users\/25"}],"replies":[{"embeddable":true,"href":"https:\/\/www.oceaneering.com\/pt\/wp-json\/wp\/v2\/comments?post=77871"}],"version-history":[{"count":65,"href":"https:\/\/www.oceaneering.com\/pt\/wp-json\/wp\/v2\/pages\/77871\/revisions"}],"predecessor-version":[{"id":79589,"href":"https:\/\/www.oceaneering.com\/pt\/wp-json\/wp\/v2\/pages\/77871\/revisions\/79589"}],"up":[{"embeddable":true,"href":"https:\/\/www.oceaneering.com\/pt\/wp-json\/wp\/v2\/pages\/77884"}],"wp:featuredmedia":[{"embeddable":true,"href":"https:\/\/www.oceaneering.com\/pt\/wp-json\/wp\/v2\/media\/78831"}],"wp:attachment":[{"href":"https:\/\/www.oceaneering.com\/pt\/wp-json\/wp\/v2\/media?parent=77871"}],"wp:term":[{"taxonomy":"product_category","embeddable":true,"href":"https:\/\/www.oceaneering.com\/pt\/wp-json\/wp\/v2\/product_category?post=77871"},{"taxonomy":"search_tags","embeddable":true,"href":"https:\/\/www.oceaneering.com\/pt\/wp-json\/wp\/v2\/search_tags?post=77871"}],"curies":[{"name":"wp","href":"https:\/\/api.w.org\/{rel}","templated":true}]}}