{"id":77822,"date":"2025-08-26T02:00:12","date_gmt":"2025-08-26T07:00:12","guid":{"rendered":"https:\/\/www.oceaneering.com\/?page_id=77822"},"modified":"2025-11-04T01:54:05","modified_gmt":"2025-11-04T07:54:05","slug":"life-support-and-eva-systems","status":"publish","type":"page","link":"https:\/\/www.oceaneering.com\/pt\/spaceflight-solutions\/life-support-and-eva-systems\/","title":{"rendered":"Sistemas de suporte \u00e0 vida e atividade extraveicular (EVA)"},"content":{"rendered":"<p><a href=\"https:\/\/www.oceaneering.com\/pt\/space-systems\/#contact\" target=\"_self\"> Discutir um projeto <\/a> Sistemas espaciais<\/p>\r\n<h1>Sistemas de suporte \u00e0 vida e atividade extraveicular (EVA)<\/h1>\r\n<p>Sistemas avan\u00e7ados de suporte \u00e0 vida e EVA para voos espaciais humanos, caminhadas espaciais e opera\u00e7\u00f5es de habitat.<\/p>\r\n<h2>Experi\u00eancia comprovada e resultados confi\u00e1veis<\/h2>\r\n<p>H\u00e1 mais de quatro d\u00e9cadas, somos um parceiro de confian\u00e7a no desenvolvimento, fornecimento e manuten\u00e7\u00e3o de sistemas de suporte \u00e0 vida e EVA que ap\u00f3iam as opera\u00e7\u00f5es de voo espacial humano dentro e fora da espa\u00e7onave. Nossas solu\u00e7\u00f5es incluem certifica\u00e7\u00e3o, testes, fabrica\u00e7\u00e3o e manuten\u00e7\u00e3o de uma ampla gama de ferramentas e sistemas de EVA projetados para seguran\u00e7a, efici\u00eancia e desempenho de longa dura\u00e7\u00e3o.<\/p>\r\n<h2>Capacidades de suporte \u00e0 vida<\/h2>\r\n<h3>Suprimento de oxig\u00eanio<\/h3>\r\n<ul>\r\n<li>Oxig\u00eanio ou ar gasoso regulado de alta press\u00e3o<\/li>\r\n<li>Ar\/oxig\u00eanio criog\u00eanico vaporizado, regulado por press\u00e3o<\/li>\r\n<li>Gera\u00e7\u00e3o de oxig\u00eanio por meio de eletr\u00f3lise de \u00e1gua l\u00edquida<\/li>\r\n<li>Gera\u00e7\u00e3o de oxig\u00eanio por meio de eletr\u00f3lise de vapor de \u00e1gua<\/li>\r\n<\/ul>\r\n<h3>Remo\u00e7\u00e3o de di\u00f3xido de carbono<\/h3>\r\n<ul>\r\n<li>Hidr\u00f3xido de l\u00edtio (granulado ou pl\u00e1stico)<\/li>\r\n<li>Separador eletroqu\u00edmico de di\u00f3xido de carbono<\/li>\r\n<li>Cama de balan\u00e7o de amina s\u00f3lida<\/li>\r\n<li>Cama de balan\u00e7o de peneira molecular<\/li>\r\n<li>Congelamento de di\u00f3xido de carbono criog\u00eanico<\/li>\r\n<\/ul>\r\n<h3>Remo\u00e7\u00e3o de tra\u00e7os de contaminantes<\/h3>\r\n<ul>\r\n<li>Carv\u00e3o ativado (uso geral)<\/li>\r\n<li>Carv\u00e3o ativado impregnado de \u00e1cido (para gases b\u00e1sicos)<\/li>\r\n<li>Carv\u00e3o ativado impregnado com base (para gases \u00e1cidos)<\/li>\r\n<li>Potassium permanganate-impregnated alumina (oxidizing agent)<\/li>\r\n<\/ul>\r\n<h3>Controle de temperatura e umidade<\/h3>\r\n<ul>\r\n<li>Trocador de calor de condensa\u00e7\u00e3o (desumidifica\u00e7\u00e3o)<\/li>\r\n<li>Membrana de Nafion (umidifica\u00e7\u00e3o e desumidifica\u00e7\u00e3o)<\/li>\r\n<li>Contator g\u00e1s-l\u00edquido (umidifica\u00e7\u00e3o)<\/li>\r\n<li>Evaporador<\/li>\r\n<li>Sublimador<\/li>\r\n<\/ul>\r\n<h3>Controle atmosf\u00e9rico<\/h3>\r\n<ul>\r\n<li>Reguladores de press\u00e3o<\/li>\r\n<li>V\u00e1lvulas de controle de fluxo<\/li>\r\n<\/ul>\r\n<h3>Recupera\u00e7\u00e3o de \u00e1gua e gerenciamento de res\u00edduos<\/h3>\r\n<ul>\r\n<li>Sistemas integrados para reciclagem de \u00e1gua e manuseio de res\u00edduos<\/li>\r\n<\/ul>\r\n<h2>Ferramentas para a tarefa, sistemas de sobreviv\u00eancia<\/h2>\r\n<p><img loading=\"lazy\" decoding=\"async\" title=\"C\u00f3pia do Crew-using-Waist-Tether\" src=\"https:\/\/www.oceaneering.com\/wp-content\/uploads\/2025\/08\/Crew-using-Waist-Tether-copy.jpg\" alt=\"Astronaut using a waist tether to perform work outside of the International Space Station (ISS).\" width=\"1920\" height=\"1274\" \/><\/p>\r\n<h3>Ferramentas e equipamentos de EVA<\/h3>\r\n<p>Projetamos e entregamos mais de 5.000 itens de EVA, incluindo mais de 400 solu\u00e7\u00f5es de hardware exclusivas para o <a href=\"https:\/\/www.nasa.gov\/space-shuttle\/\" target=\"_blank\" rel=\"noopener\">\u00d4nibus espacial<\/a> e o <a href=\"https:\/\/www.nasa.gov\/international-space-station\/\" target=\"_blank\" rel=\"noopener\">Esta\u00e7\u00e3o Espacial Internacional (ISS)<\/a>. Nosso portf\u00f3lio abrange uma ampla gama de ferramentas, como miniesta\u00e7\u00f5es de trabalho, amarras de seguran\u00e7a, suportes de m\u00e3o para transla\u00e7\u00e3o, aux\u00edlios para doar\/descarregar, aspiradores de detritos e sistemas de suporte de trajes. Tamb\u00e9m fornecemos engenharia de sustenta\u00e7\u00e3o e suporte de invent\u00e1rio para todas as ferramentas operacionais de EVA, ao mesmo tempo em que lideramos o projeto e o reabastecimento de aux\u00edlios essenciais \u00e0 tripula\u00e7\u00e3o.<\/p>\r\n<p><img loading=\"lazy\" decoding=\"async\" title=\"EVA_STEM\" src=\"https:\/\/www.oceaneering.com\/wp-content\/uploads\/2025\/08\/EVA_STEM.jpg\" alt=\"Astronaut working outside of the International Space Station (ISS).\" width=\"1280\" height=\"651\" \/><\/p>\r\n<h3>Sistemas de trajes espaciais<\/h3>\r\n<p>Nossas tecnologias avan\u00e7adas de suporte \u00e0 vida e trajes espaciais ajudam a manter os astronautas seguros e prontos para a miss\u00e3o. Desde 1989, temos parceria com <a href=\"https:\/\/www.nasa.gov\/\" target=\"_blank\" rel=\"noopener\">NASA<\/a> A empresa est\u00e1 empenhada em projetar sistemas de alto desempenho que d\u00e3o suporte a caminhadas espaciais, e estamos apoiando ativamente futuras miss\u00f5es de explora\u00e7\u00e3o para a Lua, Marte e al\u00e9m. Nossos recursos incluem pain\u00e9is e umbilicais de interface de trajes, coberturas t\u00e9rmicas e sistemas de fluidos, al\u00e9m de equipamentos auxiliares para trajes EVA de \u00faltima gera\u00e7\u00e3o.<\/p>\r\n<p><img loading=\"lazy\" decoding=\"async\" title=\"jsc2015e077521\" src=\"https:\/\/www.oceaneering.com\/wp-content\/uploads\/2025\/08\/jsc2015e077521.jpg\" alt=\"Oceaneering engineers testing the astronaut life support equipment.\" width=\"1920\" height=\"1278\" \/><\/p>\r\n<h3>Tecnologias de suporte \u00e0 vida<\/h3>\r\n<p>Da gera\u00e7\u00e3o de oxig\u00eanio \u00e0 recupera\u00e7\u00e3o de \u00e1gua, nossas tecnologias de suporte \u00e0 vida s\u00e3o projetadas para proteger os astronautas nos ambientes mais exigentes. Incorporamos t\u00e9cnicas avan\u00e7adas de modelagem, tecnologia de g\u00eameos digitais e testes HITL (human-in-the-loop) em todas as fases de desenvolvimento para simular condi\u00e7\u00f5es do mundo real, validar o comportamento do sistema e refinar os projetos em colabora\u00e7\u00e3o com os usu\u00e1rios finais.<\/p>\r\n<h2>Aux\u00edlios \u00e0 tripula\u00e7\u00e3o para c\u00e2maras de ar e habitats<\/h2>\r\n<p>Desenvolvemos sistemas para a tripula\u00e7\u00e3o e equipamentos no habitat que aumentam a efici\u00eancia operacional e o bem-estar da tripula\u00e7\u00e3o dentro de habitats e ve\u00edculos espaciais.<\/p>\r\n<h3>Solu\u00e7\u00f5es para a higiene da tripula\u00e7\u00e3o<\/h3>\r\n<p>We&#8217;re ready to support your hygiene needs from waste systems, cooling water containment, and general crew health considerations in space habitats.<\/p>\r\n<h3>Suporte EVA<\/h3>\r\n<p>Nossas interfaces incluem pain\u00e9is de equipamentos de c\u00e2mara de v\u00e1cuo, bombas de fluido, coberturas t\u00e9rmicas, armazenamento de softgoods e hardware de trajes para agilizar as opera\u00e7\u00f5es pr\u00e9 e p\u00f3s-spacewalk.<\/p>\r\n<h3>Sistemas de habita\u00e7\u00e3o da tripula\u00e7\u00e3o<\/h3>\r\n<p>Oferecemos racks de armazenamento, armazenamento de alimentos e bebidas, sistemas de \u00e1gua pot\u00e1vel e assentos integrados para aumentar o conforto e a organiza\u00e7\u00e3o em ambientes com tripula\u00e7\u00e3o.<\/p>\r\n<h1>Entre em contato conosco<\/h1>\r\n<h2>Nossa equipe de especialistas est\u00e1 pronta para ajud\u00e1-lo a come\u00e7ar.<\/h2>\r\n<p>A Oceaneering oferece os melhores produtos e solu\u00e7\u00f5es da categoria, respaldados por qualidade, confiabilidade e suporte global inigual\u00e1veis. Preencha o formul\u00e1rio de consulta para iniciar uma conversa hoje mesmo.<\/p>","protected":false},"excerpt":{"rendered":"<p>Fornecemos tecnologias de suporte \u00e0 vida e EVA que priorizam a seguran\u00e7a do astronauta e o sucesso da miss\u00e3o. Desde o projeto e os testes at\u00e9 a certifica\u00e7\u00e3o e a manuten\u00e7\u00e3o, nossas solu\u00e7\u00f5es s\u00e3o desenvolvidas para funcionar nos ambientes espaciais mais adversos, ajudando-o a operar com confian\u00e7a em todas as fases do voo espacial humano. <\/p>","protected":false},"author":25,"featured_media":77826,"parent":77884,"menu_order":0,"comment_status":"closed","ping_status":"closed","template":"","meta":{"_acf_changed":false,"footnotes":"","_links_to":"","_links_to_target":""},"product_category":[1475],"search_tags":[1787],"class_list":["post-77822","page","type-page","status-publish","has-post-thumbnail","product_category-space-systems","search_tags-space-systems"],"acf":[],"aioseo_notices":[],"_links":{"self":[{"href":"https:\/\/www.oceaneering.com\/pt\/wp-json\/wp\/v2\/pages\/77822","targetHints":{"allow":["GET"]}}],"collection":[{"href":"https:\/\/www.oceaneering.com\/pt\/wp-json\/wp\/v2\/pages"}],"about":[{"href":"https:\/\/www.oceaneering.com\/pt\/wp-json\/wp\/v2\/types\/page"}],"author":[{"embeddable":true,"href":"https:\/\/www.oceaneering.com\/pt\/wp-json\/wp\/v2\/users\/25"}],"replies":[{"embeddable":true,"href":"https:\/\/www.oceaneering.com\/pt\/wp-json\/wp\/v2\/comments?post=77822"}],"version-history":[{"count":32,"href":"https:\/\/www.oceaneering.com\/pt\/wp-json\/wp\/v2\/pages\/77822\/revisions"}],"predecessor-version":[{"id":79587,"href":"https:\/\/www.oceaneering.com\/pt\/wp-json\/wp\/v2\/pages\/77822\/revisions\/79587"}],"up":[{"embeddable":true,"href":"https:\/\/www.oceaneering.com\/pt\/wp-json\/wp\/v2\/pages\/77884"}],"wp:featuredmedia":[{"embeddable":true,"href":"https:\/\/www.oceaneering.com\/pt\/wp-json\/wp\/v2\/media\/77826"}],"wp:attachment":[{"href":"https:\/\/www.oceaneering.com\/pt\/wp-json\/wp\/v2\/media?parent=77822"}],"wp:term":[{"taxonomy":"product_category","embeddable":true,"href":"https:\/\/www.oceaneering.com\/pt\/wp-json\/wp\/v2\/product_category?post=77822"},{"taxonomy":"search_tags","embeddable":true,"href":"https:\/\/www.oceaneering.com\/pt\/wp-json\/wp\/v2\/search_tags?post=77822"}],"curies":[{"name":"wp","href":"https:\/\/api.w.org\/{rel}","templated":true}]}}