{"id":77734,"date":"2025-10-05T07:47:13","date_gmt":"2025-10-05T12:47:13","guid":{"rendered":"https:\/\/www.oceaneering.com\/?page_id=77734"},"modified":"2025-11-04T01:53:56","modified_gmt":"2025-11-04T07:53:56","slug":"space-mission-design-and-astronaut-training","status":"publish","type":"page","link":"https:\/\/www.oceaneering.com\/pt\/spaceflight-solutions\/space-mission-design-and-astronaut-training\/","title":{"rendered":"Projeto de miss\u00e3o espacial e treinamento de astronautas"},"content":{"rendered":"<p><a href=\"https:\/\/www.oceaneering.com\/pt\/space-systems\/#contact\" target=\"_self\"> Discutir um projeto <\/a> Sistemas espaciais<\/p>\r\n<h1>Projeto de miss\u00e3o espacial e treinamento de astronautas<\/h1>\r\n<p>Fornecimento de engenharia de sistemas integrados, fabrica\u00e7\u00e3o e suporte a astronautas para garantir a confiabilidade da miss\u00e3o em ambientes adversos.<\/p>\r\n<h2>Engenharia e integra\u00e7\u00e3o de sistemas<\/h2>\r\n<p>Nossos experientes engenheiros de sistemas oferecem suporte de ponta a ponta para sistemas complexos, garantindo precis\u00e3o, integra\u00e7\u00e3o e sucesso da miss\u00e3o em todos os est\u00e1gios. Ao aplicar ferramentas comprovadas e processos disciplinados, impulsionamos o desempenho, reduzimos os riscos e fornecemos solu\u00e7\u00f5es para atender aos requisitos mais exigentes.<\/p>\r\n<h3>An\u00e1lise e arquitetura de sistemas<\/h3>\r\n<h3>Gerenciamento de requisitos e interfaces<\/h3>\r\n<h3>Verifica\u00e7\u00e3o, valida\u00e7\u00e3o e planejamento de testes<\/h3>\r\n<h3>Estrutura do produto e an\u00e1lise log\u00edstica<\/h3>\r\n<h2>Desenvolvimento integrado de produtos, do conceito ao lan\u00e7amento<\/h2>\r\n<p><img loading=\"lazy\" decoding=\"async\" title=\"20250617_135744 Grupo de an\u00e1lise_v2\" src=\"https:\/\/www.oceaneering.com\/wp-content\/uploads\/2025\/09\/20250617_135744-Analysis-group_v2-1.png\" alt=\"20250617_135744 Analysis group_v2\" width=\"960\" height=\"761\" \/><\/p>\r\n<h3>Projeto aeroespacial e an\u00e1lise estrutural<\/h3>\r\n<p>Oferecemos servi\u00e7os avan\u00e7ados de an\u00e1lise e projeto aeroespacial, incluindo modelagem CAD de precis\u00e3o, valida\u00e7\u00e3o estrutural e t\u00e9rmica e documenta\u00e7\u00e3o abrangente de montagem. Nossa an\u00e1lise estrutural abrange cargas, estresse e mec\u00e2nica de fratura, enquanto nossa experi\u00eancia t\u00e9rmica inclui aquecimento aerodin\u00e2mico e de pluma, simula\u00e7\u00f5es 1D-3D e correla\u00e7\u00e3o de testes para garantir um desempenho pronto para a miss\u00e3o.<\/p>\r\n<p><img loading=\"lazy\" decoding=\"async\" title=\"M_Shop_3\" src=\"https:\/\/www.oceaneering.com\/wp-content\/uploads\/2025\/08\/M_Shop_3.jpg\" alt=\"Technician using CNC lathe machine in Oceaneering manufacturing facility.\" width=\"1920\" height=\"1080\" \/><\/p>\r\n<h3>Manufatura de precis\u00e3o<\/h3>\r\n<p>Located near NASA&#8217;s Johnson Space Center, our AS9100D and ISO 9001:2015-certified facility supports the fabrication and testing of flight and ground hardware. Our capabilities include high-tolerance machining and assembly, thermal cycling and vibration testing, cleanroom integration, and gloved-access testing. We also ensure <a href=\"https:\/\/www.oceaneering.com\/pt\/spaceflight-solutions\/flight-certified-hardware-and-softgoods\/\">inspe\u00e7\u00e3o de hardware<\/a>, documenta\u00e7\u00e3o e entrega.<\/p>\r\n<p><img loading=\"lazy\" decoding=\"async\" title=\"OSS_Soft_goods_6\" src=\"https:\/\/www.oceaneering.com\/wp-content\/uploads\/2025\/08\/OSS_Soft_goods_6.jpg\" alt=\"Worker sewing thermal protection material at Oceaneering's soft good laboratory in Clear Lake, Texas.\" width=\"1920\" height=\"1080\" \/><\/p>\r\n<h3>Fabrica\u00e7\u00e3o de Softgoods<\/h3>\r\n<p>Produzimos produtos de baixo e alto volume <a id=\"menur1mg8\" title=\"https:\/\/www.oceaneering.com\/spaceflight-solutions\/flight-certified-hardware-and-softgoods\/\" href=\"https:\/\/www.oceaneering.com\/pt\/spaceflight-solutions\/flight-certified-hardware-and-softgoods\/\" target=\"_blank\" rel=\"noreferrer noopener\" aria-label=\"Softgoods aeroespaciais com certifica\u00e7\u00e3o de voo da Kobling\">softgoods aeroespaciais com certifica\u00e7\u00e3o de voo<\/a> desde isolamento t\u00e9rmico at\u00e9 ferramentas para astronautas. Nossa experiente equipe fabrica cada produto de acordo com as especifica\u00e7\u00f5es exatas, usando tecidos de grau aeroespacial, como cer\u00e2micas especiais e tecidos compostos. Fabricamos uma ampla gama de produtos, incluindo <a id=\"menur1mga\" title=\"https:\/\/www.oceaneering.com\/spaceflight-solutions\/thermal-protection-systems\/\" href=\"https:\/\/www.oceaneering.com\/pt\/spaceflight-solutions\/thermal-protection-systems\/\" target=\"_blank\" rel=\"noreferrer noopener\" aria-label=\"Mantas t\u00e9rmicas Kobling\">mantas t\u00e9rmicas<\/a>, sistemas de prote\u00e7\u00e3o, aux\u00edlios \u00e0 tripula\u00e7\u00e3o e <a id=\"menur1mgc\" title=\"https:\/\/www.oceaneering.com\/spaceflight-solutions\/life-support-and-eva-systems\/\" href=\"https:\/\/www.oceaneering.com\/pt\/spaceflight-solutions\/life-support-and-eva-systems\/\" target=\"_blank\" rel=\"noreferrer noopener\" aria-label=\"Atividade Extraveicular (EVA) do Kobling\">Atividade extraveicular (EVA)<\/a> acess\u00f3rios.<\/p>\r\n<p><img loading=\"lazy\" decoding=\"async\" title=\"CMAS_v3b\" src=\"https:\/\/www.oceaneering.com\/wp-content\/uploads\/2025\/08\/CMAS_v3b.jpg\" alt=\"CMAS_v3b\" width=\"1920\" height=\"1080\" \/><\/p>\r\n<h3>Modelagem e simula\u00e7\u00e3o<\/h3>\r\n<p>Nossos servi\u00e7os de modelagem e simula\u00e7\u00e3o reproduzem condi\u00e7\u00f5es de miss\u00e3o do mundo real para reduzir riscos, refinar procedimentos e validar o comportamento do sistema antes da implanta\u00e7\u00e3o. Os aplicativos variam desde a valida\u00e7\u00e3o de conceitos e prototipagem at\u00e9 o desenvolvimento de cen\u00e1rios operacionais, testes virtuais e solu\u00e7\u00e3o de problemas, <a href=\"https:\/\/www.oceaneering.com\/pt\/spaceflight-solutions\/life-support-and-eva-systems\/\">Desenvolvimento de ferramentas EVA<\/a>, e ensaio de miss\u00e3o.<\/p>\r\n<p><img loading=\"lazy\" decoding=\"async\" title=\"NBL_1463\" src=\"https:\/\/www.oceaneering.com\/wp-content\/uploads\/2025\/10\/NBL_1463.jpg\" alt=\"Diver supports astronaut training at NASA's Neutral Buoyancy Laboratory (NBL).\" width=\"2400\" height=\"1594\" \/><\/p>\r\n<h2>Treinamento de astronautas<\/h2>\r\n<p>N\u00f3s apoiamos <a href=\"https:\/\/www.nasa.gov\/johnson\/neutral-buoyancy-laboratory\/\" target=\"_blank\" rel=\"noopener\">NASA&#8217;s Neutral Buoyancy Laboratory (NBL)<\/a> fornecendo assist\u00eancia de mergulhador na \u00e1gua para o treinamento de astronautas. Nossa equipe ajuda a simular condi\u00e7\u00f5es de microgravidade, permitindo que os astronautas pratiquem <a href=\"https:\/\/www.oceaneering.com\/pt\/spaceflight-solutions\/life-support-and-eva-systems\/\">procedimentos complexos de EVA<\/a> e manuseio de equipamentos em prepara\u00e7\u00e3o para miss\u00f5es no mundo real.<\/p>\r\n<h3>Solu\u00e7\u00f5es reais e impactantes.<\/h3>\r\n<p>Explore como nossas inova\u00e7\u00f5es criativas transformam desafios em oportunidades, proporcionando resultados tang\u00edveis com os quais voc\u00ea pode contar.<\/p>\r\n<p><a href=\"https:\/\/www.oceaneering.com\/pt\/resources\/?_content_types=case-study\" target=\"_self\"> Ver todos os estudos de caso <\/a> <button> Anterior <\/button> <button> Pr\u00f3ximo <\/button> <a href=\"https:\/\/www.oceaneering.com\/pt\/case-studies\/ensuring-the-safety-of-astronauts-with-the-crew-module-uprighting-system-cmus\/\"> <img decoding=\"async\" src=\"https:\/\/www.oceaneering.com\/wp-content\/uploads\/2025\/08\/52557646109_f6b77b230a_5k-copy-scaled.webp\" alt=\"Oceaneering's Crew Module Uprighting System (CMUS) bags deployed on NASA's Orion spacecraft for the Artemis I mission kept the capsule upright and stable for splash-down recovery on December 11, 2022.\" \/><\/a><\/p>\r\n<h3>Garantindo a seguran\u00e7a dos astronautas com o sistema de eleva\u00e7\u00e3o do m\u00f3dulo da tripula\u00e7\u00e3o (CMUS)<\/h3>\r\n<h3>Garantindo a seguran\u00e7a dos astronautas com o sistema de eleva\u00e7\u00e3o do m\u00f3dulo da tripula\u00e7\u00e3o (CMUS)<\/h3>\r\n<p>Human spaceflight is inherently dangerous due to the high speeds and extreme environments during launch, orbit, flight,&#8230;<\/p>\r\n<p><a href=\"https:\/\/www.oceaneering.com\/pt\/case-studies\/ensuring-the-safety-of-astronauts-with-the-crew-module-uprighting-system-cmus\/\">Saiba mais <\/a><\/p>\r\n<h1>Entre em contato conosco<\/h1>\r\n<h2>Nossa equipe de especialistas est\u00e1 pronta para ajud\u00e1-lo a come\u00e7ar.<\/h2>\r\n<p>A Oceaneering oferece os melhores produtos e solu\u00e7\u00f5es da categoria, respaldados por qualidade, confiabilidade e suporte global inigual\u00e1veis. Preencha o formul\u00e1rio de consulta para iniciar uma conversa hoje mesmo.<\/p>","protected":false},"excerpt":{"rendered":"<p>O sucesso de sua miss\u00e3o em ambientes terrestres, orbitais e planet\u00e1rios come\u00e7a com solu\u00e7\u00f5es adaptadas \u00e0s suas necessidades. Com experi\u00eancia em engenharia de sistemas, projeto e an\u00e1lise, fabrica\u00e7\u00e3o de precis\u00e3o e treinamento de astronautas, alinhamos todos os recursos para atender \u00e0s suas metas operacionais e t\u00e9cnicas espec\u00edficas. <\/p>","protected":false},"author":25,"featured_media":79048,"parent":77884,"menu_order":0,"comment_status":"closed","ping_status":"closed","template":"","meta":{"_acf_changed":false,"footnotes":"","_links_to":"","_links_to_target":""},"product_category":[1475],"search_tags":[1787],"class_list":["post-77734","page","type-page","status-publish","has-post-thumbnail","product_category-space-systems","search_tags-space-systems"],"acf":[],"aioseo_notices":[],"_links":{"self":[{"href":"https:\/\/www.oceaneering.com\/pt\/wp-json\/wp\/v2\/pages\/77734","targetHints":{"allow":["GET"]}}],"collection":[{"href":"https:\/\/www.oceaneering.com\/pt\/wp-json\/wp\/v2\/pages"}],"about":[{"href":"https:\/\/www.oceaneering.com\/pt\/wp-json\/wp\/v2\/types\/page"}],"author":[{"embeddable":true,"href":"https:\/\/www.oceaneering.com\/pt\/wp-json\/wp\/v2\/users\/25"}],"replies":[{"embeddable":true,"href":"https:\/\/www.oceaneering.com\/pt\/wp-json\/wp\/v2\/comments?post=77734"}],"version-history":[{"count":52,"href":"https:\/\/www.oceaneering.com\/pt\/wp-json\/wp\/v2\/pages\/77734\/revisions"}],"predecessor-version":[{"id":79588,"href":"https:\/\/www.oceaneering.com\/pt\/wp-json\/wp\/v2\/pages\/77734\/revisions\/79588"}],"up":[{"embeddable":true,"href":"https:\/\/www.oceaneering.com\/pt\/wp-json\/wp\/v2\/pages\/77884"}],"wp:featuredmedia":[{"embeddable":true,"href":"https:\/\/www.oceaneering.com\/pt\/wp-json\/wp\/v2\/media\/79048"}],"wp:attachment":[{"href":"https:\/\/www.oceaneering.com\/pt\/wp-json\/wp\/v2\/media?parent=77734"}],"wp:term":[{"taxonomy":"product_category","embeddable":true,"href":"https:\/\/www.oceaneering.com\/pt\/wp-json\/wp\/v2\/product_category?post=77734"},{"taxonomy":"search_tags","embeddable":true,"href":"https:\/\/www.oceaneering.com\/pt\/wp-json\/wp\/v2\/search_tags?post=77734"}],"curies":[{"name":"wp","href":"https:\/\/api.w.org\/{rel}","templated":true}]}}