{"id":76840,"date":"2025-10-08T02:47:19","date_gmt":"2025-10-08T07:47:19","guid":{"rendered":"https:\/\/www.oceaneering.com\/?page_id=76840"},"modified":"2025-11-04T00:27:28","modified_gmt":"2025-11-04T06:27:28","slug":"thermal-protection-systems","status":"publish","type":"page","link":"https:\/\/www.oceaneering.com\/pt\/spaceflight-solutions\/thermal-protection-systems\/","title":{"rendered":"Sistemas de prote\u00e7\u00e3o t\u00e9rmica (TPS)"},"content":{"rendered":"<p><a href=\"https:\/\/www.oceaneering.com\/pt\/space-systems\/#contact\" target=\"_self\"> Discutir um projeto <\/a> Sistemas espaciais<\/p>\r\n<h1>Sistemas de prote\u00e7\u00e3o t\u00e9rmica (TPS)<\/h1>\r\n<p>Sistemas de prote\u00e7\u00e3o t\u00e9rmica comprovados para espa\u00e7onaves, ve\u00edculos de lan\u00e7amento e ambientes de miss\u00e3o extrema.<\/p>\r\n<h2>Especializa\u00e7\u00e3o em prote\u00e7\u00e3o t\u00e9rmica, do projeto \u00e0 entrega<\/h2>\r\n<p>Projetamos, certificamos, fabricamos e integramos produtos de prote\u00e7\u00e3o t\u00e9rmica para atender \u00e0s demandas t\u00e9rmicas e estruturais exatas da sua miss\u00e3o, garantindo a confiabilidade desde a decolagem at\u00e9 o pouso.<\/p>\r\n<p><img loading=\"lazy\" decoding=\"async\" title=\"Delta-II-launch-edited2\" src=\"https:\/\/www.oceaneering.com\/wp-content\/uploads\/2025\/08\/Delta-II-launch-edited2.jpg\" alt=\"Delta II rocket launch.\" width=\"1000\" height=\"1051\" \/><\/p>\r\n<h2>Desempenho comprovado em v\u00e1rias gera\u00e7\u00f5es de voos<\/h2>\r\n<p>Com mais de quatro d\u00e9cadas de desempenho comprovado, nossas tecnologias de TPS deram suporte a um amplo espectro de plataformas aeroespaciais, desde sistemas legados como o <a href=\"https:\/\/www.nasa.gov\/space-shuttle\/\" target=\"_blank\" rel=\"noopener\">\u00d4nibus espacial<\/a>, X-33 e Titan IVB a modernos ve\u00edculos de lan\u00e7amento de carga pesada, incluindo OmegA e <a href=\"https:\/\/www.nasa.gov\/humans-in-space\/space-launch-system\/\" target=\"_blank\" rel=\"noopener\">NASA&#8217;s Space Launch System (SLS)<\/a>. Nosso extenso legado de voos se traduz em solu\u00e7\u00f5es de TPS confi\u00e1veis e comprovadas para miss\u00f5es, projetadas para atender \u00e0s demandas t\u00e9rmicas e estruturais exclusivas de sistemas descart\u00e1veis e reutiliz\u00e1veis. Ao integrarmos o conhecimento especializado com testes de materiais internos, recursos de qualifica\u00e7\u00e3o e fluxos de trabalho de desenvolvimento responsivos, ajudamos voc\u00ea a atender aos requisitos de prote\u00e7\u00e3o t\u00e9rmica em constante evolu\u00e7\u00e3o de forma mais eficiente, com riscos reduzidos e maior confian\u00e7a no desempenho geral do sistema.<\/p>\r\n<p><a href=\"https:\/\/oceaneering.canto.com\/download\/video\/dvasivjqa55nd3ic1uq1gids1a\/original\" target=\"_self\"> Assista ao v\u00eddeo <\/a><\/p>\r\n<h2>Solu\u00e7\u00f5es confi\u00e1veis de TPS, do conceito \u00e0 qualifica\u00e7\u00e3o<\/h2>\r\n<p>Nossa equipe de engenharia altamente experiente fornece solu\u00e7\u00f5es inovadoras de TPS em todos os est\u00e1gios de desenvolvimento. Desde a avalia\u00e7\u00e3o de ambientes t\u00e9rmicos para lan\u00e7amento e recupera\u00e7\u00e3o at\u00e9 o projeto preliminar e final do sistema, garantimos o desempenho e a confiabilidade em cada etapa. Nossos recursos incluem certifica\u00e7\u00e3o de componentes, testes de integra\u00e7\u00e3o de sistemas (SIT), fabrica\u00e7\u00e3o em escala real e instala\u00e7\u00e3o. Tamb\u00e9m realizamos testes rigorosos de desenvolvimento e qualifica\u00e7\u00e3o, que v\u00e3o desde avalia\u00e7\u00f5es t\u00e9rmicas baseadas em cupons at\u00e9 testes de produ\u00e7\u00e3o e gimbal em escala real.<\/p>\r\n<p><img loading=\"lazy\" decoding=\"async\" title=\"Dscn0842\" src=\"https:\/\/www.oceaneering.com\/wp-content\/uploads\/2025\/08\/Dscn0842.jpg\" alt=\"Engineer assembling thermal protection ceramic tiles in manufacturing facility.\" width=\"1600\" height=\"1200\" \/><\/p>\r\n<h2>Prote\u00e7\u00e3o t\u00e9rmica que se ajusta ao perfil da miss\u00e3o<\/h2>\r\n<p>We deliver high-performance thermal protection solutions engineered to meet the diverse demands of today&#8217;s aerospace systems. Our products are designed to perform reliably in extreme environments, ensuring mission success across a wide range of thermal and structural profiles. \u00a0<\/p>\r\n<ul>\r\n<li>Tecidos para altas temperaturas e cortinas t\u00e9rmicas flex\u00edveis<\/li>\r\n<li>Mantas t\u00e9rmicas, preenchedores de lacunas e barreiras t\u00e9rmicas<\/li>\r\n<li>Ablatores de corti\u00e7a e espuma para ve\u00edculos lan\u00e7adores de ve\u00edculos<\/li>\r\n<li>Isolamento flex\u00edvel para \u00e1reas que excedam 2500\u00b0F (1371\u00b0C)<\/li>\r\n<li>Materiais \u00e0 base de cer\u00e2mica para ve\u00edculos reutiliz\u00e1veis de lan\u00e7amento e reentrada<\/li>\r\n<li>Acreage TPS com capacidade de reutiliza\u00e7\u00e3o demonstrada em temperaturas acima de 2000\u00b0F (1093\u00b0C)<\/li>\r\n<\/ul>\r\n<h1>Entre em contato conosco<\/h1>\r\n<h2>Nossa equipe de especialistas est\u00e1 pronta para ajud\u00e1-lo a come\u00e7ar.<\/h2>\r\n<p>A Oceaneering oferece os melhores produtos e solu\u00e7\u00f5es da categoria, respaldados por qualidade, confiabilidade e suporte global inigual\u00e1veis. Preencha o formul\u00e1rio de consulta para iniciar uma conversa hoje mesmo.<\/p>","protected":false},"excerpt":{"rendered":"<p>Proteja suas espa\u00e7onaves e ve\u00edculos de lan\u00e7amento contra calor e press\u00e3o extremos com solu\u00e7\u00f5es comprovadas de TPS. Com a confian\u00e7a dos programas da NASA e do DoW, nossos sistemas de prote\u00e7\u00e3o t\u00e9rmica s\u00e3o projetados para atender a perfis de miss\u00e3o exigentes, desde o projeto inicial at\u00e9 a certifica\u00e7\u00e3o e a produ\u00e7\u00e3o, garantindo um desempenho confi\u00e1vel quando mais importa. <\/p>","protected":false},"author":25,"featured_media":77731,"parent":77884,"menu_order":0,"comment_status":"closed","ping_status":"closed","template":"","meta":{"_acf_changed":false,"footnotes":"","_links_to":"","_links_to_target":""},"product_category":[],"search_tags":[],"class_list":["post-76840","page","type-page","status-publish","has-post-thumbnail"],"acf":[],"aioseo_notices":[],"_links":{"self":[{"href":"https:\/\/www.oceaneering.com\/pt\/wp-json\/wp\/v2\/pages\/76840","targetHints":{"allow":["GET"]}}],"collection":[{"href":"https:\/\/www.oceaneering.com\/pt\/wp-json\/wp\/v2\/pages"}],"about":[{"href":"https:\/\/www.oceaneering.com\/pt\/wp-json\/wp\/v2\/types\/page"}],"author":[{"embeddable":true,"href":"https:\/\/www.oceaneering.com\/pt\/wp-json\/wp\/v2\/users\/25"}],"replies":[{"embeddable":true,"href":"https:\/\/www.oceaneering.com\/pt\/wp-json\/wp\/v2\/comments?post=76840"}],"version-history":[{"count":42,"href":"https:\/\/www.oceaneering.com\/pt\/wp-json\/wp\/v2\/pages\/76840\/revisions"}],"predecessor-version":[{"id":79699,"href":"https:\/\/www.oceaneering.com\/pt\/wp-json\/wp\/v2\/pages\/76840\/revisions\/79699"}],"up":[{"embeddable":true,"href":"https:\/\/www.oceaneering.com\/pt\/wp-json\/wp\/v2\/pages\/77884"}],"wp:featuredmedia":[{"embeddable":true,"href":"https:\/\/www.oceaneering.com\/pt\/wp-json\/wp\/v2\/media\/77731"}],"wp:attachment":[{"href":"https:\/\/www.oceaneering.com\/pt\/wp-json\/wp\/v2\/media?parent=76840"}],"wp:term":[{"taxonomy":"product_category","embeddable":true,"href":"https:\/\/www.oceaneering.com\/pt\/wp-json\/wp\/v2\/product_category?post=76840"},{"taxonomy":"search_tags","embeddable":true,"href":"https:\/\/www.oceaneering.com\/pt\/wp-json\/wp\/v2\/search_tags?post=76840"}],"curies":[{"name":"wp","href":"https:\/\/api.w.org\/{rel}","templated":true}]}}