{"id":76120,"date":"2025-05-21T03:46:01","date_gmt":"2025-05-21T08:46:01","guid":{"rendered":"https:\/\/www.oceaneering.com\/?page_id=76120"},"modified":"2025-06-26T04:00:51","modified_gmt":"2025-06-26T09:00:51","slug":"cargo-transfer-at-sea","status":"publish","type":"page","link":"https:\/\/www.oceaneering.com\/pt\/oceaneering-technologies\/cargo-transfer-at-sea\/","title":{"rendered":"Transfer\u00eancia de carga no mar"},"content":{"rendered":"<p><a href=\"https:\/\/www.oceaneering.com\/pt\/oceaneering-technologies\/#contact\" target=\"_self\"> Discutir um projeto <\/a> Oceaneering Technologies (OTECH)<\/p>\r\n<h1>Transfer\u00eancia de carga no mar<\/h1>\r\n<p>Possibilitando uma log\u00edstica segura e eficiente em ambientes mar\u00edtimos din\u00e2micos.<\/p>\r\n<h2>Apoio ao ONR e \u00e0 NAVSEA<\/h2>\r\n<p>Temos parceria com a <a href=\"https:\/\/www.onr.navy.mil\/\" target=\"_blank\" rel=\"noopener\">Escrit\u00f3rio de Pesquisa Naval (ONR)<\/a> e <a href=\"https:\/\/www.navsea.navy.mil\/\" target=\"_blank\" rel=\"noopener\">Comando Naval de Sistemas Mar\u00edtimos (NAVSEA)<\/a> to develop next-generation technologies that enhance at-sea logistics for expeditionary warfare, humanitarian missions, and other critical maritime operations. Our at-sea cargo transfer systems are engineered for reliability, safety, and operational efficiency-even in elevated sea states.<\/p>\r\n<p><img loading=\"lazy\" decoding=\"async\" title=\"0350_LVI-LoLo_04112013-edited\" src=\"https:\/\/www.oceaneering.com\/wp-content\/uploads\/2025\/05\/0350_LVI-LoLo_04112013-edited.jpg\" alt=\"Motion-compensated robotic crane transfers cargo containers to ship at sea.\" width=\"1920\" height=\"1278\" \/><\/p>\r\n<h2>Interface de embarca\u00e7\u00f5es de grande porte Lift On\/Lift Off<\/h2>\r\n<p>Desenvolvemos um guindaste rob\u00f3tico com compensa\u00e7\u00e3o de movimento para permitir a transfer\u00eancia segura de cargas em cont\u00eaineres padr\u00e3o entre navios no mar em condi\u00e7\u00f5es at\u00e9 o estado do mar 4. Esse sistema avan\u00e7ado detecta o movimento relativo de um navio adjacente e sincroniza ativamente o movimento do cont\u00eainer de carga, reduzindo o tempo de transfer\u00eancia e o risco para a tripula\u00e7\u00e3o e o equipamento.<\/p>\r\n<h2>Tecnologias de rampa de interface (IRT)<\/h2>\r\n<p>Nossa rampa de transfer\u00eancia com controle de movimento apresenta uma estrutura de alum\u00ednio leve e um sistema de acionamento hidr\u00e1ulico\/el\u00e9trico inovador. Projetada para suportar transfer\u00eancias de ve\u00edculos grandes no mar, a IRT mant\u00e9m a estabilidade e o desempenho em condi\u00e7\u00f5es din\u00e2micas, garantindo a passagem segura entre as embarca\u00e7\u00f5es durante as implanta\u00e7\u00f5es operacionais.<\/p>\r\n<p><img loading=\"lazy\" decoding=\"async\" title=\"IRT_10x66-editado\" src=\"https:\/\/www.oceaneering.com\/wp-content\/uploads\/2025\/05\/IRT_10x66-edited.jpg\" alt=\"Motion-controlled transfer ramp developed for at-sea, large vehicle transfer operations.\" width=\"1920\" height=\"1278\" \/> <img loading=\"lazy\" decoding=\"async\" title=\"160316_AMS-FAT_0902-update\" src=\"https:\/\/www.oceaneering.com\/wp-content\/uploads\/2025\/06\/160316_AMS-FAT_0902-update-scaled.jpg\" alt=\"Automated mooring system uses articulating vacuum pads on telescoping booms to attach to an approaching ship.\" width=\"3000\" height=\"1997\" \/><\/p>\r\n<h2>Sistema avan\u00e7ado de amarra\u00e7\u00e3o (AMS)<\/h2>\r\n<p>The AMS enables rapid, automated mooring between ships in up to sea state 4. Secured to the deck of the host vessel, the AMS uses articulating vacuum pads on telescoping booms to attach to an approaching ship-without lines or crew intervention. This lineless mooring system significantly improves safety while minimizing surge, sway, and yaw compared to traditional methods, making it ideal for U.S. Marine operations and humanitarian aid missions.<\/p>\r\n<h1>Entre em contato conosco<\/h1>\r\n<h2>Nossa equipe de especialistas est\u00e1 pronta para ajud\u00e1-lo a come\u00e7ar.<\/h2>\r\n<p>A Oceaneering oferece os melhores produtos e solu\u00e7\u00f5es da categoria, respaldados por qualidade, confiabilidade e suporte global inigual\u00e1veis. Preencha o formul\u00e1rio de consulta para iniciar uma conversa hoje mesmo.<\/p>","protected":false},"excerpt":{"rendered":"<p>Desenvolvemos tecnologias de \u00faltima gera\u00e7\u00e3o que aprimoram a log\u00edstica no mar em estados mar\u00edtimos elevados para guerra expedicion\u00e1ria, miss\u00f5es humanit\u00e1rias e outras opera\u00e7\u00f5es mar\u00edtimas cr\u00edticas. <\/p>","protected":false},"author":25,"featured_media":75984,"parent":2402,"menu_order":0,"comment_status":"closed","ping_status":"closed","template":"","meta":{"_acf_changed":false,"footnotes":"","_links_to":"","_links_to_target":""},"product_category":[1461],"search_tags":[2153,1489],"class_list":["post-76120","page","type-page","status-publish","has-post-thumbnail","product_category-oceaneering-technologies-otech","search_tags-cargo-transfer","search_tags-otech"],"acf":[],"aioseo_notices":[],"_links":{"self":[{"href":"https:\/\/www.oceaneering.com\/pt\/wp-json\/wp\/v2\/pages\/76120","targetHints":{"allow":["GET"]}}],"collection":[{"href":"https:\/\/www.oceaneering.com\/pt\/wp-json\/wp\/v2\/pages"}],"about":[{"href":"https:\/\/www.oceaneering.com\/pt\/wp-json\/wp\/v2\/types\/page"}],"author":[{"embeddable":true,"href":"https:\/\/www.oceaneering.com\/pt\/wp-json\/wp\/v2\/users\/25"}],"replies":[{"embeddable":true,"href":"https:\/\/www.oceaneering.com\/pt\/wp-json\/wp\/v2\/comments?post=76120"}],"version-history":[{"count":0,"href":"https:\/\/www.oceaneering.com\/pt\/wp-json\/wp\/v2\/pages\/76120\/revisions"}],"up":[{"embeddable":true,"href":"https:\/\/www.oceaneering.com\/pt\/wp-json\/wp\/v2\/pages\/2402"}],"wp:featuredmedia":[{"embeddable":true,"href":"https:\/\/www.oceaneering.com\/pt\/wp-json\/wp\/v2\/media\/75984"}],"wp:attachment":[{"href":"https:\/\/www.oceaneering.com\/pt\/wp-json\/wp\/v2\/media?parent=76120"}],"wp:term":[{"taxonomy":"product_category","embeddable":true,"href":"https:\/\/www.oceaneering.com\/pt\/wp-json\/wp\/v2\/product_category?post=76120"},{"taxonomy":"search_tags","embeddable":true,"href":"https:\/\/www.oceaneering.com\/pt\/wp-json\/wp\/v2\/search_tags?post=76120"}],"curies":[{"name":"wp","href":"https:\/\/api.w.org\/{rel}","templated":true}]}}