{"id":76074,"date":"2025-06-24T08:48:36","date_gmt":"2025-06-24T13:48:36","guid":{"rendered":"https:\/\/www.oceaneering.com\/?page_id=76074"},"modified":"2025-10-03T06:43:14","modified_gmt":"2025-10-03T11:43:14","slug":"unmanned-undersea-systems","status":"publish","type":"page","link":"https:\/\/www.oceaneering.com\/pt\/oceaneering-technologies\/unmanned-undersea-systems\/","title":{"rendered":"Sistemas submarinos n\u00e3o tripulados"},"content":{"rendered":"<p><a href=\"https:\/\/www.oceaneering.com\/pt\/oceaneering-technologies\/#contact\" target=\"_self\"> Discutir um projeto <\/a> Oceaneering Technologies (OTECH)<\/p>\r\n<h1>Sistemas submarinos n\u00e3o tripulados<\/h1>\r\n<p>Redefinindo a prontid\u00e3o operacional e a resposta a amea\u00e7as com a autonomia submarina.<\/p>\r\n<h2>Prote\u00e7\u00e3o de ativos submarinos essenciais<\/h2>\r\n<p>Unmanned undersea systems play a critical role in modern maritime security by enabling persistent subsea surveillance and intelligence gathering. Our next-generation vehicles operate autonomously or with remote guidance, providing real-time data collection and threat assessment in environments that are often inaccessible or too hazardous for human operators. By enhancing situational awareness and supporting strategic decision-making, our unmanned undersea systems are essential tools for detecting, tracking, and analyzing potential subsea threats-safeguarding national interests and maintaining global maritime stability.<\/p>\r\n<p><img loading=\"lazy\" decoding=\"async\" title=\"Vanguarda e Liberdade 2\" src=\"https:\/\/www.oceaneering.com\/wp-content\/uploads\/2025\/06\/Vanguard-and-Freedom-2.png\" alt=\"The VANGUARD unmanned underwater vehicle (UUV) and Freedom AUV perform underwater asset surveillance.\" width=\"1080\" height=\"1080\" \/><\/p>\r\n<h2>Criado para desempenho em ambientes adversos<\/h2>\r\n<p>Operating in the subsea domain presents a unique set of challenges-from extreme pressure, corrosive saltwater, and near-zero visibility to fluctuating currents and unpredictable terrain. These demanding conditions require unmanned systems that are not only durable but also highly adaptable and mission ready. Designed with modularity in mind, our large and small unmanned undersea vehicles offer capabilities for rapid payload integration and streamlined deployment in the most unforgiving environments.<\/p>\r\n<h2>Principais recursos<\/h2>\r\n<p>Com foco na flexibilidade operacional e na resist\u00eancia da miss\u00e3o, esses sistemas s\u00e3o desenvolvidos para dar suporte a miss\u00f5es complexas de vigil\u00e2ncia e intelig\u00eancia onde os ativos convencionais n\u00e3o podem operar.<\/p>\r\n<h3>Eletr\u00f4nica tolerante \u00e0 press\u00e3o<\/h3>\r\n<p>Evitar falhas de inunda\u00e7\u00e3o em profundidade e reduzir o peso do ve\u00edculo<\/p>\r\n<h3>Navega\u00e7\u00e3o vertical e com foco no mouse<\/h3>\r\n<p>Melhore a precis\u00e3o da inspe\u00e7\u00e3o com manobras precisas e est\u00e1veis<\/p>\r\n<h3>Sensores de bordo avan\u00e7ados<\/h3>\r\n<p>Aprimorar o monitoramento ambiental e a detec\u00e7\u00e3o de amea\u00e7as<\/p>\r\n<h3>Compartimentos modulares de carga \u00fatil<\/h3>\r\n<p>Permitir a r\u00e1pida integra\u00e7\u00e3o e reconfigura\u00e7\u00e3o de equipamentos espec\u00edficos da miss\u00e3o<\/p>\r\n<h2>Projetado para modularidade, capacidade de atualiza\u00e7\u00e3o e versatilidade de miss\u00e3o<\/h2>\r\n<p>Nossos ve\u00edculos submarinos n\u00e3o tripulados s\u00e3o constru\u00eddos em torno de uma arquitetura modular com unidades substitu\u00edveis em linha (LRUs), o que permite r\u00e1pidas inser\u00e7\u00f5es de tecnologia, atualiza\u00e7\u00f5es de recursos e manuten\u00e7\u00e3o simplificada com tempo m\u00ednimo de inatividade. Essa modularidade suporta uma ampla gama de perfis de miss\u00e3o e aprimoramentos de sistema, desde trocas de hardware at\u00e9 atualiza\u00e7\u00f5es avan\u00e7adas de software.<\/p>\r\n<p><img loading=\"lazy\" decoding=\"async\" title=\"Sistema Vanguard da Oceaneering\" src=\"https:\/\/www.oceaneering.com\/wp-content\/uploads\/2025\/06\/Vanguard_multi_no_logo_2025.jpg\" alt=\"Payload modules on the VANGUARD unmanned underwater vehicle (UUV) are interchangeable and can be customized and configured to meet varied operational needs.\" width=\"1920\" height=\"1080\" \/><\/p>\r\n<h2>Opera\u00e7\u00f5es submarinas de espectro total<\/h2>\r\n<p>Our scalable, unmanned systems capabilities ensure unmanned platforms remain mission-ready, adaptable, and effective across the full spectrum of undersea operations-from reconnaissance and threat detection to intervention and recovery.<\/p>\r\n<h3>Capacidades de ve\u00edculos pequenos<\/h3>\r\n<p>Compactos, \u00e1geis e facilmente implant\u00e1veis, nossos ve\u00edculos pequenos s\u00e3o projetados para adaptabilidade e precis\u00e3o em ambientes restritos.<\/p>\r\n<p><strong>Principais recursos<\/strong><\/p>\r\n<ul>\r\n<li>M\u00f3dulos de carga \u00fatil intercambi\u00e1veis com interfaces flex\u00edveis de volume, energia e dados para r\u00e1pida reconfigura\u00e7\u00e3o da miss\u00e3o.<\/li>\r\n<li>Capacidade de manobra de seis graus de liberdade (DOF) com recursos de pairar para navega\u00e7\u00e3o e inspe\u00e7\u00e3o de precis\u00e3o.<\/li>\r\n<li>Os robustos cabos de fibra \u00f3ptica oferecem alta largura de banda, controle em tempo real e transmiss\u00e3o de dados.<\/li>\r\n<li>A energia da bateria de alta efici\u00eancia permite uma dura\u00e7\u00e3o operacional estendida com uma pegada log\u00edstica m\u00ednima.<\/li>\r\n<\/ul>\r\n<h3>Capacidades de ve\u00edculos grandes<\/h3>\r\n<p>Projetados para opera\u00e7\u00f5es complexas e de alta resist\u00eancia, nossos ve\u00edculos n\u00e3o tripulados de grande porte oferecem maior pot\u00eancia, precis\u00e3o e capacidade de carga \u00fatil.<\/p>\r\n<p><strong>Principais recursos<\/strong><\/p>\r\n<ul>\r\n<li>Cabo de alimenta\u00e7\u00e3o e comunica\u00e7\u00e3o submarino destac\u00e1vel que permite que o ve\u00edculo opere como um ROV ou AUV.<\/li>\r\n<li>Sistemas de eleva\u00e7\u00e3o e manipula\u00e7\u00e3o para servi\u00e7os pesados para interagir com objetos submarinos grandes ou complexos.<\/li>\r\n<li>Maior destreza para opera\u00e7\u00e3o precisa em tarefas de manuten\u00e7\u00e3o, recupera\u00e7\u00e3o ou inspe\u00e7\u00e3o.<\/li>\r\n<li>Movimento do manipulador otimizado pela m\u00e1quina para melhorar a automa\u00e7\u00e3o das opera\u00e7\u00f5es submarinas.<\/li>\r\n<\/ul>\r\n<h1>Entre em contato conosco<\/h1>\r\n<h2>Nossa equipe de especialistas est\u00e1 pronta para ajud\u00e1-lo a come\u00e7ar.<\/h2>\r\n<p>A Oceaneering oferece os melhores produtos e solu\u00e7\u00f5es da categoria, respaldados por qualidade, confiabilidade e suporte global inigual\u00e1veis. Preencha o formul\u00e1rio de consulta para iniciar uma conversa hoje mesmo.<\/p>","protected":false},"excerpt":{"rendered":"<p>Nossos ve\u00edculos submarinos totalmente personaliz\u00e1veis permitem a coleta de dados em tempo real e a avalia\u00e7\u00e3o de amea\u00e7as em ambientes que geralmente s\u00e3o inacess\u00edveis ou perigosos demais para operadores humanos. <\/p>","protected":false},"author":25,"featured_media":76077,"parent":2402,"menu_order":2,"comment_status":"closed","ping_status":"closed","template":"","meta":{"_acf_changed":false,"footnotes":"","_links_to":"","_links_to_target":""},"product_category":[1461],"search_tags":[1489,2152,2151],"class_list":["post-76074","page","type-page","status-publish","has-post-thumbnail","product_category-oceaneering-technologies-otech","search_tags-otech","search_tags-unmanned","search_tags-unmanned-undersea-systems"],"acf":[],"aioseo_notices":[],"_links":{"self":[{"href":"https:\/\/www.oceaneering.com\/pt\/wp-json\/wp\/v2\/pages\/76074","targetHints":{"allow":["GET"]}}],"collection":[{"href":"https:\/\/www.oceaneering.com\/pt\/wp-json\/wp\/v2\/pages"}],"about":[{"href":"https:\/\/www.oceaneering.com\/pt\/wp-json\/wp\/v2\/types\/page"}],"author":[{"embeddable":true,"href":"https:\/\/www.oceaneering.com\/pt\/wp-json\/wp\/v2\/users\/25"}],"replies":[{"embeddable":true,"href":"https:\/\/www.oceaneering.com\/pt\/wp-json\/wp\/v2\/comments?post=76074"}],"version-history":[{"count":1,"href":"https:\/\/www.oceaneering.com\/pt\/wp-json\/wp\/v2\/pages\/76074\/revisions"}],"predecessor-version":[{"id":78889,"href":"https:\/\/www.oceaneering.com\/pt\/wp-json\/wp\/v2\/pages\/76074\/revisions\/78889"}],"up":[{"embeddable":true,"href":"https:\/\/www.oceaneering.com\/pt\/wp-json\/wp\/v2\/pages\/2402"}],"wp:featuredmedia":[{"embeddable":true,"href":"https:\/\/www.oceaneering.com\/pt\/wp-json\/wp\/v2\/media\/76077"}],"wp:attachment":[{"href":"https:\/\/www.oceaneering.com\/pt\/wp-json\/wp\/v2\/media?parent=76074"}],"wp:term":[{"taxonomy":"product_category","embeddable":true,"href":"https:\/\/www.oceaneering.com\/pt\/wp-json\/wp\/v2\/product_category?post=76074"},{"taxonomy":"search_tags","embeddable":true,"href":"https:\/\/www.oceaneering.com\/pt\/wp-json\/wp\/v2\/search_tags?post=76074"}],"curies":[{"name":"wp","href":"https:\/\/api.w.org\/{rel}","templated":true}]}}