{"id":76037,"date":"2025-06-20T08:49:59","date_gmt":"2025-06-20T13:49:59","guid":{"rendered":"https:\/\/www.oceaneering.com\/?page_id=76037"},"modified":"2025-06-26T05:57:21","modified_gmt":"2025-06-26T10:57:21","slug":"manufacturing","status":"publish","type":"page","link":"https:\/\/www.oceaneering.com\/pt\/oceaneering-technologies\/manufacturing\/","title":{"rendered":"Fabrica\u00e7\u00e3o"},"content":{"rendered":"<p><a href=\"https:\/\/www.oceaneering.com\/pt\/oceaneering-technologies\/#contact\" target=\"_self\"> Discutir um projeto <\/a> Oceaneering Technologies (OTECH)<\/p>\r\n<h1>Fabrica\u00e7\u00e3o<\/h1>\r\n<p>Precision\u00a0fabrication, welding, machining, and assembly-backed by engineering expertise.\u00a0<\/p>\r\n<h2>Fabrica\u00e7\u00e3o de precis\u00e3o certificada com suporte de engenharia<\/h2>\r\n<p>We deliver high-quality, low-volume manufacturing solutions with a strong focus on precision and accuracy. Our capabilities include advanced welding, metal fabrication, close-tolerance machining, and mechanical assembly-complemented by on-site engineering support for enhanced manufacturability and performance.\u00a0<\/p>\r\n<h3>Certifica\u00e7\u00e3o ISO-9001:2015<\/h3>\r\n<p>Trabalho de precis\u00e3o garantido<\/p>\r\n<h3>Compat\u00edvel com CUI<\/h3>\r\n<p>De acordo com o DFARS 252.204-7012<\/p>\r\n<h3>Programas de soldagem certificados<\/h3>\r\n<p>Atende \u00e0s normas AWS, ABS e ASTM<\/p>\r\n<h2>Certifica\u00e7\u00f5es<\/h2>\r\n<ul>\r\n<li><a href=\"https:\/\/www.aws.org\/\" target=\"_blank\" rel=\"noopener\">Sociedade Americana de Soldagem (AWS)<\/a><\/li>\r\n<li><a href=\"https:\/\/ww2.eagle.org\/en.html\" target=\"_blank\" rel=\"noopener\">American Bureau of Shipping (ABS)<\/a><\/li>\r\n<li><a href=\"https:\/\/www.astm.org\/\" target=\"_blank\" rel=\"noopener\">Sociedade Americana de Testes e Materiais (ASTM)<\/a><\/li>\r\n<\/ul>\r\n<p><img loading=\"lazy\" decoding=\"async\" title=\"_51A0198-editado\" src=\"https:\/\/www.oceaneering.com\/wp-content\/uploads\/2025\/05\/51A0198-edited.jpg\" alt=\"_51A0198-edited\" width=\"1920\" height=\"1280\" \/><\/p>\r\n<h2>Manufatura colaborativa para solu\u00e7\u00f5es mais inteligentes<\/h2>\r\n<p>Nossas instala\u00e7\u00f5es internas de fabrica\u00e7\u00e3o permitem a colabora\u00e7\u00e3o em tempo real entre nossos engenheiros, clientes e equipes de produ\u00e7\u00e3o qualificadas. Essa abordagem integrada garante um projeto aprimorado para fabrica\u00e7\u00e3o, solu\u00e7\u00e3o mais r\u00e1pida de problemas e maior efici\u00eancia de custos.\u00a0<\/p>\r\n<h2>Principais recursos<\/h2>\r\n<p><img loading=\"lazy\" decoding=\"async\" title=\"MetalurgiaFresagem CNCM\u00e1quina de corteMetalModernoProcessamentoTecnologia\" src=\"https:\/\/www.oceaneering.com\/wp-content\/uploads\/2025\/06\/shutterstock_383152465-CNC.jpg\" alt=\"etalworking Computer Numerical Control (CNC) milling machine.\" width=\"3000\" height=\"2000\" \/><\/p>\r\n<h3>Oficina mec\u00e2nica<\/h3>\r\n<ul>\r\n<li>Fresamento com controle num\u00e9rico computadorizado (CNC) de 3 e 4 eixos (vertical e horizontal)<\/li>\r\n<li>Opera\u00e7\u00f5es de torno CNC<\/li>\r\n<li>Mesas de tocha de plasma CNC e jato de \u00e1gua<\/li>\r\n<li>Maquinistas qualificados com experi\u00eancia em fabrica\u00e7\u00e3o de pe\u00e7as complexas e de v\u00e1rias configura\u00e7\u00f5es<\/li>\r\n<\/ul>\r\n<p><img loading=\"lazy\" decoding=\"async\" title=\"19JR-129\" src=\"https:\/\/www.oceaneering.com\/wp-content\/uploads\/2025\/06\/19JR-129.jpg\" alt=\"Certified welder performing precision welding on metal fabrication project.\" width=\"1920\" height=\"1280\" \/><\/p>\r\n<h3>Soldagem certificada<\/h3>\r\n<ul>\r\n<li>Soldadores qualificados para o processo atendem \u00e0s normas AWS, ABS e especifica\u00e7\u00f5es militares<\/li>\r\n<li>Experi\u00eancia em a\u00e7o carbono, a\u00e7o inoxid\u00e1vel, alum\u00ednio e ligas ex\u00f3ticas<\/li>\r\n<li>C\u00e9lulas de trabalho flex\u00edveis com suporte de ponte rolante para fabrica\u00e7\u00f5es pesadas ou grandes<\/li>\r\n<\/ul>\r\n<p><img loading=\"lazy\" decoding=\"async\" title=\"OInspetorEst\u00e1TestandoComM\u00e9todoDeInspe\u00e7\u00e3oDePart\u00edculasMagn\u00e9ticas\" src=\"https:\/\/www.oceaneering.com\/wp-content\/uploads\/2025\/06\/shutterstock_1978203392-scaled.jpg\" alt=\"Non-Destructive Test (NDT) inspector is using the magnetic particle inspection method to test welds on a pressure vessel.\" width=\"3000\" height=\"2000\" \/><\/p>\r\n<h3>Testes n\u00e3o destrutivos (NDT)<\/h3>\r\n<ul>\r\n<li>Inspetores de n\u00edvel II certificados pela AWS<\/li>\r\n<li>Recursos de testes de penetra\u00e7\u00e3o de corante, part\u00edculas magn\u00e9ticas e ultrass\u00f4nicos<\/li>\r\n<\/ul>\r\n<p><img loading=\"lazy\" decoding=\"async\" title=\"FemaleEngineerUsesCmmCoordinateMeasuringMachineInFactoryWith\" src=\"https:\/\/www.oceaneering.com\/wp-content\/uploads\/2025\/06\/shutterstock_2593278521-scaled.jpg\" alt=\"1.jpg] Female engineer uses Coordinate Measuring Machine (CMM).\" width=\"3000\" height=\"1688\" \/><\/p>\r\n<h3>Controle de qualidade de precis\u00e3o<\/h3>\r\n<ul>\r\n<li>Inspe\u00e7\u00e3o durante o processo com atrasos m\u00ednimos na produ\u00e7\u00e3o<\/li>\r\n<li>Ferramentas de \u00faltima gera\u00e7\u00e3o, incluindo m\u00e1quinas de medi\u00e7\u00e3o por coordenadas (CMMs) e sistemas de rastreamento a laser<\/li>\r\n<li>Equipe dedicada de controle de qualidade para garantir que cada componente atenda \u00e0s especifica\u00e7\u00f5es exatas<\/li>\r\n<\/ul>\r\n<h1>Entre em contato conosco<\/h1>\r\n<h2>Nossa equipe de especialistas est\u00e1 pronta para ajud\u00e1-lo a come\u00e7ar.<\/h2>\r\n<p>A Oceaneering oferece os melhores produtos e solu\u00e7\u00f5es da categoria, respaldados por qualidade, confiabilidade e suporte global inigual\u00e1veis. Preencha o formul\u00e1rio de consulta para iniciar uma conversa hoje mesmo.<\/p>","protected":false},"excerpt":{"rendered":"<p>Fornecemos solu\u00e7\u00f5es de fabrica\u00e7\u00e3o precisas e confi\u00e1veis para projetos de qualquer tamanho ou complexidade. Nossos recursos internos incluem usinagem de precis\u00e3o, fabrica\u00e7\u00e3o, montagem e soldagens em larga escala. <\/p>","protected":false},"author":25,"featured_media":75980,"parent":2402,"menu_order":0,"comment_status":"closed","ping_status":"closed","template":"","meta":{"_acf_changed":false,"footnotes":"","_links_to":"","_links_to_target":""},"product_category":[1461],"search_tags":[2149,1489],"class_list":["post-76037","page","type-page","status-publish","has-post-thumbnail","product_category-oceaneering-technologies-otech","search_tags-manufacturing","search_tags-otech"],"acf":[],"aioseo_notices":[],"_links":{"self":[{"href":"https:\/\/www.oceaneering.com\/pt\/wp-json\/wp\/v2\/pages\/76037","targetHints":{"allow":["GET"]}}],"collection":[{"href":"https:\/\/www.oceaneering.com\/pt\/wp-json\/wp\/v2\/pages"}],"about":[{"href":"https:\/\/www.oceaneering.com\/pt\/wp-json\/wp\/v2\/types\/page"}],"author":[{"embeddable":true,"href":"https:\/\/www.oceaneering.com\/pt\/wp-json\/wp\/v2\/users\/25"}],"replies":[{"embeddable":true,"href":"https:\/\/www.oceaneering.com\/pt\/wp-json\/wp\/v2\/comments?post=76037"}],"version-history":[{"count":0,"href":"https:\/\/www.oceaneering.com\/pt\/wp-json\/wp\/v2\/pages\/76037\/revisions"}],"up":[{"embeddable":true,"href":"https:\/\/www.oceaneering.com\/pt\/wp-json\/wp\/v2\/pages\/2402"}],"wp:featuredmedia":[{"embeddable":true,"href":"https:\/\/www.oceaneering.com\/pt\/wp-json\/wp\/v2\/media\/75980"}],"wp:attachment":[{"href":"https:\/\/www.oceaneering.com\/pt\/wp-json\/wp\/v2\/media?parent=76037"}],"wp:term":[{"taxonomy":"product_category","embeddable":true,"href":"https:\/\/www.oceaneering.com\/pt\/wp-json\/wp\/v2\/product_category?post=76037"},{"taxonomy":"search_tags","embeddable":true,"href":"https:\/\/www.oceaneering.com\/pt\/wp-json\/wp\/v2\/search_tags?post=76037"}],"curies":[{"name":"wp","href":"https:\/\/api.w.org\/{rel}","templated":true}]}}