{"id":76001,"date":"2025-06-23T05:20:52","date_gmt":"2025-06-23T10:20:52","guid":{"rendered":"https:\/\/www.oceaneering.com\/?page_id=76001"},"modified":"2025-06-26T03:24:58","modified_gmt":"2025-06-26T08:24:58","slug":"hyperbaric-systems","status":"publish","type":"page","link":"https:\/\/www.oceaneering.com\/pt\/oceaneering-technologies\/hyperbaric-systems\/","title":{"rendered":"Sistemas hiperb\u00e1ricos"},"content":{"rendered":"<p><a href=\"https:\/\/www.oceaneering.com\/pt\/oceaneering-technologies\/#contact\" target=\"_self\"> Discutir um projeto <\/a> Oceaneering Technologies (OTECH)<\/p>\r\n<h1>Sistemas hiperb\u00e1ricos<\/h1>\r\n<p>Fornecimento de sistemas hiperb\u00e1ricos com foco na ocupa\u00e7\u00e3o humana segura por meio de projetos avan\u00e7ados homem-m\u00e1quina projetados para opera\u00e7\u00e3o, entrada e sa\u00edda e manuten\u00e7\u00e3o otimizadas.<\/p>\r\n<h2>Engenharia para o extremo<\/h2>\r\n<p>We specialize in engineering solutions for the most demanding underwater environments. From concept development and design to fabrication, testing, maintenance, and modernization, our team delivers\u00a0peak performance, uncompromising safety, and proven reliability-no matter the challenge.<\/p>\r\n<p><img loading=\"lazy\" decoding=\"async\" title=\"2022-HSP-Back-Pg-Alternate-edited\" src=\"https:\/\/www.oceaneering.com\/wp-content\/uploads\/2025\/05\/2022-HSP-Back-Pg-Alternate-edited.jpg\" alt=\"Oceaneering diving bell and diver underwater.\" width=\"1920\" height=\"2342\" \/><\/p>\r\n<h2>Nossas capacidades<\/h2>\r\n<h3>Solu\u00e7\u00f5es de resgate submarino<\/h3>\r\n<p>Experi\u00eancia comprovada, recursos globais e tecnologia testada em campo para prontid\u00e3o de resgate de submarinos.<\/p>\r\n<h3>Submers\u00edveis, habitats e sistemas de mergulho<\/h3>\r\n<p>Sistemas avan\u00e7ados para opera\u00e7\u00f5es submarinas seguras e eficientes.<\/p>\r\n<h3>Vasos de press\u00e3o para ocupa\u00e7\u00e3o humana (PVHO)<\/h3>\r\n<p>Projetado para m\u00e1xima seguran\u00e7a e conformidade com padr\u00f5es rigorosos.<\/p>\r\n<h3>Sistemas de suporte \u00e0 vida e controle ambiental<\/h3>\r\n<p>G\u00e1s respirat\u00f3rio confi\u00e1vel e gerenciamento ambiental para miss\u00f5es subaqu\u00e1ticas sustentadas.<\/p>\r\n<h3>Sistemas e estruturas de suporte submarino\u00a0<\/h3>\r\n<p>Solu\u00e7\u00f5es robustas adaptadas \u00e0s necessidades operacionais espec\u00edficas.\u00a0<\/p>\r\n<h3>Sistemas el\u00e9tricos e eletr\u00f4nicos<\/h3>\r\n<p>Tecnologias integradas para controle, monitoramento e comunica\u00e7\u00e3o.<\/p>\r\n<h1>Entre em contato conosco<\/h1>\r\n<h2>Nossa equipe de especialistas est\u00e1 pronta para ajud\u00e1-lo a come\u00e7ar.<\/h2>\r\n<p>A Oceaneering oferece os melhores produtos e solu\u00e7\u00f5es da categoria, respaldados por qualidade, confiabilidade e suporte global inigual\u00e1veis. Preencha o formul\u00e1rio de consulta para iniciar uma conversa hoje mesmo.<\/p>","protected":false},"excerpt":{"rendered":"<p>Com mais de seis d\u00e9cadas de experi\u00eancia, nossa equipe multidisciplinar de engenheiros, operadores e mergulhadores projeta, constr\u00f3i e opera sistemas hiperb\u00e1ricos confi\u00e1veis para opera\u00e7\u00f5es submarinas tripuladas.   <\/p>","protected":false},"author":25,"featured_media":75979,"parent":2402,"menu_order":0,"comment_status":"closed","ping_status":"closed","template":"","meta":{"_acf_changed":false,"footnotes":"","_links_to":"","_links_to_target":""},"product_category":[1461],"search_tags":[2150,1489],"class_list":["post-76001","page","type-page","status-publish","has-post-thumbnail","product_category-oceaneering-technologies-otech","search_tags-hyperbaric-systems","search_tags-otech"],"acf":[],"aioseo_notices":[],"_links":{"self":[{"href":"https:\/\/www.oceaneering.com\/pt\/wp-json\/wp\/v2\/pages\/76001","targetHints":{"allow":["GET"]}}],"collection":[{"href":"https:\/\/www.oceaneering.com\/pt\/wp-json\/wp\/v2\/pages"}],"about":[{"href":"https:\/\/www.oceaneering.com\/pt\/wp-json\/wp\/v2\/types\/page"}],"author":[{"embeddable":true,"href":"https:\/\/www.oceaneering.com\/pt\/wp-json\/wp\/v2\/users\/25"}],"replies":[{"embeddable":true,"href":"https:\/\/www.oceaneering.com\/pt\/wp-json\/wp\/v2\/comments?post=76001"}],"version-history":[{"count":0,"href":"https:\/\/www.oceaneering.com\/pt\/wp-json\/wp\/v2\/pages\/76001\/revisions"}],"up":[{"embeddable":true,"href":"https:\/\/www.oceaneering.com\/pt\/wp-json\/wp\/v2\/pages\/2402"}],"wp:featuredmedia":[{"embeddable":true,"href":"https:\/\/www.oceaneering.com\/pt\/wp-json\/wp\/v2\/media\/75979"}],"wp:attachment":[{"href":"https:\/\/www.oceaneering.com\/pt\/wp-json\/wp\/v2\/media?parent=76001"}],"wp:term":[{"taxonomy":"product_category","embeddable":true,"href":"https:\/\/www.oceaneering.com\/pt\/wp-json\/wp\/v2\/product_category?post=76001"},{"taxonomy":"search_tags","embeddable":true,"href":"https:\/\/www.oceaneering.com\/pt\/wp-json\/wp\/v2\/search_tags?post=76001"}],"curies":[{"name":"wp","href":"https:\/\/api.w.org\/{rel}","templated":true}]}}