{"id":75376,"date":"2025-03-13T05:52:41","date_gmt":"2025-03-13T10:52:41","guid":{"rendered":"https:\/\/www.oceaneering.com\/?page_id=75376"},"modified":"2025-06-30T06:51:26","modified_gmt":"2025-06-30T11:51:26","slug":"pressure-systems","status":"publish","type":"page","link":"https:\/\/www.oceaneering.com\/pt\/asset-integrity-management\/pressure-systems\/","title":{"rendered":"Sistemas de press\u00e3o"},"content":{"rendered":"<a href=\"\/pt\/asset-integrity\/#contact\" target=\"_self\">\n\t\t\t\t\t\t\tDiscutir um projeto\n\t\t\t\t\t<\/a>\n\t\tIntegridade dos ativos \n<h1>\n\t\tSistemas de press\u00e3o\n\t<\/h1>\n\t<p>Reduza os riscos, aumente a vida \u00fatil dos ativos e garanta a confiabilidade de seus sistemas de press\u00e3o offshore e onshore.<\/p>\n<h2>\n\t\tReduzir as paradas n\u00e3o planejadas e os riscos \u00e0 seguran\u00e7a \n\t<\/h2>\n\t<p>Transforme a maneira como voc\u00ea garante a conformidade dos seus sistemas de press\u00e3o, passando de uma abordagem reativa para uma abordagem proativa de gerenciamento de integridade. Usamos servi\u00e7os integrados e orientados por dados para ajud\u00e1-lo a otimizar o planejamento da inspe\u00e7\u00e3o e concentrar os recursos onde eles s\u00e3o mais necess\u00e1rios.<\/p>\n<h2>\n\t\tServi\u00e7os de integridade sob medida para sistemas de press\u00e3o\n\t<\/h2>\n\t<p>Use nosso conhecimento especializado em corros\u00e3o, opera\u00e7\u00f5es e inspe\u00e7\u00e3o, com o apoio de ferramentas de software para identificar, avaliar e reduzir os riscos em seus equipamentos cr\u00edticos de sistemas de press\u00e3o.<\/p>\n\t\t\t<h3>Inspe\u00e7\u00e3o baseada em riscos (RBI) e avalia\u00e7\u00f5es de integridade<\/h3>\t\t\t\n\t\t\t\t<p>Priorize as inspe\u00e7\u00f5es, minimize o tempo de inatividade e garanta a conformidade regulamentar com avalia\u00e7\u00f5es de risco baseadas em dados.<\/p>\n\t\t\t<h3>Gerenciamento do ciclo de vida e extens\u00e3o da vida \u00fatil dos ativos<\/h3>\t\t\t\n\t\t\t\t<p>Orienta\u00e7\u00e3o estrat\u00e9gica sobre o envelhecimento da infraestrutura, modifica\u00e7\u00f5es e planejamento de descomissionamento.<\/p>\n\t\t\t<h3>Inspe\u00e7\u00e3o n\u00e3o intrusiva (NII) e monitoramento avan\u00e7ado<\/h3>\t\t\t\n\t\t\t\t<p>Realizar avalia\u00e7\u00f5es de NII para determinar as t\u00e9cnicas de inspe\u00e7\u00e3o e monitoramento mais adequadas, incluindo drones e an\u00e1lise preditiva.<\/p>\n\t\t\t<h3>Solu\u00e7\u00f5es sob medida<\/h3>\t\t\t\n\t\t\t\t<p>Atenda aos requisitos de RBI de seu equipamento com projetos especializados, condi\u00e7\u00f5es operacionais variadas e requisitos regulat\u00f3rios espec\u00edficos da empresa e regionais.<\/p>\n\t\t\t<h3>Adequa\u00e7\u00e3o ao servi\u00e7o (FFS) e an\u00e1lise de falhas<\/h3>\t\t\t\n\t\t\t\t<p>Use a an\u00e1lise de elementos finitos (FEA), a din\u00e2mica de fluidos computacional (CFD) e o monitoramento em tempo real para avaliar a integridade estrutural, prever falhas e recomendar a manuten\u00e7\u00e3o.<\/p>\n\t\t\t<h3>Gerenciamento da corros\u00e3o e da degrada\u00e7\u00e3o de materiais<\/h3>\t\t\t\n\t\t\t\t<p>Mitigar <a href=\"https:\/\/www.oceaneering.com\/pt\/corrosion-management\/\">riscos de corros\u00e3o interna e externa<\/a> enquanto otimiza a sele\u00e7\u00e3o de materiais e as estrat\u00e9gias de prote\u00e7\u00e3o cat\u00f3dica.<\/p>\n\t\t\t\t<img loading=\"lazy\" decoding=\"async\" src=\"https:\/\/www.oceaneering.com\/wp-content\/uploads\/2024\/05\/Measuring-Risk.jpg\" alt=\"Man using laptop to measure risk\" itemprop=\"image\" height=\"1280\" width=\"1920\" title=\"Medi\u00e7\u00e3o de risco\" onerror=\"this.style.display='none'\"  \/>\n<h3>\n\t\tINFORM\u2122 Software Suite\n\t<\/h3>\n\t<p>Nosso INFORM\u2122 Software Suite integra an\u00e1lises avan\u00e7adas, informa\u00e7\u00f5es de g\u00eameos digitais e estruturas personaliz\u00e1veis de inspe\u00e7\u00e3o baseada em risco (RBI) para aprimorar o gerenciamento de ativos. Os m\u00f3dulos da plataforma combinam monitoramento em tempo real, recursos de manuten\u00e7\u00e3o preditiva e interfaces f\u00e1ceis de usar para simplificar a an\u00e1lise de dados e a tomada de decis\u00f5es.<\/p>\n\t\t\t<a href=\"https:\/\/www.oceaneering.com\/pt\/asset-integrity-management\/digitizing-integrity\/\" target=\"_self\">\n\t\t\t\t\t\t\tSaiba mais\n\t\t\t<\/a>\n\t\t\t\t<img loading=\"lazy\" decoding=\"async\" src=\"https:\/\/www.oceaneering.com\/wp-content\/uploads\/2025\/04\/NDT.jpg\" alt=\"NDT Testing\" itemprop=\"image\" height=\"1282\" width=\"1920\" title=\"Testes NDT\" onerror=\"this.style.display='none'\"  \/>\n<h3>\n\t\tServi\u00e7os de inspe\u00e7\u00e3o\n\t<\/h3>\n\t<p>Nossos servi\u00e7os de inspe\u00e7\u00e3o de sistemas de press\u00e3o usam t\u00e9cnicas avan\u00e7adas de testes n\u00e3o destrutivos (NDT), incluindo radiografia e ferramentas ultrass\u00f4nicas, para avaliar a integridade estrutural, detectar corros\u00e3o e monitorar a sa\u00fade dos seus ativos.<\/p>\n\t\t\t<a href=\"https:\/\/www.oceaneering.com\/pt\/asset-integrity-management\/inspection\/\" target=\"_self\">\n\t\t\t\t\t\t\tSaiba mais\n\t\t\t<\/a>\n\t\t\t\t\t\t\t\t\t<h3>Comprovado em campo. L\u00edder do setor.<\/h3>\n\t\t\t\t\t\t\t\t\t<p>Leia nossos estudos de caso que detalham nossa experi\u00eancia em trabalhar com sistemas de press\u00e3o. <\/p>\n\t\t\t\t\t\t<a href=\"https:\/\/www.oceaneering.com\/pt\/resources\/?_content_types=case-study\" target=\"_self\">\n\t\t\t\t\t\t\t\tVer todos os estudos de caso\t\t\t\t\t\t\t\n\t\t\t\t\t\t\t\t\t\t\t\t\t<\/a>\n\t\t\t\t\t\t<button>\n\t\t\t\t\t\t\tAnterior\n\t\t\t\t\t\t<\/button>\n\t\t\t\t\t\t<button>\n\t\t\t\t\t\t\tPr\u00f3ximo\n\t\t\t\t\t\t<\/button>\n\t\t\t\t\t\t\t<a href=\"https:\/\/www.oceaneering.com\/pt\/case-studies\/oceaneering-completes-non-intrusive-inspection-of-pressure-vessels-for-north-sea-operator\/\">\n\t\t\t\t\t\t\t\t\t\t<img decoding=\"async\" src=\"https:\/\/www.oceaneering.com\/wp-content\/uploads\/2023\/11\/Case-Study-Non-Intrusive-Inspection-of-Pressure-Vessels-1.jpeg\" alt=\"\"\/>\n\t\t\t\t\t\t\t\t\t\t<h3>Oceaneering conclui inspe\u00e7\u00e3o n\u00e3o intrusiva de navios de press\u00e3o para operador do Mar do Norte<\/h3>\n\t\t\t\t\t\t\t\t\t\t<h3>Oceaneering conclui inspe\u00e7\u00e3o n\u00e3o intrusiva de navios de press\u00e3o para operador do Mar do Norte<\/h3>\n\t\t\t\t\t\t\t\t\t\t\t\t\t\t\t\t\t\t\t\t\t<p>Em meados de 2021, a Oceaneering iniciou um projeto de 18 meses para concluir os servi\u00e7os de inspe\u00e7\u00e3o n\u00e3o intrusiva (NII) como parte do...<\/p>\n\t\t\t\t\t\t\t\t\t\t\tSaiba mais\n\t\t\t\t\t\t\t<\/a>\n\t\t\t\t\t\t\t<a href=\"https:\/\/www.oceaneering.com\/pt\/case-studies\/applying-a-generic-approach-to-risk-based-inspection-of-pressure-systems-in-northwest-africa\/\">\n\t\t\t\t\t\t\t\t\t\t<img decoding=\"async\" src=\"https:\/\/www.oceaneering.com\/wp-content\/uploads\/2022\/06\/Risk-Based-Inspection-1.jpeg\" alt=\"\"\/>\n\t\t\t\t\t\t\t\t\t\t<h3>Aplica\u00e7\u00e3o de uma abordagem gen\u00e9rica \u00e0 inspe\u00e7\u00e3o baseada em risco de sistemas de press\u00e3o no noroeste da \u00c1frica<\/h3>\n\t\t\t\t\t\t\t\t\t\t<h3>Aplica\u00e7\u00e3o de uma abordagem gen\u00e9rica \u00e0 inspe\u00e7\u00e3o baseada em risco de sistemas de press\u00e3o no noroeste da \u00c1frica<\/h3>\n\t\t\t\t\t\t\t\t\t\t\t\t\t\t\t\t\t\t\t\t\t<p>A aplica\u00e7\u00e3o de uma abordagem tradicional de inspe\u00e7\u00e3o baseada em riscos (RBI) \u00e9 normalmente trabalhosa e demorada. A Oceaneering foi...<\/p>\n\t\t\t\t\t\t\t\t\t\t\tSaiba mais\n\t\t\t\t\t\t\t<\/a>\n\t\t\t\t\t\t\t<a href=\"https:\/\/www.oceaneering.com\/pt\/case-studies\/oceaneering-enables-safe-continued-production-by-mitigating-the-risk-of-fatigue-on-a-thermowell\/\">\n\t\t\t\t\t\t\t\t\t\t<img decoding=\"async\" src=\"https:\/\/www.oceaneering.com\/wp-content\/uploads\/2020\/01\/pressure-systems.jpg\" alt=\"\"\/>\n\t\t\t\t\t\t\t\t\t\t<h3>A Oceaneering permite a produ\u00e7\u00e3o segura e cont\u00ednua ao reduzir o risco de fadiga em um po\u00e7o termom\u00e9trico<\/h3>\n\t\t\t\t\t\t\t\t\t\t<h3>A Oceaneering permite a produ\u00e7\u00e3o segura e cont\u00ednua ao reduzir o risco de fadiga em um po\u00e7o termom\u00e9trico<\/h3>\n\t\t\t\t\t\t\t\t\t\t\tSaiba mais\n\t\t\t\t\t\t\t<\/a>\n\t\t\t\t\t\t\t<a href=\"https:\/\/www.oceaneering.com\/pt\/case-studies\/oceaneering-ensures-integrity-of-pressurized-well-pad-equipment-for-an-onshore-operator-in-texas\/\">\n\t\t\t\t\t\t\t\t\t\t<img decoding=\"async\" src=\"https:\/\/www.oceaneering.com\/wp-content\/uploads\/2019\/09\/Of-Pressurized-Well-Pad.jpg\" alt=\"\"\/>\n\t\t\t\t\t\t\t\t\t\t<h3>A Oceaneering garante a integridade do equipamento pressurizado da plataforma do po\u00e7o para um operador em terra no Texas<\/h3>\n\t\t\t\t\t\t\t\t\t\t<h3>A Oceaneering garante a integridade do equipamento pressurizado da plataforma do po\u00e7o para um operador em terra no Texas<\/h3>\n\t\t\t\t\t\t\t\t\t\t\tSaiba mais\n\t\t\t\t\t\t\t<\/a>\n<h1>\n\t\tEntre em contato conosco\n\t<\/h1>\n<h2>\n\t\tNossa equipe de especialistas est\u00e1 pronta para ajud\u00e1-lo a come\u00e7ar.\n\t<\/h2>\n\t<p>A Oceaneering oferece os melhores produtos e solu\u00e7\u00f5es da categoria, respaldados por qualidade, confiabilidade e suporte global inigual\u00e1veis. Preencha o formul\u00e1rio de consulta para iniciar uma conversa hoje mesmo.<\/p>","protected":false},"excerpt":{"rendered":"<p>Discuta um projeto Sistemas de press\u00e3o de integridade de ativos Mitigue os riscos, aumente a vida \u00fatil dos ativos e garanta a confiabilidade de seus sistemas de press\u00e3o offshore e onshore. Reduza as paradas n\u00e3o planejadas e os riscos \u00e0 seguran\u00e7a Transforme a maneira como voc\u00ea garante a conformidade dos seus sistemas de press\u00e3o, passando de uma abordagem reativa para uma abordagem proativa de gerenciamento de integridade. Usamos servi\u00e7os integrados e orientados por dados para ... <a title=\"Sistemas de press\u00e3o\" class=\"read-more\" href=\"https:\/\/www.oceaneering.com\/pt\/asset-integrity-management\/pressure-systems\/\" aria-label=\"Leia mais sobre Sistemas de press\u00e3o\">Leia mais<\/a><\/p>","protected":false},"author":25,"featured_media":0,"parent":59710,"menu_order":0,"comment_status":"closed","ping_status":"closed","template":"","meta":{"_acf_changed":false,"footnotes":"","_links_to":"","_links_to_target":""},"product_category":[1205],"search_tags":[],"class_list":["post-75376","page","type-page","status-publish","product_category-asset-integrity-management"],"acf":[],"aioseo_notices":[],"_links":{"self":[{"href":"https:\/\/www.oceaneering.com\/pt\/wp-json\/wp\/v2\/pages\/75376","targetHints":{"allow":["GET"]}}],"collection":[{"href":"https:\/\/www.oceaneering.com\/pt\/wp-json\/wp\/v2\/pages"}],"about":[{"href":"https:\/\/www.oceaneering.com\/pt\/wp-json\/wp\/v2\/types\/page"}],"author":[{"embeddable":true,"href":"https:\/\/www.oceaneering.com\/pt\/wp-json\/wp\/v2\/users\/25"}],"replies":[{"embeddable":true,"href":"https:\/\/www.oceaneering.com\/pt\/wp-json\/wp\/v2\/comments?post=75376"}],"version-history":[{"count":0,"href":"https:\/\/www.oceaneering.com\/pt\/wp-json\/wp\/v2\/pages\/75376\/revisions"}],"up":[{"embeddable":true,"href":"https:\/\/www.oceaneering.com\/pt\/wp-json\/wp\/v2\/pages\/59710"}],"wp:attachment":[{"href":"https:\/\/www.oceaneering.com\/pt\/wp-json\/wp\/v2\/media?parent=75376"}],"wp:term":[{"taxonomy":"product_category","embeddable":true,"href":"https:\/\/www.oceaneering.com\/pt\/wp-json\/wp\/v2\/product_category?post=75376"},{"taxonomy":"search_tags","embeddable":true,"href":"https:\/\/www.oceaneering.com\/pt\/wp-json\/wp\/v2\/search_tags?post=75376"}],"curies":[{"name":"wp","href":"https:\/\/api.w.org\/{rel}","templated":true}]}}