{"id":75359,"date":"2025-03-12T07:52:37","date_gmt":"2025-03-12T12:52:37","guid":{"rendered":"https:\/\/www.oceaneering.com\/?page_id=75359"},"modified":"2025-06-30T07:00:50","modified_gmt":"2025-06-30T12:00:50","slug":"storage-tanks-and-associated-pipework","status":"publish","type":"page","link":"https:\/\/www.oceaneering.com\/pt\/asset-integrity-management\/storage-tanks-and-associated-pipework\/","title":{"rendered":"Tanques de armazenamento e tubula\u00e7\u00f5es associadas"},"content":{"rendered":"<a href=\"\/pt\/asset-integrity\/#contact\" target=\"_self\">\n\t\t\t\t\t\t\tDiscutir um projeto\n\t\t\t\t\t<\/a>\n\t\tIntegridade dos ativos \n<h1>\n\t\tTanques de armazenamento e tubula\u00e7\u00f5es associadas \n\t<\/h1>\n\t<p>Combine tecnologias avan\u00e7adas de testes n\u00e3o destrutivos com insights de especialistas em engenharia para minimizar riscos, otimizar o planejamento de manuten\u00e7\u00e3o e garantir a seguran\u00e7a e a longevidade de seus tanques de armazenamento atmosf\u00e9rico e tubula\u00e7\u00f5es associadas.<\/p>\n<h2>\n\t\tIntegrado, abrangente e econ\u00f4mico.\n\t<\/h2>\n\t<p>Atenda aos requisitos exclusivos de suas opera\u00e7\u00f5es com nossos engenheiros de integridade certificados pela EEMUA e pela API. Oferecemos programas de integridade de tanques de armazenamento atmosf\u00e9rico e inspe\u00e7\u00e3o downstream l\u00edderes do setor para equipar suas equipes com os dados necess\u00e1rios para tomar decis\u00f5es informadas.<\/p>\n<h2>\n\t\tOtimize a integridade e as inspe\u00e7\u00f5es\n\t<\/h2>\n\t<p>Garanta a seguran\u00e7a, a conformidade e a longevidade dos ativos com planejamento de inspe\u00e7\u00e3o direcionado e m\u00e9todos de avalia\u00e7\u00e3o avan\u00e7ados. Nossa abordagem integra inspe\u00e7\u00e3o baseada em riscos, esquemas alinhados \u00e0s normas e diagn\u00f3sticos de ponta para dar suporte a decis\u00f5es mais inteligentes de manuten\u00e7\u00e3o e reparo em todo o ciclo de vida do ativo.<\/p>\n\t\t\t<h3>Inspe\u00e7\u00e3o baseada em risco (RBI) Planejamento e esquemas escritos de exame (WSE)<\/h3>\t\t\t\n\t\t\t\t<p>Realizar avalia\u00e7\u00f5es de RBI para identificar os requisitos e intervalos ideais de inspe\u00e7\u00e3o que s\u00e3o integrados em WSEs abrangentes.<\/p>\n\t\t\t<h3>Metodologia de inspe\u00e7\u00e3o e reparo de tanques<\/h3>\t\t\t\n\t\t\t\t<p>Garantir a conformidade com metodologias que estejam de acordo com os requisitos da API 650\/653, BS EN:14015 e EEMUA 159.<\/p>\n\t\t\t<h3>Planejamento de manuten\u00e7\u00e3o e reparo<\/h3>\t\t\t\n\t\t\t\t<p>Otimize o agendamento e as despesas com estrat\u00e9gias alinhadas aos padr\u00f5es globais e de sua empresa.<\/p>\n\t\t\t<h3>NDT visual integrado e exame avan\u00e7ado<\/h3>\t\t\t\n\t\t\t\t<p>Transforme a efici\u00eancia da inspe\u00e7\u00e3o com equipes multiqualificadas e experientes na coleta de dados de condi\u00e7\u00e3o altamente detalhados.<\/p>\n\t\t\t<h3>Avalia\u00e7\u00f5es de aptid\u00e3o para o servi\u00e7o (FFS) e vida \u00fatil restante<\/h3>\t\t\t\n\t\t\t\t<p>Confirme a integridade estrutural e avalie a vida \u00fatil de seus tanques de armazenamento e sistemas de tubula\u00e7\u00e3o.<\/p>\n\t\t\t<h3>Avalia\u00e7\u00f5es de assentamento de funda\u00e7\u00f5es<\/h3>\t\t\t\n\t\t\t\t<p>Detectar o movimento da funda\u00e7\u00e3o do tanque, a inclina\u00e7\u00e3o do plano e outros fatores que afetam a integridade da estrutura.<\/p>\n\t\t\t\t<img loading=\"lazy\" decoding=\"async\" src=\"https:\/\/www.oceaneering.com\/wp-content\/uploads\/2024\/11\/Tank-inspection.jpg\" alt=\"Tank inspection\" itemprop=\"image\" height=\"1080\" width=\"1920\" title=\"Inspe\u00e7\u00e3o do tanque\" onerror=\"this.style.display='none'\"  \/>\n<h2>\n\t\tExperi\u00eancia e tecnologia em inspe\u00e7\u00e3o \n\t<\/h2>\n\t<p>Confirme a integridade de seus tanques de armazenamento e tubula\u00e7\u00f5es coletando dados relacionados a ativos com as tecnologias NDT mais avan\u00e7adas do setor. Nossa equipe inclui especialistas em NDT N\u00edvel 3 que garantem a mais alta qualidade na presta\u00e7\u00e3o de servi\u00e7os, valida\u00e7\u00e3o de m\u00e9todos e compet\u00eancia do operador<\/p>\n\t\t\t<a href=\"https:\/\/www.oceaneering.com\/pt\/asset-integrity-management\/inspection\/\" target=\"_self\">\n\t\t\t\t\t\t\tSaiba mais\n\t\t\t\t\t<\/a>\n<h2>\n\t\tTransforme a seguran\u00e7a e a qualidade dos dados com inspe\u00e7\u00f5es por drones \n\t<\/h2>\n\t<p>Repense seus escopos de inspe\u00e7\u00e3o de tanques com nossos recursos internos de inspe\u00e7\u00e3o por drones. Ao eliminar a necessidade de andaimes ou acesso por corda, reduzimos significativamente os custos e, ao mesmo tempo, coletamos dados de alta qualidade, garantindo uma avalia\u00e7\u00e3o abrangente sem exigir que a equipe entre em espa\u00e7os confinados ou trabalhe em altura.<\/p>\n<p>A tecnologia e o software do drone geram mapas 3D em tempo real e fornecem rastreabilidade total dos dados, incluindo arquivos de v\u00eddeo e imagem, ajudando-o a atender aos requisitos regulamentares e a planejar com efici\u00eancia os reparos necess\u00e1rios.<\/p>\n\t\t\t\t<img loading=\"lazy\" decoding=\"async\" src=\"https:\/\/www.oceaneering.com\/wp-content\/uploads\/2025\/05\/Elios-Drone-System-3.jpg\" alt=\"Elios Drone System 3\" itemprop=\"image\" height=\"1650\" width=\"1841\" title=\"Sistema de drone Elios 3\" onerror=\"this.style.display='none'\"  \/>\n\t\t\t\t\t\t\t\t\t<h3>Comprovado em campo. L\u00edder do setor.<\/h3>\n\t\t\t\t\t\t\t\t\t<p>Leia nossos estudos de caso que apresentam projetos bem-sucedidos de integridade e inspe\u00e7\u00e3o de tanques de armazenamento.<\/p>\n\t\t\t\t\t\t<a href=\"https:\/\/www.oceaneering.com\/pt\/resources\/?_content_types=case-study\" target=\"_self\">\n\t\t\t\t\t\t\t\tVer todos os estudos de caso\t\t\t\t\t\t\t\n\t\t\t\t\t\t\t\t\t\t\t\t\t<\/a>\n\t\t\t\t\t\t<button>\n\t\t\t\t\t\t\tAnterior\n\t\t\t\t\t\t<\/button>\n\t\t\t\t\t\t<button>\n\t\t\t\t\t\t\tPr\u00f3ximo\n\t\t\t\t\t\t<\/button>\n\t\t\t\t\t\t\t<a href=\"https:\/\/www.oceaneering.com\/pt\/case-studies\/atmospheric-tank-inspection-with-elios-3-drone-reduces-risk-and-cost-for-uk-client\/\">\n\t\t\t\t\t\t\t\t\t\t<img decoding=\"async\" src=\"https:\/\/www.oceaneering.com\/wp-content\/uploads\/2025\/06\/Elios-Drone-System-2.jpg\" alt=\"\"\/>\n\t\t\t\t\t\t\t\t\t\t<h3>Inspe\u00e7\u00e3o de tanques atmosf\u00e9ricos com o drone Elios 3 reduz riscos e custos para cliente do Reino Unido<\/h3>\n\t\t\t\t\t\t\t\t\t\t<h3>Inspe\u00e7\u00e3o de tanques atmosf\u00e9ricos com o drone Elios 3 reduz riscos e custos para cliente do Reino Unido<\/h3>\n\t\t\t\t\t\t\t\t\t\t\t\t\t\t\t\t\t\t\t\t\t<p>Um grande produtor global de energia estava buscando um m\u00e9todo mais seguro e econ\u00f4mico para realizar inspe\u00e7\u00f5es internas abrangentes...<\/p>\n\t\t\t\t\t\t\t\t\t\t\tSaiba mais\n\t\t\t\t\t\t\t<\/a>\n\t\t\t\t\t\t\t<a href=\"https:\/\/www.oceaneering.com\/pt\/case-studies\/analytical-assessment-eliminates-requirement-for-costly-inspection-of-distorted-bitumen-storage-tank\/\">\n\t\t\t\t\t\t\t\t\t\t<img decoding=\"async\" src=\"https:\/\/www.oceaneering.com\/wp-content\/uploads\/2025\/03\/Storage-tanks.jpg\" alt=\"\"\/>\n\t\t\t\t\t\t\t\t\t\t<h3>Avalia\u00e7\u00e3o anal\u00edtica elimina a necessidade de inspe\u00e7\u00e3o dispendiosa de um tanque de armazenamento de betume distorcido<\/h3>\n\t\t\t\t\t\t\t\t\t\t<h3>Avalia\u00e7\u00e3o anal\u00edtica elimina a necessidade de inspe\u00e7\u00e3o dispendiosa de um tanque de armazenamento de betume distorcido<\/h3>\n\t\t\t\t\t\t\t\t\t\t\t\t\t\t\t\t\t\t\t\t\t<p>Em julho de 2024, a extra\u00e7\u00e3o de um pequeno volume de betume de um tanque de armazenamento aquecido e isolado...<\/p>\n\t\t\t\t\t\t\t\t\t\t\tSaiba mais\n\t\t\t\t\t\t\t<\/a>\n<h1>\n\t\tEntre em contato conosco\n\t<\/h1>\n<h2>\n\t\tNossa equipe de especialistas est\u00e1 pronta para ajud\u00e1-lo a come\u00e7ar.\n\t<\/h2>\n\t<p>A Oceaneering oferece os melhores produtos e solu\u00e7\u00f5es da categoria, respaldados por qualidade, confiabilidade e suporte global inigual\u00e1veis. Preencha o formul\u00e1rio de consulta para iniciar uma conversa hoje mesmo.<\/p>","protected":false},"excerpt":{"rendered":"<p>Discutir um projeto Integridade dos ativos Tanques de armazenamento e tubula\u00e7\u00f5es associadas Combine tecnologias avan\u00e7adas de testes n\u00e3o destrutivos com insights de especialistas em engenharia para minimizar riscos, otimizar o planejamento de manuten\u00e7\u00e3o e garantir a seguran\u00e7a e a longevidade de seus tanques de armazenamento atmosf\u00e9rico e tubula\u00e7\u00f5es associadas. Integrado, abrangente e econ\u00f4mico. Atenda aos requisitos exclusivos de suas opera\u00e7\u00f5es com nossos produtos certificados pela EEMUA e pela API ... <a title=\"Tanques de armazenamento e tubula\u00e7\u00f5es associadas\" class=\"read-more\" href=\"https:\/\/www.oceaneering.com\/pt\/asset-integrity-management\/storage-tanks-and-associated-pipework\/\" aria-label=\"Leia mais sobre Tanques de armazenamento e tubula\u00e7\u00f5es associadas\">Leia mais<\/a><\/p>","protected":false},"author":25,"featured_media":0,"parent":59710,"menu_order":0,"comment_status":"closed","ping_status":"closed","template":"","meta":{"_acf_changed":false,"footnotes":"","_links_to":"","_links_to_target":""},"product_category":[],"search_tags":[],"class_list":["post-75359","page","type-page","status-publish"],"acf":[],"aioseo_notices":[],"_links":{"self":[{"href":"https:\/\/www.oceaneering.com\/pt\/wp-json\/wp\/v2\/pages\/75359","targetHints":{"allow":["GET"]}}],"collection":[{"href":"https:\/\/www.oceaneering.com\/pt\/wp-json\/wp\/v2\/pages"}],"about":[{"href":"https:\/\/www.oceaneering.com\/pt\/wp-json\/wp\/v2\/types\/page"}],"author":[{"embeddable":true,"href":"https:\/\/www.oceaneering.com\/pt\/wp-json\/wp\/v2\/users\/25"}],"replies":[{"embeddable":true,"href":"https:\/\/www.oceaneering.com\/pt\/wp-json\/wp\/v2\/comments?post=75359"}],"version-history":[{"count":0,"href":"https:\/\/www.oceaneering.com\/pt\/wp-json\/wp\/v2\/pages\/75359\/revisions"}],"up":[{"embeddable":true,"href":"https:\/\/www.oceaneering.com\/pt\/wp-json\/wp\/v2\/pages\/59710"}],"wp:attachment":[{"href":"https:\/\/www.oceaneering.com\/pt\/wp-json\/wp\/v2\/media?parent=75359"}],"wp:term":[{"taxonomy":"product_category","embeddable":true,"href":"https:\/\/www.oceaneering.com\/pt\/wp-json\/wp\/v2\/product_category?post=75359"},{"taxonomy":"search_tags","embeddable":true,"href":"https:\/\/www.oceaneering.com\/pt\/wp-json\/wp\/v2\/search_tags?post=75359"}],"curies":[{"name":"wp","href":"https:\/\/api.w.org\/{rel}","templated":true}]}}