{"id":75299,"date":"2025-03-06T07:59:43","date_gmt":"2025-03-06T13:59:43","guid":{"rendered":"https:\/\/www.oceaneering.com\/?page_id=75299"},"modified":"2025-07-21T05:01:49","modified_gmt":"2025-07-21T10:01:49","slug":"condition-monitoring","status":"publish","type":"page","link":"https:\/\/www.oceaneering.com\/pt\/maintenance-and-reliability\/condition-monitoring\/","title":{"rendered":"Monitoramento de condi\u00e7\u00f5es"},"content":{"rendered":"<a href=\"https:\/\/www.oceaneering.com\/pt\/maintenance-and-reliability\/#contact\" target=\"_self\">\n\t\t\t\t\t\t\tEntre em contato conosco\n\t\t\t\t\t<\/a>\n<h1>\n\t\tMonitoramento de condi\u00e7\u00f5es\n\t<\/h1>\n\t<p>A an\u00e1lise avan\u00e7ada de vibra\u00e7\u00e3o e a tecnologia de diagn\u00f3stico fornecem avisos antecipados de poss\u00edveis problemas com seus equipamentos rotativos, como bombas, compressores, turbinas, motores, caixas de engrenagens e ventiladores.<\/p>\n\t\tDe reativo a proativo\n<h2>\n\t\tMelhore o tempo de atividade. Reduzir os riscos.\n\t<\/h2>\n\t<p>Combine an\u00e1lise de vibra\u00e7\u00e3o, programas de monitoramento otimizados, tecnologia de diagn\u00f3stico avan\u00e7ada, termografia e presta\u00e7\u00e3o de servi\u00e7os integrados para identificar problemas. Esse m\u00e9todo hol\u00edstico permite que voc\u00ea fa\u00e7a a transi\u00e7\u00e3o da manuten\u00e7\u00e3o reativa para uma abordagem preditiva e proativa, otimizando suas opera\u00e7\u00f5es e minimizando as interrup\u00e7\u00f5es.<\/p>\n<h3>\n\t\tMinimize o tempo de inatividade dispendioso e n\u00e3o planejado\n\t<\/h3>\n<h3>\n\t\tOtimizar a programa\u00e7\u00e3o da manuten\u00e7\u00e3o\n\t<\/h3>\n<h3>\n\t\tAumentar a vida \u00fatil do equipamento e melhorar a seguran\u00e7a\n\t<\/h3>\n<h2>\n\t\tMantenha-se seguro. Fique on-line.\n\t<\/h2>\n\t<p>Garantimos que suas opera\u00e7\u00f5es permane\u00e7am on-line com seguran\u00e7a usando nossa experi\u00eancia inigual\u00e1vel em solu\u00e7\u00e3o de problemas no local e nossa capacidade de resolver seus desafios mais complexos. Temos um extenso hist\u00f3rico de corre\u00e7\u00e3o r\u00e1pida de problemas, garantindo o m\u00e1ximo de tempo de atividade.<\/p>\n<h2>\n\t\tIdentificar e mitigar riscos  \n\t<\/h2>\n\t<p>Aproveitar as sinergias entre <a href=\"https:\/\/www.oceaneering.com\/pt\/condition-monitoring\/\">monitoramento de condi\u00e7\u00f5es<\/a> e mais amplo <a href=\"https:\/\/www.oceaneering.com\/pt\/vibration-engineering\/\">engenharia de vibra\u00e7\u00e3o<\/a> A equipe de especialistas da SGS tem experi\u00eancia para adotar uma abordagem abrangente para manter a integridade de seus equipamentos rotativos. Usamos t\u00e9cnicas avan\u00e7adas de an\u00e1lise de vibra\u00e7\u00e3o e solu\u00e7\u00f5es inovadoras de monitoramento para detectar desequil\u00edbrios, desalinhamentos, defeitos em rolamentos, folgas, falhas em engrenagens e outros problemas comuns, permitindo a an\u00e1lise de assinaturas de vibra\u00e7\u00e3o e a identifica\u00e7\u00e3o da natureza exata e da gravidade dos problemas.<\/p>\n\t\t\t\t<img loading=\"lazy\" decoding=\"async\" src=\"https:\/\/www.oceaneering.com\/wp-content\/uploads\/2025\/03\/Mechanical-engineer.jpg\" alt=\"Mechanical-engineer\" itemprop=\"image\" height=\"1280\" width=\"1920\" title=\"Mechanical-engineer\" onerror=\"this.style.display='none'\"  \/>\n<h2>\n\t\tSolu\u00e7\u00f5es de monitoramento de vibra\u00e7\u00e3o\n\t<\/h2>\n\t<p>Com foco em recursos remotos e servi\u00e7o integrado, nossas solu\u00e7\u00f5es de monitoramento de vibra\u00e7\u00e3o, incluindo o Sistema de Gerenciamento de Vibra\u00e7\u00e3o da Oceaneering (OVMS) desenvolvido internamente, fornecem dados confi\u00e1veis e ajudam a manter a integridade e a confiabilidade.<\/p>\n\t\t\t<a href=\"https:\/\/www.oceaneering.com\/pt\/asset-integrity-management\/integrity-engineering\/vibration-engineering\/\" target=\"_self\">\n\t\t\t\t\t\t\tExplore nossos servi\u00e7os de engenharia de vibra\u00e7\u00e3o\n\t\t\t\t\t<\/a>\n\t\t<h3>OVMS Port\u00e1til<\/h3>\n\t\t\t\t<p>Triagem port\u00e1til para pessoal treinado sob orienta\u00e7\u00e3o.<\/p>\n\t\t<h3>Monitoramento sem fio do OVMS<\/h3>\n\t\t\t\t<p>Monitoramento inteligente de vibra\u00e7\u00f5es e detec\u00e7\u00e3o de especialistas.<\/p>\n\t\t<h3>Sistemas de monitoramento de longo prazo<\/h3>\n\t\t\t\t<p>Monitoramento cont\u00ednuo de alta resolu\u00e7\u00e3o de vibra\u00e7\u00e3o e estresse para sistemas cr\u00edticos.<\/p>\n<h1>\n\t\tEntre em contato conosco\n\t<\/h1>\n<h2>\n\t\tNossa equipe de especialistas est\u00e1 pronta para ajud\u00e1-lo a come\u00e7ar.\n\t<\/h2>\n\t<p>A Oceaneering oferece os melhores produtos e solu\u00e7\u00f5es da categoria, respaldados por qualidade, confiabilidade e suporte global inigual\u00e1veis. Preencha o formul\u00e1rio de consulta para iniciar uma conversa hoje mesmo.<\/p>","protected":false},"excerpt":{"rendered":"<p>Contact Us Condition Monitoring Advanced vibration analysis and diagnostic technology give you early warnings of potential issues with your rotating equipment, such as pumps, compressors, turbines, motors, gearboxes, and fans. From Reactive to Proactive Improve Uptime. Reduce Risk. Combine vibration analysis, optimized monitoring programs, advanced diagnostic technology, thermography, and integrated service delivery to identify concerns. &#8230; <a title=\"Monitoramento de condi\u00e7\u00f5es\" class=\"read-more\" href=\"https:\/\/www.oceaneering.com\/pt\/maintenance-and-reliability\/condition-monitoring\/\" aria-label=\"Read more about Condition Monitoring\">Leia mais<\/a><\/p>","protected":false},"author":25,"featured_media":0,"parent":59772,"menu_order":0,"comment_status":"closed","ping_status":"closed","template":"","meta":{"_acf_changed":false,"footnotes":"","_links_to":"","_links_to_target":""},"product_category":[1998],"search_tags":[],"class_list":["post-75299","page","type-page","status-publish","product_category-maintenance-and-reliability"],"acf":[],"aioseo_notices":[],"_links":{"self":[{"href":"https:\/\/www.oceaneering.com\/pt\/wp-json\/wp\/v2\/pages\/75299","targetHints":{"allow":["GET"]}}],"collection":[{"href":"https:\/\/www.oceaneering.com\/pt\/wp-json\/wp\/v2\/pages"}],"about":[{"href":"https:\/\/www.oceaneering.com\/pt\/wp-json\/wp\/v2\/types\/page"}],"author":[{"embeddable":true,"href":"https:\/\/www.oceaneering.com\/pt\/wp-json\/wp\/v2\/users\/25"}],"replies":[{"embeddable":true,"href":"https:\/\/www.oceaneering.com\/pt\/wp-json\/wp\/v2\/comments?post=75299"}],"version-history":[{"count":0,"href":"https:\/\/www.oceaneering.com\/pt\/wp-json\/wp\/v2\/pages\/75299\/revisions"}],"up":[{"embeddable":true,"href":"https:\/\/www.oceaneering.com\/pt\/wp-json\/wp\/v2\/pages\/59772"}],"wp:attachment":[{"href":"https:\/\/www.oceaneering.com\/pt\/wp-json\/wp\/v2\/media?parent=75299"}],"wp:term":[{"taxonomy":"product_category","embeddable":true,"href":"https:\/\/www.oceaneering.com\/pt\/wp-json\/wp\/v2\/product_category?post=75299"},{"taxonomy":"search_tags","embeddable":true,"href":"https:\/\/www.oceaneering.com\/pt\/wp-json\/wp\/v2\/search_tags?post=75299"}],"curies":[{"name":"wp","href":"https:\/\/api.w.org\/{rel}","templated":true}]}}