{"id":75255,"date":"2025-02-21T00:35:24","date_gmt":"2025-02-21T06:35:24","guid":{"rendered":"https:\/\/www.oceaneering.com\/?page_id=75255"},"modified":"2025-06-30T07:13:07","modified_gmt":"2025-06-30T12:13:07","slug":"corrosion-management","status":"publish","type":"page","link":"https:\/\/www.oceaneering.com\/pt\/asset-integrity-management\/integrity-engineering\/corrosion-management\/","title":{"rendered":"Gerenciamento de corros\u00e3o"},"content":{"rendered":"<a href=\"\/pt\/asset-integrity\/#contact\" target=\"_self\">\n\t\t\t\t\t\t\tDiscutir um projeto\n\t\t\t\t\t<\/a>\n<h1>\n\t\tGerenciamento de corros\u00e3o\n\t<\/h1>\n\t<p>Use a detec\u00e7\u00e3o precoce e a an\u00e1lise preditiva para prevenir, controlar e mitigar a degrada\u00e7\u00e3o de materiais que afetam seus ativos.<\/p>\n<h2>\n\t\tProteja seus ativos  \n\t<\/h2>\n\t<p>Nossa equipe de engenheiros de corros\u00e3o formalmente treinados oferece solu\u00e7\u00f5es completas para o gerenciamento da corros\u00e3o, abordando todos os est\u00e1gios do ciclo de vida dos ativos, desde as primeiras fases de projeto e sele\u00e7\u00e3o de materiais at\u00e9 o descomissionamento. Nossos servi\u00e7os personalizados tratam de perda de metal, rachaduras e outras falhas relacionadas \u00e0 corros\u00e3o que afetam os ativos usados nos setores de petr\u00f3leo e g\u00e1s offshore e onshore, nuclear, alimentos e bebidas, constru\u00e7\u00e3o e transporte. <\/p>\n<h2>\n\t\tAbordar e mitigar os riscos de corros\u00e3o\n\t<\/h2>\n\t<p>Gerencie a corros\u00e3o de forma eficaz para manter a integridade e o desempenho de seus ativos. Nossa abordagem abrangente combina engenharia avan\u00e7ada, an\u00e1lise preditiva e estrat\u00e9gias de mitiga\u00e7\u00e3o comprovadas para tratar dos riscos de corros\u00e3o em todos os est\u00e1gios do ciclo de vida dos ativos.<\/p>\n\t\t\t<h3>Engenharia de sele\u00e7\u00e3o de materiais <\/h3>\t\t\t\n\t\t\t\t<p>Avalie o desempenho do material em condi\u00e7\u00f5es operacionais e ambientais para garantir a resist\u00eancia \u00e0 corros\u00e3o desde o projeto at\u00e9 a opera\u00e7\u00e3o.<\/p>\n\t\t\t<h3>An\u00e1lise de falha de causa raiz<\/h3>\t\t\t\n\t\t\t\t<p>Identificar as causas subjacentes das falhas de corros\u00e3o para informar estrat\u00e9gias eficazes de corre\u00e7\u00e3o.<\/p>\n\t\t\t<h3>Mitiga\u00e7\u00e3o de corros\u00e3o interna e externa<\/h3>\t\t\t\n\t\t\t\t<p>Estrat\u00e9gias focadas para corros\u00e3o sob isolamento (CUI), gerenciamento de perna morta, prote\u00e7\u00e3o cat\u00f3dica, manuten\u00e7\u00e3o de tecido e monitoramento de corros\u00e3o em tempo real centrado em janelas operacionais de integridade (IOW).<\/p>\n\t\t\t<h3>Estudo de Avalia\u00e7\u00e3o de Risco de Corros\u00e3o (CRAS)<\/h3>\t\t\t\n\t\t\t\t<p>Realizar estudos de avalia\u00e7\u00e3o de risco de corros\u00e3o (CRAS) combinando nossa experi\u00eancia no assunto e as melhores pr\u00e1ticas do setor para identificar e priorizar os riscos de corros\u00e3o, gerenciando-os de forma eficaz.<\/p>\n\t\t\t<h3>Inspe\u00e7\u00e3o baseada em risco (RBI) e an\u00e1lise preditiva<\/h3>\t\t\t\n\t\t\t\t<p>Otimize os intervalos de inspe\u00e7\u00e3o e as interven\u00e7\u00f5es direcionadas, reduzindo os custos e aumentando a confiabilidade.<\/p>\n\t\t\t<h3>Avalia\u00e7\u00e3o da vida \u00fatil restante (RLA), adequa\u00e7\u00e3o ao servi\u00e7o (FFS) e extens\u00e3o da vida \u00fatil dos ativos <\/h3>\t\t\t\n\t\t\t\t<p>Use c\u00f3digos e padr\u00f5es estabelecidos do setor, incorporando a an\u00e1lise detalhada de elementos finitos (FEA) para garantir a opera\u00e7\u00e3o segura dos ativos e evitar efetivamente falhas recorrentes.<\/p>\n\t\t\t<h3>Documentos de Controle de Corros\u00e3o (CCD) e Planos de Gerenciamento de Corros\u00e3o (CMP)<\/h3>\t\t\t\n\t\t\t\t<p>Desenvolver e implementar Documentos de Controle de Corros\u00e3o (CCDs) e Planos de Gerenciamento de Corros\u00e3o (CMPs) abrangentes para garantir a confiabilidade e a integridade dos ativos a longo prazo, minimizar os riscos de corros\u00e3o e apoiar opera\u00e7\u00f5es seguras e confi\u00e1veis em qualquer est\u00e1gio do projeto.<\/p>\n<h2>\n\t\tCombate \u00e0 corros\u00e3o com servi\u00e7os integrados  \n\t<\/h2>\n\t<p>Nossos servi\u00e7os integrados e nossa ampla experi\u00eancia nos permitem desenvolver programas abrangentes de gerenciamento de corros\u00e3o que atendem \u00e0 localiza\u00e7\u00e3o geogr\u00e1fica, aos padr\u00f5es do setor, \u00e0s condi\u00e7\u00f5es ambientais e aos tipos de ativos. Oferecemos engenharia e gerenciamento de corros\u00e3o juntamente com nossos servi\u00e7os mais amplos de integridade, software e inspe\u00e7\u00e3o, o que nos permite aproveitar o conhecimento especializado e a tecnologia avan\u00e7ada para otimizar o desempenho dos ativos e reduzir os riscos.<\/p>\n\t\t\t\t<img loading=\"lazy\" decoding=\"async\" src=\"https:\/\/www.oceaneering.com\/wp-content\/uploads\/2025\/05\/Vision_Split-Screen-View_no-edges-2.jpg\" alt=\"Vision_Split-Screen-View_no-edges-2\" itemprop=\"image\" height=\"1199\" width=\"1860\" title=\"Vision_Split-Screen-View_no-edges-2\" onerror=\"this.style.display='none'\"  \/>\n<h3>\n\t\tINFORM\u2122 Vision, desenvolvido pela GDi \n\t<\/h3>\n\t<p>A plataforma INFORM\u2122 Vision oferece insight e controle inigual\u00e1veis sobre o gerenciamento da corros\u00e3o por meio de visualiza\u00e7\u00e3o e an\u00e1lise avan\u00e7adas de dados. Ao fornecer uma interface centralizada e f\u00e1cil de usar e uma tecnologia de digitaliza\u00e7\u00e3o e modelagem de \u00faltima gera\u00e7\u00e3o, o Inform\u2122 Vision aumenta a efici\u00eancia operacional, reduz o tempo de inatividade e garante a conformidade regulamentar, tornando-o uma ferramenta indispens\u00e1vel para gerenciar desafios complexos de corros\u00e3o em diversos setores.<\/p>\n\t\t\t<a href=\"https:\/\/www.oceaneering.com\/pt\/asset-integrity-management\/integrity-management\/digital-asset-management__trashed\/inform-vision-cloud-based-3d-digital-asset-management-solution\/\" target=\"_self\">\n\t\t\t\t\t\t\tSaiba mais\n\t\t\t\t\t<\/a>\n\t\t\t\t<img loading=\"lazy\" decoding=\"async\" src=\"https:\/\/www.oceaneering.com\/wp-content\/uploads\/2025\/04\/NDT.jpg\" alt=\"NDT Testing\" itemprop=\"image\" height=\"1282\" width=\"1920\" title=\"Testes NDT\" onerror=\"this.style.display='none'\"  \/>\n<h3>\n\t\tEngenharia de Integridade \n\t<\/h3>\n\t<p>Proteja seus ativos essenciais onde quer que voc\u00ea opere. De sistemas de press\u00e3o, tanques de armazenamento e tubula\u00e7\u00f5es a estruturas fixas e flutuantes e equipamentos submarinos. Usamos inspe\u00e7\u00e3o avan\u00e7ada, insights de dados e estrat\u00e9gias baseadas em riscos para reduzir falhas, aumentar a vida \u00fatil dos ativos e mant\u00ea-lo em conformidade e operacional. <a href=\"https:\/\/www.oceaneering.com\/pt\/vibration-engineering\/\">Abordar preocupa\u00e7\u00f5es relacionadas \u00e0 vibra\u00e7\u00e3o<\/a> e integrar <a href=\"https:\/\/www.oceaneering.com\/pt\/condition-monitoring\/\">monitoramento de condi\u00e7\u00f5es<\/a> para maximizar seu tempo de atividade.<\/p>\n\t\t\t<a href=\"https:\/\/www.oceaneering.com\/pt\/integrity-engineering\/\" target=\"_self\">\n\t\t\t\t\t\t\tSaiba mais\n\t\t\t\t\t<\/a>\n<h1>\n\t\tEntre em contato conosco\n\t<\/h1>\n<h2>\n\t\tNossa equipe de especialistas est\u00e1 pronta para ajud\u00e1-lo a come\u00e7ar.\n\t<\/h2>\n\t<p>A Oceaneering oferece os melhores produtos e solu\u00e7\u00f5es da categoria, respaldados por qualidade, confiabilidade e suporte global inigual\u00e1veis. Preencha o formul\u00e1rio de consulta para iniciar uma conversa hoje mesmo.<\/p>","protected":false},"excerpt":{"rendered":"<p>Discuss a Project Corrosion Management Use early detection and predictive analytics to prevent, control, and mitigate the degradation of materials affecting your assets. Protect Your Assets Our team of formally trained corrosion engineers delivers end-to-end solutions for corrosion management, addressing every stage of the asset lifecycle, from the earliest design and material selection phases to &#8230; <a title=\"Gerenciamento de corros\u00e3o\" class=\"read-more\" href=\"https:\/\/www.oceaneering.com\/pt\/asset-integrity-management\/integrity-engineering\/corrosion-management\/\" aria-label=\"Read more about Corrosion Management\">Leia mais<\/a><\/p>","protected":false},"author":25,"featured_media":0,"parent":73888,"menu_order":0,"comment_status":"closed","ping_status":"closed","template":"","meta":{"_acf_changed":false,"footnotes":"","_links_to":"","_links_to_target":""},"product_category":[1205],"search_tags":[],"class_list":["post-75255","page","type-page","status-publish","product_category-asset-integrity-management"],"acf":[],"aioseo_notices":[],"_links":{"self":[{"href":"https:\/\/www.oceaneering.com\/pt\/wp-json\/wp\/v2\/pages\/75255","targetHints":{"allow":["GET"]}}],"collection":[{"href":"https:\/\/www.oceaneering.com\/pt\/wp-json\/wp\/v2\/pages"}],"about":[{"href":"https:\/\/www.oceaneering.com\/pt\/wp-json\/wp\/v2\/types\/page"}],"author":[{"embeddable":true,"href":"https:\/\/www.oceaneering.com\/pt\/wp-json\/wp\/v2\/users\/25"}],"replies":[{"embeddable":true,"href":"https:\/\/www.oceaneering.com\/pt\/wp-json\/wp\/v2\/comments?post=75255"}],"version-history":[{"count":0,"href":"https:\/\/www.oceaneering.com\/pt\/wp-json\/wp\/v2\/pages\/75255\/revisions"}],"up":[{"embeddable":true,"href":"https:\/\/www.oceaneering.com\/pt\/wp-json\/wp\/v2\/pages\/73888"}],"wp:attachment":[{"href":"https:\/\/www.oceaneering.com\/pt\/wp-json\/wp\/v2\/media?parent=75255"}],"wp:term":[{"taxonomy":"product_category","embeddable":true,"href":"https:\/\/www.oceaneering.com\/pt\/wp-json\/wp\/v2\/product_category?post=75255"},{"taxonomy":"search_tags","embeddable":true,"href":"https:\/\/www.oceaneering.com\/pt\/wp-json\/wp\/v2\/search_tags?post=75255"}],"curies":[{"name":"wp","href":"https:\/\/api.w.org\/{rel}","templated":true}]}}