{"id":75151,"date":"2025-02-14T05:24:20","date_gmt":"2025-02-14T11:24:20","guid":{"rendered":"https:\/\/www.oceaneering.com\/?page_id=75151"},"modified":"2025-10-21T03:49:48","modified_gmt":"2025-10-21T08:49:48","slug":"fixed-and-floating-structures","status":"publish","type":"page","link":"https:\/\/www.oceaneering.com\/pt\/asset-integrity-management\/fixed-and-floating-structures\/","title":{"rendered":"Estruturas fixas e flutuantes"},"content":{"rendered":"<p><a href=\"\/pt\/asset-integrity\/#contact\" target=\"_self\"> Discutir um projeto <\/a> Integridade dos ativos<\/p>\r\n<h1>Estruturas fixas e flutuantes<\/h1>\r\n<p>Garanta a integridade estrutural, a efici\u00eancia operacional e a ades\u00e3o aos padr\u00f5es regulat\u00f3rios e do setor para seus ativos onshore, nearshore e offshore, sejam eles fixos ou flutuantes.<\/p>\r\n<h2>Reduzir o risco e aumentar a vida \u00fatil dos ativos<\/h2>\r\n<p>Adote estrat\u00e9gias personalizadas de inspe\u00e7\u00e3o e manuten\u00e7\u00e3o que se concentrem nos desafios estruturais espec\u00edficos de seus ativos. Combinando a nossa experi\u00eancia em inspe\u00e7\u00e3o e gerenciamento de integridade com o conhecimento de engenharia, voc\u00ea pode garantir que os seus ativos estejam aptos para o servi\u00e7o cont\u00ednuo.<\/p>\r\n<p>&nbsp;<\/p>\r\n<h5>Topsides offshore e estruturas de revestimento<\/h5>\r\n<h3>Ativos flutuantes (Topsides e mar\u00edtimos)<\/h3>\r\n<h3>Estruturas offshore Jack-Up<\/h3>\r\n<h3>Plantas de processamento de petr\u00f3leo e g\u00e1s<\/h3>\r\n<h3>Instala\u00e7\u00f5es industriais terrestres<\/h3>\r\n<h3>Infraestrutura de energia renov\u00e1vel<\/h3>\r\n<h2>Mantenha-se em conformidade com uma solu\u00e7\u00e3o integrada<\/h2>\r\n<p>Adote uma solu\u00e7\u00e3o verdadeiramente integrada, combinando nossa experi\u00eancia em gerenciamento de integridade, an\u00e1lise de engenharia, inspe\u00e7\u00e3o, tecnologia e gerenciamento de integridade do ciclo de vida estrutural com nosso alcance global, flexibilidade regulat\u00f3ria e recursos de digitaliza\u00e7\u00e3o.<\/p>\r\n<h3>Estrat\u00e9gia de inspe\u00e7\u00e3o<\/h3>\r\n<p>Desenvolvimento e execu\u00e7\u00e3o de estrat\u00e9gias de inspe\u00e7\u00e3o para atender aos requisitos regulat\u00f3rios relevantes.<\/p>\r\n<h3>Solu\u00e7\u00f5es digitais<\/h3>\r\n<p>Usando nosso INFORM Vision e nosso INFORM Suite, desenvolvemos Digital Twins, que permitem inspe\u00e7\u00f5es remotas e de acesso limitado que reduzem os riscos para as pessoas a bordo.<\/p>\r\n<h3>Gerenciamento de dados<\/h3>\r\n<p>Gerenciamento de dados de inspe\u00e7\u00e3o e atualiza\u00e7\u00f5es de estrat\u00e9gia para garantir a integridade dos dados e maximizar os insights e a capacidade de tomada de decis\u00f5es.<\/p>\r\n<h3>Gerenciamento da integridade<\/h3>\r\n<p>Gerenciamento de Integridade Estrutural (SIM) no dia a dia para otimizar e entregar seu programa estrutural com efici\u00eancia.<\/p>\r\n<h3>Inspe\u00e7\u00e3o baseada em riscos (RBI) e planejamento de extens\u00e3o da vida \u00fatil<\/h3>\r\n<p>Inspe\u00e7\u00e3o baseada em riscos e avalia\u00e7\u00f5es e planejamento de extens\u00e3o de vida \u00fatil para garantir que seus ativos sejam gerenciados de forma eficaz.<\/p>\r\n<h3>Conformidade<\/h3>\r\n<p>Garantir que as operadoras cumpram a conformidade com os padr\u00f5es regulat\u00f3rios e do setor, incluindo os requisitos de classe para ativos flutuantes<\/p>\r\n<h3>Detec\u00e7\u00e3o e avalia\u00e7\u00e3o<\/h3>\r\n<p>A detec\u00e7\u00e3o de anomalias, a avalia\u00e7\u00e3o e as recomenda\u00e7\u00f5es para permitir mitiga\u00e7\u00f5es eficazes est\u00e3o em vigor para manter a integridade.<\/p>\r\n<h3>Inspe\u00e7\u00f5es estruturais<\/h3>\r\n<p>Oferece solu\u00e7\u00f5es abrangentes de inspe\u00e7\u00e3o de estruturas usando drones, mini-ROVs e t\u00e9cnicas avan\u00e7adas de NDT, al\u00e9m de oferecer consultoria sobre as melhores solu\u00e7\u00f5es para a garantia de ativos.<\/p>\r\n<h3>Suporte ao descomissionamento<\/h3>\r\n<p>Suporte \u00e0 integridade dos ativos durante o descomissionamento para garantir que as opera\u00e7\u00f5es estruturais sejam realizadas de maneira compat\u00edvel, segura e econ\u00f4mica.<\/p>\r\n<p><img loading=\"lazy\" decoding=\"async\" title=\"Plataforma meio digital2\" src=\"https:\/\/www.oceaneering.com\/wp-content\/uploads\/2025\/06\/Platform-half-digital2.jpg\" alt=\"Platform-half-digital2\" width=\"1920\" height=\"1558\" \/> Digitalize sua integridade<\/p>\r\n<h2>INFORM\u2122 Software Suite<\/h2>\r\n<p>Digitalizamos o ciclo de inspe\u00e7\u00e3o e integridade com solu\u00e7\u00f5es de software que suportam an\u00e1lises preditivas, automatizam e padronizam relat\u00f3rios e usam g\u00eameos digitais e captura de dados m\u00f3veis para fornecer uma vis\u00e3o hol\u00edstica de seus ativos.<\/p>\r\n<p>Obtenha visibilidade operacional total, permitindo decis\u00f5es mais r\u00e1pidas e orientadas por dados que minimizam o tempo de inatividade e otimizam a aloca\u00e7\u00e3o de recursos. Os m\u00f3dulos do nosso INFORM\u2122 Software Suite digitalizam todo o seu processo de gerenciamento de integridade para aproveitar e gerenciar melhor os dados relacionados aos seus ativos e refinar o planejamento de inspe\u00e7\u00f5es futuras.<\/p>\r\n<p><a href=\"https:\/\/www.oceaneering.com\/pt\/asset-integrity-management\/digitizing-integrity\/\" target=\"_self\"> Saiba mais <\/a><\/p>\r\n<h1>Entre em contato conosco<\/h1>\r\n<h2>Nossa equipe de especialistas est\u00e1 pronta para ajud\u00e1-lo a come\u00e7ar.<\/h2>\r\n<p>A Oceaneering oferece os melhores produtos e solu\u00e7\u00f5es da categoria, respaldados por qualidade, confiabilidade e suporte global inigual\u00e1veis. Preencha o formul\u00e1rio de consulta para iniciar uma conversa hoje mesmo.<\/p>","protected":false},"excerpt":{"rendered":"<p>Discuss a Project Asset Integrity Fixed and Floating Structures Ensure the structural integrity, operational efficiency, and adherence to regulatory and industry standards for your onshore, nearshore, and offshore assets, whether they are fixed or floating. Reduce Risk and Extend Asset Life Adopt tailored inspection and maintenance strategies that focus on structural challenges specific to your &#8230; <a title=\"Estruturas fixas e flutuantes\" class=\"read-more\" href=\"https:\/\/www.oceaneering.com\/pt\/asset-integrity-management\/fixed-and-floating-structures\/\" aria-label=\"Read more about Fixed and Floating Structures\">Leia mais<\/a><\/p>","protected":false},"author":25,"featured_media":0,"parent":59710,"menu_order":0,"comment_status":"closed","ping_status":"closed","template":"","meta":{"_acf_changed":false,"footnotes":"","_links_to":"","_links_to_target":""},"product_category":[1205],"search_tags":[],"class_list":["post-75151","page","type-page","status-publish","product_category-asset-integrity-management"],"acf":[],"aioseo_notices":[],"_links":{"self":[{"href":"https:\/\/www.oceaneering.com\/pt\/wp-json\/wp\/v2\/pages\/75151","targetHints":{"allow":["GET"]}}],"collection":[{"href":"https:\/\/www.oceaneering.com\/pt\/wp-json\/wp\/v2\/pages"}],"about":[{"href":"https:\/\/www.oceaneering.com\/pt\/wp-json\/wp\/v2\/types\/page"}],"author":[{"embeddable":true,"href":"https:\/\/www.oceaneering.com\/pt\/wp-json\/wp\/v2\/users\/25"}],"replies":[{"embeddable":true,"href":"https:\/\/www.oceaneering.com\/pt\/wp-json\/wp\/v2\/comments?post=75151"}],"version-history":[{"count":1,"href":"https:\/\/www.oceaneering.com\/pt\/wp-json\/wp\/v2\/pages\/75151\/revisions"}],"predecessor-version":[{"id":79219,"href":"https:\/\/www.oceaneering.com\/pt\/wp-json\/wp\/v2\/pages\/75151\/revisions\/79219"}],"up":[{"embeddable":true,"href":"https:\/\/www.oceaneering.com\/pt\/wp-json\/wp\/v2\/pages\/59710"}],"wp:attachment":[{"href":"https:\/\/www.oceaneering.com\/pt\/wp-json\/wp\/v2\/media?parent=75151"}],"wp:term":[{"taxonomy":"product_category","embeddable":true,"href":"https:\/\/www.oceaneering.com\/pt\/wp-json\/wp\/v2\/product_category?post=75151"},{"taxonomy":"search_tags","embeddable":true,"href":"https:\/\/www.oceaneering.com\/pt\/wp-json\/wp\/v2\/search_tags?post=75151"}],"curies":[{"name":"wp","href":"https:\/\/api.w.org\/{rel}","templated":true}]}}