{"id":75068,"date":"2025-02-10T03:47:06","date_gmt":"2025-02-10T09:47:06","guid":{"rendered":"https:\/\/www.oceaneering.com\/?page_id=75068"},"modified":"2025-06-30T06:58:59","modified_gmt":"2025-06-30T11:58:59","slug":"subsea-assets","status":"publish","type":"page","link":"https:\/\/www.oceaneering.com\/pt\/asset-integrity-management\/subsea-assets\/","title":{"rendered":"Ativos submarinos"},"content":{"rendered":"<a href=\"\/pt\/asset-integrity\/#contact\" target=\"_self\">\n\t\t\t\t\t\t\tDiscutir um projeto\n\t\t\t\t\t<\/a>\n\t\tIntegridade dos ativos\n<h1>\n\t\tAtivos submarinos\n\t<\/h1>\n\t<p>Reduza os riscos associados \u00e0 corros\u00e3o, \u00e0 eros\u00e3o, \u00e0 degrada\u00e7\u00e3o de materiais, \u00e0s falhas estruturais e \u00e0s amea\u00e7as de terceiros relacionadas aos seus dutos e estruturas submarinas.<\/p>\n<h2>\n\t\tTransforme o gerenciamento da integridade de seus ativos submarinos\n\t<\/h2>\n\t<p>Aproveite a nossa experi\u00eancia e o nosso conhecimento especializado no ambiente submarino e use o nosso conjunto abrangente de recursos de projeto, engenharia e an\u00e1lise para transformar o gerenciamento da integridade dos seus ativos submarinos.<\/p>\n<h2>\n\t\tGerenciamento comprovado da integridade do ciclo de vida\n\t<\/h2>\n\t<p>Protect your assets with our comprehensive integrity management solutions-combining risk-based inspections, cutting-edge inspection tools, and decades of subsea experience-to ensure the reliability and performance of your assets throughout their entire lifecycle.<\/p>\n\t\t\t<h3>Avalia\u00e7\u00f5es de integridade e inspe\u00e7\u00f5es baseadas em risco (RBI)<\/h3>\t\t\t\n\t\t\t\t<p>Use nosso conhecimento t\u00e9cnico de engenharia e nossa ampla experi\u00eancia na realiza\u00e7\u00e3o de inspe\u00e7\u00f5es submarinas para implementar programas de RBI econ\u00f4micos e otimizados.<\/p>\n\t\t\t<h3>Manuten\u00e7\u00e3o orientada por engenharia e extens\u00e3o da vida \u00fatil dos ativos<\/h3>\t\t\t\n\t\t\t\t<p>Reduza o tempo de inatividade usando a an\u00e1lise de elementos finitos (FEA) e a din\u00e2mica de fluidos computacional (CFD) para detec\u00e7\u00e3o de anomalias, an\u00e1lise de adequa\u00e7\u00e3o ao servi\u00e7o e planejamento de manuten\u00e7\u00e3o.<\/p>\n\t\t\t<h3>Sistema de gerenciamento de integridade de dutos (PIMS)<\/h3>\t\t\t\n\t\t\t\t<p>We provide expert inspection planning, data analysis, risk assessment, and maintenance strategies to ensure the safe, compliant, and cost-effective operation of subsea pipelines throughout their lifecycle.\u00a0<\/p>\n\t\t\t<h3>Gerenciamento de eros\u00e3o e corros\u00e3o<\/h3>\t\t\t\n\t\t\t\t<p>Evite a degrada\u00e7\u00e3o e a instabilidade de ativos com an\u00e1lise especializada e estrat\u00e9gias de mitiga\u00e7\u00e3o para especialidades, incluindo modelagem avan\u00e7ada de eros\u00e3o e sele\u00e7\u00e3o de materiais, <a href=\"https:\/\/www.oceaneering.com\/pt\/corrosion-management-and-engineering\/\">gerenciamento de corros\u00e3o<\/a>e otimiza\u00e7\u00e3o da prote\u00e7\u00e3o cat\u00f3dica.<\/p>\n\t\t\t<h3>Desenvolvimento de estrat\u00e9gia e reparo emergencial de dutos (EPRS)<\/h3>\t\t\t\n\t\t\t\t<p>Resolva falhas de ativos, garanta a conformidade e melhore sua responsabilidade ambiental com nosso suporte de resposta r\u00e1pida e desenvolvimento de estrat\u00e9gias de reparo.<\/p>\n\t\t\t<h3>Avalia\u00e7\u00f5es de danos em dutos<\/h3>\t\t\t\n\t\t\t\t<p>Fornecer percep\u00e7\u00f5es cr\u00edticas sobre a integridade estrutural, de acordo com o Manual de Avalia\u00e7\u00e3o de Defeitos de Dutos (PDAM), assim que as anomalias forem identificadas.<\/p>\n\t\t\t\t<img loading=\"lazy\" decoding=\"async\" src=\"https:\/\/www.oceaneering.com\/wp-content\/uploads\/2025\/05\/Engineering-computing.jpg\" alt=\"Engineering-computing\" itemprop=\"image\" height=\"1688\" width=\"3000\" title=\"Engenharia e computa\u00e7\u00e3o\" onerror=\"this.style.display='none'\"  \/>\n<h2>\n\t\tEngenharia para desafios complexos \n\t<\/h2>\n\t<p>Nossa equipe global de engenheiros e especialistas oferece suporte ininterrupto a clientes dos setores de energia, captura de carbono e hidrog\u00eanio, fornecendo solu\u00e7\u00f5es de engenharia e gerenciamento de riscos para proteger ativos em todos os setores.<\/p>\n<ul>\n<li>Dutos offshore: Piggable e Non-Piggable<\/li>\n<li>Estruturas submarinas: Manifolds de extremidade de tubula\u00e7\u00e3o (PLEM), termina\u00e7\u00e3o de extremidade de linha de fluxo (FLET), termina\u00e7\u00f5es de extremidade de tubula\u00e7\u00e3o PLET<\/li>\n<li>Risers<\/li>\n<\/ul>\n\t\t\t\t<img loading=\"lazy\" decoding=\"async\" src=\"https:\/\/www.oceaneering.com\/wp-content\/uploads\/2025\/05\/Vision_Split-Screen-View_no-edges-2.jpg\" alt=\"Vision_Split-Screen-View_no-edges-2\" itemprop=\"image\" height=\"1199\" width=\"1860\" title=\"Vision_Split-Screen-View_no-edges-2\" onerror=\"this.style.display='none'\"  \/>\n<h3>\n\t\tINFORM\u2122 Software Suite\n\t<\/h3>\n\t<p>Integrate the advanced analytics, information from digital twins, and customizable risk-based inspection (RBI) frameworks included in our INFORM\u2122 Software Suite. The platform&#8217;s modules combine real-time monitoring and user-friendly interfaces to streamline data analysis and decision-making.<\/p>\n\t\t\t<a href=\"https:\/\/www.oceaneering.com\/pt\/asset-integrity-management\/digitizing-integrity\/\" target=\"_self\">\n\t\t\t\t\t\t\tSaiba mais\n\t\t\t\t\t<\/a>\n\t\t\t\t<img loading=\"lazy\" decoding=\"async\" src=\"https:\/\/www.oceaneering.com\/wp-content\/uploads\/2023\/11\/Isurus-ROV-featured-image.jpg\" alt=\"Isurus-ROV-featured-image\" itemprop=\"image\" height=\"628\" width=\"1200\" title=\"Isurus-ROV-featured-image\" onerror=\"this.style.display='none'\"  \/>\n<h3>\n\t\tServi\u00e7os de inspe\u00e7\u00e3o\n\t<\/h3>\n\t<p>Leverage the industry&#8217;s most advanced fleet of subsea robotics, innovative non-destructive testing techniques, and high-resolution imaging to support your diverse subsea inspection requirements.<\/p>\n\t\t\t<a href=\"https:\/\/www.oceaneering.com\/pt\/asset-integrity-management\/inspection\/\" target=\"_self\">\n\t\t\t\t\t\t\tSaiba mais\n\t\t\t\t\t<\/a>\n\t\t\t\t\t\t\t\t\t<h3>Comprovado em campo. L\u00edder do setor.<\/h3>\n\t\t\t\t\t\t\t\t\t<p>Leia os estudos de caso que detalham como ajudamos os clientes a garantir a integridade de seus dutos e estruturas submarinas. <\/p>\n\t\t\t\t\t\t<a href=\"https:\/\/www.oceaneering.com\/pt\/resources\/?_content_types=case-study\" target=\"_self\">\n\t\t\t\t\t\t\t\tVer todos os estudos de caso\t\t\t\t\t\t\t\n\t\t\t\t\t\t\t\t\t\t\t\t\t<\/a>\n\t\t\t\t\t\t<button>\n\t\t\t\t\t\t\tAnterior\n\t\t\t\t\t\t<\/button>\n\t\t\t\t\t\t<button>\n\t\t\t\t\t\t\tPr\u00f3ximo\n\t\t\t\t\t\t<\/button>\n\t\t\t\t\t\t\t<a href=\"https:\/\/www.oceaneering.com\/pt\/case-studies\/risk-based-inspection-assessment-enhances-safety-and-efficiency-for-19-pipelines-in-west-africa\/\">\n\t\t\t\t\t\t\t\t\t\t<img decoding=\"async\" src=\"https:\/\/www.oceaneering.com\/wp-content\/uploads\/2024\/12\/shutterstock_371173499-edited.jpg\" alt=\"\"\/>\n\t\t\t\t\t\t\t\t\t\t<h3>Avalia\u00e7\u00e3o de inspe\u00e7\u00e3o baseada em risco aumenta a seguran\u00e7a e a efici\u00eancia de 19 dutos na \u00c1frica Ocidental<\/h3>\n\t\t\t\t\t\t\t\t\t\t<h3>Avalia\u00e7\u00e3o de inspe\u00e7\u00e3o baseada em risco aumenta a seguran\u00e7a e a efici\u00eancia de 19 dutos na \u00c1frica Ocidental<\/h3>\n\t\t\t\t\t\t\t\t\t\t\t\t\t\t\t\t\t\t\t\t\t<p>From December 2023 through March 2024, a team of Oceaneering pipeline and corrosion engineers completed a comprehensive&#8230;<\/p>\n\t\t\t\t\t\t\t\t\t\t\tSaiba mais\n\t\t\t\t\t\t\t<\/a>\n\t\t\t\t\t\t\t<a href=\"https:\/\/www.oceaneering.com\/pt\/case-studies\/comprehensive-pipeline-integrity-management-in-the-north-sea\/\">\n\t\t\t\t\t\t\t\t\t\t<img decoding=\"async\" src=\"https:\/\/www.oceaneering.com\/wp-content\/uploads\/2024\/12\/shutterstock_2447240677-edited.jpg\" alt=\"\"\/>\n\t\t\t\t\t\t\t\t\t\t<h3>Gerenciamento abrangente da integridade de dutos no Mar do Norte<\/h3>\n\t\t\t\t\t\t\t\t\t\t<h3>Gerenciamento abrangente da integridade de dutos no Mar do Norte<\/h3>\n\t\t\t\t\t\t\t\t\t\t\t\t\t\t\t\t\t\t\t\t\t<p>As part of an ongoing integrated and comprehensive integrity services contract with a major client, our engineers&#8230;<\/p>\n\t\t\t\t\t\t\t\t\t\t\tSaiba mais\n\t\t\t\t\t\t\t<\/a>\n\t\t\t\t\t\t\t<a href=\"https:\/\/www.oceaneering.com\/pt\/case-studies\/advanced-subsea-visual-metrology-solution-delivers-improved-data-quality-for-external-wall-loss-measurement\/\">\n\t\t\t\t\t\t\t\t\t\t<img decoding=\"async\" src=\"https:\/\/www.oceaneering.com\/wp-content\/uploads\/2024\/03\/ASVM-External-Pipeline-Wall-Los.jpg\" alt=\"\"\/>\n\t\t\t\t\t\t\t\t\t\t<h3>Solu\u00e7\u00e3o avan\u00e7ada de metrologia visual submarina oferece melhor qualidade de dados para medi\u00e7\u00e3o de perda de parede externa<\/h3>\n\t\t\t\t\t\t\t\t\t\t<h3>Solu\u00e7\u00e3o avan\u00e7ada de metrologia visual submarina oferece melhor qualidade de dados para medi\u00e7\u00e3o de perda de parede externa<\/h3>\n\t\t\t\t\t\t\t\t\t\t\t\t\t\t\t\t\t\t\t\t\t<p>In November 2023, Oceaneering was contracted by a major oil and gas operator to complete a work&#8230;<\/p>\n\t\t\t\t\t\t\t\t\t\t\tSaiba mais\n\t\t\t\t\t\t\t<\/a>\n\t\t\t\t\t\t\t<a href=\"https:\/\/www.oceaneering.com\/pt\/case-studies\/advanced-subsea-visual-metrology-solution-provides-images-and-3d-modelling-of-exceptional-quality\/\">\n\t\t\t\t\t\t\t\t\t\t<img decoding=\"async\" src=\"https:\/\/www.oceaneering.com\/wp-content\/uploads\/2024\/02\/ROV-and-chain.jpg\" alt=\"\"\/>\n\t\t\t\t\t\t\t\t\t\t<h3>Solu\u00e7\u00e3o avan\u00e7ada de metrologia visual submarina fornece imagens e modelagem 3D de qualidade excepcional<\/h3>\n\t\t\t\t\t\t\t\t\t\t<h3>Solu\u00e7\u00e3o avan\u00e7ada de metrologia visual submarina fornece imagens e modelagem 3D de qualidade excepcional<\/h3>\n\t\t\t\t\t\t\t\t\t\t\t\t\t\t\t\t\t\t\t\t\t<p>In August 2023, Oceaneering deployed its Advanced Subsea Visual Metrology (ASVM) suite to collect data related to&#8230;<\/p>\n\t\t\t\t\t\t\t\t\t\t\tSaiba mais\n\t\t\t\t\t\t\t<\/a>\n\t\t\t\t\t\t\t<a href=\"https:\/\/www.oceaneering.com\/pt\/case-studies\/innovative-photogrammetry-survey-offers-solution-for-damaged-riser-offshore-brazil\/\">\n\t\t\t\t\t\t\t\t\t\t<img decoding=\"async\" src=\"https:\/\/www.oceaneering.com\/wp-content\/uploads\/2021\/11\/Case-Study-Innovative-Oceaneering-Photogrammetry-Solution-aids-Customer-with-Damaged-Riser-in-Brazil-banner.jpg\" alt=\"\"\/>\n\t\t\t\t\t\t\t\t\t\t<h3>Pesquisa inovadora de fotogrametria oferece solu\u00e7\u00e3o para riser danificado na costa do Brasil<\/h3>\n\t\t\t\t\t\t\t\t\t\t<h3>Pesquisa inovadora de fotogrametria oferece solu\u00e7\u00e3o para riser danificado na costa do Brasil<\/h3>\n\t\t\t\t\t\t\t\t\t\t\t\t\t\t\t\t\t\t\t\t\t<p>During an ROV inspection of a customer&#8217;s assets offshore Brazil, an Oceaneering team observed that a damaged&#8230;<\/p>\n\t\t\t\t\t\t\t\t\t\t\tSaiba mais\n\t\t\t\t\t\t\t<\/a>\n<h1>\n\t\tEntre em contato conosco\n\t<\/h1>\n<h2>\n\t\tNossa equipe de especialistas est\u00e1 pronta para ajud\u00e1-lo a come\u00e7ar.\n\t<\/h2>\n\t<p>A Oceaneering oferece os melhores produtos e solu\u00e7\u00f5es da categoria, respaldados por qualidade, confiabilidade e suporte global inigual\u00e1veis. Preencha o formul\u00e1rio de consulta para iniciar uma conversa hoje mesmo.<\/p>","protected":false},"excerpt":{"rendered":"<p>Discuss a Project Asset Integrity Subsea Assets Mitigate risk associated with the corrosion, erosion, material degradation, structural failures, and third-party threats related to your subsea pipelines and structures. Transform the Integrity Management of Your Subsea Assets Leverage our experience and expertise working in the subsea environment and use our comprehensive suite of design, engineering, and &#8230; <a title=\"Ativos submarinos\" class=\"read-more\" href=\"https:\/\/www.oceaneering.com\/pt\/asset-integrity-management\/subsea-assets\/\" aria-label=\"Read more about Subsea Assets\">Leia mais<\/a><\/p>","protected":false},"author":25,"featured_media":0,"parent":59710,"menu_order":0,"comment_status":"closed","ping_status":"closed","template":"","meta":{"_acf_changed":false,"footnotes":"","_links_to":"","_links_to_target":""},"product_category":[1205],"search_tags":[],"class_list":["post-75068","page","type-page","status-publish","product_category-asset-integrity-management"],"acf":[],"aioseo_notices":[],"_links":{"self":[{"href":"https:\/\/www.oceaneering.com\/pt\/wp-json\/wp\/v2\/pages\/75068","targetHints":{"allow":["GET"]}}],"collection":[{"href":"https:\/\/www.oceaneering.com\/pt\/wp-json\/wp\/v2\/pages"}],"about":[{"href":"https:\/\/www.oceaneering.com\/pt\/wp-json\/wp\/v2\/types\/page"}],"author":[{"embeddable":true,"href":"https:\/\/www.oceaneering.com\/pt\/wp-json\/wp\/v2\/users\/25"}],"replies":[{"embeddable":true,"href":"https:\/\/www.oceaneering.com\/pt\/wp-json\/wp\/v2\/comments?post=75068"}],"version-history":[{"count":0,"href":"https:\/\/www.oceaneering.com\/pt\/wp-json\/wp\/v2\/pages\/75068\/revisions"}],"up":[{"embeddable":true,"href":"https:\/\/www.oceaneering.com\/pt\/wp-json\/wp\/v2\/pages\/59710"}],"wp:attachment":[{"href":"https:\/\/www.oceaneering.com\/pt\/wp-json\/wp\/v2\/media?parent=75068"}],"wp:term":[{"taxonomy":"product_category","embeddable":true,"href":"https:\/\/www.oceaneering.com\/pt\/wp-json\/wp\/v2\/product_category?post=75068"},{"taxonomy":"search_tags","embeddable":true,"href":"https:\/\/www.oceaneering.com\/pt\/wp-json\/wp\/v2\/search_tags?post=75068"}],"curies":[{"name":"wp","href":"https:\/\/api.w.org\/{rel}","templated":true}]}}