{"id":75016,"date":"2025-02-04T05:20:02","date_gmt":"2025-02-04T11:20:02","guid":{"rendered":"https:\/\/www.oceaneering.com\/?page_id=75016"},"modified":"2025-06-30T06:59:40","modified_gmt":"2025-06-30T11:59:40","slug":"onshore-pipelines","status":"publish","type":"page","link":"https:\/\/www.oceaneering.com\/pt\/asset-integrity-management\/onshore-pipelines\/","title":{"rendered":"Dutos em terra"},"content":{"rendered":"<a href=\"\/pt\/asset-integrity\/#contact\" target=\"_self\">\n\t\t\t\t\t\t\tDiscutir um projeto\n\t\t\t\t\t<\/a>\n\t\tIntegridade dos ativos\n<h1>\n\t\tDutos em terra\n\t<\/h1>\n\t<p>Utilize uma abordagem de inspe\u00e7\u00e3o e integridade proativa e orientada por dados para evitar falhas e, ao mesmo tempo, otimizar a manuten\u00e7\u00e3o e garantir opera\u00e7\u00f5es seguras e em conformidade.<\/p>\n<h2>\n\t\tGarantia de integridade e confiabilidade \n\t<\/h2>\n\t<p>We support your pipelines throughout their lifecycle-from baseline surveys to midlife optimization, in-line inspection audits, life extension assessments, and decommissioning planning-ensuring safe, reliable operations at every stage. Mitigate risks, extend asset life, and maintain safe, reliable operations, ensuring regulatory compliance and optimized maintenance planning using our integrated approach.<\/p>\n<h2>\n\t\tSuporte completo ao ciclo de vida  \n\t<\/h2>\n\t<p>Safeguard your onshore pipelines with our tailored engineering services that mitigate corrosion and mechanical damage. We align our services to your operational needs, providing expert-driven strategies, direct access to specialists, and full lifecycle support for your pipeline integrity management system (PIMS)-from commissioning to decommissioning.<\/p>\n\t\t\t<h3>Programas de inspe\u00e7\u00e3o com base em riscos (RBI)<\/h3>\t\t\t\n\t\t\t\t<p>Use avalia\u00e7\u00f5es de risco qualitativas e quantitativas para classificar os segmentos do pipeline por n\u00edvel de risco.<\/p>\n\t\t\t<h3>Planejamento de manuten\u00e7\u00e3o orientado por engenharia<\/h3>\t\t\t\n\t\t\t\t<p>Otimize o agendamento e as despesas com estrat\u00e9gias alinhadas aos padr\u00f5es globais e de sua empresa.<\/p>\n\t\t\t<h3>Avalia\u00e7\u00f5es de integridade e suporte a dutos n\u00e3o pig\u00e1veis<\/h3>\t\t\t\n\t\t\t\t<p>Sugira tecnologias de inspe\u00e7\u00e3o, locais de inspe\u00e7\u00e3o, sistemas de monitoramento de corros\u00e3o e pesquisas externas.<\/p>\n\t\t\t<h3>Avalia\u00e7\u00f5es de vida \u00fatil restante e desenvolvimento de estrat\u00e9gias de extens\u00e3o de vida<\/h3>\t\t\t\n\t\t\t\t<p>Integrar a an\u00e1lise de adequa\u00e7\u00e3o ao servi\u00e7o, a avalia\u00e7\u00e3o de corros\u00e3o e a avalia\u00e7\u00e3o de risco para determinar a vida \u00fatil segura.<\/p>\n\t\t\t<h3>Auditorias de inspe\u00e7\u00e3o em linha (ILI) <\/h3>\t\t\t\n\t\t\t\t<p>Selecione a ferramenta de ILI mais precisa para a inspe\u00e7\u00e3o e, ap\u00f3s a inspe\u00e7\u00e3o, analise os dados brutos de ILI e verifique as descobertas para reduzir falsos positivos e negativos.<\/p>\n\t\t\t<h3>Engenharia e gerenciamento de corros\u00e3o<\/h3>\t\t\t\n\t\t\t\t<p>Revis\u00e3o e avalia\u00e7\u00f5es completas e abrangentes da corros\u00e3o interna e externa.<\/p>\n\t\t\t<h3>Avalia\u00e7\u00f5es de danos em dutos<\/h3>\t\t\t\n\t\t\t\t<p>Fornecer percep\u00e7\u00f5es cr\u00edticas sobre a integridade estrutural, de acordo com o Manual de Avalia\u00e7\u00e3o de Defeitos de Dutos (PDAM), assim que as anomalias forem identificadas.<\/p>\n\t\t\t<h3>Descomissionamento e mercados emergentes  <\/h3>\t\t\t\n\t\t\t\t<p>Descreva os requisitos e os poss\u00edveis m\u00e9todos para o abandono seguro de dutos ou a reutiliza\u00e7\u00e3o de dutos (incluindo a mudan\u00e7a de servi\u00e7o para uso com CO2, H2, etc.).<\/p>\n<h2>\n\t\tAuditorias de inspe\u00e7\u00e3o em linha (ILI)  \n\t<\/h2>\n<h2>\n\t\tSele\u00e7\u00e3o de ferramentas e verifica\u00e7\u00e3o de dados \n\t<\/h2>\n\t<p>Aproveite a experi\u00eancia de nossos engenheiros para dar suporte \u00e0s suas necessidades de auditoria de ILI. Desde a sele\u00e7\u00e3o da ferramenta ILI mais apropriada para as necessidades de inspe\u00e7\u00e3o at\u00e9 a an\u00e1lise dos dados p\u00f3s-inspe\u00e7\u00e3o, temos um extenso hist\u00f3rico de economia de dinheiro para os operadores por meio de nossa capacidade de avaliar e corrigir os resultados e as percep\u00e7\u00f5es do ILI.<\/p>\n<p>Entendemos as complexidades que afetam os relat\u00f3rios de inspe\u00e7\u00e3o em linha (ILI) e que dependem da precis\u00e3o e da calibra\u00e7\u00e3o das ferramentas de inspe\u00e7\u00e3o, incluindo pigs, sensores e outros dispositivos de monitoramento, e trabalhamos para eliminar os riscos de seguran\u00e7a causados por dados imprecisos ou incompletos que podem levar a falsos positivos ou defeitos n\u00e3o detectados.<\/p>\n\t\t\t\t<img loading=\"lazy\" decoding=\"async\" src=\"https:\/\/www.oceaneering.com\/wp-content\/uploads\/2025\/03\/shutterstock_457503556.jpg\" alt=\"Pipeline distribution on twilight background.\" itemprop=\"image\" height=\"1280\" width=\"1920\" title=\"V\u00e1lvula principal\" onerror=\"this.style.display='none'\"  \/>\n\t\t\t\t<img loading=\"lazy\" decoding=\"async\" src=\"https:\/\/www.oceaneering.com\/wp-content\/uploads\/2025\/05\/Vision_Split-Screen-View_no-edges-2.jpg\" alt=\"Vision_Split-Screen-View_no-edges-2\" itemprop=\"image\" height=\"1199\" width=\"1860\" title=\"Vision_Split-Screen-View_no-edges-2\" onerror=\"this.style.display='none'\"  \/>\n<h3>\n\t\tINFORM\u2122 Software Suite\n\t<\/h3>\n\t<p>O INFORM\u2122 Software Suite lhe d\u00e1 os insights necess\u00e1rios para gerenciar, monitorar e manter a integridade de suas tubula\u00e7\u00f5es em todo o seu ciclo de vida. Os m\u00f3dulos desenvolvidos por engenheiros proporcionam visibilidade operacional total, permitindo decis\u00f5es mais r\u00e1pidas e orientadas por dados que minimizam o tempo de inatividade e otimizam a aloca\u00e7\u00e3o de recursos, ao mesmo tempo em que oferecem suporte \u00e0 digitaliza\u00e7\u00e3o de todo o processo de gerenciamento de integridade de dutos.<\/p>\n\t\t\t<a href=\"https:\/\/www.oceaneering.com\/pt\/asset-integrity-management\/digitizing-integrity\/\" target=\"_self\">\n\t\t\t\t\t\t\tSaiba mais\n\t\t\t<\/a>\n\t\t\t\t<img loading=\"lazy\" decoding=\"async\" src=\"https:\/\/www.oceaneering.com\/wp-content\/uploads\/2025\/04\/NDT.jpg\" alt=\"NDT Testing\" itemprop=\"image\" height=\"1282\" width=\"1920\" title=\"Testes NDT\" onerror=\"this.style.display='none'\"  \/>\n<h3>\n\t\tServi\u00e7os de inspe\u00e7\u00e3o\n\t<\/h3>\n\t<p>Avalie a integridade estrutural, detecte a corros\u00e3o e monitore a sa\u00fade de suas tubula\u00e7\u00f5es com nossos servi\u00e7os de inspe\u00e7\u00e3o, incluindo t\u00e9cnicas avan\u00e7adas de testes n\u00e3o destrutivos (NDT), como radiografia e ferramentas ultrass\u00f4nicas.<\/p>\n\t\t\t<a href=\"https:\/\/www.oceaneering.com\/pt\/asset-integrity-management\/inspection\/\" target=\"_self\">\n\t\t\t\t\t\t\tSaiba mais\n\t\t\t<\/a>\n\t\t\t\t\t\t\t\t\t<h3>Comprovado em campo. L\u00edder do setor.<\/h3>\n\t\t\t\t\t\t\t\t\t<p>Leia nossos estudos de caso que detalham nossa experi\u00eancia em engenharia de integridade de dutos onshore.  <\/p>\n\t\t\t\t\t\t<a href=\"https:\/\/www.oceaneering.com\/pt\/resources\/?_content_types=case-study\" target=\"_self\">\n\t\t\t\t\t\t\t\tVer todos os estudos de caso\t\t\t\t\t\t\t\n\t\t\t\t\t\t\t\t\t\t\t\t\t<\/a>\n\t\t\t\t\t\t<button>\n\t\t\t\t\t\t\tAnterior\n\t\t\t\t\t\t<\/button>\n\t\t\t\t\t\t<button>\n\t\t\t\t\t\t\tPr\u00f3ximo\n\t\t\t\t\t\t<\/button>\n\t\t\t\t\t\t\t<a href=\"https:\/\/www.oceaneering.com\/pt\/case-studies\/risk-based-inspection-assessment-enhances-safety-and-efficiency-for-19-pipelines-in-west-africa\/\">\n\t\t\t\t\t\t\t\t\t\t<img decoding=\"async\" src=\"https:\/\/www.oceaneering.com\/wp-content\/uploads\/2024\/12\/shutterstock_371173499-edited.jpg\" alt=\"\"\/>\n\t\t\t\t\t\t\t\t\t\t<h3>Avalia\u00e7\u00e3o de inspe\u00e7\u00e3o baseada em risco aumenta a seguran\u00e7a e a efici\u00eancia de 19 dutos na \u00c1frica Ocidental<\/h3>\n\t\t\t\t\t\t\t\t\t\t<h3>Avalia\u00e7\u00e3o de inspe\u00e7\u00e3o baseada em risco aumenta a seguran\u00e7a e a efici\u00eancia de 19 dutos na \u00c1frica Ocidental<\/h3>\n\t\t\t\t\t\t\t\t\t\t\t\t\t\t\t\t\t\t\t\t\t<p>From December 2023 through March 2024, a team of Oceaneering pipeline and corrosion engineers completed a comprehensive&#8230;<\/p>\n\t\t\t\t\t\t\t\t\t\t\tSaiba mais\n\t\t\t\t\t\t\t<\/a>\n\t\t\t\t\t\t\t<a href=\"https:\/\/www.oceaneering.com\/pt\/case-studies\/comprehensive-pipeline-integrity-management-in-the-north-sea\/\">\n\t\t\t\t\t\t\t\t\t\t<img decoding=\"async\" src=\"https:\/\/www.oceaneering.com\/wp-content\/uploads\/2024\/12\/shutterstock_2447240677-edited.jpg\" alt=\"\"\/>\n\t\t\t\t\t\t\t\t\t\t<h3>Gerenciamento abrangente da integridade de dutos no Mar do Norte<\/h3>\n\t\t\t\t\t\t\t\t\t\t<h3>Gerenciamento abrangente da integridade de dutos no Mar do Norte<\/h3>\n\t\t\t\t\t\t\t\t\t\t\t\t\t\t\t\t\t\t\t\t\t<p>As part of an ongoing integrated and comprehensive integrity services contract with a major client, our engineers&#8230;<\/p>\n\t\t\t\t\t\t\t\t\t\t\tSaiba mais\n\t\t\t\t\t\t\t<\/a>\n<h1>\n\t\tEntre em contato conosco\n\t<\/h1>\n<h2>\n\t\tNossa equipe de especialistas est\u00e1 pronta para ajud\u00e1-lo a come\u00e7ar.\n\t<\/h2>\n\t<p>A Oceaneering oferece os melhores produtos e solu\u00e7\u00f5es da categoria, respaldados por qualidade, confiabilidade e suporte global inigual\u00e1veis. Preencha o formul\u00e1rio de consulta para iniciar uma conversa hoje mesmo.<\/p>","protected":false},"excerpt":{"rendered":"<p>Discuss a Project Asset Integrity Onshore Pipelines Leverage a proactive, data-driven integrity and inspection approach to prevent failures while optimizing maintenance and ensuring safe, compliant operations. Ensuring Integrity and Reliability We support your pipelines throughout their lifecycle-from baseline surveys to midlife optimization, in-line inspection audits, life extension assessments, and decommissioning planning-ensuring safe, reliable operations at &#8230; <a title=\"Dutos em terra\" class=\"read-more\" href=\"https:\/\/www.oceaneering.com\/pt\/asset-integrity-management\/onshore-pipelines\/\" aria-label=\"Read more about Onshore Pipelines\">Leia mais<\/a><\/p>","protected":false},"author":25,"featured_media":0,"parent":59710,"menu_order":0,"comment_status":"closed","ping_status":"closed","template":"","meta":{"_acf_changed":false,"footnotes":"","_links_to":"","_links_to_target":""},"product_category":[1205],"search_tags":[],"class_list":["post-75016","page","type-page","status-publish","product_category-asset-integrity-management"],"acf":[],"aioseo_notices":[],"_links":{"self":[{"href":"https:\/\/www.oceaneering.com\/pt\/wp-json\/wp\/v2\/pages\/75016","targetHints":{"allow":["GET"]}}],"collection":[{"href":"https:\/\/www.oceaneering.com\/pt\/wp-json\/wp\/v2\/pages"}],"about":[{"href":"https:\/\/www.oceaneering.com\/pt\/wp-json\/wp\/v2\/types\/page"}],"author":[{"embeddable":true,"href":"https:\/\/www.oceaneering.com\/pt\/wp-json\/wp\/v2\/users\/25"}],"replies":[{"embeddable":true,"href":"https:\/\/www.oceaneering.com\/pt\/wp-json\/wp\/v2\/comments?post=75016"}],"version-history":[{"count":0,"href":"https:\/\/www.oceaneering.com\/pt\/wp-json\/wp\/v2\/pages\/75016\/revisions"}],"up":[{"embeddable":true,"href":"https:\/\/www.oceaneering.com\/pt\/wp-json\/wp\/v2\/pages\/59710"}],"wp:attachment":[{"href":"https:\/\/www.oceaneering.com\/pt\/wp-json\/wp\/v2\/media?parent=75016"}],"wp:term":[{"taxonomy":"product_category","embeddable":true,"href":"https:\/\/www.oceaneering.com\/pt\/wp-json\/wp\/v2\/product_category?post=75016"},{"taxonomy":"search_tags","embeddable":true,"href":"https:\/\/www.oceaneering.com\/pt\/wp-json\/wp\/v2\/search_tags?post=75016"}],"curies":[{"name":"wp","href":"https:\/\/api.w.org\/{rel}","templated":true}]}}