{"id":74991,"date":"2025-02-03T07:10:55","date_gmt":"2025-02-03T13:10:55","guid":{"rendered":"https:\/\/www.oceaneering.com\/?page_id=74991"},"modified":"2025-06-25T07:43:01","modified_gmt":"2025-06-25T12:43:01","slug":"vibration-engineering","status":"publish","type":"page","link":"https:\/\/www.oceaneering.com\/pt\/asset-integrity-management\/integrity-engineering\/vibration-engineering\/","title":{"rendered":"Engenharia de vibra\u00e7\u00e3o"},"content":{"rendered":"<p><a href=\"\/pt\/asset-integrity\/#contact\" target=\"_self\"> Discutir um projeto <\/a><\/p>\r\n<h1>Engenharia de vibra\u00e7\u00e3o<\/h1>\r\n<p>Gerencie os problemas de vibra\u00e7\u00e3o e din\u00e2mica que afetam seus equipamentos rotativos, tubula\u00e7\u00f5es e estruturas.<\/p>\r\n<h2>Evite o tempo de inatividade relacionado \u00e0 vibra\u00e7\u00e3o<\/h2>\r\n<p>Aumente a seguran\u00e7a operacional, reduza o tempo de inatividade, reduza os riscos, garanta a conformidade e mantenha suas opera\u00e7\u00f5es onshore e offshore funcionando sem problemas com servi\u00e7os personalizados de engenharia de vibra\u00e7\u00e3o. Ajudamos a evitar libera\u00e7\u00f5es de hidrocarbonetos relacionadas \u00e0 vibra\u00e7\u00e3o que representam riscos significativos e podem levar a paralisa\u00e7\u00f5es dispendiosas e danos ambientais.<\/p>\r\n<p><img loading=\"lazy\" decoding=\"async\" title=\"Vibration-Engineering\" src=\"https:\/\/www.oceaneering.com\/wp-content\/uploads\/2025\/06\/Vibration-Engineering.jpg\" alt=\"Vibration-Engineering\" width=\"1587\" height=\"1116\" \/><\/p>\r\n<h2>Servi\u00e7os sob medida para opera\u00e7\u00f5es seguras<\/h2>\r\n<p>Integre nosso gerenciamento de vibra\u00e7\u00e3o e servi\u00e7os de integridade mais amplos, permitindo que suas opera\u00e7\u00f5es se beneficiem de solu\u00e7\u00f5es proativas e reativas, avalia\u00e7\u00f5es de risco abrangentes e monitoramento cont\u00ednuo. Nossa presen\u00e7a global, com engenheiros e t\u00e9cnicos j\u00e1 implantados no local em regi\u00f5es importantes, significa que seus ativos est\u00e3o cobertos 24 horas por dia e os problemas s\u00e3o resolvidos antes que aumentem.<\/p>\r\n<h3>Medi\u00e7\u00e3o e solu\u00e7\u00e3o de problemas no local<\/h3>\r\n<p>Pesquisas de vibra\u00e7\u00e3o, Operational Deflection Shape (ODS) e testes modais para identificar as causas de vibra\u00e7\u00e3o em tubula\u00e7\u00f5es e estruturas.<\/p>\r\n<h3>Monitoramento avan\u00e7ado<\/h3>\r\n<p>Sistemas de monitoramento cont\u00ednuo de vibra\u00e7\u00e3o e estresse, incluindo op\u00e7\u00f5es intrinsecamente seguras.<\/p>\r\n<h3>Monitoramento da condi\u00e7\u00e3o de equipamentos rotativos<\/h3>\r\n<p>Desenvolvimento do programa de monitoramento e implanta\u00e7\u00e3o de sistemas de monitoramento automatizados e com suporte de pessoal.<\/p>\r\n<h3>An\u00e1lise de amplifica\u00e7\u00e3o de movimento<\/h3>\r\n<p>Visualiza movimentos estruturais para diagnosticar problemas de vibra\u00e7\u00e3o.<\/p>\r\n<h3>An\u00e1lise de vibra\u00e7\u00e3o ac\u00fastica induzida (AIV)<\/h3>\r\n<p>An\u00e1lise e mitiga\u00e7\u00e3o do AIV para evitar rachaduras por fadiga em sistemas de g\u00e1s de alta press\u00e3o.<\/p>\r\n<h3>An\u00e1lise de vibra\u00e7\u00e3o induzida por fluxo (FIV)<\/h3>\r\n<p>An\u00e1lise abrangente e mitiga\u00e7\u00e3o de FIV em sistemas de tubula\u00e7\u00e3o, usando medi\u00e7\u00f5es, c\u00e1lculos e din\u00e2mica de fluidos computacional (CFD).<\/p>\r\n<h3>An\u00e1lise de vibra\u00e7\u00e3o induzida por v\u00f3rtice (VIV) do po\u00e7o termom\u00e9trico<\/h3>\r\n<p>An\u00e1lise e atenua\u00e7\u00e3o do VIV do po\u00e7o termom\u00e9trico para evitar falhas mec\u00e2nicas e de elementos sensores.<\/p>\r\n<h3>An\u00e1lise de pulsa\u00e7\u00e3o<\/h3>\r\n<p>An\u00e1lise e atenua\u00e7\u00e3o de pulsa\u00e7\u00f5es de press\u00e3o em sistemas de tubula\u00e7\u00e3o.<\/p>\r\n<h3>An\u00e1lise din\u00e2mica de elementos finitos (FEA)<\/h3>\r\n<p>FEA para avaliar a din\u00e2mica estrutural, a vibra\u00e7\u00e3o e o estresse em estruturas e tubula\u00e7\u00f5es.<\/p>\r\n<h3>Avalia\u00e7\u00e3o din\u00e2mica de estresse e vida em fadiga<\/h3>\r\n<p>An\u00e1lise de fadiga usando curvas S-N e mec\u00e2nica de fratura para prever a vida \u00fatil do componente.<\/p>\r\n<h3>Avalia\u00e7\u00e3o de tubula\u00e7\u00f5es com base em riscos de acordo com as diretrizes de EI<\/h3>\r\n<p>Avalia\u00e7\u00e3o de triagem de tubula\u00e7\u00f5es de conex\u00e3o de linha principal e de pequeno di\u00e2metro, considerando o projeto mec\u00e2nico e as condi\u00e7\u00f5es do processo.<\/p>\r\n<h3>Solu\u00e7\u00f5es projetadas<\/h3>\r\n<p>Solu\u00e7\u00f5es personalizadas para atenuar a vibra\u00e7\u00e3o, incluindo modifica\u00e7\u00f5es estruturais, amortecimento e isolamento.<\/p>\r\n<h3>Projeto de suporte de tubo antivibra\u00e7\u00e3o<\/h3>\r\n<p>Projeto de suporte sob medida para evitar falhas por fadiga em tubula\u00e7\u00f5es sujeitas a vibra\u00e7\u00e3o.<\/p>\r\n<h2>Solu\u00e7\u00f5es de monitoramento de vibra\u00e7\u00e3o<\/h2>\r\n<p>Nossas solu\u00e7\u00f5es de monitoramento fornecem dados confi\u00e1veis relacionados \u00e0 vibra\u00e7\u00e3o e ajudam a manter a integridade e a confiabilidade do seu sistema. O Sistema de Gerenciamento de Vibra\u00e7\u00f5es (OVMS) Port\u00e1til da Oceaneering, o sistema de monitoramento sem fio OVMS e os Sistemas de Monitoramento de Longo Prazo (LTMS) criam uma estrutura coesa e robusta para o monitoramento eficaz de vibra\u00e7\u00f5es em todos os cen\u00e1rios e requisitos.<\/p>\r\n<h3>OVMS Port\u00e1til<\/h3>\r\n<p>Ferramenta de triagem port\u00e1til para pessoal treinado sob a orienta\u00e7\u00e3o de nossos especialistas em vibra\u00e7\u00e3o.<\/p>\r\n<h3>Monitoramento sem fio do OVMS<\/h3>\r\n<p>O monitoramento aut\u00f4nomo de vibra\u00e7\u00e3o classificado como Ex dispara de acordo com a programa\u00e7\u00e3o ou em resposta a eventos de vibra\u00e7\u00e3o.<\/p>\r\n<h3>Sistemas de monitoramento de longo prazo<\/h3>\r\n<p>Monitoramento cont\u00ednuo de alta resolu\u00e7\u00e3o de vibra\u00e7\u00e3o e estresse para sistemas cr\u00edticos.<\/p>\r\n<h1>Entre em contato conosco<\/h1>\r\n<h2>Nossa equipe de especialistas est\u00e1 pronta para ajud\u00e1-lo a come\u00e7ar.<\/h2>\r\n<p>A Oceaneering oferece os melhores produtos e solu\u00e7\u00f5es da categoria, respaldados por qualidade, confiabilidade e suporte global inigual\u00e1veis. Preencha o formul\u00e1rio de consulta para iniciar uma conversa hoje mesmo.<\/p>","protected":false},"excerpt":{"rendered":"<p>Discuss a Project Vibration Engineering Manage vibration and dynamic issues affecting your rotating equipment, pipework, and structures. Prevent Vibration-Related Downtime Improve operational safety, reduce downtime, mitigate risks, ensure compliance, and keep your onshore and offshore operations running smoothly with tailored vibration engineering services. We help prevent vibration-related hydrocarbon releases that pose significant risks and can &#8230; <a title=\"Engenharia de vibra\u00e7\u00e3o\" class=\"read-more\" href=\"https:\/\/www.oceaneering.com\/pt\/asset-integrity-management\/integrity-engineering\/vibration-engineering\/\" aria-label=\"Read more about Vibration Engineering\">Leia mais<\/a><\/p>","protected":false},"author":25,"featured_media":0,"parent":73888,"menu_order":0,"comment_status":"closed","ping_status":"closed","template":"","meta":{"_acf_changed":false,"footnotes":"","_links_to":"","_links_to_target":""},"product_category":[],"search_tags":[],"class_list":["post-74991","page","type-page","status-publish"],"acf":[],"aioseo_notices":[],"_links":{"self":[{"href":"https:\/\/www.oceaneering.com\/pt\/wp-json\/wp\/v2\/pages\/74991","targetHints":{"allow":["GET"]}}],"collection":[{"href":"https:\/\/www.oceaneering.com\/pt\/wp-json\/wp\/v2\/pages"}],"about":[{"href":"https:\/\/www.oceaneering.com\/pt\/wp-json\/wp\/v2\/types\/page"}],"author":[{"embeddable":true,"href":"https:\/\/www.oceaneering.com\/pt\/wp-json\/wp\/v2\/users\/25"}],"replies":[{"embeddable":true,"href":"https:\/\/www.oceaneering.com\/pt\/wp-json\/wp\/v2\/comments?post=74991"}],"version-history":[{"count":0,"href":"https:\/\/www.oceaneering.com\/pt\/wp-json\/wp\/v2\/pages\/74991\/revisions"}],"up":[{"embeddable":true,"href":"https:\/\/www.oceaneering.com\/pt\/wp-json\/wp\/v2\/pages\/73888"}],"wp:attachment":[{"href":"https:\/\/www.oceaneering.com\/pt\/wp-json\/wp\/v2\/media?parent=74991"}],"wp:term":[{"taxonomy":"product_category","embeddable":true,"href":"https:\/\/www.oceaneering.com\/pt\/wp-json\/wp\/v2\/product_category?post=74991"},{"taxonomy":"search_tags","embeddable":true,"href":"https:\/\/www.oceaneering.com\/pt\/wp-json\/wp\/v2\/search_tags?post=74991"}],"curies":[{"name":"wp","href":"https:\/\/api.w.org\/{rel}","templated":true}]}}