{"id":74845,"date":"2025-01-16T02:03:26","date_gmt":"2025-01-16T08:03:26","guid":{"rendered":"https:\/\/www.oceaneering.com\/?page_id=74845"},"modified":"2025-10-21T01:49:39","modified_gmt":"2025-10-21T06:49:39","slug":"omnio-system","status":"publish","type":"page","link":"https:\/\/www.oceaneering.com\/pt\/omnio-system\/","title":{"rendered":"Sistema Omnio"},"content":{"rendered":"<p><a href=\"https:\/\/www.oceaneering.com\/pt\/rov-services\/#contact\" target=\"_self\"> Discutir um projeto <\/a> Ferramentas de ROV<\/p>\r\n<h1>Sistema Omnio<\/h1>\r\n<p>Transformando as opera\u00e7\u00f5es submarinas com efici\u00eancia cont\u00ednua e sem interrup\u00e7\u00f5es.<\/p>\r\n<h2>Projetado para efici\u00eancia e sustentabilidade<\/h2>\r\n<p>O sistema Omnio\u2122 revoluciona o trabalho subaqu\u00e1tico ao permitir opera\u00e7\u00f5es submarinas cont\u00ednuas sem a necessidade de recuperar o equipamento para troca de ferramentas. Seu projeto eletromec\u00e2nico avan\u00e7ado oferece uma solu\u00e7\u00e3o de alto desempenho e ecologicamente correta que melhora a produtividade, aumenta a seguran\u00e7a e reduz os riscos. Criado para o futuro, o Omnio \u00e9 compat\u00edvel com os avan\u00e7os das ferramentas inteligentes, oferecendo uma solu\u00e7\u00e3o escal\u00e1vel e sustent\u00e1vel para suas necessidades operacionais em constante evolu\u00e7\u00e3o.<\/p>\r\n<h3>Melhorar a rela\u00e7\u00e3o custo-benef\u00edcio das opera\u00e7\u00f5es<\/h3>\r\n<h3>Aproveite a padroniza\u00e7\u00e3o e aumente a efici\u00eancia<\/h3>\r\n<h3>Obtenha pot\u00eancia e adaptabilidade inigual\u00e1veis<\/h3>\r\n<h3>Apoiar opera\u00e7\u00f5es sustent\u00e1veis por meio de projeto e manuten\u00e7\u00e3o<\/h3>\r\n<h2>Moldando o futuro das opera\u00e7\u00f5es submarinas com solu\u00e7\u00f5es inteligentes e adapt\u00e1veis<\/h2>\r\n<p>O sistema Omnio\u2122 \u00e9 o resultado de um extenso programa de desenvolvimento focado em fornecer uma solu\u00e7\u00e3o adaptada para atender \u00e0s demandas em evolu\u00e7\u00e3o do setor submarino. O sistema <a href=\"https:\/\/www.oceaneering.com\/pt\/products\/omnio-drive-interface\/\">Interface do drive Omnio<\/a> integra-se perfeitamente a uma ampla gama de ferramentas, permitindo a perman\u00eancia prolongada em campanhas de ROV e garantindo opera\u00e7\u00f5es confi\u00e1veis em diversas aplica\u00e7\u00f5es.<\/p>\r\n<ul>\r\n<li>Suporte de perfura\u00e7\u00e3o e completa\u00e7\u00e3o<\/li>\r\n<li>Interven\u00e7\u00f5es e reparos leves<\/li>\r\n<li>Inspe\u00e7\u00e3o, manuten\u00e7\u00e3o e reparo (IMR) e opera\u00e7\u00f5es de embarca\u00e7\u00f5es<\/li>\r\n<li>Opera\u00e7\u00f5es submarinas residentes<\/li>\r\n<li>Fornecimento de energia e comunica\u00e7\u00f5es para outros equipamentos submarinos<\/li>\r\n<\/ul>\r\n<h2>O sistema Omnio<\/h2>\r\n<p><a href=\"https:\/\/www.oceaneering.com\/pt\/products\/omnio-transformer\/\"><img loading=\"lazy\" decoding=\"async\" title=\"250116Transformador | Oceaneering\" src=\"https:\/\/www.oceaneering.com\/wp-content\/uploads\/2025\/01\/250116_Transformer-1024x576.jpg\" sizes=\"auto, (max-width: 1024px) 100vw, 1024px\" srcset=\"https:\/\/www.oceaneering.com\/wp-content\/uploads\/2025\/01\/250116_Transformer-1024x576.jpg 1024w, https:\/\/www.oceaneering.com\/wp-content\/uploads\/2025\/01\/250116_Transformer-300x169.jpg 300w, https:\/\/www.oceaneering.com\/wp-content\/uploads\/2025\/01\/250116_Transformer-768x432.jpg 768w, https:\/\/www.oceaneering.com\/wp-content\/uploads\/2025\/01\/250116_Transformer-1536x864.jpg 1536w, https:\/\/www.oceaneering.com\/wp-content\/uploads\/2025\/01\/250116_Transformer-18x10.jpg 18w, https:\/\/www.oceaneering.com\/wp-content\/uploads\/2025\/01\/250116_Transformer-1280x720.jpg 1280w, https:\/\/www.oceaneering.com\/wp-content\/uploads\/2025\/01\/250116_Transformer-960x540.jpg 960w, https:\/\/www.oceaneering.com\/wp-content\/uploads\/2025\/01\/250116_Transformer-640x360.jpg 640w, https:\/\/www.oceaneering.com\/wp-content\/uploads\/2025\/01\/250116_Transformer-320x180.jpg 320w, https:\/\/www.oceaneering.com\/wp-content\/uploads\/2025\/01\/250116_Transformer.jpg 1920w\" alt=\"\" width=\"1024\" height=\"576\" \/><\/a><\/p>\r\n<h3><a href=\"https:\/\/www.oceaneering.com\/pt\/products\/omnio-transformer\/\">Transformador Omnio<\/a><\/h3>\r\n<p>O transformador de alta pot\u00eancia dobra a capacidade, aumenta a seguran\u00e7a, a confiabilidade e a efici\u00eancia. <a href=\"https:\/\/www.oceaneering.com\/pt\/products\/omnio-transformer\/\">Saiba mais<\/a> <a href=\"https:\/\/www.oceaneering.com\/pt\/products\/omnio-drive-interface\/\"><img loading=\"lazy\" decoding=\"async\" title=\"Interface de acionamento Omnio | Oceaneering\" src=\"https:\/\/www.oceaneering.com\/wp-content\/uploads\/2025\/01\/250110_01_Tool-Changer-1024x576.jpg\" sizes=\"auto, (max-width: 1024px) 100vw, 1024px\" srcset=\"https:\/\/www.oceaneering.com\/wp-content\/uploads\/2025\/01\/250110_01_Tool-Changer-1024x576.jpg 1024w, https:\/\/www.oceaneering.com\/wp-content\/uploads\/2025\/01\/250110_01_Tool-Changer-300x169.jpg 300w, https:\/\/www.oceaneering.com\/wp-content\/uploads\/2025\/01\/250110_01_Tool-Changer-768x432.jpg 768w, https:\/\/www.oceaneering.com\/wp-content\/uploads\/2025\/01\/250110_01_Tool-Changer-1536x864.jpg 1536w, https:\/\/www.oceaneering.com\/wp-content\/uploads\/2025\/01\/250110_01_Tool-Changer-18x10.jpg 18w, https:\/\/www.oceaneering.com\/wp-content\/uploads\/2025\/01\/250110_01_Tool-Changer-1280x720.jpg 1280w, https:\/\/www.oceaneering.com\/wp-content\/uploads\/2025\/01\/250110_01_Tool-Changer-960x540.jpg 960w, https:\/\/www.oceaneering.com\/wp-content\/uploads\/2025\/01\/250110_01_Tool-Changer-640x360.jpg 640w, https:\/\/www.oceaneering.com\/wp-content\/uploads\/2025\/01\/250110_01_Tool-Changer-320x180.jpg 320w, https:\/\/www.oceaneering.com\/wp-content\/uploads\/2025\/01\/250110_01_Tool-Changer.jpg 1920w\" alt=\"Omnio Drive Interface\" width=\"1024\" height=\"576\" \/><\/a><\/p>\r\n<h3><a href=\"https:\/\/www.oceaneering.com\/pt\/products\/omnio-drive-interface\/\">Interface do drive Omnio<\/a><\/h3>\r\n<p>A interface modular permite uma integra\u00e7\u00e3o perfeita com um conjunto completo de ferramentas.<a href=\"https:\/\/www.oceaneering.com\/pt\/products\/omnio-drive-interface\/\">Saiba mais<\/a> <a href=\"https:\/\/www.oceaneering.com\/pt\/products\/omnio-class-1-4-torque-tool\/\"><img loading=\"lazy\" decoding=\"async\" title=\"TorqueTool | Oceaneering\" src=\"https:\/\/www.oceaneering.com\/wp-content\/uploads\/2025\/01\/Torque_Tool-1024x576.jpg\" sizes=\"auto, (max-width: 1024px) 100vw, 1024px\" srcset=\"https:\/\/www.oceaneering.com\/wp-content\/uploads\/2025\/01\/Torque_Tool-1024x576.jpg 1024w, https:\/\/www.oceaneering.com\/wp-content\/uploads\/2025\/01\/Torque_Tool-300x169.jpg 300w, https:\/\/www.oceaneering.com\/wp-content\/uploads\/2025\/01\/Torque_Tool-768x432.jpg 768w, https:\/\/www.oceaneering.com\/wp-content\/uploads\/2025\/01\/Torque_Tool-1536x864.jpg 1536w, https:\/\/www.oceaneering.com\/wp-content\/uploads\/2025\/01\/Torque_Tool-18x10.jpg 18w, https:\/\/www.oceaneering.com\/wp-content\/uploads\/2025\/01\/Torque_Tool-1280x720.jpg 1280w, https:\/\/www.oceaneering.com\/wp-content\/uploads\/2025\/01\/Torque_Tool-960x540.jpg 960w, https:\/\/www.oceaneering.com\/wp-content\/uploads\/2025\/01\/Torque_Tool-640x360.jpg 640w, https:\/\/www.oceaneering.com\/wp-content\/uploads\/2025\/01\/Torque_Tool-320x180.jpg 320w, https:\/\/www.oceaneering.com\/wp-content\/uploads\/2025\/01\/Torque_Tool.jpg 1920w\" alt=\"\" width=\"1024\" height=\"576\" \/><\/a><\/p>\r\n<h3><a href=\"https:\/\/www.oceaneering.com\/pt\/products\/omnio-class-1-4-torque-tool\/\">Ferramenta de torque Omnio Classe 1-4<\/a><\/h3>\r\n<p>Ferramenta de torque altamente adapt\u00e1vel com recursos operacionais e de seguran\u00e7a avan\u00e7ados. <a href=\"https:\/\/www.oceaneering.com\/pt\/products\/omnio-class-1-4-torque-tool\/\">Saiba mais<\/a> <a href=\"https:\/\/www.oceaneering.com\/pt\/products\/omnio-low-torque-tool-and-paddle-tool\/\"><img loading=\"lazy\" decoding=\"async\" title=\"PaddleTools1 | Oceaneering\" src=\"https:\/\/www.oceaneering.com\/wp-content\/uploads\/2025\/01\/Paddle_Tools_1-1024x576.jpg\" sizes=\"auto, (max-width: 1024px) 100vw, 1024px\" srcset=\"https:\/\/www.oceaneering.com\/wp-content\/uploads\/2025\/01\/Paddle_Tools_1-1024x576.jpg 1024w, https:\/\/www.oceaneering.com\/wp-content\/uploads\/2025\/01\/Paddle_Tools_1-300x169.jpg 300w, https:\/\/www.oceaneering.com\/wp-content\/uploads\/2025\/01\/Paddle_Tools_1-768x432.jpg 768w, https:\/\/www.oceaneering.com\/wp-content\/uploads\/2025\/01\/Paddle_Tools_1-1536x864.jpg 1536w, https:\/\/www.oceaneering.com\/wp-content\/uploads\/2025\/01\/Paddle_Tools_1-18x10.jpg 18w, https:\/\/www.oceaneering.com\/wp-content\/uploads\/2025\/01\/Paddle_Tools_1-1280x720.jpg 1280w, https:\/\/www.oceaneering.com\/wp-content\/uploads\/2025\/01\/Paddle_Tools_1-960x540.jpg 960w, https:\/\/www.oceaneering.com\/wp-content\/uploads\/2025\/01\/Paddle_Tools_1-640x360.jpg 640w, https:\/\/www.oceaneering.com\/wp-content\/uploads\/2025\/01\/Paddle_Tools_1-320x180.jpg 320w, https:\/\/www.oceaneering.com\/wp-content\/uploads\/2025\/01\/Paddle_Tools_1.jpg 1920w\" alt=\"Omnio Tooling Paddle Tools\" width=\"1024\" height=\"576\" \/><\/a><\/p>\r\n<h3><a href=\"https:\/\/www.oceaneering.com\/pt\/products\/omnio-low-torque-tool-and-paddle-tool\/\">Ferramenta de baixo torque e ferramenta de p\u00e1 Omnio<\/a><\/h3>\r\n<p>Suporta opera\u00e7\u00f5es de baixo torque e remo.<a href=\"https:\/\/www.oceaneering.com\/pt\/products\/omnio-low-torque-tool-and-paddle-tool\/\">Saiba mais<\/a> <a href=\"https:\/\/www.oceaneering.com\/pt\/products\/omnio-wellhead-cleaning-tool\/\"><img loading=\"lazy\" decoding=\"async\" title=\"WellheadCleaningTool | Oceaneering\" src=\"https:\/\/www.oceaneering.com\/wp-content\/uploads\/2025\/01\/Wellhead_Cleaning_Tool-1024x576.jpg\" sizes=\"auto, (max-width: 1024px) 100vw, 1024px\" srcset=\"https:\/\/www.oceaneering.com\/wp-content\/uploads\/2025\/01\/Wellhead_Cleaning_Tool-1024x576.jpg 1024w, https:\/\/www.oceaneering.com\/wp-content\/uploads\/2025\/01\/Wellhead_Cleaning_Tool-300x169.jpg 300w, https:\/\/www.oceaneering.com\/wp-content\/uploads\/2025\/01\/Wellhead_Cleaning_Tool-768x432.jpg 768w, https:\/\/www.oceaneering.com\/wp-content\/uploads\/2025\/01\/Wellhead_Cleaning_Tool-1536x864.jpg 1536w, https:\/\/www.oceaneering.com\/wp-content\/uploads\/2025\/01\/Wellhead_Cleaning_Tool-18x10.jpg 18w, https:\/\/www.oceaneering.com\/wp-content\/uploads\/2025\/01\/Wellhead_Cleaning_Tool-1280x720.jpg 1280w, https:\/\/www.oceaneering.com\/wp-content\/uploads\/2025\/01\/Wellhead_Cleaning_Tool-960x540.jpg 960w, https:\/\/www.oceaneering.com\/wp-content\/uploads\/2025\/01\/Wellhead_Cleaning_Tool-640x360.jpg 640w, https:\/\/www.oceaneering.com\/wp-content\/uploads\/2025\/01\/Wellhead_Cleaning_Tool-320x180.jpg 320w, https:\/\/www.oceaneering.com\/wp-content\/uploads\/2025\/01\/Wellhead_Cleaning_Tool.jpg 1920w\" alt=\"\" width=\"1024\" height=\"576\" \/><\/a><\/p>\r\n<h3><a href=\"https:\/\/www.oceaneering.com\/pt\/products\/omnio-wellhead-cleaning-tool\/\">Ferramenta de limpeza de cabe\u00e7a de po\u00e7o Omnio<\/a><\/h3>\r\n<p>Limpa e mant\u00e9m as superf\u00edcies da cabe\u00e7a do po\u00e7o para garantir a integridade operacional. <a href=\"https:\/\/www.oceaneering.com\/pt\/products\/omnio-wellhead-cleaning-tool\/\">Saiba mais<\/a> <a href=\"https:\/\/www.oceaneering.com\/pt\/products\/omnio-gasket-ring-tool\/\"><img loading=\"lazy\" decoding=\"async\" title=\"GasketRingTool | Oceaneering\" src=\"https:\/\/www.oceaneering.com\/wp-content\/uploads\/2025\/01\/Gasket_Ring_Tool-1024x576.jpg\" sizes=\"auto, (max-width: 1024px) 100vw, 1024px\" srcset=\"https:\/\/www.oceaneering.com\/wp-content\/uploads\/2025\/01\/Gasket_Ring_Tool-1024x576.jpg 1024w, https:\/\/www.oceaneering.com\/wp-content\/uploads\/2025\/01\/Gasket_Ring_Tool-300x169.jpg 300w, https:\/\/www.oceaneering.com\/wp-content\/uploads\/2025\/01\/Gasket_Ring_Tool-768x432.jpg 768w, https:\/\/www.oceaneering.com\/wp-content\/uploads\/2025\/01\/Gasket_Ring_Tool-1536x864.jpg 1536w, https:\/\/www.oceaneering.com\/wp-content\/uploads\/2025\/01\/Gasket_Ring_Tool-18x10.jpg 18w, https:\/\/www.oceaneering.com\/wp-content\/uploads\/2025\/01\/Gasket_Ring_Tool-1280x720.jpg 1280w, https:\/\/www.oceaneering.com\/wp-content\/uploads\/2025\/01\/Gasket_Ring_Tool-960x540.jpg 960w, https:\/\/www.oceaneering.com\/wp-content\/uploads\/2025\/01\/Gasket_Ring_Tool-640x360.jpg 640w, https:\/\/www.oceaneering.com\/wp-content\/uploads\/2025\/01\/Gasket_Ring_Tool-320x180.jpg 320w, https:\/\/www.oceaneering.com\/wp-content\/uploads\/2025\/01\/Gasket_Ring_Tool.jpg 1920w\" alt=\"Gasket Ring Tool\" width=\"1024\" height=\"576\" \/><\/a><\/p>\r\n<h3><a href=\"https:\/\/www.oceaneering.com\/pt\/products\/omnio-gasket-ring-tool\/\">Ferramenta de anel de veda\u00e7\u00e3o Omnio<\/a><\/h3>\r\n<p>Permite a remo\u00e7\u00e3o e a instala\u00e7\u00e3o seguras e eficientes de an\u00e9is de veda\u00e7\u00e3o em ambientes submarinos. <a href=\"https:\/\/www.oceaneering.com\/pt\/products\/omnio-gasket-ring-tool\/\">Saiba mais<\/a> <a href=\"https:\/\/www.oceaneering.com\/pt\/products\/omnio-cleaning-brush\/\"><img loading=\"lazy\" decoding=\"async\" title=\"MultiPurposeCleaningTool01 | Oceaneering\" src=\"https:\/\/www.oceaneering.com\/wp-content\/uploads\/2025\/01\/Multi_Purpose_Cleaning_Tool_01-1024x576.jpg\" sizes=\"auto, (max-width: 1024px) 100vw, 1024px\" srcset=\"https:\/\/www.oceaneering.com\/wp-content\/uploads\/2025\/01\/Multi_Purpose_Cleaning_Tool_01-1024x576.jpg 1024w, https:\/\/www.oceaneering.com\/wp-content\/uploads\/2025\/01\/Multi_Purpose_Cleaning_Tool_01-300x169.jpg 300w, https:\/\/www.oceaneering.com\/wp-content\/uploads\/2025\/01\/Multi_Purpose_Cleaning_Tool_01-768x432.jpg 768w, https:\/\/www.oceaneering.com\/wp-content\/uploads\/2025\/01\/Multi_Purpose_Cleaning_Tool_01-1536x864.jpg 1536w, https:\/\/www.oceaneering.com\/wp-content\/uploads\/2025\/01\/Multi_Purpose_Cleaning_Tool_01-18x10.jpg 18w, https:\/\/www.oceaneering.com\/wp-content\/uploads\/2025\/01\/Multi_Purpose_Cleaning_Tool_01-1280x720.jpg 1280w, https:\/\/www.oceaneering.com\/wp-content\/uploads\/2025\/01\/Multi_Purpose_Cleaning_Tool_01-960x540.jpg 960w, https:\/\/www.oceaneering.com\/wp-content\/uploads\/2025\/01\/Multi_Purpose_Cleaning_Tool_01-640x360.jpg 640w, https:\/\/www.oceaneering.com\/wp-content\/uploads\/2025\/01\/Multi_Purpose_Cleaning_Tool_01-320x180.jpg 320w, https:\/\/www.oceaneering.com\/wp-content\/uploads\/2025\/01\/Multi_Purpose_Cleaning_Tool_01.jpg 1920w\" alt=\"OmniO Multipurpose Cleaning Tool\" width=\"1024\" height=\"576\" \/><\/a><\/p>\r\n<h3><a href=\"https:\/\/www.oceaneering.com\/pt\/products\/omnio-cleaning-brush\/\">Escova de limpeza Omnio<\/a><\/h3>\r\n<p>Remove detritos e crescimento marinho das geometrias submarinas mais desafiadoras.<a href=\"https:\/\/www.oceaneering.com\/pt\/products\/omnio-cleaning-brush\/\">Saiba mais<\/a> <a href=\"https:\/\/www.oceaneering.com\/pt\/products\/omnio-equipment-basket\/\"><img loading=\"lazy\" decoding=\"async\" title=\"BasketRender02 | Oceaneering\" src=\"https:\/\/www.oceaneering.com\/wp-content\/uploads\/2025\/01\/Basket_Render_02-1024x576.jpg\" sizes=\"auto, (max-width: 1024px) 100vw, 1024px\" srcset=\"https:\/\/www.oceaneering.com\/wp-content\/uploads\/2025\/01\/Basket_Render_02-1024x576.jpg 1024w, https:\/\/www.oceaneering.com\/wp-content\/uploads\/2025\/01\/Basket_Render_02-300x169.jpg 300w, https:\/\/www.oceaneering.com\/wp-content\/uploads\/2025\/01\/Basket_Render_02-768x432.jpg 768w, https:\/\/www.oceaneering.com\/wp-content\/uploads\/2025\/01\/Basket_Render_02-1536x864.jpg 1536w, https:\/\/www.oceaneering.com\/wp-content\/uploads\/2025\/01\/Basket_Render_02-18x10.jpg 18w, https:\/\/www.oceaneering.com\/wp-content\/uploads\/2025\/01\/Basket_Render_02-1280x720.jpg 1280w, https:\/\/www.oceaneering.com\/wp-content\/uploads\/2025\/01\/Basket_Render_02-960x540.jpg 960w, https:\/\/www.oceaneering.com\/wp-content\/uploads\/2025\/01\/Basket_Render_02-640x360.jpg 640w, https:\/\/www.oceaneering.com\/wp-content\/uploads\/2025\/01\/Basket_Render_02-320x180.jpg 320w, https:\/\/www.oceaneering.com\/wp-content\/uploads\/2025\/01\/Basket_Render_02.jpg 1920w\" alt=\"OmniO Tooling Tooling Basket\" width=\"1024\" height=\"576\" \/><\/a><\/p>\r\n<h3><a href=\"https:\/\/www.oceaneering.com\/pt\/products\/omnio-equipment-basket\/\">Cesta de equipamentos Omnio<\/a><\/h3>\r\n<p>Solu\u00e7\u00f5es configur\u00e1veis para transporte e armazenamento de ferramentas e equipamentos para apoiar opera\u00e7\u00f5es submarinas. <a href=\"https:\/\/www.oceaneering.com\/pt\/products\/omnio-equipment-basket\/\">Saiba mais<\/a> <a href=\"https:\/\/www.oceaneering.com\/pt\/products\/omnio-ipfcm\/\"><img loading=\"lazy\" decoding=\"async\" title=\"250116IPFCMBox | Oceaneering\" src=\"https:\/\/www.oceaneering.com\/wp-content\/uploads\/2025\/01\/250116_IPFCM_Box-1024x576.jpg\" sizes=\"auto, (max-width: 1024px) 100vw, 1024px\" srcset=\"https:\/\/www.oceaneering.com\/wp-content\/uploads\/2025\/01\/250116_IPFCM_Box-1024x576.jpg 1024w, https:\/\/www.oceaneering.com\/wp-content\/uploads\/2025\/01\/250116_IPFCM_Box-300x169.jpg 300w, https:\/\/www.oceaneering.com\/wp-content\/uploads\/2025\/01\/250116_IPFCM_Box-768x432.jpg 768w, https:\/\/www.oceaneering.com\/wp-content\/uploads\/2025\/01\/250116_IPFCM_Box-1536x864.jpg 1536w, https:\/\/www.oceaneering.com\/wp-content\/uploads\/2025\/01\/250116_IPFCM_Box-18x10.jpg 18w, https:\/\/www.oceaneering.com\/wp-content\/uploads\/2025\/01\/250116_IPFCM_Box-1280x720.jpg 1280w, https:\/\/www.oceaneering.com\/wp-content\/uploads\/2025\/01\/250116_IPFCM_Box-960x540.jpg 960w, https:\/\/www.oceaneering.com\/wp-content\/uploads\/2025\/01\/250116_IPFCM_Box-640x360.jpg 640w, https:\/\/www.oceaneering.com\/wp-content\/uploads\/2025\/01\/250116_IPFCM_Box-320x180.jpg 320w, https:\/\/www.oceaneering.com\/wp-content\/uploads\/2025\/01\/250116_IPFCM_Box.jpg 1920w\" alt=\"\" width=\"1024\" height=\"576\" \/><\/a><\/p>\r\n<h3><a href=\"https:\/\/www.oceaneering.com\/pt\/products\/omnio-ipfcm\/\">Omnio iPFCM<\/a><\/h3>\r\n<p>Aprimora a distribui\u00e7\u00e3o de energia, oferece suporte a v\u00e1rias tens\u00f5es e permite uma integra\u00e7\u00e3o offshore flex\u00edvel.<a href=\"https:\/\/www.oceaneering.com\/pt\/products\/omnio-ipfcm\/\">Saiba mais<\/a><\/p>\r\n<!-- .pp-content-posts -->\r\n<h1>Entre em contato conosco<\/h1>\r\n<h2>Nossa equipe de especialistas est\u00e1 pronta para ajud\u00e1-lo a come\u00e7ar.<\/h2>\r\n<p>A Oceaneering oferece os melhores produtos e solu\u00e7\u00f5es da categoria, respaldados por qualidade, confiabilidade e suporte global inigual\u00e1veis. Preencha o formul\u00e1rio de consulta para iniciar uma conversa hoje mesmo.<\/p>","protected":false},"excerpt":{"rendered":"<p>Discuta um projeto ROV Tooling Omnio\u2122 System Transformando as opera\u00e7\u00f5es submarinas com efici\u00eancia cont\u00ednua e sem interrup\u00e7\u00f5es. Projetado para efici\u00eancia e sustentabilidade O sistema Omnio\u2122 revoluciona o trabalho subaqu\u00e1tico ao permitir opera\u00e7\u00f5es submarinas cont\u00ednuas sem a necessidade de recuperar o equipamento para troca de ferramentas. Seu projeto eletromec\u00e2nico avan\u00e7ado oferece uma solu\u00e7\u00e3o de alto desempenho e ecologicamente correta que melhora a produtividade, aumenta a seguran\u00e7a e reduz ... <a title=\"Sistema Omnio\" class=\"read-more\" href=\"https:\/\/www.oceaneering.com\/pt\/omnio-system\/\" aria-label=\"Leia mais sobre o Omnio System\">Leia mais<\/a><\/p>","protected":false},"author":25,"featured_media":0,"parent":0,"menu_order":0,"comment_status":"closed","ping_status":"closed","template":"","meta":{"_acf_changed":false,"footnotes":"","_links_to":"","_links_to_target":""},"product_category":[],"search_tags":[],"class_list":["post-74845","page","type-page","status-publish"],"acf":[],"aioseo_notices":[],"_links":{"self":[{"href":"https:\/\/www.oceaneering.com\/pt\/wp-json\/wp\/v2\/pages\/74845","targetHints":{"allow":["GET"]}}],"collection":[{"href":"https:\/\/www.oceaneering.com\/pt\/wp-json\/wp\/v2\/pages"}],"about":[{"href":"https:\/\/www.oceaneering.com\/pt\/wp-json\/wp\/v2\/types\/page"}],"author":[{"embeddable":true,"href":"https:\/\/www.oceaneering.com\/pt\/wp-json\/wp\/v2\/users\/25"}],"replies":[{"embeddable":true,"href":"https:\/\/www.oceaneering.com\/pt\/wp-json\/wp\/v2\/comments?post=74845"}],"version-history":[{"count":3,"href":"https:\/\/www.oceaneering.com\/pt\/wp-json\/wp\/v2\/pages\/74845\/revisions"}],"predecessor-version":[{"id":79201,"href":"https:\/\/www.oceaneering.com\/pt\/wp-json\/wp\/v2\/pages\/74845\/revisions\/79201"}],"wp:attachment":[{"href":"https:\/\/www.oceaneering.com\/pt\/wp-json\/wp\/v2\/media?parent=74845"}],"wp:term":[{"taxonomy":"product_category","embeddable":true,"href":"https:\/\/www.oceaneering.com\/pt\/wp-json\/wp\/v2\/product_category?post=74845"},{"taxonomy":"search_tags","embeddable":true,"href":"https:\/\/www.oceaneering.com\/pt\/wp-json\/wp\/v2\/search_tags?post=74845"}],"curies":[{"name":"wp","href":"https:\/\/api.w.org\/{rel}","templated":true}]}}