{"id":73888,"date":"2025-06-05T02:30:54","date_gmt":"2025-06-05T07:30:54","guid":{"rendered":"https:\/\/www.oceaneering.com\/?page_id=73888"},"modified":"2025-08-18T02:08:30","modified_gmt":"2025-08-18T07:08:30","slug":"integrity-engineering","status":"publish","type":"page","link":"https:\/\/www.oceaneering.com\/pt\/asset-integrity-management\/integrity-engineering\/","title":{"rendered":"Engenharia de Integridade"},"content":{"rendered":"<a href=\"\/pt\/asset-integrity\/#contact\" target=\"_self\">\n\t\t\t\t\t\t\tDiscutir um projeto\n\t\t\t\t\t<\/a>\n<h1>\n\t\tEngenharia de Integridade \n\t<\/h1>\n\t<p>Maintain the safety of your assets, processes, and systems-from seabed to flare tip-with expert engineering insights and data-driven analytics.<\/p>\n<h2>\n\t\tMaximize o tempo de atividade e a longevidade dos ativos\n\t<\/h2>\n\t<p>Proteja seus ativos essenciais onde quer que voc\u00ea opere. De sistemas de press\u00e3o, tanques de armazenamento e tubula\u00e7\u00f5es a estruturas fixas e flutuantes e equipamentos submarinos. Usamos inspe\u00e7\u00e3o avan\u00e7ada, insights de dados e estrat\u00e9gias baseadas em riscos para reduzir falhas, aumentar a vida \u00fatil dos ativos e mant\u00ea-lo em conformidade e operacional.<\/p>\n\t<a href=\"https:\/\/www.oceaneering.com\/pt\/pressure-systems\/\" target=\"_self\"  aria-label=\"Go to https:\/\/www.oceaneering.com\/pressure-systems\/\"><\/a>\n\t\t\t\t<img decoding=\"async\" src=\"https:\/\/www.oceaneering.com\/wp-content\/uploads\/2025\/06\/Pressure-Systems.png\" alt=\"Icon of a pressure valve showing services related to pressure systems.\" title=\"Sistemas de press\u00e3o\" itemprop=\"image\"\/>\n\t\t<h3>Sistemas de press\u00e3o<\/h3>\n\t\t\t\t<p>Reduzir os riscos de seguran\u00e7a e aumentar a vida \u00fatil de sistemas de press\u00e3o cr\u00edticos vulner\u00e1veis \u00e0 corros\u00e3o e \u00e0 fadiga.<\/p>\n<p><a href=\"https:\/\/www.oceaneering.com\/pt\/pressure-systems\/\">Saiba mais<\/a><\/p>\n\t<a href=\"https:\/\/www.oceaneering.com\/pt\/storage-tanks-and-associated-pipework\/\" target=\"_self\"  aria-label=\"Go to https:\/\/www.oceaneering.com\/storage-tanks-and-associated-pipework\/\"><\/a>\n\t\t\t\t<img decoding=\"async\" src=\"https:\/\/www.oceaneering.com\/wp-content\/uploads\/2025\/06\/Storage-Tanks-and-Associated-Pipework.png\" alt=\"Icon of two storage tanks showing services related to storage tanks and associated pipework.\" title=\"Tanques de armazenamento e tubula\u00e7\u00f5es associadas\" itemprop=\"image\"\/>\n\t\t<h3>Tanques de armazenamento e tubula\u00e7\u00f5es associadas<\/h3>\n\t\t\t\t<p>Nossos engenheiros multiqualificados garantem opera\u00e7\u00f5es seguras usando dados e tecnologia de inspe\u00e7\u00e3o avan\u00e7ada.<\/p>\n<p><a href=\"https:\/\/www.oceaneering.com\/pt\/storage-tanks-and-associated-pipework\/\">Saiba mais<\/a><\/p>\n\t<a href=\"https:\/\/www.oceaneering.com\/pt\/onshore-pipelines\/\" target=\"_self\"  aria-label=\"Go to https:\/\/www.oceaneering.com\/onshore-pipelines\/\"><\/a>\n\t\t\t\t<img decoding=\"async\" src=\"https:\/\/www.oceaneering.com\/wp-content\/uploads\/2025\/06\/Onshore-Pipelines.png\" alt=\"Icon of a pipeline showing services related to onshore pipelines.\" title=\"Dutos em terra\" itemprop=\"image\"\/>\n\t\t<h3>Dutos em terra<\/h3>\n\t\t\t\t<p>Use o monitoramento proativo e estrat\u00e9gias baseadas em riscos para evitar vazamentos, reduzir o tempo de inatividade e garantir a conformidade.<\/p>\n<p><a href=\"https:\/\/www.oceaneering.com\/pt\/onshore-pipelines\/\">Saiba mais<\/a><\/p>\n\t<a href=\"https:\/\/www.oceaneering.com\/pt\/fixed-and-floating-structures\/\" target=\"_self\"  aria-label=\"Go to https:\/\/www.oceaneering.com\/fixed-and-floating-structures\/\"><\/a>\n\t\t\t\t<img decoding=\"async\" src=\"https:\/\/www.oceaneering.com\/wp-content\/uploads\/2025\/06\/Fixed-and-Floating-Structures-1.png\" alt=\"Icon of an oil platform showing services related to fixed and floating structures.\" title=\"Estruturas fixas e flutuantes 1\" itemprop=\"image\"\/>\n\t\t<h3>Estruturas<\/h3>\n\t\t\t\t<p>Detecte os primeiros sinais de fadiga, corros\u00e3o e degrada\u00e7\u00e3o estrutural, protegendo suas estruturas fixas e flutuantes.<\/p>\n<p><a href=\"https:\/\/www.oceaneering.com\/pt\/fixed-and-floating-structures\/\">Saiba mais<\/a><\/p>\n\t<a href=\"https:\/\/www.oceaneering.com\/pt\/subsea-assets\/\" target=\"_self\"  aria-label=\"Go to https:\/\/www.oceaneering.com\/subsea-assets\/\"><\/a>\n\t\t\t\t<img decoding=\"async\" src=\"https:\/\/www.oceaneering.com\/wp-content\/uploads\/2025\/06\/Offshore-Pipeline-and-Subsea-Structure-1.png\" alt=\"Icon of a subsea structure showing services related to offshore pipeline and subsea structures.\" title=\"Tubula\u00e7\u00e3o offshore e estrutura submarina 1\" itemprop=\"image\"\/>\n\t\t<h3>Ativos submarinos<\/h3>\n\t\t\t\t<p>Melhore o desempenho, a vida \u00fatil dos ativos e a percep\u00e7\u00e3o com nossa an\u00e1lise avan\u00e7ada de riscos e abordagem hol\u00edstica.<\/p>\n<p><a href=\"https:\/\/www.oceaneering.com\/pt\/subsea-assets\/\">Saiba mais<\/a><\/p>\n<h2>\n\t\tIdentifique e supere as amea\u00e7as comuns\n\t<\/h2>\n\t<p>Stay ahead of critical risks-vibration fatigue, corrosion, and equipment failure-with our specialized engineering services. Using predictive analytics, diagnostic tools, and cost-effective maintenance strategies, we deliver early warnings and long-term protection for your most vulnerable assets.<\/p>\n\t\t\t\t<img loading=\"lazy\" decoding=\"async\" src=\"https:\/\/www.oceaneering.com\/wp-content\/uploads\/2025\/02\/Vibrations.jpg\" alt=\"Vibrations\" itemprop=\"image\" height=\"1200\" width=\"1920\" title=\"Vibra\u00e7\u00f5es\" onerror=\"this.style.display='none'\"  \/>\n<h3>\n\t\tEngenharia de vibra\u00e7\u00e3o   \n\t<\/h3>\n\t<p>Identificar poss\u00edveis amea\u00e7as e desenvolver estrat\u00e9gias de manuten\u00e7\u00e3o usando avalia\u00e7\u00f5es de condi\u00e7\u00f5es e an\u00e1lise de custos.<\/p>\n\t\t\t<a href=\"https:\/\/www.oceaneering.com\/pt\/asset-integrity-management\/vibration-engineering\/\" target=\"_self\">\n\t\t\t\t\t\t\tLeia mais\n\t\t\t<\/a>\n\t\t\t\t<img loading=\"lazy\" decoding=\"async\" src=\"https:\/\/www.oceaneering.com\/wp-content\/uploads\/2025\/06\/Pipelines-with-corrosion.jpg\" alt=\"Corroded pipelines and equipment.\" itemprop=\"image\" height=\"1280\" width=\"1920\" title=\"Pipelines-with-corrosion\" onerror=\"this.style.display='none'\"  \/>\n<h3>\n\t\tGerenciamento de corros\u00e3o \n\t<\/h3>\n\t<p>Identifique e trate os riscos de forma proativa usando a an\u00e1lise preditiva para proteger seus dutos, vasos de press\u00e3o, tanques e estruturas submarinas.<\/p>\n\t\t\t<a href=\"https:\/\/www.oceaneering.com\/pt\/asset-integrity-management\/corrosion-management\/\" target=\"_self\">\n\t\t\t\t\t\t\tLeia mais\n\t\t\t<\/a>\n<h2>\n\t\tFornecendo valor globalmente\n\t<\/h2>\n\t<p>Nossas equipes globais de engenharia usam dados e an\u00e1lises para ajud\u00e1-lo a reduzir os riscos potenciais e maximizar o tempo de atividade, garantindo a seguran\u00e7a das opera\u00e7\u00f5es. Essa abordagem proativa otimiza a efici\u00eancia operacional e de custos e, ao mesmo tempo, prolonga a vida \u00fatil de seus ativos.<\/p>\n<h3>\n\t\tAproveite os dados e a an\u00e1lise para reduzir os riscos potenciais\n\t<\/h3>\n<h3>\n\t\tMaximize o tempo de atividade e garanta a seguran\u00e7a de suas opera\u00e7\u00f5es\n\t<\/h3>\n<h3>\n\t\tOtimizar a efici\u00eancia operacional e de custos e prolongar a vida \u00fatil dos ativos\n\t<\/h3>\n<h3>\n\t\tApoiar o planejamento proativo e a interven\u00e7\u00e3o oportuna\n\t<\/h3>\n<h3>\n\t\tAdote a an\u00e1lise preditiva para identificar poss\u00edveis falhas antes que elas ocorram\n\t<\/h3>\n<h2>\n\t\tPerguntas frequentes\n\t<\/h2>\n\t<p>Interessado em saber como a Oceaneering fornece engenharia de integridade? Explore algumas perguntas frequentes abaixo.<\/p>\n\t\t\t\t\t\t<h5>Fazemos muitas inspe\u00e7\u00f5es. Como a engenharia de integridade pode ajudar a melhorar nossas opera\u00e7\u00f5es?<\/h5>\n\t\t\t<p>Not only does integrity engineering ensure your structures, systems, and assets are in safe working order, it helps you ensure the inspections you are completing are done at the most optimized intervals, focus on the key areas of concern, and address the key issues affecting your operations. We ensure your inspections-and the money and time you dedicate to them-are value adding, providing the data and insight you need to make informed decisions.<\/p>\n\t\t\t\t\t\t<h5>A Oceaneering pode fornecer servi\u00e7os de engenharia de integridade para uma s\u00e9rie de ativos globais?<\/h5>\n\t\t\t<p>Absolutamente. Nossas equipes globais t\u00eam experi\u00eancia e conhecimento especializado em v\u00e1rios tipos de ativos em todo o mundo, incluindo instala\u00e7\u00f5es upstream, midstream e downstream e em novas energias. Fornecemos servi\u00e7os personalizados e integrados projetados para atender a diversos requisitos regulat\u00f3rios. Fornecemos Engenharia de Integridade para uma lista abrangente de tipos de equipamentos, incluindo, entre outros, sistemas de press\u00e3o (equipamentos de press\u00e3o est\u00e1tica, tubula\u00e7\u00f5es, v\u00e1lvulas de seguran\u00e7a\/al\u00edvio de press\u00e3o etc.), estruturas, tanques de armazenamento, tubula\u00e7\u00f5es e infraestrutura associada.<\/p>\n\t\t\t\t\t\t<h5>Quais ferramentas e tecnologias de software voc\u00ea usa para as avalia\u00e7\u00f5es de integridade?<\/h5>\n\t\t\t<p>Our INFORM\u2122 Software Platform is our standard software tool for various types of integrity assessments. Explore the platform&#8217;s functionality by visiting our <a href=\"https:\/\/www.oceaneering.com\/pt\/digitizing-integrity\/\">Digitaliza\u00e7\u00e3o da p\u00e1gina de integridade<\/a>.<\/p>\n\t\t\t\t\t\t<h5>Voc\u00ea realiza avalia\u00e7\u00f5es de inspe\u00e7\u00e3o com base em riscos (RBI) ou avalia\u00e7\u00f5es de adequa\u00e7\u00e3o ao servi\u00e7o (FFS)?<\/h5>\n\t\t\t<p>Sim, temos ampla experi\u00eancia global no suporte a avalia\u00e7\u00f5es de RBI de acordo com padr\u00f5es internacionais, como API580\/581, procedimentos do cliente e tamb\u00e9m nossos pr\u00f3prios procedimentos. Usamos nosso software INFORM\u2122 RBI para colaborar com os clientes e identificar a abordagem mais adequada. Damos aten\u00e7\u00e3o especial \u00e0s suas necessidades operacionais e aos ambientes dos ativos para garantir que o RBI realmente otimize seus programas de inspe\u00e7\u00e3o e manuten\u00e7\u00e3o. Tamb\u00e9m realizamos avalia\u00e7\u00f5es FFS de acordo com a API 579\/ASME FFS-1 para determinar a opera\u00e7\u00e3o segura cont\u00ednua de equipamentos danificados ou degradados.<\/p>\n\t\t\t\t\t\t<h5>E quanto aos servi\u00e7os de monitoramento e mitiga\u00e7\u00e3o da corros\u00e3o e de gerenciamento da integridade da tubula\u00e7\u00e3o?<\/h5>\n\t\t\t<p>Sim. Implementamos estrat\u00e9gias de controle de corros\u00e3o, incluindo programas de monitoramento, sele\u00e7\u00e3o de inibidores e prote\u00e7\u00e3o cat\u00f3dica, com o apoio de an\u00e1lises e relat\u00f3rios regulares de dados. Saiba mais em nosso site dedicado <a href=\"https:\/\/www.oceaneering.com\/pt\/corrosion-management\/\">P\u00e1gina de monitoramento de corros\u00e3o<\/a>. Temos uma experi\u00eancia global significativa em <a href=\"https:\/\/www.oceaneering.com\/pt\/onshore-pipelines\/\">servi\u00e7os de gerenciamento de integridade de dutos<\/a> para dutos onshore e offshore.<\/p>\n\t\t\t\t\t\t<h5>Quais certifica\u00e7\u00f5es ou credenciamentos a Oceaneering possui (por exemplo, ISO, API, ASME)?<\/h5>\n\t\t\t<p>A Oceaneering, como empresa, e nossos funcion\u00e1rios qualificados possuem uma s\u00e9rie de certifica\u00e7\u00f5es e credenciamentos globais. Entre elas est\u00e3o as certifica\u00e7\u00f5es ISO 9001, ISO 14001 e 45001, ISO\/IEC 17020, ASME e NACE\/AMPP. Tamb\u00e9m possu\u00edmos credenciamentos regionais espec\u00edficos em nossas localidades globais.<\/p>\n\t\t\t\t\t\t<h5>Voc\u00ea pode nos ajudar a cumprir as normas locais e internacionais (por exemplo, HSE UK, OSHA, NORSOK)?<\/h5>\n\t\t\t<p>Sim. Garantimos que todos os servi\u00e7os estejam alinhados com os regulamentos aplic\u00e1veis, incluindo os padr\u00f5es HSE UK, OSHA, API, ASME e NORSOK.<\/p>\n\t\t\t\t\t\t<h5>Voc\u00eas fornecem suporte no local ou oferecem apenas servi\u00e7os remotos?<\/h5>\n\t\t\t<p>Oferecemos ambos. Nossos engenheiros est\u00e3o dispon\u00edveis para implementa\u00e7\u00f5es offshore e onshore, bem como para suporte remoto e an\u00e1lise de dados.<\/p>\n\t\t\t<a href=\"#contact\" target=\"_self\">\n\t\t\t\t\t\t\tTem mais perguntas? Entre em contato conosco.\n\t\t\t<\/a>\n\t\t\t\t\t\t\t\t\t<h3>Comprovado em campo. L\u00edder do setor.<\/h3>\n\t\t\t\t\t\t\t\t\t<p>Leia nossos estudos de caso sobre engenharia de integridade.<\/p>\n\t\t\t\t\t\t<a href=\"https:\/\/www.oceaneering.com\/pt\/resources\/?_content_types=case-study\" target=\"_self\">\n\t\t\t\t\t\t\t\tVer todos os estudos de caso\t\t\t\t\t\t\t\n\t\t\t\t\t\t\t\t\t\t\t\t\t<\/a>\n\t\t\t\t\t\t<button>\n\t\t\t\t\t\t\tAnterior\n\t\t\t\t\t\t<\/button>\n\t\t\t\t\t\t<button>\n\t\t\t\t\t\t\tPr\u00f3ximo\n\t\t\t\t\t\t<\/button>\n\t\t\t\t\t\t\t<a href=\"https:\/\/www.oceaneering.com\/pt\/case-studies\/asset-integrity-management-study-for-lng-expansion-project-in-asia\/\">\n\t\t\t\t\t\t\t\t\t\t<img decoding=\"async\" src=\"https:\/\/www.oceaneering.com\/wp-content\/uploads\/2025\/06\/LNG-production.webp\" alt=\"\"\/>\n\t\t\t\t\t\t\t\t\t\t<h3>Estudo de gerenciamento de integridade de ativos para projeto de expans\u00e3o de GNL na \u00c1sia<\/h3>\n\t\t\t\t\t\t\t\t\t\t<h3>Estudo de gerenciamento de integridade de ativos para projeto de expans\u00e3o de GNL na \u00c1sia<\/h3>\n\t\t\t\t\t\t\t\t\t\t\t\t\t\t\t\t\t\t\t\t\t<p>A major international operator contracted Oceaneering to develop and implement a comprehensive integrated Integrity Management System (IMS)&#8230;<\/p>\n\t\t\t\t\t\t\t\t\t\t\tSaiba mais\n\t\t\t\t\t\t\t<\/a>\n\t\t\t\t\t\t\t<a href=\"https:\/\/www.oceaneering.com\/pt\/case-studies\/optimized-fspo-ballast-tank-inspection-scope-eliminates-confined-space-entry\/\">\n\t\t\t\t\t\t\t\t\t\t<img decoding=\"async\" src=\"https:\/\/www.oceaneering.com\/wp-content\/uploads\/2024\/11\/Ballast-Tank-2-edited.jpg\" alt=\"\"\/>\n\t\t\t\t\t\t\t\t\t\t<h3>O escopo otimizado de inspe\u00e7\u00e3o de tanques de lastro de FSPO elimina a entrada em espa\u00e7os confinados<\/h3>\n\t\t\t\t\t\t\t\t\t\t<h3>O escopo otimizado de inspe\u00e7\u00e3o de tanques de lastro de FSPO elimina a entrada em espa\u00e7os confinados<\/h3>\n\t\t\t\t\t\t\t\t\t\t\t\t\t\t\t\t\t\t\t\t\t<p>In October 2023, Oceaneering completed a 13-day inspection scope on three dual-compartment L-shaped ballast tanks on a&#8230;<\/p>\n\t\t\t\t\t\t\t\t\t\t\tSaiba mais\n\t\t\t\t\t\t\t<\/a>\n\t\t\t\t\t\t\t<a href=\"https:\/\/www.oceaneering.com\/pt\/case-studies\/innovative-subsea-flowline-pressure-containing-clamp-system-reduces-intervention-time-and-cost\/\">\n\t\t\t\t\t\t\t\t\t\t<img decoding=\"async\" src=\"https:\/\/www.oceaneering.com\/wp-content\/uploads\/2023\/11\/Snap_27-SEP-21-09_04_38-1536x864-1.jpeg\" alt=\"\"\/>\n\t\t\t\t\t\t\t\t\t\t<h3>Sistema inovador de bra\u00e7adeira de conten\u00e7\u00e3o de press\u00e3o de linha de fluxo submarina reduz o tempo e o custo da interven\u00e7\u00e3o<\/h3>\n\t\t\t\t\t\t\t\t\t\t<h3>Sistema inovador de bra\u00e7adeira de conten\u00e7\u00e3o de press\u00e3o de linha de fluxo submarina reduz o tempo e o custo da interven\u00e7\u00e3o<\/h3>\n\t\t\t\t\t\t\t\t\t\t\t\t\t\t\t\t\t\t\t\t\t<p>In October 2020, a major operator contracted Oceaneering to remediate hydrates blocking their flowline in multiple locations&#8230;.<\/p>\n\t\t\t\t\t\t\t\t\t\t\tSaiba mais\n\t\t\t\t\t\t\t<\/a>\n<h1>\n\t\tEntre em contato conosco\n\t<\/h1>\n<h2>\n\t\tNossa equipe de especialistas est\u00e1 pronta para ajud\u00e1-lo a come\u00e7ar.\n\t<\/h2>\n\t<p>A Oceaneering oferece os melhores produtos e solu\u00e7\u00f5es da categoria, respaldados por qualidade, confiabilidade e suporte global inigual\u00e1veis. Preencha o formul\u00e1rio de consulta para iniciar uma conversa hoje mesmo.<\/p>","protected":false},"excerpt":{"rendered":"<p>Minimize o tempo de inatividade e mantenha opera\u00e7\u00f5es seguras com nossos servi\u00e7os de engenharia de integridade adaptados \u00e0s suas necessidades. <\/p>","protected":false},"author":25,"featured_media":68330,"parent":59710,"menu_order":0,"comment_status":"closed","ping_status":"closed","template":"","meta":{"_acf_changed":false,"footnotes":"","_links_to":"","_links_to_target":""},"product_category":[1205],"search_tags":[],"class_list":["post-73888","page","type-page","status-publish","has-post-thumbnail","product_category-asset-integrity-management"],"acf":[],"aioseo_notices":[],"_links":{"self":[{"href":"https:\/\/www.oceaneering.com\/pt\/wp-json\/wp\/v2\/pages\/73888","targetHints":{"allow":["GET"]}}],"collection":[{"href":"https:\/\/www.oceaneering.com\/pt\/wp-json\/wp\/v2\/pages"}],"about":[{"href":"https:\/\/www.oceaneering.com\/pt\/wp-json\/wp\/v2\/types\/page"}],"author":[{"embeddable":true,"href":"https:\/\/www.oceaneering.com\/pt\/wp-json\/wp\/v2\/users\/25"}],"replies":[{"embeddable":true,"href":"https:\/\/www.oceaneering.com\/pt\/wp-json\/wp\/v2\/comments?post=73888"}],"version-history":[{"count":1,"href":"https:\/\/www.oceaneering.com\/pt\/wp-json\/wp\/v2\/pages\/73888\/revisions"}],"predecessor-version":[{"id":78003,"href":"https:\/\/www.oceaneering.com\/pt\/wp-json\/wp\/v2\/pages\/73888\/revisions\/78003"}],"up":[{"embeddable":true,"href":"https:\/\/www.oceaneering.com\/pt\/wp-json\/wp\/v2\/pages\/59710"}],"wp:featuredmedia":[{"embeddable":true,"href":"https:\/\/www.oceaneering.com\/pt\/wp-json\/wp\/v2\/media\/68330"}],"wp:attachment":[{"href":"https:\/\/www.oceaneering.com\/pt\/wp-json\/wp\/v2\/media?parent=73888"}],"wp:term":[{"taxonomy":"product_category","embeddable":true,"href":"https:\/\/www.oceaneering.com\/pt\/wp-json\/wp\/v2\/product_category?post=73888"},{"taxonomy":"search_tags","embeddable":true,"href":"https:\/\/www.oceaneering.com\/pt\/wp-json\/wp\/v2\/search_tags?post=73888"}],"curies":[{"name":"wp","href":"https:\/\/api.w.org\/{rel}","templated":true}]}}