{"id":72509,"date":"2024-06-10T05:41:44","date_gmt":"2024-06-10T10:41:44","guid":{"rendered":"https:\/\/www.oceaneering.com\/?page_id=72509"},"modified":"2024-09-11T03:26:52","modified_gmt":"2024-09-11T08:26:52","slug":"nuclear-power-solutions","status":"publish","type":"page","link":"https:\/\/www.oceaneering.com\/pt\/renewable-energy-solutions\/nuclear-power-solutions\/","title":{"rendered":"Solu\u00e7\u00f5es em energia nuclear"},"content":{"rendered":"<a href=\"https:\/\/www.oceaneering.com\/pt\/renewable-energy-solutions\/#contact\" target=\"_self\" rel=\"noopener\">\n\t\t\t\t\t\t\tDiscutir um projeto\n\t\t\t\t\t<\/a>\n\t\tSolu\u00e7\u00f5es de energia renov\u00e1vel\n<h1>\n\t\tSolu\u00e7\u00f5es em energia nuclear\n\t<\/h1>\n\t<p>Fornecendo produtos de conex\u00e3o robustos e com qualidade de dados sem concess\u00f5es que suas instala\u00e7\u00f5es exigem.<\/p>\n<h2>\n\t\tInova\u00e7\u00e3o para energia nuclear confi\u00e1vel e com baixo teor de carbono\n\t<\/h2>\n\t<p>A energia nuclear fornece uma fonte de energia confi\u00e1vel e de baixa emiss\u00e3o de carbono em larga escala, diversificando a rede e ajudando a atender \u00e0s crescentes demandas de eletricidade para garantir um futuro mais verde, mais limpo e mais sustent\u00e1vel. Nossos produtos e servi\u00e7os d\u00e3o suporte a instala\u00e7\u00f5es globais de energia nuclear e continuam a evoluir para atender \u00e0s suas demandas, incluindo solu\u00e7\u00f5es para tecnologias emergentes, como a Gera\u00e7\u00e3o IV e pequenos reatores modulares (SMRs).<\/p>\n<h3>\n\t\tAproveite a experi\u00eancia inigual\u00e1vel em ambientes perigosos \n\t<\/h3>\n<h3>\n\t\tAtender ou exceder os rigorosos crit\u00e9rios de seguran\u00e7a e conformidade\n\t<\/h3>\n<h3>\n\t\tBeneficie-se de solu\u00e7\u00f5es integradas e suporte global \n\t<\/h3>\n\t\t\t\t<img loading=\"lazy\" decoding=\"async\" src=\"https:\/\/www.oceaneering.com\/wp-content\/uploads\/2024\/04\/Inform-Vision2.jpg\" alt=\"Man looking at a large screen showing inspection data\" itemprop=\"image\" height=\"1360\" width=\"1920\" title=\"Inform-Vision2\" onerror=\"this.style.display='none'\"  \/>\n<h2>\n\t\tServi\u00e7os de inspe\u00e7\u00e3o e integridade de ativos \n\t<\/h2>\n\t<p>Aproveitando o pessoal mais experiente e as tecnologias mais avan\u00e7adas do setor, nossas equipes oferecem uma qualidade de dados incompar\u00e1vel e sem comprometimento, al\u00e9m de uma vis\u00e3o do setor em todas as disciplinas. Nossas equipes de inspe\u00e7\u00e3o e engenharia com m\u00faltiplas certifica\u00e7\u00f5es realizam treinamentos personalizados com foco em energia nuclear e desenvolvem e executam programas de inspe\u00e7\u00e3o para componentes de usinas nucleares, incluindo:<\/p>\n\t<ul>\n\t\t\t\t\t<li>\n\t\t\t\tPlacas de revestimento do reator\n\t\t\t<\/li>\n\t\t\t\t\t<li>\n\t\t\t\tL\u00e2minas e componentes de turbinas\n\t\t\t<\/li>\n\t\t\t\t\t<li>\n\t\t\t\tTubula\u00e7\u00e3o de equil\u00edbrio da ilha nuclear\n\t\t\t<\/li>\n\t\t\t\t\t<li>\n\t\t\t\tCaixas de descarte de res\u00edduos\n\t\t\t<\/li>\n\t\t\t<\/ul>\n<h2>\n\t\tSuporte abrangente e completo ao ciclo de vida\n\t<\/h2>\n\t<p>Com mais de 30 anos de experi\u00eancia no setor de energia nuclear, cobrimos todo o ciclo de vida do seu projeto, desde novas instala\u00e7\u00f5es de constru\u00e7\u00e3o e manuten\u00e7\u00e3o cont\u00ednua at\u00e9 a auditoria de fornecedores terceirizados e a presta\u00e7\u00e3o de suporte ao descomissionamento.<\/p>\n\t\t\t\t\t\t\t\t<img decoding=\"async\" src=\"https:\/\/www.oceaneering.com\/wp-content\/uploads\/2024\/03\/Case-Study-Oceaneering-Completes-Fourth-Year-of-Inspection-Support-at-Newbuild-Nuclear-Power-Plant-in-the-UK-1.jpg\" alt=\"\"\/>\n\t\t\t\t\t\t\t\t\t\t\t\t\t\t\t<h3>Nova constru\u00e7\u00e3o  <\/h3>\n\t\t\t\t\t\t\t\t<hr \/>\n\t\t\t\t\t\t\t\t\t\t\t\t\t\t\tCrucial para garantir a seguran\u00e7a, a confiabilidade e a conformidade regulamentar, nossos servi\u00e7os evitam falhas dispendiosas e garantem a efici\u00eancia operacional de longo prazo. \n<br \/>\n\t\t\t\t\t\t\t\tSaiba mais\n\t\t\t\t\t\t\t\t\t\t\t\t\t<h3>Nova constru\u00e7\u00e3o  <\/h3>\n\t\t\t\t\t\t\t<hr \/>\n\t\t\t\t\t\t\t\t<ul><li>Planejamento de inspe\u00e7\u00e3o<\/li><li>Opera\u00e7\u00f5es no local e fora do local<\/li><li>Radiografia<\/li><li>Testes n\u00e3o destrutivos (NDT) convencionais e avan\u00e7ados<\/li><\/ul>\t\t\t\t\t\t\t\n\t\t\t\t\t\t\t\t<img decoding=\"async\" src=\"https:\/\/www.oceaneering.com\/wp-content\/uploads\/2024\/07\/19GR-9126-edited.jpg\" alt=\"\"\/>\n\t\t\t\t\t\t\t\t\t\t\t\t\t\t\t<h3>Manuten\u00e7\u00e3o <\/h3>\n\t\t\t\t\t\t\t\t<hr \/>\n\t\t\t\t\t\t\t\t\t\t\t\t\t\t\tOferecemos programas de manuten\u00e7\u00e3o vitais que d\u00e3o suporte \u00e0 opera\u00e7\u00e3o segura cont\u00ednua, evitam paradas inesperadas e prolongam a vida \u00fatil da infraestrutura essencial.\n\n\t\t\t\t\t\t\t\tSaiba mais\n\t\t\t\t\t\t\t\t\t\t\t\t\t<h3>Manuten\u00e7\u00e3o <\/h3>\n\t\t\t\t\t\t\t<hr \/>\n\t\t\t\t\t\t\t\t<ul><li>Auditorias gerenciadas<\/li><li>Monitoramento de conformidade e condi\u00e7\u00f5es<\/li><li>Engenheiros PCN\/ASNT de n\u00edvel 3 com v\u00e1rias qualifica\u00e7\u00f5es<\/li><li>Matriz em fases<\/li><li>Inspe\u00e7\u00e3o de tubos de corrente parasita<\/li><li>Hidroforma<\/li><li>M\u00e9todos convencionais e avan\u00e7ados de NDT<\/li><\/ul>\t\t\t\t\t\t\t\n\t\t\t\t\t\t\t\t<img decoding=\"async\" src=\"https:\/\/www.oceaneering.com\/wp-content\/uploads\/2024\/07\/Nuclear-Power-Plant-640x360.jpg\" alt=\"\"\/>\n\t\t\t\t\t\t\t\t\t\t\t\t\t\t\t<h3>Descomissionamento <\/h3>\n\t\t\t\t\t\t\t\t<hr \/>\n\t\t\t\t\t\t\t\t\t\t\t\t\t\t\t<p>Nossas equipes oferecem suporte \u00e0 integridade dos ativos, essencial para a desmontagem e o descomissionamento seguros das instala\u00e7\u00f5es nucleares, minimizando o impacto ambiental e garantindo a conformidade com os rigorosos padr\u00f5es regulat\u00f3rios. <\/p>\n\t\t\t\t\t\t\t\tSaiba mais\n\t\t\t\t\t\t\t\t\t\t\t\t\t<h3>Descomissionamento <\/h3>\n\t\t\t\t\t\t\t<hr \/>\n\t\t\t\t\t\t\t\t<ul><li>Opera\u00e7\u00f5es no local e fora do local<\/li><li>Radiografia<\/li><li>M\u00e9todos ultrass\u00f4nicos<\/li><\/ul>\t\t\t\t\t\t\t\n<h2>\n\t\tProdutos Grayloc\u00ae para aplica\u00e7\u00f5es cr\u00edticas\n\t<\/h2>\n\t<p>Fornecemos conectores contendo press\u00e3o comprovados em campo e l\u00edderes do setor para uso em seus ambientes mais extremos. O desempenho sem vazamentos, a toler\u00e2ncia a altas press\u00f5es e temperaturas e os projetos de n\u00edvel comercial e de seguran\u00e7a garantem a facilidade de integra\u00e7\u00e3o em seus sistemas de reator e resfriamento, incluindo aplica\u00e7\u00f5es de \u00e1gua, vapor, gases, sal fundido e fluidos supercr\u00edticos.<\/p>\n\t\t\t\t<img decoding=\"async\" src=\"https:\/\/oceaneering.com\/wp-content\/uploads\/2023\/10\/Grayloc-Clamp-Connectors.png\" alt=\"Grayloc-Clamp-Connectors\" itemprop=\"image\" title=\"Grayloc-Clamp-Connectors\" onerror=\"this.style.display='none'\"  \/>\n<h3>\n\t\tConectores de grampo\n\t<\/h3>\n\n\t\tConex\u00e3o de tubo fixada com nossa veda\u00e7\u00e3o metal-metal reutiliz\u00e1vel de vazamento zero. \n\t\n\t\t\t<a href=\"https:\/\/www.oceaneering.com\/pt\/grayloc-home\/grayloc-clamp-connectors\/\" target=\"_self\" rel=\"noopener\">\n\t\t\t\t\t\t\tExibir produto\n\t\t\t\t\t<\/a>\n\t\t\t\t<img decoding=\"async\" src=\"https:\/\/oceaneering.com\/wp-content\/uploads\/2023\/10\/Non-Slam-Nozzle-Check-Valves.png\" alt=\"Non-Slam-Nozzle-Check-Valves\" itemprop=\"image\" title=\"V\u00e1lvulas de reten\u00e7\u00e3o de bocal sem lamelas\" onerror=\"this.style.display='none'\"  \/>\n<h3>\n\t\tV\u00e1lvulas de reten\u00e7\u00e3o de bico sem lamelas\n\t<\/h3>\n\n\t\tV\u00e1lvulas de reten\u00e7\u00e3o sem manuten\u00e7\u00e3o, com baixa perda de press\u00e3o, que apresentam um corpo de v\u00e1lvula de pe\u00e7a \u00fanica com vazamento zero e uma veda\u00e7\u00e3o metal-metal. \n\t\n\t\t\t<a href=\"https:\/\/www.oceaneering.com\/pt\/grayloc-home\/grayloc-non-slam-nozzle-check-valves\/\" target=\"_self\" rel=\"noopener\">\n\t\t\t\t\t\t\tExibir produto\n\t\t\t<\/a>\n\t\t\t\t<img decoding=\"async\" src=\"https:\/\/oceaneering.com\/wp-content\/uploads\/2023\/10\/Grayloc-Universal-Ball-Joints.png\" alt=\"Grayloc-Universal-Ball-Joints\" itemprop=\"image\" title=\"Grayloc-Universal-Ball-Joints\" onerror=\"this.style.display='none'\"  \/>\n<h3>\n\t\tJuntas esf\u00e9ricas universais\n\t<\/h3>\n\n\t\tAcomodam desalinhamentos e expans\u00e3o t\u00e9rmica, garantindo uma opera\u00e7\u00e3o suave em sistemas de tubula\u00e7\u00e3o complexos \n\t\n\t\t\t<a href=\"https:\/\/www.oceaneering.com\/pt\/grayloc-home\/grayloc-universal-ball-joints\/\" target=\"_self\" rel=\"noopener\">\n\t\t\t\t\t\t\tExibir produto\n\t\t\t<\/a>\n\t\t\t\t<img decoding=\"async\" src=\"https:\/\/oceaneering.com\/wp-content\/uploads\/2023\/10\/Grayloc-Compact-Flanges.png\" alt=\"Grayloc-Compact-Flanges\" itemprop=\"image\" title=\"Grayloc-Compact-Flanges\" onerror=\"this.style.display='none'\"  \/>\n<h3>\n\t\tFlanges compactos\n\t<\/h3>\n\n\t\tFlange compacto e leve que apresenta nossa veda\u00e7\u00e3o metal-metal reutiliz\u00e1vel com vazamento zero. \n\t\n\t\t\t<a href=\"https:\/\/www.oceaneering.com\/pt\/grayloc-home\/grayloc-compact-flanges\/\" target=\"_self\" rel=\"noopener\">\n\t\t\t\t\t\t\tExibir produto\n\t\t\t<\/a>\n\t\t\t\t<img decoding=\"async\" src=\"https:\/\/oceaneering.com\/wp-content\/uploads\/2023\/10\/Grayloc-Remotely-Operated-Connectors.png\" alt=\"Grayloc-Remotely-Operated-Connectors\" itemprop=\"image\" title=\"Conectores Grayloc operados remotamente\" onerror=\"this.style.display='none'\"  \/>\n<h3>\n\t\tConectores operados remotamente\n\t<\/h3>\n\n\t\tUm conector de bra\u00e7adeira de abertura r\u00e1pida com capacidade remota acionada por um \u00fanico parafuso de acionamento.\n\t\n\t\t\t<a href=\"https:\/\/www.oceaneering.com\/pt\/grayloc-home\/grayloc-remotely-operated-connectors\/\" target=\"_self\" rel=\"noopener\">\n\t\t\t\t\t\t\tExibir produto\n\t\t\t<\/a>\n\t\t\t\t<img decoding=\"async\" src=\"https:\/\/oceaneering.com\/wp-content\/uploads\/2023\/10\/Grayloc-Closure-System.png\" alt=\"Grayloc-Closure-System\" itemprop=\"image\" title=\"Sistema de fechamento Grayloc\" onerror=\"this.style.display='none'\"  \/>\n<h3>\n\t\tSistemas de fechamento\n\t<\/h3>\n\n\t\tFechamentos de conectores de grampo com persianas articuladas e sistemas de suporte de grampo para melhorar a facilidade de uso. \n\t\n\t\t\t<a href=\"https:\/\/www.oceaneering.com\/pt\/grayloc-home\/grayloc-closure-systems\/\" target=\"_self\" rel=\"noopener\">\n\t\t\t\t\t\t\tExibir produto\n\t\t\t<\/a>\n\t\t\t\t\t\t\t\t\t<h3>Comprovado em campo. L\u00edder do setor.<\/h3>\n\t\t\t\t\t\t\t\t\t<p>Leia mais sobre como nossos produtos e servi\u00e7os apoiaram projetos nucleares. <\/p>\n\t\t\t\t\t\t<a href=\"https:\/\/www.oceaneering.com\/pt\/resources\/?_content_types=case-study\" target=\"_self\" rel=\"noopener\">\n\t\t\t\t\t\t\t\tVer todos os estudos de caso\t\t\t\t\t\t\t\n\t\t\t\t\t\t\t\t\t\t\t\t\t<\/a>\n\t\t\t\t\t\t<button>\n\t\t\t\t\t\t\tAnterior\n\t\t\t\t\t\t<\/button>\n\t\t\t\t\t\t<button>\n\t\t\t\t\t\t\tPr\u00f3ximo\n\t\t\t\t\t\t<\/button>\n\t\t\t\t\t\t\t<a href=\"https:\/\/www.oceaneering.com\/pt\/case-studies\/multi-qualified-level-3-engineers-complete-managed-audit-program-for-uk-nuclear-power-plants\/\">\n\t\t\t\t\t\t\t\t\t\t<img decoding=\"async\" src=\"https:\/\/www.oceaneering.com\/wp-content\/uploads\/2024\/02\/Case-Study-Multi-Qualified-Level-3-Engineers-Complete-Managed-Audit-Program-for-UK-Nuclear-Power-Plants-1.png\" alt=\"\"\/>\n\t\t\t\t\t\t\t\t\t\t<h3>Engenheiros multiqualificados de n\u00edvel 3 concluem o programa de auditoria gerenciada para usinas nucleares do Reino Unido<\/h3>\n\t\t\t\t\t\t\t\t\t\t<h3>Engenheiros multiqualificados de n\u00edvel 3 concluem o programa de auditoria gerenciada para usinas nucleares do Reino Unido<\/h3>\n\t\t\t\t\t\t\t\t\t\t\t\t\t\t\t\t\t\t\t\t\t<p>Vis\u00e3o geral A Oceaneering completou recentemente seu sexto ano fornecendo suporte de auditoria gerenciada em usinas nucleares do Reino Unido como parte...<\/p>\n\t\t\t\t\t\t\t\t\t\t\tSaiba mais\n\t\t\t\t\t\t\t<\/a>\n\t\t\t\t\t\t\t<a href=\"https:\/\/www.oceaneering.com\/pt\/case-studies\/nuclear-focused-inspection-team-supports-newbuild-power-plant-in-the-uk\/\">\n\t\t\t\t\t\t\t\t\t\t<img decoding=\"async\" src=\"https:\/\/www.oceaneering.com\/wp-content\/uploads\/2024\/03\/Case-Study-Oceaneering-Completes-Fourth-Year-of-Inspection-Support-at-Newbuild-Nuclear-Power-Plant-in-the-UK-1.jpg\" alt=\"\"\/>\n\t\t\t\t\t\t\t\t\t\t<h3>Equipe de inspe\u00e7\u00e3o com foco nuclear d\u00e1 suporte \u00e0 constru\u00e7\u00e3o de uma nova usina no Reino Unido<\/h3>\n\t\t\t\t\t\t\t\t\t\t<h3>Equipe de inspe\u00e7\u00e3o com foco nuclear d\u00e1 suporte \u00e0 constru\u00e7\u00e3o de uma nova usina no Reino Unido<\/h3>\n\t\t\t\t\t\t\t\t\t\t\t\t\t\t\t\t\t\t\t\t\t<p>Vis\u00e3o geral A Oceaneering concluiu recentemente o quarto ano de um contrato de longo prazo para fornecer servi\u00e7os de inspe\u00e7\u00e3o em uma usina nuclear...<\/p>\n\t\t\t\t\t\t\t\t\t\t\tSaiba mais\n\t\t\t\t\t\t\t<\/a>\n\t\t\t\t\t\t\t<a href=\"https:\/\/www.oceaneering.com\/pt\/case-studies\/successful-ndt-enables-decommissioning-of-nuclear-power-facilities-in-uk\/\">\n\t\t\t\t\t\t\t\t\t\t<img decoding=\"async\" src=\"https:\/\/www.oceaneering.com\/wp-content\/uploads\/2024\/02\/Case-Study-Successful-NDT-Enables-Decommissioning-of-Nuclear-Power-Facilities-in-UK-1.jpg\" alt=\"\"\/>\n\t\t\t\t\t\t\t\t\t\t<h3>NDT bem-sucedido permite o descomissionamento de instala\u00e7\u00f5es de energia nuclear no Reino Unido<\/h3>\n\t\t\t\t\t\t\t\t\t\t<h3>NDT bem-sucedido permite o descomissionamento de instala\u00e7\u00f5es de energia nuclear no Reino Unido<\/h3>\n\t\t\t\t\t\t\t\t\t\t\t\t\t\t\t\t\t\t\t\t\t<p>Vis\u00e3o geral Em fevereiro de 2023, a Oceaneering concluiu um projeto de dois anos e meio fornecendo servi\u00e7os de testes n\u00e3o destrutivos (NDT) para apoiar a seguran\u00e7a...<\/p>\n\t\t\t\t\t\t\t\t\t\t\tSaiba mais\n\t\t\t\t\t\t\t<\/a>\n<h1>\n\t\tEntre em contato conosco\n\t<\/h1>\n<h2>\n\t\tNossa equipe de especialistas est\u00e1 pronta para ajud\u00e1-lo a come\u00e7ar.\n\t<\/h2>\n\t<p>A Oceaneering oferece os melhores produtos e solu\u00e7\u00f5es da categoria, respaldados por qualidade, confiabilidade e suporte global inigual\u00e1veis. Preencha o formul\u00e1rio de consulta para iniciar uma conversa hoje mesmo.<\/p>","protected":false},"excerpt":{"rendered":"<p>Discuta um projeto Solu\u00e7\u00f5es de energia renov\u00e1vel Solu\u00e7\u00f5es de energia nuclear Fornecendo a qualidade de dados sem comprometimento e produtos de conex\u00e3o robustos que suas instala\u00e7\u00f5es exigem. Inova\u00e7\u00e3o para energia nuclear confi\u00e1vel e de baixo carbono A energia nuclear fornece uma fonte de energia confi\u00e1vel e de baixo carbono em larga escala, diversificando a rede e ajudando a atender \u00e0s crescentes demandas de eletricidade para garantir um futuro mais verde, mais limpo e mais sustent\u00e1vel. Nosso ... <a title=\"Solu\u00e7\u00f5es em energia nuclear\" class=\"read-more\" href=\"https:\/\/www.oceaneering.com\/pt\/renewable-energy-solutions\/nuclear-power-solutions\/\" aria-label=\"Leia mais sobre Solu\u00e7\u00f5es de energia nuclear\">Leia mais<\/a><\/p>","protected":false},"author":25,"featured_media":0,"parent":61160,"menu_order":0,"comment_status":"closed","ping_status":"closed","template":"","meta":{"_acf_changed":false,"footnotes":"","_links_to":"","_links_to_target":""},"product_category":[1159],"search_tags":[1398],"class_list":["post-72509","page","type-page","status-publish","product_category-renewables","search_tags-renewable-energy"],"acf":[],"aioseo_notices":[],"_links":{"self":[{"href":"https:\/\/www.oceaneering.com\/pt\/wp-json\/wp\/v2\/pages\/72509","targetHints":{"allow":["GET"]}}],"collection":[{"href":"https:\/\/www.oceaneering.com\/pt\/wp-json\/wp\/v2\/pages"}],"about":[{"href":"https:\/\/www.oceaneering.com\/pt\/wp-json\/wp\/v2\/types\/page"}],"author":[{"embeddable":true,"href":"https:\/\/www.oceaneering.com\/pt\/wp-json\/wp\/v2\/users\/25"}],"replies":[{"embeddable":true,"href":"https:\/\/www.oceaneering.com\/pt\/wp-json\/wp\/v2\/comments?post=72509"}],"version-history":[{"count":0,"href":"https:\/\/www.oceaneering.com\/pt\/wp-json\/wp\/v2\/pages\/72509\/revisions"}],"up":[{"embeddable":true,"href":"https:\/\/www.oceaneering.com\/pt\/wp-json\/wp\/v2\/pages\/61160"}],"wp:attachment":[{"href":"https:\/\/www.oceaneering.com\/pt\/wp-json\/wp\/v2\/media?parent=72509"}],"wp:term":[{"taxonomy":"product_category","embeddable":true,"href":"https:\/\/www.oceaneering.com\/pt\/wp-json\/wp\/v2\/product_category?post=72509"},{"taxonomy":"search_tags","embeddable":true,"href":"https:\/\/www.oceaneering.com\/pt\/wp-json\/wp\/v2\/search_tags?post=72509"}],"curies":[{"name":"wp","href":"https:\/\/api.w.org\/{rel}","templated":true}]}}