{"id":72371,"date":"2024-05-29T01:56:50","date_gmt":"2024-05-29T06:56:50","guid":{"rendered":"https:\/\/www.oceaneering.com\/?page_id=72371"},"modified":"2024-12-03T04:51:06","modified_gmt":"2024-12-03T10:51:06","slug":"hydrogen-support-services","status":"publish","type":"page","link":"https:\/\/www.oceaneering.com\/pt\/renewable-energy-solutions\/hydrogen-support-services\/","title":{"rendered":"Servi\u00e7os de suporte ao hidrog\u00eanio"},"content":{"rendered":"<a href=\"https:\/\/www.oceaneering.com\/pt\/renewable-energy-solutions\/#contact\" target=\"_self\">\n\t\t\t\t\t\t\tDiscutir um projeto\n\t\t\t\t\t<\/a>\n\t\tSolu\u00e7\u00f5es de energia renov\u00e1vel\n<h1>\n\t\tServi\u00e7os de suporte ao hidrog\u00eanio \n\t<\/h1>\n\t<p>Elevar a energia limpa com solu\u00e7\u00f5es confi\u00e1veis e sustent\u00e1veis para a produ\u00e7\u00e3o, o armazenamento e o transporte de hidrog\u00eanio.<\/p>\n\t\t\t<a href=\"https:\/\/oceaneering.canto.com\/download\/document\/nkbbmg090p59lcodi3hl7t3f5e\/original.pdf\" target=\"_blank\" rel=\"noopener\">\n\t\t\t\t\t\t\tFornecimento de solu\u00e7\u00f5es para projetos de hidrog\u00eanio\n\t\t\t\t\t<\/a>\n<h2>\n\t\tDescarboniza\u00e7\u00e3o da ind\u00fastria e muito mais\n\t<\/h2>\n\t<p>A tecnologia do hidrog\u00eanio est\u00e1 na vanguarda da revolu\u00e7\u00e3o energ\u00e9tica, oferecendo solu\u00e7\u00f5es para descarboniza\u00e7\u00e3o industrial, seguran\u00e7a energ\u00e9tica e estabilidade da rede. Os produtos Oceaneering\u00ae Grayloc\u00ae e os servi\u00e7os de Gerenciamento de Integridade de Ativos desempenham um papel fundamental em seus projetos globais de hidrog\u00eanio, reduzindo a pegada de carbono na fabrica\u00e7\u00e3o, fornecendo aquecimento comercial e residencial sustent\u00e1vel e permitindo solu\u00e7\u00f5es de transporte mais ecol\u00f3gicas.<\/p>\n<h3>\n\t\tMinimizar o risco associado ao trabalho em ambientes perigosos \n\t<\/h3>\n<h3>\n\t\tReduzir o tempo de inatividade e diminuir os custos operacionais \n\t<\/h3>\n<h3>\n\t\tMelhorar a seguran\u00e7a e a efici\u00eancia da infraestrutura de hidrog\u00eanio\n\t<\/h3>\n\t\tConectores, flanges, v\u00e1lvulas e sistemas de fechamento que cont\u00eam press\u00e3o\n<h2>\n\t\tProdutos Grayloc\u00ae da Oceaneering\u00ae: Projetados para extremos \n\t<\/h2>\n\t<p>Fornecemos conex\u00f5es de press\u00e3o l\u00edderes do setor, comprovadas em campo, adequadas para uso nos ambientes de hidrog\u00eanio mais extremos. Projetados para uso em servi\u00e7os de alta press\u00e3o e alta temperatura, os conectores Grayloc oferecem desempenho sem vazamentos em projetos compactos e leves.<\/p>\n\t\t\t<a href=\"https:\/\/oceaneering.canto.com\/download\/document\/utfqucmj8d4gnbaag4icpngc31\/original.pdf\" target=\"_blank\" rel=\"noopener\">\n\t\t\t\t\t\t\tProdutos Grayloc\u00ae para a transi\u00e7\u00e3o energ\u00e9tica\n\t\t\t\t\t<\/a>\n\t\t\t\t\t\t\t\t\t<a href=\"https:\/\/www.oceaneering.com\/pt\/grayloc-home\/grayloc-clamp-connectors\/\" target=\"_self\">\n\t\t\t\t\t\t<img decoding=\"async\" src=\"https:\/\/www.oceaneering.com\/wp-content\/uploads\/2024\/05\/Grayloc-Clamp-Connectors-box-image4.jpg\" alt=\"\"\/>\n\t\t\t\t\t\t<h3>Conectores de grampo <\/h3>\n\t\t\t\t\t\t<h3>Conectores de grampo <\/h3>\n\t\t\t\t\t\t<p>Conex\u00e3o de tubo fixada com nossa veda\u00e7\u00e3o metal-metal reutiliz\u00e1vel de vazamento zero. <\/p>\n\t\t\t\t\t\t\t\tSaiba mais\n\t\t\t\t\t\t\t<\/a>\n\t\t\t\t\t\t\t\t\t\t\t\t<a href=\"https:\/\/www.oceaneering.com\/pt\/grayloc-home\/grayloc-compact-flanges\/\" target=\"_self\">\n\t\t\t\t\t\t<img decoding=\"async\" src=\"https:\/\/www.oceaneering.com\/wp-content\/uploads\/2024\/05\/Grayloc-Compact-Flange-box-image2.jpg\" alt=\"\"\/>\n\t\t\t\t\t\t<h3>Flanges compactos<\/h3>\n\t\t\t\t\t\t<h3>Flanges compactos<\/h3>\n\t\t\t\t\t\t<p>Flange compacto e leve que apresenta nossa veda\u00e7\u00e3o metal-metal reutiliz\u00e1vel com vazamento zero. <\/p>\n\t\t\t\t\t\t\t\tSaiba mais\n\t\t\t\t\t\t\t<\/a>\n\t\t\t\t\t\t\t\t\t\t\t\t<a href=\"https:\/\/www.oceaneering.com\/pt\/grayloc-home\/grayloc-remotely-operated-connectors\/\" target=\"_self\">\n\t\t\t\t\t\t<img decoding=\"async\" src=\"https:\/\/www.oceaneering.com\/wp-content\/uploads\/2024\/05\/Remotely-Operated-Connectors-box-image2.jpg\" alt=\"\"\/>\n\t\t\t\t\t\t<h3>Conectores operados remotamente <\/h3>\n\t\t\t\t\t\t<h3>Conectores operados remotamente <\/h3>\n\t\t\t\t\t\t<p>Um conector de bra\u00e7adeira de abertura r\u00e1pida com capacidade remota acionada por um \u00fanico parafuso de acionamento. <\/p>\n\t\t\t\t\t\t\t\tSaiba mais\n\t\t\t\t\t\t\t<\/a>\n\t\t\t\t\t\t\t\t\t\t\t\t<a href=\"https:\/\/www.oceaneering.com\/pt\/grayloc-home\/grayloc-closure-systems\/\" target=\"_self\">\n\t\t\t\t\t\t<img decoding=\"async\" src=\"https:\/\/www.oceaneering.com\/wp-content\/uploads\/2024\/05\/Grayloc-Closure-System-box-image2.jpg\" alt=\"\"\/>\n\t\t\t\t\t\t<h3>Sistemas de fechamento <\/h3>\n\t\t\t\t\t\t<h3>Sistemas de fechamento <\/h3>\n\t\t\t\t\t\t<p>Fechamentos de conectores de grampo com persianas articuladas e sistemas de suporte de grampo para melhorar a facilidade de uso. <\/p>\n\t\t\t\t\t\t\t\tSaiba mais\n\t\t\t\t\t\t\t<\/a>\n\t\t\t\t\t\t\t\t\t\t\t\t<a href=\"https:\/\/www.oceaneering.com\/pt\/grayloc-home\/grayloc-non-slam-nozzle-check-valves\/\" target=\"_self\">\n\t\t\t\t\t\t<img decoding=\"async\" src=\"https:\/\/www.oceaneering.com\/wp-content\/uploads\/2024\/05\/Nozzle-Check-Valve-box-image2.jpg\" alt=\"\"\/>\n\t\t\t\t\t\t<h3>V\u00e1lvulas de reten\u00e7\u00e3o de bico sem lamelas <\/h3>\n\t\t\t\t\t\t<h3>V\u00e1lvulas de reten\u00e7\u00e3o de bico sem lamelas <\/h3>\n\t\t\t\t\t\t<p>V\u00e1lvulas de reten\u00e7\u00e3o sem manuten\u00e7\u00e3o, com baixa perda de press\u00e3o, que apresentam um corpo de v\u00e1lvula de pe\u00e7a \u00fanica com vazamento zero e uma veda\u00e7\u00e3o metal-metal. <\/p>\n\t\t\t\t\t\t\t\tSaiba mais\n\t\t\t\t\t\t\t<\/a>\n\t\tSeguran\u00e7a e confiabilidade sem concess\u00f5es \n<h2>\n\t\tGerenciamento da integridade dos ativos de hidrog\u00eanio\n\t<\/h2>\n\t<p>Nossas equipes usam a experi\u00eancia existente com ativos de g\u00e1s natural para desenvolver modelos de engenharia baseados em riscos que d\u00e3o suporte ao ciclo de vida completo dos ativos dos projetos globais de produ\u00e7\u00e3o, armazenamento e transporte de hidrog\u00eanio. Essa transfer\u00eancia de conhecimento \u00e9 fundamental para atender \u00e0s preocupa\u00e7\u00f5es do setor \u00e0 medida que a escala dos projetos aumenta exponencialmente, exigindo uma cadeia de suprimentos com baixo teor de carbono e uma integra\u00e7\u00e3o tecnol\u00f3gica inovadora para atender aos requisitos em evolu\u00e7\u00e3o.<\/p>\n\t<ul>\n\t\t\t\t\t<li>\n\t\t\t\tAumentar o tempo de atividade dos ativos\n\t\t\t<\/li>\n\t\t\t\t\t<li>\n\t\t\t\tMelhorar a seguran\u00e7a do processo\n\t\t\t<\/li>\n\t\t\t\t\t<li>\n\t\t\t\tAdote a engenharia baseada em riscos e dados para otimizar o OPEX\n\t\t\t<\/li>\n\t\t\t<\/ul>\n<h2>\n\t\tMantenha a integridade dos ativos com servi\u00e7os de ciclo de vida completo\n\t<\/h2>\n\t<p>Oferecemos suporte abrangente para garantir a integridade dos ativos durante todo o ciclo de vida dos projetos de hidrog\u00eanio. Nossos servi\u00e7os garantem que todas as fases do seu projeto, desde a fabrica\u00e7\u00e3o da instala\u00e7\u00e3o at\u00e9 a manuten\u00e7\u00e3o cont\u00ednua e o eventual descomissionamento, sejam gerenciadas com os mais altos padr\u00f5es de qualidade e confiabilidade.<\/p>\n\t\t\t\tFabrication Services\n\t\t\t\tOperations and Maintenance Support\n\t\t\t\tIntegrity Engineering Services\n\t\t\t\t\t\t\tFabrication Services\n\t\t\t\t<p><img loading=\"lazy\" decoding=\"async\" src=\"https:\/\/www.oceaneering.com\/wp-content\/uploads\/2024\/06\/19GR-9122-2-scaled-edite-1024x536.jpg\" alt=\"Oceaneer performing Phased Array Corrosion Mapping\" width=\"1024\" height=\"536\" \/><\/p>\n<h3>Servi\u00e7os de fabrica\u00e7\u00e3o<\/h3>\n<ul>\n<li>Engenharia civil e estrutural onshore<\/li>\n<li>Garantia de qualidade mec\u00e2nica e de soldagem (QA) e verifica\u00e7\u00f5es de qualidade (QC)<\/li>\n<\/ul>\n\t\t\t\t\t\t\tSuporte a opera\u00e7\u00f5es e manuten\u00e7\u00e3o\n\t\t\t\t<p><img loading=\"lazy\" decoding=\"async\" src=\"https:\/\/www.oceaneering.com\/wp-content\/uploads\/2024\/06\/NDT-image-1024x576.jpg\" alt=\"\" width=\"1024\" height=\"576\" \/><\/p>\n<h3>Suporte a opera\u00e7\u00f5es e manuten\u00e7\u00e3o<\/h3>\n<ul>\n<li>\n<p>Metodologias convencionais e avan\u00e7adas de testes n\u00e3o destrutivos (NDT) (ultrassom avan\u00e7ado, correntes parasitas, sistemas rob\u00f3ticos de rastreamento internos e externos)<\/p>\n<\/li>\n<li>\n<p>Abordar mecanismos de danos comuns em todos os ativos, incluindo fragiliza\u00e7\u00e3o, rachaduras induzidas por hidrog\u00eanio (HIC) e forma\u00e7\u00e3o de bolhas lineares<\/p>\n<\/li>\n<li>\n<p>Solu\u00e7\u00f5es para infraestrutura de armazenamento, produ\u00e7\u00e3o e transporte, incluindo embarca\u00e7\u00f5es e tubula\u00e7\u00f5es de produ\u00e7\u00e3o, esferas e cilindros, embarca\u00e7\u00f5es e tubula\u00e7\u00f5es de transporte<\/p>\n<\/li>\n<\/ul>\n\t\t\t\t\t\t\tServi\u00e7os de Engenharia de Integridade\n\t\t\t\t<h3><img loading=\"lazy\" decoding=\"async\" src=\"https:\/\/www.oceaneering.com\/wp-content\/uploads\/2024\/06\/IMDS-Inform-Predict-1024x536.jpg\" alt=\"\" width=\"1024\" height=\"536\" \/><\/h3>\n<h3>Servi\u00e7os de Engenharia de Integridade<\/h3>\n<ul>\n<li>\n<p>A ampla experi\u00eancia em todas as \u00e1reas de engenharia garante uma vis\u00e3o oportuna e baseada em dados para apoiar a tomada de decis\u00f5es<\/p>\n<\/li>\n<li>\n<p>Integra o monitoramento de condi\u00e7\u00f5es, a an\u00e1lise preditiva e a engenharia de confiabilidade e manuten\u00e7\u00e3o para otimizar os intervalos de inspe\u00e7\u00e3o, abordar proativamente as preocupa\u00e7\u00f5es com a integridade e aumentar o tempo de atividade<\/p>\n<\/li>\n<li>\n<p>Os servi\u00e7os incluem an\u00e1lise de vibra\u00e7\u00e3o, an\u00e1lise de integridade de tubula\u00e7\u00f5es, adequa\u00e7\u00e3o \u00e0 engenharia de servi\u00e7o, an\u00e1lise de falhas, engenharia de materiais e engenharia de confiabilidade e manuten\u00e7\u00e3o<\/p>\n<\/li>\n<\/ul>\n<h2>\n\t\tEngenharia do futuro da energia de baixo carbono \n\t<\/h2>\n\t<p>Como fornecedor global de produtos e servi\u00e7os de engenharia, temos o compromisso de reduzir nossa pegada de carbono nos diversos setores que atendemos. Investimos continuamente no desenvolvimento de nossos produtos e servi\u00e7os para criar tecnologias avan\u00e7adas resilientes, seguras e ecologicamente corretas que permitam maior colabora\u00e7\u00e3o entre nossos clientes e um tempo de resposta mais r\u00e1pido.<\/p>\n\t\t\t<a href=\"https:\/\/www.oceaneering.com\/pt\/sustainability\/\" target=\"_self\">\n\t\t\t\t\t\t\tSaiba mais sobre nossa sustentabilidade\n\t\t\t<\/a>\n\t\t\t\t<img loading=\"lazy\" decoding=\"async\" src=\"https:\/\/www.oceaneering.com\/wp-content\/uploads\/2023\/11\/Floating_Windmill_SM_image_02.jpg\" alt=\"Floating_Windmill_SM_image_02\" itemprop=\"image\" height=\"698\" width=\"1080\" title=\"Moinho de vento flutuante_SM_image_02\" onerror=\"this.style.display='none'\"  \/>\n\t\t\t\t\t\t\t\t\t<h3>Comprovado em campo. L\u00edder do setor.<\/h3>\n\t\t\t\t\t\t\t\t\t<p>Leia mais sobre como nossos produtos e servi\u00e7os apoiaram projetos de hidrog\u00eanio. <\/p>\n\t\t\t\t\t\t<a href=\"https:\/\/www.oceaneering.com\/pt\/resources\/?_content_types=case-study\" target=\"_self\">\n\t\t\t\t\t\t\t\tVer todos os estudos de caso\t\t\t\t\t\t\t\n\t\t\t\t\t\t\t\t\t\t\t\t\t<\/a>\n\t\t\t\t\t\t<button>\n\t\t\t\t\t\t\tAnterior\n\t\t\t\t\t\t<\/button>\n\t\t\t\t\t\t<button>\n\t\t\t\t\t\t\tPr\u00f3ximo\n\t\t\t\t\t\t<\/button>\n\t\t\t\t\t\t\t<a href=\"https:\/\/www.oceaneering.com\/pt\/case-studies\/grayloc-connectors-survive-high-pressure-hydrogen-fire-with-sealing-integrity-intact\/\">\n\t\t\t\t\t\t\t\t\t\t<img decoding=\"async\" src=\"https:\/\/www.oceaneering.com\/wp-content\/uploads\/2023\/10\/Case-Study-Grayloc-Connectors-Survive-High-Pressure-Hydrogen-Fire-with-Sealing-Integrity-Intact-1.jpeg\" alt=\"\"\/>\n\t\t\t\t\t\t\t\t\t\t<h3>Os conectores Grayloc\u00ae sobrevivem a inc\u00eandios de hidrog\u00eanio de alta press\u00e3o com integridade de veda\u00e7\u00e3o intacta<\/h3>\n\t\t\t\t\t\t\t\t\t\t<h3>Os conectores Grayloc\u00ae sobrevivem a inc\u00eandios de hidrog\u00eanio de alta press\u00e3o com integridade de veda\u00e7\u00e3o intacta<\/h3>\n\t\t\t\t\t\t\t\t\t\t\t\t\t\t\t\t\t\t\t\t\t<p>Vis\u00e3o geral O vazamento de g\u00e1s, atribu\u00eddo a uma gaxeta externa, ocorreu na unidade de processamento de hidrog\u00eanio, que continha...<\/p>\n\t\t\t\t\t\t\t\t\t\t\tSaiba mais\n\t\t\t\t\t\t\t<\/a>\n<h1>\n\t\tEntre em contato conosco\n\t<\/h1>\n<h2>\n\t\tNossa equipe de especialistas est\u00e1 pronta para ajud\u00e1-lo a come\u00e7ar.\n\t<\/h2>\n\t<p>A Oceaneering oferece os melhores produtos e solu\u00e7\u00f5es da categoria, respaldados por qualidade, confiabilidade e suporte global inigual\u00e1veis. Preencha o formul\u00e1rio de consulta para iniciar uma conversa hoje mesmo.<\/p>","protected":false},"excerpt":{"rendered":"<p>Discuss a Project Renewable Energy Solutions Hydrogen Support Services Elevating clean energy with reliable, sustainable solutions for hydrogen production, storage, and transportation. Delivering Solutions for Hydrogen Projects Decarbonizing Industry and Beyond Hydrogen technology stands at the forefront of the energy revolution, offering solutions for industrial decarbonization, energy security, and grid stability. Oceaneering\u00ae Grayloc\u00ae Products and &#8230; <a title=\"Servi\u00e7os de suporte ao hidrog\u00eanio\" class=\"read-more\" href=\"https:\/\/www.oceaneering.com\/pt\/renewable-energy-solutions\/hydrogen-support-services\/\" aria-label=\"Leia mais sobre os Servi\u00e7os de Suporte ao Hidrog\u00eanio\">Leia mais<\/a><\/p>","protected":false},"author":25,"featured_media":0,"parent":61160,"menu_order":0,"comment_status":"closed","ping_status":"closed","template":"","meta":{"_acf_changed":false,"footnotes":"","_links_to":"","_links_to_target":""},"product_category":[1159],"search_tags":[1398],"class_list":["post-72371","page","type-page","status-publish","product_category-renewables","search_tags-renewable-energy"],"acf":[],"aioseo_notices":[],"_links":{"self":[{"href":"https:\/\/www.oceaneering.com\/pt\/wp-json\/wp\/v2\/pages\/72371","targetHints":{"allow":["GET"]}}],"collection":[{"href":"https:\/\/www.oceaneering.com\/pt\/wp-json\/wp\/v2\/pages"}],"about":[{"href":"https:\/\/www.oceaneering.com\/pt\/wp-json\/wp\/v2\/types\/page"}],"author":[{"embeddable":true,"href":"https:\/\/www.oceaneering.com\/pt\/wp-json\/wp\/v2\/users\/25"}],"replies":[{"embeddable":true,"href":"https:\/\/www.oceaneering.com\/pt\/wp-json\/wp\/v2\/comments?post=72371"}],"version-history":[{"count":0,"href":"https:\/\/www.oceaneering.com\/pt\/wp-json\/wp\/v2\/pages\/72371\/revisions"}],"up":[{"embeddable":true,"href":"https:\/\/www.oceaneering.com\/pt\/wp-json\/wp\/v2\/pages\/61160"}],"wp:attachment":[{"href":"https:\/\/www.oceaneering.com\/pt\/wp-json\/wp\/v2\/media?parent=72371"}],"wp:term":[{"taxonomy":"product_category","embeddable":true,"href":"https:\/\/www.oceaneering.com\/pt\/wp-json\/wp\/v2\/product_category?post=72371"},{"taxonomy":"search_tags","embeddable":true,"href":"https:\/\/www.oceaneering.com\/pt\/wp-json\/wp\/v2\/search_tags?post=72371"}],"curies":[{"name":"wp","href":"https:\/\/api.w.org\/{rel}","templated":true}]}}