{"id":72269,"date":"2024-05-16T07:39:53","date_gmt":"2024-05-16T12:39:53","guid":{"rendered":"https:\/\/www.oceaneering.com\/?page_id=72269"},"modified":"2025-06-24T04:56:09","modified_gmt":"2025-06-24T09:56:09","slug":"operational-reliability","status":"publish","type":"page","link":"https:\/\/www.oceaneering.com\/pt\/maintenance-and-reliability\/operational-reliability\/","title":{"rendered":"Confiabilidade operacional"},"content":{"rendered":"<p><a href=\"https:\/\/www.oceaneering.com\/pt\/maintenance-and-reliability\/#contact\" target=\"_self\" rel=\"noopener\"> Entre em contato conosco <\/a> Solu\u00e7\u00f5es de manuten\u00e7\u00e3o e confiabilidade<\/p>\r\n<h1>Confiabilidade operacional<\/h1>\r\n<p>Aumente o desempenho e a confiabilidade de seus ativos usando uma combina\u00e7\u00e3o de t\u00e9cnicas proativas e reativas para identificar e resolver problemas de equipamentos.<\/p>\r\n<h2>Alcan\u00e7ar o verdadeiro potencial dos ativos<\/h2>\r\n<p>Aumente o tempo de atividade e a efici\u00eancia do seu equipamento com nossos servi\u00e7os de confiabilidade operacional, fornecidos por nossa experiente equipe de engenheiros.<\/p>\r\n<p><img loading=\"lazy\" decoding=\"async\" title=\"An\u00e1lise de desempenho de equipamentos\" src=\"https:\/\/www.oceaneering.com\/wp-content\/uploads\/2024\/05\/Equipment-Performance-Analysis.jpg\" alt=\"Data analytics and insights powered by big data and artificial intelligence technologies.\" width=\"1920\" height=\"1080\" \/><\/p>\r\n<h3>An\u00e1lise de desempenho do equipamento<\/h3>\r\n<p>A deteriora\u00e7\u00e3o do desempenho do equipamento pode afetar a confiabilidade e a efici\u00eancia, mas muitas vezes n\u00e3o \u00e9 reconhecida. A an\u00e1lise dos valores de processo existentes e das medi\u00e7\u00f5es de monitoramento de condi\u00e7\u00f5es permite a interven\u00e7\u00e3o precoce para proteger a efici\u00eancia operacional.<\/p>\r\n<p><img loading=\"lazy\" decoding=\"async\" title=\"Avalia\u00e7\u00f5es de vulnerabilidade\" src=\"https:\/\/www.oceaneering.com\/wp-content\/uploads\/2024\/05\/Vulnerability-Assessments.jpg\" alt=\"Project Engineer Talks to Female Operator who Controls Facility Production Line, Uses Computer with Screens Showing AI, Machine Learning Enhanced Assembly Process.\" width=\"1920\" height=\"1080\" \/><\/p>\r\n<h3>Avalia\u00e7\u00f5es de vulnerabilidade<\/h3>\r\n<p>Conhecer suas vulnerabilidades operacionais permite que voc\u00ea aja. As avalia\u00e7\u00f5es analisam as condi\u00e7\u00f5es de seu processo, o hist\u00f3rico de falhas, as pr\u00e1ticas de manuten\u00e7\u00e3o aplicadas, o estoque de pe\u00e7as de reposi\u00e7\u00e3o e a obsolesc\u00eancia para garantir a continuidade operacional.<\/p>\r\n<p><img loading=\"lazy\" decoding=\"async\" title=\"Estudos de confiabilidade2\" src=\"https:\/\/www.oceaneering.com\/wp-content\/uploads\/2024\/05\/Reliability-Studies2.jpg\" alt=\"Engineer inspecting factory and digital data concept.\" width=\"1920\" height=\"1080\" \/><\/p>\r\n<h3>Estudos de confiabilidade<\/h3>\r\n<p>Para equipamentos ou sistemas com problemas recorrentes de confiabilidade, uma an\u00e1lise do hist\u00f3rico de falhas do equipamento \u00e9 uma ferramenta poderosa para entender e categorizar os problemas. Por meio de an\u00e1lises quantitativas e qualitativas, s\u00e3o fornecidas recomenda\u00e7\u00f5es para influenciar positivamente a confiabilidade operacional.<\/p>\r\n<p><img loading=\"lazy\" decoding=\"async\" title=\"An\u00e1lise da causa-raiz2\" src=\"https:\/\/www.oceaneering.com\/wp-content\/uploads\/2024\/05\/Root-Cause-Analysis2.jpg\" alt=\"Two architects leaning on a table discussing a building design while working together in a modern office.\" width=\"1920\" height=\"1080\" \/><\/p>\r\n<h3>An\u00e1lise da causa raiz<\/h3>\r\n<p>Eventos de falha espec\u00edficos podem ter muitas causas subjacentes. A an\u00e1lise estruturada aprofunda-se at\u00e9 a causa raiz das falhas e gera recomenda\u00e7\u00f5es acion\u00e1veis para reduzir a recorr\u00eancia, aumentando a confiabilidade e minimizando o tempo de inatividade.<\/p>\r\n<h3>Comprovado em campo. L\u00edder do setor.<\/h3>\r\n<p>Leia nossos estudos de caso que detalham projetos bem-sucedidos de manuten\u00e7\u00e3o e confiabilidade.<\/p>\r\n<p><a href=\"https:\/\/www.oceaneering.com\/pt\/resources\/?_content_types=case-study&amp;_resource_categories=maintenance-and-reliability\" target=\"_self\" rel=\"noopener\"> Leia estudos de caso relevantes <\/a> <button> Anterior <\/button> <button> Pr\u00f3ximo <\/button> <a href=\"https:\/\/www.oceaneering.com\/pt\/case-studies\/using-process-data-to-evaluate-pump-operating-performance\/\"> <img decoding=\"async\" src=\"https:\/\/www.oceaneering.com\/wp-content\/uploads\/2024\/09\/Using-Process-Data-to-Evaluate-Pump-Operating-Performance-banner-image.jpg\" alt=\"\" \/><\/a><\/p>\r\n<h3>Particular: Uso de dados de processo para avaliar o desempenho operacional da bomba<\/h3>\r\n<h3>Particular: Uso de dados de processo para avaliar o desempenho operacional da bomba<\/h3>\r\n<p>Vis\u00e3o geral As bombas desempenham um papel vital em muitos setores em todo o mundo. Mas a opera\u00e7\u00e3o ineficiente da bomba pode levar a custos...<\/p>\r\n<p><a href=\"https:\/\/www.oceaneering.com\/pt\/case-studies\/using-process-data-to-evaluate-pump-operating-performance\/\">Saiba mais <\/a> <a href=\"https:\/\/www.oceaneering.com\/pt\/case-studies\/supporting-client-with-long-term-fpso-maintenance-plan\/\"> <img decoding=\"async\" src=\"https:\/\/www.oceaneering.com\/wp-content\/uploads\/2023\/11\/551ebf15-1a6f-442b-8a64-3e3baceffc71.jpg\" alt=\"\" \/><\/a><\/p>\r\n<h3>Apoio ao cliente com um plano de manuten\u00e7\u00e3o de FPSO de longo prazo<\/h3>\r\n<h3>Apoio ao cliente com um plano de manuten\u00e7\u00e3o de FPSO de longo prazo<\/h3>\r\n<p>O desafio Um cliente precisava de um sistema completo de gerenciamento de manuten\u00e7\u00e3o para seu FPSO (floating production storage and offloading)...<\/p>\r\n<p><a href=\"https:\/\/www.oceaneering.com\/pt\/case-studies\/supporting-client-with-long-term-fpso-maintenance-plan\/\">Saiba mais <\/a> <a href=\"https:\/\/www.oceaneering.com\/pt\/case-studies\/embedded-engineers-improve-operational-reliability-for-global-operator\/\"> <img decoding=\"async\" src=\"https:\/\/www.oceaneering.com\/wp-content\/uploads\/2024\/06\/Embedded-Engineers-Improves-Operational-Efficiency-for-Major-Operator.jpg\" alt=\"\" \/><\/a><\/p>\r\n<h3>Engenheiros incorporados melhoram a confiabilidade operacional para uma operadora global<\/h3>\r\n<h3>Engenheiros incorporados melhoram a confiabilidade operacional para uma operadora global<\/h3>\r\n<p>Vis\u00e3o geral Uma operadora global procurou sustentar a confiabilidade operacional, o tempo de atividade e a efici\u00eancia da manuten\u00e7\u00e3o de seu novo desenvolvimento de constru\u00e7\u00e3o...<\/p>\r\n<p><a href=\"https:\/\/www.oceaneering.com\/pt\/case-studies\/embedded-engineers-improve-operational-reliability-for-global-operator\/\">Saiba mais <\/a> <a href=\"https:\/\/www.oceaneering.com\/pt\/case-studies\/maintenance-build-for-fpso-and-offloading-terminal-maximizes-uptime-with-optimized-approach\/\"> <img decoding=\"async\" src=\"https:\/\/www.oceaneering.com\/wp-content\/uploads\/2024\/06\/Maintenance-Build-for-FPSO-and-Offloading-Terminal-Maximizes-Uptime-with-Optimized-Approach.jpg\" alt=\"\" \/><\/a><\/p>\r\n<h3>A constru\u00e7\u00e3o de manuten\u00e7\u00e3o para FPSO e terminal de descarga maximiza o tempo de atividade com uma abordagem otimizada<\/h3>\r\n<h3>A constru\u00e7\u00e3o de manuten\u00e7\u00e3o para FPSO e terminal de descarga maximiza o tempo de atividade com uma abordagem otimizada<\/h3>\r\n<p>Vis\u00e3o geral Em dezembro de 2023, a equipe de Solu\u00e7\u00f5es de Manuten\u00e7\u00e3o e Confiabilidade da Oceaneering concluiu um escopo de constru\u00e7\u00e3o de manuten\u00e7\u00e3o de tr\u00eas anos para dois...<\/p>\r\n<p><a href=\"https:\/\/www.oceaneering.com\/pt\/case-studies\/maintenance-build-for-fpso-and-offloading-terminal-maximizes-uptime-with-optimized-approach\/\">Saiba mais <\/a> <a href=\"https:\/\/www.oceaneering.com\/pt\/case-studies\/enhancing-pump-system-reliability\/\"> <img decoding=\"async\" src=\"https:\/\/www.oceaneering.com\/wp-content\/uploads\/2024\/06\/Enhancing-Pump-System-Reliability-thumbnail.jpg\" alt=\"\" \/><\/a><\/p>\r\n<h3>Particular: Aumento da confiabilidade do sistema de bombas<\/h3>\r\n<h3>Particular: Aumento da confiabilidade do sistema de bombas<\/h3>\r\n<p>Vis\u00e3o geral Em 2023, os engenheiros da equipe de Solu\u00e7\u00f5es de Manuten\u00e7\u00e3o e Confiabilidade da Oceaneering foram encarregados de determinar por que a vari\u00e1vel...<\/p>\r\n<p><a href=\"https:\/\/www.oceaneering.com\/pt\/case-studies\/enhancing-pump-system-reliability\/\">Saiba mais <\/a> <a href=\"https:\/\/www.oceaneering.com\/pt\/case-studies\/updating-maintenance-plans-for-uk-regulatory-compliance\/\"> <img decoding=\"async\" src=\"https:\/\/www.oceaneering.com\/wp-content\/uploads\/2024\/06\/Updating-Maintenance-Plans-for-UK-Regulatory-Compliance.jpg\" alt=\"\" \/><\/a><\/p>\r\n<h3>Particular: Atualiza\u00e7\u00e3o de planos de manuten\u00e7\u00e3o para conformidade com a regulamenta\u00e7\u00e3o do Reino Unido<\/h3>\r\n<h3>Particular: Atualiza\u00e7\u00e3o de planos de manuten\u00e7\u00e3o para conformidade com a regulamenta\u00e7\u00e3o do Reino Unido<\/h3>\r\n<p>Vis\u00e3o geral Uma operadora de petr\u00f3leo e g\u00e1s recentemente expandiu suas opera\u00e7\u00f5es para o Mar do Norte do Reino Unido pela primeira vez...<\/p>\r\n<p><a href=\"https:\/\/www.oceaneering.com\/pt\/case-studies\/updating-maintenance-plans-for-uk-regulatory-compliance\/\">Saiba mais <\/a> <a href=\"https:\/\/www.oceaneering.com\/pt\/case-studies\/development-of-maintenance-program-for-the-worlds-largest-offshore-wind-farm\/\"> <img decoding=\"async\" src=\"https:\/\/www.oceaneering.com\/wp-content\/uploads\/2024\/04\/Wind-Farm.jpg\" alt=\"\" \/><\/a><\/p>\r\n<h3>Desenvolvimento de um programa de manuten\u00e7\u00e3o para o maior parque e\u00f3lico offshore do mundo<\/h3>\r\n<h3>Desenvolvimento de um programa de manuten\u00e7\u00e3o para o maior parque e\u00f3lico offshore do mundo<\/h3>\r\n<p>Vis\u00e3o geral A Oceaneering foi contratada para concluir o escopo de manuten\u00e7\u00e3o abrangente para o desenvolvimento e\u00f3lico offshore Dogger Bank A...<\/p>\r\n<p><a href=\"https:\/\/www.oceaneering.com\/pt\/case-studies\/development-of-maintenance-program-for-the-worlds-largest-offshore-wind-farm\/\">Saiba mais <\/a> <a href=\"https:\/\/www.oceaneering.com\/pt\/case-studies\/comprehensive-hierarchy-build-enables-optimized-maintenance-build-scope\/\"> <img decoding=\"async\" src=\"https:\/\/www.oceaneering.com\/wp-content\/uploads\/2024\/06\/Comprehensive-Hierarchy-Build-Enables-Optimized-Maintenance-Build-Scope.jpg\" alt=\"\" \/><\/a><\/p>\r\n<h3>A constru\u00e7\u00e3o de hierarquia abrangente permite um escopo de constru\u00e7\u00e3o de manuten\u00e7\u00e3o otimizado<\/h3>\r\n<h3>A constru\u00e7\u00e3o de hierarquia abrangente permite um escopo de constru\u00e7\u00e3o de manuten\u00e7\u00e3o otimizado<\/h3>\r\n<p><a href=\"https:\/\/www.oceaneering.com\/pt\/case-studies\/comprehensive-hierarchy-build-enables-optimized-maintenance-build-scope\/\">Saiba mais <\/a> <a href=\"https:\/\/www.oceaneering.com\/pt\/case-studies\/delivery-of-maintenance-and-inspection-strategies-for-three-fsru-conversion-projects\/\"> <img decoding=\"async\" src=\"https:\/\/www.oceaneering.com\/wp-content\/uploads\/2024\/06\/Delivery-of-Maintenance-and-Inspection-Strategies-for-Three-FSRU-Conversion-Projects.jpg\" alt=\"\" \/><\/a><\/p>\r\n<h3>Fornecimento de estrat\u00e9gias de manuten\u00e7\u00e3o e inspe\u00e7\u00e3o para tr\u00eas projetos de convers\u00e3o de FSRU<\/h3>\r\n<h3>Fornecimento de estrat\u00e9gias de manuten\u00e7\u00e3o e inspe\u00e7\u00e3o para tr\u00eas projetos de convers\u00e3o de FSRU<\/h3>\r\n<p><a href=\"https:\/\/www.oceaneering.com\/pt\/case-studies\/delivery-of-maintenance-and-inspection-strategies-for-three-fsru-conversion-projects\/\">Saiba mais <\/a> <a href=\"https:\/\/www.oceaneering.com\/pt\/case-studies\/using-bills-of-materials-boms-to-improve-brownfield-facilities-inventory-levels\/\"> <img decoding=\"async\" src=\"https:\/\/www.oceaneering.com\/wp-content\/uploads\/2024\/06\/Using-Bills-of-Materials-BOMs-to-Improve-Brownfield-Facilities-Inventory-Levels.jpg\" alt=\"\" \/><\/a><\/p>\r\n<h3>Uso de listas de materiais (BOMs) para melhorar os n\u00edveis de estoque das instala\u00e7\u00f5es brownfield<\/h3>\r\n<h3>Uso de listas de materiais (BOMs) para melhorar os n\u00edveis de estoque das instala\u00e7\u00f5es brownfield<\/h3>\r\n<p><a href=\"https:\/\/www.oceaneering.com\/pt\/case-studies\/using-bills-of-materials-boms-to-improve-brownfield-facilities-inventory-levels\/\">Saiba mais <\/a><\/p>\r\n<h1>Entre em contato conosco<\/h1>\r\n<h2>Nossa equipe de especialistas est\u00e1 pronta para ajud\u00e1-lo a come\u00e7ar.<\/h2>\r\n<p>A Oceaneering oferece os melhores produtos e solu\u00e7\u00f5es da categoria, respaldados por qualidade, confiabilidade e suporte global inigual\u00e1veis. Preencha o formul\u00e1rio de consulta para iniciar uma conversa hoje mesmo.<\/p>","protected":false},"excerpt":{"rendered":"<p>Entre em contato conosco Solu\u00e7\u00f5es de manuten\u00e7\u00e3o e confiabilidade Confiabilidade operacional Melhore o desempenho e a confiabilidade de seus ativos usando uma combina\u00e7\u00e3o de t\u00e9cnicas proativas e reativas para identificar e solucionar problemas nos equipamentos. Alcance o verdadeiro potencial do ativo Melhore o tempo de atividade e a efici\u00eancia do seu equipamento com nossos servi\u00e7os de confiabilidade operacional, fornecidos por nossa experiente equipe de engenheiros. An\u00e1lise de desempenho de equipamentos Deteriora\u00e7\u00e3o ... <a title=\"Confiabilidade operacional\" class=\"read-more\" href=\"https:\/\/www.oceaneering.com\/pt\/maintenance-and-reliability\/operational-reliability\/\" aria-label=\"Leia mais sobre Confiabilidade operacional\">Leia mais<\/a><\/p>","protected":false},"author":25,"featured_media":0,"parent":59772,"menu_order":0,"comment_status":"closed","ping_status":"closed","template":"","meta":{"_acf_changed":false,"footnotes":"","_links_to":"","_links_to_target":""},"product_category":[1998],"search_tags":[],"class_list":["post-72269","page","type-page","status-publish","product_category-maintenance-and-reliability"],"acf":[],"aioseo_notices":[],"_links":{"self":[{"href":"https:\/\/www.oceaneering.com\/pt\/wp-json\/wp\/v2\/pages\/72269","targetHints":{"allow":["GET"]}}],"collection":[{"href":"https:\/\/www.oceaneering.com\/pt\/wp-json\/wp\/v2\/pages"}],"about":[{"href":"https:\/\/www.oceaneering.com\/pt\/wp-json\/wp\/v2\/types\/page"}],"author":[{"embeddable":true,"href":"https:\/\/www.oceaneering.com\/pt\/wp-json\/wp\/v2\/users\/25"}],"replies":[{"embeddable":true,"href":"https:\/\/www.oceaneering.com\/pt\/wp-json\/wp\/v2\/comments?post=72269"}],"version-history":[{"count":0,"href":"https:\/\/www.oceaneering.com\/pt\/wp-json\/wp\/v2\/pages\/72269\/revisions"}],"up":[{"embeddable":true,"href":"https:\/\/www.oceaneering.com\/pt\/wp-json\/wp\/v2\/pages\/59772"}],"wp:attachment":[{"href":"https:\/\/www.oceaneering.com\/pt\/wp-json\/wp\/v2\/media?parent=72269"}],"wp:term":[{"taxonomy":"product_category","embeddable":true,"href":"https:\/\/www.oceaneering.com\/pt\/wp-json\/wp\/v2\/product_category?post=72269"},{"taxonomy":"search_tags","embeddable":true,"href":"https:\/\/www.oceaneering.com\/pt\/wp-json\/wp\/v2\/search_tags?post=72269"}],"curies":[{"name":"wp","href":"https:\/\/api.w.org\/{rel}","templated":true}]}}