{"id":72252,"date":"2024-05-16T04:49:09","date_gmt":"2024-05-16T09:49:09","guid":{"rendered":"https:\/\/www.oceaneering.com\/?page_id=72252"},"modified":"2024-09-11T03:57:11","modified_gmt":"2024-09-11T08:57:11","slug":"maintenance-engineering","status":"publish","type":"page","link":"https:\/\/www.oceaneering.com\/pt\/maintenance-and-reliability\/maintenance-engineering\/","title":{"rendered":"Engenharia de manuten\u00e7\u00e3o"},"content":{"rendered":"<a href=\"https:\/\/www.oceaneering.com\/pt\/maintenance-and-reliability\/#contact\" target=\"_self\" rel=\"noopener\">\n\t\t\t\t\t\t\tEntre em contato conosco\n\t\t\t\t\t<\/a>\n\t\tSolu\u00e7\u00f5es de manuten\u00e7\u00e3o e confiabilidade\n<h1>\n\t\tEngenharia de manuten\u00e7\u00e3o\n\t<\/h1>\n\t<p>Desenvolvemos, analisamos e validamos seu programa de gerenciamento de ativos para alcan\u00e7ar a excel\u00eancia em manuten\u00e7\u00e3o, garantindo a seguran\u00e7a e a conformidade e maximizando o tempo de atividade.<\/p>\n<h2>\n\t\tExcel\u00eancia em manuten\u00e7\u00e3o de edif\u00edcios\n\t<\/h2>\n\t<p>Transforme seus dados de gerenciamento de ativos com nossos servi\u00e7os flex\u00edveis e abrangentes de engenharia de manuten\u00e7\u00e3o.<\/p>\n\t\t\t\t<img loading=\"lazy\" decoding=\"async\" src=\"https:\/\/www.oceaneering.com\/wp-content\/uploads\/2024\/05\/Asset-register.jpg\" alt=\"Oil and gas industrial refinery at twilight.\" itemprop=\"image\" height=\"1080\" width=\"1920\" title=\"Registro de ativos\" onerror=\"this.style.display='none'\"  \/>\n<h3>\n\t\tDesenvolvimento do registro de ativos\n\t<\/h3>\n\t<p>Os servi\u00e7os de registro de ativos e desenvolvimento de hierarquia t\u00e9cnica fornecem a base de dados estruturados para o programa de gerenciamento de ativos mantido no seu Sistema de Gerenciamento de Manuten\u00e7\u00e3o Computadorizado (CMMS).<\/p>\n\t\t\t\t<img loading=\"lazy\" decoding=\"async\" src=\"https:\/\/www.oceaneering.com\/wp-content\/uploads\/2024\/05\/Asset-Criticality-Assessment.jpg\" alt=\"LNG (Liquified Natural Gas) tanker anchored in Gas terminal gas tanks for storage.\" itemprop=\"image\" height=\"1080\" width=\"1920\" title=\"Avalia\u00e7\u00e3o de criticidade de ativos\" onerror=\"this.style.display='none'\"  \/>\n<h3>\n\t\tAvalia\u00e7\u00e3o de criticidade\n\t<\/h3>\n\t<p>As avalia\u00e7\u00f5es de criticidade de ativos estabelecem de forma consistente e eficiente a import\u00e2ncia relativa de seus ativos para permitir uma aplica\u00e7\u00e3o de recursos baseada em riscos e econ\u00f4mica.<\/p>\n\t\t\t\t<img loading=\"lazy\" decoding=\"async\" src=\"https:\/\/www.oceaneering.com\/wp-content\/uploads\/2024\/05\/Asset-Maintenance-Management2.jpg\" alt=\"Crane loading cargo container ship in the international terminal logistic sea port.\" itemprop=\"image\" height=\"1080\" width=\"1920\" title=\"Gerenciamento de manuten\u00e7\u00e3o de ativos\" onerror=\"this.style.display='none'\"  \/>\n<h3>\n\t\tGerenciamento de manuten\u00e7\u00e3o\n\t<\/h3>\n\t<p>Bespoke maintenance strategies are designed to deliver optimal asset uptime &#8211; whether it&#8217;s preventative, condition-based, or predictive maintenance that is required.<\/p>\n\t\t\t\t<img loading=\"lazy\" decoding=\"async\" src=\"https:\/\/www.oceaneering.com\/wp-content\/uploads\/2024\/05\/Spares-Parts-Analysis.jpg\" alt=\"Factory warehouse spare parts. Storage and distribution of components.\" itemprop=\"image\" height=\"1080\" width=\"1920\" title=\"An\u00e1lise de pe\u00e7as de reposi\u00e7\u00e3o\" onerror=\"this.style.display='none'\"  \/>\n<h3>\n\t\tAn\u00e1lise de pe\u00e7as de reposi\u00e7\u00e3o\n\t<\/h3>\n\t<p>A disponibilidade de pe\u00e7as de reposi\u00e7\u00e3o \u00e9 vital para a continuidade operacional. Garanta opera\u00e7\u00f5es econ\u00f4micas e cont\u00ednuas estabelecendo estrat\u00e9gias de pe\u00e7as sobressalentes, avaliando pe\u00e7as sobressalentes cr\u00edticas, gerando listas de materiais (BOM) e definindo n\u00edveis de estoque.<\/p>\n\t\t\t\t<img loading=\"lazy\" decoding=\"async\" src=\"https:\/\/www.oceaneering.com\/wp-content\/uploads\/2024\/05\/Data-handling.jpg\" alt=\"Person using a laptop and data being visualized.\" itemprop=\"image\" height=\"1280\" width=\"1920\" title=\"Servi\u00e7os CMMS\" onerror=\"this.style.display='none'\"  \/>\n<h3>\n\t\tServi\u00e7os CMMS\n\t<\/h3>\n\t<p>Ever evolving asset portfolios can place your organization at risk if your asset management program doesn&#8217;t keep pace. Management of Change (MOC) services address this challenge through the management and implementation of data updates within your CMMS, keeping your operations aligned and efficient.<\/p>\n\t\t\t\t\t\t\t\t\t<h3>Comprovado em campo. L\u00edder do setor.<\/h3>\n\t\t\t\t\t\t\t\t\t<p>Leia nossos estudos de caso que detalham projetos bem-sucedidos de manuten\u00e7\u00e3o e confiabilidade.<\/p>\n\t\t\t\t\t\t<a href=\"https:\/\/www.oceaneering.com\/pt\/resources\/?_content_types=case-study&amp;_resource_categories=maintenance-and-reliability\" target=\"_self\" rel=\"noopener\">\n\t\t\t\t\t\t\t\tLeia estudos de caso relevantes\t\t\t\t\t\t\t\n\t\t\t\t\t\t\t\t\t\t\t\t\t<\/a>\n\t\t\t\t\t\t<button>\n\t\t\t\t\t\t\tAnterior\n\t\t\t\t\t\t<\/button>\n\t\t\t\t\t\t<button>\n\t\t\t\t\t\t\tPr\u00f3ximo\n\t\t\t\t\t\t<\/button>\n\t\t\t\t\t\t\t<a href=\"https:\/\/www.oceaneering.com\/pt\/case-studies\/using-process-data-to-evaluate-pump-operating-performance\/\">\n\t\t\t\t\t\t\t\t\t\t<img decoding=\"async\" src=\"https:\/\/www.oceaneering.com\/wp-content\/uploads\/2024\/09\/Using-Process-Data-to-Evaluate-Pump-Operating-Performance-banner-image.jpg\" alt=\"\"\/>\n\t\t\t\t\t\t\t\t\t\t<h3>Particular: Uso de dados de processo para avaliar o desempenho operacional da bomba<\/h3>\n\t\t\t\t\t\t\t\t\t\t<h3>Particular: Uso de dados de processo para avaliar o desempenho operacional da bomba<\/h3>\n\t\t\t\t\t\t\t\t\t\t\t\t\t\t\t\t\t\t\t\t\t<p>Vis\u00e3o geral As bombas desempenham um papel vital em muitos setores em todo o mundo. Mas a opera\u00e7\u00e3o ineficiente da bomba pode levar a custos...<\/p>\n\t\t\t\t\t\t\t\t\t\t\tSaiba mais\n\t\t\t\t\t\t\t<\/a>\n\t\t\t\t\t\t\t<a href=\"https:\/\/www.oceaneering.com\/pt\/case-studies\/supporting-client-with-long-term-fpso-maintenance-plan\/\">\n\t\t\t\t\t\t\t\t\t\t<img decoding=\"async\" src=\"https:\/\/www.oceaneering.com\/wp-content\/uploads\/2023\/11\/551ebf15-1a6f-442b-8a64-3e3baceffc71.jpg\" alt=\"\"\/>\n\t\t\t\t\t\t\t\t\t\t<h3>Apoio ao cliente com um plano de manuten\u00e7\u00e3o de FPSO de longo prazo<\/h3>\n\t\t\t\t\t\t\t\t\t\t<h3>Apoio ao cliente com um plano de manuten\u00e7\u00e3o de FPSO de longo prazo<\/h3>\n\t\t\t\t\t\t\t\t\t\t\t\t\t\t\t\t\t\t\t\t\t<p>O desafio Um cliente precisava de um sistema completo de gerenciamento de manuten\u00e7\u00e3o para seu FPSO (floating production storage and offloading)...<\/p>\n\t\t\t\t\t\t\t\t\t\t\tSaiba mais\n\t\t\t\t\t\t\t<\/a>\n\t\t\t\t\t\t\t<a href=\"https:\/\/www.oceaneering.com\/pt\/case-studies\/embedded-engineers-improve-operational-reliability-for-global-operator\/\">\n\t\t\t\t\t\t\t\t\t\t<img decoding=\"async\" src=\"https:\/\/www.oceaneering.com\/wp-content\/uploads\/2024\/06\/Embedded-Engineers-Improves-Operational-Efficiency-for-Major-Operator.jpg\" alt=\"\"\/>\n\t\t\t\t\t\t\t\t\t\t<h3>Engenheiros incorporados melhoram a confiabilidade operacional para uma operadora global<\/h3>\n\t\t\t\t\t\t\t\t\t\t<h3>Engenheiros incorporados melhoram a confiabilidade operacional para uma operadora global<\/h3>\n\t\t\t\t\t\t\t\t\t\t\t\t\t\t\t\t\t\t\t\t\t<p>Vis\u00e3o geral Uma operadora global procurou sustentar a confiabilidade operacional, o tempo de atividade e a efici\u00eancia da manuten\u00e7\u00e3o de seu novo desenvolvimento de constru\u00e7\u00e3o...<\/p>\n\t\t\t\t\t\t\t\t\t\t\tSaiba mais\n\t\t\t\t\t\t\t<\/a>\n\t\t\t\t\t\t\t<a href=\"https:\/\/www.oceaneering.com\/pt\/case-studies\/maintenance-build-for-fpso-and-offloading-terminal-maximizes-uptime-with-optimized-approach\/\">\n\t\t\t\t\t\t\t\t\t\t<img decoding=\"async\" src=\"https:\/\/www.oceaneering.com\/wp-content\/uploads\/2024\/06\/Maintenance-Build-for-FPSO-and-Offloading-Terminal-Maximizes-Uptime-with-Optimized-Approach.jpg\" alt=\"\"\/>\n\t\t\t\t\t\t\t\t\t\t<h3>A constru\u00e7\u00e3o de manuten\u00e7\u00e3o para FPSO e terminal de descarga maximiza o tempo de atividade com uma abordagem otimizada<\/h3>\n\t\t\t\t\t\t\t\t\t\t<h3>A constru\u00e7\u00e3o de manuten\u00e7\u00e3o para FPSO e terminal de descarga maximiza o tempo de atividade com uma abordagem otimizada<\/h3>\n\t\t\t\t\t\t\t\t\t\t\t\t\t\t\t\t\t\t\t\t\t<p>Vis\u00e3o geral Em dezembro de 2023, a equipe de Solu\u00e7\u00f5es de Manuten\u00e7\u00e3o e Confiabilidade da Oceaneering concluiu um escopo de constru\u00e7\u00e3o de manuten\u00e7\u00e3o de tr\u00eas anos para dois...<\/p>\n\t\t\t\t\t\t\t\t\t\t\tSaiba mais\n\t\t\t\t\t\t\t<\/a>\n\t\t\t\t\t\t\t<a href=\"https:\/\/www.oceaneering.com\/pt\/case-studies\/enhancing-pump-system-reliability\/\">\n\t\t\t\t\t\t\t\t\t\t<img decoding=\"async\" src=\"https:\/\/www.oceaneering.com\/wp-content\/uploads\/2024\/06\/Enhancing-Pump-System-Reliability-thumbnail.jpg\" alt=\"\"\/>\n\t\t\t\t\t\t\t\t\t\t<h3>Particular: Aumento da confiabilidade do sistema de bombas<\/h3>\n\t\t\t\t\t\t\t\t\t\t<h3>Particular: Aumento da confiabilidade do sistema de bombas<\/h3>\n\t\t\t\t\t\t\t\t\t\t\t\t\t\t\t\t\t\t\t\t\t<p>Vis\u00e3o geral Em 2023, os engenheiros da equipe de Solu\u00e7\u00f5es de Manuten\u00e7\u00e3o e Confiabilidade da Oceaneering foram encarregados de determinar por que a vari\u00e1vel...<\/p>\n\t\t\t\t\t\t\t\t\t\t\tSaiba mais\n\t\t\t\t\t\t\t<\/a>\n\t\t\t\t\t\t\t<a href=\"https:\/\/www.oceaneering.com\/pt\/case-studies\/updating-maintenance-plans-for-uk-regulatory-compliance\/\">\n\t\t\t\t\t\t\t\t\t\t<img decoding=\"async\" src=\"https:\/\/www.oceaneering.com\/wp-content\/uploads\/2024\/06\/Updating-Maintenance-Plans-for-UK-Regulatory-Compliance.jpg\" alt=\"\"\/>\n\t\t\t\t\t\t\t\t\t\t<h3>Particular: Atualiza\u00e7\u00e3o de planos de manuten\u00e7\u00e3o para conformidade com a regulamenta\u00e7\u00e3o do Reino Unido<\/h3>\n\t\t\t\t\t\t\t\t\t\t<h3>Particular: Atualiza\u00e7\u00e3o de planos de manuten\u00e7\u00e3o para conformidade com a regulamenta\u00e7\u00e3o do Reino Unido<\/h3>\n\t\t\t\t\t\t\t\t\t\t\t\t\t\t\t\t\t\t\t\t\t<p>Vis\u00e3o geral Uma operadora de petr\u00f3leo e g\u00e1s recentemente expandiu suas opera\u00e7\u00f5es para o Mar do Norte do Reino Unido pela primeira vez...<\/p>\n\t\t\t\t\t\t\t\t\t\t\tSaiba mais\n\t\t\t\t\t\t\t<\/a>\n\t\t\t\t\t\t\t<a href=\"https:\/\/www.oceaneering.com\/pt\/case-studies\/development-of-maintenance-program-for-the-worlds-largest-offshore-wind-farm\/\">\n\t\t\t\t\t\t\t\t\t\t<img decoding=\"async\" src=\"https:\/\/www.oceaneering.com\/wp-content\/uploads\/2024\/04\/Wind-Farm.jpg\" alt=\"\"\/>\n\t\t\t\t\t\t\t\t\t\t<h3>Desenvolvimento de um programa de manuten\u00e7\u00e3o para o maior parque e\u00f3lico offshore do mundo<\/h3>\n\t\t\t\t\t\t\t\t\t\t<h3>Desenvolvimento de um programa de manuten\u00e7\u00e3o para o maior parque e\u00f3lico offshore do mundo<\/h3>\n\t\t\t\t\t\t\t\t\t\t\t\t\t\t\t\t\t\t\t\t\t<p>Vis\u00e3o geral A Oceaneering foi contratada para concluir o escopo de manuten\u00e7\u00e3o abrangente para o desenvolvimento e\u00f3lico offshore Dogger Bank A...<\/p>\n\t\t\t\t\t\t\t\t\t\t\tSaiba mais\n\t\t\t\t\t\t\t<\/a>\n\t\t\t\t\t\t\t<a href=\"https:\/\/www.oceaneering.com\/pt\/case-studies\/comprehensive-hierarchy-build-enables-optimized-maintenance-build-scope\/\">\n\t\t\t\t\t\t\t\t\t\t<img decoding=\"async\" src=\"https:\/\/www.oceaneering.com\/wp-content\/uploads\/2024\/06\/Comprehensive-Hierarchy-Build-Enables-Optimized-Maintenance-Build-Scope.jpg\" alt=\"\"\/>\n\t\t\t\t\t\t\t\t\t\t<h3>A constru\u00e7\u00e3o de hierarquia abrangente permite um escopo de constru\u00e7\u00e3o de manuten\u00e7\u00e3o otimizado<\/h3>\n\t\t\t\t\t\t\t\t\t\t<h3>A constru\u00e7\u00e3o de hierarquia abrangente permite um escopo de constru\u00e7\u00e3o de manuten\u00e7\u00e3o otimizado<\/h3>\n\t\t\t\t\t\t\t\t\t\t\tSaiba mais\n\t\t\t\t\t\t\t<\/a>\n\t\t\t\t\t\t\t<a href=\"https:\/\/www.oceaneering.com\/pt\/case-studies\/delivery-of-maintenance-and-inspection-strategies-for-three-fsru-conversion-projects\/\">\n\t\t\t\t\t\t\t\t\t\t<img decoding=\"async\" src=\"https:\/\/www.oceaneering.com\/wp-content\/uploads\/2024\/06\/Delivery-of-Maintenance-and-Inspection-Strategies-for-Three-FSRU-Conversion-Projects.jpg\" alt=\"\"\/>\n\t\t\t\t\t\t\t\t\t\t<h3>Fornecimento de estrat\u00e9gias de manuten\u00e7\u00e3o e inspe\u00e7\u00e3o para tr\u00eas projetos de convers\u00e3o de FSRU<\/h3>\n\t\t\t\t\t\t\t\t\t\t<h3>Fornecimento de estrat\u00e9gias de manuten\u00e7\u00e3o e inspe\u00e7\u00e3o para tr\u00eas projetos de convers\u00e3o de FSRU<\/h3>\n\t\t\t\t\t\t\t\t\t\t\tSaiba mais\n\t\t\t\t\t\t\t<\/a>\n\t\t\t\t\t\t\t<a href=\"https:\/\/www.oceaneering.com\/pt\/case-studies\/using-bills-of-materials-boms-to-improve-brownfield-facilities-inventory-levels\/\">\n\t\t\t\t\t\t\t\t\t\t<img decoding=\"async\" src=\"https:\/\/www.oceaneering.com\/wp-content\/uploads\/2024\/06\/Using-Bills-of-Materials-BOMs-to-Improve-Brownfield-Facilities-Inventory-Levels.jpg\" alt=\"\"\/>\n\t\t\t\t\t\t\t\t\t\t<h3>Uso de listas de materiais (BOMs) para melhorar os n\u00edveis de estoque das instala\u00e7\u00f5es brownfield<\/h3>\n\t\t\t\t\t\t\t\t\t\t<h3>Uso de listas de materiais (BOMs) para melhorar os n\u00edveis de estoque das instala\u00e7\u00f5es brownfield<\/h3>\n\t\t\t\t\t\t\t\t\t\t\tSaiba mais\n\t\t\t\t\t\t\t<\/a>\n<h1>\n\t\tEntre em contato conosco\n\t<\/h1>\n<h2>\n\t\tNossa equipe de especialistas est\u00e1 pronta para ajud\u00e1-lo a come\u00e7ar.\n\t<\/h2>\n\t<p>A Oceaneering oferece os melhores produtos e solu\u00e7\u00f5es da categoria, respaldados por qualidade, confiabilidade e suporte global inigual\u00e1veis. Preencha o formul\u00e1rio de consulta para iniciar uma conversa hoje mesmo.<\/p>","protected":false},"excerpt":{"rendered":"<p>Contact Us Maintenance and Reliability Solutions Maintenance Engineering We develop, review, and validate your asset management program to achieve maintenance excellence, ensuring safety and compliance while maximizing uptime. Building Maintenance Excellence Transform your asset management data with our flexible and comprehensive maintenance engineering services. Asset Register Development Asset register and technical hierarchy development services provide &#8230; <a title=\"Engenharia de manuten\u00e7\u00e3o\" class=\"read-more\" href=\"https:\/\/www.oceaneering.com\/pt\/maintenance-and-reliability\/maintenance-engineering\/\" aria-label=\"Leia mais sobre Engenharia de Manuten\u00e7\u00e3o\">Leia mais<\/a><\/p>","protected":false},"author":25,"featured_media":0,"parent":59772,"menu_order":0,"comment_status":"closed","ping_status":"closed","template":"","meta":{"_acf_changed":false,"footnotes":"","_links_to":"","_links_to_target":""},"product_category":[1998],"search_tags":[],"class_list":["post-72252","page","type-page","status-publish","product_category-maintenance-and-reliability"],"acf":[],"aioseo_notices":[],"_links":{"self":[{"href":"https:\/\/www.oceaneering.com\/pt\/wp-json\/wp\/v2\/pages\/72252","targetHints":{"allow":["GET"]}}],"collection":[{"href":"https:\/\/www.oceaneering.com\/pt\/wp-json\/wp\/v2\/pages"}],"about":[{"href":"https:\/\/www.oceaneering.com\/pt\/wp-json\/wp\/v2\/types\/page"}],"author":[{"embeddable":true,"href":"https:\/\/www.oceaneering.com\/pt\/wp-json\/wp\/v2\/users\/25"}],"replies":[{"embeddable":true,"href":"https:\/\/www.oceaneering.com\/pt\/wp-json\/wp\/v2\/comments?post=72252"}],"version-history":[{"count":0,"href":"https:\/\/www.oceaneering.com\/pt\/wp-json\/wp\/v2\/pages\/72252\/revisions"}],"up":[{"embeddable":true,"href":"https:\/\/www.oceaneering.com\/pt\/wp-json\/wp\/v2\/pages\/59772"}],"wp:attachment":[{"href":"https:\/\/www.oceaneering.com\/pt\/wp-json\/wp\/v2\/media?parent=72252"}],"wp:term":[{"taxonomy":"product_category","embeddable":true,"href":"https:\/\/www.oceaneering.com\/pt\/wp-json\/wp\/v2\/product_category?post=72252"},{"taxonomy":"search_tags","embeddable":true,"href":"https:\/\/www.oceaneering.com\/pt\/wp-json\/wp\/v2\/search_tags?post=72252"}],"curies":[{"name":"wp","href":"https:\/\/api.w.org\/{rel}","templated":true}]}}