{"id":71785,"date":"2024-04-17T04:03:18","date_gmt":"2024-04-17T09:03:18","guid":{"rendered":"https:\/\/www.oceaneering.com\/?page_id=71785"},"modified":"2026-04-16T16:08:52","modified_gmt":"2026-04-16T21:08:52","slug":"onshore-remote-operations-centers-orocs","status":"publish","type":"page","link":"https:\/\/www.oceaneering.com\/pt\/remote-services\/onshore-remote-operations-centers-orocs\/","title":{"rendered":"Centros de opera\u00e7\u00f5es remotas em terra (OROCs)"},"content":{"rendered":"<a href=\"https:\/\/www.oceaneering.com\/pt\/remote-services\/#contact\" target=\"_self\">\n\t\t\t\t\t\t\tDiscutir um projeto\n\t\t\t\t\t<\/a>\n\t\tOpera\u00e7\u00f5es remotas \n<h1>\n\t\tCentros de opera\u00e7\u00f5es remotas em terra (OROCs) \n\t<\/h1>\n\t<p>Revolucionando as opera\u00e7\u00f5es offshore para aumentar a seguran\u00e7a e a efici\u00eancia.<\/p>\n<h2>\n\t\tUma nova maneira de trabalhar\n\t<\/h2>\n\t<p>Nossos Centros de Opera\u00e7\u00f5es Remotas Onshore (OROCs) fazem a transi\u00e7\u00e3o de pilotos de ve\u00edculos operados remotamente (ROVs) e ve\u00edculos de superf\u00edcie n\u00e3o tripulados (USVs) e especialistas do setor de volta \u00e0 terra, aumentando a seguran\u00e7a, reduzindo o impacto ambiental e melhorando a colabora\u00e7\u00e3o entre equipes e clientes. Essa mudan\u00e7a n\u00e3o apenas aumenta a efici\u00eancia operacional, mas tamb\u00e9m gera avan\u00e7os significativos na forma como o trabalho offshore \u00e9 realizado. Do comissionamento ao descomissionamento, nossos OROCs oferecem suporte abrangente para opera\u00e7\u00f5es offshore, incluindo opera\u00e7\u00f5es de USVs e ve\u00edculos subaqu\u00e1ticos aut\u00f4nomos (AUVs), <a href=\"https:\/\/www.oceaneering.com\/pt\/asset-integrity-management\/floating-systems-inspection-and-integrity-services\/special-periodic-surveys-and-uwild\/\">UWILD<\/a>, <a href=\"https:\/\/www.oceaneering.com\/pt\/survey-and-mapping\/\">pesquisas<\/a>, posicionamento da plataforma, <a href=\"https:\/\/www.oceaneering.com\/pt\/asset-integrity-management\/inspection\/subsea-inspection\/\">inspe\u00e7\u00f5es de ativos submarinos<\/a>e <a href=\"https:\/\/www.oceaneering.com\/pt\/imrge-integrated-customizable-imr-solutions\/\">Servi\u00e7os de IMR<\/a>.<\/p>\n<p>&nbsp;<\/p>\n\t<h6>Reduzir as emiss\u00f5es de CO2<\/h6>\n\t<h6>Melhorar o gerenciamento do espa\u00e7o do conv\u00e9s<\/h6>\n\t<h6>Reduzir as despesas com log\u00edstica<\/h6>\n\t<h6>Permitir a tomada de decis\u00f5es mais r\u00e1pidas e precisas<\/h6>\n<h2>\n\t\tLocaliza\u00e7\u00f5es globais estrat\u00e9gicas\n\t<\/h2>\n\t<p>Desde o lan\u00e7amento do nosso OROC pioneiro em Stavanger, Noruega, em 2015, expandimos nossa presen\u00e7a global para incluir centros em Morgan City, Louisiana; Aberdeen, Esc\u00f3cia; e Maca\u00e9, Brasil. Essas instala\u00e7\u00f5es estrategicamente posicionadas nos permitem oferecer flexibilidade operacional e produtividade excepcionais, com o suporte da mais recente tecnologia remota e de pessoal experiente.<\/p>\n\t\t\tTodos\n\t\t\n\t\t\t\t<a href=\"https:\/\/www.oceaneering.com\/wp-content\/uploads\/2024\/02\/OROC-Macae.jpg\" target=\"_self\">\n\t\t\t\t<img loading=\"lazy\" decoding=\"async\" src=\"https:\/\/www.oceaneering.com\/wp-content\/uploads\/2024\/02\/OROC-Macae-1024x574.jpg\" alt=\"Oceaneering Onshore Remote Operations Center in Macae, Brazil\" data-no-lazy=\"1\" width=\"1024\" height=\"574\" \/>\n\t\t\t\t\t\t\t\t\t\tOROC em Maca\u00e9, Brasil\n\t\t\t\t\t\t<\/a>\n\t\t\t\t<a href=\"https:\/\/www.oceaneering.com\/wp-content\/uploads\/2024\/04\/Oroc-USA.jpg\" target=\"_self\">\n\t\t\t\t<img loading=\"lazy\" decoding=\"async\" src=\"https:\/\/www.oceaneering.com\/wp-content\/uploads\/2024\/04\/Oroc-USA-1024x683.jpg\" alt=\"\" data-no-lazy=\"1\" width=\"1024\" height=\"683\" \/>\n\t\t\t\t\t\t\t\t\t\tOROC em Morgan City, Louisiana, EUA\n\t\t\t\t\t\t<\/a>\n\t\t\t\t<a href=\"https:\/\/www.oceaneering.com\/wp-content\/uploads\/2023\/11\/Mission-support-center-1-e1560973968619.jpeg\" target=\"_self\">\n\t\t\t\t<img loading=\"lazy\" decoding=\"async\" src=\"https:\/\/www.oceaneering.com\/wp-content\/uploads\/2023\/11\/Mission-support-center-1-e1560973968619-1024x767.jpeg\" alt=\"\" data-no-lazy=\"1\" width=\"1024\" height=\"767\" \/>\n\t\t\t\t\t\t\t\t\t\tOROC em Stavanger, Noruega\n\t\t\t\t\t\t<\/a>\n\t\t\t\t<a href=\"https:\/\/www.oceaneering.com\/wp-content\/uploads\/2024\/04\/OROC-Aberdeen.jpg\" target=\"_self\">\n\t\t\t\t<img loading=\"lazy\" decoding=\"async\" src=\"https:\/\/www.oceaneering.com\/wp-content\/uploads\/2024\/04\/OROC-Aberdeen-1024x768.jpg\" alt=\"Onshore Remote Operations Center (OROC) in Aberdeen.\" data-no-lazy=\"1\" width=\"1024\" height=\"768\" \/>\n\t\t\t\t\t\t\t\t\t\tOROC em Aberdeen, Esc\u00f3cia, Reino Unido\n\t\t\t\t\t\t<\/a>\n\t<p>Fa\u00e7a um tour virtual pelas nossas instala\u00e7\u00f5es da OROC em Stavanger, Noruega e Morgan City, Louisiana.<\/p>\n<h2>\n\t\tRegistro de opera\u00e7\u00f5es remotas\n\t<\/h2>\n\t\nPrincipais realiza\u00e7\u00f5es\n\t\t<!-- Comment to fix spacing issue\n\t-->\n\t\t0+\n\t<!-- Comment to fix spacing issue\n\t-->\t\n\t<p><strong>dias de tripulante offshore<\/strong> eliminado por pilotagem remota*<\/p>\n\t\t<!-- Comment to fix spacing issue\n\t-->\n\t\t0+\n\t<!-- Comment to fix spacing issue\n\t-->\t\n\t<p><strong>opera\u00e7\u00f5es remotas<\/strong> realizado com sucesso<\/p>\n\t\t<!-- Comment to fix spacing issue\n\t-->\n\t\t0\n\t<!-- Comment to fix spacing issue\n\t-->\t\n\t<p><strong>salas dedicadas<\/strong> para pilotagem remota estabelecida globalmente<\/p>\n\t\t<!-- Comment to fix spacing issue\n\t-->\n\t\t0\n\t<!-- Comment to fix spacing issue\n\t-->\t\n\t<p><strong>instala\u00e7\u00f5es dedicadas<\/strong> for remote survey in Morgan City, Louisiana, and Houston, Texas<\/p>\n\t<p>*Um \"dia\" \u00e9 aquele em que um piloto operou um ROV a partir da costa. <\/p>\n<h2>\n\t\tGaleria de v\u00eddeos\n\t<\/h2>\n\t\t\t<img decoding=\"async\" src=\"https:\/\/www.oceaneering.com\/wp-content\/uploads\/2024\/04\/OROC-thumbnail.jpg\" title=\"Miniatura da OROC\" alt=\"\" \/>\t\t\t\t\t\t\t\n\t\t\t\t\tReproduzir v\u00eddeo\n<h3>\n\t\tHabilita\u00e7\u00e3o de opera\u00e7\u00f5es remotas\n\t<\/h3>\n\t<p>Saiba como nossas instala\u00e7\u00f5es OROC podem revolucionar suas opera\u00e7\u00f5es a partir da costa com tecnologias de capacita\u00e7\u00e3o, como a Remote Piloting and Automated Control Technology (RPACT), que os pilotos usam para estabelecer o controle do ROV por meio de um link de rede sem fio ou via sat\u00e9lite para dar suporte a opera\u00e7\u00f5es em um local de trabalho remoto.<\/p>\n\t\t\t<img decoding=\"async\" src=\"https:\/\/www.oceaneering.com\/wp-content\/uploads\/2024\/01\/OROC-Thumb.jpg\" title=\"OROC-Thumb\" alt=\"\" \/>\t\t\t\t\t\t\t\n\t\t\t\t\tReproduzir v\u00eddeo\n<h3>\n\t\tCentro de opera\u00e7\u00f5es remotas em terra (OROC)\n\t<\/h3>\n\t<p>Nossos Centros de Opera\u00e7\u00f5es Remotas Onshore (OROCs) est\u00e3o convenientemente localizados em todo o mundo para permitir opera\u00e7\u00f5es remotas a partir de instala\u00e7\u00f5es offshore. Os OROCs usam conectividade de rede 4G, sat\u00e9lite ou cabo de fibra para garantir um suporte confi\u00e1vel.<\/p>\n\t\t\t<img decoding=\"async\" src=\"https:\/\/www.oceaneering.com\/wp-content\/uploads\/2024\/05\/Macae-OROC-thumb.jpg\" title=\"Macae-OROC-polegar\" alt=\"\" \/>\t\t\t\t\t\t\t\n\t\t\t\t\tReproduzir v\u00eddeo\n<h3>\n\t\tOROC em Maca\u00e9, Brasil\n\t<\/h3>\n\t<p>Em 2023, estabelecemos nossa mais recente OROC em Maca\u00e9, Brasil. Nossa equipe alcan\u00e7ou um novo marco ao pilotar um ROV a partir de nosso centro dedicado, realizando inspe\u00e7\u00f5es de risers e tarefas UWILD para um cliente valioso.<\/p>\n<h2>\n\t\tA diferen\u00e7a da Oceaneering\n\t<\/h2>\n\t<p>Oferecemos solu\u00e7\u00f5es de ponta para garantir opera\u00e7\u00f5es ininterruptas e quase em tempo real de nossas OROCs.<\/p>\n\t\t\t<h3>Conex\u00e3o automatizada<\/h3>\t\t\t\n\t\t\t\t<p>Conecte e opere instantaneamente sistemas ROV habilitados para controle remoto.<\/p>\n\t\t\t<h3>Opera\u00e7\u00f5es independentes de ativos<\/h3>\t\t\t\n\t\t\t\t<p>Opere e monitore qualquer coisa al\u00e9m do horizonte, incluindo <a href=\"https:\/\/www.oceaneering.com\/pt\/rov-services\/\">ROVs<\/a>AUVs, Drones, Ve\u00edculos A\u00e9reos N\u00e3o Tripulados (UAVs), <a href=\"https:\/\/www.oceaneering.com\/pt\/uncrewed-surface-vessel-usv-services\/\">Ve\u00edculos de superf\u00edcie n\u00e3o tripulados (USVs)<\/a>Ferramentas, skids e \u00e1rvores.<\/p>\n\t\t\t<h3>Suporte a v\u00e1rias op\u00e7\u00f5es de WAN<\/h3>\t\t\t\n\t\t\t\t<p>LTE, sat\u00e9lite de \u00f3rbita terrestre baixa (LEO), sat\u00e9lite de \u00f3rbita terrestre m\u00e9dia (MEO).<\/p>\n\t\t\t<h3>Tecnologia de automa\u00e7\u00e3o de video wall e restreaming<\/h3>\t\t\t\n\t\t\t\t<p>Permite monitoramento e controle abrangentes das opera\u00e7\u00f5es de qualquer local.<\/p>\n\t\t\t<h3>Redund\u00e2ncia total de comunica\u00e7\u00f5es de \u00e1udio<\/h3>\t\t\t\n\t\t\t\t<p>Incorpora confer\u00eancia 4K, extensores de r\u00e1dio UHF, integra\u00e7\u00e3o de linha de partido e VoIP\/telefone.<\/p>\n\t\t\t<h3>Centro de Comando Virtual<\/h3>\t\t\t\n\t\t\t\t<p>Permite o monitoramento em tempo real de nossos ativos globais e auxilia nas opera\u00e7\u00f5es ao vivo, processando 3 milh\u00f5es de pontos de dados diariamente.<\/p>\n\t<ul>\n\t\t\t\t\t<li>\n\t\t\t\tReduz os dias de embarque\n\t\t\t<\/li>\n\t\t\t\t\t<li>\n\t\t\t\tMinimiza a pegada de carbono\n\t\t\t<\/li>\n\t\t\t\t\t<li>\n\t\t\t\tOferece suporte a opera\u00e7\u00f5es 24 horas por dia, 7 dias por semana\n\t\t\t<\/li>\n\t\t\t<\/ul>\n\t\t\t\t<img loading=\"lazy\" decoding=\"async\" src=\"https:\/\/www.oceaneering.com\/wp-content\/uploads\/2024\/05\/220927_Freedom_Liberty_Cage_Magazine_01-edited.jpg\" alt=\"Freedom AUV and the Liberty Cage\" itemprop=\"image\" height=\"2500\" width=\"2000\" title=\"Freedom AUV e a gaiola Liberty\" onerror=\"this.style.display='none'\"  \/>\n\t\tHabilita\u00e7\u00e3o de resid\u00eancia\n<h2>\n\t\tSistema Residente Liberty\u2122\n\t<\/h2>\n\t<p>Projetado para se comunicar e ser operado a partir de um de nossos OROCs, o Liberty\u2122 Resident System \u00e9 uma esta\u00e7\u00e3o de acoplamento totalmente aut\u00f4noma para ROVs e AUVs com 550 kwh de energia de bateria para opera\u00e7\u00f5es remotas e residentes. A combina\u00e7\u00e3o de tecnologias minimiza a pegada de carbono e o custo total das opera\u00e7\u00f5es de ROV e, ao mesmo tempo, oferece suporte a opera\u00e7\u00f5es 24 horas por dia, 7 dias por semana, independentemente das escalas de navios nos portos.<\/p>\n\t\t\t<a href=\"https:\/\/www.oceaneering.com\/pt\/rov-services\/next-generation-subsea-vehicles\/liberty-resident-system\/\" target=\"_self\">\n\t\t\t\t\t\t\tSaiba mais\n\t\t\t<\/a>\n<h2>\n\t\tApoio \u00e0 transi\u00e7\u00e3o energ\u00e9tica \n\t<\/h2>\n\t<p>O desenvolvimento, a manuten\u00e7\u00e3o e a opera\u00e7\u00e3o da energia e\u00f3lica offshore e de outras fontes de energia renov\u00e1vel exigem solu\u00e7\u00f5es inovadoras. Com a capacidade de operar remotamente uma gama diversificada de ativos mar\u00edtimos, podemos supervisionar todo o ciclo de vida das instala\u00e7\u00f5es renov\u00e1veis. Desde o monitoramento do desempenho das turbinas e\u00f3licas e a inspe\u00e7\u00e3o de estruturas subaqu\u00e1ticas at\u00e9 a realiza\u00e7\u00e3o de opera\u00e7\u00f5es de manuten\u00e7\u00e3o, nossas OROCs garantem opera\u00e7\u00f5es eficientes e sem interrup\u00e7\u00f5es.<\/p>\n<h2>\n\t\tEletrifica\u00e7\u00e3o e autonomia\n\t<\/h2>\n\t<p>As OROCs est\u00e3o preparadas para desempenhar um papel fundamental na opera\u00e7\u00e3o e no monitoramento remotos de uma variedade de ativos mar\u00edtimos aut\u00f4nomos e el\u00e9tricos. Ao aproveitar as tecnologias emergentes, como intelig\u00eancia artificial, aprendizado de m\u00e1quina e an\u00e1lise de big data, podemos aumentar a efici\u00eancia, a seguran\u00e7a e a confiabilidade desses sistemas aut\u00f4nomos. Nossas OROCs s\u00e3o adeptas do gerenciamento dessas embarca\u00e7\u00f5es de \u00faltima gera\u00e7\u00e3o, garantindo que elas cumpram a promessa de um ambiente mar\u00edtimo mais limpo e seguro.<\/p>\n\t\t\t\t\t\t\t\t\t<h3>Comprovado em campo. L\u00edder do setor.<\/h3>\n\t\t\t\t\t\t\t\t\t<p>Leia nossos estudos de caso que detalham nossos projetos de pilotagem remota bem-sucedidos.<\/p>\n\t\t\t\t\t\t<a href=\"https:\/\/www.oceaneering.com\/pt\/resources\/?_content_types=case-study\" target=\"_self\">\n\t\t\t\t\t\t\t\tVer todos os estudos de caso\t\t\t\t\t\t\t\n\t\t\t\t\t\t\t\t\t\t\t\t\t<\/a>\n\t\t\t\t\t\t<button>\n\t\t\t\t\t\t\tAnterior\n\t\t\t\t\t\t<\/button>\n\t\t\t\t\t\t<button>\n\t\t\t\t\t\t\tPr\u00f3ximo\n\t\t\t\t\t\t<\/button>\n\t\t\t\t\t\t\t<a href=\"https:\/\/www.oceaneering.com\/pt\/case-studies\/oceaneering-collaborates-with-equinor-and-tdw-to-use-the-libertytm-resident-rov-for-remote-subsea-pipeline-isolation-scope\/\">\n\t\t\t\t\t\t\t\t\t\t<img decoding=\"async\" src=\"https:\/\/www.oceaneering.com\/wp-content\/uploads\/2023\/11\/OROC-1-1.jpg\" alt=\"\"\/>\n\t\t\t\t\t\t\t\t\t\t<h3>O Sistema Residente Liberty\u2122 executa com sucesso o Escopo de Isolamento Remoto de Dutos Submarinos<\/h3>\n\t\t\t\t\t\t\t\t\t\t<h3>O Sistema Residente Liberty\u2122 executa com sucesso o Escopo de Isolamento Remoto de Dutos Submarinos<\/h3>\n\t\t\t\t\t\t\t\t\t\t\t\t\t\t\t\t\t\t\t\t\t<p>In early 2022, Equinor required subsea pipeline isolation at one of its offshore production facilities planned for&#8230;<\/p>\n\t\t\t\t\t\t\t\t\t\t\tSaiba mais\n\t\t\t\t\t\t\t<\/a>\n\t\t\t\t\t\t\t<a href=\"https:\/\/www.oceaneering.com\/pt\/case-studies\/subsea-resident-rov-eliminates-vessel-requirements-and-provides-substantial-cost-savings-for-client\/\">\n\t\t\t\t\t\t\t\t\t\t<img decoding=\"async\" src=\"https:\/\/www.oceaneering.com\/wp-content\/uploads\/2020\/06\/Liberty-e-rov.jpg\" alt=\"\"\/>\n\t\t\t\t\t\t\t\t\t\t<h3>O ROV residente submarino elimina a necessidade de embarca\u00e7\u00f5es e proporciona uma economia substancial de custos para o cliente<\/h3>\n\t\t\t\t\t\t\t\t\t\t<h3>O ROV residente submarino elimina a necessidade de embarca\u00e7\u00f5es e proporciona uma economia substancial de custos para o cliente<\/h3>\n\t\t\t\t\t\t\t\t\t\t\tSaiba mais\n\t\t\t\t\t\t\t<\/a>\n\t\t\t\t\t\t\t<a href=\"https:\/\/www.oceaneering.com\/pt\/case-studies\/oceaneering-sets-marker-buoys-using-remotely-operated-system\/\">\n\t\t\t\t\t\t\t\t\t\t<img decoding=\"async\" src=\"https:\/\/www.oceaneering.com\/wp-content\/uploads\/2018\/11\/Case-Study-Oceaneering-Sets-Marker-Buoys-Using-Remotely-Operated-System.jpg\" alt=\"\"\/>\n\t\t\t\t\t\t\t\t\t\t<h3>A Oceaneering lan\u00e7a boias de marca\u00e7\u00e3o usando um sistema operado remotamente<\/h3>\n\t\t\t\t\t\t\t\t\t\t<h3>A Oceaneering lan\u00e7a boias de marca\u00e7\u00e3o usando um sistema operado remotamente<\/h3>\n\t\t\t\t\t\t\t\t\t\t\tSaiba mais\n\t\t\t\t\t\t\t<\/a>\n\t\t\t\t\t\t\t<a href=\"https:\/\/www.oceaneering.com\/pt\/case-studies\/oceaneering-completes-worlds-first-remote-metrology-project\/\">\n\t\t\t\t\t\t\t\t\t\t<img decoding=\"async\" src=\"https:\/\/www.oceaneering.com\/wp-content\/uploads\/2018\/06\/Case-Study-Oceaneering-completes-worlds-first-remote-metrology-project.jpg\" alt=\"\"\/>\n\t\t\t\t\t\t\t\t\t\t<h3>Oceaneering conclui o primeiro projeto de metrologia remota do mundo<\/h3>\n\t\t\t\t\t\t\t\t\t\t<h3>Oceaneering conclui o primeiro projeto de metrologia remota do mundo<\/h3>\n\t\t\t\t\t\t\t\t\t\t\tSaiba mais\n\t\t\t\t\t\t\t<\/a>\n<h2>\n\t\tEntre em contato conosco\n\t<\/h2>\n<h3>\n\t\tNossa equipe de especialistas est\u00e1 pronta para ajud\u00e1-lo a come\u00e7ar.\n\t<\/h3>\n\t<p>A Oceaneering oferece os melhores produtos e solu\u00e7\u00f5es da categoria, respaldados por qualidade, confiabilidade e suporte global inigual\u00e1veis. Preencha o formul\u00e1rio de consulta para iniciar uma conversa hoje mesmo.<\/p>","protected":false},"excerpt":{"rendered":"<p>Discuss a Project Remote Operations Onshore Remote Operations Centers (OROCs) Revolutionizing offshore operations for enhanced safety and efficiency. A New Way to Work Our Onshore Remote Operations Centers (OROCs) transition remotely operated vehicle (ROV) and uncrewed surface vehicle (USV) pilots and industry experts back to shore, enhancing safety, reducing environmental impact, and improving collaboration among &#8230; <a title=\"Centros de opera\u00e7\u00f5es remotas em terra (OROCs)\" class=\"read-more\" href=\"https:\/\/www.oceaneering.com\/pt\/remote-services\/onshore-remote-operations-centers-orocs\/\" aria-label=\"Leia mais sobre os Centros de Opera\u00e7\u00f5es Remotas Onshore (OROCs)\">Leia mais<\/a><\/p>","protected":false},"author":25,"featured_media":0,"parent":2682,"menu_order":66,"comment_status":"closed","ping_status":"closed","template":"","meta":{"_acf_changed":false,"footnotes":"","_links_to":"","_links_to_target":""},"product_category":[1468],"search_tags":[1802],"class_list":["post-71785","page","type-page","status-publish","product_category-remote-operations","search_tags-remote-services"],"acf":[],"aioseo_notices":[],"_links":{"self":[{"href":"https:\/\/www.oceaneering.com\/pt\/wp-json\/wp\/v2\/pages\/71785","targetHints":{"allow":["GET"]}}],"collection":[{"href":"https:\/\/www.oceaneering.com\/pt\/wp-json\/wp\/v2\/pages"}],"about":[{"href":"https:\/\/www.oceaneering.com\/pt\/wp-json\/wp\/v2\/types\/page"}],"author":[{"embeddable":true,"href":"https:\/\/www.oceaneering.com\/pt\/wp-json\/wp\/v2\/users\/25"}],"replies":[{"embeddable":true,"href":"https:\/\/www.oceaneering.com\/pt\/wp-json\/wp\/v2\/comments?post=71785"}],"version-history":[{"count":1,"href":"https:\/\/www.oceaneering.com\/pt\/wp-json\/wp\/v2\/pages\/71785\/revisions"}],"predecessor-version":[{"id":82355,"href":"https:\/\/www.oceaneering.com\/pt\/wp-json\/wp\/v2\/pages\/71785\/revisions\/82355"}],"up":[{"embeddable":true,"href":"https:\/\/www.oceaneering.com\/pt\/wp-json\/wp\/v2\/pages\/2682"}],"wp:attachment":[{"href":"https:\/\/www.oceaneering.com\/pt\/wp-json\/wp\/v2\/media?parent=71785"}],"wp:term":[{"taxonomy":"product_category","embeddable":true,"href":"https:\/\/www.oceaneering.com\/pt\/wp-json\/wp\/v2\/product_category?post=71785"},{"taxonomy":"search_tags","embeddable":true,"href":"https:\/\/www.oceaneering.com\/pt\/wp-json\/wp\/v2\/search_tags?post=71785"}],"curies":[{"name":"wp","href":"https:\/\/api.w.org\/{rel}","templated":true}]}}