{"id":71741,"date":"2024-04-15T06:05:33","date_gmt":"2024-04-15T11:05:33","guid":{"rendered":"https:\/\/www.oceaneering.com\/?page_id=71741"},"modified":"2026-01-06T04:26:50","modified_gmt":"2026-01-06T10:26:50","slug":"fixed-offshore-wind","status":"publish","type":"page","link":"https:\/\/www.oceaneering.com\/pt\/renewable-energy-solutions\/fixed-offshore-wind\/","title":{"rendered":"E\u00f3lica offshore fixa"},"content":{"rendered":"<a href=\"https:\/\/www.oceaneering.com\/pt\/renewable-energy-solutions\/#contact\" target=\"_self\">\n\t\t\t\t\t\t\tDiscutir um projeto\n\t\t\t\t\t<\/a>\n\t\tSolu\u00e7\u00f5es de energia renov\u00e1vel\n<h1>\n\t\tE\u00f3lica offshore fixa\n\t<\/h1>\n\t<p>Eleve a economia de seu projeto com solu\u00e7\u00f5es comprovadas e eficientes.<\/p>\n<h2>\n\t\tAumento da efici\u00eancia em todas as opera\u00e7\u00f5es\n\t<\/h2>\n\t<p>Os desenvolvimentos e\u00f3licos offshore fixos s\u00e3o fundamentais para atingir as metas globais de redu\u00e7\u00e3o de carbono e net zero. Com d\u00e9cadas de experi\u00eancia em energia offshore e constru\u00e7\u00e3o mar\u00edtima complexa, estamos preparados para atender aos requisitos espec\u00edficos de seu projeto.<\/p>\n<h3>\n\t\tAumentar a disponibilidade do tempo de atividade \n\t<\/h3>\n<h3>\n\t\tOtimizar o planejamento e a execu\u00e7\u00e3o do IMR\n\t<\/h3>\n<h3>\n\t\tMelhorar a consci\u00eancia situacional \n\t<\/h3>\n<h2>\n\t\tSolu\u00e7\u00f5es confi\u00e1veis para energia e\u00f3lica offshore fixa\n\t<\/h2>\n\t<p>Nossas tecnologias e servi\u00e7os avan\u00e7ados atendem \u00e0s demandas de aplica\u00e7\u00f5es offshore desafiadoras. A experi\u00eancia de trabalho em ambientes adversos nos permite planejar e reagir \u00e0s suas diversas necessidades durante todo o ciclo de vida de um projeto.<\/p>\n\t\t\t\tCaracteriza\u00e7\u00e3o do local\n\t\t\t\tLevantamento e posicionamento\n\t\t\t\tSolu\u00e7\u00e3o de mitiga\u00e7\u00e3o de mam\u00edferos marinhos Ocean Perception\n\t\t\t\tIsurus\u2122 ROV de classe de trabalho\n\t\t\t\tIMRGE\u2122 Solu\u00e7\u00f5es IMR integradas e personaliz\u00e1veis\n\t\t\t\tProgramas de opera\u00e7\u00e3o e manuten\u00e7\u00e3o\n\t\t\t\tSistemas Rob\u00f3ticos Residentes e Opera\u00e7\u00f5es Remotas\n\t\t\t\tFrota de embarca\u00e7\u00f5es\n\t\t\t\tServi\u00e7os de reparo de cabos\n\t\t\t\tSuporte \u00e0 coordena\u00e7\u00e3o mar\u00edtima\n\t\t\t\t\t\t\tCaracteriza\u00e7\u00e3o do local \n\t\t\t\t<p><img loading=\"lazy\" decoding=\"async\" src=\"https:\/\/www.oceaneering.com\/wp-content\/uploads\/2023\/10\/AUV-web-1024x576.jpeg\" alt=\"Autonomous Underwater Vehicle (AUV) enters on waterline.\" width=\"1024\" height=\"576\" \/><\/p>\n<h3>Caracteriza\u00e7\u00e3o do local<\/h3>\n<p>Nossos recursos incluem levantamentos geof\u00edsicos, geot\u00e9cnicos e s\u00edsmicos abrangentes, permitindo a coleta de dados precisos para a tomada de decis\u00f5es informadas em projetos e\u00f3licos offshore fixos. Opera\u00e7\u00f5es conduzidas a partir de nossas pesquisas espec\u00edficas <a href=\"https:\/\/www.oceaneering.com\/pt\/subsea-projects\/vessel-fleet\/\">Navio Ocean Intervention II<\/a> garantir avalia\u00e7\u00f5es precisas do local, essenciais para desenvolvimentos seguros e eficazes.<\/p>\n<p><a href=\"https:\/\/www.oceaneering.com\/pt\/survey-and-mapping\/geoscience-and-auv-surveys\/\">Saiba mais<\/a><\/p>\n\t\t\t\t\t\t\tLevantamento e posicionamento\n\t\t\t\t<p><img loading=\"lazy\" decoding=\"async\" src=\"https:\/\/www.oceaneering.com\/wp-content\/uploads\/2024\/01\/230323_C-Nav-Thumbnail_V1-edited-1024x576.jpg\" alt=\"Satellites orbiting earth.\" width=\"1024\" height=\"576\" \/><\/p>\n<h3>Levantamento e posicionamento<\/h3>\n<p>D\u00e9cadas de experi\u00eancia e acesso a uma frota de embarca\u00e7\u00f5es avan\u00e7adas e rob\u00f3tica submarina oferecem solu\u00e7\u00f5es seguras e econ\u00f4micas para investiga\u00e7\u00f5es de locais e pesquisas de posicionamento. Oceaneering <a href=\"https:\/\/www.oceaneering.com\/pt\/positioning-solutions\/\">Solu\u00e7\u00f5es de posicionamento C-Nav<\/a>O revolucion\u00e1rio servi\u00e7o de corre\u00e7\u00e3o baseado em sat\u00e9lite LEO usa os sat\u00e9lites Iridium\u00ae de \u00f3rbita terrestre baixa (LEO) para superar os problemas hist\u00f3ricos de mascaramento e altas latitudes, fornecendo os mais altos n\u00edveis de redund\u00e2ncia e tempo de atividade para dar suporte \u00e0s suas opera\u00e7\u00f5es.<\/p>\n<p><a href=\"https:\/\/www.oceaneering.com\/pt\/survey-and-mapping\/survey-and-positioning\/\">Saiba mais<\/a><\/p>\n\t\t\t\t\t\t\tSolu\u00e7\u00e3o de mitiga\u00e7\u00e3o de mam\u00edferos marinhos Ocean Perception\u2122 \n\t\t\t\t<p><img loading=\"lazy\" decoding=\"async\" src=\"https:\/\/www.oceaneering.com\/wp-content\/uploads\/2024\/05\/Whales-Nove2021-312-1024x576.jpg\" alt=\"A whale's tale above sea level.\" width=\"1024\" height=\"576\" \/><\/p>\n<h3>Solu\u00e7\u00e3o de mitiga\u00e7\u00e3o de mam\u00edferos marinhos Ocean Perception\u2122<\/h3>\n<p>Nossa solu\u00e7\u00e3o patenteada de software Ocean Perception revoluciona as opera\u00e7\u00f5es de monitoramento da vida selvagem marinha e, ao mesmo tempo, aumenta sua janela operacional para suportar opera\u00e7\u00f5es ininterruptas.<\/p>\n<p>A solu\u00e7\u00e3o utiliza sensores avan\u00e7ados, boias ac\u00fasticas e uma interface estrategicamente projetada e de f\u00e1cil utiliza\u00e7\u00e3o para observadores de esp\u00e9cies protegidas (PSOs) para agilizar as opera\u00e7\u00f5es e a consci\u00eancia situacional geral.<\/p>\n<p><a href=\"https:\/\/www.oceaneering.com\/pt\/renewable-energy-solutions\/fixed-offshore-wind\/ocean-perception\/\">Saiba mais<\/a><\/p>\n\t\t\t\t\t\t\tROV Isurus\u2122 Work Class \n\t\t\t\t<p><img loading=\"lazy\" decoding=\"async\" src=\"https:\/\/www.oceaneering.com\/wp-content\/uploads\/2024\/05\/19JW-03913-1024x576.jpg\" alt=\"The Isurus ROV overlocking dock in the UK.\" width=\"1024\" height=\"576\" \/><\/p>\n<h3>ROV Isurus\u2122 Work Class<\/h3>\n<p>Baseado em nosso sistema de ROV Magnum\u2122 comprovado em campo, o ROV Isurus combina pacotes hidr\u00e1ulicos e de propuls\u00e3o otimizados com um projeto hidrodin\u00e2mico para atender \u00e0s exig\u00eancias de ambientes desafiadores. O Isurus supera os desafios do clima e do estado do mar para aumentar a janela operacional, mantendo os cronogramas e reduzindo os custos.<\/p>\n<p>O Isurus \u00e9 ideal para escopos de trabalho que incluem instala\u00e7\u00e3o e comissionamento, coloca\u00e7\u00e3o de cabos, levantamentos de cabos antes e depois da coloca\u00e7\u00e3o, conex\u00e3o de cabos mensageiros e implanta\u00e7\u00e3o de rastreadores rob\u00f3ticos submarinos para inspe\u00e7\u00f5es de solda submarina.<\/p>\n<p><a href=\"https:\/\/www.oceaneering.com\/pt\/rov-services\/next-generation-subsea-vehicles\/isurus-rov\/\">Saiba mais<\/a><\/p>\n\t\t\t\t\t\t\tSolu\u00e7\u00f5es IMRGE\u2122 integradas e personaliz\u00e1veis para IMR\n\t\t\t\t<p><img loading=\"lazy\" decoding=\"async\" src=\"https:\/\/www.oceaneering.com\/wp-content\/uploads\/2024\/01\/230825_Artwork_01_USV_Freedom_v01-2-1-1024x576.jpg\" alt=\"Uncrewed Surface Vessel (USV) works with autonomous Underwater Vehicle (AUV) with vessel in background.\" width=\"1024\" height=\"576\" \/><\/p>\n<h3>IMRGE\u2122 Solu\u00e7\u00f5es IMR totalmente integradas e personaliz\u00e1veis<\/h3>\n<p>IMRGE\u2122, nossa abordagem totalmente integrada e personaliz\u00e1vel para IMR transforma a abordagem de opera\u00e7\u00f5es e manuten\u00e7\u00e3o usada em ativos e\u00f3licos fixos com solu\u00e7\u00f5es digitais avan\u00e7adas combinadas com t\u00e9cnicas de monitoramento de condi\u00e7\u00f5es para coletar, analisar e fazer recomenda\u00e7\u00f5es proativas que mant\u00eam suas opera\u00e7\u00f5es seguras, em conformidade e on-line.<\/p>\n<p>Nossa frota de rob\u00f3tica submarina de classe de observa\u00e7\u00e3o \u00e1gil e de tamanho adequado e <a href=\"https:\/\/www.oceaneering.com\/pt\/usv-services\/\">USVs<\/a>\u00a0oferecem outras vantagens, incluindo a redu\u00e7\u00e3o do OPEX e a depend\u00eancia da atividade baseada em embarca\u00e7\u00f5es necess\u00e1ria para manter os ativos.<\/p>\n<p><a href=\"https:\/\/www.oceaneering.com\/pt\/imrge-integrated-customizable-imr-solutions\/\">Saiba mais sobre o IMRGE\u2122<\/a><\/p>\n\t\t\t\t\t\t\tProgramas de opera\u00e7\u00e3o e manuten\u00e7\u00e3o \n\t\t\t\t<h3><img loading=\"lazy\" decoding=\"async\" src=\"https:\/\/www.oceaneering.com\/wp-content\/uploads\/2023\/12\/Capability-Statement-RRM-1-1024x576.jpg\" alt=\"Inspection engineers looking at computer.\" width=\"1024\" height=\"576\" \/><\/h3>\n<h3>Programas de opera\u00e7\u00e3o e manuten\u00e7\u00e3o<\/h3>\n<p>Oferecemos suporte abrangente a opera\u00e7\u00f5es e manuten\u00e7\u00e3o, incluindo engenharia de risco, confiabilidade e manuten\u00e7\u00e3o (RRM), inspe\u00e7\u00e3o de guindastes, monitoramento remoto e servi\u00e7os de inspe\u00e7\u00e3o de zonas de respingo.<\/p>\n<p>Os engenheiros de risco e confiabilidade desenvolvem planos de manuten\u00e7\u00e3o que garantem a efici\u00eancia operacional, a seguran\u00e7a, o tempo de atividade e a longevidade de seus ativos e\u00f3licos fixos, incluindo subesta\u00e7\u00f5es transformadoras offshore (OTS) e subesta\u00e7\u00f5es conversoras onshore para cabos de matriz e exporta\u00e7\u00e3o e entre eles.<\/p>\n<p><a href=\"https:\/\/www.oceaneering.com\/pt\/risk-reliability-and-maintenance-rrm\/\">Saiba mais<\/a><\/p>\n\t\t\t\t\t\t\tSistemas Rob\u00f3ticos Residentes e Opera\u00e7\u00f5es Remotas\n\t\t\t\t<p><img loading=\"lazy\" decoding=\"async\" src=\"https:\/\/www.oceaneering.com\/wp-content\/uploads\/2024\/04\/Freedom-Liberty-1024x576.jpg\" alt=\"Our Liberty\u2122 Resident System and Freedom AUV\u2122 subsea.\" width=\"1024\" height=\"576\" \/><\/p>\n<h3>Sistemas Rob\u00f3ticos Residentes e Opera\u00e7\u00f5es Remotas<\/h3>\n<p>Solu\u00e7\u00f5es rob\u00f3ticas submarinas residentes, incluindo nossa <a href=\"https:\/\/www.oceaneering.com\/pt\/rov-services\/next-generation-subsea-vehicles\/liberty-resident-system\/\">Sistema Residente Liberty\u2122<\/a> e <a href=\"https:\/\/www.oceaneering.com\/pt\/rov-services\/next-generation-subsea-vehicles\/freedom-autonomous-underwater-vehicle\/\">Freedom AUV\u2122<\/a>O sistema de controle de qualidade, que pode ser operado remotamente a partir de nossos Centros de Opera\u00e7\u00f5es Remotas Onshore (OROCs) localizados globalmente.<\/p>\n<p>Essa abordagem aumenta a supervis\u00e3o e a efici\u00eancia e, ao mesmo tempo, reduz a pegada de carbono e o risco dos projetos, al\u00e9m de ser essencial para garantir a economia do projeto, especialmente para os requisitos cont\u00ednuos de opera\u00e7\u00e3o e manuten\u00e7\u00e3o.<\/p>\n<p><a href=\"https:\/\/www.oceaneering.com\/pt\/rov-services\/next-generation-subsea-vehicles\/\">Saiba mais<\/a><\/p>\n\t\t\t\t\t\t\tFrota de navios \n\t\t\t\t<p><img loading=\"lazy\" decoding=\"async\" src=\"https:\/\/www.oceaneering.com\/wp-content\/uploads\/2023\/11\/ER19-642-edited-1-1024x576.jpeg\" alt=\"The MSV Ocean Evolution at sea.\" width=\"1024\" height=\"576\" \/><\/p>\n<h3>Frota de navios<\/h3>\n<p>Nossa frota de embarca\u00e7\u00f5es em conformidade com a Jones Act atende a diversos requisitos de projetos no Golfo do M\u00e9xico e nas costas leste e oeste dos Estados Unidos. Nosso Ocean Intervention II oferece uma extens\u00e3o completa de levantamento e posicionamento C-Nav, pode acomodar o Freedom AUV e nosso rec\u00e9m-adquirido <a href=\"https:\/\/www.oceaneering.com\/pt\/usv-services\/\">USV<\/a>.<\/p>\n<p>O <a href=\"https:\/\/www.oceaneering.com\/pt\/subsea-projects\/vessel-fleet\/ocean-evolution\/\">Ocean Evolution com bandeira dos EUA<\/a> oferece suporte aos seus projetos de constru\u00e7\u00e3o submarina e reparo de cabos com a embarca\u00e7\u00e3o mais ecologicamente correta e em conformidade com a Jones Act dispon\u00edvel no Golfo do M\u00e9xico. Nosso navio altamente capacitado <a href=\"https:\/\/www.oceaneering.com\/pt\/products\/normand-superior\/\">Normand Superior<\/a> aumenta nossos recursos globalmente, dando suporte aos seus diversos requisitos fixos de energia e\u00f3lica offshore.<\/p>\n<p><a href=\"https:\/\/www.oceaneering.com\/pt\/subsea-projects\/vessel-fleet\/\">Saiba mais<\/a><\/p>\n\t\t\t\t\t\t\tServi\u00e7os de reparo de cabos \n\t\t\t\t<p><img loading=\"lazy\" decoding=\"async\" src=\"https:\/\/www.oceaneering.com\/wp-content\/uploads\/2024\/05\/21AR-0203-1024x576.jpg\" alt=\"Panama City cable\/umbilical manufacturing facility.\" width=\"1024\" height=\"576\" \/><\/p>\n<h3>Servi\u00e7os de reparo de cabos<\/h3>\n<p>Nossa ampla experi\u00eancia e especializa\u00e7\u00e3o em reparos de cabos em todo o mundo nos permite oferecer servi\u00e7os que garantem confiabilidade, efici\u00eancia e seguran\u00e7a no processo de reparo.<\/p>\n<p>Nossa presen\u00e7a global garante acesso imediato aos recursos que seu escopo de reparos exige, desde ROVs e embarca\u00e7\u00f5es at\u00e9 t\u00e9cnicos especializados em testes e termina\u00e7\u00e3o de cabos. Nossa flexibilidade e capacidade de resposta, aliadas a um foco absoluto na seguran\u00e7a, proporcionam a tranquilidade de saber que os reparos ser\u00e3o conclu\u00eddos de forma eficiente, eficaz e com o m\u00ednimo de tempo de inatividade para seus ativos e\u00f3licos fixos offshore.<\/p>\n\t\t\t\t\t\t\tSuporte \u00e0 coordena\u00e7\u00e3o mar\u00edtima \n\t\t\t\t<p><img loading=\"lazy\" decoding=\"async\" src=\"https:\/\/www.oceaneering.com\/wp-content\/uploads\/2024\/05\/19IR-080458-1024x576.jpg\" alt=\"The AMIC control center in Houston, Texas. \" width=\"1024\" height=\"576\" \/><\/p>\n<h3>Suporte \u00e0 coordena\u00e7\u00e3o mar\u00edtima<\/h3>\n<p>Nosso Centro de Intelig\u00eancia de Monitoramento de Ativos (AMIC) oferece suporte a solu\u00e7\u00f5es de coordena\u00e7\u00e3o mar\u00edtima de energia e\u00f3lica offshore. Nossa equipe sediada nos EUA oferece servi\u00e7os de monitoramento e prote\u00e7\u00e3o de ativos offshore, fornecendo um hub centralizado para insights abrangentes e ininterruptos sobre ativos e\u00f3licos offshore. Com visibilidade em tempo real do status atual dos ativos, aprimoramos o processo de tomada de decis\u00f5es, otimizando a efici\u00eancia das opera\u00e7\u00f5es de rotina e de emerg\u00eancia.<\/p>\n<p>Nossos especialistas s\u00e3o especializados no processamento remoto de alertas de colis\u00e3o e invas\u00e3o, garantindo notifica\u00e7\u00f5es precisas e oportunas ao pessoal de bordo, quando necess\u00e1rio.<\/p>\n<p><a href=\"https:\/\/www.oceaneering.com\/pt\/asset-intelligence-and-management\/remote-asset-monitoring\/\">Saiba mais<\/a><\/p>\n\t\t\t\t\t\t\t\t\t<h3>Comprovado em campo. L\u00edder do setor.<\/h3>\n\t\t\t\t\t\t\t\t\t<p>Leia nossos estudos de caso que demonstram o sucesso em projetos e\u00f3licos offshore.<\/p>\n\t\t\t\t\t\t<a href=\"https:\/\/www.oceaneering.com\/pt\/resources\/?_content_types=case-study\" target=\"_self\">\n\t\t\t\t\t\t\t\tVer todos os estudos de caso\t\t\t\t\t\t\t\n\t\t\t\t\t\t\t\t\t\t\t\t\t<\/a>\n\t\t\t\t\t\t<button>\n\t\t\t\t\t\t\tAnterior\n\t\t\t\t\t\t<\/button>\n\t\t\t\t\t\t<button>\n\t\t\t\t\t\t\tPr\u00f3ximo\n\t\t\t\t\t\t<\/button>\n\t\t\t\t\t\t\t<a href=\"https:\/\/www.oceaneering.com\/pt\/case-studies\/development-of-maintenance-program-for-the-worlds-largest-offshore-wind-farm\/\">\n\t\t\t\t\t\t\t\t\t\t<img decoding=\"async\" src=\"https:\/\/www.oceaneering.com\/wp-content\/uploads\/2024\/04\/Wind-Farm.jpg\" alt=\"Offshore wind farm\"\/>\n\t\t\t\t\t\t\t\t\t\t<h3>Desenvolvimento de um programa de manuten\u00e7\u00e3o para o maior parque e\u00f3lico offshore do mundo<\/h3>\n\t\t\t\t\t\t\t\t\t\t<h3>Desenvolvimento de um programa de manuten\u00e7\u00e3o para o maior parque e\u00f3lico offshore do mundo<\/h3>\n\t\t\t\t\t\t\t\t\t\t\t\t\t\t\t\t\t\t\t\t\t<p>Oceaneering was contracted to complete the comprehensive maintenance scope for the Dogger Bank A offshore wind development&#8230;<\/p>\n\t\t\t\t\t\t\t\t\t\t\tSaiba mais\n\t\t\t\t\t\t\t<\/a>\n\t\t\t\t\t\t\t<a href=\"https:\/\/www.oceaneering.com\/pt\/case-studies\/oceaneerings-innovative-isurus-rov-reduces-cost-and-carbon-footprint-while-shortening-project-schedule\/\">\n\t\t\t\t\t\t\t\t\t\t<img decoding=\"async\" src=\"https:\/\/www.oceaneering.com\/wp-content\/uploads\/2023\/11\/DSC04024-scaled-1.jpg\" alt=\"Isurus ROV on deck awaiting deployment to support offshore wind installation project.\"\/>\n\t\t\t\t\t\t\t\t\t\t<h3>O ROV Isurus\u2122 oferece suporte a opera\u00e7\u00f5es de lan\u00e7amento de cabos mais eficientes <\/h3>\n\t\t\t\t\t\t\t\t\t\t<h3>O ROV Isurus\u2122 oferece suporte a opera\u00e7\u00f5es de lan\u00e7amento de cabos mais eficientes <\/h3>\n\t\t\t\t\t\t\t\t\t\t\t\t\t\t\t\t\t\t\t\t\t<p>In late 2019, a major offshore wind developer mobilized Oceaneering&#8217;s Isurus\u2122 ROV on one of its cable&#8230;<\/p>\n\t\t\t\t\t\t\t\t\t\t\tSaiba mais\n\t\t\t\t\t\t\t<\/a>\n\t\t\t\t\t\t\t<a href=\"https:\/\/www.oceaneering.com\/pt\/case-studies\/oceaneering-completes-successful-wind-turbine-anode-installation\/\">\n\t\t\t\t\t\t\t\t\t\t<img decoding=\"async\" src=\"https:\/\/www.oceaneering.com\/wp-content\/uploads\/2018\/11\/Case-Study-Oceaneering-completes-successful-wind-turbine-anode-installation-1.jpg\" alt=\"Oceaneering ROV on a vessel with an offshore wind farm in the background.\"\/>\n\t\t\t\t\t\t\t\t\t\t<h3>A Oceaneering conclui com sucesso a instala\u00e7\u00e3o de \u00e2nodo de turbina e\u00f3lica<\/h3>\n\t\t\t\t\t\t\t\t\t\t<h3>A Oceaneering conclui com sucesso a instala\u00e7\u00e3o de \u00e2nodo de turbina e\u00f3lica<\/h3>\n\t\t\t\t\t\t\t\t\t\t\t\t\t\t\t\t\t\t\t\t\t<p>Oceaneering was contracted by a leading geotechnical and offshore solutions provider to install anti-corrosion plate anode clamps&#8230;<\/p>\n\t\t\t\t\t\t\t\t\t\t\tSaiba mais\n\t\t\t\t\t\t\t<\/a>\n\n\t\tEntre em contato conosco\n\t\n<h2>\n\t\tNossa equipe de especialistas est\u00e1 pronta para ajud\u00e1-lo a come\u00e7ar.\n\t<\/h2>\n\t<p>A Oceaneering oferece os melhores produtos e solu\u00e7\u00f5es da categoria, respaldados por qualidade, confiabilidade e suporte global inigual\u00e1veis. Preencha o formul\u00e1rio de consulta para iniciar uma conversa hoje mesmo.<\/p>","protected":false},"excerpt":{"rendered":"<p>Discuta um projeto Solu\u00e7\u00f5es de energia renov\u00e1vel E\u00f3lica offshore fixa Eleve a economia do seu projeto com solu\u00e7\u00f5es comprovadas e eficientes. Aumento da efici\u00eancia em todas as opera\u00e7\u00f5es Os desenvolvimentos de energia e\u00f3lica offshore fixa s\u00e3o fundamentais para alcan\u00e7ar a redu\u00e7\u00e3o global de carbono e as metas de zero l\u00edquido. Com d\u00e9cadas de experi\u00eancia em energia offshore e constru\u00e7\u00e3o mar\u00edtima complexa, estamos equipados para atender aos requisitos espec\u00edficos ... <a title=\"E\u00f3lica offshore fixa\" class=\"read-more\" href=\"https:\/\/www.oceaneering.com\/pt\/renewable-energy-solutions\/fixed-offshore-wind\/\" aria-label=\"Leia mais sobre a energia e\u00f3lica offshore fixa\">Leia mais<\/a><\/p>","protected":false},"author":25,"featured_media":0,"parent":61160,"menu_order":0,"comment_status":"closed","ping_status":"closed","template":"","meta":{"_acf_changed":false,"footnotes":"","_links_to":"","_links_to_target":""},"product_category":[1159],"search_tags":[2001,1398],"class_list":["post-71741","page","type-page","status-publish","product_category-renewables","search_tags-fixed-offshore-wind","search_tags-renewable-energy"],"acf":[],"aioseo_notices":[],"_links":{"self":[{"href":"https:\/\/www.oceaneering.com\/pt\/wp-json\/wp\/v2\/pages\/71741","targetHints":{"allow":["GET"]}}],"collection":[{"href":"https:\/\/www.oceaneering.com\/pt\/wp-json\/wp\/v2\/pages"}],"about":[{"href":"https:\/\/www.oceaneering.com\/pt\/wp-json\/wp\/v2\/types\/page"}],"author":[{"embeddable":true,"href":"https:\/\/www.oceaneering.com\/pt\/wp-json\/wp\/v2\/users\/25"}],"replies":[{"embeddable":true,"href":"https:\/\/www.oceaneering.com\/pt\/wp-json\/wp\/v2\/comments?post=71741"}],"version-history":[{"count":1,"href":"https:\/\/www.oceaneering.com\/pt\/wp-json\/wp\/v2\/pages\/71741\/revisions"}],"predecessor-version":[{"id":80563,"href":"https:\/\/www.oceaneering.com\/pt\/wp-json\/wp\/v2\/pages\/71741\/revisions\/80563"}],"up":[{"embeddable":true,"href":"https:\/\/www.oceaneering.com\/pt\/wp-json\/wp\/v2\/pages\/61160"}],"wp:attachment":[{"href":"https:\/\/www.oceaneering.com\/pt\/wp-json\/wp\/v2\/media?parent=71741"}],"wp:term":[{"taxonomy":"product_category","embeddable":true,"href":"https:\/\/www.oceaneering.com\/pt\/wp-json\/wp\/v2\/product_category?post=71741"},{"taxonomy":"search_tags","embeddable":true,"href":"https:\/\/www.oceaneering.com\/pt\/wp-json\/wp\/v2\/search_tags?post=71741"}],"curies":[{"name":"wp","href":"https:\/\/api.w.org\/{rel}","templated":true}]}}