{"id":71671,"date":"2024-04-08T07:26:36","date_gmt":"2024-04-08T12:26:36","guid":{"rendered":"https:\/\/www.oceaneering.com\/?page_id=71671"},"modified":"2024-11-19T03:38:12","modified_gmt":"2024-11-19T09:38:12","slug":"floating-offshore-wind","status":"publish","type":"page","link":"https:\/\/www.oceaneering.com\/pt\/renewable-energy-solutions\/floating-offshore-wind\/","title":{"rendered":"E\u00f3lica offshore flutuante"},"content":{"rendered":"<a href=\"https:\/\/www.oceaneering.com\/pt\/renewable-energy-solutions\/#contact\" target=\"_self\">\n\t\t\t\t\t\t\tDiscutir um projeto\n\t\t\t\t\t<\/a>\n\t\tSolu\u00e7\u00f5es de energia renov\u00e1vel\n<h1>\n\t\tE\u00f3lica offshore flutuante\n\t<\/h1>\n\t<p>Inovando com solu\u00e7\u00f5es comprovadas em campo para otimizar o CAPEX e o OPEX.<\/p>\n<h2>\n\t\tAproveite o poder da energia e\u00f3lica offshore flutuante\n\t<\/h2>\n\t<p>Nossa abordagem para projetos e\u00f3licos offshore flutuantes integra tecnologias de ponta e servi\u00e7os confi\u00e1veis, aperfei\u00e7oados por meio de ampla experi\u00eancia em condi\u00e7\u00f5es mar\u00edtimas desafiadoras, incluindo \u00e1reas de alta correnteza. Priorizamos a seguran\u00e7a sem comprometer a rela\u00e7\u00e3o custo-benef\u00edcio e nossas solu\u00e7\u00f5es s\u00e3o projetadas para aumentar a economia do seu projeto e maximizar o tempo de atividade operacional.<\/p>\n<h3>\n\t\tExecutar opera\u00e7\u00f5es em ambientes agressivos e din\u00e2micos\n\t<\/h3>\n<h3>\n\t\tOtimizar os programas de opera\u00e7\u00e3o e manuten\u00e7\u00e3o \n\t<\/h3>\n<h3>\n\t\tAumente a economia do projeto e reduza os riscos com a rob\u00f3tica residente \n\t<\/h3>\n<h2>\n\t\tSolu\u00e7\u00f5es abrangentes de ciclo de vida para projetos e\u00f3licos offshore\n\t<\/h2>\n\t<p>Nossas tecnologias inovadoras e amplas ofertas de servi\u00e7os foram projetadas para lidar com as complexidades de ambientes offshore desafiadores, incluindo \u00e1guas mais profundas, abrindo grandes oportunidades para gerar energia e\u00f3lica renov\u00e1vel. Nossa experi\u00eancia na navega\u00e7\u00e3o em ambientes adversos nos capacita a atender \u00e0s necessidades de ciclo de vida completo de seus projetos e\u00f3licos flutuantes na Europa Ocidental, na Am\u00e9rica do Norte e na regi\u00e3o da \u00c1sia-Pac\u00edfico.<\/p>\n\t\t\t<a href=\"https:\/\/oceaneering.canto.com\/download\/document\/m149hqu6315ofb50lbm90l7f7j\/original.pdf\" target=\"_blank\" rel=\"noopener\">\n\t\t\t\t\t\t\tSuporte \u00e0 energia e\u00f3lica offshore flutuante com solu\u00e7\u00f5es de ciclo de vida completo\n\t\t\t\t\t<\/a>\n\t\t\t\tCaracteriza\u00e7\u00e3o do local\n\t\t\t\tServi\u00e7os de levantamento e posicionamento\n\t\t\t\tSistemas rob\u00f3ticos residentes e opera\u00e7\u00f5es remotas\n\t\t\t\tTecnologias avan\u00e7adas de monitoramento, inspe\u00e7\u00e3o e manuten\u00e7\u00e3o de condi\u00e7\u00f5es de ativos\n\t\t\t\tInspe\u00e7\u00e3o subaqu\u00e1tica em lugar de docagem (UWILD) e pesquisa peri\u00f3dica especial (SPS)\n\t\t\t\tROV Isurus\u2122 Work Class\n\t\t\t\tFabrica\u00e7\u00e3o de cabos Dynamic Inter Array\n\t\t\t\t\u00c2ncoras de suc\u00e7\u00e3o\n\t\t\t\tIMRGE\u2122 Solu\u00e7\u00f5es IMR integradas e personaliz\u00e1veis\n\t\t\t\t\t\t\tCaracteriza\u00e7\u00e3o do local\n\t\t\t\t<p><img loading=\"lazy\" decoding=\"async\" src=\"https:\/\/www.oceaneering.com\/wp-content\/uploads\/2024\/01\/230825_Artwork_01_USV_Freedom_v01-2-1-1024x576.jpg\" alt=\"\" width=\"1024\" height=\"576\" \/><\/p>\n<h3>Caracteriza\u00e7\u00e3o do local<\/h3>\n<p>Nossos recursos incluem levantamentos geof\u00edsicos, geot\u00e9cnicos e s\u00edsmicos abrangentes, permitindo a coleta de dados precisos para a tomada de decis\u00f5es informadas em projetos e\u00f3licos offshore fixos. Opera\u00e7\u00f5es conduzidas a partir de nossas pesquisas espec\u00edficas <a href=\"https:\/\/www.oceaneering.com\/pt\/subsea-projects\/vessel-fleet\/\">Navio Ocean Intervention II<\/a> garantir avalia\u00e7\u00f5es precisas do local, essenciais para desenvolvimentos seguros e eficazes.<\/p>\n<p><a href=\"https:\/\/www.oceaneering.com\/pt\/survey-and-mapping\/geoscience-and-auv-surveys\/\">Saiba mais<\/a><\/p>\n\t\t\t\t\t\t\tServi\u00e7os de levantamento e posicionamento \n\t\t\t\t<p><img loading=\"lazy\" decoding=\"async\" src=\"https:\/\/www.oceaneering.com\/wp-content\/uploads\/2024\/01\/230323_C-Nav-Thumbnail_V1-edited-1024x576.jpg\" alt=\"\" width=\"1024\" height=\"576\" \/><\/p>\n<h3>Servi\u00e7os de levantamento e posicionamento<\/h3>\n<p>Combinamos nossa frota de embarca\u00e7\u00f5es avan\u00e7adas e rob\u00f3tica submarina para oferecer solu\u00e7\u00f5es seguras e econ\u00f4micas para investiga\u00e7\u00f5es de locais, servi\u00e7os de posicionamento de \u00e2ncoras de amarra\u00e7\u00e3o e monitoramento de excurs\u00f5es.<\/p>\n<p>Oceaneering <a href=\"https:\/\/www.oceaneering.com\/pt\/positioning-solutions\/\">Solu\u00e7\u00f5es de posicionamento C-Nav\u00ae'<\/a> O servi\u00e7o de corre\u00e7\u00e3o baseado em sat\u00e9lite LEO usa os sat\u00e9lites Iridium\u00ae de \u00f3rbita terrestre baixa (LEO) para superar os problemas hist\u00f3ricos de mascaramento e altas latitudes, fornecendo os mais altos n\u00edveis de redund\u00e2ncia e tempo de atividade.<\/p>\n<p><a href=\"https:\/\/www.oceaneering.com\/pt\/survey-and-mapping\/survey-and-positioning\/\">Saiba mais sobre nossos servi\u00e7os de levantamento e posicionamento<\/a><\/p>\n\t\t\t\t\t\t\tSistemas Rob\u00f3ticos Residentes e Opera\u00e7\u00f5es Remotas \n\t\t\t\t<p><img loading=\"lazy\" decoding=\"async\" src=\"https:\/\/www.oceaneering.com\/wp-content\/uploads\/2024\/04\/Freedom-Liberty-1024x576.jpg\" alt=\"our LibertyTM Resident System and Freedom AUV\u2122.\" width=\"1024\" height=\"576\" \/><\/p>\n<h3>Sistemas Rob\u00f3ticos Residentes e Opera\u00e7\u00f5es Remotas<\/h3>\n<p>Solu\u00e7\u00f5es rob\u00f3ticas submarinas residentes, incluindo nossa <a href=\"https:\/\/www.oceaneering.com\/pt\/rov-services\/next-generation-subsea-vehicles\/liberty-e-rov\/\">Sistema Residente Liberty\u2122<\/a> e <a href=\"https:\/\/www.oceaneering.com\/pt\/rov-services\/next-generation-subsea-vehicles\/freedom-autonomous-underwater-vehicle\/\">Freedom AUV\u2122<\/a>O sistema de controle de emiss\u00f5es de gases de efeito estufa, que pode ser operado remotamente a partir de nossos Centros de Opera\u00e7\u00f5es Remotas Onshore (OROCs) localizados globalmente, aumentando a supervis\u00e3o e a efici\u00eancia e reduzindo a pegada de carbono e o risco dos projetos.<\/p>\n<p>O uso de rob\u00f3tica submarina residente e operada remotamente \u00e9 essencial para garantir a economia do projeto, especialmente para opera\u00e7\u00f5es cont\u00ednuas e requisitos de manuten\u00e7\u00e3o.<\/p>\n<p>A recente adi\u00e7\u00e3o de um <a href=\"https:\/\/www.oceaneering.com\/pt\/usv-services\/\">DriX USV<\/a>\u00a0\u00e0 nossa frota introduz um multiplicador de for\u00e7a como uma embarca\u00e7\u00e3o-m\u00e3e de apoio aos AUVs ou para opera\u00e7\u00f5es de pesquisa independentes.<\/p>\n<p><a href=\"https:\/\/www.oceaneering.com\/pt\/rov-services\/next-generation-subsea-vehicles\/\">Saiba mais sobre nossos servi\u00e7os de rob\u00f3tica submarina de \u00faltima gera\u00e7\u00e3o<\/a><\/p>\n\t\t\t\t\t\t\tTecnologias avan\u00e7adas de monitoramento, inspe\u00e7\u00e3o e manuten\u00e7\u00e3o de condi\u00e7\u00f5es de ativos\n\t\t\t\t<p><img loading=\"lazy\" decoding=\"async\" src=\"https:\/\/www.oceaneering.com\/wp-content\/uploads\/2024\/04\/Freedom-scanning-Mooring-1024x576.jpg\" alt=\"Freedom scanning a mooring chain.\" width=\"1024\" height=\"576\" \/><\/p>\n<h3>Tecnologias avan\u00e7adas de monitoramento, inspe\u00e7\u00e3o e manuten\u00e7\u00e3o de condi\u00e7\u00f5es de ativos<\/h3>\n<p>Usamos solu\u00e7\u00f5es digitais para coletar e analisar dados, fornecendo insights para a tomada de decis\u00f5es informadas e em tempo real, essenciais para garantir o tempo de atividade de seus ativos. A tecnologia avan\u00e7ada, incluindo fotogrametria e metrologia visual, complementa os recursos de monitoramento de condi\u00e7\u00f5es, permitindo que nossas equipes usem an\u00e1lise preditiva e engenharia para dar suporte a uma abordagem din\u00e2mica e proativa ao planejamento da manuten\u00e7\u00e3o.<\/p>\n<p>Nosso <a href=\"https:\/\/www.oceaneering.com\/pt\/intervention-tooling-search\/?_intervention_tooling_categories=cleaning-and-coating-removal-tools\">ferramentas de limpeza mec\u00e2nicas tradicionais e rob\u00f3ticas avan\u00e7adas<\/a> garantir a manuten\u00e7\u00e3o adequada dos cabos e linhas de amarra\u00e7\u00e3o usados para prender suas estruturas flutuantes.<\/p>\n\t\t\t\t\t\t\tInspe\u00e7\u00e3o subaqu\u00e1tica em lugar de docagem (UWILD) e vistoria peri\u00f3dica especial (SPS)\n\t\t\t\t<p><img loading=\"lazy\" decoding=\"async\" src=\"https:\/\/www.oceaneering.com\/wp-content\/uploads\/2024\/04\/UWILD-3-1024x576.jpg\" alt=\"ROV cleaning mooring chain.\" width=\"1024\" height=\"576\" \/><\/p>\n<h3>Inspe\u00e7\u00e3o subaqu\u00e1tica em lugar de docagem (UWILD) e vistoria peri\u00f3dica especial (SPS)<\/h3>\n<p>Nossas d\u00e9cadas de experi\u00eancia na realiza\u00e7\u00e3o das inspe\u00e7\u00f5es de classe exigidas para unidades m\u00f3veis offshore (MOUs) nos equipam com a compet\u00eancia e a tecnologia para atender \u00e0s suas necessidades, incluindo inspe\u00e7\u00e3o subaqu\u00e1tica em vez de docagem (UWILD), inspe\u00e7\u00e3o de linha de amarra\u00e7\u00e3o e limpeza de crescimento marinho.<\/p>\n<p><a href=\"https:\/\/www.oceaneering.com\/pt\/asset-integrity\/floating-systems-inspection-and-integrity-services\/special-periodic-surveys-and-uwild\/\">Saiba mais sobre o UWILD e o SPS<\/a><\/p>\n\t\t\t\t\t\t\tROV Isurus\u2122 Work Class \n\t\t\t\t<p><img loading=\"lazy\" decoding=\"async\" src=\"https:\/\/www.oceaneering.com\/wp-content\/uploads\/2024\/05\/19JW-03913-1024x576.jpg\" alt=\"\" width=\"1024\" height=\"576\" \/><\/p>\n<h3>ROV Isurus\u2122 Work Class<\/h3>\n<p>O Isurus combina pacotes hidr\u00e1ulicos e de propuls\u00e3o otimizados com um projeto hidrodin\u00e2mico para atender \u00e0s exig\u00eancias de ambientes desafiadores. Esse ROV constru\u00eddo para o vento supera as condi\u00e7\u00f5es adversas do clima e do estado do mar para aumentar sua janela operacional, ajudando seus projetos a manter o cronograma e o or\u00e7amento.<\/p>\n<p>O Isurus \u00e9 ideal para escopos de trabalho que incluem a instala\u00e7\u00e3o de cabos, levantamentos de cabos antes e depois da instala\u00e7\u00e3o, conex\u00e3o de cabos mensageiros e implanta\u00e7\u00e3o de rastreadores rob\u00f3ticos submarinos para inspe\u00e7\u00f5es de soldas submarinas.<\/p>\n<p><a href=\"https:\/\/www.oceaneering.com\/pt\/rov-services\/next-generation-subsea-vehicles\/isurus-rov\/\">Saiba mais sobre o Isurus\u2122 ROV<\/a><\/p>\n\t\t\t\t\t\t\tFabrica\u00e7\u00e3o de cabos Dynamic Inter Array \n\t\t\t\t<p><img loading=\"lazy\" decoding=\"async\" src=\"https:\/\/www.oceaneering.com\/wp-content\/uploads\/2024\/04\/19GR-0190-1024x682.jpg\" alt=\"The cable\/umbilicals facility in Rosyth, Scotland.\" width=\"1024\" height=\"682\" \/><\/p>\n<h3>Fabrica\u00e7\u00e3o de cabos Dynamic Inter Array<\/h3>\n<p>Com ampla experi\u00eancia no fornecimento de cabos din\u00e2micos para os projetos mais desafiadores do mundo, nossas instala\u00e7\u00f5es globais de fabrica\u00e7\u00e3o s\u00e3o versadas nos requisitos de engenharia, fabrica\u00e7\u00e3o, testes, instala\u00e7\u00e3o e opera\u00e7\u00e3o dos projetos e\u00f3licos flutuantes.<\/p>\n<p>A experi\u00eancia em design e fabrica\u00e7\u00e3o de cabos din\u00e2micos para \u00e1guas profundas garante que seus projetos sejam apoiados por componentes cr\u00edticos robustos e de alta qualidade, projetados para reduzir falhas nos cabos.<\/p>\n<p>Nosso <a href=\"https:\/\/www.oceaneering.com\/pt\/oceaneering-achieves-fit-4-offshore-renewables-f4or-granted-status-at-rosyth-scotland-cable-facility\/\">Instala\u00e7\u00e3o de Rosyth recebe o status Fit4OffshoreRenewables<\/a>demonstrando nosso compromisso com o setor e\u00f3lico offshore.<\/p>\n<p><a href=\"https:\/\/www.oceaneering.com\/pt\/subsea-distribution-solutions\/products\/\">Saiba mais sobre nossos recursos de fabrica\u00e7\u00e3o de cabos<\/a><\/p>\n\t\t\t\t\t\t\t\u00c2ncoras de suc\u00e7\u00e3o\n\t\t\t\t<p><img loading=\"lazy\" decoding=\"async\" src=\"https:\/\/www.oceaneering.com\/wp-content\/uploads\/2024\/04\/22BW001-2-1024x576.jpg\" alt=\"Isurus ROV with suction anchor.\" width=\"1024\" height=\"576\" \/><\/p>\n<h3>\u00c2ncoras de suc\u00e7\u00e3o<\/h3>\n<p>Nossa \u00e2ncora de suc\u00e7\u00e3o patenteada com tampa reutiliz\u00e1vel reduz o custo nivelado de energia usando um projeto que permite a recupera\u00e7\u00e3o e a reutiliza\u00e7\u00e3o do chap\u00e9u superior da \u00e2ncora, reduzindo os custos e as emiss\u00f5es.<\/p>\n<p>As \u00e2ncoras de suc\u00e7\u00e3o melhoram a economia do projeto e, ao mesmo tempo, mant\u00eam a funcionalidade necess\u00e1ria de um sistema de amarra\u00e7\u00e3o, proporcionando economias que crescem exponencialmente com o tamanho do campo e o di\u00e2metro das \u00e2ncoras necess\u00e1rias.<\/p>\n\t\t\t\t\t\t\tSolu\u00e7\u00f5es IMRGE\u2122 integradas e personaliz\u00e1veis para IMR\n\t\t\t\t<p><img loading=\"lazy\" decoding=\"async\" src=\"https:\/\/www.oceaneering.com\/wp-content\/uploads\/2024\/05\/Normand-Superior-2-1024x575.jpg\" alt=\"Norman Superior at sea.\" width=\"1024\" height=\"575\" \/><\/p>\n<h3>Solu\u00e7\u00f5es IMRGE\u2122 integradas e personaliz\u00e1veis para IMR<\/h3>\n<p>O IMRGE\u2122 usa uma abordagem \u00e1gil e do tamanho certo, aumentando a efici\u00eancia e permitindo a tomada de decis\u00f5es informadas. Nossos sistemas avan\u00e7ados de fotogrametria e escaneamento a laser suportam modelos de compara\u00e7\u00e3o e sobreposi\u00e7\u00f5es precisas, permitindo otimizar a execu\u00e7\u00e3o e o planejamento da manuten\u00e7\u00e3o dos componentes submarinos dos seus ativos flutuantes, incluindo linhas de amarra\u00e7\u00e3o e correntes.<\/p>\n<p><a href=\"https:\/\/www.oceaneering.com\/pt\/imrge-integrated-customizable-imr-solutions\/\">Saiba mais sobre o IMRGE\u2122<\/a><\/p>\n\t\t\t\t\t\t\t\t\t<h3>Comprovado em campo. L\u00edder do setor.<\/h3>\n\t\t\t\t\t\t\t\t\t<p>Leia nossos estudos de caso que demonstram o sucesso em projetos e\u00f3licos offshore.<\/p>\n\t\t\t\t\t\t<a href=\"https:\/\/www.oceaneering.com\/pt\/resources\/?_content_types=case-study\" target=\"_self\">\n\t\t\t\t\t\t\t\tVer todos os estudos de caso\t\t\t\t\t\t\t\n\t\t\t\t\t\t\t\t\t\t\t\t\t<\/a>\n\t\t\t\t\t\t<button>\n\t\t\t\t\t\t\tAnterior\n\t\t\t\t\t\t<\/button>\n\t\t\t\t\t\t<button>\n\t\t\t\t\t\t\tPr\u00f3ximo\n\t\t\t\t\t\t<\/button>\n\t\t\t\t\t\t\t<a href=\"https:\/\/www.oceaneering.com\/pt\/case-studies\/oceaneering-subsea-robotics-supports-floating-offshore-wind-installation-offshore-spain\/\">\n\t\t\t\t\t\t\t\t\t\t<img decoding=\"async\" src=\"https:\/\/www.oceaneering.com\/wp-content\/uploads\/2024\/01\/Wind-turbine-1.jpg\" alt=\"\"\/>\n\t\t\t\t\t\t\t\t\t\t<h3>Equipe de ROVs d\u00e1 suporte \u00e0 instala\u00e7\u00e3o de turbinas e\u00f3licas flutuantes na Espanha<\/h3>\n\t\t\t\t\t\t\t\t\t\t<h3>Equipe de ROVs d\u00e1 suporte \u00e0 instala\u00e7\u00e3o de turbinas e\u00f3licas flutuantes na Espanha<\/h3>\n\t\t\t\t\t\t\t\t\t\t\t\t\t\t\t\t\t\t\t\t\t<p>Vis\u00e3o geral Em agosto de 2023, uma equipe da Oceaneering e um ve\u00edculo operado remotamente (ROV) Magnum\u00ae foram usados para apoiar o...<\/p>\n\t\t\t\t\t\t\t\t\t\t\tSaiba mais\n\t\t\t\t\t\t\t<\/a>\n\t\t\t\t\t\t\t<a href=\"https:\/\/www.oceaneering.com\/pt\/case-studies\/oceaneering-subsea-robotics-supports-installation-project-at-the-worlds-largest-offshore-floating-wind-project\/\">\n\t\t\t\t\t\t\t\t\t\t<img decoding=\"async\" src=\"https:\/\/www.oceaneering.com\/wp-content\/uploads\/2023\/11\/Windmills-offshore-1.jpg\" alt=\"\"\/>\n\t\t\t\t\t\t\t\t\t\t<h3>Instala\u00e7\u00e3o bem-sucedida de cabos din\u00e2micos entre arranjos no maior projeto e\u00f3lico flutuante offshore do mundo<\/h3>\n\t\t\t\t\t\t\t\t\t\t<h3>Instala\u00e7\u00e3o bem-sucedida de cabos din\u00e2micos entre arranjos no maior projeto e\u00f3lico flutuante offshore do mundo<\/h3>\n\t\t\t\t\t\t\t\t\t\t\t\t\t\t\t\t\t\t\t\t\t<p>Vis\u00e3o geral No segundo trimestre de 2023, uma equipe de projeto da Oceaneering e ve\u00edculos operados remotamente (ROVs) foram usados para...<\/p>\n\t\t\t\t\t\t\t\t\t\t\tSaiba mais\n\t\t\t\t\t\t\t<\/a>\n\t\t\t\t\t\t\t<a href=\"https:\/\/www.oceaneering.com\/pt\/case-studies\/oceaneering-rovs-support-installation-of-offshore-floating-wind-turbines-off-the-french-coast\/\">\n\t\t\t\t\t\t\t\t\t\t<img decoding=\"async\" src=\"https:\/\/www.oceaneering.com\/wp-content\/uploads\/2023\/11\/Wind-turbines-edited.jpg\" alt=\"\"\/>\n\t\t\t\t\t\t\t\t\t\t<h3>ROVs da Oceaneering apoiam a instala\u00e7\u00e3o de turbinas e\u00f3licas flutuantes na Fran\u00e7a<\/h3>\n\t\t\t\t\t\t\t\t\t\t<h3>ROVs da Oceaneering apoiam a instala\u00e7\u00e3o de turbinas e\u00f3licas flutuantes na Fran\u00e7a<\/h3>\n\t\t\t\t\t\t\t\t\t\t\t\t\t\t\t\t\t\t\t\t\t<p>Vis\u00e3o geral Em outubro de 2023, os ve\u00edculos operados remotamente (ROVs) da Oceaneering no navio Normand Installer conclu\u00edram um escopo de trabalho...<\/p>\n\t\t\t\t\t\t\t\t\t\t\tSaiba mais\n\t\t\t\t\t\t\t<\/a>\n<h1>\n\t\tEntre em contato conosco\n\t<\/h1>\n<h2>\n\t\tNossa equipe de especialistas est\u00e1 pronta para ajud\u00e1-lo a come\u00e7ar.\n\t<\/h2>\n\t<p>A Oceaneering oferece os melhores produtos e solu\u00e7\u00f5es da categoria, respaldados por qualidade, confiabilidade e suporte global inigual\u00e1veis. Preencha o formul\u00e1rio de consulta para iniciar uma conversa hoje mesmo.<\/p>","protected":false},"excerpt":{"rendered":"<p>Discuta um projeto Solu\u00e7\u00f5es de energia renov\u00e1vel E\u00f3lica offshore flutuante Inovando com solu\u00e7\u00f5es comprovadas em campo para otimizar o CAPEX e o OPEX. Aproveite o poder da energia e\u00f3lica offshore flutuante Nossa abordagem para projetos e\u00f3licos offshore flutuantes integra tecnologias de ponta e servi\u00e7os confi\u00e1veis, aperfei\u00e7oados por meio de uma vasta experi\u00eancia em condi\u00e7\u00f5es mar\u00edtimas desafiadoras, incluindo \u00e1reas de alta correnteza. Priorizamos a seguran\u00e7a sem comprometer a rela\u00e7\u00e3o custo-benef\u00edcio... <a title=\"E\u00f3lica offshore flutuante\" class=\"read-more\" href=\"https:\/\/www.oceaneering.com\/pt\/renewable-energy-solutions\/floating-offshore-wind\/\" aria-label=\"Leia mais sobre E\u00f3lica offshore flutuante\">Leia mais<\/a><\/p>","protected":false},"author":25,"featured_media":0,"parent":61160,"menu_order":0,"comment_status":"closed","ping_status":"closed","template":"","meta":{"_acf_changed":false,"footnotes":"","_links_to":"","_links_to_target":""},"product_category":[1159],"search_tags":[1993,1398],"class_list":["post-71671","page","type-page","status-publish","product_category-renewables","search_tags-floating-offshore-wind","search_tags-renewable-energy"],"acf":[],"aioseo_notices":[],"_links":{"self":[{"href":"https:\/\/www.oceaneering.com\/pt\/wp-json\/wp\/v2\/pages\/71671","targetHints":{"allow":["GET"]}}],"collection":[{"href":"https:\/\/www.oceaneering.com\/pt\/wp-json\/wp\/v2\/pages"}],"about":[{"href":"https:\/\/www.oceaneering.com\/pt\/wp-json\/wp\/v2\/types\/page"}],"author":[{"embeddable":true,"href":"https:\/\/www.oceaneering.com\/pt\/wp-json\/wp\/v2\/users\/25"}],"replies":[{"embeddable":true,"href":"https:\/\/www.oceaneering.com\/pt\/wp-json\/wp\/v2\/comments?post=71671"}],"version-history":[{"count":0,"href":"https:\/\/www.oceaneering.com\/pt\/wp-json\/wp\/v2\/pages\/71671\/revisions"}],"up":[{"embeddable":true,"href":"https:\/\/www.oceaneering.com\/pt\/wp-json\/wp\/v2\/pages\/61160"}],"wp:attachment":[{"href":"https:\/\/www.oceaneering.com\/pt\/wp-json\/wp\/v2\/media?parent=71671"}],"wp:term":[{"taxonomy":"product_category","embeddable":true,"href":"https:\/\/www.oceaneering.com\/pt\/wp-json\/wp\/v2\/product_category?post=71671"},{"taxonomy":"search_tags","embeddable":true,"href":"https:\/\/www.oceaneering.com\/pt\/wp-json\/wp\/v2\/search_tags?post=71671"}],"curies":[{"name":"wp","href":"https:\/\/api.w.org\/{rel}","templated":true}]}}