{"id":70174,"date":"2024-01-24T03:44:05","date_gmt":"2024-01-24T08:44:05","guid":{"rendered":"https:\/\/oceaneering.com\/?page_id=70174"},"modified":"2025-10-20T09:42:18","modified_gmt":"2025-10-20T14:42:18","slug":"oceaneering-turns-60","status":"publish","type":"page","link":"https:\/\/www.oceaneering.com\/pt\/about\/oceaneering-turns-60\/","title":{"rendered":"A Oceaneering completa 60 anos"},"content":{"rendered":"<a href=\"https:\/\/www.oceaneering.com\/pt\/about\/#contact\" target=\"_self\">\r\n\t\t\t\t\t\t\tEntre em contato conosco\r\n\t\t\t\t\t<\/a>\r\n\t\tAbout Us &#8211; History\r\n<h1>\r\n\t\tComemorando seis d\u00e9cadas de lideran\u00e7a\r\n\t<\/h1>\r\n\t<p>Veja como resolvemos o insol\u00favel h\u00e1 mais de 60 anos.<\/p>\r\n<h2>\r\n\t\tLideran\u00e7a pioneira no setor\r\n\t<\/h2>\r\n\t<p>H\u00e1 mais de seis d\u00e9cadas, a Oceaneering International representa <strong>Seguran\u00e7a, lideran\u00e7a e inova\u00e7\u00e3o<\/strong>. Desde a nossa funda\u00e7\u00e3o em 1964, rompemos barreiras, definimos padr\u00f5es do setor e ousamos resolver desafios insol\u00faveis.<\/p>\r\n<h2>\r\n\t\tDe um come\u00e7o humilde a um provedor de tecnologia de primeira linha\r\n\t<\/h2>\r\n\t<p>Ajudamos nossos clientes a explorar as maiores profundidades e as maiores alturas - do mar ao espa\u00e7o. Estamos ansiosos para os pr\u00f3ximos 60 anos, resolvendo os desafios mais dif\u00edceis de nossos clientes. Junte-se a n\u00f3s enquanto continuamos a <a href=\"https:\/\/www.oceaneering.com\/pt\/about\/mission-vision-and-values\/\">Resolver o insol\u00favel<\/a>.<\/p>\r\n<h2>\r\n\t\tResolvendo o insol\u00favel h\u00e1 mais de 60 anos\r\n\t<\/h2>\r\n\t<p>Em comemora\u00e7\u00e3o \u00e0s nossas mais de seis d\u00e9cadas de inova\u00e7\u00e3o e lideran\u00e7a, o Presidente e CEO da Oceaneering, Rod Larson, discute nossa jornada de uma humilde empresa de mergulho no Golfo do M\u00e9xico a um importante fornecedor de engenharia e tecnologia.<\/p>\r\n\t\t\t<img decoding=\"async\" src=\"https:\/\/www.oceaneering.com\/wp-content\/uploads\/2024\/02\/c1bab5aec22f478182a0899982c655a0.800-1.jpg\" title=\"Polegar de v\u00eddeo de 60 anos\" alt=\"Oceaneering celebrates 60 year - video thumb\" \/>\t\t\t\t\t\t\t\r\n\t\t\t\t\tReproduzir v\u00eddeo\r\n<h2>\r\n\t\tExplore nossa hist\u00f3ria\r\n\t<\/h2>\r\n\t\t\t<img decoding=\"async\" src=\"https:\/\/www.oceaneering.com\/wp-content\/uploads\/2024\/12\/DickFrisbie.jpg\" title=\"DickFrisbie\" alt=\"\" \/>\t\t\t\t\t\t\t\r\n\t\t\t\t\tReproduzir v\u00eddeo\r\n<h3>\r\n\t\tUma conversa com Dick Frisbie: percep\u00e7\u00f5es que ajudaram a moldar a Oceaneering\r\n\t<\/h3>\r\n\t<p>Dick Frisbie, Oceaneering&#8217;s former SVP for Deepwater Technology, who was with Oceaneering from 1984 to 2012, reflects on pivotal moments that shaped our journey to becoming a leader in remotely operated vehicles (ROVs)-not just in innovation, but also as one of the largest manufacturers with a world-class training department.<\/p>\r\n\t\t\t<img decoding=\"async\" src=\"https:\/\/www.oceaneering.com\/wp-content\/uploads\/2024\/09\/A-Conversation-with-Kevin-McEvoy-thumb.jpg\" title=\"Uma conversa com Kevin McEvoy - polegar\" alt=\"Kevin McEvoy\" \/>\t\t\t\t\t\t\t\r\n\t\t\t\t\tReproduzir v\u00eddeo\r\n<h3>\r\n\t\tUma conversa com Kevin McEvoy: Unindo a hist\u00f3ria ao futuro\r\n\t<\/h3>\r\n\t<p>Kevin McEvoy, Oceaneering&#8217;s Chair of the Board and former President and CEO, reflects on the pivotal 1984 acquisition of Solus Ocean Systems, which helped Oceaneering grow from a Gulf of Mexico diving company into a global leader in ROVs and more.<\/p>\r\n\t\t\t<img decoding=\"async\" src=\"https:\/\/www.oceaneering.com\/wp-content\/uploads\/2024\/09\/Open-house-thumb.jpg\" title=\"Polegar de casa aberta\" alt=\"Bill mallin at our exclusive tour of our 60-year technology open house\" \/>\t\t\t\t\t\t\t\r\n\t\t\t\t\tReproduzir v\u00eddeo\r\n<h3>\r\n\t\tVisita exclusiva ao nosso Open House de tecnologia de 60 anos\r\n\t<\/h3>\r\n\t<p>In celebration of our 60th anniversary in 2024, we transformed our Houston facility for an Exclusive Technology Open House. From the depths of the ocean to the outer reaches of space, discover how we &#8220;Solve the Unsolvable&#8221; as our experts take you on an informative tour of our advanced technologies.<\/p>\r\n\t\t\t<img decoding=\"async\" src=\"https:\/\/www.oceaneering.com\/wp-content\/uploads\/2024\/05\/a3992d0efc2a4784a9d74d4132409654800.jpg\" title=\"Sustentabilidade 2024\" alt=\"\" \/>\t\t\t\t\t\t\t\r\n\t\t\t\t\tReproduzir v\u00eddeo\r\n<h3>\r\n\t\tAssumindo o desafio: sustentabilidade na Oceaneering\r\n\t<\/h3>\r\n\t<p>Para comemorar o M\u00eas da Hist\u00f3ria da Mulher e o 60\u00ba anivers\u00e1rio da Oceaneering, conversamos com algumas das mulheres incr\u00edveis cujas jornadas profissionais cresceram e evolu\u00edram junto com a nossa empresa - de cinco a 33 anos de servi\u00e7o. Ou\u00e7a suas percep\u00e7\u00f5es inspiradoras!<\/p>\r\n\t\t\t<img decoding=\"async\" src=\"https:\/\/www.oceaneering.com\/wp-content\/uploads\/2024\/03\/Womenshistory.jpg\" title=\"M\u00eas da Hist\u00f3ria da Mulher\" alt=\"\" \/>\t\t\t\t\t\t\t\r\n\t\t\t\t\tReproduzir v\u00eddeo\r\n<h3>\r\n\t\t Crescendo juntas: Celebrando as mulheres na Oceaneering\r\n\t<\/h3>\r\n\t<p>Continuamos nossa s\u00e9rie de v\u00eddeos em comemora\u00e7\u00e3o aos 60 anos de resolu\u00e7\u00e3o do insol\u00favel com uma entrevista especial com a vice-presidente s\u00eanior e diretora de RH, Holly Kriendler, o diretor de conformidade, Jock Pool, e o diretor de sustentabilidade, Stephen Lazar, para discutir a abordagem da empresa em rela\u00e7\u00e3o \u00e0 sustentabilidade.<\/p>\r\n\t\t\t<img decoding=\"async\" src=\"https:\/\/www.oceaneering.com\/wp-content\/uploads\/2024\/03\/Mike.jpg\" title=\"A evolu\u00e7\u00e3o da Oceaneering com Mike Hughes\" alt=\"Video thumb for \"the evolution of oceaneering\"\" \/>\t\t\t\t\t\t\t\r\n\t\t\t\t\tReproduzir v\u00eddeo\r\n<h3>\r\n\t\tA evolu\u00e7\u00e3o da Oceaneering com Mike Hughes\r\n\t<\/h3>\r\n\t<p>Para comemorar seis d\u00e9cadas de inova\u00e7\u00e3o e lideran\u00e7a, o cofundador da Oceaneering, Mike Hughes, discute a evolu\u00e7\u00e3o e a hist\u00f3ria da empresa - desde sua funda\u00e7\u00e3o como uma empresa de mergulho em Morgan City, Louisiana, at\u00e9 se tornar uma l\u00edder global em tecnologia em v\u00e1rios setores.<\/p>","protected":false},"excerpt":{"rendered":"<p>Contact Us About Us &#8211; History Celebrating Six Decades of Leadership See how we have Solved the Unsolvable for over 60 years. Pioneering Industry Leadership For over six decades, Oceaneering International has stood for Safety, Leadership, and Innovation. Since our founding in 1964, we have broken barriers, set industry standards, and dared to solve unsolvable &#8230; <a title=\"A Oceaneering completa 60 anos\" class=\"read-more\" href=\"https:\/\/www.oceaneering.com\/pt\/about\/oceaneering-turns-60\/\" aria-label=\"Leia mais sobre A Oceaneering completa 60 anos\">Leia mais<\/a><\/p>","protected":false},"author":25,"featured_media":0,"parent":689,"menu_order":0,"comment_status":"closed","ping_status":"closed","template":"","meta":{"_acf_changed":false,"footnotes":"","_links_to":"","_links_to_target":""},"product_category":[],"search_tags":[1865],"class_list":["post-70174","page","type-page","status-publish","search_tags-about"],"acf":[],"aioseo_notices":[],"_links":{"self":[{"href":"https:\/\/www.oceaneering.com\/pt\/wp-json\/wp\/v2\/pages\/70174","targetHints":{"allow":["GET"]}}],"collection":[{"href":"https:\/\/www.oceaneering.com\/pt\/wp-json\/wp\/v2\/pages"}],"about":[{"href":"https:\/\/www.oceaneering.com\/pt\/wp-json\/wp\/v2\/types\/page"}],"author":[{"embeddable":true,"href":"https:\/\/www.oceaneering.com\/pt\/wp-json\/wp\/v2\/users\/25"}],"replies":[{"embeddable":true,"href":"https:\/\/www.oceaneering.com\/pt\/wp-json\/wp\/v2\/comments?post=70174"}],"version-history":[{"count":1,"href":"https:\/\/www.oceaneering.com\/pt\/wp-json\/wp\/v2\/pages\/70174\/revisions"}],"predecessor-version":[{"id":79193,"href":"https:\/\/www.oceaneering.com\/pt\/wp-json\/wp\/v2\/pages\/70174\/revisions\/79193"}],"up":[{"embeddable":true,"href":"https:\/\/www.oceaneering.com\/pt\/wp-json\/wp\/v2\/pages\/689"}],"wp:attachment":[{"href":"https:\/\/www.oceaneering.com\/pt\/wp-json\/wp\/v2\/media?parent=70174"}],"wp:term":[{"taxonomy":"product_category","embeddable":true,"href":"https:\/\/www.oceaneering.com\/pt\/wp-json\/wp\/v2\/product_category?post=70174"},{"taxonomy":"search_tags","embeddable":true,"href":"https:\/\/www.oceaneering.com\/pt\/wp-json\/wp\/v2\/search_tags?post=70174"}],"curies":[{"name":"wp","href":"https:\/\/api.w.org\/{rel}","templated":true}]}}