{"id":691,"date":"2023-03-03T10:09:31","date_gmt":"2023-03-03T15:09:31","guid":{"rendered":"http:\/\/framework.local.loud\/?page_id=691"},"modified":"2024-05-28T10:29:29","modified_gmt":"2024-05-28T15:29:29","slug":"privacy-policy","status":"publish","type":"page","link":"https:\/\/www.oceaneering.com\/pt\/privacy-policy\/","title":{"rendered":"Pol\u00edtica de privacidade"},"content":{"rendered":"<h1>\n\t\tPol\u00edtica de privacidade e cookies do site\n\t<\/h1>\n\t<p>Vig\u00eancia: 25 de maio de 2018<\/p>\n\t<h3>INTRODU\u00c7\u00c3O<\/h3>\n<p>Esta Pol\u00edtica de Privacidade e Cookies do Site (\"Pol\u00edtica de Privacidade\") descreve como a Oceaneering International (Oceaneering International e as afiliadas listadas aqui) (\"Oceaneering\") coleta, usa, compartilha e processa dados individualmente identific\u00e1veis sobre os visitantes deste Site (definido abaixo), bem como pessoas de contato de nossos clientes corporativos, vendedores e fornecedores (\"Dados Pessoais\"). Esta Pol\u00edtica de Privacidade se aplica aos Dados Pessoais que coletamos por meio de nossos sites (\"Site\"), bem como por meio de feiras, semin\u00e1rios, confer\u00eancias e outros meios off-line.<\/p>\n<h3>COLETA DE DADOS PESSOAIS<\/h3>\n<p>Como uma organiza\u00e7\u00e3o business-to-business (\"B2B\"), coletamos nomes, detalhes de contato e outros Dados Pessoais relacionados \u00e0s nossas rela\u00e7\u00f5es comerciais. Coletamos as seguintes categorias de Dados Pessoais:<\/p>\n<ul>\n<li><strong>Dados b\u00e1sicos:<\/strong> Nome, cargo, empresa, regi\u00e3o, responsabilidades do cargo, n\u00famero de telefone, endere\u00e7o postal, endere\u00e7o de e-mail, detalhes de contato, idade e\/ou data de nascimento, se solicitado, e quaisquer outros dados pessoais que voc\u00ea nos enviar durante a correspond\u00eancia conosco.<\/li>\n<li><strong>Dados de registro:<\/strong> Solicita\u00e7\u00f5es de boletins informativos e\/ou outros alertas, assinaturas, downloads e<br \/>\ninscri\u00e7\u00e3o em semin\u00e1rios, cursos ou confer\u00eancias.<\/li>\n<li><strong>Dados de marketing:<\/strong> Dados sobre a participa\u00e7\u00e3o individual em feiras, semin\u00e1rios e confer\u00eancias, credenciais, associa\u00e7\u00f5es, interesses em produtos, informa\u00e7\u00f5es de consulta e prefer\u00eancias.<\/li>\n<li><strong>Dados do candidato a emprego:<\/strong> Dados fornecidos por candidatos a emprego ou outras pessoas em nosso Site ou meios off-line em<br \/>\ncom rela\u00e7\u00e3o a oportunidades de emprego. Avisos adicionais ser\u00e3o fornecidos por meio de<br \/>\ndeclara\u00e7\u00e3o(\u00f5es) de privacidade, quando aplic\u00e1vel.<\/li>\n<li><strong>Dados do dispositivo:<\/strong> Endere\u00e7o de Protocolo de Internet (IP) do computador, identificador exclusivo de dispositivo (UDID), cookies e outros dados vinculados a um dispositivo e dados sobre o uso do nosso Site (Dados de Uso). Observe, no entanto, que n\u00e3o consideramos os Dados do Dispositivo como Dados Pessoais, exceto quando pudermos vincul\u00e1-los a voc\u00ea como indiv\u00edduo ou quando a lei aplic\u00e1vel determinar o contr\u00e1rio.<\/li>\n<\/ul>\n<h3>USO DE DADOS PESSOAIS<\/h3>\n<p>Usamos as categorias de Dados Pessoais acima para as seguintes finalidades:<\/p>\n<table  data-tablesaw-minimap>\n\t\t\t<thead>\n\t\t<tr>\n\t\t\t<th id=\"pp-table-col-1\" scope=\"col\" data-tablesaw-sortable-col>\t\t\t\t\t\n\t\t\t\t\t\t\t\t\t\t\t\tFINALIDADE DO USO\t\t\t\t\t\n\t\t\t\t\t<\/th><th id=\"pp-table-col-2\" scope=\"col\" data-tablesaw-sortable-col>\t\t\t\t\t\n\t\t\t\t\t\t\t\t\t\t\t\tCATEGORIAS DE DADOS PESSOAIS\t\t\t\t\t\n\t\t\t\t\t<\/th>\t\t<\/tr>\n\t<\/thead>\n\t\t<tbody>\n\t\t<tr data-row-index=\"1\"><td>Realizar transa\u00e7\u00f5es e responder \u00e0s suas perguntas<\/td><td>Dados b\u00e1sicos, dados de registro e dados do dispositivo<\/td><\/tr><tr data-row-index=\"2\"><td>Gerenciar suas contas e manter nossas opera\u00e7\u00f5es comerciais\nopera\u00e7\u00f5es<\/td><td>Dados b\u00e1sicos, dados de registro e dados do dispositivo<\/td><\/tr><tr data-row-index=\"3\"><td>Tornar nosso site mais intuitivo e f\u00e1cil de usar<\/td><td>Dados do dispositivo<\/td><\/tr><tr data-row-index=\"4\"><td>Proteger a seguran\u00e7a e o funcionamento eficaz de nossos\nSite e dos sistemas de tecnologia da informa\u00e7\u00e3o<\/td><td>Dados b\u00e1sicos, dados de registro e dados do dispositivo<\/td><\/tr><tr data-row-index=\"5\"><td>Fornecer marketing relevante<\/td><td>Dados b\u00e1sicos, dados de registro, dados do dispositivo e\nDados de marketing<\/td><\/tr><tr data-row-index=\"6\"><td>Atender \u00e0s nossas obriga\u00e7\u00f5es legais e de conformidade e\nexercer nossos direitos legais<\/td><td>Dados b\u00e1sicos, dados de registro e dados do dispositivo<\/td><\/tr><tr data-row-index=\"7\"><td>Considerar indiv\u00edduos para oportunidades de emprego e\noportunidades e gerenciar os procedimentos de integra\u00e7\u00e3o<\/td><td>Dados do candidato a emprego<\/td><\/tr>\t<\/tbody>\n<\/table>\n\t<h3>COMPARTILHAMENTO DE DADOS PESSOAIS<\/h3>\n<p>Podemos compartilhar Dados Pessoais com as seguintes categorias de destinat\u00e1rios:<\/p>\n<ul>\n<li><strong>Afiliadas:<\/strong> Compartilhamos Dados Pessoais dentro do grupo de empresas afiliadas da Oceaneering conforme necess\u00e1rio para os fins identificados acima. Conforme observado acima, a lista de afiliadas do grupo Oceaneering \u00e9 fornecida aqui.<\/li>\n<li><strong>Fornecedores e prestadores de servi\u00e7os:<\/strong> Compartilhamos Dados Pessoais com fornecedores e prestadores de servi\u00e7os para permitir que essas partes executem fun\u00e7\u00f5es em nosso nome e sob nossas instru\u00e7\u00f5es, a fim de realizar as finalidades identificadas acima. Por contrato, exigimos que essas partes forne\u00e7am seguran\u00e7a razo\u00e1vel para os Dados Pessoais e que usem e processem esses Dados Pessoais somente em nosso nome.<\/li>\n<li><strong>Auditores e consultores:<\/strong> Compartilhamos Dados Pessoais com auditores para o desempenho de fun\u00e7\u00f5es de auditoria e com consultores para o fornecimento de consultoria jur\u00eddica e outras.<br \/>\nReorganiza\u00e7\u00e3o empresarial: Compartilhamos os Dados Pessoais com qualquer comprador corporativo ou prospecto na medida permitida por lei como parte de qualquer fus\u00e3o, aquisi\u00e7\u00e3o, venda de ativos da empresa ou transi\u00e7\u00e3o de servi\u00e7o para outro provedor, bem como em caso de insolv\u00eancia, fal\u00eancia ou recupera\u00e7\u00e3o judicial em que os Dados Pessoais seriam transferidos como um ativo da Oceaneering.<\/li>\n<li><strong>Divulga\u00e7\u00f5es obrigat\u00f3rias e direitos legais:<\/strong> Compartilhamos Dados Pessoais para cumprir com qualquer<br \/>\nintima\u00e7\u00e3o, ordem judicial ou outro processo legal, ou outra solicita\u00e7\u00e3o governamental. Tamb\u00e9m compartilhamos Dados Pessoais para estabelecer ou proteger nossos direitos legais, propriedade ou seguran\u00e7a, ou os direitos, propriedade ou seguran\u00e7a de terceiros, ou para nos defendermos de reivindica\u00e7\u00f5es legais.<\/li>\n<\/ul>\n<p>Se tiver d\u00favidas sobre as partes com as quais compartilhamos Dados Pessoais, entre em contato conosco conforme especificado abaixo.<\/p>\n<h3>OP\u00c7\u00d5ES DE MARKETING<\/h3>\nVoc\u00ea tem controle sobre o uso dos seus Dados Pessoais para direcionamento de marketing. Caso n\u00e3o deseje mais receber comunica\u00e7\u00f5es de marketing, permanecer em uma lista de mala direta para a qual tenha se inscrito anteriormente ou receber qualquer outra comunica\u00e7\u00e3o de marketing, voc\u00ea pode optar por n\u00e3o receber essas comunica\u00e7\u00f5es a qualquer momento. Siga o link de cancelamento de inscri\u00e7\u00e3o na comunica\u00e7\u00e3o relevante ou entre em contato conosco conforme detalhado<br \/>\nabaixo.\n<h4 id=\"cookies\">COOKIES<\/h4>\n<p>Usamos e permitimos que determinados terceiros usem cookies, web beacons e tecnologias de rastreamento semelhantes (coletivamente, \"cookies\") em nosso Site.<\/p>\n<em>O que s\u00e3o cookies?<br \/>\n<\/em>Cookies s\u00e3o pequenas quantidades de dados armazenados no navegador, no dispositivo ou na p\u00e1gina que voc\u00ea est\u00e1 visualizando. Alguns cookies s\u00e3o exclu\u00eddos quando voc\u00ea fecha o navegador, enquanto outros s\u00e3o mantidos mesmo depois de voc\u00ea fechar o navegador, para que voc\u00ea possa ser reconhecido quando retornar a um site. Mais informa\u00e7\u00f5es sobre cookies e como eles funcionam est\u00e3o dispon\u00edveis em <a href=\"http:\/\/www.allaboutcookies.org\" target=\"_blank\" rel=\"noopener\">www.allaboutcookies.org<\/a>.\n<em>Como usamos cookies?<\/em><br \/>\nUsamos cookies para fornecer o Site e os servi\u00e7os, coletar informa\u00e7\u00f5es sobre seus padr\u00f5es de uso quando voc\u00ea navega neste Site para aprimorar sua experi\u00eancia personalizada e entender os padr\u00f5es de uso para aprimorar nosso Site, produtos e servi\u00e7os. Tamb\u00e9m permitimos que determinados terceiros coloquem cookies em nosso Site para coletar informa\u00e7\u00f5es sobre suas atividades on-line em nosso Site ao longo do tempo e em diferentes sites que voc\u00ea visita. Essas informa\u00e7\u00f5es s\u00e3o usadas para fornecer publicidade adaptada aos seus interesses nos sites que voc\u00ea visita, tamb\u00e9m conhecida como publicidade baseada em interesses, e para analisar a efic\u00e1cia dessa publicidade.\n<p>Os cookies em nosso Site s\u00e3o geralmente divididos nas seguintes categorias:<\/p>\n<table  data-tablesaw-minimap>\n\t\t\t<thead>\n\t\t<tr>\n\t\t\t<th id=\"pp-table-col-1\" scope=\"col\" data-tablesaw-sortable-col>\t\t\t\t\t\n\t\t\t\t\t\t\t\t\t\t\t\tESTRITAMENTE NECESS\u00c1RIO\t\t\t\t\t\n\t\t\t\t\t<\/th><th id=\"pp-table-col-2\" scope=\"col\" data-tablesaw-sortable-col>\t\t\t\t\t\n\t\t\t\t\t\t\t\t\t\t\t\tANAL\u00cdTICO\/DESEMPENHO\t\t\t\t\t\n\t\t\t\t\t<\/th><th id=\"pp-table-col-3\" scope=\"col\" data-tablesaw-sortable-col>\t\t\t\t\t\n\t\t\t\t\t\t\t\t\t\t\t\tTAREFAS\t\t\t\t\t\n\t\t\t\t\t<\/th>\t\t<\/tr>\n\t<\/thead>\n\t\t<tbody>\n\t\t<tr data-row-index=\"1\"><td>Eles s\u00e3o necess\u00e1rios para a opera\u00e7\u00e3o do nosso Site. Esses cookies s\u00e3o cookies de sess\u00e3o que s\u00e3o apagados quando voc\u00ea fecha o navegador.<\/td><td>Eles nos permitem reconhecer e contar o n\u00famero de usu\u00e1rios do nosso Site e entender como esses usu\u00e1rios navegam pelo nosso Site. Isso ajuda a melhorar o funcionamento do nosso Site, por exemplo, garantindo que os usu\u00e1rios encontrem facilmente o que est\u00e3o procurando. Esses cookies s\u00e3o cookies de sess\u00e3o que s\u00e3o apagados quando voc\u00ea fecha o navegador. Usamos o Google Analytics, e voc\u00ea pode ver abaixo como controlar o uso de cookies pelo Google Analytics.<\/td><td>Eles registram sua visita ao nosso Site e as p\u00e1ginas que voc\u00ea visitou. Voc\u00ea pode excluir esses cookies por meio das configura\u00e7\u00f5es do seu navegador. Veja abaixo mais detalhes sobre como voc\u00ea pode controlar os cookies de segmenta\u00e7\u00e3o de terceiros.<\/td><\/tr>\t<\/tbody>\n<\/table>\n\t<em>Quais s\u00e3o suas op\u00e7\u00f5es se voc\u00ea n\u00e3o quiser cookies em seu dispositivo?<br \/>\n<\/em>Voc\u00ea pode revisar as configura\u00e7\u00f5es do seu navegador da Internet, geralmente nas se\u00e7\u00f5es \"Ajuda\" ou \"Op\u00e7\u00f5es da Internet\", para exercer suas escolhas em rela\u00e7\u00e3o a determinados cookies. Se voc\u00ea desativar ou excluir determinados cookies nas configura\u00e7\u00f5es do seu navegador da Internet, talvez n\u00e3o consiga acessar ou usar fun\u00e7\u00f5es ou recursos importantes deste Site, e talvez seja necess\u00e1rio inserir novamente seus detalhes de login.\n<p>Para saber mais sobre o uso de cookies para o Google Analytics e para fazer escolhas com rela\u00e7\u00e3o a esses cookies, visite <a href=\"https:\/\/tools.google.com\/dlpage\/gaoptout\" target=\"_blank\" rel=\"noopener\">https:\/\/tools.google.com\/dlpage\/gaoptout<\/a>.<\/p>\n<p>Para saber mais sobre determinados cookies usados para publicidade com base em interesses por terceiros, inclusive por meio de rastreamento entre dispositivos, e para exercer determinadas op\u00e7\u00f5es relacionadas a esses cookies, visite a Digital Advertising Alliance, a Network Advertising Initiative, a Digital Advertising Alliance- Canada, a European Interactive Digital Advertising Alliance ou as configura\u00e7\u00f5es do seu dispositivo, caso tenha o DAA ou outro aplicativo m\u00f3vel.<\/p>\n<h2>DIREITOS DO TITULAR DOS DADOS<\/h2>\n<p>Quando exigido pela lei aplic\u00e1vel, voc\u00ea tem o direito de obter confirma\u00e7\u00e3o de que mantemos determinados Dados Pessoais relacionados a voc\u00ea, de verificar seu conte\u00fado, origem e precis\u00e3o, bem como o direito de acessar, revisar, portar, excluir, bloquear ou retirar o consentimento para o processamento de determinados Dados Pessoais (sem afetar a legalidade do processamento com base no consentimento antes de sua retirada), entrando em contato conosco conforme detalhado abaixo. Em particular, voc\u00ea tem o direito de se opor ao uso dos seus Dados Pessoais para marketing direto e em algumas outras situa\u00e7\u00f5es a qualquer momento. Entre em contato conosco abaixo para obter mais detalhes. Observe que precisamos reter determinados Dados Pessoais conforme exigido ou permitido pela legisla\u00e7\u00e3o aplic\u00e1vel.<\/p>\n<h2>SEGURAN\u00c7A DE DADOS<\/h2>\n<p>Mantemos medidas t\u00e9cnicas e organizacionais razo\u00e1veis para proteger os Dados Pessoais contra perda, uso indevido, altera\u00e7\u00e3o ou destrui\u00e7\u00e3o n\u00e3o intencional. Entretanto, nenhuma medida de seguran\u00e7a pode garantir que n\u00e3o haja comprometimento. O usu\u00e1rio tamb\u00e9m tem uma fun\u00e7\u00e3o importante na prote\u00e7\u00e3o de seus dados pessoais. Voc\u00ea n\u00e3o deve compartilhar seu nome de usu\u00e1rio e senha com ningu\u00e9m e n\u00e3o deve reutilizar senhas em mais de um site. Se tiver algum motivo para acreditar que seu nome de usu\u00e1rio ou senha foi comprometido, entre em contato conosco conforme detalhado abaixo.<\/p>\n<h2>TRANSFER\u00caNCIAS TRANSFRONTEIRI\u00c7AS DE DADOS<\/h2>\n<p>Transferimos Dados Pessoais para v\u00e1rias jurisdi\u00e7\u00f5es conforme necess\u00e1rio para os fins descritos acima, inclusive para jurisdi\u00e7\u00f5es que podem n\u00e3o oferecer o mesmo n\u00edvel de prote\u00e7\u00e3o de dados que seu pa\u00eds de origem. Fornecemos prote\u00e7\u00f5es adequadas para transfer\u00eancias internacionais, conforme exigido pela legisla\u00e7\u00e3o aplic\u00e1vel para transfer\u00eancias internacionais de dados. Com rela\u00e7\u00e3o \u00e0s transfer\u00eancias origin\u00e1rias do Espa\u00e7o Econ\u00f4mico Europeu (\"EEE\"), implementamos cl\u00e1usulas contratuais padr\u00e3o aprovadas pela Comiss\u00e3o Europeia e outras solu\u00e7\u00f5es apropriadas para lidar com transfer\u00eancias internacionais, conforme exigido pela legisla\u00e7\u00e3o aplic\u00e1vel. Quando exigido por essas leis, voc\u00ea pode solicitar uma c\u00f3pia dos mecanismos adequados que temos em vigor entrando em contato conosco conforme detalhado abaixo.<\/p>\n<h2>OUTRAS QUEST\u00d5ES<\/h2>\n<em>Qual \u00e9 a base legal do processamento?<\/em><br \/>\nAlgumas jurisdi\u00e7\u00f5es exigem uma explica\u00e7\u00e3o da base legal para a coleta e o processamento de Dados Pessoais. Temos v\u00e1rios fundamentos jur\u00eddicos diferentes para coletar e processar Dados Pessoais, incluindo:\n<ol>\n<li>conforme necess\u00e1rio para realizar uma transa\u00e7\u00e3o (por exemplo, quando respondemos \u00e0s suas solicita\u00e7\u00f5es);<\/li>\n<li>conforme necess\u00e1rio para cumprir uma obriga\u00e7\u00e3o legal (por exemplo, quando usamos Dados Pessoais para manuten\u00e7\u00e3o de registros para<br \/>\ncomprovar a obriga\u00e7\u00e3o tribut\u00e1ria);<\/li>\n<li>consentimento (quando voc\u00ea tiver fornecido o consentimento conforme apropriado de acordo com a lei aplic\u00e1vel, como para o uso direto de<br \/>\nmarketing ou determinados cookies); e<\/li>\n<li>necess\u00e1rio para interesses leg\u00edtimos (como quando agimos para manter nossos neg\u00f3cios em geral, incluindo<br \/>\nmanter a seguran\u00e7a e a prote\u00e7\u00e3o do Site).<\/li>\n<\/ol>\n<p>Com rela\u00e7\u00e3o a interesses leg\u00edtimos, como somos uma empresa B2B, normalmente coletamos e processamos Dados Pessoais limitados sobre contatos de clientes e outros indiv\u00edduos que atuam em suas capacidades comerciais, como parte de nosso esfor\u00e7o geral para reduzir o impacto da privacidade sobre os indiv\u00edduos.<\/p>\n<em>Quais s\u00e3o as consequ\u00eancias de n\u00e3o fornecer dados pessoais?<\/em><br \/>\nN\u00e3o \u00e9 necess\u00e1rio que voc\u00ea forne\u00e7a todos os Dados Pessoais identificados nesta Pol\u00edtica de Privacidade para usar nosso Site ou interagir conosco off-line, mas algumas funcionalidades n\u00e3o estar\u00e3o dispon\u00edveis se voc\u00ea n\u00e3o fornecer determinados Dados Pessoais. Se voc\u00ea n\u00e3o fornecer determinados Dados Pessoais, talvez n\u00e3o possamos responder \u00e0s suas solicita\u00e7\u00f5es, realizar uma transa\u00e7\u00e3o com voc\u00ea ou fornecer-lhe marketing que acreditamos ser de seu interesse.\n<em>Tomamos decis\u00f5es automatizadas sem interven\u00e7\u00e3o humana?<\/em><br \/>\nExceto no que diz respeito a determinadas atividades de recrutamento, que s\u00e3o detalhadas em uma declara\u00e7\u00e3o de privacidade separada, n\u00e3o usamos a tomada de decis\u00f5es automatizada sem interven\u00e7\u00e3o humana, incluindo a defini\u00e7\u00e3o de perfis, de forma a produzir efeitos legais em rela\u00e7\u00e3o ao usu\u00e1rio ou que o afetem significativamente.\n<em>O Site respeita os sinais de n\u00e3o rastreamento (\"DNT\") enviados pelos navegadores?<\/em><br \/>\nSim, n\u00f3s respeitamos os sinais DNT.\n<em>Por quanto tempo mantemos os dados pessoais?<\/em><br \/>\nNormalmente, retemos Dados Pessoais relacionados a atividades de marketing enquanto voc\u00ea aceitar nossas comunica\u00e7\u00f5es de marketing e, em seguida, geralmente por at\u00e9 2 anos. Ap\u00f3s 2 anos, ou mediante solicita\u00e7\u00e3o, geralmente exclu\u00edmos esses dados de forma segura, de acordo com a legisla\u00e7\u00e3o aplic\u00e1vel. Para os Dados Pessoais que coletamos e processamos para outras finalidades, conforme descrito acima, geralmente retemos esses Dados Pessoais por um per\u00edodo n\u00e3o superior ao necess\u00e1rio para cumprir as finalidades descritas nesta Pol\u00edtica de Privacidade e, conforme necess\u00e1rio, para atender a quest\u00f5es tribut\u00e1rias, corporativas, de conformidade, trabalhistas, de lit\u00edgio e outros direitos e obriga\u00e7\u00f5es legais.\n<em>Os sites de terceiros s\u00e3o regidos por esta Pol\u00edtica de Privacidade?<\/em><br \/>\nEste Site cont\u00e9m links e refer\u00eancias a outros sites administrados por terceiros n\u00e3o afiliados. Esta Pol\u00edtica de Privacidade n\u00e3o se aplica a esses sites de terceiros. Ao clicar em um link para visitar um site de terceiros, voc\u00ea estar\u00e1 sujeito \u00e0s pr\u00e1ticas de privacidade desse site. Recomendamos que voc\u00ea se familiarize com<br \/>\nvoc\u00ea mesmo conhe\u00e7a as pr\u00e1ticas de privacidade e seguran\u00e7a de quaisquer sites de terceiros vinculados antes de fornecer quaisquer Dados Pessoais nesses sites.\n<em>Como a Oceaneering lida com quest\u00f5es de privacidade de funcion\u00e1rios e contratados?<\/em><br \/>\nOs dados pessoais de nossos funcion\u00e1rios e prestadores de servi\u00e7os s\u00e3o tratados por meio de pol\u00edticas e procedimentos internos da empresa e est\u00e3o fora do escopo desta Pol\u00edtica de Privacidade.\n<em>Como lidaremos com quaisquer altera\u00e7\u00f5es a esta Pol\u00edtica de Privacidade?<\/em><br \/>\nPoderemos atualizar esta Pol\u00edtica de Privacidade periodicamente, \u00e0 medida que nossos servi\u00e7os e pr\u00e1ticas de privacidade forem alterados, ou conforme exigido por lei. A data de vig\u00eancia da nossa Pol\u00edtica de Privacidade est\u00e1 publicada abaixo, e recomendamos que voc\u00ea visite nosso Site periodicamente para se manter informado sobre nossas pr\u00e1ticas de privacidade. Publicaremos a vers\u00e3o atualizada da Pol\u00edtica de Privacidade em nosso Site e solicitaremos seu consentimento para as altera\u00e7\u00f5es, se exigido por lei.\n<h2>ENTRE EM CONTATO CONOSCO<\/h2>\n<p>Se tiver d\u00favidas ou coment\u00e1rios sobre esta Pol\u00edtica de Privacidade ou sobre nossas pr\u00e1ticas de privacidade, entre em contato conosco <a href=\"mailto:legal@oceaneering.com\" target=\"_blank\" rel=\"noopener\">legal@oceaneering.com<\/a>. Voc\u00ea tamb\u00e9m pode ter o direito de apresentar uma reclama\u00e7\u00e3o a uma autoridade supervisora de prote\u00e7\u00e3o de dados.<\/p>","protected":false},"excerpt":{"rendered":"<p>Pol\u00edtica de Privacidade e Cookies do Site Vigente: 25 de maio de 2018 INTRODU\u00c7\u00c3O Esta Pol\u00edtica de Privacidade e Cookies do Site (\"Pol\u00edtica de Privacidade\") descreve como a Oceaneering International (Oceaneering International e as afiliadas listadas aqui) (\"Oceaneering\") coleta, usa, compartilha e processa dados individualmente identific\u00e1veis sobre os visitantes deste Site (definido abaixo), bem como pessoas de contato de nossos clientes corporativos, ... <a title=\"Pol\u00edtica de privacidade\" class=\"read-more\" href=\"https:\/\/www.oceaneering.com\/pt\/privacy-policy\/\" aria-label=\"Leia mais sobre a Pol\u00edtica de Privacidade\">Leia mais<\/a><\/p>","protected":false},"author":7,"featured_media":0,"parent":0,"menu_order":0,"comment_status":"closed","ping_status":"closed","template":"","meta":{"_acf_changed":false,"footnotes":"","_links_to":"","_links_to_target":""},"product_category":[],"search_tags":[1874],"class_list":["post-691","page","type-page","status-publish","search_tags-privacy-policy"],"acf":[],"aioseo_notices":[],"_links":{"self":[{"href":"https:\/\/www.oceaneering.com\/pt\/wp-json\/wp\/v2\/pages\/691","targetHints":{"allow":["GET"]}}],"collection":[{"href":"https:\/\/www.oceaneering.com\/pt\/wp-json\/wp\/v2\/pages"}],"about":[{"href":"https:\/\/www.oceaneering.com\/pt\/wp-json\/wp\/v2\/types\/page"}],"author":[{"embeddable":true,"href":"https:\/\/www.oceaneering.com\/pt\/wp-json\/wp\/v2\/users\/7"}],"replies":[{"embeddable":true,"href":"https:\/\/www.oceaneering.com\/pt\/wp-json\/wp\/v2\/comments?post=691"}],"version-history":[{"count":0,"href":"https:\/\/www.oceaneering.com\/pt\/wp-json\/wp\/v2\/pages\/691\/revisions"}],"wp:attachment":[{"href":"https:\/\/www.oceaneering.com\/pt\/wp-json\/wp\/v2\/media?parent=691"}],"wp:term":[{"taxonomy":"product_category","embeddable":true,"href":"https:\/\/www.oceaneering.com\/pt\/wp-json\/wp\/v2\/product_category?post=691"},{"taxonomy":"search_tags","embeddable":true,"href":"https:\/\/www.oceaneering.com\/pt\/wp-json\/wp\/v2\/search_tags?post=691"}],"curies":[{"name":"wp","href":"https:\/\/api.w.org\/{rel}","templated":true}]}}