{"id":689,"date":"2023-03-03T10:09:16","date_gmt":"2023-03-03T15:09:16","guid":{"rendered":"http:\/\/framework.local.loud\/?page_id=689"},"modified":"2025-05-14T08:48:43","modified_gmt":"2025-05-14T13:48:43","slug":"about","status":"publish","type":"page","link":"https:\/\/www.oceaneering.com\/pt\/about\/","title":{"rendered":"Sobre n\u00f3s"},"content":{"rendered":"<a href=\"https:\/\/www.oceaneering.com\/pt\/about\/#contact\" target=\"_self\">\n\t\t\t\t\t\t\tEntre em contato conosco\n\t\t\t\t\t<\/a>\n<h1>\n\t\tSobre a Oceaneering\n\t<\/h1>\n\t<p>Para resolver seus desafios mais dif\u00edceis, fazemos as coisas de forma diferente, criativa e inteligente. Como seu parceiro de confian\u00e7a, nossa experi\u00eancia inigual\u00e1vel e nosso portf\u00f3lio verdadeiramente inovador de tecnologias e solu\u00e7\u00f5es nos d\u00e3o a flexibilidade para nos adaptarmos e evoluirmos, independentemente das condi\u00e7\u00f5es do mercado.<\/p>\n\n\t\tFornecemos servi\u00e7os e produtos de engenharia principalmente para o setor de energia offshore. Atualmente, tamb\u00e9m usamos nossa experi\u00eancia em tecnologia aplicada para atender aos setores de defesa, manuseio de materiais, aeroespacial, ci\u00eancia e energia renov\u00e1vel.\n\t\n\t\t\t\t\t\t<img decoding=\"async\" src=\"https:\/\/oceaneering.com\/wp-content\/uploads\/2023\/11\/ROV-700x644-1.jpeg\" alt=\"\"\/>\n\t\t\t\t\t\t<h3>Ve\u00edculos operados remotamente<\/h3>\n\t\t\t\t\t\t<h3>Ve\u00edculos operados remotamente<\/h3>\n\t\t\t\t\t\t<p>A principal frota de ROVs e recursos de pilotagem do mundo.<\/p>\n\t\t\t\t\t\t<img decoding=\"async\" src=\"https:\/\/oceaneering.com\/wp-content\/uploads\/2023\/11\/13EW076-about-700x644-1.jpeg\" alt=\"\"\/>\n\t\t\t\t\t\t<h3>Hardware submarino<\/h3>\n\t\t\t\t\t\t<h3>Hardware submarino<\/h3>\n\t\t\t\t\t\t<p>Confiabilidade e personaliza\u00e7\u00e3o inigual\u00e1veis da conex\u00e3o submarina.<\/p>\n\t\t\t\t\t\t<img decoding=\"async\" src=\"https:\/\/oceaneering.com\/wp-content\/uploads\/2023\/11\/Project-Mgmnt-700x644-1.jpeg\" alt=\"\"\/>\n\t\t\t\t\t\t<h3>Gerenciamento de projetos<\/h3>\n\t\t\t\t\t\t<h3>Gerenciamento de projetos<\/h3>\n\t\t\t\t\t\t<p>D\u00e9cadas de experi\u00eancia em alguns dos projetos mais complexos do setor.<\/p>\n<h2>\n\t\tCompromisso com o cliente\n\t<\/h2>\n\n\t\tSomente trabalhando juntos poderemos remodelar o futuro dos setores que atendemos de forma segura e confi\u00e1vel.\n\t\n<h2>\n\t\tResponsabilidade social corporativa\n\t<\/h2>\n\t<p>Na Oceaneering, <a href=\"https:\/\/www.oceaneering.com\/pt\/sustainability\/\">Responsabilidade social corporativa<\/a> \u00e9 constru\u00edda em torno de nossos valores essenciais. Acreditamos na gest\u00e3o de nossos neg\u00f3cios de forma a promover a seguran\u00e7a e a sa\u00fade, o meio ambiente e uma \u00e9tica s\u00f3lida, ao mesmo tempo em que apoiamos as comunidades em que vivemos e trabalhamos.<\/p>\n<h2>\n\t\tMiss\u00e3o, vis\u00e3o e valores da Oceaneering\n\t<\/h2>\n\t<p>Nossa miss\u00e3o \u00e9 resolver o insol\u00favel. Prosperamos criando solu\u00e7\u00f5es tecnicamente criativas que mudam o setor para os desafios operacionais mais complexos debaixo d'\u00e1gua, em terra e no espa\u00e7o. Nossos cinco valores fundamentais estabelecem uma cultura comum e demonstram o que \u00e9 mais importante para n\u00f3s como empresa.<\/p>\n\t\t\t<a href=\"https:\/\/www.oceaneering.com\/pt\/about\/mission-vision-and-values\/\" target=\"_self\">\n\t\t\t\t\t\t\tSaiba mais\n\t\t\t\t\t<\/a>\n\t\t\t\t<img decoding=\"async\" src=\"https:\/\/oceaneering.com\/wp-content\/uploads\/2023\/11\/oceaneering_vision_badge-2-300x300.png\" alt=\"oceaneering_vision_badge-2\" itemprop=\"image\" title=\"oceaneering_vision_badge-2\" onerror=\"this.style.display='none'\"  \/>\n<h2>\n\t\tA hist\u00f3ria da Oceaneering\n\t<\/h2>\n\tDe uma pequena empresa de mergulho a uma l\u00edder global<br \/>\nfornecedora de produtos e servi\u00e7os de engenharia.\n\t<p>Em 1964, Mike Hughes e Johnny Johnson formaram uma empresa de mergulho no Golfo do M\u00e9xico chamada World Wide Divers. A empresa cresceu em resposta \u00e0 crescente demanda por seus servi\u00e7os e, em 1969, fundiu-se com duas outras empresas de mergulho para formar a Oceaneering International, Inc.<\/p>\n<p>Desde o in\u00edcio, a empresa se transformou de uma pequena empresa regional de mergulho em um fornecedor global de produtos e servi\u00e7os de engenharia.<\/p>\n\t<p>Atualmente, desenvolvemos produtos e servi\u00e7os para uso durante todo o ciclo de vida de um campo petrol\u00edfero offshore, desde a perfura\u00e7\u00e3o at\u00e9 o descomissionamento. Operamos a principal frota de ROVs de classe de trabalho do mundo. Al\u00e9m disso, somos l\u00edderes em servi\u00e7os de manuten\u00e7\u00e3o de campos petrol\u00edferos offshore, umbilicais, hardware submarino e ferramentas.<\/p>\n<p>Tamb\u00e9m atendemos aos setores aeroespacial, de defesa e de parques tem\u00e1ticos.<\/p>\n<h1>\n\t\tEntre em contato conosco\n\t<\/h1>\n<h2>\n\t\tNossa equipe de especialistas est\u00e1 pronta para ajud\u00e1-lo a come\u00e7ar.\n\t<\/h2>\n\t<p>A Oceaneering oferece os melhores produtos e solu\u00e7\u00f5es da categoria, respaldados por qualidade, confiabilidade e suporte global inigual\u00e1veis. Preencha o formul\u00e1rio de consulta para iniciar uma conversa hoje mesmo.<\/p>","protected":false},"excerpt":{"rendered":"<p>Entre em contato conosco Sobre a Oceaneering Para resolver seus desafios mais dif\u00edceis, fazemos as coisas de forma diferente, criativa e inteligente. Como seu parceiro de confian\u00e7a, nossa experi\u00eancia inigual\u00e1vel e nosso portf\u00f3lio verdadeiramente inovador de tecnologias e solu\u00e7\u00f5es nos d\u00e3o a flexibilidade para nos adaptarmos e evoluirmos, independentemente das condi\u00e7\u00f5es do mercado. Fornecemos servi\u00e7os e produtos de engenharia principalmente para o setor de energia offshore. ... <a title=\"Sobre n\u00f3s\" class=\"read-more\" href=\"https:\/\/www.oceaneering.com\/pt\/about\/\" aria-label=\"Leia mais sobre Sobre n\u00f3s\">Leia mais<\/a><\/p>","protected":false},"author":7,"featured_media":0,"parent":0,"menu_order":0,"comment_status":"closed","ping_status":"closed","template":"","meta":{"_acf_changed":false,"footnotes":"","_links_to":"","_links_to_target":""},"product_category":[],"search_tags":[1865],"class_list":["post-689","page","type-page","status-publish","search_tags-about"],"acf":[],"aioseo_notices":[],"_links":{"self":[{"href":"https:\/\/www.oceaneering.com\/pt\/wp-json\/wp\/v2\/pages\/689","targetHints":{"allow":["GET"]}}],"collection":[{"href":"https:\/\/www.oceaneering.com\/pt\/wp-json\/wp\/v2\/pages"}],"about":[{"href":"https:\/\/www.oceaneering.com\/pt\/wp-json\/wp\/v2\/types\/page"}],"author":[{"embeddable":true,"href":"https:\/\/www.oceaneering.com\/pt\/wp-json\/wp\/v2\/users\/7"}],"replies":[{"embeddable":true,"href":"https:\/\/www.oceaneering.com\/pt\/wp-json\/wp\/v2\/comments?post=689"}],"version-history":[{"count":0,"href":"https:\/\/www.oceaneering.com\/pt\/wp-json\/wp\/v2\/pages\/689\/revisions"}],"wp:attachment":[{"href":"https:\/\/www.oceaneering.com\/pt\/wp-json\/wp\/v2\/media?parent=689"}],"wp:term":[{"taxonomy":"product_category","embeddable":true,"href":"https:\/\/www.oceaneering.com\/pt\/wp-json\/wp\/v2\/product_category?post=689"},{"taxonomy":"search_tags","embeddable":true,"href":"https:\/\/www.oceaneering.com\/pt\/wp-json\/wp\/v2\/search_tags?post=689"}],"curies":[{"name":"wp","href":"https:\/\/api.w.org\/{rel}","templated":true}]}}