{"id":64967,"date":"2023-11-14T08:44:42","date_gmt":"2023-11-14T13:44:42","guid":{"rendered":"https:\/\/oceaneering.com\/?page_id=64967"},"modified":"2026-03-02T09:12:15","modified_gmt":"2026-03-02T15:12:15","slug":"pipeline-repair","status":"publish","type":"page","link":"https:\/\/www.oceaneering.com\/pt\/pipeline-repair\/","title":{"rendered":"Reparo de tubula\u00e7\u00e3o"},"content":{"rendered":"<a href=\"\/pt\/pipeline-repair\/#contact\" target=\"_self\">\n\t\t\t\t\t\t\tDiscutir um projeto\n\t\t\t\t\t<\/a>\n<h1>\n\t\tReparo de tubula\u00e7\u00e3o\n\t<\/h1>\n\t<p>D\u00e9cadas de experi\u00eancia inigual\u00e1vel e tecnologias de reparo de dutos inovadoras e comprovadas em campo nos permitem responder rapidamente \u00e0s suas preocupa\u00e7\u00f5es. Implementamos solu\u00e7\u00f5es seguras e confi\u00e1veis que minimizam o impacto ambiental e restauram a produ\u00e7\u00e3o rapidamente.<\/p>\n<h2>\n\t\tMantenha sua produ\u00e7\u00e3o on-line\n\t<\/h2>\n<h2>\n\t\tInspe\u00e7\u00e3o e reparo de dutos submarinos\n\t<\/h2>\n\t<p>Evite impactos econ\u00f4micos e ambientais graves associados a falhas em dutos submarinos e paradas repentinas de produ\u00e7\u00e3o. Cobrindo uma ampla gama de tamanhos, classifica\u00e7\u00f5es de press\u00e3o e profundidades de \u00e1gua, realizamos inspe\u00e7\u00f5es submarinas, identificamos modos de falha, preparamos ativos danificados e executamos reparos que colocam a sua produ\u00e7\u00e3o novamente em opera\u00e7\u00e3o rapidamente. Quando se trata de criar a melhor solu\u00e7\u00e3o de reparo de dutos para voc\u00ea, temos o compromisso de <strong>Conectando o que \u00e9 necess\u00e1rio com o que est\u00e1 por vir\u2122<\/strong>.<\/p>\n\t\t\t<img decoding=\"async\" src=\"https:\/\/oceaneering.com\/wp-content\/uploads\/2023\/11\/website-thumbnail-201952-scaled.jpeg\" title=\"website-thumbnail-201952\" alt=\"\" \/>\t\t\t\t\t\t\t\n\t\t\t\t\tReproduzir v\u00eddeo\n\t\t<!-- Comment to fix spacing issue\n\t-->\n\t\tFizemos a manuten\u00e7\u00e3o e o reparo de mais de0\n\t<!-- Comment to fix spacing issue\n\t-->\t\n\t<p>Dutos<\/p>\n<h2>\n\t\tIdentifica\u00e7\u00e3o do modo de falha\n\t<\/h2>\n\t<p>Implementamos um <a href=\"https:\/\/www.oceaneering.com\/pt\/rov-services\/\">ve\u00edculo operado remotamente (ROV)<\/a> ou <a href=\"https:\/\/www.oceaneering.com\/pt\/survey-and-mapping\/geoscience-and-auv-surveys\/\">ve\u00edculo subaqu\u00e1tico aut\u00f4nomo (AUV)<\/a> para inspecionar visualmente as tubula\u00e7\u00f5es e identificar anomalias. Trabalhamos com seus dados de pigging para garantir que oferecemos a solu\u00e7\u00e3o mais confi\u00e1vel e econ\u00f4mica. Nossos engenheiros altamente qualificados determinam o n\u00edvel de dano, desde pequenos defeitos at\u00e9 falhas catastr\u00f3ficas, e desenvolvem um plano de corre\u00e7\u00e3o personalizado.<\/p>\n<h3>\n\t\tServi\u00e7os de ROV\n\t<\/h3>\n\t\t\t<a href=\"https:\/\/oceaneering.canto.com\/download\/document\/m8lmrpktql1ut151i4d61fkp72\/original.pdf\" target=\"_blank\" rel=\"noopener\">\n\t\t\t\t\t\t\tMillennium\u00ae Plus\n\t\t\t<\/a>\n\t\t\t<a href=\"https:\/\/oceaneering.canto.com\/download\/document\/6a76i8d2r56qr67pl4j8s8tr64\/original.pdf\" target=\"_blank\" rel=\"noopener\">\n\t\t\t\t\t\t\tMagnum\u00ae Plus\n\t\t\t<\/a>\n\t\t\t<a href=\"https:\/\/oceaneering.canto.com\/download\/document\/s378t80gth0nlc78uio8k5to3q\/original.pdf\" target=\"_blank\" rel=\"noopener\">\n\t\t\t\t\t\t\tNEXXUS \n\t\t\t<\/a>\n<h3>\n\t\tInspe\u00e7\u00e3o de dutos submarinos\n\t<\/h3>\n\t\t\t<a href=\"https:\/\/oceaneering.canto.com\/download\/document\/niernsgve16a3emdtgrsgapu7l\/original.pdf\" target=\"_blank\" rel=\"noopener\">\n\t\t\t\t\t\t\tInspe\u00e7\u00e3o de dutos com AUV em \u00e1guas profundas \n\t\t\t<\/a>\n<h2>\n\t\tPrepara\u00e7\u00e3o e acesso ao oleoduto\n\t<\/h2>\n\t<p>Nosso <a href=\"https:\/\/www.oceaneering.com\/pt\/decommissioning\/dredging\/\">tecnologias de dragagem<\/a> remover os detritos e expor o oleoduto submarino danificado. Usamos nossa ampla experi\u00eancia com a remo\u00e7\u00e3o de revestimentos, incluindo concreto e ep\u00f3xi ligado por fus\u00e3o (FBE), para garantir o acesso direto ao material de base do oleoduto. A exposi\u00e7\u00e3o do oleoduto e a remo\u00e7\u00e3o do revestimento facilitam a inspe\u00e7\u00e3o visual adicional e aumentam a efic\u00e1cia da inspe\u00e7\u00e3o submarina.<\/p>\n<h3>\n\t\tRemo\u00e7\u00e3o de revestimento\n\t<\/h3>\n\t\t\t<a href=\"https:\/\/oceaneering.canto.com\/download\/document\/hka39719mh677dfvoonqdr7l0t\/original.pdf\" target=\"_blank\" rel=\"noopener\">\n\t\t\t\t\t\t\tFerramentas de remo\u00e7\u00e3o de revestimentos de prote\u00e7\u00e3o\n\t\t\t<\/a>\n\t\t\t<a href=\"https:\/\/oceaneering.canto.com\/download\/document\/hhgt3e8h1922fcs7t0epkgbc4n\/original.pdf\" target=\"_blank\" rel=\"noopener\">\n\t\t\t\t\t\t\tFerramenta de remo\u00e7\u00e3o de revestimento e costura de solda\n\t\t\t<\/a>\n<h3>\n\t\tDragagem submarina\n\t<\/h3>\n\t\t\t<a href=\"https:\/\/oceaneering.canto.com\/download\/document\/p4oslspknd5b1doo3goaoojj69\/original.pdf\" target=\"_blank\" rel=\"noopener\">\n\t\t\t\t\t\t\tDraga el\u00e9trica XL de 12 polegadas\n\t\t\t<\/a>\n<h2>\n\t\tInspe\u00e7\u00e3o avan\u00e7ada de dutos submarinos\n\t<\/h2>\n\t<p>Implementamos ferramentas avan\u00e7adas de triagem e avalia\u00e7\u00e3o para avaliar a integridade dos dutos submarinos. Combinamos nossa experi\u00eancia em integridade submarina e de ativos para examinar quil\u00f4metros de dutos por dia e localizar anomalias. Usamos m\u00e9todos detalhados e <a href=\"https:\/\/www.oceaneering.com\/pt\/asset-integrity\/in-service-inspection\/subsea-inspection\/\">tecnologia de inspe\u00e7\u00e3o submarina<\/a> para definir as caracter\u00edsticas das anomalias, tanto internas quanto externas ao pipeline.<\/p>\n<h3>\n\t\tFerramentas de inspe\u00e7\u00e3o de dutos submarinos\n\t<\/h3>\n\t\t\t<a href=\"https:\/\/oceaneering.canto.com\/download\/document\/cvv245iaoh46pb3molqpmj185b\/original.pdf\" target=\"_blank\" rel=\"noopener\">\n\t\t\t\t\t\t\tSistema de escaneamento MagIQ SZ200\n\t\t\t<\/a>\n\t\t\t<a href=\"https:\/\/oceaneering.canto.com\/download\/document\/nldfsitovd3d96vjdsodiie53q\/original.pdf\" target=\"_blank\" rel=\"noopener\">\n\t\t\t\t\t\t\tNetuno\n\t\t\t<\/a>\n\t\t\t<a href=\"https:\/\/oceaneering.canto.com\/download\/document\/76j74lipgt2lvbo3c7ged26i2g\/original.pdf\" target=\"_blank\" rel=\"noopener\">\n\t\t\t\t\t\t\tRadiografia digital submarina\n\t\t\t<\/a>\n\t\t\t<a href=\"https:\/\/oceaneering.canto.com\/download\/document\/f01nln224t3m56rpm2qhs76i2t\/original.pdf\" target=\"_blank\" rel=\"noopener\">\n\t\t\t\t\t\t\tSistema Trident\n\t\t\t<\/a>\n<h2>\n\t\tConex\u00f5es de reparo de dutos submarinos\n\t<\/h2>\n\t<p>Nosso cat\u00e1logo de <a href=\"https:\/\/www.oceaneering.com\/pt\/pipeline-repair-systems\/\">solu\u00e7\u00f5es de reparo de tubula\u00e7\u00f5es<\/a> evoluiu para atender \u00e0s demandas de aplica\u00e7\u00f5es desafiadoras e ambientes severos de \u00e1guas profundas.<\/p>\n<h3>\n\t\tHardware de reparo de dutos submarinos\n\t<\/h3>\n\t\t\t<a href=\"https:\/\/oceaneering.canto.com\/download\/document\/vbo1iu2f0l51l9iftrpq9irm47\/original.pdf\" target=\"_blank\" rel=\"noopener\">\n\t\t\t\t\t\t\tSmart Flange Plus\n\t\t\t<\/a>\n\t\t\t<a href=\"https:\/\/oceaneering.canto.com\/download\/document\/7ocrfr3jdt4d71adr261n8793q\/original.pdf\" target=\"_blank\" rel=\"noopener\">\n\t\t\t\t\t\t\tAbra\u00e7adeira inteligente Diverless \n\t\t\t<\/a>\n\t\t\t<a href=\"https:\/\/oceaneering.canto.com\/download\/document\/2flhlaqpbh6pdc4hi9mtgk2s63\/original.pdf\" target=\"_blank\" rel=\"noopener\">\n\t\t\t\t\t\t\tSmart Tap\n\t\t\t<\/a>\n\t\t\t<a href=\"https:\/\/oceaneering.canto.com\/download\/document\/7via1227mt2lf7uqef7gcib31f\/original.pdf\" target=\"_blank\" rel=\"noopener\">\n\t\t\t\t\t\t\tBra\u00e7adeira inteligente assistida por mergulhador\n\t\t\t<\/a>\n\t\t\t<a href=\"https:\/\/oceaneering.canto.com\/download\/document\/7hirf70vvp7at7cfactdc7mf2r\/original.pdf\" target=\"_blank\" rel=\"noopener\">\n\t\t\t\t\t\t\tConector hidr\u00e1ulico de veda\u00e7\u00e3o e aperto duplo (HDGSC)\n\t\t\t<\/a>\n\t<p>Oferecemos solu\u00e7\u00f5es econ\u00f4micas e prontas para o reparo de tubula\u00e7\u00f5es para garantir um fluxo seguro e oportuno e o m\u00e1ximo de tempo de atividade. Somos capazes de implantar e instalar rapidamente qualquer um de nossos conjuntos de bra\u00e7adeiras, flanges e torneiras exclusivas a partir de nosso <a href=\"https:\/\/www.oceaneering.com\/pt\/subsea-projects\/vessel-fleet\/\">navios l\u00edderes do setor<\/a>permitindo um retorno mais r\u00e1pido.<\/p>\n\t\t\t\t\t\t\t\t\t<h3>Comprovado em campo. L\u00edder do setor.<\/h3>\n\t\t\t\t\t\t\t\t\t<p>Leia nossos estudos de caso que apresentam projetos de reparo de tubula\u00e7\u00f5es. <\/p>\n\t\t\t\t\t\t<a href=\"https:\/\/www.oceaneering.com\/pt\/resources\/?_content_types=case-study\" target=\"_self\">\n\t\t\t\t\t\t\t\tVer todos os estudos de caso\t\t\t\t\t\t\t\n\t\t\t\t\t\t\t\t\t\t\t\t\t<\/a>\n\t\t\t\t\t\t<button>\n\t\t\t\t\t\t\tAnterior\n\t\t\t\t\t\t<\/button>\n\t\t\t\t\t\t<button>\n\t\t\t\t\t\t\tPr\u00f3ximo\n\t\t\t\t\t\t<\/button>\n\t\t\t\t\t\t\t<a href=\"https:\/\/www.oceaneering.com\/pt\/case-studies\/oceaneering-completes-water-injection-pipeline-repair-at-field-offshore-angola\/\">\n\t\t\t\t\t\t\t\t\t\t<img decoding=\"async\" src=\"https:\/\/www.oceaneering.com\/wp-content\/uploads\/2021\/10\/351ab494-e6fb-44ce-bca8-681f69291520-2.jpg\" alt=\"Subsea pipeline coating removal tool strapped down on deck of an offshore vessel.\"\/>\n\t\t\t\t\t\t\t\t\t\t<h3>A Oceaneering conclui o reparo da tubula\u00e7\u00e3o de inje\u00e7\u00e3o de \u00e1gua no campo offshore de Angola<\/h3>\n\t\t\t\t\t\t\t\t\t\t<h3>A Oceaneering conclui o reparo da tubula\u00e7\u00e3o de inje\u00e7\u00e3o de \u00e1gua no campo offshore de Angola<\/h3>\n\t\t\t\t\t\t\t\t\t\t\tSaiba mais\n\t\t\t\t\t\t\t<\/a>\n\t\t\t\t\t\t\t<a href=\"https:\/\/www.oceaneering.com\/pt\/case-studies\/oceaneering-enables-safe-continued-production-by-mitigating-the-risk-of-fatigue-on-a-thermowell\/\">\n\t\t\t\t\t\t\t\t\t\t<img decoding=\"async\" src=\"https:\/\/www.oceaneering.com\/wp-content\/uploads\/2020\/01\/pressure-systems.jpg\" alt=\"\"\/>\n\t\t\t\t\t\t\t\t\t\t<h3>A Oceaneering permite a produ\u00e7\u00e3o segura e cont\u00ednua ao reduzir o risco de fadiga em um po\u00e7o termom\u00e9trico<\/h3>\n\t\t\t\t\t\t\t\t\t\t<h3>A Oceaneering permite a produ\u00e7\u00e3o segura e cont\u00ednua ao reduzir o risco de fadiga em um po\u00e7o termom\u00e9trico<\/h3>\n\t\t\t\t\t\t\t\t\t\t\tSaiba mais\n\t\t\t\t\t\t\t<\/a>\n\t\t\t\t\t\t\t<a href=\"https:\/\/www.oceaneering.com\/pt\/case-studies\/oceaneering-survey-solution-enables-client-to-assess-deepwater-pipeline-integrity\/\">\n\t\t\t\t\t\t\t\t\t\t<img decoding=\"async\" src=\"https:\/\/www.oceaneering.com\/wp-content\/uploads\/2019\/12\/a6ebfdc6018d45d18b38680d2556f875-1.webp\" alt=\"Data capture image of a deepwater subsea pipeline survey operation in 2000 meter water depths showing a yellow pipeline on multicolored background.\"\/>\n\t\t\t\t\t\t\t\t\t\t<h3>Solu\u00e7\u00e3o de pesquisa da Oceaneering permite que o cliente avalie a integridade do duto em \u00e1guas profundas<\/h3>\n\t\t\t\t\t\t\t\t\t\t<h3>Solu\u00e7\u00e3o de pesquisa da Oceaneering permite que o cliente avalie a integridade do duto em \u00e1guas profundas<\/h3>\n\t\t\t\t\t\t\t\t\t\t\tSaiba mais\n\t\t\t\t\t\t\t<\/a>\n\t\t\t\t\t\t\t<a href=\"https:\/\/www.oceaneering.com\/pt\/case-studies\/oceaneering-repairs-subsea-leak-at-gulf-of-mexico-field\/\">\n\t\t\t\t\t\t\t\t\t\t<img decoding=\"async\" src=\"https:\/\/www.oceaneering.com\/wp-content\/uploads\/2019\/01\/2f5b75d3b8ed4f9c970aee5751c1efa0-1.webp\" alt=\"Oceaneering hydrate remediation spread on deck of a vessel used to complete offshore intervention scopes.\"\/>\n\t\t\t\t\t\t\t\t\t\t<h3>Oceaneering repara vazamento submarino em campo no Golfo do M\u00e9xico<\/h3>\n\t\t\t\t\t\t\t\t\t\t<h3>Oceaneering repara vazamento submarino em campo no Golfo do M\u00e9xico<\/h3>\n\t\t\t\t\t\t\t\t\t\t\tSaiba mais\n\t\t\t\t\t\t\t<\/a>\n<h2>\n\t\tEntre em contato conosco\n\t<\/h2>\n<h3>\n\t\tNossa equipe de especialistas est\u00e1 pronta para ajud\u00e1-lo a come\u00e7ar.\n\t<\/h3>\n\t<p>A Oceaneering oferece os melhores produtos e solu\u00e7\u00f5es da categoria, respaldados por qualidade, confiabilidade e suporte global inigual\u00e1veis. Preencha o formul\u00e1rio de consulta para iniciar uma conversa hoje mesmo.<\/p>","protected":false},"excerpt":{"rendered":"<p>Discuss a Project Pipeline Repair Decades of unmatched experience and innovative, field-proven pipeline repair technologies enable us to rapidly respond to your concerns. We implement safe, reliable solutions that minimize environmental impact and restore production quickly. Keep Your Production Online Subsea Pipeline Inspection and Repair Avoid severe economic and environmental impacts associated with subsea pipeline &#8230; <a title=\"Reparo de tubula\u00e7\u00e3o\" class=\"read-more\" href=\"https:\/\/www.oceaneering.com\/pt\/pipeline-repair\/\" aria-label=\"Leia mais sobre Reparo de tubula\u00e7\u00f5es\">Leia mais<\/a><\/p>","protected":false},"author":13,"featured_media":0,"parent":0,"menu_order":0,"comment_status":"closed","ping_status":"closed","template":"","meta":{"_acf_changed":false,"footnotes":"","_links_to":"","_links_to_target":""},"product_category":[1209],"search_tags":[1786,1788],"class_list":["post-64967","page","type-page","status-publish","product_category-pipeline-repair","search_tags-pipeline","search_tags-repair"],"acf":[],"aioseo_notices":[],"_links":{"self":[{"href":"https:\/\/www.oceaneering.com\/pt\/wp-json\/wp\/v2\/pages\/64967","targetHints":{"allow":["GET"]}}],"collection":[{"href":"https:\/\/www.oceaneering.com\/pt\/wp-json\/wp\/v2\/pages"}],"about":[{"href":"https:\/\/www.oceaneering.com\/pt\/wp-json\/wp\/v2\/types\/page"}],"author":[{"embeddable":true,"href":"https:\/\/www.oceaneering.com\/pt\/wp-json\/wp\/v2\/users\/13"}],"replies":[{"embeddable":true,"href":"https:\/\/www.oceaneering.com\/pt\/wp-json\/wp\/v2\/comments?post=64967"}],"version-history":[{"count":8,"href":"https:\/\/www.oceaneering.com\/pt\/wp-json\/wp\/v2\/pages\/64967\/revisions"}],"predecessor-version":[{"id":81263,"href":"https:\/\/www.oceaneering.com\/pt\/wp-json\/wp\/v2\/pages\/64967\/revisions\/81263"}],"wp:attachment":[{"href":"https:\/\/www.oceaneering.com\/pt\/wp-json\/wp\/v2\/media?parent=64967"}],"wp:term":[{"taxonomy":"product_category","embeddable":true,"href":"https:\/\/www.oceaneering.com\/pt\/wp-json\/wp\/v2\/product_category?post=64967"},{"taxonomy":"search_tags","embeddable":true,"href":"https:\/\/www.oceaneering.com\/pt\/wp-json\/wp\/v2\/search_tags?post=64967"}],"curies":[{"name":"wp","href":"https:\/\/api.w.org\/{rel}","templated":true}]}}