{"id":62465,"date":"2023-11-13T06:08:19","date_gmt":"2023-11-13T11:08:19","guid":{"rendered":"https:\/\/oceaneering.com\/?page_id=62465"},"modified":"2024-09-11T04:17:28","modified_gmt":"2024-09-11T09:17:28","slug":"flowline-connection-systems","status":"publish","type":"page","link":"https:\/\/www.oceaneering.com\/pt\/flowline-connection-systems\/","title":{"rendered":"Sistemas de conex\u00e3o de linha de fluxo"},"content":{"rendered":"<a href=\"https:\/\/www.oceaneering.com\/pt\/subsea-connection-systems\/#contact\" target=\"_self\" rel=\"noopener\">\n\t\t\t\t\t\t\tDiscutir um projeto\n\t\t\t\t\t<\/a>\n\t\tSistemas de conex\u00e3o submarina\n<h1>\n\t\tSistemas de conex\u00e3o de linha de fluxo\n\t<\/h1>\n\t<p>Nossos sistemas de conex\u00e3o de linha de fluxo oferecem solu\u00e7\u00f5es econ\u00f4micas de conex\u00e3o submarina e s\u00e3o baseados em nossa comprovada tecnologia de veda\u00e7\u00e3o metal-metal Oceaneering\u00ae Grayloc\u00ae.<\/p>\n<h2>\n\t\tConectores verticais e horizontais \n\t<\/h2>\n\t<p>Nossos conectores verticais e horizontais usam um \u00fanico parafuso de acionamento e um balde de torque API padr\u00e3o para maquiagem por uma ferramenta de torque de ve\u00edculo operado remotamente (ROV) padr\u00e3o do setor. O conector de linha de fluxo vertical n\u00e3o requer uma ferramenta de instala\u00e7\u00e3o personalizada e oferece uma solu\u00e7\u00e3o econ\u00f4mica que exige menos viagens de ROV para concluir as conex\u00f5es.<\/p>\n<h3>\n\t\tEm conformidade\n\t<\/h3>\n\t<p>Compat\u00edvel com API 6A, 17D e 17R<\/p>\n<h3>\n\t\tPegada pequena\n\t<\/h3>\n\t<p>O tamanho reduzido minimiza o espa\u00e7o ocupado em \u00e1rvores submarinas ou infraestrutura<\/p>\n<h3>\n\t\tCusto-benef\u00edcio\n\t<\/h3>\n\t<p>Design econ\u00f4mico, confi\u00e1vel e comprovado em campo<\/p>\n<h3>\n\t\tF\u00e1cil instala\u00e7\u00e3o\n\t<\/h3>\n\t<p>Instala\u00e7\u00e3o f\u00e1cil de instalar, sem mergulhadores<\/p>\n<h3>\n\t\tSolu\u00e7\u00f5es dispon\u00edveis\n\t<\/h3>\n\t<p>Solu\u00e7\u00f5es de jumper prontas para uso dispon\u00edveis<\/p>\n<h3>\n\t\tFerramentas dispon\u00edveis\n\t<\/h3>\n\t<p>Ferramentas de ROV para interven\u00e7\u00e3o no conector dispon\u00edveis<\/p>\n\t\t\t<img decoding=\"async\" src=\"https:\/\/oceaneering.com\/wp-content\/uploads\/2023\/11\/Horizontal-Connection-System-1.jpg\" title=\"Sistema de conex\u00e3o horizontal\" alt=\"\" \/>\t\t\t\t\t\t\t\n\t\t\t\t\tReproduzir v\u00eddeo\n<h3>\n\t\tConector horizontal\n\t<\/h3>\n\t<p>Nossos conectores de linha de fluxo operados por ROV permitem uma conex\u00e3o r\u00e1pida e confi\u00e1vel entre tubula\u00e7\u00f5es e linhas de fluxo para novos campos de produ\u00e7\u00e3o ou expans\u00f5es de campo.<\/p>\n\t\t\t<a href=\"https:\/\/oceaneering.canto.com\/download\/document\/qi7tgobjbt08n4pvg1ja2h877v\/original.pdf\" target=\"_blank\" rel=\"noopener\">\n\t\t\t\t\t\t\tSistema de conex\u00e3o sem mergulhador horizontal\n\t\t\t\t\t<\/a>\n\t\t\t<img decoding=\"async\" src=\"https:\/\/oceaneering.com\/wp-content\/uploads\/2023\/11\/Vertical-Connection-System-1.jpg\" title=\"Sistema de conex\u00e3o vertical\" alt=\"Vertical Connection System video thumbnail\" \/>\t\t\t\t\t\t\t\n\t\t\t\t\tReproduzir v\u00eddeo\n<h3>\n\t\tConector vertical\n\t<\/h3>\n\t<p>Conecte suas linhas de fluxo e tubula\u00e7\u00f5es \u00e0s infraestruturas submarinas com nossos conectores de linha de fluxo econ\u00f4micos, confi\u00e1veis e f\u00e1ceis de instalar.<\/p>\n\t\t\t<a href=\"https:\/\/oceaneering.canto.com\/download\/document\/ombsm6ok410ntc68ms33s2li7u\/original.pdf\" target=\"_blank\" rel=\"noopener\">\n\t\t\t\t\t\t\tSistema de conex\u00e3o de linha de fluxo vertical\n\t\t\t\t\t<\/a>\n\t\t\t\t\t\t\t\t\t<h3>Veja nossos estudos de caso<\/h3>\n\t\t\t\t\t\t\t\t\t<p>Explore como nossos servi\u00e7os e tecnologias est\u00e3o resolvendo os desafios dos clientes em todo o mundo.<\/p>\n\t\t\t\t\t\t<button>\n\t\t\t\t\t\t\tAnterior\n\t\t\t\t\t\t<\/button>\n\t\t\t\t\t\t<button>\n\t\t\t\t\t\t\tPr\u00f3ximo\n\t\t\t\t\t\t<\/button>\n\t\t\t\t\t\t\t\t\t\t\t\t\t\t\t<a href=\"\/pt\/innovative-subsea-flowline-pressure-containing-clamp-system-reduces-intervention-time-and-cost\/\" target=\"_blank\" rel=\"noopener\">\n\t\t\t\t\t\t\t\t\t\t<img decoding=\"async\" src=\"https:\/\/oceaneering.com\/wp-content\/uploads\/2023\/11\/20211012_221915-1-scaled-1.jpg\" alt=\"\"\/>\n\t\t\t\t\t\t\t\t\t\t<h3>Sistema inovador de bra\u00e7adeira de conten\u00e7\u00e3o de press\u00e3o de linha de fluxo submarina reduz o tempo e o custo da interven\u00e7\u00e3o<\/h3>\n\t\t\t\t\t\t\t\t\t\t<h3>Sistema inovador de bra\u00e7adeira de conten\u00e7\u00e3o de press\u00e3o de linha de fluxo submarina reduz o tempo e o custo da interven\u00e7\u00e3o<\/h3>\n\t\t\t\t\t\t\t\t\t\t<p>A solu\u00e7\u00e3o exclusiva e completa de remedia\u00e7\u00e3o de hidratos permite que o cliente acesse e desbloqueie a linha de fluxo com efici\u00eancia.<\/p>\n\t\t\t\t\t\t\t\t\t\t\t\tSaiba mais\n\t\t\t\t\t\t\t\t\t\t\t\t\t\t\t<\/a>\n\t\t\t\t\t\t\t\t\t\t\t\t\t\t\t<a href=\"https:\/\/oceaneering.canto.com\/download\/document\/r11bmat0054f7bk0oo48qno33v\/original.pdf\" target=\"_blank\" rel=\"noopener\">\n\t\t\t\t\t\t\t\t\t\t<img decoding=\"async\" src=\"https:\/\/oceaneering.com\/wp-content\/uploads\/2023\/11\/Case-study.jpg\" alt=\"\"\/>\n\t\t\t\t\t\t\t\t\t\t<h3>Oceaneering conclui reparo de tubula\u00e7\u00e3o de inje\u00e7\u00e3o de \u00e1gua em campo offshore em Angola<\/h3>\n\t\t\t\t\t\t\t\t\t\t<h3>Oceaneering conclui reparo de tubula\u00e7\u00e3o de inje\u00e7\u00e3o de \u00e1gua em campo offshore em Angola<\/h3>\n\t\t\t\t\t\t\t\t\t\tSuccessful repair enables customer to resume \noperations and enhance production.\n\t\t\t\t\t\t\t\t\t\t\t\tLearn More\n\t\t\t\t\t\t\t\t\t\t\t\t\t\t\t<\/a>\n\t\t\t\t\t\t\t\t\t\t\t\t\t\t\t<a href=\"https:\/\/oceaneering.canto.com\/download\/document\/blhk1da4p12ef5dvlf8mff6j14\/original.pdf\" target=\"_blank\" rel=\"noopener\">\n\t\t\t\t\t\t\t\t\t\t<img decoding=\"async\" src=\"https:\/\/oceaneering.com\/wp-content\/uploads\/2023\/11\/PCRS-5-1.jpg\" alt=\"\"\/>\n\t\t\t\t\t\t\t\t\t\t<h3>A Oceaneering conclui a instala\u00e7\u00e3o de grampos de reparo de dutos<\/h3>\n\t\t\t\t\t\t\t\t\t\t<h3>A Oceaneering conclui a instala\u00e7\u00e3o de grampos de reparo de dutos<\/h3>\n\t\t\t\t\t\t\t\t\t\tProject restores flow to 48 in pipelines off the \ncoast of Singapore.\n\t\t\t\t\t\t\t\t\t\t\t\tLearn More\n\t\t\t\t\t\t\t\t\t\t\t\t\t\t\t<\/a>\n\t\t\t\t\t\t\t\t\t\t\t\t\t\t\t<a href=\"https:\/\/oceaneering.canto.com\/download\/document\/f1ogrum4cd08ne1ovf49dugt34\/original.pdf\" target=\"_blank\" rel=\"noopener\">\n\t\t\t\t\t\t\t\t\t\t<img decoding=\"async\" src=\"https:\/\/oceaneering.com\/wp-content\/uploads\/2023\/11\/image-edited-1.jpg\" alt=\"\"\/>\n\t\t\t\t\t\t\t\t\t\t<h3>Oceaneering entrega solu\u00e7\u00e3o de lan\u00e7ador de porcos submarinos<\/h3>\n\t\t\t\t\t\t\t\t\t\t<h3>Oceaneering entrega solu\u00e7\u00e3o de lan\u00e7ador de porcos submarinos<\/h3>\n\t\t\t\t\t\t\t\t\t\t<p>Um cliente contratou a Oceaneering para projetar, construir e qualificar um lan\u00e7ador de su\u00ednos submarinos reutiliz\u00e1veis em \u00e1guas profundas e o hardware de suporte associado. <\/p>\n\t\t\t\t\t\t\t\t\t\t\t\tSaiba mais\n\t\t\t\t\t\t\t\t\t\t\t\t\t\t\t<\/a>\n\t\t\t\t<img decoding=\"async\" src=\"https:\/\/oceaneering.com\/wp-content\/uploads\/2023\/11\/170531_M5_Connector_V2-1.jpg\" alt=\"170531_M5_Connector_V2-1\" itemprop=\"image\" title=\"170531_M5_Connector_V2-1\" onerror=\"this.style.display='none'\"  \/>\n\t\tWebinar\n<h3>\n\t\tAumente a efici\u00eancia e a confiabilidade com solu\u00e7\u00f5es de conex\u00e3o submarina comprovadas em campo\n\t<\/h3>\n\t<p><strong>S\u00e9rie de webinars sobre produtos de energia<\/strong><\/p>\n\t<p>O Sistema de Conex\u00e3o M5 altamente confi\u00e1vel da Oceaneering oferece uma solu\u00e7\u00e3o f\u00e1cil de instalar, permitindo a inje\u00e7\u00e3o de g\u00e1s ou produtos qu\u00edmicos na infraestrutura submarina e serve como um ponto de acesso para futuras interven\u00e7\u00f5es durante a vida \u00fatil do campo.<\/p>\n\t\t\t<a href=\"https:\/\/www.oceaneering.com\/pt\/webinars\/boost-efficiency-and-reliability-with-field-proven-subsea-connection-solutions\/\" target=\"_self\" rel=\"noopener\">\n\t\t\t\t\t\t\tAssistir sob demanda\n\t\t\t\t\t<\/a>\n<h1>\n\t\tEntre em contato conosco\n\t<\/h1>\n<h2>\n\t\tNossa equipe de especialistas est\u00e1 pronta para ajud\u00e1-lo a come\u00e7ar.\n\t<\/h2>\n\t<p>A Oceaneering oferece os melhores produtos e solu\u00e7\u00f5es da categoria, respaldados por qualidade, confiabilidade e suporte global inigual\u00e1veis. Preencha o formul\u00e1rio de consulta para iniciar uma conversa hoje mesmo.<\/p>","protected":false},"excerpt":{"rendered":"<p>Discuta um projeto Sistemas de conex\u00e3o submarina Sistemas de conex\u00e3o de linha de fluxo Nossos sistemas de conex\u00e3o de linha de fluxo fornecem solu\u00e7\u00f5es econ\u00f4micas de conex\u00e3o submarina e s\u00e3o baseados em nossa comprovada tecnologia de veda\u00e7\u00e3o metal-metal Oceaneering\u00ae Grayloc\u00ae. Conectores verticais e horizontais Nossos conectores verticais e horizontais usam um \u00fanico parafuso de acionamento e um balde de torque API padr\u00e3o para maquiagem por um ... <a title=\"Sistemas de conex\u00e3o de linha de fluxo\" class=\"read-more\" href=\"https:\/\/www.oceaneering.com\/pt\/flowline-connection-systems\/\" aria-label=\"Leia mais sobre os sistemas de conex\u00e3o de linhas de fluxo\">Leia mais<\/a><\/p>","protected":false},"author":25,"featured_media":0,"parent":0,"menu_order":0,"comment_status":"closed","ping_status":"closed","template":"","meta":{"_acf_changed":false,"footnotes":"","_links_to":"","_links_to_target":""},"product_category":[1431],"search_tags":[1498],"class_list":["post-62465","page","type-page","status-publish","product_category-subsea-connection-systems","search_tags-subsea-connection-system"],"acf":[],"aioseo_notices":[],"_links":{"self":[{"href":"https:\/\/www.oceaneering.com\/pt\/wp-json\/wp\/v2\/pages\/62465","targetHints":{"allow":["GET"]}}],"collection":[{"href":"https:\/\/www.oceaneering.com\/pt\/wp-json\/wp\/v2\/pages"}],"about":[{"href":"https:\/\/www.oceaneering.com\/pt\/wp-json\/wp\/v2\/types\/page"}],"author":[{"embeddable":true,"href":"https:\/\/www.oceaneering.com\/pt\/wp-json\/wp\/v2\/users\/25"}],"replies":[{"embeddable":true,"href":"https:\/\/www.oceaneering.com\/pt\/wp-json\/wp\/v2\/comments?post=62465"}],"version-history":[{"count":0,"href":"https:\/\/www.oceaneering.com\/pt\/wp-json\/wp\/v2\/pages\/62465\/revisions"}],"wp:attachment":[{"href":"https:\/\/www.oceaneering.com\/pt\/wp-json\/wp\/v2\/media?parent=62465"}],"wp:term":[{"taxonomy":"product_category","embeddable":true,"href":"https:\/\/www.oceaneering.com\/pt\/wp-json\/wp\/v2\/product_category?post=62465"},{"taxonomy":"search_tags","embeddable":true,"href":"https:\/\/www.oceaneering.com\/pt\/wp-json\/wp\/v2\/search_tags?post=62465"}],"curies":[{"name":"wp","href":"https:\/\/api.w.org\/{rel}","templated":true}]}}