{"id":61180,"date":"2023-11-09T09:03:35","date_gmt":"2023-11-09T14:03:35","guid":{"rendered":"https:\/\/oceaneering.com\/m5-connection-system\/"},"modified":"2025-10-20T10:21:54","modified_gmt":"2025-10-20T15:21:54","slug":"m5-connection-system","status":"publish","type":"page","link":"https:\/\/www.oceaneering.com\/pt\/subsea-connection-systems\/m5-connection-system\/","title":{"rendered":"Sistema de conex\u00e3o M5"},"content":{"rendered":"<a href=\"https:\/\/www.oceaneering.com\/pt\/subsea-connection-systems\/#contact\" target=\"_self\">\n\t\t\t\t\t\t\tDiscutir um projeto\n\t\t\t\t\t<\/a>\n\t\tSistema de conex\u00e3o submarina\n<h1>\n\t\tSistema de conex\u00e3o M5\n\t<\/h1>\n\t<p>Nosso sistema de conex\u00e3o M5 altamente confi\u00e1vel oferece uma solu\u00e7\u00e3o de conex\u00e3o f\u00e1cil de instalar que permite a inje\u00e7\u00e3o de g\u00e1s ou produtos qu\u00edmicos na infraestrutura submarina e serve como um ponto de acesso para futuras interven\u00e7\u00f5es durante a vida \u00fatil do campo.<\/p>\n<h2>\n\t\tTecnologia confi\u00e1vel para aplica\u00e7\u00f5es submarinas\n\t<\/h2>\n\t<p>Integrando a incompar\u00e1vel tecnologia de veda\u00e7\u00e3o metal-metal da Grayloc, que pode proporcionar 25 ciclos de abertura e fechamento, o conector M5 \u00e9 adequado para a implanta\u00e7\u00e3o submarina de longo prazo em orienta\u00e7\u00f5es verticais e horizontais e pode ser usado em v\u00e1rias aplica\u00e7\u00f5es de linha de servi\u00e7o mono furo.<\/p>\n\t<ul>\n\t\t\t\t\t<li>\n\t\t\t\tInje\u00e7\u00e3o de g\u00e1s lift\n\t\t\t<\/li>\n\t\t\t\t\t<li>\n\t\t\t\tInje\u00e7\u00e3o qu\u00edmica\n\t\t\t<\/li>\n\t\t\t\t\t<li>\n\t\t\t\tGarantia de fluxo\n\t\t\t<\/li>\n\t\t\t\t\t<li>\n\t\t\t\tRemedia\u00e7\u00e3o de hidratos\n\t\t\t<\/li>\n\t\t\t\t\t<li>\n\t\t\t\tEstimula\u00e7\u00e3o do po\u00e7o\n\t\t\t<\/li>\n\t\t\t\t\t<li>\n\t\t\t\tSistemas de instala\u00e7\u00e3o, workover e controle (IWOCS)\n\t\t\t<\/li>\n\t\t\t<\/ul>\n\t\t\t<a href=\"https:\/\/oceaneering.canto.com\/download\/document\/jiedc11mqh7gv0muna81d7gp6a\/original.pdf\" target=\"_blank\" rel=\"noopener\">\n\t\t\t\t\t\t\tConector M5 ROV Flyable Full Bore\n\t\t\t\t\t<\/a>\n\t\t\t\t<img decoding=\"async\" src=\"https:\/\/oceaneering.com\/wp-content\/uploads\/2023\/12\/0468228-M5-Jumper-with-2in-HCR-1-e1652858083675.png\" alt=\"0468228-M5-Jumper-with-2in-HCR-1-e1652858083675\" itemprop=\"image\" title=\"0468228-M5-Jumper-with-2in-HCR-1-e1652858083675\" onerror=\"this.style.display='none'\"  \/>\n\t\t\t<img decoding=\"async\" src=\"https:\/\/oceaneering.com\/wp-content\/uploads\/2023\/12\/M5-video-thumb-1.jpg\" title=\"M5-video-thumb-1\" alt=\"\" \/>\t\t\t\t\t\t\t\n\t\t\t\t\tPlay Video\n\t\tConfigurable Design\n<h2>\n\t\tResolvendo seus desafios com solu\u00e7\u00f5es personalizadas\n\t<\/h2>\n\t<p>Nossas solu\u00e7\u00f5es de jumper prontas para uso otimizam o gerenciamento de interfaces e a efici\u00eancia de custos. Elas s\u00e3o projetadas para suportar for\u00e7as de jumpers r\u00edgidos e incluem um mecanismo de travamento baseado em nossas placas de jun\u00e7\u00e3o altamente confi\u00e1veis da S\u00e9rie M. O sistema de conectores M5 pode ser fornecido em uma ampla variedade de configura\u00e7\u00f5es, incluindo diversos tipos e materiais de condu\u00edtes, dependendo das classifica\u00e7\u00f5es de press\u00e3o exigidas.<\/p>\n\t<ul>\n\t\t\t\t\t<li>\n\t\t\t\tTamanhos de furo: At\u00e9 3 polegadas\n\t\t\t<\/li>\n\t\t\t\t\t<li>\n\t\t\t\tCompat\u00edvel com ROVs: N\u00e3o requer ferramentas especializadas\n\t\t\t<\/li>\n\t\t\t\t\t<li>\n\t\t\t\tEquipamentos auxiliares dispon\u00edveis: tampas de crescimento mar\u00edtimo, pain\u00e9is de interven\u00e7\u00e3o, tampas de reten\u00e7\u00e3o de fluido\n\t\t\t<\/li>\n\t\t\t\t\t<li>\n\t\t\t\tCondu\u00edtes: Mangueiras termopl\u00e1sticas altamente resistentes ao colapso, tubo composto, umbilical de tubo de a\u00e7o agrupado, linha de fluxo flex\u00edvel, tubo espiralado\n\t\t\t<\/li>\n\t\t\t<\/ul>\n<h2>\n\t\tEconomize tempo e dinheiro com a substitui\u00e7\u00e3o de selos submarinos\n\t<\/h2>\n\t<p>O projeto do conector M5 permite a substitui\u00e7\u00e3o da veda\u00e7\u00e3o submarina, eliminando a necessidade de recuperar o conector na parte superior para a troca da veda\u00e7\u00e3o. O inovador painel de substitui\u00e7\u00e3o de veda\u00e7\u00e3o submarina M5 permite a substitui\u00e7\u00e3o da veda\u00e7\u00e3o submarina e pode ser montado em uma gaiola de ROV ou em uma estrutura submarina.<\/p>\n\t\t\t<img decoding=\"async\" src=\"https:\/\/oceaneering.com\/wp-content\/uploads\/2023\/12\/M5-video-thumb-ovie2-1.jpg\" title=\"M5-video-thumb-ovie2-1\" alt=\"\" \/>\t\t\t\t\t\t\t\n\t\t\t\t\tReproduzir v\u00eddeo\n<h1>\n\t\tEntre em contato conosco\n\t<\/h1>\n<h2>\n\t\tNossa equipe de especialistas est\u00e1 pronta para ajud\u00e1-lo a come\u00e7ar.\n\t<\/h2>\n\t<p>A Oceaneering oferece os melhores produtos e solu\u00e7\u00f5es da categoria, respaldados por qualidade, confiabilidade e suporte global inigual\u00e1veis. Preencha o formul\u00e1rio de consulta para iniciar uma conversa hoje mesmo.<\/p>","protected":false},"excerpt":{"rendered":"<p>Discuta um projeto Sistema de conex\u00e3o submarina Sistema de conex\u00e3o M5 Nosso sistema de conex\u00e3o M5 altamente confi\u00e1vel oferece uma solu\u00e7\u00e3o de conex\u00e3o f\u00e1cil de instalar que permite a inje\u00e7\u00e3o de g\u00e1s ou produtos qu\u00edmicos na infraestrutura submarina e serve como um ponto de acesso para futuras interven\u00e7\u00f5es durante a vida \u00fatil do campo. Tecnologia confi\u00e1vel para aplica\u00e7\u00f5es submarinas Integrando a inigual\u00e1vel veda\u00e7\u00e3o metal-metal Grayloc ... <a title=\"Sistema de conex\u00e3o M5\" class=\"read-more\" href=\"https:\/\/www.oceaneering.com\/pt\/subsea-connection-systems\/m5-connection-system\/\" aria-label=\"Leia mais sobre o Sistema de Conex\u00e3o M5\">Leia mais<\/a><\/p>","protected":false},"author":20,"featured_media":0,"parent":61178,"menu_order":107,"comment_status":"closed","ping_status":"closed","template":"","meta":{"_acf_changed":false,"footnotes":"","_links_to":"","_links_to_target":""},"product_category":[1431],"search_tags":[1498],"class_list":["post-61180","page","type-page","status-publish","product_category-subsea-connection-systems","search_tags-subsea-connection-system"],"acf":[],"aioseo_notices":[],"_links":{"self":[{"href":"https:\/\/www.oceaneering.com\/pt\/wp-json\/wp\/v2\/pages\/61180","targetHints":{"allow":["GET"]}}],"collection":[{"href":"https:\/\/www.oceaneering.com\/pt\/wp-json\/wp\/v2\/pages"}],"about":[{"href":"https:\/\/www.oceaneering.com\/pt\/wp-json\/wp\/v2\/types\/page"}],"author":[{"embeddable":true,"href":"https:\/\/www.oceaneering.com\/pt\/wp-json\/wp\/v2\/users\/20"}],"replies":[{"embeddable":true,"href":"https:\/\/www.oceaneering.com\/pt\/wp-json\/wp\/v2\/comments?post=61180"}],"version-history":[{"count":2,"href":"https:\/\/www.oceaneering.com\/pt\/wp-json\/wp\/v2\/pages\/61180\/revisions"}],"predecessor-version":[{"id":79199,"href":"https:\/\/www.oceaneering.com\/pt\/wp-json\/wp\/v2\/pages\/61180\/revisions\/79199"}],"up":[{"embeddable":true,"href":"https:\/\/www.oceaneering.com\/pt\/wp-json\/wp\/v2\/pages\/61178"}],"wp:attachment":[{"href":"https:\/\/www.oceaneering.com\/pt\/wp-json\/wp\/v2\/media?parent=61180"}],"wp:term":[{"taxonomy":"product_category","embeddable":true,"href":"https:\/\/www.oceaneering.com\/pt\/wp-json\/wp\/v2\/product_category?post=61180"},{"taxonomy":"search_tags","embeddable":true,"href":"https:\/\/www.oceaneering.com\/pt\/wp-json\/wp\/v2\/search_tags?post=61180"}],"curies":[{"name":"wp","href":"https:\/\/api.w.org\/{rel}","templated":true}]}}