{"id":61178,"date":"2023-11-09T09:03:33","date_gmt":"2023-11-09T14:03:33","guid":{"rendered":"https:\/\/oceaneering.com\/subsea-connection-systems\/"},"modified":"2026-03-10T07:50:16","modified_gmt":"2026-03-10T12:50:16","slug":"subsea-connection-systems","status":"publish","type":"page","link":"https:\/\/www.oceaneering.com\/pt\/subsea-connection-systems\/","title":{"rendered":"Sistemas de conex\u00e3o submarina"},"content":{"rendered":"<p><a href=\"https:\/\/www.oceaneering.com\/pt\/subsea-connection-systems\/#contact\" target=\"_self\" rel=\"noopener\"> Discutir um projeto <\/a><\/p>\r\n<h1>Sistemas de conex\u00e3o submarina<\/h1>\r\n<p>Nosso portf\u00f3lio de sistemas de conex\u00e3o comprovados em campo oferece solu\u00e7\u00f5es confi\u00e1veis que atendem \u00e0s diversas necessidades de suas opera\u00e7\u00f5es globais, desde as rotineiras at\u00e9 as extremas.<\/p>\r\n<h2>Solu\u00e7\u00f5es compactas e robustas<\/h2>\r\n<p>Atendemos \u00e0s suas necessidades com solu\u00e7\u00f5es projetadas para aumentar a efici\u00eancia, proporcionar economia de custos e operar de forma confi\u00e1vel. Nossos sistemas de conex\u00e3o compat\u00edveis com API atendem \u00e0s demandas de aplica\u00e7\u00f5es em \u00e1guas rasas e profundas, aproveitando o design compacto e a tecnologia de veda\u00e7\u00e3o metal-metal Grayloc, l\u00edder do setor.<\/p>\r\n<p><img decoding=\"async\" title=\"Verticle-Connector2 (1)\" src=\"https:\/\/oceaneering.com\/wp-content\/uploads\/2023\/12\/Verticle-Connector2-1.jpg\" alt=\"Verticle-Connector2 (1)\" \/><\/p>\r\n<h3>Sistemas de conex\u00e3o de linha de fluxo<\/h3>\r\n<p>Sistemas horizontais e verticais econ\u00f4micos que integram a tecnologia de veda\u00e7\u00e3o metal-metal Grayloc da Oceaneering.<\/p>\r\n<p><a href=\"https:\/\/www.oceaneering.com\/pt\/flowline-connection-systems\/\" target=\"_self\" rel=\"noopener\"> Saiba mais <\/a> <img decoding=\"async\" title=\"170531_M5_Connector_V2-(2)-edited\" src=\"https:\/\/oceaneering.com\/wp-content\/uploads\/2023\/12\/170531_M5_Connector_V2-2-edited.jpg\" alt=\"170531_M5_Connector_V2-(2)-edited\" \/><\/p>\r\n<h3>Sistema de conex\u00e3o M5<\/h3>\r\n<p>Solu\u00e7\u00e3o instal\u00e1vel por ROV que permite a inje\u00e7\u00e3o de g\u00e1s ou produtos qu\u00edmicos na infraestrutura submarina.<\/p>\r\n<p><a href=\"https:\/\/www.oceaneering.com\/pt\/subsea-connection-systems\/m5-connection-system\/\" target=\"_self\" rel=\"noopener\"> Saiba mais <\/a> <img decoding=\"async\" title=\"Pig-Launcher2-1-editado\" src=\"https:\/\/oceaneering.com\/wp-content\/uploads\/2023\/12\/Pig-Launcher2-1-edited.jpg\" alt=\"Pig-Launcher2-1-edited\" \/><\/p>\r\n<h3>Lan\u00e7adores e receptores de su\u00ednos<\/h3>\r\n<p>Submarinas e carreg\u00e1veis na superf\u00edcie, nossas configura\u00e7\u00f5es operadas remotamente e por ROVs atendem \u00e0s suas necessidades de opera\u00e7\u00f5es durante toda a vida \u00fatil do campo.<\/p>\r\n<p><a href=\"https:\/\/oceaneering.canto.com\/direct\/document\/agdqd298h12032i4730qmefu11\/YuInhOzxs1Ghf_3UHxA1SYrrhjo\/original?content-type=application%2Fpdf&amp;name=OCS-Subsea-Pig-launchers.pdf\" target=\"_blank\" rel=\"noopener\"> Lan\u00e7adores de su\u00ednos submarinos <\/a> <img decoding=\"async\" title=\"oleoduto-2-1\" src=\"https:\/\/oceaneering.com\/wp-content\/uploads\/2023\/12\/pipeline-2-1.jpg\" alt=\"pipeline-2-1\" \/><\/p>\r\n<h3>Sistemas de jumper<\/h3>\r\n<p>Fornecemos um balc\u00e3o \u00fanico para sistemas completos de jumpers e oferecemos solu\u00e7\u00f5es que reduzem o gerenciamento de fornecedores.<\/p>\r\n<p><img decoding=\"async\" title=\"ClampFlangeBG-editado\" src=\"https:\/\/oceaneering.com\/wp-content\/uploads\/2023\/12\/ClampFlangeBG-edited.png\" alt=\"ClampFlangeBG-edited\" \/><\/p>\r\n<h3>Tecnologia Grayloc<\/h3>\r\n<p>A tecnologia Grayloc metal-metal permite que nossas conex\u00f5es submarinas ofere\u00e7am confiabilidade e efici\u00eancia em projetos compactos e robustos.<\/p>\r\n<p><a href=\"https:\/\/www.oceaneering.com\/pt\/grayloc-home\/\" target=\"_self\" rel=\"noopener\"> Saiba mais <\/a><\/p>\r\n<h1>Entre em contato conosco<\/h1>\r\n<h2>Nossa equipe de especialistas est\u00e1 pronta para ajud\u00e1-lo a come\u00e7ar.<\/h2>\r\n<p>A Oceaneering oferece os melhores produtos e solu\u00e7\u00f5es da categoria, respaldados por qualidade, confiabilidade e suporte global inigual\u00e1veis. Preencha o formul\u00e1rio de consulta para iniciar uma conversa hoje mesmo.<\/p>","protected":false},"excerpt":{"rendered":"<p>Discuta um projeto Sistemas de conex\u00e3o submarina Nosso portf\u00f3lio de sistemas de conex\u00e3o comprovados em campo oferece solu\u00e7\u00f5es confi\u00e1veis que atendem \u00e0s diversas necessidades de suas opera\u00e7\u00f5es globais, desde as rotineiras at\u00e9 as mais extremas. Solu\u00e7\u00f5es compactas e robustas Atendemos \u00e0s suas necessidades com solu\u00e7\u00f5es projetadas para aumentar a efici\u00eancia, proporcionar economia de custos e operar de forma confi\u00e1vel. Nossos sistemas de conex\u00e3o compat\u00edveis com API atendem \u00e0s demandas de ... <a title=\"Sistemas de conex\u00e3o submarina\" class=\"read-more\" href=\"https:\/\/www.oceaneering.com\/pt\/subsea-connection-systems\/\" aria-label=\"Leia mais sobre Sistemas de Conex\u00e3o Submarina\">Leia mais<\/a><\/p>","protected":false},"author":20,"featured_media":0,"parent":0,"menu_order":105,"comment_status":"closed","ping_status":"closed","template":"","meta":{"_acf_changed":false,"footnotes":"","_links_to":"","_links_to_target":""},"product_category":[],"search_tags":[],"class_list":["post-61178","page","type-page","status-publish"],"acf":[],"aioseo_notices":[],"_links":{"self":[{"href":"https:\/\/www.oceaneering.com\/pt\/wp-json\/wp\/v2\/pages\/61178","targetHints":{"allow":["GET"]}}],"collection":[{"href":"https:\/\/www.oceaneering.com\/pt\/wp-json\/wp\/v2\/pages"}],"about":[{"href":"https:\/\/www.oceaneering.com\/pt\/wp-json\/wp\/v2\/types\/page"}],"author":[{"embeddable":true,"href":"https:\/\/www.oceaneering.com\/pt\/wp-json\/wp\/v2\/users\/20"}],"replies":[{"embeddable":true,"href":"https:\/\/www.oceaneering.com\/pt\/wp-json\/wp\/v2\/comments?post=61178"}],"version-history":[{"count":2,"href":"https:\/\/www.oceaneering.com\/pt\/wp-json\/wp\/v2\/pages\/61178\/revisions"}],"predecessor-version":[{"id":81396,"href":"https:\/\/www.oceaneering.com\/pt\/wp-json\/wp\/v2\/pages\/61178\/revisions\/81396"}],"wp:attachment":[{"href":"https:\/\/www.oceaneering.com\/pt\/wp-json\/wp\/v2\/media?parent=61178"}],"wp:term":[{"taxonomy":"product_category","embeddable":true,"href":"https:\/\/www.oceaneering.com\/pt\/wp-json\/wp\/v2\/product_category?post=61178"},{"taxonomy":"search_tags","embeddable":true,"href":"https:\/\/www.oceaneering.com\/pt\/wp-json\/wp\/v2\/search_tags?post=61178"}],"curies":[{"name":"wp","href":"https:\/\/api.w.org\/{rel}","templated":true}]}}