{"id":61175,"date":"2023-11-09T09:02:31","date_gmt":"2023-11-09T14:02:31","guid":{"rendered":"https:\/\/oceaneering.com\/subsea-distribution-solutions\/services\/"},"modified":"2025-10-21T03:59:03","modified_gmt":"2025-10-21T08:59:03","slug":"services","status":"publish","type":"page","link":"https:\/\/www.oceaneering.com\/pt\/subsea-distribution-solutions\/services\/","title":{"rendered":"Servi\u00e7os de distribui\u00e7\u00e3o submarina"},"content":{"rendered":"<h1>Servi\u00e7os de distribui\u00e7\u00e3o submarina<\/h1>\r\n<h2>Reduzir os riscos por meio da previs\u00e3o de desempenho<\/h2>\r\n<p>Reduza os riscos gerais do seu projeto e preveja o desempenho do produto em condi\u00e7\u00f5es extremas com nossos recursos avan\u00e7ados de modelagem e an\u00e1lise de sistemas. Nossa experiente equipe de engenheiros de an\u00e1lise, equipada com ferramentas de hardware e software avan\u00e7adas e totalmente validadas, d\u00e1 suporte aos seus projetos, desde o desenvolvimento do conceito at\u00e9 a entrega.<\/p>\r\n<p><strong>Fornecemos solu\u00e7\u00f5es abrangentes.<\/strong><\/p>\r\n<ul>\r\n<li>An\u00e1lise global din\u00e2mica em risers (umbilicais e flex\u00edveis)<\/li>\r\n<li>An\u00e1lise de tens\u00e3o local em umbilicais (2D e 3D) e estruturas submarinas<\/li>\r\n<li>An\u00e1lise de interfer\u00eancia e conflito<\/li>\r\n<li>An\u00e1lise t\u00e9rmica<\/li>\r\n<li>An\u00e1lise el\u00e9trica<\/li>\r\n<li>An\u00e1lise de fluxo<\/li>\r\n<\/ul>\r\n<p><img loading=\"lazy\" decoding=\"async\" title=\"An\u00e1lise local de produtos umbilicais\" src=\"https:\/\/oceaneering.com\/wp-content\/uploads\/2023\/11\/Local-Analysis-of-Umbilicals.png\" alt=\"Local-Analysis-of-Umbilicals\" width=\"539\" height=\"289\" \/> <img loading=\"lazy\" decoding=\"async\" title=\"An\u00e1lise de hardware-3\" src=\"https:\/\/oceaneering.com\/wp-content\/uploads\/2023\/11\/Analysis-of-Hardware-3.png\" alt=\"Analysis-of-Hardware-3\" width=\"500\" height=\"546\" \/><\/p>\r\n<h2>Teste de valida\u00e7\u00e3o de projeto e an\u00e1lise de confiabilidade<\/h2>\r\n<p>A simula\u00e7\u00e3o de cen\u00e1rios cr\u00edticos de instala\u00e7\u00e3o, opera\u00e7\u00e3o e recupera\u00e7\u00e3o nos permite validar e otimizar suas solu\u00e7\u00f5es. Nossos engenheiros utilizam equipamentos de teste de \u00faltima gera\u00e7\u00e3o para entender melhor as limita\u00e7\u00f5es do produto, incorporar esse conhecimento ao processo de projeto e melhorar continuamente o desempenho e a confiabilidade do produto.<\/p>\r\n<p>Os testes espec\u00edficos do projeto podem ser projetados para validar uma solu\u00e7\u00e3o para o ambiente pretendido. A Oceaneering est\u00e1 equipada com os recursos para realizar todos os testes descritos na ISO 13628-5.<\/p>\r\n<p><a href=\"https:\/\/www.oceaneering.com\/pt\/global-component-and-product-testing-and-qualification-capabilities\/\" target=\"_self\" rel=\"noopener\"> Saiba mais <\/a><\/p>\r\n<h2>Instala\u00e7\u00e3o e reparo de hardware de distribui\u00e7\u00e3o submarina<\/h2>\r\n<p>Atendemos \u00e0s suas necessidades com os melhores servi\u00e7os de instala\u00e7\u00e3o, reparo, manuten\u00e7\u00e3o e renova\u00e7\u00e3o de umbilicais da categoria.<\/p>\r\n<p>Clientes de todo o mundo confiam em n\u00f3s para a manuten\u00e7\u00e3o de seus umbilicais e hardware, independentemente do tipo, fun\u00e7\u00e3o ou fabricante.<\/p>\r\n<ul>\r\n<li>T\u00e9cnicos localizados globalmente e dispon\u00edveis<\/li>\r\n<li>Servi\u00e7os dispon\u00edveis para umbilicais de tubos termopl\u00e1sticos e de a\u00e7o<\/li>\r\n<li>Servi\u00e7o dispon\u00edvel tanto em umbilicais de produ\u00e7\u00e3o quanto em umbilicais instalados temporariamente (IWOCS)<\/li>\r\n<li>Testes, lavagem e troca de fluidos<\/li>\r\n<li>Termina\u00e7\u00e3o e reparo de mangueiras hidr\u00e1ulicas e linhas el\u00e9tricas<\/li>\r\n<li>Enrolamento de umbilical para medi\u00e7\u00e3o ou reparo<\/li>\r\n<li>Reparos de carret\u00e9is umbilicais<\/li>\r\n<li>Troca de fluidos<\/li>\r\n<\/ul>\r\n<p>Entre em contato conosco<\/p>\r\n<h3>Nossa equipe de especialistas est\u00e1 pronta para ajud\u00e1-lo a come\u00e7ar.<\/h3>\r\n<p>A Oceaneering oferece os melhores produtos e solu\u00e7\u00f5es da categoria, respaldados por qualidade, confiabilidade e suporte global inigual\u00e1veis. Preencha o formul\u00e1rio de consulta para iniciar uma conversa hoje mesmo.<\/p>\r\n<p>\"*\" indica campos obrigat\u00f3rios<\/p>\r\n<form id=\"gform_4\" action=\"\/pt\/?page_id=61175&#038;fl_builder#gf_4\" enctype=\"multipart\/form-data\" method=\"post\" target=\"gform_ajax_frame_4\" data-formid=\"4\" data-trp-original-action=\"\/?page_id=61175&amp;fl_builder#gf_4\"><fieldset id=\"field_4_1\" data-js-reload=\"field_4_1\"><legend class=\"gfield_label gform-field-label gfield_label_before_complex\">Nome*<\/legend> <input id=\"input_4_1_3\" tabindex=\"201\" name=\"input_1.3\" type=\"text\" value=\"\" aria-required=\"true\" \/> <label class=\"gform-field-label gform-field-label--type-sub\" for=\"input_4_1_3\">Primeiro<\/label> <input id=\"input_4_1_6\" tabindex=\"203\" name=\"input_1.6\" type=\"text\" value=\"\" aria-required=\"true\" \/> <label class=\"gform-field-label gform-field-label--type-sub\" for=\"input_4_1_6\">\u00daltimo<\/label><\/fieldset><label class=\"gfield_label gform-field-label\" for=\"input_4_4\">Telefone*<\/label><input id=\"input_4_4\" class=\"large\" tabindex=\"205\" name=\"input_4\" type=\"text\" value=\"\" aria-required=\"true\" aria-invalid=\"false\" \/><label class=\"gfield_label gform-field-label\" for=\"input_4_3\">E-mail*<\/label> <input id=\"input_4_3\" class=\"large\" tabindex=\"206\" name=\"input_3\" type=\"text\" value=\"\" aria-required=\"true\" aria-invalid=\"false\" \/> <label class=\"gfield_label gform-field-label\" for=\"input_4_5\">Outro<\/label><select id=\"input_4_5\" class=\"large gfield_select\" tabindex=\"207\" name=\"input_5\" aria-invalid=\"false\">\r\n<option class=\"gf_placeholder\" selected=\"selected\" value=\"\">Selecione uma<\/option>\r\n<option value=\"First Choice\">Primeira escolha<\/option>\r\n<option value=\"Second Choice\">Segunda op\u00e7\u00e3o<\/option>\r\n<option value=\"Third Choice\">Terceira op\u00e7\u00e3o<\/option>\r\n<\/select><label class=\"gfield_label gform-field-label\" for=\"input_4_6\">Outro<\/label><select id=\"input_4_6\" class=\"large gfield_select\" tabindex=\"208\" name=\"input_6\" aria-invalid=\"false\">\r\n<option class=\"gf_placeholder\" selected=\"selected\" value=\"\">Selecione uma<\/option>\r\n<option value=\"First Choice\">Primeira escolha<\/option>\r\n<option value=\"Second Choice\">Segunda op\u00e7\u00e3o<\/option>\r\n<option value=\"Third Choice\">Terceira op\u00e7\u00e3o<\/option>\r\n<\/select><label class=\"gfield_label gform-field-label\" for=\"input_4_7\">Outro<\/label><input id=\"input_4_7\" class=\"large\" tabindex=\"209\" name=\"input_7\" type=\"text\" value=\"\" aria-invalid=\"false\" \/> <label class=\"gfield_label gform-field-label\" for=\"input_4_8\">Outro<\/label><input id=\"input_4_8\" class=\"large\" tabindex=\"210\" name=\"input_8\" type=\"text\" value=\"\" aria-invalid=\"false\" \/>\r\n<p>Lorem ipsum dolor sit amet, consetetur sadipscing elitr, sed diam nonumy eirmod tempor invidunt ut labore et dolore magna aliquyam erat voluptua.<\/p>\r\n<input id=\"gform_submit_button_4\" class=\"gform_button button\" tabindex=\"211\" type=\"submit\" value=\"Solicite uma cota\u00e7\u00e3o\" \/> <input name=\"gform_ajax\" type=\"hidden\" value=\"form_id=4&amp;title=&amp;description=&amp;tabindex=200\" \/> <input class=\"gform_hidden\" name=\"is_submit_4\" type=\"hidden\" value=\"1\" \/> <input class=\"gform_hidden\" name=\"gform_submit\" type=\"hidden\" value=\"4\" \/> <input class=\"gform_hidden\" name=\"gform_unique_id\" type=\"hidden\" value=\"\" \/> <input class=\"gform_hidden\" name=\"state_4\" type=\"hidden\" value=\"WyJ7XCI1XCI6W1wiZGYzN2E2ZTliYzJkYTVlMjU5ZDBmNDMwMTdlYjVhMGVcIixcImZhNGEwM2ZkMGU0YmYxOGMzYzM3NDhmYWZmMGIzYmJkXCIsXCIxMTAzYTVhMmJlZjQ3NWI5MjRhMmZmYTMyYTNhNzM1N1wiXSxcIjZcIjpbXCJkZjM3YTZlOWJjMmRhNWUyNTlkMGY0MzAxN2ViNWEwZVwiLFwiZmE0YTAzZmQwZTRiZjE4YzNjMzc0OGZhZmYwYjNiYmRcIixcIjExMDNhNWEyYmVmNDc1YjkyNGEyZmZhMzJhM2E3MzU3XCJdfSIsImExMTE4N2U4YmFkMGY5NmE2ZTIxYTQxYTMyMDZjM2E4Il0=\" \/> <input id=\"gform_target_page_number_4\" class=\"gform_hidden\" name=\"gform_target_page_number_4\" type=\"hidden\" value=\"0\" \/> <input id=\"gform_source_page_number_4\" class=\"gform_hidden\" name=\"gform_source_page_number_4\" type=\"hidden\" value=\"1\" \/> <input name=\"gform_field_values\" type=\"hidden\" value=\"\" \/>\r\n<p><label>\u0394<textarea cols=\"45\" maxlength=\"100\" name=\"ak_hp_textarea\" rows=\"8\"><\/textarea><\/label><input id=\"ak_js_1\" name=\"ak_js\" type=\"hidden\" value=\"118\" \/><\/p>\r\n<input type=\"hidden\" name=\"trp-form-language\" value=\"pt\"\/><\/form>\r\n<p><iframe id=\"gform_ajax_frame_4\" style=\"display: none; width: 0px; height: 0px;\" title=\"Esse iframe cont\u00e9m a l\u00f3gica necess\u00e1ria para lidar com Gravity Forms acionados por Ajax.\" src=\"about:blank\" name=\"gform_ajax_frame_4\"><\/iframe><\/p>","protected":false},"excerpt":{"rendered":"<p>Servi\u00e7os de distribui\u00e7\u00e3o submarina Reduza os riscos prevendo o desempenho Reduza os riscos gerais do seu projeto e preveja o desempenho do produto em condi\u00e7\u00f5es extremas com os nossos recursos avan\u00e7ados de modelagem e an\u00e1lise de sistemas. Nossa experiente equipe de engenheiros de an\u00e1lise, equipada com ferramentas de hardware e software avan\u00e7adas e totalmente validadas, d\u00e1 suporte aos seus projetos, desde o desenvolvimento do conceito at\u00e9 a entrega. Fornecemos solu\u00e7\u00f5es abrangentes. Din\u00e2mico ... <a title=\"Servi\u00e7os de distribui\u00e7\u00e3o submarina\" class=\"read-more\" href=\"https:\/\/www.oceaneering.com\/pt\/subsea-distribution-solutions\/services\/\" aria-label=\"Leia mais sobre Servi\u00e7os de Distribui\u00e7\u00e3o Submarina\">Leia mais<\/a><\/p>","protected":false},"author":20,"featured_media":0,"parent":61172,"menu_order":104,"comment_status":"closed","ping_status":"closed","template":"","meta":{"_acf_changed":false,"footnotes":"","_links_to":"","_links_to_target":""},"product_category":[1783],"search_tags":[1782],"class_list":["post-61175","page","type-page","status-publish","product_category-subsea-distribution-solutions","search_tags-subsea-distribution-solutions"],"acf":[],"aioseo_notices":[],"_links":{"self":[{"href":"https:\/\/www.oceaneering.com\/pt\/wp-json\/wp\/v2\/pages\/61175","targetHints":{"allow":["GET"]}}],"collection":[{"href":"https:\/\/www.oceaneering.com\/pt\/wp-json\/wp\/v2\/pages"}],"about":[{"href":"https:\/\/www.oceaneering.com\/pt\/wp-json\/wp\/v2\/types\/page"}],"author":[{"embeddable":true,"href":"https:\/\/www.oceaneering.com\/pt\/wp-json\/wp\/v2\/users\/20"}],"replies":[{"embeddable":true,"href":"https:\/\/www.oceaneering.com\/pt\/wp-json\/wp\/v2\/comments?post=61175"}],"version-history":[{"count":1,"href":"https:\/\/www.oceaneering.com\/pt\/wp-json\/wp\/v2\/pages\/61175\/revisions"}],"predecessor-version":[{"id":79221,"href":"https:\/\/www.oceaneering.com\/pt\/wp-json\/wp\/v2\/pages\/61175\/revisions\/79221"}],"up":[{"embeddable":true,"href":"https:\/\/www.oceaneering.com\/pt\/wp-json\/wp\/v2\/pages\/61172"}],"wp:attachment":[{"href":"https:\/\/www.oceaneering.com\/pt\/wp-json\/wp\/v2\/media?parent=61175"}],"wp:term":[{"taxonomy":"product_category","embeddable":true,"href":"https:\/\/www.oceaneering.com\/pt\/wp-json\/wp\/v2\/product_category?post=61175"},{"taxonomy":"search_tags","embeddable":true,"href":"https:\/\/www.oceaneering.com\/pt\/wp-json\/wp\/v2\/search_tags?post=61175"}],"curies":[{"name":"wp","href":"https:\/\/api.w.org\/{rel}","templated":true}]}}