{"id":61174,"date":"2023-11-09T09:02:30","date_gmt":"2023-11-09T14:02:30","guid":{"rendered":"https:\/\/oceaneering.com\/subsea-distribution-solutions\/products\/"},"modified":"2026-04-10T03:58:12","modified_gmt":"2026-04-10T08:58:12","slug":"products","status":"publish","type":"page","link":"https:\/\/www.oceaneering.com\/pt\/subsea-distribution-solutions\/products\/","title":{"rendered":"Produtos de distribui\u00e7\u00e3o submarina"},"content":{"rendered":"<a href=\"https:\/\/www.oceaneering.com\/pt\/subsea-distribution-solutions\/#contact\" target=\"_self\">\n\t\t\t\t\t\t\tDiscutir um projeto\n\t\t\t\t\t<\/a>\n<h1>\n\t\tProdutos de distribui\u00e7\u00e3o submarina\n\t<\/h1>\n\t<p>Com instala\u00e7\u00f5es de fabrica\u00e7\u00e3o globais de classe mundial e experi\u00eancia no setor, atendemos a todos os seus requisitos de distribui\u00e7\u00e3o submarina com solu\u00e7\u00f5es otimizadas.<\/p>\n\t\t<!-- Comment to fix spacing issue\n\t-->\n\t\tWe have delivered more than0kmof subsea umbilical control systems\n\t<!-- Comment to fix spacing issue\n\t-->\t\n<h2>\n\t\tUmbilicais\n\t<\/h2>\n\t<p>Nossos umbilicais submarinos fornecem as conex\u00f5es essenciais entre a arquitetura submarina e distribuem fun\u00e7\u00f5es de energia, controle e comunica\u00e7\u00e3o nos ambientes mais profundos e adversos.<\/p>\n\t<ul>\n\t\t\t\t\t<li>\n\t\t\t\tProjetos otimizados e econ\u00f4micos e sele\u00e7\u00e3o de componentes resultam em solu\u00e7\u00f5es confi\u00e1veis e de longo prazo\n\t\t\t<\/li>\n\t\t\t\t\t<li>\n\t\t\t\tAdes\u00e3o aos padr\u00f5es internacionais e do cliente\n\t\t\t<\/li>\n\t\t\t\t\t<li>\n\t\t\t\tProdutos projetados para suportar aplica\u00e7\u00f5es globais em \u00e1guas profundas\n\t\t\t<\/li>\n\t\t\t\t\t<li>\n\t\t\t\tDisponibilidade do sistema completo - da superf\u00edcie ao po\u00e7o\n\t\t\t<\/li>\n\t\t\t\t\t<li>\n\t\t\t\tAmpla experi\u00eancia em projetos de cabos de energia e umbilicais de bombas\n\t\t\t<\/li>\n\t\t\t\t\t<li>\n\t\t\t\tO mais abrangente portf\u00f3lio global de sistemas de instala\u00e7\u00e3o, workover e controle (IWOCs) de cabos umbilicais\n\t\t\t<\/li>\n\t\t\t\t\t<li>\n\t\t\t\tProjeto e fabrica\u00e7\u00e3o de cabos de matriz e de exporta\u00e7\u00e3o para o mercado de energia renov\u00e1vel\n\t\t\t<\/li>\n\t\t\t<\/ul>\n\t\t\t\t<img loading=\"lazy\" decoding=\"async\" src=\"https:\/\/www.oceaneering.com\/wp-content\/uploads\/2026\/04\/Umbilical-Render-copy.webp\" alt=\"Umbilical Render copy\" itemprop=\"image\" height=\"893\" width=\"893\" title=\"Umbilical Render copy\" onerror=\"this.style.display='none'\"  \/>\n\t\t\t\t<a href=\"https:\/\/oceaneering.canto.com\/download\/document\/kgf62lojft0gha0hr84gp9665g\/original.pdf\"  target=\"_blank\" rel=\"noopener\"  itemprop=\"url\">\n\t\t\t\t<img loading=\"lazy\" decoding=\"async\" src=\"https:\/\/www.oceaneering.com\/wp-content\/uploads\/2023\/11\/Steel-Tube-umbilical-1.jpeg\" alt=\"Steel-Tube-umbilical-1\" itemprop=\"image\" height=\"850\" width=\"567\" title=\"Tubo de a\u00e7o-umbilical-1\" onerror=\"this.style.display='none'\"  \/>\n\t\t\t\t<\/a>\n<h3>\n\t\t<a href=\"https:\/\/www.oceaneering.com\/wp-content\/uploads\/2018\/05\/Distribution-unit-right.jpg\" title=\"Umbilicais de tubo de a\u00e7o\"  target=\"_self\">\n\t\tUmbilicais de tubo de a\u00e7o\n\t\t<\/a>\n\t<\/h3>\n\t<p>Solu\u00e7\u00f5es inerentemente fortes para controle hidr\u00e1ulico e inje\u00e7\u00e3o qu\u00edmica<\/p>\n\t\t\t<a href=\"https:\/\/oceaneering.canto.com\/download\/document\/kgf62lojft0gha0hr84gp9665g\/original.pdf\" target=\"_blank\" rel=\"noopener\">\n\t\t\t\t\t\t\tUmbilicais de tubo de a\u00e7o\n\t\t\t<\/a>\n\t\t\t\t<a href=\"https:\/\/oceaneering.canto.com\/download\/document\/r23makihut0pb75q4r49n1q83t\/original.pdf\"  target=\"_blank\" rel=\"noopener\"  itemprop=\"url\">\n\t\t\t\t<img loading=\"lazy\" decoding=\"async\" src=\"https:\/\/www.oceaneering.com\/wp-content\/uploads\/2023\/11\/Thermoplastic-umbilical.jpeg\" alt=\"Thermoplastic-umbilical\" itemprop=\"image\" height=\"850\" width=\"567\" title=\"Termopl\u00e1stico-umbilical\" onerror=\"this.style.display='none'\"  \/>\n\t\t\t\t<\/a>\n<h3>\n\t\t<a href=\"https:\/\/oceaneering.canto.com\/download\/document\/r23makihut0pb75q4r49n1q83t\/original.pdf\" title=\"Umbilicais de mangueira termopl\u00e1stica\"  target=\"_self\">\n\t\tUmbilicais de mangueira termopl\u00e1stica\n\t\t<\/a>\n\t<\/h3>\n\t<p>Solu\u00e7\u00f5es confi\u00e1veis e comprovadas em campo para atender \u00e0s suas necessidades de distribui\u00e7\u00e3o submarina<\/p>\n\t\t\t<a href=\"https:\/\/oceaneering.canto.com\/download\/document\/r23makihut0pb75q4r49n1q83t\/original.pdf\" target=\"_blank\" rel=\"noopener\">\n\t\t\t\t\t\t\tUmbilicais de mangueira termopl\u00e1stica\n\t\t\t<\/a>\n\t\t\t\t<a href=\"https:\/\/oceaneering.canto.com\/download\/document\/0dt96ep7sl2dvdfjlv49uegd6s\/original.pdf\"  target=\"_blank\" rel=\"noopener\"  itemprop=\"url\">\n\t\t\t\t<img loading=\"lazy\" decoding=\"async\" src=\"https:\/\/www.oceaneering.com\/wp-content\/uploads\/2023\/11\/Power-umbilical-1.jpeg\" alt=\"Power-umbilical-1\" itemprop=\"image\" height=\"850\" width=\"567\" title=\"Energia-umbilical-1\" onerror=\"this.style.display='none'\"  \/>\n\t\t\t\t<\/a>\n<h3>\n\t\t<a href=\"https:\/\/oceaneering.canto.com\/download\/document\/0dt96ep7sl2dvdfjlv49uegd6s\/original.pdf\" title=\"Umbilicais de energia\"  target=\"_self\">\n\t\tUmbilicais de energia\n\t\t<\/a>\n\t<\/h3>\n\t<p>Solu\u00e7\u00f5es integradas que fornecem energia el\u00e9trica e comunica\u00e7\u00f5es para a infraestrutura submarina<\/p>\n\t\t\t<a href=\"https:\/\/oceaneering.canto.com\/download\/document\/0dt96ep7sl2dvdfjlv49uegd6s\/original.pdf\" target=\"_blank\" rel=\"noopener\">\n\t\t\t\t\t\t\tUmbilicais de energia\n\t\t\t<\/a>\n\t\t\t\t<a href=\"https:\/\/oceaneering.canto.com\/download\/document\/ij6tuada9l0o19m2hm5mhbi821\/original.pdf\"  target=\"_blank\" rel=\"noopener\"  itemprop=\"url\">\n\t\t\t\t<img loading=\"lazy\" decoding=\"async\" src=\"https:\/\/www.oceaneering.com\/wp-content\/uploads\/2023\/11\/IWOCS-umbilical.jpeg\" alt=\"IWOCS-umbilical\" itemprop=\"image\" height=\"850\" width=\"567\" title=\"IWOCS-umbilical\" onerror=\"this.style.display='none'\"  \/>\n\t\t\t\t<\/a>\n<h3>\n\t\t<a href=\"https:\/\/oceaneering.canto.com\/download\/document\/ij6tuada9l0o19m2hm5mhbi821\/original.pdf\" title=\"Umbilicais IWOCS\"  target=\"_self\">\n\t\tUmbilicais IWOCS\n\t\t<\/a>\n\t<\/h3>\n\t<p>Fornecimento de conex\u00f5es hidr\u00e1ulicas tempor\u00e1rias, energia el\u00e9trica\/controle e suprimento de produtos qu\u00edmicos<\/p>\n\t\t\t<a href=\"https:\/\/oceaneering.canto.com\/download\/document\/ij6tuada9l0o19m2hm5mhbi821\/original.pdf\" target=\"_blank\" rel=\"noopener\">\n\t\t\t\t\t\t\tUmbilicais IWOCS\n\t\t\t<\/a>\n\t\tSolu\u00e7\u00f5es de conex\u00e3o de v\u00e1rias linhas, alto fluxo e oper\u00e1veis por ROVs\n<h2>\n\t\tPlacas de jun\u00e7\u00e3o da s\u00e9rie M\n\t<\/h2>\n\t<p>Atenda aos diversos requisitos de seu projeto com nossas placas de jun\u00e7\u00e3o da S\u00e9rie M com montagens fixas, configur\u00e1veis e remov\u00edveis. As placas permitem a conex\u00e3o remota de estruturas submarinas para dar suporte \u00e0 inje\u00e7\u00e3o de produtos qu\u00edmicos, evitando o bloqueio do po\u00e7o, fornecendo energia hidr\u00e1ulica para abrir e fechar v\u00e1lvulas submarinas montadas e facilitando o monitoramento da press\u00e3o do anel do po\u00e7o.<\/p>\n<p>Nossas placas de jun\u00e7\u00e3o s\u00e3o frequentemente inclu\u00eddas em sistemas de cabos voadores ou em manifolds, \u00e1rvores de Natal submarinas e estruturas submarinas.<\/p>\n\t<ul>\n\t\t\t\t\t<li>\n\t\t\t\tPreenchido com acoplamentos hidr\u00e1ulicos de tamanho adequado para garantir a mais alta integridade e otimiza\u00e7\u00e3o das fun\u00e7\u00f5es\n\t\t\t<\/li>\n\t\t\t\t\t<li>\n\t\t\t\tCurabitur arcu erat accumsan id \n\t\t\t<\/li>\n\t\t\t\t\t<li>\n\t\t\t\tIncorporam um sistema de acoplamento de trava extremamente confi\u00e1vel, patenteado e pr\u00e9-rosqueado para oferecer uma solu\u00e7\u00e3o de conex\u00e3o segura e eficiente\n\t\t\t<\/li>\n\t\t\t\t\t<li>\n\t\t\t\tO portf\u00f3lio de produtos inclui equipamentos auxiliares, como tampas l\u00f3gicas, tampas de crescimento marinho e placas de teste e lavagem\n\t\t\t<\/li>\n\t\t\t<\/ul>\n\t\t\t<a href=\"https:\/\/oceaneering.canto.com\/download\/document\/riaqrcsjm50871hj3im9r5k46n\/original.pdf\" target=\"_blank\" rel=\"noopener\">\n\t\t\t\t\t\t\tPlacas de jun\u00e7\u00e3o submarinas da s\u00e9rie M\n\t\t\t\t\t<\/a>\n<h2>\n\t\tUnidades de distribui\u00e7\u00e3o submarina\n\t<\/h2>\n\t<p>Os projetos espec\u00edficos para unidades de distribui\u00e7\u00e3o el\u00e9trica, unidades de distribui\u00e7\u00e3o hidr\u00e1ulica e unidades de distribui\u00e7\u00e3o submarina atendem aos seus desafios para otimizar a distribui\u00e7\u00e3o submarina de fun\u00e7\u00f5es.<\/p>\n<p>Implantadas no fundo do mar, as unidades de distribui\u00e7\u00e3o s\u00e3o configuradas para incluir as interfaces hidr\u00e1ulicas e el\u00e9tricas que d\u00e3o suporte ao seu sistema. Da rotina \u00e0 complexidade, nossos engenheiros oferecem as solu\u00e7\u00f5es mais eficazes e robustas para garantir a produ\u00e7\u00e3o e o tempo de atividade.<\/p>\n\t\tFornecimento de conex\u00f5es seguras e eficientes entre o hardware de distribui\u00e7\u00e3o submarina\n<h2>\n\t\tLeads de voo hidr\u00e1ulicos\n\t<\/h2>\n\t<p>Conecte sua infraestrutura submarina - de conjuntos de termina\u00e7\u00e3o de umbilicais (UTAs) e manifolds a \u00e1rvores de Natal e unidades de distribui\u00e7\u00e3o submarinas - usando nossos cabos voadores comprovados em campo. Nossos cabos voadores permitem o transporte seguro e eficiente de fluido hidr\u00e1ulico e produtos qu\u00edmicos.<\/p>\n<p>A combina\u00e7\u00e3o de uma se\u00e7\u00e3o de condu\u00edte prim\u00e1rio - normalmente tubos de a\u00e7o ou mangueiras termopl\u00e1sticas - com uma solda de cabe\u00e7a de termina\u00e7\u00e3o e a placa de jun\u00e7\u00e3o oper\u00e1vel por ROV necess\u00e1ria fornece funcionalidade total.<\/p>\n\t<ul>\n\t\t\t\t\t<li>\n\t\t\t\tProjetos modulares para aplica\u00e7\u00f5es hidr\u00e1ulicas, eletro-hidr\u00e1ulicas e h\u00edbridas\n\t\t\t<\/li>\n\t\t\t\t\t<li>\n\t\t\t\tSe\u00e7\u00f5es de condu\u00edte empacotadas ou extrudadas\n\t\t\t<\/li>\n\t\t\t\t\t<li>\n\t\t\t\tCompat\u00edvel com ROVs\n\t\t\t<\/li>\n\t\t\t\t\t<li>\n\t\t\t\tAmplo hist\u00f3rico\n\t\t\t<\/li>\n\t\t\t\t\t<li>\n\t\t\t\tSolu\u00e7\u00f5es para armazenamento de longo prazo, transporte de longa dist\u00e2ncia e instala\u00e7\u00e3o\n\t\t\t<\/li>\n\t\t\t<\/ul>\n\t\t\t<a href=\"https:\/\/oceaneering.canto.com\/download\/document\/1pa0v34emd13rbds4kk63r6c3m\/original.pdf\" target=\"_blank\" rel=\"noopener\">\n\t\t\t\t\t\t\tLeads de voo hidr\u00e1ulicos\n\t\t\t<\/a>\n\t\tUso de pe\u00e7as padr\u00e3o para fornecer solu\u00e7\u00f5es personalizadas\n<h2>\n\t\tConjuntos de Termina\u00e7\u00e3o de Umbilicais Submarinos\n\t<\/h2>\n\t<p>Nossos conjuntos de termina\u00e7\u00e3o umbilical (UTAs) s\u00e3o configurados usando componentes modulares para atender aos requisitos do seu projeto de solu\u00e7\u00f5es robustas de conex\u00e3o submarina. Seus requisitos operacionais e de instala\u00e7\u00e3o mais desafiadores s\u00e3o atendidos com nossos projetos padronizados e configur\u00e1veis. Tamb\u00e9m oferecemos UTAs personalizados para atender aos seus requisitos operacionais.<\/p>\n<h3>\n\t\tPor que modular?\n\t<\/h3>\n\t<ul>\n\t\t\t\t\t<li>\n\t\t\t\tMelhoria do cronograma por meio da fabrica\u00e7\u00e3o paralela\n\t\t\t<\/li>\n\t\t\t\t\t<li>\n\t\t\t\tAcesso aprimorado para soldagem e montagem\n\t\t\t<\/li>\n\t\t\t\t\t<li>\n\t\t\t\tOferece suporte \u00e0 conclus\u00e3o antecipada de testes de carga e press\u00e3o\n\t\t\t<\/li>\n\t\t\t\t\t<li>\n\t\t\t\tAplique imediatamente as li\u00e7\u00f5es aprendidas e beneficie-se da repeti\u00e7\u00e3o de projetos\n\t\t\t<\/li>\n\t\t\t\t\t<li>\n\t\t\t\tOs pain\u00e9is laterais configur\u00e1veis oferecem solu\u00e7\u00f5es de conectividade hidr\u00e1ulica, el\u00e9trica e de fibra \u00f3ptica\n\t\t\t<\/li>\n\t\t\t<\/ul>\n\t\t\t<a href=\"https:\/\/oceaneering.canto.com\/download\/document\/o7esiplnqt3lt5cefi0j2o5s0r\/original.pdf\" target=\"_blank\" rel=\"noopener\">\n\t\t\t\t\t\t\tConjunto de Termina\u00e7\u00e3o Umbilical (UTA)\n\t\t\t\t\t<\/a>\n\t\t\t\t<img decoding=\"async\" src=\"https:\/\/oceaneering.com\/wp-content\/uploads\/2023\/12\/Termination-unit.jpg\" alt=\"Termination-unit\" itemprop=\"image\" title=\"Unidade de termina\u00e7\u00e3o\" onerror=\"this.style.display='none'\"  \/>\n<h2>\n\t\tHardware de conex\u00e3o topside e equipamento auxiliar\n\t<\/h2>\n\t<p>Os sistemas de conex\u00e3o n\u00e3o est\u00e3o completos sem equipamentos auxiliares e hardware de superf\u00edcie. Desde veda\u00e7\u00f5es de tubos I e J at\u00e9 elos fracos de umbilicais, atendemos aos diversos desafios de projeto que seus sistemas apresentam.<\/p>\n\t\t\t\t<a href=\"https:\/\/oceaneering.canto.com\/download\/document\/i5075pl765497cjq572oiq354h\/original.pdf\"  target=\"_blank\" rel=\"noopener\"  itemprop=\"url\">\n\t\t\t\t<img decoding=\"async\" src=\"https:\/\/oceaneering.com\/wp-content\/uploads\/2023\/11\/IJ-Tube-Seals.jpeg\" alt=\"IJ-Tube-Seals\" itemprop=\"image\" title=\"IJ-Tube-Seals\" onerror=\"this.style.display='none'\"  \/>\n\t\t\t\t<\/a>\n<h3>\n\t\t<a href=\"https:\/\/oceaneering.canto.com\/download\/document\/i5075pl765497cjq572oiq354h\/original.pdf\" title=\"Veda\u00e7\u00f5es de tubos I e J umbilicais\"  target=\"_blank\"  rel=\"noopener\">\n\t\tVeda\u00e7\u00f5es de tubos I e J umbilicais\n\t\t<\/a>\n\t<\/h3>\n\t\t\t<a href=\"https:\/\/oceaneering.canto.com\/download\/document\/i5075pl765497cjq572oiq354h\/original.pdf\" target=\"_blank\" rel=\"noopener\">\n\t\t\t\t\t\t\tVeda\u00e7\u00f5es de tubo I\/J\n\t\t\t<\/a>\n\t\t\t\t<a href=\"https:\/\/oceaneering.canto.com\/download\/document\/cnp8sjmcjd5ut8k7qcib8r9c5v\/original.pdf\"  target=\"_blank\" rel=\"noopener\"  itemprop=\"url\">\n\t\t\t\t<img decoding=\"async\" src=\"https:\/\/oceaneering.com\/wp-content\/uploads\/2023\/11\/Pull-in-and-hang-off-systems.jpeg\" alt=\"Pull-in-and-hang-off-systems\" itemprop=\"image\" title=\"Sistemas pull-in-and-hang-off\" onerror=\"this.style.display='none'\"  \/>\n\t\t\t\t<\/a>\n<h3>\n\t\t<a href=\"https:\/\/oceaneering.canto.com\/download\/document\/cnp8sjmcjd5ut8k7qcib8r9c5v\/original.pdf\" title=\"Sistemas Pull-In e Hang Off\"  target=\"_blank\"  rel=\"noopener\">\n\t\tSistemas Pull-In e Hang Off\n\t\t<\/a>\n\t<\/h3>\n\t\t\t<a href=\"https:\/\/oceaneering.canto.com\/download\/document\/cnp8sjmcjd5ut8k7qcib8r9c5v\/original.pdf\" target=\"_blank\" rel=\"noopener\">\n\t\t\t\t\t\t\tSistemas Pull-In e Hang Off\n\t\t\t<\/a>\n\t\t\t\t<a href=\"https:\/\/oceaneering.canto.com\/download\/document\/jasm8ugf411pj8mn88a63rqp68\/original.pdf\"  target=\"_blank\" rel=\"noopener\"  itemprop=\"url\">\n\t\t\t\t<img decoding=\"async\" src=\"https:\/\/oceaneering.com\/wp-content\/uploads\/2023\/11\/Subsea-umbilical-termination-interfaces.jpeg\" alt=\"Subsea-umbilical-termination-interfaces\" itemprop=\"image\" title=\"Interfaces de termina\u00e7\u00e3o subsequente-umbilical\" onerror=\"this.style.display='none'\"  \/>\n\t\t\t\t<\/a>\n<h3>\n\t\t<a href=\"https:\/\/oceaneering.canto.com\/download\/document\/jasm8ugf411pj8mn88a63rqp68\/original.pdf\" title=\"Interfaces de termina\u00e7\u00e3o de umbilicais submarinos\"  target=\"_blank\"  rel=\"noopener\">\n\t\tInterfaces de termina\u00e7\u00e3o de umbilicais submarinos\n\t\t<\/a>\n\t<\/h3>\n\t\t\t<a href=\"https:\/\/oceaneering.canto.com\/download\/document\/jasm8ugf411pj8mn88a63rqp68\/original.pdf\" target=\"_blank\" rel=\"noopener\">\n\t\t\t\t\t\t\tInterface de termina\u00e7\u00e3o de umbilical submarino\n\t\t\t<\/a>\n\t\t\t\t<a href=\"https:\/\/oceaneering.canto.com\/download\/document\/vhdkfvekg136pcq5va56bvbg36\/original.pdf\"  target=\"_blank\" rel=\"noopener\"  itemprop=\"url\">\n\t\t\t\t<img decoding=\"async\" src=\"https:\/\/oceaneering.com\/wp-content\/uploads\/2023\/11\/Umbilical-tie-back.jpeg\" alt=\"Umbilical-tie-back\" itemprop=\"image\" title=\"Amarra\u00e7\u00e3o umbilical para tr\u00e1s\" onerror=\"this.style.display='none'\"  \/>\n\t\t\t\t<\/a>\n<h3>\n\t\t<a href=\"https:\/\/oceaneering.canto.com\/download\/document\/vhdkfvekg136pcq5va56bvbg36\/original.pdf\" title=\"Coleiras de amarra\u00e7\u00e3o umbilical ou coleiras de amarra\u00e7\u00e3o\"  target=\"_blank\"  rel=\"noopener\">\n\t\tColeiras de amarra\u00e7\u00e3o umbilical ou coleiras de amarra\u00e7\u00e3o\n\t\t<\/a>\n\t<\/h3>\n\t\t\t<a href=\"https:\/\/oceaneering.canto.com\/download\/document\/vhdkfvekg136pcq5va56bvbg36\/original.pdf\" target=\"_blank\" rel=\"noopener\">\n\t\t\t\t\t\t\tGola Umbilical com Amarra\u00e7\u00e3o nas Costas\n\t\t\t<\/a>\n\t\t\t\t<a href=\"https:\/\/oceaneering.canto.com\/download\/document\/doh2tlq2lh7kr86rcq19v7r770\/original.pdf\"  target=\"_blank\" rel=\"noopener\"  itemprop=\"url\">\n\t\t\t\t<img decoding=\"async\" src=\"https:\/\/oceaneering.com\/wp-content\/uploads\/2023\/11\/Weak-link.jpeg\" alt=\"Weak-link\" itemprop=\"image\" title=\"Link fraco\" onerror=\"this.style.display='none'\"  \/>\n\t\t\t\t<\/a>\n<h3>\n\t\t<a href=\"https:\/\/oceaneering.canto.com\/download\/document\/doh2tlq2lh7kr86rcq19v7r770\/original.pdf\" title=\"Elos fracos de umbilicais submarinos\"  target=\"_blank\"  rel=\"noopener\">\n\t\tElos fracos de umbilicais submarinos\n\t\t<\/a>\n\t<\/h3>\n\t\t\t<a href=\"https:\/\/oceaneering.canto.com\/download\/document\/doh2tlq2lh7kr86rcq19v7r770\/original.pdf\" target=\"_blank\" rel=\"noopener\">\n\t\t\t\t\t\t\tLinks fracos\n\t\t\t<\/a>\n<h2>\n\t\tEntre em contato conosco\n\t<\/h2>\n<h3>\n\t\tNossa equipe de especialistas est\u00e1 pronta para ajud\u00e1-lo a come\u00e7ar.\n\t<\/h3>\n\t<p>A Oceaneering oferece os melhores produtos e solu\u00e7\u00f5es da categoria, respaldados por qualidade, confiabilidade e suporte global inigual\u00e1veis. Preencha o formul\u00e1rio de consulta para iniciar uma conversa hoje mesmo.<\/p>","protected":false},"excerpt":{"rendered":"<p>Discuss a Project Subsea Distribution Products With world-class global manufacturing facilities and industry experience, we meet your complete subsea distribution requirements with optimized solutions. We have delivered more than0kmof subsea umbilical control systems Umbilicals Our subsea umbilicals provide the critical connections between subsea architecture and distribute power, control, and communication functions in the deepest and &#8230; <a title=\"Produtos de distribui\u00e7\u00e3o submarina\" class=\"read-more\" href=\"https:\/\/www.oceaneering.com\/pt\/subsea-distribution-solutions\/products\/\" aria-label=\"Leia mais sobre os produtos de distribui\u00e7\u00e3o submarina\">Leia mais<\/a><\/p>","protected":false},"author":20,"featured_media":0,"parent":61172,"menu_order":103,"comment_status":"closed","ping_status":"closed","template":"","meta":{"_acf_changed":false,"footnotes":"","_links_to":"","_links_to_target":""},"product_category":[1783],"search_tags":[1782,1394],"class_list":["post-61174","page","type-page","status-publish","product_category-subsea-distribution-solutions","search_tags-subsea-distribution-solutions","search_tags-umbilical"],"acf":[],"aioseo_notices":[],"_links":{"self":[{"href":"https:\/\/www.oceaneering.com\/pt\/wp-json\/wp\/v2\/pages\/61174","targetHints":{"allow":["GET"]}}],"collection":[{"href":"https:\/\/www.oceaneering.com\/pt\/wp-json\/wp\/v2\/pages"}],"about":[{"href":"https:\/\/www.oceaneering.com\/pt\/wp-json\/wp\/v2\/types\/page"}],"author":[{"embeddable":true,"href":"https:\/\/www.oceaneering.com\/pt\/wp-json\/wp\/v2\/users\/20"}],"replies":[{"embeddable":true,"href":"https:\/\/www.oceaneering.com\/pt\/wp-json\/wp\/v2\/comments?post=61174"}],"version-history":[{"count":3,"href":"https:\/\/www.oceaneering.com\/pt\/wp-json\/wp\/v2\/pages\/61174\/revisions"}],"predecessor-version":[{"id":82022,"href":"https:\/\/www.oceaneering.com\/pt\/wp-json\/wp\/v2\/pages\/61174\/revisions\/82022"}],"up":[{"embeddable":true,"href":"https:\/\/www.oceaneering.com\/pt\/wp-json\/wp\/v2\/pages\/61172"}],"wp:attachment":[{"href":"https:\/\/www.oceaneering.com\/pt\/wp-json\/wp\/v2\/media?parent=61174"}],"wp:term":[{"taxonomy":"product_category","embeddable":true,"href":"https:\/\/www.oceaneering.com\/pt\/wp-json\/wp\/v2\/product_category?post=61174"},{"taxonomy":"search_tags","embeddable":true,"href":"https:\/\/www.oceaneering.com\/pt\/wp-json\/wp\/v2\/search_tags?post=61174"}],"curies":[{"name":"wp","href":"https:\/\/api.w.org\/{rel}","templated":true}]}}