{"id":61172,"date":"2023-11-09T09:01:52","date_gmt":"2023-11-09T14:01:52","guid":{"rendered":"https:\/\/oceaneering.com\/subsea-distribution-solutions\/"},"modified":"2026-03-10T07:43:46","modified_gmt":"2026-03-10T12:43:46","slug":"subsea-distribution-solutions","status":"publish","type":"page","link":"https:\/\/www.oceaneering.com\/pt\/subsea-distribution-solutions\/","title":{"rendered":"Solu\u00e7\u00f5es de distribui\u00e7\u00e3o submarina"},"content":{"rendered":"<h1>Solu\u00e7\u00f5es de distribui\u00e7\u00e3o submarina<\/h1>\r\n<p>Reduza o risco em ambientes submarinos adversos com nossas solu\u00e7\u00f5es econ\u00f4micas de distribui\u00e7\u00e3o submarina projetadas especificamente para condi\u00e7\u00f5es desafiadoras.<\/p>\r\n<h2>Trabalhando juntos para reduzir os riscos e atender aos requisitos<\/h2>\r\n<p>O envolvimento antecipado com os clientes garante a otimiza\u00e7\u00e3o do design do sistema, a redu\u00e7\u00e3o do risco do projeto e a ades\u00e3o ao cronograma e aos requisitos or\u00e7ament\u00e1rios.<\/p>\r\n<ul>\r\n<li>Os sistemas de ponta a ponta reduzem o gerenciamento de fornecedores e o risco do projeto<\/li>\r\n<li>A experi\u00eancia e o conhecimento especializado s\u00e3o usados para fornecer sistemas confi\u00e1veis projetados para longas sa\u00eddas, profundidades de \u00e1gua ultraprofundas e aplica\u00e7\u00f5es de alta temperatura<\/li>\r\n<li>Os recursos internos globais de engenharia, an\u00e1lise e qualifica\u00e7\u00e3o e as instala\u00e7\u00f5es de fabrica\u00e7\u00e3o de classe mundial significam que seus sistemas se beneficiam de investimentos e aprimoramentos cont\u00ednuos<\/li>\r\n<li>\u00canfase na capacidade de fabrica\u00e7\u00e3o e na opera\u00e7\u00e3o sem manuten\u00e7\u00e3o durante toda a vida \u00fatil do sistema<\/li>\r\n<\/ul>\r\n<h2>An\u00e1lise, teste e qualifica\u00e7\u00e3o internos<\/h2>\r\n<p>Entendemos a import\u00e2ncia dos seus sistemas de distribui\u00e7\u00e3o submarinos e fornecemos solu\u00e7\u00f5es projetadas para funcionar de forma eficaz, sem manuten\u00e7\u00e3o, durante toda a vida \u00fatil do projeto.<\/p>\r\n<p>Proporcionamos tranquilidade e confiabilidade ao projetar e fabricar sistemas usando abordagens verificadas por terceiros que nos ajudam a prever e demonstrar o desempenho dos produtos. Os recursos internos de an\u00e1lise, teste e qualifica\u00e7\u00e3o aumentam a confian\u00e7a na previsibilidade. Esse entendimento detalhado lhe d\u00e1 a garantia de que os sistemas funcionar\u00e3o com seguran\u00e7a e conforme o esperado quando forem implantados.<\/p>\r\n<p><a href=\"https:\/\/www.oceaneering.com\/pt\/subsea-distribution-solutions\/services\/\" target=\"_self\" rel=\"noopener\"> Saiba mais <\/a> Entre em contato conosco<\/p>\r\n<h3>Nossa equipe de especialistas est\u00e1 pronta para ajud\u00e1-lo a come\u00e7ar.<\/h3>\r\n<p>A Oceaneering oferece os melhores produtos e solu\u00e7\u00f5es da categoria, respaldados por qualidade, confiabilidade e suporte global inigual\u00e1veis. Preencha o formul\u00e1rio de consulta para iniciar uma conversa hoje mesmo.<\/p>\r\n<p>\"*\" indica campos obrigat\u00f3rios<\/p>\r\n<form id=\"gform_4\" action=\"\/pt\/?page_id=61172&#038;fl_builder#gf_4\" enctype=\"multipart\/form-data\" method=\"post\" target=\"gform_ajax_frame_4\" data-formid=\"4\" data-trp-original-action=\"\/?page_id=61172&amp;fl_builder#gf_4\"><fieldset id=\"field_4_1\" data-js-reload=\"field_4_1\"><legend class=\"gfield_label gform-field-label gfield_label_before_complex\">Nome*<\/legend> <input id=\"input_4_1_3\" tabindex=\"201\" name=\"input_1.3\" type=\"text\" value=\"\" aria-required=\"true\" \/> <label class=\"gform-field-label gform-field-label--type-sub\" for=\"input_4_1_3\">Primeiro<\/label> <input id=\"input_4_1_6\" tabindex=\"203\" name=\"input_1.6\" type=\"text\" value=\"\" aria-required=\"true\" \/> <label class=\"gform-field-label gform-field-label--type-sub\" for=\"input_4_1_6\">\u00daltimo<\/label><\/fieldset><label class=\"gfield_label gform-field-label\" for=\"input_4_4\">Telefone*<\/label><input id=\"input_4_4\" class=\"large\" tabindex=\"205\" name=\"input_4\" type=\"text\" value=\"\" aria-required=\"true\" aria-invalid=\"false\" \/><label class=\"gfield_label gform-field-label\" for=\"input_4_3\">E-mail*<\/label> <input id=\"input_4_3\" class=\"large\" tabindex=\"206\" name=\"input_3\" type=\"text\" value=\"\" aria-required=\"true\" aria-invalid=\"false\" \/> <label class=\"gfield_label gform-field-label\" for=\"input_4_5\">Outro<\/label><select id=\"input_4_5\" class=\"large gfield_select\" tabindex=\"207\" name=\"input_5\" aria-invalid=\"false\">\r\n<option class=\"gf_placeholder\" selected=\"selected\" value=\"\">Selecione uma<\/option>\r\n<option value=\"First Choice\">Primeira escolha<\/option>\r\n<option value=\"Second Choice\">Segunda op\u00e7\u00e3o<\/option>\r\n<option value=\"Third Choice\">Terceira op\u00e7\u00e3o<\/option>\r\n<\/select><label class=\"gfield_label gform-field-label\" for=\"input_4_6\">Outro<\/label><select id=\"input_4_6\" class=\"large gfield_select\" tabindex=\"208\" name=\"input_6\" aria-invalid=\"false\">\r\n<option class=\"gf_placeholder\" selected=\"selected\" value=\"\">Selecione uma<\/option>\r\n<option value=\"First Choice\">Primeira escolha<\/option>\r\n<option value=\"Second Choice\">Segunda op\u00e7\u00e3o<\/option>\r\n<option value=\"Third Choice\">Terceira op\u00e7\u00e3o<\/option>\r\n<\/select><label class=\"gfield_label gform-field-label\" for=\"input_4_7\">Outro<\/label><input id=\"input_4_7\" class=\"large\" tabindex=\"209\" name=\"input_7\" type=\"text\" value=\"\" aria-invalid=\"false\" \/> <label class=\"gfield_label gform-field-label\" for=\"input_4_8\">Outro<\/label><input id=\"input_4_8\" class=\"large\" tabindex=\"210\" name=\"input_8\" type=\"text\" value=\"\" aria-invalid=\"false\" \/>\r\n<p>Lorem ipsum dolor sit amet, consetetur sadipscing elitr, sed diam nonumy eirmod tempor invidunt ut labore et dolore magna aliquyam erat voluptua.<\/p>\r\n<input id=\"gform_submit_button_4\" class=\"gform_button button\" tabindex=\"211\" type=\"submit\" value=\"Solicite uma cota\u00e7\u00e3o\" \/> <input name=\"gform_ajax\" type=\"hidden\" value=\"form_id=4&amp;title=&amp;description=&amp;tabindex=200\" \/> <input class=\"gform_hidden\" name=\"is_submit_4\" type=\"hidden\" value=\"1\" \/> <input class=\"gform_hidden\" name=\"gform_submit\" type=\"hidden\" value=\"4\" \/> <input class=\"gform_hidden\" name=\"gform_unique_id\" type=\"hidden\" value=\"\" \/> <input class=\"gform_hidden\" name=\"state_4\" type=\"hidden\" value=\"WyJ7XCI1XCI6W1wiZGYzN2E2ZTliYzJkYTVlMjU5ZDBmNDMwMTdlYjVhMGVcIixcImZhNGEwM2ZkMGU0YmYxOGMzYzM3NDhmYWZmMGIzYmJkXCIsXCIxMTAzYTVhMmJlZjQ3NWI5MjRhMmZmYTMyYTNhNzM1N1wiXSxcIjZcIjpbXCJkZjM3YTZlOWJjMmRhNWUyNTlkMGY0MzAxN2ViNWEwZVwiLFwiZmE0YTAzZmQwZTRiZjE4YzNjMzc0OGZhZmYwYjNiYmRcIixcIjExMDNhNWEyYmVmNDc1YjkyNGEyZmZhMzJhM2E3MzU3XCJdfSIsImExMTE4N2U4YmFkMGY5NmE2ZTIxYTQxYTMyMDZjM2E4Il0=\" \/> <input id=\"gform_target_page_number_4\" class=\"gform_hidden\" name=\"gform_target_page_number_4\" type=\"hidden\" value=\"0\" \/> <input id=\"gform_source_page_number_4\" class=\"gform_hidden\" name=\"gform_source_page_number_4\" type=\"hidden\" value=\"1\" \/> <input name=\"gform_field_values\" type=\"hidden\" value=\"\" \/>\r\n<p><label>\u0394<textarea cols=\"45\" maxlength=\"100\" name=\"ak_hp_textarea\" rows=\"8\"><\/textarea><\/label><input id=\"ak_js_1\" name=\"ak_js\" type=\"hidden\" value=\"138\" \/><\/p>\r\n<input type=\"hidden\" name=\"trp-form-language\" value=\"pt\"\/><\/form>\r\n<p><iframe id=\"gform_ajax_frame_4\" style=\"display: none; width: 0px; height: 0px;\" title=\"Esse iframe cont\u00e9m a l\u00f3gica necess\u00e1ria para lidar com Gravity Forms acionados por Ajax.\" src=\"about:blank\" name=\"gform_ajax_frame_4\"><\/iframe><\/p>","protected":false},"excerpt":{"rendered":"<p>Solu\u00e7\u00f5es de distribui\u00e7\u00e3o submarina Reduza o seu risco em ambientes submarinos adversos com as nossas solu\u00e7\u00f5es econ\u00f4micas de distribui\u00e7\u00e3o submarina projetadas especificamente para condi\u00e7\u00f5es desafiadoras. Trabalhando juntos para reduzir os riscos e atender aos requisitos O envolvimento antecipado com os clientes garante a otimiza\u00e7\u00e3o do projeto do sistema, a redu\u00e7\u00e3o dos riscos do projeto e a ades\u00e3o ao cronograma e aos requisitos or\u00e7ament\u00e1rios. Os sistemas top-to-bottom reduzem o gerenciamento de fornecedores e o risco do projeto ... <a title=\"Solu\u00e7\u00f5es de distribui\u00e7\u00e3o submarina\" class=\"read-more\" href=\"https:\/\/www.oceaneering.com\/pt\/subsea-distribution-solutions\/\" aria-label=\"Leia mais sobre Solu\u00e7\u00f5es de Distribui\u00e7\u00e3o Submarina\">Leia mais<\/a><\/p>","protected":false},"author":20,"featured_media":0,"parent":0,"menu_order":102,"comment_status":"closed","ping_status":"closed","template":"","meta":{"_acf_changed":false,"footnotes":"","_links_to":"","_links_to_target":""},"product_category":[1783],"search_tags":[1782],"class_list":["post-61172","page","type-page","status-publish","product_category-subsea-distribution-solutions","search_tags-subsea-distribution-solutions"],"acf":[],"aioseo_notices":[],"_links":{"self":[{"href":"https:\/\/www.oceaneering.com\/pt\/wp-json\/wp\/v2\/pages\/61172","targetHints":{"allow":["GET"]}}],"collection":[{"href":"https:\/\/www.oceaneering.com\/pt\/wp-json\/wp\/v2\/pages"}],"about":[{"href":"https:\/\/www.oceaneering.com\/pt\/wp-json\/wp\/v2\/types\/page"}],"author":[{"embeddable":true,"href":"https:\/\/www.oceaneering.com\/pt\/wp-json\/wp\/v2\/users\/20"}],"replies":[{"embeddable":true,"href":"https:\/\/www.oceaneering.com\/pt\/wp-json\/wp\/v2\/comments?post=61172"}],"version-history":[{"count":1,"href":"https:\/\/www.oceaneering.com\/pt\/wp-json\/wp\/v2\/pages\/61172\/revisions"}],"predecessor-version":[{"id":79223,"href":"https:\/\/www.oceaneering.com\/pt\/wp-json\/wp\/v2\/pages\/61172\/revisions\/79223"}],"wp:attachment":[{"href":"https:\/\/www.oceaneering.com\/pt\/wp-json\/wp\/v2\/media?parent=61172"}],"wp:term":[{"taxonomy":"product_category","embeddable":true,"href":"https:\/\/www.oceaneering.com\/pt\/wp-json\/wp\/v2\/product_category?post=61172"},{"taxonomy":"search_tags","embeddable":true,"href":"https:\/\/www.oceaneering.com\/pt\/wp-json\/wp\/v2\/search_tags?post=61172"}],"curies":[{"name":"wp","href":"https:\/\/api.w.org\/{rel}","templated":true}]}}