{"id":61171,"date":"2023-11-09T09:01:51","date_gmt":"2023-11-09T14:01:51","guid":{"rendered":"https:\/\/oceaneering.com\/global-component-and-product-testing-and-qualification-capabilities\/"},"modified":"2025-10-21T04:11:36","modified_gmt":"2025-10-21T09:11:36","slug":"global-component-and-product-testing-and-qualification-capabilities","status":"publish","type":"page","link":"https:\/\/www.oceaneering.com\/pt\/subsea-distribution-solutions\/global-component-and-product-testing-and-qualification-capabilities\/","title":{"rendered":"Testes e qualifica\u00e7\u00e3o de produtos"},"content":{"rendered":"<p><a href=\"https:\/\/www.oceaneering.com\/pt\/subsea-distribution-solutions\/#contact\" target=\"_self\" rel=\"noopener\"> Discutir um projeto <\/a><\/p>\r\n<h1>Testes e qualifica\u00e7\u00e3o de produtos<\/h1>\r\n<p>Atendendo \u00e0s suas necessidades de qualifica\u00e7\u00e3o de componentes e montagens submarinas e topside e testes de aceita\u00e7\u00e3o de f\u00e1brica.<\/p>\r\n<p>As instala\u00e7\u00f5es de testes globais auxiliam no avan\u00e7o do conhecimento e da compreens\u00e3o geral dos produtos com base na an\u00e1lise dos resultados dos testes e dos modelos de confiabilidade. Isso ajuda a tomar melhores decis\u00f5es comerciais e garante que os componentes e montagens sejam seguros e estejam prontos para uso no mercado.<\/p>\r\n<p>Oferecemos programas personalizados, equipes de teste dedicadas e amplos recursos de testes internos em nossas instala\u00e7\u00f5es em Kristiansand, Noruega; Niter\u00f3i, Brasil; e Rosyth, Esc\u00f3cia. Os clientes se beneficiam de nossa experi\u00eancia no fornecimento de programas de testes plug-and-play e personalizados de per\u00edodo prolongado.<\/p>\r\n<p><img decoding=\"async\" title=\"Grande-Flex-Fatigue-Rig-Rosyth-3\" src=\"https:\/\/oceaneering.com\/wp-content\/uploads\/2023\/11\/Large-Flex-Fatigue-Rig-Rosyth-3.png\" alt=\"Large-Flex-Fatigue-Rig-Rosyth-3\" \/><\/p>\r\n<h2>Recursos de teste<\/h2>\r\n<p>Kristiansand, Noruega<\/p>\r\n<p>Produtos de n\u00edvel de componentes menores para montagens maiores, tanto mec\u00e2nicas quanto el\u00e9tricas.<\/p>\r\n<ul>\r\n<li>V\u00e1lvulas hidr\u00e1ulicas de gaveta, de controle direcional e de esfera<\/li>\r\n<li>Eletr\u00f4nicos<\/li>\r\n<li>Canisters eletr\u00f4nicos<\/li>\r\n<li>Conectores el\u00e9tricos e penetradores el\u00e9tricos<\/li>\r\n<li>Solu\u00e7\u00f5es de veda\u00e7\u00e3o est\u00e1tica e din\u00e2mica<\/li>\r\n<li>C\u00e2meras<\/li>\r\n<li>Teste de ve\u00edculos operados remotamente (ROVs) da classe de observa\u00e7\u00e3o<\/li>\r\n<\/ul>\r\n<p>Niter\u00f3i, Brasil, e Rosyth, Esc\u00f3cia<\/p>\r\n<p>Se\u00e7\u00f5es umbilicais, componentes e hardware associado.<\/p>\r\n<ul>\r\n<li>Comprimentos de prot\u00f3tipos de produtos umbilicais<\/li>\r\n<li>Aliviadores de tens\u00e3o de dobra (BSRs)<\/li>\r\n<li>Grampos<\/li>\r\n<li>Fios de a\u00e7o<\/li>\r\n<li>M\u00f3dulos de flutua\u00e7\u00e3o<\/li>\r\n<li>Tubos de a\u00e7o<\/li>\r\n<li>Cabos el\u00e9tricos<\/li>\r\n<li>Cabos de fibra \u00f3ptica<\/li>\r\n<li>Condutores de cobre<\/li>\r\n<li>Jaquetas de pol\u00edmero<\/li>\r\n<li>Fibras de aramida<\/li>\r\n<\/ul>\r\n<h2>Suporte de engenharia, pessoal certificado e seguran\u00e7a sem concess\u00f5es<\/h2>\r\n<p>Nosso envolvimento antecipado na fase de projeto fornece orienta\u00e7\u00f5es valiosas sobre as normas aplic\u00e1veis e os limites do projeto. Nosso conhecimento e experi\u00eancia de trabalho no mercado de energia offshore altamente regulamentado nos posiciona bem para atender \u00e0s suas diversas necessidades.<\/p>\r\n<p>Nossa capacidade de desenvolver programas de testes sob medida excede as ofertas de muitas casas de testes padr\u00e3o. Entendemos que seus desafios s\u00e3o \u00fanicos e respondemos com solu\u00e7\u00f5es de teste para atender aos requisitos - dos mais rotineiros aos mais extremos.<\/p>\r\n<h3>Seguran\u00e7a<\/h3>\r\n<p>A seguran\u00e7a \u00e9 nossa primeira prioridade. Nossos equipamentos s\u00e3o mantidos por pessoal qualificado e os testes seguem procedimentos e processos maduros.<\/p>\r\n<h3>Pessoal<\/h3>\r\n<p>Os testes s\u00e3o realizados por pessoal certificado, totalmente treinado e experiente no equipamento que est\u00e1 sendo usado.<\/p>\r\n<h3>Dados<\/h3>\r\n<p>Garantimos que os dados corretos sejam coletados, organizados e preparados para avalia\u00e7\u00e3o.<\/p>\r\n<h3>Resultados<\/h3>\r\n<p>Nossos testes geram resultados v\u00e1lidos com precis\u00e3o e distribui\u00e7\u00e3o de variabilidade confirmadas.<\/p>\r\n<h1>Entre em contato conosco<\/h1>\r\n<h2>Nossa equipe de especialistas est\u00e1 pronta para ajud\u00e1-lo a come\u00e7ar.<\/h2>\r\n<p>A Oceaneering oferece os melhores produtos e solu\u00e7\u00f5es da categoria, respaldados por qualidade, confiabilidade e suporte global inigual\u00e1veis. Preencha o formul\u00e1rio de consulta para iniciar uma conversa hoje mesmo.<\/p>","protected":false},"excerpt":{"rendered":"<p>Discuta um projeto Testes e qualifica\u00e7\u00e3o de produtos Atendendo \u00e0s suas necessidades de qualifica\u00e7\u00e3o de componentes e montagens topside e submarinos e testes de aceita\u00e7\u00e3o de f\u00e1brica. As instala\u00e7\u00f5es de testes globais auxiliam no avan\u00e7o do conhecimento geral e na compreens\u00e3o dos produtos com base na an\u00e1lise dos resultados dos testes e dos modelos de confiabilidade. Isso ajuda na capacidade de tomar melhores decis\u00f5es comerciais e garante ... <a title=\"Testes e qualifica\u00e7\u00e3o de produtos\" class=\"read-more\" href=\"https:\/\/www.oceaneering.com\/pt\/subsea-distribution-solutions\/global-component-and-product-testing-and-qualification-capabilities\/\" aria-label=\"Leia mais sobre Testes e qualifica\u00e7\u00e3o de produtos\">Leia mais<\/a><\/p>","protected":false},"author":20,"featured_media":0,"parent":61172,"menu_order":101,"comment_status":"closed","ping_status":"closed","template":"","meta":{"_acf_changed":false,"footnotes":"","_links_to":"","_links_to_target":""},"product_category":[1783],"search_tags":[1782],"class_list":["post-61171","page","type-page","status-publish","product_category-subsea-distribution-solutions","search_tags-subsea-distribution-solutions"],"acf":[],"aioseo_notices":[],"_links":{"self":[{"href":"https:\/\/www.oceaneering.com\/pt\/wp-json\/wp\/v2\/pages\/61171","targetHints":{"allow":["GET"]}}],"collection":[{"href":"https:\/\/www.oceaneering.com\/pt\/wp-json\/wp\/v2\/pages"}],"about":[{"href":"https:\/\/www.oceaneering.com\/pt\/wp-json\/wp\/v2\/types\/page"}],"author":[{"embeddable":true,"href":"https:\/\/www.oceaneering.com\/pt\/wp-json\/wp\/v2\/users\/20"}],"replies":[{"embeddable":true,"href":"https:\/\/www.oceaneering.com\/pt\/wp-json\/wp\/v2\/comments?post=61171"}],"version-history":[{"count":1,"href":"https:\/\/www.oceaneering.com\/pt\/wp-json\/wp\/v2\/pages\/61171\/revisions"}],"predecessor-version":[{"id":79224,"href":"https:\/\/www.oceaneering.com\/pt\/wp-json\/wp\/v2\/pages\/61171\/revisions\/79224"}],"up":[{"embeddable":true,"href":"https:\/\/www.oceaneering.com\/pt\/wp-json\/wp\/v2\/pages\/61172"}],"wp:attachment":[{"href":"https:\/\/www.oceaneering.com\/pt\/wp-json\/wp\/v2\/media?parent=61171"}],"wp:term":[{"taxonomy":"product_category","embeddable":true,"href":"https:\/\/www.oceaneering.com\/pt\/wp-json\/wp\/v2\/product_category?post=61171"},{"taxonomy":"search_tags","embeddable":true,"href":"https:\/\/www.oceaneering.com\/pt\/wp-json\/wp\/v2\/search_tags?post=61171"}],"curies":[{"name":"wp","href":"https:\/\/api.w.org\/{rel}","templated":true}]}}