{"id":61163,"date":"2023-11-09T08:58:34","date_gmt":"2023-11-09T13:58:34","guid":{"rendered":"https:\/\/oceaneering.com\/science-and-research\/"},"modified":"2025-11-18T04:55:57","modified_gmt":"2025-11-18T10:55:57","slug":"science-and-research","status":"publish","type":"page","link":"https:\/\/www.oceaneering.com\/pt\/science-and-research\/","title":{"rendered":"Ci\u00eancia e pesquisa"},"content":{"rendered":"<h1>\n\t\tCi\u00eancia e pesquisa\n\t<\/h1>\n\t<p>Temos um longo hist\u00f3rico de solu\u00e7\u00e3o de desafios t\u00e9cnicos e operacionais para uma gama diversificada de clientes. Colaboramos com voc\u00ea para controlar os custos e maximizar a efici\u00eancia operacional.<\/p>\n\n\t\tNossas equipes ganham experi\u00eancia continuamente e aprendem novas li\u00e7\u00f5es que podem ser aplicadas \u00e0 sua opera\u00e7\u00e3o. Nossa motiva\u00e7\u00e3o n\u00e3o \u00e9 promover nossas pr\u00f3prias miss\u00f5es de pesquisa, mas fornecer a voc\u00ea as tecnologias de classe mundial e o pessoal necess\u00e1rio para atingir suas metas. Independentemente do projeto, a efici\u00eancia e o respeito est\u00e3o em nosso DNA. Durante toda a vida \u00fatil de um projeto, buscamos continuamente oportunidades de melhoria - desde o pr\u00e9-planejamento e o projeto at\u00e9 a mobiliza\u00e7\u00e3o. Somos o parceiro comprometido com suas necessidades cient\u00edficas e de pesquisa.\n\t\n<h2>\n\t\tPr\u00e9-planejamento e log\u00edstica simplificados\n\t<\/h2>\n\t<p>Para ajud\u00e1-lo a atingir os objetivos de pesquisa, aproveitamos nossa presen\u00e7a global e pensamos de forma criativa. Or\u00e7amentos limitados n\u00e3o precisam significar recursos limitados. Por exemplo, nossos <a href=\"https:\/\/www.oceaneering.com\/pt\/subsea-projects\/vessel-fleet\/\">embarca\u00e7\u00f5es de m\u00faltiplos servi\u00e7os (MSVs)<\/a>, <a href=\"https:\/\/www.oceaneering.com\/pt\/rov-services\/\">ROVs<\/a>e <a href=\"https:\/\/www.oceaneering.com\/pt\/survey-and-mapping\/geoscience-and-auv-surveys\/\">ve\u00edculos subaqu\u00e1ticos aut\u00f4nomos (AUVs)<\/a> operam em todo o mundo, o que nos permite ser mais estrat\u00e9gicos no planejamento de projetos. Ao identificar os ativos programados para estarem em sua \u00e1rea de investiga\u00e7\u00e3o em um determinado momento, reduzimos significativamente os custos de transporte e o tempo de inatividade.<\/p>\n<p>Para aumentar ainda mais a efici\u00eancia, agora podemos enviar kits de equipamentos cient\u00edficos dedicados para locais em todo o mundo. Os kits atualizam nossos ROVs de classe de trabalho existentes, que j\u00e1 foram mobilizados, para realizar tarefas espec\u00edficas de pesquisa.<\/p>\n\t\t\t<a href=\"https:\/\/www.oceaneering.com\/pt\/subsea-projects\/vessel-fleet\/\" target=\"_self\">\n\t\t\t\t\t\t\tEmbarca\u00e7\u00f5es\n\t\t\t<\/a>\n\t\t\t<a href=\"https:\/\/www.oceaneering.com\/pt\/rov-services\/\" target=\"_self\">\n\t\t\t\t\t\t\tServi\u00e7os de ROV\n\t\t\t<\/a>\n\t\t\t<a href=\"https:\/\/www.oceaneering.com\/pt\/positioning-solutions\/\" target=\"_self\">\n\t\t\t\t\t\t\tSolu\u00e7\u00f5es de posicionamento C-Nav\n\t\t\t<\/a>\n\t\t\t\t<img decoding=\"async\" src=\"https:\/\/oceaneering.com\/wp-content\/uploads\/2023\/11\/Global_Explorer_ROV-800-portrait.jpeg\" alt=\"Global_Explorer_ROV-800-portrait\" itemprop=\"image\" title=\"Global_Explorer_ROV-800-portrait\" onerror=\"this.style.display='none'\"  \/>\n\t\t\t\t<img decoding=\"async\" src=\"https:\/\/oceaneering.com\/wp-content\/uploads\/2023\/11\/ROV-operations2-1.jpeg\" alt=\"ROV-operations2-1\" itemprop=\"image\" title=\"Opera\u00e7\u00f5es de ROV2-1\" onerror=\"this.style.display='none'\"  \/>\n<h2>\n\t\tExperimente as vantagens\n\t<\/h2>\n\t<p>Nossas equipes incluem especialistas em opera\u00e7\u00e3o de ROV, levantamento submarino, an\u00e1lise de sistema de informa\u00e7\u00f5es geogr\u00e1ficas (GIS), gerenciamento de embarca\u00e7\u00f5es, fabrica\u00e7\u00e3o e muito mais.<\/p>\n<p>Como l\u00edder mundial em servi\u00e7os de ROV, nossas equipes incluem supervisores de ROV e t\u00e9cnicos pilotos altamente qualificados. Em compara\u00e7\u00e3o com os pilotos que realizam apenas trabalhos de pesquisa, nossos t\u00e9cnicos registram um n\u00famero significativamente maior de horas de pilotagem por ano em uma variedade de trabalhos.<\/p>\n<p>Na \u00e1rea de levantamento submarino, nossa equipe aproveita sua experi\u00eancia para realizar opera\u00e7\u00f5es mais r\u00e1pidas e bem-sucedidas. Permitimos que voc\u00ea atinja mais objetivos por implanta\u00e7\u00e3o, ajudando a controlar os custos e a melhorar os tempos de retorno entre as implanta\u00e7\u00f5es.<\/p>\n<h2>\n\t\tROVs de classe de pesquisa e trabalho\n\t<\/h2>\n\t<p>Para levantamento baseado em ROV ou captura de v\u00eddeo em \u00e1guas rasas ou profundas, usamos o ROV Global Explorer, leve e de f\u00e1cil implanta\u00e7\u00e3o. Esse ve\u00edculo \u00e9 classificado para 9.800 p\u00e9s de profundidade (3.000 msw) e oferece clareza inigual\u00e1vel de v\u00eddeo e foto em qualquer profundidade.<\/p>\n<p>Como alternativa, se o escopo do trabalho exigir, podemos usar um de nossos v\u00e1rios ROVs de trabalho leve ou de classe de trabalho, al\u00e9m de nossos kits cient\u00edficos dedicados. Visite nossa <a href=\"https:\/\/www.oceaneering.com\/pt\/rov-services\/rov-systems\/\">Sistemas de ROV<\/a> para saber mais sobre a variedade de ve\u00edculos que temos prontos para trabalhar.<\/p>\n\t\t\t<a href=\"https:\/\/www.oceaneering.com\/pt\/global-explorer-rov\/\" target=\"_self\">\n\t\t\t\t\t\t\tROV Global Explorer\n\t\t\t<\/a>\n\t\t\t\t<img decoding=\"async\" src=\"https:\/\/oceaneering.com\/wp-content\/uploads\/2023\/11\/ROV_Global_Explorer-edited-1.jpeg\" alt=\"ROV_Global_Explorer-edited-1\" itemprop=\"image\" title=\"ROV_Global_Explorer-edited-1\" onerror=\"this.style.display='none'\"  \/>\n\t\t\t\t<img decoding=\"async\" src=\"https:\/\/oceaneering.com\/wp-content\/uploads\/2023\/11\/AUV-Survey-Landscape-portrait-edited-1-portrait.jpeg\" alt=\"AUV-Survey-Landscape-portrait-edited-1-portrait\" itemprop=\"image\" title=\"AUV-Survey-Paisagem-retrato-editado-1-retrato\" onerror=\"this.style.display='none'\"  \/>\n<h2>\n\t\tLevantamento e mapeamento submarino\n\t<\/h2>\n\t<p>Fornecemos uma ampla gama de servi\u00e7os de pesquisa, mapeamento, dados e geoci\u00eancia. Nosso vasto portf\u00f3lio de embarca\u00e7\u00f5es (incluindo o <a href=\"https:\/\/www.oceaneering.com\/pt\/survey-and-mapping\/geoscience-and-auv-surveys\/\">Projeto DSV Ocean<\/a> e barcos menores, bem como AUVs) podem ser usados em \u00e1guas profundas e costeiras.<\/p>\n<p>Tamb\u00e9m oferecemos servi\u00e7os em todo o mundo <a href=\"https:\/\/www.oceaneering.com\/pt\/positioning-solutions\/products-and-services\/\">posicionamento do sistema global de navega\u00e7\u00e3o por sat\u00e9lite (DGNSS) diferencial<\/a> e relacionados <a href=\"https:\/\/www.oceaneering.com\/pt\/data-management\/\">servi\u00e7os de processamento de dados<\/a> para fornecer informa\u00e7\u00f5es de miss\u00e3o cr\u00edtica. Voc\u00ea alcan\u00e7a seus objetivos de pesquisa bent\u00f4nica, pel\u00e1gica e de infiltra\u00e7\u00e3o no fundo do mar, arqueologia, extra\u00e7\u00e3o de testemunhos e piscicultura com maior precis\u00e3o e menos tempo de inatividade.<\/p>\n<p>Al\u00e9m disso, trabalhamos com voc\u00ea para fornecer documenta\u00e7\u00e3o a \u00f3rg\u00e3os como o <a href=\"https:\/\/www.boem.gov\/\" target=\"_blank\" rel=\"noopener\">Bureau of Ocean Energy Management (BOEM)<\/a>, o <a href=\"https:\/\/www.bsee.gov\/\" target=\"_blank\" rel=\"noopener\">Bureau of Safety and Environmental Enforcement (BSEE)<\/a>e o <a href=\"https:\/\/www.noaa.gov\/\" target=\"_blank\" rel=\"noopener\">Administra\u00e7\u00e3o Nacional Oce\u00e2nica e Atmosf\u00e9rica (NOAA)<\/a>.<\/p>\n<h2>\n\t\tSolu\u00e7\u00f5es de dados e comunica\u00e7\u00e3o\n\t<\/h2>\n\t<p>Nossos especialistas em dados internos projetam e implementam solu\u00e7\u00f5es GIS personalizadas que oferecem visibilidade precisa de par\u00e2metros como clima e posi\u00e7\u00e3o da embarca\u00e7\u00e3o. Possibilitamos a comunica\u00e7\u00e3o de alta velocidade entre as equipes offshore e onshore, aumentando a efici\u00eancia total do projeto.<\/p>\n<p>Fornecemos <a href=\"https:\/\/www.oceaneering.com\/pt\/data-management\/#videoservices\" rel=\"noopener\">streaming de v\u00eddeo de alta resolu\u00e7\u00e3o<\/a> de c\u00e2meras implantadas em ROVs submarinos e sistemas de aeronaves n\u00e3o tripuladas (UASs). Combinado com o armazenamento de m\u00eddia de f\u00e1cil utiliza\u00e7\u00e3o, fornecemos acesso inigual\u00e1vel aos dados do seu projeto.<\/p>\n\t\t\t\t<img decoding=\"async\" src=\"https:\/\/oceaneering.com\/wp-content\/uploads\/2023\/11\/Project-Management2-1-square.jpeg\" alt=\"Project-Management2-1-square\" itemprop=\"image\" title=\"Gerenciamento de projetos2-1-square\" onerror=\"this.style.display='none'\"  \/>\n<h2>\n\t\tEngenharia e gerenciamento de projetos\n\t<\/h2>\n\t<p>Fazemos parceria com voc\u00ea do in\u00edcio ao fim do projeto. Se voc\u00ea precisar de equipamentos personalizados ou de acesso a locais de dif\u00edcil acesso, nossos especialistas em ROVs, AUVs, ferramentas e sensores podem encontrar a solu\u00e7\u00e3o.<\/p>\n<p>Usamos nossa experi\u00eancia no gerenciamento de uma base global de ativos para ajudar a gerenciar seu projeto com mais efici\u00eancia. Os membros da nossa equipe est\u00e3o dispon\u00edveis conforme necess\u00e1rio para planejar previamente as opera\u00e7\u00f5es, resolver desafios log\u00edsticos e mobilizar recursos para manter o seu projeto dentro do prazo e do or\u00e7amento.<\/p>\n\n\t\tEntre em contato conosco\n\t\n<h2>\n\t\tNossa equipe de especialistas est\u00e1 pronta para ajud\u00e1-lo a come\u00e7ar.\n\t<\/h2>\n\t<p>A Oceaneering oferece os melhores produtos e solu\u00e7\u00f5es da categoria, respaldados por qualidade, confiabilidade e suporte global inigual\u00e1veis. Preencha o formul\u00e1rio de consulta para iniciar uma conversa hoje mesmo.<\/p>","protected":false},"excerpt":{"rendered":"<p>Ci\u00eancia e pesquisa Temos um longo hist\u00f3rico de solu\u00e7\u00e3o de desafios t\u00e9cnicos e operacionais para uma gama diversificada de clientes. Colaboramos com voc\u00ea para controlar os custos e maximizar a efici\u00eancia operacional. Nossas equipes ganham experi\u00eancia continuamente e aprendem novas li\u00e7\u00f5es que podem ser aplicadas \u00e0 sua opera\u00e7\u00e3o. Nossa motiva\u00e7\u00e3o n\u00e3o \u00e9 promover nossa ... <a title=\"Ci\u00eancia e pesquisa\" class=\"read-more\" href=\"https:\/\/www.oceaneering.com\/pt\/science-and-research\/\" aria-label=\"Leia mais sobre Ci\u00eancia e Pesquisa\">Leia mais<\/a><\/p>","protected":false},"author":20,"featured_media":0,"parent":0,"menu_order":94,"comment_status":"closed","ping_status":"closed","template":"","meta":{"_acf_changed":false,"footnotes":"","_links_to":"","_links_to_target":""},"product_category":[],"search_tags":[1797],"class_list":["post-61163","page","type-page","status-publish","search_tags-science-and-research"],"acf":[],"aioseo_notices":[],"_links":{"self":[{"href":"https:\/\/www.oceaneering.com\/pt\/wp-json\/wp\/v2\/pages\/61163","targetHints":{"allow":["GET"]}}],"collection":[{"href":"https:\/\/www.oceaneering.com\/pt\/wp-json\/wp\/v2\/pages"}],"about":[{"href":"https:\/\/www.oceaneering.com\/pt\/wp-json\/wp\/v2\/types\/page"}],"author":[{"embeddable":true,"href":"https:\/\/www.oceaneering.com\/pt\/wp-json\/wp\/v2\/users\/20"}],"replies":[{"embeddable":true,"href":"https:\/\/www.oceaneering.com\/pt\/wp-json\/wp\/v2\/comments?post=61163"}],"version-history":[{"count":2,"href":"https:\/\/www.oceaneering.com\/pt\/wp-json\/wp\/v2\/pages\/61163\/revisions"}],"predecessor-version":[{"id":80007,"href":"https:\/\/www.oceaneering.com\/pt\/wp-json\/wp\/v2\/pages\/61163\/revisions\/80007"}],"wp:attachment":[{"href":"https:\/\/www.oceaneering.com\/pt\/wp-json\/wp\/v2\/media?parent=61163"}],"wp:term":[{"taxonomy":"product_category","embeddable":true,"href":"https:\/\/www.oceaneering.com\/pt\/wp-json\/wp\/v2\/product_category?post=61163"},{"taxonomy":"search_tags","embeddable":true,"href":"https:\/\/www.oceaneering.com\/pt\/wp-json\/wp\/v2\/search_tags?post=61163"}],"curies":[{"name":"wp","href":"https:\/\/api.w.org\/{rel}","templated":true}]}}