{"id":61160,"date":"2023-11-09T08:57:35","date_gmt":"2023-11-09T13:57:35","guid":{"rendered":"https:\/\/oceaneering.com\/renewable-energy-solutions\/"},"modified":"2025-12-04T04:38:13","modified_gmt":"2025-12-04T10:38:13","slug":"renewable-energy-solutions","status":"publish","type":"page","link":"https:\/\/www.oceaneering.com\/pt\/renewable-energy-solutions\/","title":{"rendered":"Solu\u00e7\u00f5es de energia renov\u00e1vel"},"content":{"rendered":"<p><a href=\"https:\/\/www.oceaneering.com\/pt\/renewable-energy-solutions\/#contact\" target=\"_self\"> Discutir um projeto <\/a><\/p>\r\n<h1>Solu\u00e7\u00f5es de energia renov\u00e1vel<\/h1>\r\n<p>Apoiando seus diversos projetos de energia renov\u00e1vel e de baixo carbono com solu\u00e7\u00f5es inovadoras.<\/p>\r\n<h2>Solu\u00e7\u00f5es avan\u00e7adas para um futuro de baixo carbono<\/h2>\r\n<p>Estamos moldando o futuro do setor de energia com tecnologias e servi\u00e7os avan\u00e7ados que atendem \u00e0s ambi\u00e7\u00f5es mundiais de baixo carbono. Estamos em uma posi\u00e7\u00e3o ideal para atender aos seus projetos globais de energia e\u00f3lica offshore, mar\u00e9s, ondas, interconex\u00e3o, hidrog\u00eanio e captura de carbono nas principais regi\u00f5es do mundo, incluindo as Am\u00e9ricas, a Europa e a \u00c1sia-Pac\u00edfico.<\/p>\r\n<!-- Comment to fix spacing issue\r\n\t-->\r\n<p>0+<\/p>\r\n<!-- Comment to fix spacing issue\r\n\t-->\r\n<p>Anos de experi\u00eancia em projetos offshore<\/p>\r\n<!-- Comment to fix spacing issue\r\n\t-->\r\n<p>0+<\/p>\r\n<!-- Comment to fix spacing issue\r\n\t-->\r\n<p>Anos de experi\u00eancia em energia renov\u00e1vel<\/p>\r\n<!-- Comment to fix spacing issue\r\n\t-->\r\n<p>0+<\/p>\r\n<!-- Comment to fix spacing issue\r\n\t-->\r\n<p>Projetos de energias renov\u00e1veis conclu\u00eddos com sucesso<\/p>\r\n<h2>Solu\u00e7\u00f5es mais seguras, ecol\u00f3gicas e econ\u00f4micas<\/h2>\r\n<p>Constru\u00edmos um hist\u00f3rico de sucesso nos setores de energia renov\u00e1vel e de baixo carbono, fornecendo projetos seguros, eficientes, econ\u00f4micos e ambientalmente corretos - desde o desenvolvimento at\u00e9 o descomissionamento.<\/p>\r\n<p><a href=\"https:\/\/oceaneering.canto.com\/download\/document\/tmplasjifl3cp3idkesq5bus12\/original.pdf\" target=\"_blank\" rel=\"noopener\"> Hist\u00f3rico de Renov\u00e1veis da Oceaneering <\/a> <img loading=\"lazy\" decoding=\"async\" title=\"Imagem de vento fixo offshore-Magnum-ROV\" src=\"https:\/\/www.oceaneering.com\/wp-content\/uploads\/2024\/05\/Offshore-Fixed-Wind-Image-Magnum-ROV-1024x576.jpg\" alt=\"The Magnum ROV in a cage over the water in a sunset.\" width=\"1024\" height=\"576\" \/><\/p>\r\n<h3>E\u00f3lica offshore fixa<\/h3>\r\n<p>Simplifique o gerenciamento de interfaces em regi\u00f5es importantes, aproveitando nossas d\u00e9cadas de experi\u00eancia em energia offshore e constru\u00e7\u00e3o mar\u00edtima complexa.<\/p>\r\n<p><a href=\"https:\/\/www.oceaneering.com\/pt\/renewable-energy-solutions\/fixed-offshore-wind\/\" target=\"_self\"> Leia mais <\/a> <img loading=\"lazy\" decoding=\"async\" title=\"230822_Operations-and-Maintenance-Phase_V01\" src=\"https:\/\/www.oceaneering.com\/wp-content\/uploads\/2024\/05\/230822_Operations-and-Maintenance-Phase_V01-1024x576.jpg\" alt=\"Floating Offshore Wind farm with Oceaneering technologies.\" width=\"1024\" height=\"576\" \/><\/p>\r\n<h3>E\u00f3lica offshore flutuante<\/h3>\r\n<p>Enfrentar as complexidades de ambientes offshore desafiadores, incluindo \u00e1guas mais profundas, abrindo grandes \u00e1reas de oportunidade para gerar energia e\u00f3lica renov\u00e1vel.<\/p>\r\n<p><a href=\"https:\/\/www.oceaneering.com\/pt\/renewable-energy-solutions\/floating-offshore-wind\/\" target=\"_self\"> Leia mais <\/a> <img loading=\"lazy\" decoding=\"async\" title=\"Imagem em destaque do hidrog\u00eanio\" src=\"https:\/\/www.oceaneering.com\/wp-content\/uploads\/2024\/05\/Hydrogen-featured-image.jpg\" alt=\"Clean hydrogen energy concept.\" width=\"3000\" height=\"1800\" \/><\/p>\r\n<h3>Servi\u00e7os de suporte ao hidrog\u00eanio<\/h3>\r\n<p>Otimize seus projetos globais de hidrog\u00eanio com nossos produtos Grayloc\u00ae e servi\u00e7os de gerenciamento de integridade de ativos l\u00edderes do setor.<\/p>\r\n<p><a href=\"https:\/\/www.oceaneering.com\/pt\/renewable-energy-solutions\/hydrogen-support-services\/\" target=\"_self\"> Leia mais <\/a> <img loading=\"lazy\" decoding=\"async\" title=\"Usina nuclear - Estudo de caso\" src=\"https:\/\/www.oceaneering.com\/wp-content\/uploads\/2024\/02\/Case-Study-Successful-NDT-Enables-Decommissioning-of-Nuclear-Power-Facilities-in-UK-1-1024x566.jpg\" alt=\"Nuclear Power Plant\" width=\"1024\" height=\"566\" \/><\/p>\r\n<h3>Solu\u00e7\u00f5es em energia nuclear<\/h3>\r\n<p>Atenda \u00e0s demandas em constante evolu\u00e7\u00e3o de suas instala\u00e7\u00f5es de energia nuclear, incluindo a pr\u00f3xima gera\u00e7\u00e3o de pequenos reatores modulares.<\/p>\r\n<p><a href=\"https:\/\/www.oceaneering.com\/pt\/renewable-energy-solutions\/nuclear-power-solutions\/\" target=\"_self\"> Leia mais <\/a> <img loading=\"lazy\" decoding=\"async\" title=\"CCS\" src=\"https:\/\/www.oceaneering.com\/wp-content\/uploads\/2024\/10\/CCS.jpg\" alt=\"Carbfix project in Iceland. Renewable energy.\" width=\"1920\" height=\"1280\" \/><\/p>\r\n<h3>Captura e armazenamento de carbono<\/h3>\r\n<p>Garanta a seguran\u00e7a e a integridade de sua infraestrutura de CCS e, ao mesmo tempo, aumente a confiabilidade e a efici\u00eancia de custos.<\/p>\r\n<p><a href=\"https:\/\/www.oceaneering.com\/pt\/renewable-energy-solutions\/carbon-capture-and-storage-solutions\/\" target=\"_self\"> Leia mais <\/a> <img loading=\"lazy\" decoding=\"async\" title=\"230612_Linnorm-Field-Layout-artwork_V02-edited\" src=\"https:\/\/www.oceaneering.com\/wp-content\/uploads\/2024\/09\/230612_Linnorm-Field-Layout-artwork_V02-edited.jpg\" alt=\"230612_Linnorm-Field-Layout-artwork_V02-edited\" width=\"1920\" height=\"1080\" \/><\/p>\r\n<h3>Eletrifica\u00e7\u00e3o de ativos offshore de petr\u00f3leo e g\u00e1s<\/h3>\r\n<p>Aproveite as fontes de energia renov\u00e1veis para atender \u00e0s suas necessidades de energia.<\/p>\r\n<p><a href=\"https:\/\/oceaneering.canto.com\/download\/document\/gaaqj5odj9045c4gotn1h8ul53\/original.pdf\" target=\"_blank\" rel=\"noopener\"> Leia o folheto <\/a><\/p>\r\n<h3>Comprovado em campo. L\u00edder do setor.<\/h3>\r\n<p>Leia mais sobre como estamos apoiando projetos de energia renov\u00e1vel, baixo carbono e descarboniza\u00e7\u00e3o.<\/p>\r\n<p><a href=\"https:\/\/www.oceaneering.com\/pt\/resources\/?_content_types=case-study\" target=\"_self\"> Ver todos os estudos de caso <\/a> <button> Anterior <\/button> <button> Pr\u00f3ximo <\/button> <a href=\"https:\/\/www.oceaneering.com\/pt\/case-studies\/development-of-maintenance-program-for-the-worlds-largest-offshore-wind-farm\/\"> <img decoding=\"async\" src=\"https:\/\/www.oceaneering.com\/wp-content\/uploads\/2024\/04\/Wind-Farm.jpg\" alt=\"Offshore wind farm\" \/><\/a><\/p>\r\n<h3>Desenvolvimento de um programa de manuten\u00e7\u00e3o para o maior parque e\u00f3lico offshore do mundo<\/h3>\r\n<h3>Desenvolvimento de um programa de manuten\u00e7\u00e3o para o maior parque e\u00f3lico offshore do mundo<\/h3>\r\n<p>Oceaneering was contracted to complete the comprehensive maintenance scope for the Dogger Bank A offshore wind development&#8230;<\/p>\r\n<p><a href=\"https:\/\/www.oceaneering.com\/pt\/case-studies\/development-of-maintenance-program-for-the-worlds-largest-offshore-wind-farm\/\">Saiba mais <\/a> <a href=\"https:\/\/www.oceaneering.com\/pt\/case-studies\/multi-qualified-level-3-engineers-complete-managed-audit-program-for-uk-nuclear-power-plants\/\"> <img decoding=\"async\" src=\"https:\/\/www.oceaneering.com\/wp-content\/uploads\/2024\/02\/Case-Study-Multi-Qualified-Level-3-Engineers-Complete-Managed-Audit-Program-for-UK-Nuclear-Power-Plants-1.png\" alt=\"Power plant\" \/><\/a><\/p>\r\n<h3>Engenheiros multiqualificados de n\u00edvel 3 concluem o programa de auditoria gerenciada para usinas nucleares do Reino Unido<\/h3>\r\n<h3>Engenheiros multiqualificados de n\u00edvel 3 concluem o programa de auditoria gerenciada para usinas nucleares do Reino Unido<\/h3>\r\n<p>Oceaneering recently completed its sixth year delivering managed audit support at UK nuclear power plants as part&#8230;<\/p>\r\n<p><a href=\"https:\/\/www.oceaneering.com\/pt\/case-studies\/multi-qualified-level-3-engineers-complete-managed-audit-program-for-uk-nuclear-power-plants\/\">Saiba mais <\/a> <a href=\"https:\/\/www.oceaneering.com\/pt\/case-studies\/nuclear-focused-inspection-team-supports-newbuild-power-plant-in-the-uk\/\"> <img decoding=\"async\" src=\"https:\/\/www.oceaneering.com\/wp-content\/uploads\/2024\/03\/Case-Study-Oceaneering-Completes-Fourth-Year-of-Inspection-Support-at-Newbuild-Nuclear-Power-Plant-in-the-UK-1.jpg\" alt=\"Control wheel at a machine room\" \/><\/a><\/p>\r\n<h3>Equipe de inspe\u00e7\u00e3o com foco nuclear d\u00e1 suporte \u00e0 constru\u00e7\u00e3o de uma nova usina no Reino Unido<\/h3>\r\n<h3>Equipe de inspe\u00e7\u00e3o com foco nuclear d\u00e1 suporte \u00e0 constru\u00e7\u00e3o de uma nova usina no Reino Unido<\/h3>\r\n<p>Oceaneering recently completed the fourth year of a long-term contract to provide inspection services at a nuclear&#8230;<\/p>\r\n<p><a href=\"https:\/\/www.oceaneering.com\/pt\/case-studies\/nuclear-focused-inspection-team-supports-newbuild-power-plant-in-the-uk\/\">Saiba mais <\/a> <a href=\"https:\/\/www.oceaneering.com\/pt\/case-studies\/successful-ndt-enables-decommissioning-of-nuclear-power-facilities-in-uk\/\"> <img decoding=\"async\" src=\"https:\/\/www.oceaneering.com\/wp-content\/uploads\/2024\/02\/Case-Study-Successful-NDT-Enables-Decommissioning-of-Nuclear-Power-Facilities-in-UK-1.jpg\" alt=\"Nuclear Power Plant\" \/><\/a><\/p>\r\n<h3>NDT bem-sucedido permite o descomissionamento de instala\u00e7\u00f5es de energia nuclear no Reino Unido<\/h3>\r\n<h3>NDT bem-sucedido permite o descomissionamento de instala\u00e7\u00f5es de energia nuclear no Reino Unido<\/h3>\r\n<p>In February 2023, Oceaneering completed a two-and-a-half-year project providing non-destructive testing (NDT) services to support the safe&#8230;<\/p>\r\n<p><a href=\"https:\/\/www.oceaneering.com\/pt\/case-studies\/successful-ndt-enables-decommissioning-of-nuclear-power-facilities-in-uk\/\">Saiba mais <\/a> <a href=\"https:\/\/www.oceaneering.com\/pt\/case-studies\/oceaneering-subsea-robotics-supports-floating-offshore-wind-installation-offshore-spain\/\"> <img decoding=\"async\" src=\"https:\/\/www.oceaneering.com\/wp-content\/uploads\/2024\/01\/Wind-turbine-1.jpg\" alt=\"\" \/><\/a><\/p>\r\n<h3>Equipe de ROVs d\u00e1 suporte \u00e0 instala\u00e7\u00e3o de turbinas e\u00f3licas flutuantes na Espanha<\/h3>\r\n<h3>Equipe de ROVs d\u00e1 suporte \u00e0 instala\u00e7\u00e3o de turbinas e\u00f3licas flutuantes na Espanha<\/h3>\r\n<p>Vis\u00e3o geral Em agosto de 2023, uma equipe da Oceaneering e um ve\u00edculo operado remotamente (ROV) Magnum\u00ae foram usados para apoiar o...<\/p>\r\n<p><a href=\"https:\/\/www.oceaneering.com\/pt\/case-studies\/oceaneering-subsea-robotics-supports-floating-offshore-wind-installation-offshore-spain\/\">Saiba mais <\/a> <a href=\"https:\/\/www.oceaneering.com\/pt\/case-studies\/oceaneering-subsea-robotics-supports-installation-project-at-the-worlds-largest-offshore-floating-wind-project\/\"> <img decoding=\"async\" src=\"https:\/\/www.oceaneering.com\/wp-content\/uploads\/2023\/11\/Windmills-offshore-1.jpg\" alt=\"Wind mills offshore wind\" \/><\/a><\/p>\r\n<h3>Instala\u00e7\u00e3o bem-sucedida de cabos din\u00e2micos entre arranjos no maior projeto e\u00f3lico flutuante offshore do mundo<\/h3>\r\n<h3>Instala\u00e7\u00e3o bem-sucedida de cabos din\u00e2micos entre arranjos no maior projeto e\u00f3lico flutuante offshore do mundo<\/h3>\r\n<p>In Q2 2023, an Oceaneering project team and remotely operated vehicles (ROVs) were used to support a&#8230;<\/p>\r\n<p><a href=\"https:\/\/www.oceaneering.com\/pt\/case-studies\/oceaneering-subsea-robotics-supports-installation-project-at-the-worlds-largest-offshore-floating-wind-project\/\">Saiba mais <\/a> <a href=\"https:\/\/www.oceaneering.com\/pt\/case-studies\/oceaneering-rovs-support-installation-of-offshore-floating-wind-turbines-off-the-french-coast\/\"> <img decoding=\"async\" src=\"https:\/\/www.oceaneering.com\/wp-content\/uploads\/2023\/11\/Wind-turbines-edited.jpg\" alt=\"\" \/><\/a><\/p>\r\n<h3>ROVs da Oceaneering apoiam a instala\u00e7\u00e3o de turbinas e\u00f3licas flutuantes na Fran\u00e7a<\/h3>\r\n<h3>ROVs da Oceaneering apoiam a instala\u00e7\u00e3o de turbinas e\u00f3licas flutuantes na Fran\u00e7a<\/h3>\r\n<p>In October 2023, Oceaneering&#8217;s remotely operated vehicles (ROVs) on the Normand Installer vessel finished a work scope&#8230;<\/p>\r\n<p><a href=\"https:\/\/www.oceaneering.com\/pt\/case-studies\/oceaneering-rovs-support-installation-of-offshore-floating-wind-turbines-off-the-french-coast\/\">Saiba mais <\/a> <a href=\"https:\/\/www.oceaneering.com\/pt\/case-studies\/oceaneerings-innovative-isurus-rov-reduces-cost-and-carbon-footprint-while-shortening-project-schedule\/\"> <img decoding=\"async\" src=\"https:\/\/www.oceaneering.com\/wp-content\/uploads\/2023\/11\/DSC04024-scaled-1.jpg\" alt=\"\" \/><\/a><\/p>\r\n<h3>O ROV Isurus\u2122 oferece suporte a opera\u00e7\u00f5es de lan\u00e7amento de cabos mais eficientes<\/h3>\r\n<h3>O ROV Isurus\u2122 oferece suporte a opera\u00e7\u00f5es de lan\u00e7amento de cabos mais eficientes<\/h3>\r\n<p>In late 2019, a major offshore wind developer mobilized Oceaneering&#8217;s Isurus\u2122 ROV on one of its cable&#8230;<\/p>\r\n<p><a href=\"https:\/\/www.oceaneering.com\/pt\/case-studies\/oceaneerings-innovative-isurus-rov-reduces-cost-and-carbon-footprint-while-shortening-project-schedule\/\">Saiba mais <\/a> <a href=\"https:\/\/www.oceaneering.com\/pt\/case-studies\/oceaneering-completes-successful-wind-turbine-anode-installation\/\"> <img decoding=\"async\" src=\"https:\/\/www.oceaneering.com\/wp-content\/uploads\/2018\/11\/Case-Study-Oceaneering-completes-successful-wind-turbine-anode-installation-1.jpg\" alt=\"\" \/><\/a><\/p>\r\n<h3>A Oceaneering conclui com sucesso a instala\u00e7\u00e3o de \u00e2nodo de turbina e\u00f3lica<\/h3>\r\n<h3>A Oceaneering conclui com sucesso a instala\u00e7\u00e3o de \u00e2nodo de turbina e\u00f3lica<\/h3>\r\n<p>Oceaneering was contracted by a leading geotechnical and offshore solutions provider to install anti-corrosion plate anode clamps&#8230;<\/p>\r\n<p><a href=\"https:\/\/www.oceaneering.com\/pt\/case-studies\/oceaneering-completes-successful-wind-turbine-anode-installation\/\">Saiba mais <\/a><\/p>\r\n<h2>Not\u00edcias sobre energias renov\u00e1veis<\/h2>\r\n<p><a title=\"A Oceaneering alcan\u00e7a \" href=\"https:\/\/www.oceaneering.com\/pt\/oceaneering-achieves-fit-4-offshore-renewables-f4or-granted-status-at-rosyth-scotland-cable-facility\/\"><img loading=\"lazy\" decoding=\"async\" title=\"A instala\u00e7\u00e3o de fabrica\u00e7\u00e3o de cabos e umbilicais em Rosyth, Esc\u00f3cia | Oceaneering\" src=\"https:\/\/www.oceaneering.com\/wp-content\/uploads\/2024\/03\/DJI_0373-1024x576.jpg\" sizes=\"auto, (max-width: 1024px) 100vw, 1024px\" srcset=\"https:\/\/www.oceaneering.com\/wp-content\/uploads\/2024\/03\/DJI_0373-1024x576.jpg 1024w, https:\/\/www.oceaneering.com\/wp-content\/uploads\/2024\/03\/DJI_0373-300x169.jpg 300w, https:\/\/www.oceaneering.com\/wp-content\/uploads\/2024\/03\/DJI_0373-768x432.jpg 768w, https:\/\/www.oceaneering.com\/wp-content\/uploads\/2024\/03\/DJI_0373-1536x864.jpg 1536w, https:\/\/www.oceaneering.com\/wp-content\/uploads\/2024\/03\/DJI_0373-2048x1152.jpg 2048w, https:\/\/www.oceaneering.com\/wp-content\/uploads\/2024\/03\/DJI_0373-18x10.jpg 18w, https:\/\/www.oceaneering.com\/wp-content\/uploads\/2024\/03\/DJI_0373-1280x720.jpg 1280w, https:\/\/www.oceaneering.com\/wp-content\/uploads\/2024\/03\/DJI_0373-960x540.jpg 960w, https:\/\/www.oceaneering.com\/wp-content\/uploads\/2024\/03\/DJI_0373-640x360.jpg 640w, https:\/\/www.oceaneering.com\/wp-content\/uploads\/2024\/03\/DJI_0373-320x180.jpg 320w\" alt=\"The umbilicals and cable manufacturing facility in Rosyth Scotland\" width=\"1024\" height=\"576\" \/><\/a> 3\/28\/2024<\/p>\r\n<h3><a title=\"A Oceaneering alcan\u00e7a \" href=\"https:\/\/www.oceaneering.com\/pt\/oceaneering-achieves-fit-4-offshore-renewables-f4or-granted-status-at-rosyth-scotland-cable-facility\/\">A Oceaneering obt\u00e9m o status de \"Fit 4 Offshore Renewables\" na instala\u00e7\u00e3o de cabos em Rosyth, Esc\u00f3cia<\/a><\/h3>\r\n<p>Houston, Texas &#8211; Oceaneering announces today that its Rosyth, Scotland, cable manufacturing facility has successfully achieved &#8220;Fit 4 Offshore Renewables&#8221;\u2026<\/p>\r\n<p><a href=\"https:\/\/www.oceaneering.com\/pt\/oceaneering-achieves-fit-4-offshore-renewables-f4or-granted-status-at-rosyth-scotland-cable-facility\/\">Leia mais <\/a> <a title=\"A Oceaneering anuncia um teste de campo bem-sucedido para a solu\u00e7\u00e3o de software de mitiga\u00e7\u00e3o de mam\u00edferos marinhos Ocean Perception\u2122\" href=\"https:\/\/www.oceaneering.com\/pt\/oceaneering-announces-a-successful-field-trial-for-ocean-perception-marine-mammal-mitigation-software-solution\/\"><img loading=\"lazy\" decoding=\"async\" title=\"Percep\u00e7\u00e3o do Oceano | Oceaneering\" src=\"https:\/\/www.oceaneering.com\/wp-content\/uploads\/2024\/02\/220308_Ocean_perception_02-3-2-1024x576.jpg\" sizes=\"auto, (max-width: 1024px) 100vw, 1024px\" srcset=\"https:\/\/www.oceaneering.com\/wp-content\/uploads\/2024\/02\/220308_Ocean_perception_02-3-2-1024x576.jpg 1024w, https:\/\/www.oceaneering.com\/wp-content\/uploads\/2024\/02\/220308_Ocean_perception_02-3-2-300x169.jpg 300w, https:\/\/www.oceaneering.com\/wp-content\/uploads\/2024\/02\/220308_Ocean_perception_02-3-2-768x432.jpg 768w, https:\/\/www.oceaneering.com\/wp-content\/uploads\/2024\/02\/220308_Ocean_perception_02-3-2-1536x864.jpg 1536w, https:\/\/www.oceaneering.com\/wp-content\/uploads\/2024\/02\/220308_Ocean_perception_02-3-2-18x10.jpg 18w, https:\/\/www.oceaneering.com\/wp-content\/uploads\/2024\/02\/220308_Ocean_perception_02-3-2-1280x720.jpg 1280w, https:\/\/www.oceaneering.com\/wp-content\/uploads\/2024\/02\/220308_Ocean_perception_02-3-2-960x540.jpg 960w, https:\/\/www.oceaneering.com\/wp-content\/uploads\/2024\/02\/220308_Ocean_perception_02-3-2-640x360.jpg 640w, https:\/\/www.oceaneering.com\/wp-content\/uploads\/2024\/02\/220308_Ocean_perception_02-3-2-320x180.jpg 320w, https:\/\/www.oceaneering.com\/wp-content\/uploads\/2024\/02\/220308_Ocean_perception_02-3-2.jpg 1920w\" alt=\"Ocean Perception marine mammal mitigation  PSO software platform\" width=\"1024\" height=\"576\" \/><\/a> 12\/5\/2023<\/p>\r\n<h3><a title=\"A Oceaneering anuncia um teste de campo bem-sucedido para a solu\u00e7\u00e3o de software de mitiga\u00e7\u00e3o de mam\u00edferos marinhos Ocean Perception\u2122\" href=\"https:\/\/www.oceaneering.com\/pt\/oceaneering-announces-a-successful-field-trial-for-ocean-perception-marine-mammal-mitigation-software-solution\/\">A Oceaneering anuncia um teste de campo bem-sucedido para a solu\u00e7\u00e3o de software de mitiga\u00e7\u00e3o de mam\u00edferos marinhos Ocean Perception\u2122<\/a><\/h3>\r\n<p>Houston, Texas &#8211; Today, Oceaneering International, Inc., announces the successful field trial of Ocean Perception\u2122, a patented marine mammal mitigation\u2026<\/p>\r\n<p><a href=\"https:\/\/www.oceaneering.com\/pt\/oceaneering-announces-a-successful-field-trial-for-ocean-perception-marine-mammal-mitigation-software-solution\/\">Leia mais <\/a> <a title=\"A Oceaneering recebe um contrato-quadro de engenharia de manuten\u00e7\u00e3o\u00a0\" href=\"https:\/\/www.oceaneering.com\/pt\/oceaneering-awarded-maintenance-engineering-framework-agreement\/\"><img loading=\"lazy\" decoding=\"async\" title=\"Inspe\u00e7\u00e3o offshore IMDS | Oceaneering\" src=\"https:\/\/www.oceaneering.com\/wp-content\/uploads\/2023\/11\/imds-overview-2022-1200x628-1-1024x536.jpg\" sizes=\"auto, (max-width: 1024px) 100vw, 1024px\" srcset=\"https:\/\/www.oceaneering.com\/wp-content\/uploads\/2023\/11\/imds-overview-2022-1200x628-1-1024x536.jpg 1024w, https:\/\/www.oceaneering.com\/wp-content\/uploads\/2023\/11\/imds-overview-2022-1200x628-1-300x157.jpg 300w, https:\/\/www.oceaneering.com\/wp-content\/uploads\/2023\/11\/imds-overview-2022-1200x628-1-768x402.jpg 768w, https:\/\/www.oceaneering.com\/wp-content\/uploads\/2023\/11\/imds-overview-2022-1200x628-1-18x9.jpg 18w, https:\/\/www.oceaneering.com\/wp-content\/uploads\/2023\/11\/imds-overview-2022-1200x628-1.jpg 1200w\" alt=\"Offshore platform and data integrity system\" width=\"1024\" height=\"536\" \/><\/a> 2\/28\/2022<\/p>\r\n<h3><a title=\"A Oceaneering recebe um contrato-quadro de engenharia de manuten\u00e7\u00e3o\u00a0\" href=\"https:\/\/www.oceaneering.com\/pt\/oceaneering-awarded-maintenance-engineering-framework-agreement\/\">A Oceaneering recebe um contrato-quadro de engenharia de manuten\u00e7\u00e3o\u00a0<\/a><\/h3>\r\n<p>Oceaneering International\u2019s Integrity Management and Digital Solutions (IMDS) group has been awarded a framework agreement covering maintenance engineering for all Equinor&#8217;s business areas. \u00a0<\/p>\r\n<p><a href=\"https:\/\/www.oceaneering.com\/pt\/oceaneering-awarded-maintenance-engineering-framework-agreement\/\">Leia mais <\/a><\/p>\r\n<!-- .pp-content-posts -->\r\n<p><a href=\"https:\/\/www.oceaneering.com\/pt\/blog\/\" target=\"_self\"> Ver todas as not\u00edcias <\/a><\/p>\r\n<h1>Entre em contato conosco<\/h1>\r\n<h2>Nossa equipe de especialistas est\u00e1 pronta para ajud\u00e1-lo a come\u00e7ar.<\/h2>\r\n<p>A Oceaneering oferece os melhores produtos e solu\u00e7\u00f5es da categoria, respaldados por qualidade, confiabilidade e suporte global inigual\u00e1veis. Preencha o formul\u00e1rio de consulta para iniciar uma conversa hoje mesmo.<\/p>","protected":false},"excerpt":{"rendered":"<p>Discuta um projeto Solu\u00e7\u00f5es em energia renov\u00e1vel Apoiando seus diversos projetos de energia renov\u00e1vel e de baixo carbono com solu\u00e7\u00f5es inovadoras. Solu\u00e7\u00f5es avan\u00e7adas para um futuro de baixo carbono Estamos moldando o futuro do setor de energia com tecnologias e servi\u00e7os avan\u00e7ados que atendem \u00e0s ambi\u00e7\u00f5es mundiais de baixo carbono. Estamos em uma posi\u00e7\u00e3o ideal para atender a seus projetos globais de energia e\u00f3lica offshore, mar\u00e9s, ... <a title=\"Solu\u00e7\u00f5es de energia renov\u00e1vel\" class=\"read-more\" href=\"https:\/\/www.oceaneering.com\/pt\/renewable-energy-solutions\/\" aria-label=\"Leia mais sobre Solu\u00e7\u00f5es de energia renov\u00e1vel\">Leia mais<\/a><\/p>","protected":false},"author":20,"featured_media":0,"parent":0,"menu_order":91,"comment_status":"closed","ping_status":"closed","template":"","meta":{"_acf_changed":false,"footnotes":"","_links_to":"","_links_to_target":""},"product_category":[1159],"search_tags":[1398],"class_list":["post-61160","page","type-page","status-publish","product_category-renewables","search_tags-renewable-energy"],"acf":[],"aioseo_notices":[],"_links":{"self":[{"href":"https:\/\/www.oceaneering.com\/pt\/wp-json\/wp\/v2\/pages\/61160","targetHints":{"allow":["GET"]}}],"collection":[{"href":"https:\/\/www.oceaneering.com\/pt\/wp-json\/wp\/v2\/pages"}],"about":[{"href":"https:\/\/www.oceaneering.com\/pt\/wp-json\/wp\/v2\/types\/page"}],"author":[{"embeddable":true,"href":"https:\/\/www.oceaneering.com\/pt\/wp-json\/wp\/v2\/users\/20"}],"replies":[{"embeddable":true,"href":"https:\/\/www.oceaneering.com\/pt\/wp-json\/wp\/v2\/comments?post=61160"}],"version-history":[{"count":3,"href":"https:\/\/www.oceaneering.com\/pt\/wp-json\/wp\/v2\/pages\/61160\/revisions"}],"predecessor-version":[{"id":80139,"href":"https:\/\/www.oceaneering.com\/pt\/wp-json\/wp\/v2\/pages\/61160\/revisions\/80139"}],"wp:attachment":[{"href":"https:\/\/www.oceaneering.com\/pt\/wp-json\/wp\/v2\/media?parent=61160"}],"wp:term":[{"taxonomy":"product_category","embeddable":true,"href":"https:\/\/www.oceaneering.com\/pt\/wp-json\/wp\/v2\/product_category?post=61160"},{"taxonomy":"search_tags","embeddable":true,"href":"https:\/\/www.oceaneering.com\/pt\/wp-json\/wp\/v2\/search_tags?post=61160"}],"curies":[{"name":"wp","href":"https:\/\/api.w.org\/{rel}","templated":true}]}}