{"id":61152,"date":"2023-11-09T08:53:47","date_gmt":"2023-11-09T13:53:47","guid":{"rendered":"https:\/\/oceaneering.com\/rov-services\/rov-technology\/"},"modified":"2025-10-21T04:45:49","modified_gmt":"2025-10-21T09:45:49","slug":"rov-technology","status":"publish","type":"page","link":"https:\/\/www.oceaneering.com\/pt\/rov-services\/rov-technology\/","title":{"rendered":"Tecnologia de ROV"},"content":{"rendered":"<p><a href=\"https:\/\/www.oceaneering.com\/pt\/rov-services\/#contact\" target=\"_self\" rel=\"noopener\"> Discutir um projeto <\/a><\/p>\r\n<h1>Tecnologia de ROV<\/h1>\r\n<p>Nossa frota incompar\u00e1vel de sistemas de ROV \u00e9 complementada por tecnologias de ponta que permitem melhor controle e imagens de v\u00eddeo, manipula\u00e7\u00e3o precisa de ferramentas e ader\u00eancia aos requisitos do setor.<\/p>\r\n<h2>Tecnologia de pilotagem remota e controle automatizado<\/h2>\r\n<p>Nossa inovadora tecnologia de pilotagem remota e controle automatizado (RPACT) permite a pilotagem completa de ROVs por meio de tecnologias de conex\u00e3o virtual, como radiofrequ\u00eancia (RF) de embarca\u00e7\u00e3o para embarca\u00e7\u00e3o, sat\u00e9lite\/Internet ou link \u00f3ptico submarino.<\/p>\r\n<p>Complementado com comandos pr\u00e9-programados e automatizados, o RPACT usa um software de processamento de v\u00eddeo que analisa o v\u00eddeo, determina dist\u00e2ncias espaciais e reconhece formas para permitir o movimento adequado do ROV. Isso proporciona maior suporte operacional em terra ou em outra embarca\u00e7\u00e3o durante atividades complexas ou de longa dura\u00e7\u00e3o.<\/p>\r\n<p><img loading=\"lazy\" decoding=\"async\" title=\"Gr\u00e1fico RPACT\" src=\"https:\/\/oceaneering.com\/wp-content\/uploads\/2023\/11\/RPACT-graphic.png\" alt=\"RPACT-graphic\" width=\"2000\" height=\"850\" \/><\/p>\r\n<p>Integrado ao RPACT, o controle TIP (Tool Instructed Path) permite f\u00e1cil aquisi\u00e7\u00e3o, implanta\u00e7\u00e3o, opera\u00e7\u00e3o e acoplamento de ferramentas. Nossos bra\u00e7os manipuladores espacialmente correspondentes podem ser operados por meio de controle de taxa, correspond\u00eancia espacial e TIP. Isso simplifica e agiliza as tarefas do manipulador piloto, fornecendo controladores alternativos, como um mouse de esferas 3D, para controlar o caminho do manipulador e da ferramenta sem a necessidade de controlar individualmente cada articula\u00e7\u00e3o.<\/p>\r\n<p><img decoding=\"async\" title=\"website-thumbnail-2019-edited-1\" src=\"https:\/\/oceaneering.com\/wp-content\/uploads\/2023\/11\/website-thumbnail-2019-edited-1.jpg\" alt=\"\" \/> Reproduzir v\u00eddeo<\/p>\r\n<h2>Centro de opera\u00e7\u00f5es remotas em terra (OROC)<\/h2>\r\n<p>Otimize a efici\u00eancia operacional e, ao mesmo tempo, reduza seus custos, o risco de HSE e a pegada de carbono usando um Centro de Opera\u00e7\u00f5es Remotas Onshore (OROC) da Oceaneering para concluir suas opera\u00e7\u00f5es offshore.<\/p>\r\n<p>Lan\u00e7ada em 2015, a OROC permite a conclus\u00e3o efetiva das opera\u00e7\u00f5es offshore, fornecendo uma base remota para seus representantes, pilotos de ROV adicionais e especialistas no assunto. As opera\u00e7\u00f5es conclu\u00eddas usando a RPACT e a OROC v\u00e3o desde a instala\u00e7\u00e3o de \u00e2nodos submarinos at\u00e9 a opera\u00e7\u00e3o de v\u00e1lvulas submarinas. As aplica\u00e7\u00f5es s\u00e3o t\u00e3o limitadas quanto a sua imagina\u00e7\u00e3o.<\/p>\r\n<h3>O uso da OROC oferece benef\u00edcios claros<\/h3>\r\n<ul>\r\n<li>Menos pessoas mobilizadas no exterior e menor tempo de espera operacional<\/li>\r\n<li>O custo de v\u00e1rias opera\u00e7\u00f5es que exigem supervis\u00e3o especializada pode ser coberto com uma visita \u00e0 OROC<\/li>\r\n<li>Aumento da intera\u00e7\u00e3o e do envolvimento do representante do cliente com os pilotos e as opera\u00e7\u00f5es do ROV<\/li>\r\n<\/ul>\r\n<p><a href=\"https:\/\/youtu.be\/Db6iHo3LxW4\" target=\"_blank\" rel=\"noopener\"> Saiba mais sobre a OROC <\/a><\/p>\r\n<h2>Tecnologia de visualiza\u00e7\u00e3o avan\u00e7ada<\/h2>\r\n<p>Fomos os primeiros no setor a fornecer v\u00eddeo de alta defini\u00e7\u00e3o (HD) em opera\u00e7\u00f5es submarinas. Temos mais de 300 c\u00e2meras HD instaladas em nossos ROVs de classe de trabalho e em outros projetos offshore em todo o mundo.<\/p>\r\n<p>Transmiss\u00e3o em tempo real de alt\u00edssima resolu\u00e7\u00e3o e maior visibilidade da superf\u00edcie de proje\u00e7\u00e3o para melhorar a tomada de decis\u00f5es<\/p>\r\n<p>Manipula\u00e7\u00e3o aprimorada do piloto por meio de melhor percep\u00e7\u00e3o de profundidade e imagens estereosc\u00f3picas de \u00faltima gera\u00e7\u00e3o<\/p>\r\n<p>Imagens submarinas completas, f\u00e1ceis e econ\u00f4micas, permitindo que os pilotos visualizem os manipuladores de ROVs e todo o local de trabalho sem panor\u00e2mica<\/p>\r\n<p>Execu\u00e7\u00e3o previs\u00edvel de tarefas submarinas baseadas em ROV, o que aumenta a efici\u00eancia operacional e reduz o risco de danos aos ativos submarinos<\/p>\r\n<h2>Manipula\u00e7\u00e3o de bra\u00e7o h\u00edbrido<\/h2>\r\n<p>Oferecemos o bra\u00e7o manipulador Atlas Hybrid para uso exclusivo em nossos ROVs. O manipulador foi projetado em conjunto com a Schilling Robotics e oferece robustez, facilidade de manuten\u00e7\u00e3o e tempo de atividade otimizado.<\/p>\r\n<p>O bra\u00e7o do manipulador apresenta um sistema de controle h\u00edbrido exclusivo, que permite selecionar rapidamente um modo de controle (correspondente espacialmente\/loop fechado ou taxa\/loop aberto) durante as opera\u00e7\u00f5es. Isso permite que o operador selecione o modo de controle mais adequado \u00e0 tarefa e, ao mesmo tempo, oferece redund\u00e2ncia.<\/p>\r\n<p><a href=\"https:\/\/oceaneering.canto.com\/download\/document\/so2c9ncbep2rtf7qq0i7g2qa6j\/original.pdf\" target=\"_blank\" rel=\"noopener\"> Manipulador h\u00edbrido Atlas <\/a><\/p>\r\n<h2>API Standard 53 e solu\u00e7\u00f5es de interven\u00e7\u00e3o<\/h2>\r\n<p>O API Standard 53 foi lan\u00e7ado em 2012 como o ponto culminante de dois anos de trabalho de especialistas do setor que trabalharam juntos para fortalecer, alinhar e esclarecer os requisitos para equipamentos BOP. Como parte integrante desse processo de desenvolvimento, oferecemos equipamentos que permitem que voc\u00ea cumpra os mais recentes requisitos de interven\u00e7\u00e3o de ROV.<\/p>\r\n<p><img loading=\"lazy\" decoding=\"async\" title=\"AJA_7532-FIXED-sm\" src=\"https:\/\/oceaneering.com\/wp-content\/uploads\/2023\/11\/AJA_7532-FIXED-sm.png\" alt=\"AJA_7532-FIXED-sm\" width=\"600\" height=\"344\" \/><\/p>\r\n<p>Oferecemos a Solu\u00e7\u00e3o de Bombeamento Integrado para ROV (RIPS) como parte do sistema NEXXUS ROV. A solu\u00e7\u00e3o tamb\u00e9m est\u00e1 dispon\u00edvel como um kit de atualiza\u00e7\u00e3o ou sistema de acumulador aut\u00f4nomo.<\/p>\r\n<h1>Entre em contato conosco<\/h1>\r\n<h2>Nossa equipe de especialistas est\u00e1 pronta para ajud\u00e1-lo a come\u00e7ar.<\/h2>\r\n<p>A Oceaneering oferece os melhores produtos e solu\u00e7\u00f5es da categoria, respaldados por qualidade, confiabilidade e suporte global inigual\u00e1veis. Preencha o formul\u00e1rio de consulta para iniciar uma conversa hoje mesmo.<\/p>","protected":false},"excerpt":{"rendered":"<p>Discuta um projeto Tecnologia de ROV Nossa incompar\u00e1vel frota de sistemas de ROV \u00e9 complementada por tecnologias de ponta que permitem melhor controle e imagens de v\u00eddeo, manipula\u00e7\u00e3o precisa de ferramentas e ader\u00eancia aos requisitos do setor. Tecnologia de pilotagem remota e controle automatizado Nossa inovadora tecnologia de pilotagem remota e controle automatizado (RPACT) permite a pilotagem completa do ROV por meio de tecnologias de conex\u00e3o virtual, como ... <a title=\"Tecnologia de ROV\" class=\"read-more\" href=\"https:\/\/www.oceaneering.com\/pt\/rov-services\/rov-technology\/\" aria-label=\"Leia mais sobre a tecnologia ROV\">Leia mais<\/a><\/p>","protected":false},"author":20,"featured_media":0,"parent":60900,"menu_order":85,"comment_status":"closed","ping_status":"closed","template":"","meta":{"_acf_changed":false,"footnotes":"","_links_to":"","_links_to_target":""},"product_category":[1317,1181],"search_tags":[1363],"class_list":["post-61152","page","type-page","status-publish","product_category-mission-support-center","product_category-remotely-operated-vehicles-rovs","search_tags-rov"],"acf":[],"aioseo_notices":[],"_links":{"self":[{"href":"https:\/\/www.oceaneering.com\/pt\/wp-json\/wp\/v2\/pages\/61152","targetHints":{"allow":["GET"]}}],"collection":[{"href":"https:\/\/www.oceaneering.com\/pt\/wp-json\/wp\/v2\/pages"}],"about":[{"href":"https:\/\/www.oceaneering.com\/pt\/wp-json\/wp\/v2\/types\/page"}],"author":[{"embeddable":true,"href":"https:\/\/www.oceaneering.com\/pt\/wp-json\/wp\/v2\/users\/20"}],"replies":[{"embeddable":true,"href":"https:\/\/www.oceaneering.com\/pt\/wp-json\/wp\/v2\/comments?post=61152"}],"version-history":[{"count":1,"href":"https:\/\/www.oceaneering.com\/pt\/wp-json\/wp\/v2\/pages\/61152\/revisions"}],"predecessor-version":[{"id":79229,"href":"https:\/\/www.oceaneering.com\/pt\/wp-json\/wp\/v2\/pages\/61152\/revisions\/79229"}],"up":[{"embeddable":true,"href":"https:\/\/www.oceaneering.com\/pt\/wp-json\/wp\/v2\/pages\/60900"}],"wp:attachment":[{"href":"https:\/\/www.oceaneering.com\/pt\/wp-json\/wp\/v2\/media?parent=61152"}],"wp:term":[{"taxonomy":"product_category","embeddable":true,"href":"https:\/\/www.oceaneering.com\/pt\/wp-json\/wp\/v2\/product_category?post=61152"},{"taxonomy":"search_tags","embeddable":true,"href":"https:\/\/www.oceaneering.com\/pt\/wp-json\/wp\/v2\/search_tags?post=61152"}],"curies":[{"name":"wp","href":"https:\/\/api.w.org\/{rel}","templated":true}]}}