{"id":61150,"date":"2023-11-09T08:53:46","date_gmt":"2023-11-09T13:53:46","guid":{"rendered":"https:\/\/oceaneering.com\/rov-services\/rov-personnel-training\/"},"modified":"2025-10-21T04:53:02","modified_gmt":"2025-10-21T09:53:02","slug":"rov-personnel-training","status":"publish","type":"page","link":"https:\/\/www.oceaneering.com\/pt\/rov-services\/rov-personnel-training\/","title":{"rendered":"Pessoal e treinamento de ROVs"},"content":{"rendered":"<h1>Pessoal e treinamento de ROVs<\/h1>\r\n<p>Como l\u00edder do setor no fornecimento de servi\u00e7os de ROV, nos dedicamos a educar n\u00e3o apenas nossos pr\u00f3prios funcion\u00e1rios, mas tamb\u00e9m nossos clientes.<\/p>\r\n<h1>Supervisores e T\u00e9cnicos de Piloto de ROV da Oceaneering<\/h1>\r\n<p>Com o objetivo de estabelecer a for\u00e7a de trabalho de ROV mais qualificada do setor, abrimos o primeiro centro de treinamento de ROV de classe de trabalho do mundo em 1996. Atualmente, temos centros de treinamento nos EUA, Noruega, Reino Unido, Brasil, Indon\u00e9sia e outros pa\u00edses.<\/p>\r\n<h2>Centros de treinamento<\/h2>\r\n<p>Nossos centros de treinamento abrigam salas de aula equipadas com multim\u00eddia, laborat\u00f3rios de eletr\u00f4nica e hidr\u00e1ulica e um ROV totalmente funcional com uma su\u00edte de controle completa. Grande parte do curr\u00edculo se concentra nos simuladores de ROV usados para treinamento de pilotos.<\/p>\r\n<p>Trabalhando no console do simulador, os trainees aprendem habilidades b\u00e1sicas de voo e vivenciam muitos dos desafios das opera\u00e7\u00f5es offshore - antes de serem enviados para o mar pela primeira vez.<\/p>\r\n<p><img loading=\"lazy\" decoding=\"async\" title=\"Simulador_Treinamento_2\" src=\"https:\/\/oceaneering.com\/wp-content\/uploads\/2023\/11\/Simulator_Training_2.jpg\" alt=\"Simulator_Training_2\" width=\"1031\" height=\"1000\" \/><\/p>\r\n<h2>Certifica\u00e7\u00f5es de programas<\/h2>\r\n<p>As seguintes organiza\u00e7\u00f5es auditaram nosso Programa de Treinamento em ROV e certificaram seu status profissional e a qualidade do ensino.<\/p>\r\n<ul>\r\n<li>Associa\u00e7\u00e3o Internacional de Empreiteiros Mar\u00edtimos (IMCA)<\/li>\r\n<li>Sistema de faculdades t\u00e9cnicas e comunit\u00e1rias da Louisiana (LCTCS)<\/li>\r\n<li>Conselho Nacional de Educa\u00e7\u00e3o Ocupacional (NCOE)<\/li>\r\n<\/ul>\r\n<p>A American Society for Training and Development (ASTD) certifica todos os nossos instrutores.<\/p>\r\n<p>Entre em contato conosco<\/p>\r\n<h3>Nossa equipe de especialistas est\u00e1 pronta para ajud\u00e1-lo a come\u00e7ar.<\/h3>\r\n<p>A Oceaneering oferece os melhores produtos e solu\u00e7\u00f5es da categoria, respaldados por qualidade, confiabilidade e suporte global inigual\u00e1veis. Preencha o formul\u00e1rio de consulta para iniciar uma conversa hoje mesmo.<\/p>\r\n<p>\"*\" indica campos obrigat\u00f3rios<\/p>\r\n<form id=\"gform_4\" action=\"\/pt\/?page_id=61150&#038;fl_builder#gf_4\" enctype=\"multipart\/form-data\" method=\"post\" target=\"gform_ajax_frame_4\" data-formid=\"4\" data-trp-original-action=\"\/?page_id=61150&amp;fl_builder#gf_4\"><fieldset id=\"field_4_1\" data-js-reload=\"field_4_1\"><legend class=\"gfield_label gform-field-label gfield_label_before_complex\">Nome*<\/legend> <input id=\"input_4_1_3\" tabindex=\"201\" name=\"input_1.3\" type=\"text\" value=\"\" aria-required=\"true\" \/> <label class=\"gform-field-label gform-field-label--type-sub\" for=\"input_4_1_3\">Primeiro<\/label> <input id=\"input_4_1_6\" tabindex=\"203\" name=\"input_1.6\" type=\"text\" value=\"\" aria-required=\"true\" \/> <label class=\"gform-field-label gform-field-label--type-sub\" for=\"input_4_1_6\">\u00daltimo<\/label><\/fieldset><label class=\"gfield_label gform-field-label\" for=\"input_4_4\">Telefone*<\/label><input id=\"input_4_4\" class=\"large\" tabindex=\"205\" name=\"input_4\" type=\"text\" value=\"\" aria-required=\"true\" aria-invalid=\"false\" \/><label class=\"gfield_label gform-field-label\" for=\"input_4_3\">E-mail*<\/label> <input id=\"input_4_3\" class=\"large\" tabindex=\"206\" name=\"input_3\" type=\"text\" value=\"\" aria-required=\"true\" aria-invalid=\"false\" \/> <label class=\"gfield_label gform-field-label\" for=\"input_4_5\">Outro<\/label><select id=\"input_4_5\" class=\"large gfield_select\" tabindex=\"207\" name=\"input_5\" aria-invalid=\"false\">\r\n<option class=\"gf_placeholder\" selected=\"selected\" value=\"\">Selecione uma<\/option>\r\n<option value=\"First Choice\">Primeira escolha<\/option>\r\n<option value=\"Second Choice\">Segunda op\u00e7\u00e3o<\/option>\r\n<option value=\"Third Choice\">Terceira op\u00e7\u00e3o<\/option>\r\n<\/select><label class=\"gfield_label gform-field-label\" for=\"input_4_6\">Outro<\/label><select id=\"input_4_6\" class=\"large gfield_select\" tabindex=\"208\" name=\"input_6\" aria-invalid=\"false\">\r\n<option class=\"gf_placeholder\" selected=\"selected\" value=\"\">Selecione uma<\/option>\r\n<option value=\"First Choice\">Primeira escolha<\/option>\r\n<option value=\"Second Choice\">Segunda op\u00e7\u00e3o<\/option>\r\n<option value=\"Third Choice\">Terceira op\u00e7\u00e3o<\/option>\r\n<\/select><label class=\"gfield_label gform-field-label\" for=\"input_4_7\">Outro<\/label><input id=\"input_4_7\" class=\"large\" tabindex=\"209\" name=\"input_7\" type=\"text\" value=\"\" aria-invalid=\"false\" \/> <label class=\"gfield_label gform-field-label\" for=\"input_4_8\">Outro<\/label><input id=\"input_4_8\" class=\"large\" tabindex=\"210\" name=\"input_8\" type=\"text\" value=\"\" aria-invalid=\"false\" \/>\r\n<p>Lorem ipsum dolor sit amet, consetetur sadipscing elitr, sed diam nonumy eirmod tempor invidunt ut labore et dolore magna aliquyam erat voluptua.<\/p>\r\n<input id=\"gform_submit_button_4\" class=\"gform_button button\" tabindex=\"211\" type=\"submit\" value=\"Solicite uma cota\u00e7\u00e3o\" \/> <input name=\"gform_ajax\" type=\"hidden\" value=\"form_id=4&amp;title=&amp;description=&amp;tabindex=200\" \/> <input class=\"gform_hidden\" name=\"is_submit_4\" type=\"hidden\" value=\"1\" \/> <input class=\"gform_hidden\" name=\"gform_submit\" type=\"hidden\" value=\"4\" \/> <input class=\"gform_hidden\" name=\"gform_unique_id\" type=\"hidden\" value=\"\" \/> <input class=\"gform_hidden\" name=\"state_4\" type=\"hidden\" value=\"WyJ7XCI1XCI6W1wiZGYzN2E2ZTliYzJkYTVlMjU5ZDBmNDMwMTdlYjVhMGVcIixcImZhNGEwM2ZkMGU0YmYxOGMzYzM3NDhmYWZmMGIzYmJkXCIsXCIxMTAzYTVhMmJlZjQ3NWI5MjRhMmZmYTMyYTNhNzM1N1wiXSxcIjZcIjpbXCJkZjM3YTZlOWJjMmRhNWUyNTlkMGY0MzAxN2ViNWEwZVwiLFwiZmE0YTAzZmQwZTRiZjE4YzNjMzc0OGZhZmYwYjNiYmRcIixcIjExMDNhNWEyYmVmNDc1YjkyNGEyZmZhMzJhM2E3MzU3XCJdfSIsImExMTE4N2U4YmFkMGY5NmE2ZTIxYTQxYTMyMDZjM2E4Il0=\" \/> <input id=\"gform_target_page_number_4\" class=\"gform_hidden\" name=\"gform_target_page_number_4\" type=\"hidden\" value=\"0\" \/> <input id=\"gform_source_page_number_4\" class=\"gform_hidden\" name=\"gform_source_page_number_4\" type=\"hidden\" value=\"1\" \/> <input name=\"gform_field_values\" type=\"hidden\" value=\"\" \/>\r\n<p><label>\u0394<textarea cols=\"45\" maxlength=\"100\" name=\"ak_hp_textarea\" rows=\"8\"><\/textarea><\/label><input id=\"ak_js_1\" name=\"ak_js\" type=\"hidden\" value=\"237\" \/><\/p>\r\n<input type=\"hidden\" name=\"trp-form-language\" value=\"pt\"\/><\/form>\r\n<p><iframe id=\"gform_ajax_frame_4\" style=\"display: none; width: 0px; height: 0px;\" title=\"Esse iframe cont\u00e9m a l\u00f3gica necess\u00e1ria para lidar com Gravity Forms acionados por Ajax.\" src=\"about:blank\" name=\"gform_ajax_frame_4\"><\/iframe><\/p>","protected":false},"excerpt":{"rendered":"<p>Pessoal e treinamento de ROV Como l\u00edder do setor de servi\u00e7os de ROV, nos dedicamos a educar n\u00e3o apenas nossos pr\u00f3prios funcion\u00e1rios, mas tamb\u00e9m nossos clientes. Supervisores e T\u00e9cnicos de Piloto de ROV da Oceaneering Com o objetivo de estabelecer a for\u00e7a de trabalho de ROV mais qualificada do setor, abrimos o primeiro centro de treinamento de ROV de classe de trabalho do mundo em 1996. Hoje, ... <a title=\"Pessoal e treinamento de ROVs\" class=\"read-more\" href=\"https:\/\/www.oceaneering.com\/pt\/rov-services\/rov-personnel-training\/\" aria-label=\"Leia mais sobre Pessoal e treinamento de ROVs\">Leia mais<\/a><\/p>","protected":false},"author":20,"featured_media":0,"parent":60900,"menu_order":83,"comment_status":"closed","ping_status":"closed","template":"","meta":{"_acf_changed":false,"footnotes":"","_links_to":"","_links_to_target":""},"product_category":[1317,1181],"search_tags":[1363],"class_list":["post-61150","page","type-page","status-publish","product_category-mission-support-center","product_category-remotely-operated-vehicles-rovs","search_tags-rov"],"acf":[],"aioseo_notices":[],"_links":{"self":[{"href":"https:\/\/www.oceaneering.com\/pt\/wp-json\/wp\/v2\/pages\/61150","targetHints":{"allow":["GET"]}}],"collection":[{"href":"https:\/\/www.oceaneering.com\/pt\/wp-json\/wp\/v2\/pages"}],"about":[{"href":"https:\/\/www.oceaneering.com\/pt\/wp-json\/wp\/v2\/types\/page"}],"author":[{"embeddable":true,"href":"https:\/\/www.oceaneering.com\/pt\/wp-json\/wp\/v2\/users\/20"}],"replies":[{"embeddable":true,"href":"https:\/\/www.oceaneering.com\/pt\/wp-json\/wp\/v2\/comments?post=61150"}],"version-history":[{"count":1,"href":"https:\/\/www.oceaneering.com\/pt\/wp-json\/wp\/v2\/pages\/61150\/revisions"}],"predecessor-version":[{"id":79232,"href":"https:\/\/www.oceaneering.com\/pt\/wp-json\/wp\/v2\/pages\/61150\/revisions\/79232"}],"up":[{"embeddable":true,"href":"https:\/\/www.oceaneering.com\/pt\/wp-json\/wp\/v2\/pages\/60900"}],"wp:attachment":[{"href":"https:\/\/www.oceaneering.com\/pt\/wp-json\/wp\/v2\/media?parent=61150"}],"wp:term":[{"taxonomy":"product_category","embeddable":true,"href":"https:\/\/www.oceaneering.com\/pt\/wp-json\/wp\/v2\/product_category?post=61150"},{"taxonomy":"search_tags","embeddable":true,"href":"https:\/\/www.oceaneering.com\/pt\/wp-json\/wp\/v2\/search_tags?post=61150"}],"curies":[{"name":"wp","href":"https:\/\/api.w.org\/{rel}","templated":true}]}}