{"id":61148,"date":"2023-11-09T08:51:50","date_gmt":"2023-11-09T13:51:50","guid":{"rendered":"https:\/\/oceaneering.com\/asset-integrity\/floating-systems-inspection-and-integrity\/special-periodic-surveys-and-uwild\/"},"modified":"2025-10-21T05:08:56","modified_gmt":"2025-10-21T10:08:56","slug":"floating-systems-inspection-and-integrity-services","status":"publish","type":"page","link":"https:\/\/www.oceaneering.com\/pt\/asset-integrity-management\/floating-systems-inspection-and-integrity-services\/","title":{"rendered":"Inspe\u00e7\u00e3o e integridade de sistemas flutuantes"},"content":{"rendered":"<p><a href=\"\/pt\/asset-integrity\/#contact\" target=\"_self\" rel=\"noopener\"> Discutir um projeto <\/a><\/p>\r\n<h1>Inspe\u00e7\u00e3o e integridade de sistemas flutuantes<\/h1>\r\n<p>Oferecemos servi\u00e7os de inspe\u00e7\u00e3o e gerenciamento de integridade totalmente gerenciados e baseados em riscos para sistemas flutuantes. Nossas solu\u00e7\u00f5es escalon\u00e1veis fornecem os servi\u00e7os e as tecnologias de que voc\u00ea precisa para operar com seguran\u00e7a e manter a conformidade regulamentar.<\/p>\r\n<h2>Mantendo os ativos seguros, confi\u00e1veis e em conformidade<\/h2>\r\n<p>Nossa equipe de arquitetos navais e engenheiros estruturais trabalha de forma colaborativa com os t\u00e9cnicos para fornecer uma inspe\u00e7\u00e3o offshore eficaz dos ativos.<\/p>\r\n<p>As equipes globais garantem o fornecimento de gerenciamento de projetos de alta qualidade, engenharia, servi\u00e7os de inspe\u00e7\u00e3o de topside e submarinos, interpreta\u00e7\u00e3o de resultados e prepara\u00e7\u00e3o de relat\u00f3rios de status de integridade, seja individualmente ou como um programa gerenciado geral.<\/p>\r\n<ul>\r\n<li>Avalia\u00e7\u00e3o de lacunas entre o projeto e as especifica\u00e7\u00f5es de fabrica\u00e7\u00e3o<\/li>\r\n<li>Suporte para sistemas e componentes novos e em servi\u00e7o<\/li>\r\n<li>Produ\u00e7\u00e3o de documentos de gerenciamento de inspe\u00e7\u00e3o e integridade<\/li>\r\n<li>Inspe\u00e7\u00e3o offshore econ\u00f4mica e otimizada com avalia\u00e7\u00e3o em tempo real da condi\u00e7\u00e3o<\/li>\r\n<li>Revis\u00f5es de engenharia dos resultados da inspe\u00e7\u00e3o e recomenda\u00e7\u00f5es para interven\u00e7\u00e3o<\/li>\r\n<li>Gerenciamento de subcontratados<\/li>\r\n<li>Preparar declara\u00e7\u00f5es sobre a condi\u00e7\u00e3o dos ativos, relat\u00f3rios resumidos e facilitar revis\u00f5es resumidas<\/li>\r\n<li>Atualizar as estrat\u00e9gias de inspe\u00e7\u00e3o e integridade<\/li>\r\n<li>Gerar relat\u00f3rios resumidos anuais de inspe\u00e7\u00e3o do casco<\/li>\r\n<li>Fornecer representa\u00e7\u00e3o de interface entre sociedades de classifica\u00e7\u00e3o, \u00f3rg\u00e3os reguladores e \u00f3rg\u00e3os de verifica\u00e7\u00e3o<\/li>\r\n<\/ul>\r\n<p>Prestamos esses servi\u00e7os com base em nossa ampla experi\u00eancia e hist\u00f3rico de trabalho com sistemas de press\u00e3o, estruturas e tubula\u00e7\u00f5es. Nossas solu\u00e7\u00f5es minimizam a interrup\u00e7\u00e3o da produ\u00e7\u00e3o e proporcionam o uso mais eficaz dos recursos de inspe\u00e7\u00e3o, definindo inspe\u00e7\u00f5es direcionadas com escopos e frequ\u00eancias justificados.<\/p>\r\n<p>Nossa experi\u00eancia em inspe\u00e7\u00e3o de ativos submarinos, projetos submarinos, servi\u00e7os de ve\u00edculos operados remotamente (ROV), ferramentas submarinas e an\u00e1lise de ativos nos permite oferecer servi\u00e7os integrados por meio de um \u00fanico ponto focal.<\/p>\r\n<p><img loading=\"lazy\" decoding=\"async\" title=\"Circle-graphics-Data-grande\" src=\"https:\/\/oceaneering.com\/wp-content\/uploads\/2023\/11\/Circle-graphics-Data-large.png\" alt=\"Circle-graphics-Data-large\" width=\"945\" height=\"945\" \/><\/p>\r\n<h2>Oferecemos uma s\u00e9rie de servi\u00e7os adicionais relacionados a cascos e sistemas flutuantes<\/h2>\r\n<ul>\r\n<li>Revis\u00e3o dos esquemas de gerenciamento de integridade de sistemas flutuantes (FSIMSs)<\/li>\r\n<li>Concluir inspe\u00e7\u00f5es de linha de base de estruturas flutuantes e fixas rec\u00e9m-constru\u00eddas<\/li>\r\n<li>Inspe\u00e7\u00e3o visual e ultrass\u00f4nica no tanque com o uso de mini ROVs<\/li>\r\n<li>Garantia de compet\u00eancia no gerenciamento da integridade do casco<\/li>\r\n<li>Avalia\u00e7\u00f5es de prote\u00e7\u00e3o cat\u00f3dica<\/li>\r\n<li>Gerenciamento do escaneamento em nuvem no casco<\/li>\r\n<li>Fornecer dados estruturais para um sistema de gerenciamento de trabalho de ativos de novas constru\u00e7\u00f5es ou brownfield<\/li>\r\n<li>Inspe\u00e7\u00e3o e gerenciamento de integridade de sistemas de torre<\/li>\r\n<li><a href=\"https:\/\/www.oceaneering.com\/pt\/asset-integrity\/floating-systems-inspection-and-integrity-services\/special-periodic-surveys-and-uwild\/\" data-kmt=\"1\">Pesquisas peri\u00f3dicas especiais e inspe\u00e7\u00e3o subaqu\u00e1tica em vez de docagem seca (UWILD)<\/a>\u00a0defini\u00e7\u00e3o do escopo do trabalho<\/li>\r\n<li>Gerenciar programas de inspe\u00e7\u00e3o, reparo e integridade de embarca\u00e7\u00f5es de produ\u00e7\u00e3o, armazenamento e descarregamento flutuantes (FPSO)<\/li>\r\n<\/ul>\r\n<p><a href=\"https:\/\/www.oceaneering.com\/pt\/asset-integrity\/floating-systems-inspection-and-integrity-services\/special-periodic-surveys-and-uwild\/\" target=\"_self\" rel=\"noopener\"> Saiba mais sobre nossos recursos de pesquisa peri\u00f3dica especial e UWILD <\/a> Credenciamento do setor: ISO 3001, ISO 17025, ISO 14001, DNV-GL, ABS, LR e BV para medi\u00e7\u00e3o de espessura de estruturas de casco<br \/>Credenciamento da Class Society para inspe\u00e7\u00f5es no casco e subaqu\u00e1ticas (em vez de inspe\u00e7\u00f5es em doca seca).<\/p>\r\n<h1>Entre em contato conosco<\/h1>\r\n<h2>Nossa equipe de especialistas est\u00e1 pronta para ajud\u00e1-lo a come\u00e7ar.<\/h2>\r\n<p>A Oceaneering oferece os melhores produtos e solu\u00e7\u00f5es da categoria, respaldados por qualidade, confiabilidade e suporte global inigual\u00e1veis. Preencha o formul\u00e1rio de consulta para iniciar uma conversa hoje mesmo.<\/p>","protected":false},"excerpt":{"rendered":"<p>Discuta um projeto Inspe\u00e7\u00e3o e integridade de sistemas flutuantes Fornecemos servi\u00e7os de inspe\u00e7\u00e3o e gerenciamento de integridade totalmente gerenciados e baseados em riscos para sistemas flutuantes. Nossas solu\u00e7\u00f5es escalon\u00e1veis fornecem os servi\u00e7os e as tecnologias de que voc\u00ea precisa para operar com seguran\u00e7a e manter a conformidade regulamentar. Mantendo os ativos seguros, confi\u00e1veis e em conformidade Nossa equipe de arquitetos navais e engenheiros estruturais trabalha em colabora\u00e7\u00e3o com ... <a title=\"Inspe\u00e7\u00e3o e integridade de sistemas flutuantes\" class=\"read-more\" href=\"https:\/\/www.oceaneering.com\/pt\/asset-integrity-management\/floating-systems-inspection-and-integrity-services\/\" aria-label=\"Leia mais sobre Inspe\u00e7\u00e3o e integridade de sistemas flutuantes\">Leia mais<\/a><\/p>","protected":false},"author":20,"featured_media":0,"parent":59710,"menu_order":82,"comment_status":"closed","ping_status":"closed","template":"","meta":{"_acf_changed":false,"footnotes":"","_links_to":"","_links_to_target":""},"product_category":[1205,1293],"search_tags":[1800],"class_list":["post-61148","page","type-page","status-publish","product_category-asset-integrity-management","product_category-integrity-management","search_tags-asset-integrity"],"acf":[],"aioseo_notices":[],"_links":{"self":[{"href":"https:\/\/www.oceaneering.com\/pt\/wp-json\/wp\/v2\/pages\/61148","targetHints":{"allow":["GET"]}}],"collection":[{"href":"https:\/\/www.oceaneering.com\/pt\/wp-json\/wp\/v2\/pages"}],"about":[{"href":"https:\/\/www.oceaneering.com\/pt\/wp-json\/wp\/v2\/types\/page"}],"author":[{"embeddable":true,"href":"https:\/\/www.oceaneering.com\/pt\/wp-json\/wp\/v2\/users\/20"}],"replies":[{"embeddable":true,"href":"https:\/\/www.oceaneering.com\/pt\/wp-json\/wp\/v2\/comments?post=61148"}],"version-history":[{"count":1,"href":"https:\/\/www.oceaneering.com\/pt\/wp-json\/wp\/v2\/pages\/61148\/revisions"}],"predecessor-version":[{"id":79233,"href":"https:\/\/www.oceaneering.com\/pt\/wp-json\/wp\/v2\/pages\/61148\/revisions\/79233"}],"up":[{"embeddable":true,"href":"https:\/\/www.oceaneering.com\/pt\/wp-json\/wp\/v2\/pages\/59710"}],"wp:attachment":[{"href":"https:\/\/www.oceaneering.com\/pt\/wp-json\/wp\/v2\/media?parent=61148"}],"wp:term":[{"taxonomy":"product_category","embeddable":true,"href":"https:\/\/www.oceaneering.com\/pt\/wp-json\/wp\/v2\/product_category?post=61148"},{"taxonomy":"search_tags","embeddable":true,"href":"https:\/\/www.oceaneering.com\/pt\/wp-json\/wp\/v2\/search_tags?post=61148"}],"curies":[{"name":"wp","href":"https:\/\/api.w.org\/{rel}","templated":true}]}}