{"id":61144,"date":"2023-11-09T08:49:53","date_gmt":"2023-11-09T13:49:53","guid":{"rendered":"https:\/\/oceaneering.com\/floating-systems-inspection-and-integrity\/"},"modified":"2026-03-10T07:55:26","modified_gmt":"2026-03-10T12:55:26","slug":"special-periodic-surveys-and-uwild","status":"publish","type":"page","link":"https:\/\/www.oceaneering.com\/pt\/asset-integrity-management\/floating-systems-inspection-and-integrity-services\/special-periodic-surveys-and-uwild\/","title":{"rendered":"Pesquisas peri\u00f3dicas especiais e UWILD"},"content":{"rendered":"<p><a href=\"\/pt\/asset-integrity\/#contact\" target=\"_self\"> Discutir um projeto <\/a><\/p>\r\n<h1>Pesquisas peri\u00f3dicas especiais e UWILD<\/h1>\r\n<p>Tratamos as embarca\u00e7\u00f5es como ativos hol\u00edsticos e n\u00e3o categorizamos as inspe\u00e7\u00f5es como simplesmente submarinas ou topside.<\/p>\r\n<p><a href=\"https:\/\/oceaneering.canto.com\/direct\/document\/q5t35beu6h25935e9t54d18t3t\/zhdAADCIv5vn8K5TBwt6QIY5ph4\/original?content-type=application%2Fpdf&amp;name=SSPJ-Underwater-Inspection-in-Lieu-of-Drydocking-%28UWILD%29.pdf\" target=\"_blank\" rel=\"noopener\"> Inspe\u00e7\u00e3o subaqu\u00e1tica em lugar de docagem (UWILD) <\/a><\/p>\r\n<p>Nossos amplos recursos internos nos permitem oferecer a voc\u00ea um escopo completo de trabalho de inspe\u00e7\u00e3o, incluindo inspe\u00e7\u00f5es peri\u00f3dicas especiais (SPSs) e inspe\u00e7\u00e3o subaqu\u00e1tica em vez de docagem a seco (UWILD).<\/p>\r\n<h2>Capitalizando a oportunidade<\/h2>\r\n<p>Nossos ROVs de perfura\u00e7\u00e3o pr\u00e9-mobilizados permitem flexibilidade e conclus\u00e3o das inspe\u00e7\u00f5es durante as janelas clim\u00e1ticas ideais.<\/p>\r\n<p><a href=\"https:\/\/oceaneering.canto.com\/direct\/video\/6pobv1esml6bn3hrpl1b31b950\/Z9VydKQLWJXX1eHiaw-yI-s3jjU\/original?content-type=video%2Fmp4&amp;name=UWILD+_+Oceaneering.mp4\" data-fancybox=\"video-carousel-\"> <img decoding=\"async\" src=\"https:\/\/oceaneering.com\/wp-content\/uploads\/2023\/12\/UWILD-1.jpg\" alt=\"\" \/> Reproduzir v\u00eddeo <\/a> <a href=\"https:\/\/oceaneering.canto.com\/direct\/video\/rm58bk2ee54m78dgdgelrlg24i\/2-X2xwvtdHceUSkUZuqETh7apFE\/original?content-type=video%2Fmp4&amp;name=UWILD+-+ROV+Inspection.mp4\" data-fancybox=\"video-carousel-\"> <img decoding=\"async\" src=\"https:\/\/oceaneering.com\/wp-content\/uploads\/2023\/12\/UWILD-ROV-inspection-1.jpg\" alt=\"\" \/> Reproduzir v\u00eddeo <\/a> <button> Anterior <\/button> <button> Pr\u00f3ximo <\/button><\/p>\r\n<h2>Da torre de perfura\u00e7\u00e3o ao fundo do mar<\/h2>\r\n<p>N\u00f3s o ajudamos. Avaliamos a infraestrutura e os equipamentos cr\u00edticos usando t\u00e9cnicas e m\u00e9todos de <a href=\"https:\/\/www.oceaneering.com\/pt\/asset-integrity\/in-service-inspection\/ensuring-access\/\">acesso por corda<\/a> e testes n\u00e3o destrutivos (NDT) para UWILD baseado em ROVs e esteiras.<\/p>\r\n<p>Seja trabalhando em topside ou subsea, criamos e executamos planos de inspe\u00e7\u00e3o especificamente programados para ajudar os clientes a reduzir ou eliminar o dispendioso tempo fora de opera\u00e7\u00e3o.<\/p>\r\n<h2>Recursos de inspe\u00e7\u00e3o remota<\/h2>\r\n<p>Oferecemos flexibilidade inigual\u00e1vel com nossa capacidade e experi\u00eancia na realiza\u00e7\u00e3o de inspe\u00e7\u00f5es usando nossa tecnologia de pilotagem remota e controle automatizado (RPACT). Esse m\u00e9todo revolucion\u00e1rio de controle de ROV oferece amplos benef\u00edcios e permite que um inspetor de classe use nossas redes de dados existentes para concluir o UWILD de um local remoto.<\/p>\r\n<p><img decoding=\"async\" title=\"Industry-Leading-icon-150x150\" src=\"https:\/\/oceaneering.com\/wp-content\/uploads\/2023\/11\/Industry-Leading-icon-150x150-1.png\" alt=\"Industry-Leading-icon-150x150\" \/><\/p>\r\n<h6>Redu\u00e7\u00e3o de custos<\/h6>\r\n<p><img decoding=\"async\" title=\"Fast-Track-icon-150x150\" src=\"https:\/\/oceaneering.com\/wp-content\/uploads\/2023\/11\/Fast-Track-icon-150x150-2.png\" alt=\"Fast-Track-icon-150x150\" \/><\/p>\r\n<h6>Entrega de dados em tempo real<\/h6>\r\n<p><img decoding=\"async\" title=\"Offshore-Projects-icon-150x150\" src=\"https:\/\/oceaneering.com\/wp-content\/uploads\/2023\/11\/Offshore-Projects-icon-150x150-1.png\" alt=\"Offshore-Projects-icon-150x150\" \/><\/p>\r\n<h6>Menos pessoal e menos equipamentos mobilizados<\/h6>\r\n<p><img decoding=\"async\" title=\"Vessel-Fleet-icon-150x150\" src=\"https:\/\/oceaneering.com\/wp-content\/uploads\/2023\/11\/Vessel-Fleet-icon-150x150-1.png\" alt=\"Vessel-Fleet-icon-150x150\" \/><\/p>\r\n<h6>Implementa\u00e7\u00e3o r\u00e1pida para capitalizar as condi\u00e7\u00f5es favor\u00e1veis de inspe\u00e7\u00e3o<\/h6>\r\n<h3>Comprovado em campo. L\u00edder do setor.<\/h3>\r\n<p>Leia nossos estudos de caso que apresentam projetos SPS e UWILD.<\/p>\r\n<p><a href=\"https:\/\/www.oceaneering.com\/pt\/resources\/?_content_types=case-study\" target=\"_self\"> Ver todos os estudos de caso <\/a> <button> Anterior <\/button> <button> Pr\u00f3ximo <\/button> <a href=\"https:\/\/www.oceaneering.com\/pt\/case-studies\/special-periodic-survey-team-delivers-optimized-solution-for-client-in-us-gulf\/\"> <img decoding=\"async\" src=\"https:\/\/www.oceaneering.com\/wp-content\/uploads\/2025\/05\/Freedom-underwater.jpg\" alt=\"\" \/><\/a><\/p>\r\n<h3>Private: Special Periodic Survey Team Delivers Optimized Solution for Client in US Gulf<\/h3>\r\n<h3>Private: Special Periodic Survey Team Delivers Optimized Solution for Client in US Gulf<\/h3>\r\n<p>In Q3 2023, Oceaneering was challenged to provide special periodic survey (SPS) services to a leading drilling&#8230;<\/p>\r\n<p><a href=\"https:\/\/www.oceaneering.com\/pt\/case-studies\/special-periodic-survey-team-delivers-optimized-solution-for-client-in-us-gulf\/\">Saiba mais <\/a> <a href=\"https:\/\/www.oceaneering.com\/pt\/case-studies\/emergency-dock-assessment-uses-sonar-mapping-to-confirm-damage\/\"> <img decoding=\"async\" src=\"https:\/\/www.oceaneering.com\/wp-content\/uploads\/2024\/11\/Sonar-Dock-Assessment.png\" alt=\"\" \/><\/a><\/p>\r\n<h3>Avalia\u00e7\u00e3o de emerg\u00eancia em docas usa mapeamento por sonar para confirmar danos<\/h3>\r\n<h3>Avalia\u00e7\u00e3o de emerg\u00eancia em docas usa mapeamento por sonar para confirmar danos<\/h3>\r\n<p>In late 2022, a client we had worked with, primarily on projects related to life extension and&#8230;<\/p>\r\n<p><a href=\"https:\/\/www.oceaneering.com\/pt\/case-studies\/emergency-dock-assessment-uses-sonar-mapping-to-confirm-damage\/\">Saiba mais <\/a> <a href=\"https:\/\/www.oceaneering.com\/pt\/case-studies\/optimized-fspo-ballast-tank-inspection-scope-eliminates-confined-space-entry\/\"> <img decoding=\"async\" src=\"https:\/\/www.oceaneering.com\/wp-content\/uploads\/2024\/11\/Ballast-Tank-2-edited.jpg\" alt=\"\" \/><\/a><\/p>\r\n<h3>O escopo otimizado de inspe\u00e7\u00e3o de tanques de lastro de FSPO elimina a entrada em espa\u00e7os confinados<\/h3>\r\n<h3>O escopo otimizado de inspe\u00e7\u00e3o de tanques de lastro de FSPO elimina a entrada em espa\u00e7os confinados<\/h3>\r\n<p>In October 2023, Oceaneering completed a 13-day inspection scope on three dual-compartment L-shaped ballast tanks on a&#8230;<\/p>\r\n<p><a href=\"https:\/\/www.oceaneering.com\/pt\/case-studies\/optimized-fspo-ballast-tank-inspection-scope-eliminates-confined-space-entry\/\">Saiba mais <\/a> <a href=\"https:\/\/www.oceaneering.com\/pt\/case-studies\/oceaneering-successfully-conducts-remote-uwild-operations-around-the-globe\/\"> <img decoding=\"async\" src=\"https:\/\/www.oceaneering.com\/wp-content\/uploads\/2023\/11\/211028_Remote-UWILD-Case-Study_01-1.jpeg\" alt=\"\" \/><\/a><\/p>\r\n<h3>Opera\u00e7\u00f5es UWILD remotas bem-sucedidas em todo o mundo<\/h3>\r\n<h3>Opera\u00e7\u00f5es UWILD remotas bem-sucedidas em todo o mundo<\/h3>\r\n<p>Over the past five years, Oceaneering has changed the way it offers Underwater Inspections In Lieu of&#8230;<\/p>\r\n<p><a href=\"https:\/\/www.oceaneering.com\/pt\/case-studies\/oceaneering-successfully-conducts-remote-uwild-operations-around-the-globe\/\">Saiba mais <\/a> <a href=\"https:\/\/www.oceaneering.com\/pt\/case-studies\/floating-unit-inspections-by-mini-rov-increasing-capability\/\"> <img decoding=\"async\" src=\"https:\/\/www.oceaneering.com\/wp-content\/uploads\/2017\/06\/floating-unit-inspection.jpg\" alt=\"\" \/><\/a><\/p>\r\n<h3>Inspe\u00e7\u00f5es de unidades flutuantes por mini-ROV aumentando a capacidade<\/h3>\r\n<h3>Inspe\u00e7\u00f5es de unidades flutuantes por mini-ROV aumentando a capacidade<\/h3>\r\n<p><a href=\"https:\/\/www.oceaneering.com\/pt\/case-studies\/floating-unit-inspections-by-mini-rov-increasing-capability\/\">Saiba mais <\/a><\/p>\r\n<h1>Entre em contato conosco<\/h1>\r\n<h2>Nossa equipe de especialistas est\u00e1 pronta para ajud\u00e1-lo a come\u00e7ar.<\/h2>\r\n<p>A Oceaneering oferece os melhores produtos e solu\u00e7\u00f5es da categoria, respaldados por qualidade, confiabilidade e suporte global inigual\u00e1veis. Preencha o formul\u00e1rio de consulta para iniciar uma conversa hoje mesmo.<\/p>","protected":false},"excerpt":{"rendered":"<p>Discuta um projeto Pesquisas peri\u00f3dicas especiais e UWILD Tratamos as embarca\u00e7\u00f5es como ativos hol\u00edsticos e n\u00e3o categorizamos as inspe\u00e7\u00f5es como simplesmente submarinas ou de superf\u00edcie. Inspe\u00e7\u00e3o subaqu\u00e1tica em lugar de docagem (UWILD) Nossos amplos recursos internos nos permitem oferecer a voc\u00ea um escopo completo de trabalho de inspe\u00e7\u00e3o, incluindo inspe\u00e7\u00f5es peri\u00f3dicas especiais (SPSs) e inspe\u00e7\u00e3o subaqu\u00e1tica ... <a title=\"Pesquisas peri\u00f3dicas especiais e UWILD\" class=\"read-more\" href=\"https:\/\/www.oceaneering.com\/pt\/asset-integrity-management\/floating-systems-inspection-and-integrity-services\/special-periodic-surveys-and-uwild\/\" aria-label=\"Leia mais sobre Pesquisas Peri\u00f3dicas Especiais e UWILD\">Leia mais<\/a><\/p>","protected":false},"author":20,"featured_media":0,"parent":61148,"menu_order":80,"comment_status":"closed","ping_status":"closed","template":"","meta":{"_acf_changed":false,"footnotes":"","_links_to":"","_links_to_target":""},"product_category":[1205,1293,1721],"search_tags":[1800],"class_list":["post-61144","page","type-page","status-publish","product_category-asset-integrity-management","product_category-integrity-management","product_category-uwild","search_tags-asset-integrity"],"acf":[],"aioseo_notices":[],"_links":{"self":[{"href":"https:\/\/www.oceaneering.com\/pt\/wp-json\/wp\/v2\/pages\/61144","targetHints":{"allow":["GET"]}}],"collection":[{"href":"https:\/\/www.oceaneering.com\/pt\/wp-json\/wp\/v2\/pages"}],"about":[{"href":"https:\/\/www.oceaneering.com\/pt\/wp-json\/wp\/v2\/types\/page"}],"author":[{"embeddable":true,"href":"https:\/\/www.oceaneering.com\/pt\/wp-json\/wp\/v2\/users\/20"}],"replies":[{"embeddable":true,"href":"https:\/\/www.oceaneering.com\/pt\/wp-json\/wp\/v2\/comments?post=61144"}],"version-history":[{"count":3,"href":"https:\/\/www.oceaneering.com\/pt\/wp-json\/wp\/v2\/pages\/61144\/revisions"}],"predecessor-version":[{"id":79257,"href":"https:\/\/www.oceaneering.com\/pt\/wp-json\/wp\/v2\/pages\/61144\/revisions\/79257"}],"up":[{"embeddable":true,"href":"https:\/\/www.oceaneering.com\/pt\/wp-json\/wp\/v2\/pages\/61148"}],"wp:attachment":[{"href":"https:\/\/www.oceaneering.com\/pt\/wp-json\/wp\/v2\/media?parent=61144"}],"wp:term":[{"taxonomy":"product_category","embeddable":true,"href":"https:\/\/www.oceaneering.com\/pt\/wp-json\/wp\/v2\/product_category?post=61144"},{"taxonomy":"search_tags","embeddable":true,"href":"https:\/\/www.oceaneering.com\/pt\/wp-json\/wp\/v2\/search_tags?post=61144"}],"curies":[{"name":"wp","href":"https:\/\/api.w.org\/{rel}","templated":true}]}}