{"id":61139,"date":"2023-11-09T08:48:09","date_gmt":"2023-11-09T13:48:09","guid":{"rendered":"https:\/\/oceaneering.com\/asset-integrity\/in-service-inspection\/subsea-inspection\/"},"modified":"2025-10-23T10:07:02","modified_gmt":"2025-10-23T15:07:02","slug":"subsea-inspection","status":"publish","type":"page","link":"https:\/\/www.oceaneering.com\/pt\/asset-integrity-management\/inspection\/subsea-inspection\/","title":{"rendered":"Inspe\u00e7\u00e3o submarina"},"content":{"rendered":"<p><a href=\"\/pt\/asset-integrity\/#contact\" target=\"_self\" rel=\"noopener\"> Discutir um projeto <\/a><\/p>\r\n<h1>Inspe\u00e7\u00e3o submarina<\/h1>\r\n<p>Oferecemos uma abordagem integrada para fornecer solu\u00e7\u00f5es econ\u00f4micas e otimizadas de inspe\u00e7\u00e3o submarina.<\/p>\r\n<h2>Mantendo a infraestrutura submarina segura, operacional e em conformidade com a legisla\u00e7\u00e3o<\/h2>\r\n<p>Continuamos na vanguarda da mariniza\u00e7\u00e3o de m\u00e9todos e processos de testes n\u00e3o destrutivos.<\/p>\r\n<ul>\r\n<li>Presen\u00e7a global apoiada por t\u00e9cnicos altamente experientes e com treinamento cruzado<\/li>\r\n<li>Experi\u00eancia e familiaridade com diversos requisitos regulat\u00f3rios<\/li>\r\n<li>Solu\u00e7\u00f5es abrangentes reduzem o gerenciamento de fornecedores e o risco geral do projeto<\/li>\r\n<li>T\u00e9cnicas econ\u00f4micas de inspe\u00e7\u00e3o implant\u00e1veis por ROVs e mergulhadores<\/li>\r\n<li>Ampla experi\u00eancia com risers flex\u00edveis, cassetes e equipamentos submarinos<\/li>\r\n<\/ul>\r\n<p>Da zona de respingos \u00e0s \u00e1guas ultraprofundas<\/p>\r\n<h2>Tecnologias de inspe\u00e7\u00e3o<\/h2>\r\n<p>Nossa linha de m\u00e9todos avan\u00e7ados de testes n\u00e3o destrutivos fornece dados sobre equipamentos desde a zona de respingo at\u00e9 locais em \u00e1guas ultraprofundas. Equipado com essas informa\u00e7\u00f5es, voc\u00ea pode tomar decis\u00f5es informadas sobre a adequa\u00e7\u00e3o de um ativo para manuten\u00e7\u00e3o e identificar a interven\u00e7\u00e3o necess\u00e1ria.<\/p>\r\n<p>Nosso portf\u00f3lio de tecnologias atende aos requisitos de inspe\u00e7\u00e3o para implanta\u00e7\u00f5es internas e externas encarregadas de identificar problemas comuns de integridade.<\/p>\r\n<h2>Solu\u00e7\u00f5es para problemas comuns de integridade<\/h2>\r\n<p><img decoding=\"async\" title=\"Lente de aumento pequena\" src=\"https:\/\/oceaneering.com\/wp-content\/uploads\/2023\/11\/Magnifing-glass-small.png\" alt=\"Magnifing-glass-small\" \/><\/p>\r\n<h3>Corros\u00e3o externa e interna<\/h3>\r\n<p><img decoding=\"async\" title=\"Amassados - pequenos\" src=\"https:\/\/oceaneering.com\/wp-content\/uploads\/2023\/11\/Dents-small.png\" alt=\"Dents-small\" \/><\/p>\r\n<h3>Amassados<\/h3>\r\n<p><img decoding=\"async\" title=\"Spray de revestimento e forro contra danos - pequeno\" src=\"https:\/\/oceaneering.com\/wp-content\/uploads\/2023\/11\/Coating-and-liner-damage-spray-small.png\" alt=\"Coating-and-liner-damage-spray-small\" \/><\/p>\r\n<h3>Danos ao revestimento e ao liner<\/h3>\r\n<p><img decoding=\"async\" title=\"Rachaduras - pequenas\" src=\"https:\/\/oceaneering.com\/wp-content\/uploads\/2023\/11\/Cracks-small.png\" alt=\"Cracks-small\" \/><\/p>\r\n<h3>Rachaduras e defeitos de solda<\/h3>\r\n<p><img decoding=\"async\" title=\"Gota d&#039;\u00e1gua pequena\" src=\"https:\/\/oceaneering.com\/wp-content\/uploads\/2023\/11\/Water-drop-small.png\" alt=\"Water-drop-small\" \/><\/p>\r\n<h3>Anel inundado em tubula\u00e7\u00e3o flex\u00edvel<\/h3>\r\n<p><img decoding=\"async\" title=\"Porco preso e bloqueios pequenos\" src=\"https:\/\/oceaneering.com\/wp-content\/uploads\/2023\/11\/Stuck-pig-and-blockages-small.png\" alt=\"Stuck-pig-and-blockages-small\" \/><\/p>\r\n<h3>Bloqueios e porcos presos<\/h3>\r\n<h2>Tecnologias implantadas externamente<\/h2>\r\n<p><img decoding=\"async\" title=\"Neptune-v\u00eddeo2\" src=\"https:\/\/oceaneering.com\/wp-content\/uploads\/2023\/12\/Neptune-video2.jpg\" alt=\"\" \/> Reproduzir v\u00eddeo<\/p>\r\n<h3>Netuno<\/h3>\r\n<p>Detecta corros\u00e3o externa e interna, amassados, danos ao revestimento e ao liner, rachaduras e defeitos de solda, anel inundado em tubula\u00e7\u00f5es flex\u00edveis.<\/p>\r\n<p><img decoding=\"async\" title=\"7\" src=\"https:\/\/oceaneering.com\/wp-content\/uploads\/2023\/11\/7.jpg\" alt=\"7\" \/><\/p>\r\n<h3>Radiografia digital<\/h3>\r\n<p>Detecta corros\u00e3o externa e interna, bloqueios e porcos presos.<\/p>\r\n<p><img decoding=\"async\" title=\"10\" src=\"https:\/\/oceaneering.com\/wp-content\/uploads\/2023\/11\/10.jpg\" alt=\"10\" \/><\/p>\r\n<h3>Tridente<\/h3>\r\n<p>Detecta corros\u00e3o externa e interna, amassados, danos ao revestimento e ao liner, rachaduras e defeitos de solda, anel inundado em tubula\u00e7\u00f5es flex\u00edveis.<\/p>\r\n<h1>Entre em contato conosco<\/h1>\r\n<h2>Nossa equipe de especialistas est\u00e1 pronta para ajud\u00e1-lo a come\u00e7ar.<\/h2>\r\n<p>A Oceaneering oferece os melhores produtos e solu\u00e7\u00f5es da categoria, respaldados por qualidade, confiabilidade e suporte global inigual\u00e1veis. Preencha o formul\u00e1rio de consulta para iniciar uma conversa hoje mesmo.<\/p>","protected":false},"excerpt":{"rendered":"<p>Discuta um projeto Inspe\u00e7\u00e3o submarina Oferecemos uma abordagem integrada para fornecer solu\u00e7\u00f5es econ\u00f4micas e otimizadas de inspe\u00e7\u00e3o submarina. Mantendo a infraestrutura submarina segura, operacional e em conformidade com a legisla\u00e7\u00e3o Continuamos na vanguarda da mariniza\u00e7\u00e3o de m\u00e9todos e processos de testes n\u00e3o destrutivos. Presen\u00e7a global apoiada por t\u00e9cnicos altamente experientes e com treinamento cruzado Experi\u00eancia e familiaridade com requisitos regulat\u00f3rios variados Solu\u00e7\u00f5es abrangentes reduzem ... <a title=\"Inspe\u00e7\u00e3o submarina\" class=\"read-more\" href=\"https:\/\/www.oceaneering.com\/pt\/asset-integrity-management\/inspection\/subsea-inspection\/\" aria-label=\"Leia mais sobre Inspe\u00e7\u00e3o Submarina\">Leia mais<\/a><\/p>","protected":false},"author":20,"featured_media":0,"parent":59820,"menu_order":77,"comment_status":"closed","ping_status":"closed","template":"","meta":{"_acf_changed":false,"footnotes":"","_links_to":"","_links_to_target":""},"product_category":[1205,1206],"search_tags":[1800,1367],"class_list":["post-61139","page","type-page","status-publish","product_category-asset-integrity-management","product_category-in-service-inspection","search_tags-asset-integrity","search_tags-inspection"],"acf":[],"aioseo_notices":[],"_links":{"self":[{"href":"https:\/\/www.oceaneering.com\/pt\/wp-json\/wp\/v2\/pages\/61139","targetHints":{"allow":["GET"]}}],"collection":[{"href":"https:\/\/www.oceaneering.com\/pt\/wp-json\/wp\/v2\/pages"}],"about":[{"href":"https:\/\/www.oceaneering.com\/pt\/wp-json\/wp\/v2\/types\/page"}],"author":[{"embeddable":true,"href":"https:\/\/www.oceaneering.com\/pt\/wp-json\/wp\/v2\/users\/20"}],"replies":[{"embeddable":true,"href":"https:\/\/www.oceaneering.com\/pt\/wp-json\/wp\/v2\/comments?post=61139"}],"version-history":[{"count":2,"href":"https:\/\/www.oceaneering.com\/pt\/wp-json\/wp\/v2\/pages\/61139\/revisions"}],"predecessor-version":[{"id":79311,"href":"https:\/\/www.oceaneering.com\/pt\/wp-json\/wp\/v2\/pages\/61139\/revisions\/79311"}],"up":[{"embeddable":true,"href":"https:\/\/www.oceaneering.com\/pt\/wp-json\/wp\/v2\/pages\/59820"}],"wp:attachment":[{"href":"https:\/\/www.oceaneering.com\/pt\/wp-json\/wp\/v2\/media?parent=61139"}],"wp:term":[{"taxonomy":"product_category","embeddable":true,"href":"https:\/\/www.oceaneering.com\/pt\/wp-json\/wp\/v2\/product_category?post=61139"},{"taxonomy":"search_tags","embeddable":true,"href":"https:\/\/www.oceaneering.com\/pt\/wp-json\/wp\/v2\/search_tags?post=61139"}],"curies":[{"name":"wp","href":"https:\/\/api.w.org\/{rel}","templated":true}]}}