{"id":61138,"date":"2023-11-09T08:48:09","date_gmt":"2023-11-09T13:48:09","guid":{"rendered":"https:\/\/oceaneering.com\/asset-integrity\/in-service-inspection\/ensuring-access\/"},"modified":"2025-10-23T10:12:05","modified_gmt":"2025-10-23T15:12:05","slug":"ensuring-access","status":"publish","type":"page","link":"https:\/\/www.oceaneering.com\/pt\/asset-integrity-management\/inspection\/ensuring-access\/","title":{"rendered":"Garantia de acesso"},"content":{"rendered":"<h1>Garantia de acesso<\/h1>\r\n<p>Do acesso por corda aos sistemas aut\u00f4nomos, nossa capacidade de fornecer acesso proporciona a flexibilidade e a efici\u00eancia de que voc\u00ea precisa para atender aos seus requisitos de inspe\u00e7\u00e3o. Coletamos dados de forma segura e oportuna para garantir que voc\u00ea possa tomar decis\u00f5es informadas sobre a integridade dos seus ativos, independentemente da localiza\u00e7\u00e3o.<\/p>\r\n<h2>Acesso por corda<\/h2>\r\n<p>Nossos recursos de acesso por corda implantados globalmente oferecem a m\u00e1xima flexibilidade em solu\u00e7\u00f5es de inspe\u00e7\u00e3o. Os t\u00e9cnicos de acesso por corda com treinamento cruzado oferecem uma solu\u00e7\u00e3o completa para os requisitos de inspe\u00e7\u00e3o e interven\u00e7\u00e3o.<\/p>\r\n<p>O acesso por corda \u00e9 uma solu\u00e7\u00e3o confi\u00e1vel e econ\u00f4mica.<\/p>\r\n<ul>\r\n<li>Permite a inspe\u00e7\u00e3o eficiente de \u00e1reas de dif\u00edcil acesso<\/li>\r\n<li>Oferece suporte \u00e0 mobiliza\u00e7\u00e3o eficiente e minimiza os riscos<\/li>\r\n<li>Elimina a necessidade de andaimes ou plataformas, reduzindo os requisitos de gerenciamento de fornecedores e equipamentos no local<\/li>\r\n<\/ul>\r\n<p>Somos membros da Trainer Operator da Industrial Rope Access Trade Association (IRATA) e membros corporativos da Society of Professional Rope Access Technicians (SPRAT).<\/p>\r\n<p><a href=\"https:\/\/oceaneering.canto.com\/download\/document\/kshii065k534t7l353c1e37r46\/original.pdf\" target=\"_blank\" rel=\"noopener\"> Folha de dados de acesso por corda <\/a><\/p>\r\n<h2>Sistemas de aeronaves n\u00e3o tripuladas (UAS)<\/h2>\r\n<p>O uso de um UAS oferece um m\u00e9todo econ\u00f4mico de coleta de dados necess\u00e1rios para tomar decis\u00f5es informadas. Nossa experi\u00eancia e abordagem comercialmente agn\u00f3stica em rela\u00e7\u00e3o ao UAS permite o fornecimento de uma solu\u00e7\u00e3o personalizada e segura.<\/p>\r\n<p>Desde a aprova\u00e7\u00e3o do fornecedor at\u00e9 o gerenciamento de dados, oferecemos solu\u00e7\u00f5es econ\u00f4micas e tecnologicamente avan\u00e7adas de UAS e, ao mesmo tempo, oferecemos supervis\u00e3o e garantia de avia\u00e7\u00e3o para todas as opera\u00e7\u00f5es de UAS.<\/p>\r\n<p><strong>Por que a Oceaneering?<\/strong><\/p>\r\n<ul>\r\n<li>Usamos tecnologia comprovada em campo e l\u00edder do setor.<\/li>\r\n<li>N\u00f3s o ajudamos a reduzir os riscos, eliminando o elemento humano na conclus\u00e3o das opera\u00e7\u00f5es de inspe\u00e7\u00e3o.<\/li>\r\n<li>Gerenciamos as complexidades da pesada supervis\u00e3o de garantia da avia\u00e7\u00e3o global.<\/li>\r\n<li>O UAS complementa nossa oferta de acesso por corda com identifica\u00e7\u00e3o e avalia\u00e7\u00e3o eficientes e seguras de anomalias.<\/li>\r\n<li>A t\u00e9cnica permite a inspe\u00e7\u00e3o on-line de ativos - incluindo aqueles que tradicionalmente exigem o desligamento antes da interven\u00e7\u00e3o.<\/li>\r\n<li>Oferecemos solu\u00e7\u00f5es para o gerenciamento completo de dados.<\/li>\r\n<li>Nossos operadores aprovados fornecem as tecnologias mais avan\u00e7adas do setor e adequadas ao projeto.<\/li>\r\n<li>Podemos oferecer economia de custos por meio de descontos por volume com base em nossos relacionamentos estabelecidos com os fornecedores.<\/li>\r\n<\/ul>\r\n<p><img decoding=\"async\" title=\"website-thumbnail-201912\" src=\"https:\/\/oceaneering.com\/wp-content\/uploads\/2023\/11\/website-thumbnail-201912-scaled.jpg\" alt=\"\" \/> Reproduzir v\u00eddeo<\/p>\r\n<h2>Ve\u00edculos subaqu\u00e1ticos aut\u00f4nomos (AUVs)<\/h2>\r\n<p>Economize tempo e custos associados \u00e0 inspe\u00e7\u00e3o e ao levantamento topogr\u00e1fico<\/p>\r\n<p>Com quase duas d\u00e9cadas de experi\u00eancia, nossos AUVs j\u00e1 pesquisaram mais de 401.000 km de dados para mais de 75 clientes em 14 pa\u00edses.<\/p>\r\n<p>Nossos AUVs s\u00e3o implantados submarinos para coletar dados de inspe\u00e7\u00e3o e pesquisa. Eles n\u00e3o apenas ajudam a cumprir os requisitos regulat\u00f3rios, mas tamb\u00e9m permitem que voc\u00ea tome decis\u00f5es de engenharia informadas sobre seus ativos.<\/p>\r\n<p>Os AUVs fornecem dados de alta qualidade e em tempo real que podem ser revisados imediatamente para garantir que as informa\u00e7\u00f5es necess\u00e1rias tenham sido capturadas.<\/p>\r\n<ul>\r\n<li>O design do AUV amarrado oferece controle aprimorado em compara\u00e7\u00e3o com os m\u00e9todos tradicionais de reboque profundo<\/li>\r\n<li>Os sensores montados em AUVs pr\u00f3ximos ao fundo do mar oferecem melhor resolu\u00e7\u00e3o e melhores dados, resultando em menos requisitos de reinspe\u00e7\u00e3o e agilidade na tomada de decis\u00f5es<\/li>\r\n<li>An\u00e1lise de dados no software propriet\u00e1rio IntegReview\u2122 - uma solu\u00e7\u00e3o sob medida que exibe informa\u00e7\u00f5es em uma interface gr\u00e1fica de usu\u00e1rio configurada pelo usu\u00e1rio.<\/li>\r\n<li>O m\u00e9todo de inspe\u00e7\u00e3o reduz os custos da embarca\u00e7\u00e3o<\/li>\r\n<li>Flexibilidade superior de miss\u00e3o, permitindo reinspe\u00e7\u00e3o de linha, revers\u00e3o, revis\u00f5es e modifica\u00e7\u00f5es de rota em um ambiente real<\/li>\r\n<\/ul>\r\n<h2>ROVs em miniatura<\/h2>\r\n<p>A necessidade de mobilizar pessoal em \u00e1reas desafiadoras e perigosas (em embarca\u00e7\u00f5es, cascos ou tanques de armazenamento) n\u00e3o precisa mais ditar seus programas de inspe\u00e7\u00e3o.<\/p>\r\n<p>Os ROVs em miniatura reduzem efetivamente o risco e o custo usando tecnologia comprovada para coletar dados sobre a condi\u00e7\u00e3o do equipamento. Utilizamos com sucesso ROVs de pequeno porte para realizar inspe\u00e7\u00f5es visuais e ultrass\u00f4nicas e identificamos seu uso como a abordagem preferencial para requisitos de integridade de sistemas flutuantes e plantas de processo.<\/p>\r\n<p>Entre em contato conosco<\/p>\r\n<h3>Nossa equipe de especialistas est\u00e1 pronta para ajud\u00e1-lo a come\u00e7ar.<\/h3>\r\n<p>A Oceaneering oferece os melhores produtos e solu\u00e7\u00f5es da categoria, respaldados por qualidade, confiabilidade e suporte global inigual\u00e1veis. Preencha o formul\u00e1rio de consulta para iniciar uma conversa hoje mesmo.<\/p>\r\n<p>\"*\" indica campos obrigat\u00f3rios<\/p>\r\n<form id=\"gform_4\" action=\"\/pt\/?page_id=61138&#038;fl_builder#gf_4\" enctype=\"multipart\/form-data\" method=\"post\" target=\"gform_ajax_frame_4\" data-formid=\"4\" data-trp-original-action=\"\/?page_id=61138&amp;fl_builder#gf_4\"><fieldset id=\"field_4_1\" data-js-reload=\"field_4_1\"><legend class=\"gfield_label gform-field-label gfield_label_before_complex\">Nome*<\/legend> <input id=\"input_4_1_3\" tabindex=\"201\" name=\"input_1.3\" type=\"text\" value=\"\" aria-required=\"true\" \/> <label class=\"gform-field-label gform-field-label--type-sub\" for=\"input_4_1_3\">Primeiro<\/label> <input id=\"input_4_1_6\" tabindex=\"203\" name=\"input_1.6\" type=\"text\" value=\"\" aria-required=\"true\" \/> <label class=\"gform-field-label gform-field-label--type-sub\" for=\"input_4_1_6\">\u00daltimo<\/label><\/fieldset><label class=\"gfield_label gform-field-label\" for=\"input_4_4\">Telefone*<\/label><input id=\"input_4_4\" class=\"large\" tabindex=\"205\" name=\"input_4\" type=\"text\" value=\"\" aria-required=\"true\" aria-invalid=\"false\" \/><label class=\"gfield_label gform-field-label\" for=\"input_4_3\">E-mail*<\/label> <input id=\"input_4_3\" class=\"large\" tabindex=\"206\" name=\"input_3\" type=\"text\" value=\"\" aria-required=\"true\" aria-invalid=\"false\" \/> <label class=\"gfield_label gform-field-label\" for=\"input_4_5\">Outro<\/label><select id=\"input_4_5\" class=\"large gfield_select\" tabindex=\"207\" name=\"input_5\" aria-invalid=\"false\">\r\n<option class=\"gf_placeholder\" selected=\"selected\" value=\"\">Selecione uma<\/option>\r\n<option value=\"First Choice\">Primeira escolha<\/option>\r\n<option value=\"Second Choice\">Segunda op\u00e7\u00e3o<\/option>\r\n<option value=\"Third Choice\">Terceira op\u00e7\u00e3o<\/option>\r\n<\/select><label class=\"gfield_label gform-field-label\" for=\"input_4_6\">Outro<\/label><select id=\"input_4_6\" class=\"large gfield_select\" tabindex=\"208\" name=\"input_6\" aria-invalid=\"false\">\r\n<option class=\"gf_placeholder\" selected=\"selected\" value=\"\">Selecione uma<\/option>\r\n<option value=\"First Choice\">Primeira escolha<\/option>\r\n<option value=\"Second Choice\">Segunda op\u00e7\u00e3o<\/option>\r\n<option value=\"Third Choice\">Terceira op\u00e7\u00e3o<\/option>\r\n<\/select><label class=\"gfield_label gform-field-label\" for=\"input_4_7\">Outro<\/label><input id=\"input_4_7\" class=\"large\" tabindex=\"209\" name=\"input_7\" type=\"text\" value=\"\" aria-invalid=\"false\" \/> <label class=\"gfield_label gform-field-label\" for=\"input_4_8\">Outro<\/label><input id=\"input_4_8\" class=\"large\" tabindex=\"210\" name=\"input_8\" type=\"text\" value=\"\" aria-invalid=\"false\" \/>\r\n<p>Lorem ipsum dolor sit amet, consetetur sadipscing elitr, sed diam nonumy eirmod tempor invidunt ut labore et dolore magna aliquyam erat voluptua.<\/p>\r\n<input id=\"gform_submit_button_4\" class=\"gform_button button\" tabindex=\"211\" type=\"submit\" value=\"Solicite uma cota\u00e7\u00e3o\" \/> <input name=\"gform_ajax\" type=\"hidden\" value=\"form_id=4&amp;title=&amp;description=&amp;tabindex=200\" \/> <input class=\"gform_hidden\" name=\"is_submit_4\" type=\"hidden\" value=\"1\" \/> <input class=\"gform_hidden\" name=\"gform_submit\" type=\"hidden\" value=\"4\" \/> <input class=\"gform_hidden\" name=\"gform_unique_id\" type=\"hidden\" value=\"\" \/> <input class=\"gform_hidden\" name=\"state_4\" type=\"hidden\" value=\"WyJ7XCI1XCI6W1wiZGYzN2E2ZTliYzJkYTVlMjU5ZDBmNDMwMTdlYjVhMGVcIixcImZhNGEwM2ZkMGU0YmYxOGMzYzM3NDhmYWZmMGIzYmJkXCIsXCIxMTAzYTVhMmJlZjQ3NWI5MjRhMmZmYTMyYTNhNzM1N1wiXSxcIjZcIjpbXCJkZjM3YTZlOWJjMmRhNWUyNTlkMGY0MzAxN2ViNWEwZVwiLFwiZmE0YTAzZmQwZTRiZjE4YzNjMzc0OGZhZmYwYjNiYmRcIixcIjExMDNhNWEyYmVmNDc1YjkyNGEyZmZhMzJhM2E3MzU3XCJdfSIsImExMTE4N2U4YmFkMGY5NmE2ZTIxYTQxYTMyMDZjM2E4Il0=\" \/> <input id=\"gform_target_page_number_4\" class=\"gform_hidden\" name=\"gform_target_page_number_4\" type=\"hidden\" value=\"0\" \/> <input id=\"gform_source_page_number_4\" class=\"gform_hidden\" name=\"gform_source_page_number_4\" type=\"hidden\" value=\"1\" \/> <input name=\"gform_field_values\" type=\"hidden\" value=\"\" \/>\r\n<p><label>\u0394<textarea cols=\"45\" maxlength=\"100\" name=\"ak_hp_textarea\" rows=\"8\"><\/textarea><\/label><input id=\"ak_js_1\" name=\"ak_js\" type=\"hidden\" value=\"234\" \/><\/p>\r\n<input type=\"hidden\" name=\"trp-form-language\" value=\"pt\"\/><\/form>\r\n<p><iframe id=\"gform_ajax_frame_4\" style=\"display: none; width: 0px; height: 0px;\" title=\"Esse iframe cont\u00e9m a l\u00f3gica necess\u00e1ria para lidar com Gravity Forms acionados por Ajax.\" src=\"about:blank\" name=\"gform_ajax_frame_4\"><\/iframe><\/p>","protected":false},"excerpt":{"rendered":"<p>Garantindo o acesso Desde o acesso por corda at\u00e9 sistemas aut\u00f4nomos, nossa capacidade de fornecer acesso proporciona a flexibilidade e a efici\u00eancia de que voc\u00ea precisa para atender aos seus requisitos de inspe\u00e7\u00e3o. Coletamos dados de forma segura e oportuna para garantir que voc\u00ea possa tomar decis\u00f5es informadas sobre a integridade de seus ativos, independentemente da localiza\u00e7\u00e3o. Acesso por corda Nosso sistema globalmente implantado ... <a title=\"Garantia de acesso\" class=\"read-more\" href=\"https:\/\/www.oceaneering.com\/pt\/asset-integrity-management\/inspection\/ensuring-access\/\" aria-label=\"Leia mais sobre Como garantir o acesso\">Leia mais<\/a><\/p>","protected":false},"author":20,"featured_media":0,"parent":59820,"menu_order":76,"comment_status":"closed","ping_status":"closed","template":"","meta":{"_acf_changed":false,"footnotes":"","_links_to":"","_links_to_target":""},"product_category":[1205,1206],"search_tags":[1800,1367],"class_list":["post-61138","page","type-page","status-publish","product_category-asset-integrity-management","product_category-in-service-inspection","search_tags-asset-integrity","search_tags-inspection"],"acf":[],"aioseo_notices":[],"_links":{"self":[{"href":"https:\/\/www.oceaneering.com\/pt\/wp-json\/wp\/v2\/pages\/61138","targetHints":{"allow":["GET"]}}],"collection":[{"href":"https:\/\/www.oceaneering.com\/pt\/wp-json\/wp\/v2\/pages"}],"about":[{"href":"https:\/\/www.oceaneering.com\/pt\/wp-json\/wp\/v2\/types\/page"}],"author":[{"embeddable":true,"href":"https:\/\/www.oceaneering.com\/pt\/wp-json\/wp\/v2\/users\/20"}],"replies":[{"embeddable":true,"href":"https:\/\/www.oceaneering.com\/pt\/wp-json\/wp\/v2\/comments?post=61138"}],"version-history":[{"count":1,"href":"https:\/\/www.oceaneering.com\/pt\/wp-json\/wp\/v2\/pages\/61138\/revisions"}],"predecessor-version":[{"id":79312,"href":"https:\/\/www.oceaneering.com\/pt\/wp-json\/wp\/v2\/pages\/61138\/revisions\/79312"}],"up":[{"embeddable":true,"href":"https:\/\/www.oceaneering.com\/pt\/wp-json\/wp\/v2\/pages\/59820"}],"wp:attachment":[{"href":"https:\/\/www.oceaneering.com\/pt\/wp-json\/wp\/v2\/media?parent=61138"}],"wp:term":[{"taxonomy":"product_category","embeddable":true,"href":"https:\/\/www.oceaneering.com\/pt\/wp-json\/wp\/v2\/product_category?post=61138"},{"taxonomy":"search_tags","embeddable":true,"href":"https:\/\/www.oceaneering.com\/pt\/wp-json\/wp\/v2\/search_tags?post=61138"}],"curies":[{"name":"wp","href":"https:\/\/api.w.org\/{rel}","templated":true}]}}